{"id":43,"date":"2011-06-30T15:59:26","date_gmt":"2011-06-30T15:59:26","guid":{"rendered":"http:\/\/www.ffyh.unc.edu.ar\/cda\/?page_id=43"},"modified":"2019-06-13T16:01:50","modified_gmt":"2019-06-13T16:01:50","slug":"base-de-datos","status":"publish","type":"page","link":"https:\/\/ffyh.unc.edu.ar\/cda\/servicios\/base-de-datos\/","title":{"rendered":"Base de Datos"},"content":{"rendered":"<p><span style=\"color: #ffffff\">o<\/span><\/p>\n<p style=\"text-align: center\"><img loading=\"lazy\" decoding=\"async\" class=\"aligncenter size-full wp-image-1330\" title=\"base de deaatos 2\" src=\"http:\/\/ffyh.unc.edu.ar\/cda\/wp-content\/uploads\/sites\/6\/2011\/06\/base-de-deaatos-21.jpg\" alt=\"\" width=\"730\" height=\"37\" srcset=\"https:\/\/ffyh.unc.edu.ar\/cda\/wp-content\/uploads\/sites\/6\/2011\/06\/base-de-deaatos-21.jpg 912w, https:\/\/ffyh.unc.edu.ar\/cda\/wp-content\/uploads\/sites\/6\/2011\/06\/base-de-deaatos-21-300x15.jpg 300w, https:\/\/ffyh.unc.edu.ar\/cda\/wp-content\/uploads\/sites\/6\/2011\/06\/base-de-deaatos-21-768x39.jpg 768w, https:\/\/ffyh.unc.edu.ar\/cda\/wp-content\/uploads\/sites\/6\/2011\/06\/base-de-deaatos-21-430x22.jpg 430w\" sizes=\"(max-width: 730px) 100vw, 730px\" \/><\/p>\n<p>La base de datos del CDA 10 permite acceder f\u00e1cilmente a la informaci\u00f3n \u00a0sobre las noticias del Archivo F\u00edlmico Documental Canal 10 y realizar b\u00fasquedas espec\u00edficas. Ha sido dise\u00f1ada al efecto con el programa MicroIsis-WinIsis desarrollado por la UNESCO.<\/p>\n<p style=\"text-align: justify\">En la base de datos se documentan sistem\u00e1ticamente los resultados del proceso de visionado y an\u00e1lisis de las noticias transferidas a video. Para documentar esos resultados en los registros de la base se emplea un listado de t\u00e9rminos descriptores (Tesauro) especialmente desarrollado para este fin.<\/p>\n<p style=\"text-align: justify\">El dise\u00f1o de la base y el tesauro permiten acceder a los datos por diversas v\u00edas. Por ejemplo, a trav\u00e9s del diccionario de t\u00e9rminos descriptores e identificadores (temas, eventos, nombres propios, siglas, agencias de noticias, etc); por campos (ej. fecha, n\u00b0 de cassette, etc.) mediante la asociaci\u00f3n de t\u00e9rminos y campos (ej.: C\u00f3rdoba+Partidos Pol\u00edticos,\u00a0 Fecha+Educaci\u00f3n); entre otros.<\/p>\n<p style=\"text-align: justify\"><img loading=\"lazy\" decoding=\"async\" class=\"aligncenter size-full wp-image-1455\" title=\"Pie Pel\u00edcula\" src=\"http:\/\/ffyh.unc.edu.ar\/cda\/wp-content\/uploads\/sites\/6\/2011\/09\/Pie-Pel\u00edcula2.jpg\" alt=\"\" width=\"960\" height=\"46\" srcset=\"https:\/\/ffyh.unc.edu.ar\/cda\/wp-content\/uploads\/sites\/6\/2011\/09\/Pie-Pel\u00edcula2.jpg 960w, https:\/\/ffyh.unc.edu.ar\/cda\/wp-content\/uploads\/sites\/6\/2011\/09\/Pie-Pel\u00edcula2-300x14.jpg 300w, https:\/\/ffyh.unc.edu.ar\/cda\/wp-content\/uploads\/sites\/6\/2011\/09\/Pie-Pel\u00edcula2-768x37.jpg 768w, https:\/\/ffyh.unc.edu.ar\/cda\/wp-content\/uploads\/sites\/6\/2011\/09\/Pie-Pel\u00edcula2-430x21.jpg 430w, https:\/\/ffyh.unc.edu.ar\/cda\/wp-content\/uploads\/sites\/6\/2011\/09\/Pie-Pel\u00edcula2-950x46.jpg 950w\" sizes=\"(max-width: 960px) 100vw, 960px\" \/><\/p>\n","protected":false},"excerpt":{"rendered":"<p>o La base de datos del CDA 10 permite acceder f\u00e1cilmente a la informaci\u00f3n \u00a0sobre las noticias del Archivo F\u00edlmico Documental Canal 10 y realizar b\u00fasquedas espec\u00edficas. Ha sido dise\u00f1ada &hellip; <\/p>\n","protected":false},"author":10,"featured_media":1330,"parent":12,"menu_order":0,"comment_status":"closed","ping_status":"closed","template":"page_full.php","meta":{"_acf_changed":false,"saved_in_kubio":false,"footnotes":""},"class_list":["post-43","page","type-page","status-publish","has-post-thumbnail","hentry"],"acf":[],"kubio_ai_page_context":{"short_desc":"","purpose":"general"},"_links":{"self":[{"href":"https:\/\/ffyh.unc.edu.ar\/cda\/wp-json\/wp\/v2\/pages\/43","targetHints":{"allow":["GET"]}}],"collection":[{"href":"https:\/\/ffyh.unc.edu.ar\/cda\/wp-json\/wp\/v2\/pages"}],"about":[{"href":"https:\/\/ffyh.unc.edu.ar\/cda\/wp-json\/wp\/v2\/types\/page"}],"author":[{"embeddable":true,"href":"https:\/\/ffyh.unc.edu.ar\/cda\/wp-json\/wp\/v2\/users\/10"}],"replies":[{"embeddable":true,"href":"https:\/\/ffyh.unc.edu.ar\/cda\/wp-json\/wp\/v2\/comments?post=43"}],"version-history":[{"count":1,"href":"https:\/\/ffyh.unc.edu.ar\/cda\/wp-json\/wp\/v2\/pages\/43\/revisions"}],"predecessor-version":[{"id":3887,"href":"https:\/\/ffyh.unc.edu.ar\/cda\/wp-json\/wp\/v2\/pages\/43\/revisions\/3887"}],"up":[{"embeddable":true,"href":"https:\/\/ffyh.unc.edu.ar\/cda\/wp-json\/wp\/v2\/pages\/12"}],"wp:featuredmedia":[{"embeddable":true,"href":"https:\/\/ffyh.unc.edu.ar\/cda\/wp-json\/wp\/v2\/media\/1330"}],"wp:attachment":[{"href":"https:\/\/ffyh.unc.edu.ar\/cda\/wp-json\/wp\/v2\/media?parent=43"}],"curies":[{"name":"wp","href":"https:\/\/api.w.org\/{rel}","templated":true}]}}