{"id":576,"date":"2011-07-26T16:32:50","date_gmt":"2011-07-26T16:32:50","guid":{"rendered":"http:\/\/www.ffyh.unc.edu.ar\/cda\/?page_id=576"},"modified":"2011-07-26T16:32:50","modified_gmt":"2011-07-26T16:32:50","slug":"f","status":"publish","type":"page","link":"https:\/\/ffyh.unc.edu.ar\/cda\/servicios\/indice\/f\/","title":{"rendered":"F"},"content":{"rendered":"<p>1\u00a0 FABIANI<\/p>\n<p>1\u00a0 FABIOLA<\/p>\n<p>11\u00a0 FABREGA MOYANO<\/p>\n<p>2\u00a0 FAGES, LUIS JAVIER<\/p>\n<p>1\u00a0 FAHMI<\/p>\n<p>1\u00a0 FAIRIA, MARCELO<\/p>\n<p>3\u00a0 FAISAL<\/p>\n<p>1\u00a0 FAJARDO, RODOLFO<\/p>\n<p>1\u00a0 FALECH, RICARDO<\/p>\n<p>5\u00a0 FALFAN<\/p>\n<p>1\u00a0 FALLA, MANUEL DE\u00a0\u00a0 -MUSEO<\/p>\n<p>5\u00a0 FAL\u00da, EDUARDO<\/p>\n<p>1\u00a0 FALUQUE<\/p>\n<p>1\u00a0 FANANI<\/p>\n<p>5\u00a0 FANGIO, JUAN MANUEL<\/p>\n<p>1\u00a0 FANTINI, MAURICIO<\/p>\n<p>4\u00a0 FARAH DIBA<\/p>\n<p>1\u00a0 FARGUET, JAIME<\/p>\n<p>1\u00a0 FARIAS, MARCELO<\/p>\n<p>1\u00a0 FARINA, ANA MARIA DE<\/p>\n<p>1\u00a0 FARINA, CARLOS<\/p>\n<p>1\u00a0 FAROUK<\/p>\n<p>1\u00a0 FARRONI, IRMA<\/p>\n<p>1\u00a0 FATALA, MANIR<\/p>\n<p>1\u00a0 FAURE<\/p>\n<p>1\u00a0 FAUTARIO, H\u00c9CTOR<\/p>\n<p>1\u00a0 FAUZI, MAHMUD<\/p>\n<p>8\u00a0 FAVALORO, RENE<\/p>\n<p>1\u00a0 FAVARON, EVESIO<\/p>\n<p>2\u00a0 FAVIO, LEONARDO<\/p>\n<p>1\u00a0 FAVRE, RA\u00daL<\/p>\n<p>3\u00a0 FEDERICO, MART\u00cdN<\/p>\n<p>1\u00a0 FEDORENKO<\/p>\n<p>3\u00a0 FELDMAN, SIM\u00d3N<\/p>\n<p>2\u00a0 FELIPE DE EDIMBURGO<\/p>\n<p>4\u00a0 FELIPE, PR\u00cdNCIPE<\/p>\n<p>5\u00a0 FERN\u00c1NDEZ<\/p>\n<p>1\u00a0 FERNANDEZ DE MONJARDIN DE MAGG<\/p>\n<p>1\u00a0 FERN\u00c1NDEZ MENDI<\/p>\n<p>1\u00a0 FERN\u00c1NDEZ ORD\u00d3\u00d1EZ<\/p>\n<p>1\u00a0 FERN\u00c1NDEZ, ANTONIO<\/p>\n<p>1\u00a0 FERN\u00c1NDEZ, GUILLERMO<\/p>\n<p>1\u00a0 FERN\u00c1NDEZ, HERMINIA DE<\/p>\n<p>1\u00a0 FERN\u00c1NDEZ, LEANDRO<\/p>\n<p>1\u00a0 FERPOZZI, CARLOS<\/p>\n<p>1\u00a0 FERRANTES, CESAR<\/p>\n<p>1\u00a0 FERRARI, GRACIELA<\/p>\n<p>1\u00a0 FERRARI, IVO<\/p>\n<p>1\u00a0 FERRARI, JOS\u00c9<\/p>\n<p>1\u00a0 FERRARI, MARTHA DE<\/p>\n<p>1\u00a0 FERRAS, RA\u00daL<\/p>\n<p>1\u00a0 FERRAZZANO<\/p>\n<p>1\u00a0 FERREIRA ALDUNATE<\/p>\n<p>1\u00a0 FERREIRA, FERNANDO ALBERTO<\/p>\n<p>1\u00a0 FERRER<\/p>\n<p>58\u00a0 FERRER DEHEZA, MIGUEL \u00c1NGEL<\/p>\n<p>11\u00a0 FERRER, ALDO<\/p>\n<p>1\u00a0 FERRER, MANUEL A.<\/p>\n<p>1\u00a0 FERRER, MERCEDES<\/p>\n<p>2\u00a0 FERRERO<\/p>\n<p>1\u00a0 FERRERO, ENZO<\/p>\n<p>1\u00a0 FERRERO, HIP\u00d3LITO<\/p>\n<p>3\u00a0 FERREYRA<\/p>\n<p>4\u00a0 FERREYRA ALDUNATE, WILSON<\/p>\n<p>15\u00a0 FERREYRA, EDGARD A.<\/p>\n<p>2\u00a0 FERREYRA, FELIPE<\/p>\n<p>1\u00a0 FERREYRA, FERNANDO ALBERTO<\/p>\n<p>1\u00a0 FERREYRA, FRANCISCO<\/p>\n<p>1\u00a0 FERREYRA, GUILLERMO<\/p>\n<p>1\u00a0 FERREYRA, INDALECIO<\/p>\n<p>1\u00a0 FERREYRA, LUIS<\/p>\n<p>1\u00a0 FERREYRA, MARCOS<\/p>\n<p>15\u00a0 FERREYRA, RA\u00daL<\/p>\n<p>1\u00a0 FERREYRA, RAFAEL<\/p>\n<p>1\u00a0 FERRO SASSAREGO, ALBERTO N.<\/p>\n<p>3\u00a0 FESSIA, CARLOS<\/p>\n<p>1\u00a0 FIERRO, IRMA<\/p>\n<p>4\u00a0 FIGUEREDO<\/p>\n<p>1\u00a0 FIGUEREDO, JOS\u00c9<\/p>\n<p>1\u00a0 FIGUEREDO, PABLO O.<\/p>\n<p>1\u00a0 FIGUERES, JOS\u00c9<\/p>\n<p>1\u00a0 FIGUEROA REYES, HERN\u00c1N<\/p>\n<p>1\u00a0 FIGUEROA, HUGO<\/p>\n<p>1\u00a0 FIGUEROA, MANUEL WALTER<\/p>\n<p>1\u00a0 FILIPPI<\/p>\n<p>1\u00a0 FILLOUX<\/p>\n<p>3\u00a0 FILLOY, JUAN<\/p>\n<p>1\u00a0 FINOCHIETTI<\/p>\n<p>44\u00a0 FINOCHIETTI, ENRIQUE<\/p>\n<p>1\u00a0 FIORA<\/p>\n<p>12\u00a0 FIRMENICH, MARIO EDUARDO<\/p>\n<p>1\u00a0 FISHER, BOBBY<\/p>\n<p>1\u00a0 FISHER, ILSE<\/p>\n<p>3\u00a0 FITA, TANIA A\u00cdDA<\/p>\n<p>1\u00a0 FITTIPALDI, EMERSON<\/p>\n<p>1\u00a0 FLANDRIA<\/p>\n<p>1\u00a0 FLAURET<\/p>\n<p>1\u00a0 FLESIA, FEDERICO<\/p>\n<p>3\u00a0 FLORES<\/p>\n<p>2\u00a0 FLORES ZARATE, BLAS D.<\/p>\n<p>2\u00a0 FLORES, GREGORIO<\/p>\n<p>2\u00a0 FLORES, MIGUEL<\/p>\n<p>1\u00a0 FLOURET, EMILIANO<\/p>\n<p>1\u00a0 FOGLIA<\/p>\n<p>1\u00a0 FOGLIA, MARIA ELENA<\/p>\n<p>2\u00a0 FONROUGE, ALBERTO<\/p>\n<p>1\u00a0 FONSECA, SAMUEL<\/p>\n<p>9\u00a0 FONTAN, JUAN CARLOS<\/p>\n<p>4\u00a0 FONTANA, CACHO<\/p>\n<p>1\u00a0 FORCATO, EDUARDO<\/p>\n<p>1\u00a0 FORD II, HENRRY<\/p>\n<p>7\u00a0 FORD, GERALD<\/p>\n<p>4\u00a0 FOREMAN<\/p>\n<p>1\u00a0 FORMENTO, MARIO<\/p>\n<p>1\u00a0 FORMIDERI<\/p>\n<p>1\u00a0 FORNI<\/p>\n<p>1\u00a0 FORT BENNING<\/p>\n<p>1\u00a0 FORTE, VICENTE<\/p>\n<p>2\u00a0 FOURCADE, CARLOS<\/p>\n<p>3\u00a0 FOURCADE, ENRIQUE<\/p>\n<p>2\u00a0 FOURCADE, RA\u00daL<\/p>\n<p>3\u00a0 FRAGUEIRO, JOS\u00c9 MARIA<\/p>\n<p>3\u00a0 FRAIRE ALARC\u00d3N, OSVALDO ALCIDE<\/p>\n<p>2\u00a0 FRAMINI, ANDR\u00c9S<\/p>\n<p>1\u00a0 FRANCISCO I<\/p>\n<p>1\u00a0 FRANCO<\/p>\n<p>4\u00a0 FRANCO, DIEGO<\/p>\n<p>4\u00a0 FRANCO, FRANCISCO<\/p>\n<p>3\u00a0 FRANCO, MARCIAL<\/p>\n<p>2\u00a0 FRANCO, SALUSTIANO<\/p>\n<p>1\u00a0 FRANI, CESAR<\/p>\n<p>1\u00a0 FRANKLIN, BEN<\/p>\n<p>1\u00a0 FRANZEN<\/p>\n<p>1\u00a0 FRAVEGA, OSCAR<\/p>\n<p>2\u00a0 FRAZIER, JOE<\/p>\n<p>8\u00a0 FREI, EDUARDO<\/p>\n<p>1\u00a0 FREITES ALONSO, AN\u00cdBAL<\/p>\n<p>1\u00a0 FREYRE, JOS\u00c9 MARIA<\/p>\n<p>3\u00a0 FRIAS, PEDRO J.<\/p>\n<p>1\u00a0 FRIDMAN<\/p>\n<p>1\u00a0 FRIEDLAINDER, J.<\/p>\n<p>3\u00a0 FRIGERIO, ROGELIO<\/p>\n<p>2\u00a0 FRISHNECHT<\/p>\n<p>1\u00a0 FRISHNET<\/p>\n<p>26\u00a0 FRONDIZI, ARTURO<\/p>\n<p>1\u00a0 FRONDIZI, ARTURO -BUSTO DE<\/p>\n<p>1\u00a0 FRONDIZI, TOMAS<\/p>\n<p>1\u00a0 FRONDIZI, SILVIO \u2013ASESINATO DE<\/p>\n<p>1\u00a0 FUGO DE CERRICHO, \u00c1NGELA<\/p>\n<p>1\u00a0 FUMERO, AUGUSTO MARCELINO<\/p>\n<p>1\u00a0 FUNES<\/p>\n<p>3\u00a0 FUNES, ANTOLIN<\/p>\n<p>1\u00a0 FUNES, CARLOS<\/p>\n<p>1\u00a0 FUNKEL<\/p>\n<p>6\u00a0 FURLAN, SIM\u00d3N<\/p>\n<p>1\u00a0 FUSH,<\/p>\n<p>1\u00a0 FUSTINONI, EDUARDO<\/p>\n<p>3\u00a0 FUX, MARIA<\/p>\n<p><span style=\"color: #ffffff\">o<\/span><\/p>\n<h1 style=\"text-align: left\" align=\"right\"><a title=\"A\" href=\"http:\/\/www.ffyh.unc.edu.ar\/cda\/?page_id=531\">A<\/a>\u00a0<a title=\"B\" href=\"http:\/\/www.ffyh.unc.edu.ar\/cda\/?page_id=553\">B<\/a>\u00a0<a title=\"C\" href=\"http:\/\/www.ffyh.unc.edu.ar\/cda\/?page_id=563\">C<\/a>\u00a0<a title=\"D\" href=\"http:\/\/www.ffyh.unc.edu.ar\/cda\/?page_id=568\">D<\/a>\u00a0<a title=\"E\" href=\"http:\/\/www.ffyh.unc.edu.ar\/cda\/?page_id=573\">E<\/a>\u00a0<a title=\"F\" href=\"http:\/\/www.ffyh.unc.edu.ar\/cda\/?page_id=576\">F<\/a>\u00a0<a title=\"G\" href=\"http:\/\/www.ffyh.unc.edu.ar\/cda\/?page_id=579\">G<\/a>\u00a0<a title=\"H\" href=\"http:\/\/www.ffyh.unc.edu.ar\/cda\/?page_id=585\">H<\/a>\u00a0<a title=\"I\" href=\"http:\/\/www.ffyh.unc.edu.ar\/cda\/?page_id=588\">I<\/a>\u00a0<a title=\"J\" href=\"http:\/\/www.ffyh.unc.edu.ar\/cda\/?page_id=591\">J<\/a>\u00a0<a title=\"K\" href=\"http:\/\/www.ffyh.unc.edu.ar\/cda\/?page_id=596\">K<\/a>\u00a0<a title=\"L\" href=\"http:\/\/www.ffyh.unc.edu.ar\/cda\/?page_id=599\">L<\/a>\u00a0<a title=\"M\" href=\"http:\/\/www.ffyh.unc.edu.ar\/cda\/?page_id=607\">M<\/a>\u00a0<a title=\"N\" href=\"http:\/\/www.ffyh.unc.edu.ar\/cda\/?page_id=610\">N<\/a>\u00a0<a title=\"O\" href=\"http:\/\/www.ffyh.unc.edu.ar\/cda\/?page_id=614\">O<\/a><a title=\"P\" href=\"http:\/\/www.ffyh.unc.edu.ar\/cda\/?page_id=617\"> P<\/a>\u00a0<a title=\"Q\" href=\"http:\/\/www.ffyh.unc.edu.ar\/cda\/?page_id=620\">Q<\/a>\u00a0<a title=\"R\" href=\"http:\/\/www.ffyh.unc.edu.ar\/cda\/?page_id=623\">R<\/a>\u00a0<a title=\"S\" href=\"http:\/\/www.ffyh.unc.edu.ar\/cda\/?page_id=626\">S<\/a>\u00a0<a title=\"T\" href=\"http:\/\/www.ffyh.unc.edu.ar\/cda\/?page_id=629\">T<\/a>\u00a0<a title=\"U\" href=\"http:\/\/www.ffyh.unc.edu.ar\/cda\/?page_id=632\">U<\/a>\u00a0<a title=\"V\" href=\"http:\/\/www.ffyh.unc.edu.ar\/cda\/?page_id=637\">V<\/a>\u00a0<a title=\"W\" href=\"http:\/\/www.ffyh.unc.edu.ar\/cda\/?page_id=640\">W<\/a>\u00a0<a title=\"Y\" href=\"http:\/\/www.ffyh.unc.edu.ar\/cda\/?page_id=645\">Y<\/a>\u00a0<a title=\"Z\" href=\"http:\/\/www.ffyh.unc.edu.ar\/cda\/?page_id=650\">Z<\/a><\/h1>\n","protected":false},"excerpt":{"rendered":"<p>1\u00a0 FABIANI 1\u00a0 FABIOLA 11\u00a0 FABREGA MOYANO 2\u00a0 FAGES, LUIS JAVIER 1\u00a0 FAHMI 1\u00a0 FAIRIA, MARCELO 3\u00a0 FAISAL 1\u00a0 FAJARDO, RODOLFO 1\u00a0 FALECH, RICARDO 5\u00a0 FALFAN 1\u00a0 FALLA, MANUEL DE\u00a0\u00a0 &hellip; <\/p>\n","protected":false},"author":10,"featured_media":0,"parent":64,"menu_order":0,"comment_status":"closed","ping_status":"closed","template":"page_full.php","meta":{"_acf_changed":false,"footnotes":""},"class_list":["post-576","page","type-page","status-publish","hentry"],"acf":[],"_links":{"self":[{"href":"https:\/\/ffyh.unc.edu.ar\/cda\/wp-json\/wp\/v2\/pages\/576","targetHints":{"allow":["GET"]}}],"collection":[{"href":"https:\/\/ffyh.unc.edu.ar\/cda\/wp-json\/wp\/v2\/pages"}],"about":[{"href":"https:\/\/ffyh.unc.edu.ar\/cda\/wp-json\/wp\/v2\/types\/page"}],"author":[{"embeddable":true,"href":"https:\/\/ffyh.unc.edu.ar\/cda\/wp-json\/wp\/v2\/users\/10"}],"replies":[{"embeddable":true,"href":"https:\/\/ffyh.unc.edu.ar\/cda\/wp-json\/wp\/v2\/comments?post=576"}],"version-history":[{"count":0,"href":"https:\/\/ffyh.unc.edu.ar\/cda\/wp-json\/wp\/v2\/pages\/576\/revisions"}],"up":[{"embeddable":true,"href":"https:\/\/ffyh.unc.edu.ar\/cda\/wp-json\/wp\/v2\/pages\/64"}],"wp:attachment":[{"href":"https:\/\/ffyh.unc.edu.ar\/cda\/wp-json\/wp\/v2\/media?parent=576"}],"curies":[{"name":"wp","href":"https:\/\/api.w.org\/{rel}","templated":true}]}}