{"id":607,"date":"2011-07-28T01:57:00","date_gmt":"2011-07-28T01:57:00","guid":{"rendered":"http:\/\/www.ffyh.unc.edu.ar\/cda\/?page_id=607"},"modified":"2011-07-28T01:57:00","modified_gmt":"2011-07-28T01:57:00","slug":"m","status":"publish","type":"page","link":"https:\/\/ffyh.unc.edu.ar\/cda\/servicios\/indice\/m\/","title":{"rendered":"M"},"content":{"rendered":"<p>1\u00a0 MAC KINLEY<\/p>\n<p>1\u00a0 MAC LOUGHLIN<\/p>\n<p>4\u00a0 MAC NAMARA<\/p>\n<p>1\u00a0 MACAGNO<\/p>\n<p>5\u00a0 MACHADO, ADRI\u00c1N<\/p>\n<p>1\u00a0 MADEO, EDUARDO<\/p>\n<p>1\u00a0 MADRUGA, NORBERTO<\/p>\n<p>2\u00a0 MAESTRE, JUAN PABLO<\/p>\n<p>1\u00a0 MAGALLANES, R. A.<\/p>\n<p>1\u00a0 MAGDALENA<\/p>\n<p>1\u00a0 MAGGIO, JULIO ROQUE<\/p>\n<p>1\u00a0 MAGIARENA, PASTOR<\/p>\n<p>1\u00a0 MAGUID<\/p>\n<p>4\u00a0 MAHARBIZ, JULIO<\/p>\n<p>2\u00a0 MAIDANA<\/p>\n<p>1\u00a0 MAIZANI, AZUCENA<\/p>\n<p>2\u00a0 MAIZTEGUI, ALBERTO P.<\/p>\n<p>3\u00a0 MAKARIOS<\/p>\n<p>1\u00a0 MALAMUD, LILIANA<\/p>\n<p>7\u00a0 MALANCA, JOS\u00c9<\/p>\n<p>1\u00a0 MALANCA, ALICIA<\/p>\n<p>1\u00a0 MALCUZYNSKI, WITOLD<\/p>\n<p>1\u00a0 MALDONADO<\/p>\n<p>1\u00a0 MALDONADO BAS, JOS\u00c9<\/p>\n<p>1\u00a0 MALDONADO GONZ\u00c1LEZ, SILVIA<\/p>\n<p>1\u00a0 MALDONADO, ALBERTO<\/p>\n<p>3\u00a0 MALDONADO, CALIXTO<\/p>\n<p>1\u00a0 MALDONADO, DANIEL A.<\/p>\n<p>3\u00a0 MALDONADO, JORGE<\/p>\n<p>13\u00a0 MALEK<\/p>\n<p>15\u00a0 MALEK, GUSTAVO<\/p>\n<p>1\u00a0 MALEM, LILIANA<\/p>\n<p>1\u00a0 MALIK<\/p>\n<p>1\u00a0 MALINOVSKY<\/p>\n<p>1\u00a0 MALKUZINSKY<\/p>\n<p>1\u00a0 MALTESE<\/p>\n<p>2\u00a0 MALVAR, JUAN<\/p>\n<p>1\u00a0 MANCERA, NICOL\u00c1S<\/p>\n<p>1\u00a0 MANCO<\/p>\n<p>1\u00a0 MANDELA, NELSON<\/p>\n<p>1\u00a0 MANDEZ, ERNESTO<\/p>\n<p>1\u00a0 MANFREDI<\/p>\n<p>4\u00a0 MANFREDI, SANTOS<\/p>\n<p>1\u00a0 MANOUKIAN<\/p>\n<p>1\u00a0 MANRIQUE<\/p>\n<p>62\u00a0 MANRIQUE, FRANCISCO<\/p>\n<p>1\u00a0 MANSILLA<\/p>\n<p>1\u00a0 MANSILLA, RODOLFO<\/p>\n<p>1\u00a0 MANSON, CHARLES<\/p>\n<p>1\u00a0 MANZANERO, ARMANDO<\/p>\n<p>1\u00a0 MANZUR<\/p>\n<p>5\u00a0 MANZUR, \u00c1NGEL<\/p>\n<p>1\u00a0 MARA, OSCAR<\/p>\n<p>3\u00a0 MARADONA, JORGE ALBERTO<\/p>\n<p>2\u00a0 MARCATTINI<\/p>\n<p>1\u00a0 MARCATTINI RODR\u00cdGUEZ<\/p>\n<p>2\u00a0 MARCH, A.<\/p>\n<p>3\u00a0 MARCHI, \u00c1NGEL DANTE<\/p>\n<p>1\u00a0 MARCHISIO<\/p>\n<p>3\u00a0 MARCIANO, ROCKY<\/p>\n<p>1\u00a0 MARCO<\/p>\n<p>1\u00a0 MARCO DEL PONT<\/p>\n<p>1\u00a0 MARCO, EDUARDO<\/p>\n<p>1\u00a0 MARCONI, ORLANDO<\/p>\n<p>1\u00a0 MARCOS<\/p>\n<p>1\u00a0 MARECHAL, LEOPOLDO<\/p>\n<p>1\u00a0 MARECO, JUAN C.<\/p>\n<p>2\u00a0 MARELLI<\/p>\n<p>1\u00a0 MARELO<\/p>\n<p>1\u00a0 MARFORD<\/p>\n<p>1\u00a0 MARGARITA, PRINCESA<\/p>\n<p>1\u00a0 MARIANI<\/p>\n<p>2\u00a0 MARIAS, JULI\u00c1N<\/p>\n<p>1\u00a0 MARICH<\/p>\n<p>1\u00a0 MARICOVICH<\/p>\n<p>1\u00a0 MARIMON, ANTONIO<\/p>\n<p>1\u00a0 MARIN<\/p>\n<p>3\u00a0 MARINI, MIGUEL \u00c1NGEL<\/p>\n<p>1\u00a0 MARINO<\/p>\n<p>1\u00a0 MARMAY<\/p>\n<p>1\u00a0 M\u00c1RQUEZ<\/p>\n<p>1\u00a0 M\u00c1RQUEZ ALONSO<\/p>\n<p>1\u00a0 M\u00c1RQUEZ ALONSO, GUILLERMO<\/p>\n<p>1\u00a0 M\u00c1RQUEZ ALONSO, RA\u00daL<\/p>\n<p>1\u00a0 MARQUES DE SOBREMONTE \u2013HOMENAJE<\/p>\n<p>2\u00a0 MARRONE<\/p>\n<p>1\u00a0 MARSHALL, NINI<\/p>\n<p>1\u00a0 MARSO, JULIO<\/p>\n<p>5\u00a0 MARTELLOTTO, ALFREDO HORACIO<\/p>\n<p>1\u00a0 MARTI<\/p>\n<p>7\u00a0 MARTIARENA, HUMBERTO<\/p>\n<p>1\u00a0 MART\u00cdN<\/p>\n<p>1\u00a0 MART\u00cdN, EDWIN<\/p>\n<p>1\u00a0 MART\u00cdN, MARIA ROSA<\/p>\n<p>1\u00a0 MART\u00cdNEZ<\/p>\n<p>1\u00a0 MART\u00cdNEZ CASAS<\/p>\n<p>1\u00a0 MART\u00cdNEZ CASAS, CARLOS<\/p>\n<p>1\u00a0 MART\u00cdNEZ CASAS, M<\/p>\n<p>10\u00a0 MART\u00cdNEZ DE HOZ, JOS\u00c9 ALFREDO<\/p>\n<p>65\u00a0 MART\u00cdNEZ DE PER\u00d3N, MARIA ESTELA o PER\u00d3N, MAR\u00cdA ESTELA MART\u00cdNEZ DE<\/p>\n<p>2\u00a0 MART\u00cdNEZ FERREIRA, JORGE<\/p>\n<p>12\u00a0 MART\u00cdNEZ GOLETTI, LUIS EDUARDO<\/p>\n<p>1\u00a0 MART\u00cdNEZ LUQUE<\/p>\n<p>1\u00a0 MART\u00cdNEZ LUQUE, ENRIQUE<\/p>\n<p>1\u00a0 MART\u00cdNEZ MORENO<\/p>\n<p>3\u00a0 MART\u00cdNEZ PAZ<\/p>\n<p>1\u00a0 MART\u00cdNEZ PAZ, ENRIQUE<\/p>\n<p>3\u00a0 MART\u00cdNEZ PAZ, FERNANDO<\/p>\n<p>1\u00a0 MART\u00cdNEZ PAZ, ROGELIO<\/p>\n<p>1\u00a0 MART\u00cdNEZ RIADIGOS<\/p>\n<p>1\u00a0 MART\u00cdNEZ SEGOVIA<\/p>\n<p>1\u00a0 MART\u00cdNEZ TECO<\/p>\n<p>4\u00a0 MART\u00cdNEZ THOMPSON, JORGE EDUARDO<\/p>\n<p>2\u00a0 MART\u00cdNEZ ZUVIRIA<\/p>\n<p>14\u00a0 MART\u00cdNEZ ZUVIRIA, JORGE<\/p>\n<p>2\u00a0 MART\u00cdNEZ, ALFREDO<\/p>\n<p>1\u00a0 MART\u00cdNEZ, DIEGO<\/p>\n<p>7\u00a0 MART\u00cdNEZ, EZEQUIEL<\/p>\n<p>1\u00a0 MART\u00cdNEZ, LIVIO<\/p>\n<p>1\u00a0 MART\u00cdNEZ, MARTA<\/p>\n<p>1\u00a0 MART\u00cdNEZ, R.<\/p>\n<p>1\u00a0 MART\u00cdNEZ, ROGELIO \u2013HOMENAJE A<\/p>\n<p>1\u00a0 MART\u00cdNEZ, SILVERIO<\/p>\n<p>2\u00a0 MART\u00cdNEZ, TORCUATO<\/p>\n<p>47\u00a0 MART\u00cdNEZ, V\u00cdCTOR<\/p>\n<p>8\u00a0 MARTINI, ALFREDO<\/p>\n<p>1\u00a0 MARTINIANO C\u00c1CERES, LUIS<\/p>\n<p>1\u00a0 MARTINIZO, FRANCISCO JOS\u00c9<\/p>\n<p>2\u00a0 MARTINS<\/p>\n<p>1\u00a0 MARTINS, N\u00c9STOR<\/p>\n<p>1\u00a0 MARULL, MANUEL<\/p>\n<p>1\u00a0 MARULL, MARIANO<\/p>\n<p>1\u00a0 MARX, CARLOS\u00a0 -MUSEO<\/p>\n<p>1\u00a0 MARX, CARLOS\u00a0 -LIBROS<\/p>\n<p>1\u00a0 MAS, OSCAR<\/p>\n<p>8\u00a0 MASERA, CARLOS<\/p>\n<p>2\u00a0 MASJOAN<\/p>\n<p>1\u00a0 MASJUAN<\/p>\n<p>1\u00a0 MASS<\/p>\n<p>11\u00a0 MASSERA, EMILIO E.<\/p>\n<p>1\u00a0 MASTRANGELO<\/p>\n<p>1\u00a0 MASTRASIMONE<\/p>\n<p>1\u00a0 MASTRONARDI, ARCENIO<\/p>\n<p>1\u00a0 MATARAZZO, MICHEL<\/p>\n<p>1\u00a0 MATASSI<\/p>\n<p>1\u00a0 MATELLET, EDUARDO<\/p>\n<p>2\u00a0 MATERA, RA\u00daL<\/p>\n<p>1\u00a0 MATTERA, LUIS<\/p>\n<p>1\u00a0 MATURANA<\/p>\n<p>1\u00a0 MAUBECIN<\/p>\n<p>1\u00a0 MAURICIO, JULIO<\/p>\n<p>1\u00a0 MAX, RA\u00daL MATEO<\/p>\n<p>7\u00a0 MAXIMO V<\/p>\n<p>1\u00a0 MAYDANA<\/p>\n<p>1\u00a0 MAYO, CARLOS EDUARDO ANTONIO<\/p>\n<p>1\u00a0 MAYORAN, VENTURA<\/p>\n<p>2\u00a0 MAZA, ROBERTO OSCAR<\/p>\n<p>1\u00a0 MAZZA<\/p>\n<p>2\u00a0 MAZZA, EMILIO MIGUEL<\/p>\n<p>1\u00a0 MAZZEI<\/p>\n<p>7\u00a0 MC CARTHY<\/p>\n<p>6\u00a0 MC CARTHY, ARTHUR<\/p>\n<p>1\u00a0 MC CARTNY, PAUL<\/p>\n<p>1\u00a0 MC GRAW, ALI<\/p>\n<p>2\u00a0 MC KAY, NEIL<\/p>\n<p>1\u00a0 MC LAREN<\/p>\n<p>1\u00a0 MC LAUGLIN<\/p>\n<p>1\u00a0 MEDINA ALLENDE<\/p>\n<p>3\u00a0 MEDINA COBA<\/p>\n<p>1\u00a0 MEDINA ROMERO<\/p>\n<p>1\u00a0 MEDINA, JULIO<\/p>\n<p>1\u00a0 MEEHAN, JOS\u00c9<\/p>\n<p>9\u00a0 MEIR, GOLDA<\/p>\n<p>1\u00a0 MELEGATTI, CARLOS<\/p>\n<p>1\u00a0 MEL\u00c9NDEZ CALDER\u00d3N, JULIO<\/p>\n<p>1\u00a0 MELGAREJO CESAREO<\/p>\n<p>4\u00a0 MENA, M\u00c1XIMO -HOMENAJE A<\/p>\n<p>3\u00a0 MENDE, JORGE<\/p>\n<p>1\u00a0 M\u00c9NDEZ<\/p>\n<p>1\u00a0 M\u00c9NDEZ ARACI<\/p>\n<p>3\u00a0 M\u00c9NDEZ, CACHIN<\/p>\n<p>1\u00a0 M\u00c9NDEZ, H\u00c9CTOR<\/p>\n<p>1\u00a0 M\u00c9NDEZ, JULIO<\/p>\n<p>2\u00a0 M\u00c9NDEZ, SRA. DE<\/p>\n<p>18\u00a0 MENDOZA, DANIEL<\/p>\n<p>2\u00a0 MENDOZA, RAFAEL<\/p>\n<p>1\u00a0 MENECIER DELL ACQUA<\/p>\n<p>5\u00a0 MENEM, CARLOS SA\u00daL<\/p>\n<p>71\u00a0 MEN\u00c9NDEZ, LUCIANO BENJAM\u00cdN<\/p>\n<p>1\u00a0 MENNA, DOMINGO<\/p>\n<p>2\u00a0 MENOTTI, CESAR LUIS<\/p>\n<p>17\u00a0 MENSO, MARIO V\u00cdCTOR<\/p>\n<p>1\u00a0 MENTASTI<\/p>\n<p>1\u00a0 MERA FIGUEROA, JULIO<\/p>\n<p>1\u00a0 MERCADO, ANTONIO<\/p>\n<p>1\u00a0 MERCADO, EDGARDO<\/p>\n<p>1\u00a0 MERCADO, JOS\u00c9 ANTONIO<\/p>\n<p>2\u00a0 MERCADO, PEDRO<\/p>\n<p>1\u00a0 MERELLANO, MIGUEL A.<\/p>\n<p>1\u00a0 MESA, JUAN CARLOS<\/p>\n<p>1\u00a0 MESTRE<\/p>\n<p>5\u00a0 MESTRE, RAM\u00d3N BAUTISTA<\/p>\n<p>1\u00a0 MEY, RUB\u00c9N<\/p>\n<p>1\u00a0 MEYER<\/p>\n<p>1\u00a0 MEYER, RICARDO<\/p>\n<p>3\u00a0 MIANI, ELMER<\/p>\n<p>1\u00a0 MIATELLO<\/p>\n<p>1\u00a0 MIATELLO, ROBERTO<\/p>\n<p>1\u00a0 MICHELI, JUAN C.<\/p>\n<p>1\u00a0 MICHELLI<\/p>\n<p>1\u00a0 MICHENS<\/p>\n<p>2\u00a0 MICO<\/p>\n<p>1\u00a0 MIGLIETTI, JORGE<\/p>\n<p>1\u00a0 MIGLIONE, JOS\u00c9<\/p>\n<p>2\u00a0 MIGLIOTTI, SALVADOR<\/p>\n<p>1\u00a0 MIGUEL<\/p>\n<p>72\u00a0 MIGUEL, LORENZO<\/p>\n<p>1\u00a0 MIGUENZ, A.<\/p>\n<p>1\u00a0 MIHANOVICH, SANDRA<\/p>\n<p>1\u00a0 MILLINGTON<\/p>\n<p>1\u00a0 MINA GAY<\/p>\n<p>1\u00a0 MINACO<\/p>\n<p>1\u00a0 MINETTI<\/p>\n<p>1\u00a0 MINICHIELLO<\/p>\n<p>1\u00a0 MINO, EDUARDO<\/p>\n<p>1\u00a0 MINOTTI<\/p>\n<p>1\u00a0 MIR, ANTONIO<\/p>\n<p>1\u00a0 MIRANDA<\/p>\n<p>1\u00a0 MIRANDA, HUGO<\/p>\n<p>2\u00a0 MIRIZZI, PABLO LUIS<\/p>\n<p>1\u00a0 MISETICH DE MAESTRE, MIRTA<\/p>\n<p>1\u00a0 MISTRAL, GABRIELA<\/p>\n<p>7\u00a0 MITTERAND, FRANCOIS<\/p>\n<p>1\u00a0 MODUGNO, DOMENICO<\/p>\n<p>1\u00a0 MOHANDO<\/p>\n<p>1\u00a0 MOHANDO, ROGELIO<\/p>\n<p>1\u00a0 MOICOT PEREZ<\/p>\n<p>1\u00a0 MOISSET D&#8217;ESPANES<\/p>\n<p>1\u00a0 MOLINA<\/p>\n<p>1\u00a0 MOLINA CAMPOS<\/p>\n<p>1\u00a0 MOLINA SALAS<\/p>\n<p>1\u00a0 MOLINA, ALEJANDRO<\/p>\n<p>1\u00a0 MOLINA, DAVID<\/p>\n<p>1\u00a0 MOLINA, G<\/p>\n<p>4\u00a0 MOLINA, GILBERTO<\/p>\n<p>1\u00a0 MOLINA, LISARDO<\/p>\n<p>1\u00a0 MOLINA, RA\u00daL MATEO<\/p>\n<p>1\u00a0 MOLINARI<\/p>\n<p>1\u00a0 MOLINARI ROMERO, LUIS<\/p>\n<p>1\u00a0 MOLINARI, ALDO LUIS<\/p>\n<p>1\u00a0 MOLINETE, EDUARDO TOMAS<\/p>\n<p>5\u00a0 M\u00d3NACO, ENRIQUE<\/p>\n<p>3\u00a0 M\u00d3NACO, LUIS<\/p>\n<p>1\u00a0 MONAGURRIA, CAMILO<\/p>\n<p>2\u00a0 MONDAZZI, SILVIO<\/p>\n<p>2\u00a0 MONDINO<\/p>\n<p>1\u00a0 MONDINO, J. V\u00cdCTOR<\/p>\n<p>1\u00a0 MONFERRETO<\/p>\n<p>2\u00a0 MONGUILLOT<\/p>\n<p>1\u00a0 MONGUILLOT, EDUARDO<\/p>\n<p>1\u00a0 MONGUZZI, A.<\/p>\n<p>2\u00a0 MONSERRAT<\/p>\n<p>2\u00a0 MONTALDO, MARIA LUISA<\/p>\n<p>1\u00a0 MONTAMAR, JOS\u00c9<\/p>\n<p>1\u00a0 MONTAND, IVES<\/p>\n<p>1\u00a0 MONTARSET, RENE<\/p>\n<p>1\u00a0 MONTEJO, V\u00cdCTOR<\/p>\n<p>1\u00a0 MONTENEGRO<\/p>\n<p>3\u00a0 MONTENEGRO MOYANO, ABELARDO<\/p>\n<p>2\u00a0 MONTENEGRO, RA\u00daL<\/p>\n<p>1\u00a0 MONTENEGRO, RUB\u00c9N<\/p>\n<p>1\u00a0 MONTERO<\/p>\n<p>9\u00a0 MONTERO RUIZ<\/p>\n<p>2\u00a0 MONTERO RUIZ, SATURNINO<\/p>\n<p>1\u00a0 MONTERO, JORGE<\/p>\n<p>9\u00a0 MONTES<\/p>\n<p>2\u00a0 MONTESCO<\/p>\n<p>2\u00a0 MONTGOMERY<\/p>\n<p>2\u00a0 MONTI<\/p>\n<p>1\u00a0 MONTI, ENRIQUE HUGO<\/p>\n<p>2\u00a0 MONTI, MARIQUENA<\/p>\n<p>4\u00a0 MONTILLA, TOM\u00c1S<\/p>\n<p>1\u00a0 MONTIN, EDGARDO<\/p>\n<p>1\u00a0 MONTOLA, MARCELO<\/p>\n<p>11\u00a0 MONZ\u00d3N, CARLOS<\/p>\n<p>2\u00a0 MOORE<\/p>\n<p>38\u00a0 MOR ROIG, ARTURO<\/p>\n<p>1\u00a0 MOR ROIG, ARTURO -FUNERAL DE<\/p>\n<p>1\u00a0 MORA, JORGE<\/p>\n<p>1\u00a0 MORA, RICARDO<\/p>\n<p>1\u00a0 MORAES, JOS\u00c9<\/p>\n<p>1\u00a0 MORA\u00d1A, CESAR<\/p>\n<p>3\u00a0 MORANA, OSCAR<\/p>\n<p>1\u00a0 MORANDINO, JORGE<\/p>\n<p>1\u00a0 MORELO, AUGUSTO MARIO<\/p>\n<p>1\u00a0 MORENO<\/p>\n<p>1\u00a0 MORENO ULLOA<\/p>\n<p>1\u00a0 MORENO, CARLOS<\/p>\n<p>1\u00a0 MORENO, JULI\u00c1N<\/p>\n<p>4\u00a0 MORENO, JULIO C\u00c9SAR<\/p>\n<p>1\u00a0 MORENO, MANUEL<\/p>\n<p>2\u00a0 MORESCHI, OSCAR<\/p>\n<p>1\u00a0 MORINI<\/p>\n<p>1\u00a0 MORINI, M.A.<\/p>\n<p>4\u00a0 MORO, ALDO<\/p>\n<p>1\u00a0 MORONI, SEGUNDO<\/p>\n<p>3\u00a0 MORRA<\/p>\n<p>1\u00a0 MORRIS, WILLIAMS<\/p>\n<p>1\u00a0 MORSE<\/p>\n<p>1\u00a0 MOSQUERA<\/p>\n<p>1\u00a0 MOSQUERA OBES<\/p>\n<p>1\u00a0 MOSQUERA UBEDA<\/p>\n<p>2\u00a0 MOSQUERA UBIOS<\/p>\n<p>1\u00a0 MOSQUERA, FRANCISCO<\/p>\n<p>16\u00a0 MOSQUERA, JOS\u00c9 ALEJANDRO<\/p>\n<p>1\u00a0 MOSSAMAI, OSCAR<\/p>\n<p>1\u00a0 MOTT, HUGO ALBERTO<\/p>\n<p>1\u00a0 MOYANO<\/p>\n<p>1\u00a0 MOYANO, ALEJANDRO<\/p>\n<p>1\u00a0 MOYANO, ARIST\u00d3BULO<\/p>\n<p>1\u00a0 MOYANO, CESAR<\/p>\n<p>20\u00a0 MOZE, MIGUEL \u00c1NGEL<\/p>\n<p>1\u00a0 MUGGENGUR, GUNTER<\/p>\n<p>7\u00a0 MUGICA, CARLOS -PADRE<\/p>\n<p>1\u00a0 MUJICA LAINEZ, MANUEL<\/p>\n<p>1\u00a0 MUJICA, RODOLFO<\/p>\n<p>1\u00a0 MU\u00d1IZ<\/p>\n<p>1\u00a0 MU\u00d1OZ<\/p>\n<p>1\u00a0 MUNSFORD<\/p>\n<p>1\u00a0 MURONE, ELSA<\/p>\n<p>2\u00a0 MUR\u00daA<\/p>\n<p>1\u00a0 MUR\u00daA, ANDR\u00c9S<\/p>\n<p>1\u00a0 MUR\u00daA, ARNALDO<\/p>\n<p>1\u00a0 MUSACCHIO<\/p>\n<p>1\u00a0 MUSCARA, JOS\u00c9 VICENTE<\/p>\n<p>1\u00a0 MUSSIAN<\/p>\n<p>1\u00a0 MUSSO<\/p>\n<p>1\u00a0 MUTJIBI, RAHAM<\/p>\n<p><span style=\"color: #ffffff\">o<\/span><\/p>\n<h1 style=\"text-align: left\" align=\"right\"><a title=\"A\" href=\"http:\/\/www.ffyh.unc.edu.ar\/cda\/?page_id=531\">A<\/a>\u00a0<a title=\"B\" href=\"http:\/\/www.ffyh.unc.edu.ar\/cda\/?page_id=553\">B<\/a>\u00a0<a title=\"C\" href=\"http:\/\/www.ffyh.unc.edu.ar\/cda\/?page_id=563\">C<\/a>\u00a0<a title=\"D\" href=\"http:\/\/www.ffyh.unc.edu.ar\/cda\/?page_id=568\">D<\/a>\u00a0<a title=\"E\" href=\"http:\/\/www.ffyh.unc.edu.ar\/cda\/?page_id=573\">E<\/a>\u00a0<a title=\"F\" href=\"http:\/\/www.ffyh.unc.edu.ar\/cda\/?page_id=576\">F<\/a>\u00a0<a title=\"G\" href=\"http:\/\/www.ffyh.unc.edu.ar\/cda\/?page_id=579\">G<\/a>\u00a0<a title=\"H\" href=\"http:\/\/www.ffyh.unc.edu.ar\/cda\/?page_id=585\">H<\/a>\u00a0<a title=\"I\" href=\"http:\/\/www.ffyh.unc.edu.ar\/cda\/?page_id=588\">I<\/a>\u00a0<a title=\"J\" href=\"http:\/\/www.ffyh.unc.edu.ar\/cda\/?page_id=591\">J<\/a>\u00a0<a title=\"K\" href=\"http:\/\/www.ffyh.unc.edu.ar\/cda\/?page_id=596\">K<\/a>\u00a0<a title=\"L\" href=\"http:\/\/www.ffyh.unc.edu.ar\/cda\/?page_id=599\">L<\/a>\u00a0<a title=\"M\" href=\"http:\/\/www.ffyh.unc.edu.ar\/cda\/?page_id=607\">M<\/a>\u00a0<a title=\"N\" href=\"http:\/\/www.ffyh.unc.edu.ar\/cda\/?page_id=610\">N<\/a>\u00a0<a title=\"O\" href=\"http:\/\/www.ffyh.unc.edu.ar\/cda\/?page_id=614\">O<\/a><a title=\"P\" href=\"http:\/\/www.ffyh.unc.edu.ar\/cda\/?page_id=617\"> P<\/a>\u00a0<a title=\"Q\" href=\"http:\/\/www.ffyh.unc.edu.ar\/cda\/?page_id=620\">Q<\/a>\u00a0<a title=\"R\" href=\"http:\/\/www.ffyh.unc.edu.ar\/cda\/?page_id=623\">R<\/a>\u00a0<a title=\"S\" href=\"http:\/\/www.ffyh.unc.edu.ar\/cda\/?page_id=626\">S<\/a>\u00a0<a title=\"T\" href=\"http:\/\/www.ffyh.unc.edu.ar\/cda\/?page_id=629\">T<\/a>\u00a0<a title=\"U\" href=\"http:\/\/www.ffyh.unc.edu.ar\/cda\/?page_id=632\">U<\/a>\u00a0<a title=\"V\" href=\"http:\/\/www.ffyh.unc.edu.ar\/cda\/?page_id=637\">V<\/a>\u00a0<a title=\"W\" href=\"http:\/\/www.ffyh.unc.edu.ar\/cda\/?page_id=640\">W<\/a>\u00a0<a title=\"Y\" href=\"http:\/\/www.ffyh.unc.edu.ar\/cda\/?page_id=645\">Y<\/a>\u00a0<a title=\"Z\" href=\"http:\/\/www.ffyh.unc.edu.ar\/cda\/?page_id=650\">Z<\/a><\/h1>\n","protected":false},"excerpt":{"rendered":"<p>1\u00a0 MAC KINLEY 1\u00a0 MAC LOUGHLIN 4\u00a0 MAC NAMARA 1\u00a0 MACAGNO 5\u00a0 MACHADO, ADRI\u00c1N 1\u00a0 MADEO, EDUARDO 1\u00a0 MADRUGA, NORBERTO 2\u00a0 MAESTRE, JUAN PABLO 1\u00a0 MAGALLANES, R. A. 1\u00a0 MAGDALENA &hellip; <\/p>\n","protected":false},"author":10,"featured_media":0,"parent":64,"menu_order":0,"comment_status":"closed","ping_status":"closed","template":"page_full.php","meta":{"_acf_changed":false,"footnotes":""},"class_list":["post-607","page","type-page","status-publish","hentry"],"acf":[],"_links":{"self":[{"href":"https:\/\/ffyh.unc.edu.ar\/cda\/wp-json\/wp\/v2\/pages\/607","targetHints":{"allow":["GET"]}}],"collection":[{"href":"https:\/\/ffyh.unc.edu.ar\/cda\/wp-json\/wp\/v2\/pages"}],"about":[{"href":"https:\/\/ffyh.unc.edu.ar\/cda\/wp-json\/wp\/v2\/types\/page"}],"author":[{"embeddable":true,"href":"https:\/\/ffyh.unc.edu.ar\/cda\/wp-json\/wp\/v2\/users\/10"}],"replies":[{"embeddable":true,"href":"https:\/\/ffyh.unc.edu.ar\/cda\/wp-json\/wp\/v2\/comments?post=607"}],"version-history":[{"count":0,"href":"https:\/\/ffyh.unc.edu.ar\/cda\/wp-json\/wp\/v2\/pages\/607\/revisions"}],"up":[{"embeddable":true,"href":"https:\/\/ffyh.unc.edu.ar\/cda\/wp-json\/wp\/v2\/pages\/64"}],"wp:attachment":[{"href":"https:\/\/ffyh.unc.edu.ar\/cda\/wp-json\/wp\/v2\/media?parent=607"}],"curies":[{"name":"wp","href":"https:\/\/api.w.org\/{rel}","templated":true}]}}