{"id":617,"date":"2011-07-28T02:01:29","date_gmt":"2011-07-28T02:01:29","guid":{"rendered":"http:\/\/www.ffyh.unc.edu.ar\/cda\/?page_id=617"},"modified":"2011-07-28T02:01:29","modified_gmt":"2011-07-28T02:01:29","slug":"p","status":"publish","type":"page","link":"https:\/\/ffyh.unc.edu.ar\/cda\/servicios\/indice\/p\/","title":{"rendered":"P"},"content":{"rendered":"<p>57\u00a0 PABLO VI\u00a0\u00a0 (PAPA)<\/p>\n<p>1\u00a0 PACENZA<\/p>\n<p>5\u00a0 PACHECO ARECO, JORGE<\/p>\n<p>1\u00a0 PACHECO, GREGORIO<\/p>\n<p>2\u00a0 PACHECO, MARIA DOLORES<\/p>\n<p>1\u00a0 PACUAL, JUAN<\/p>\n<p>1\u00a0 PADRE ALEJANDRO<\/p>\n<p>1\u00a0 PADRE\u00a0 PICK<\/p>\n<p>2\u00a0 P\u00c1EZ<\/p>\n<p>44\u00a0 P\u00c1EZ MOLINA, JUSTO<\/p>\n<p>1\u00a0 P\u00c1EZ, CARLOS CESAR<\/p>\n<p>11\u00a0 P\u00c1EZ, JOS\u00c9 FRANCISCO<\/p>\n<p>1\u00a0 P\u00c1EZ, OSMAN<\/p>\n<p>1\u00a0 PAGANELLI, YOLANDA<\/p>\n<p>2\u00a0 PAIRETTI, CARLOS<\/p>\n<p>1\u00a0 PAJARITO VELARDE<\/p>\n<p>2\u00a0 PALACH, JAN<\/p>\n<p>5\u00a0 PALACIO DEHEZA, CARLOS<\/p>\n<p>7\u00a0 PALACIOS<\/p>\n<p>1\u00a0 PALACIOS, DARDO JER\u00d3NIMO<\/p>\n<p>2\u00a0 PALACIOS, LIVIO<\/p>\n<p>2\u00a0 PALADINO, JORGE<\/p>\n<p>21\u00a0 PALADINO, JORGE DANIEL<\/p>\n<p>1\u00a0 PALADINO, M.<\/p>\n<p>2\u00a0 PALAMARA<\/p>\n<p>1\u00a0 PALMA, SEGUNDO<\/p>\n<p>1\u00a0 PALMERO<\/p>\n<p>1\u00a0 PALMERO, JUAN C.<\/p>\n<p>1\u00a0 PALMERO, JUAN S.<\/p>\n<p>10\u00a0 PAMPILLON, SANTIAGO\u00a0 (MISAS, HOMENAJES)<\/p>\n<p>1\u00a0 PANDES<\/p>\n<p>2\u00a0 PANZERI<\/p>\n<p>1\u00a0 PANZERI, N\u00c9STOR<\/p>\n<p>1\u00a0 PAPADOPOULOS, GEORGES<\/p>\n<p>3\u00a0 PAPANDREU<\/p>\n<p>1\u00a0 PAPANDREU, ANDREAS<\/p>\n<p>1\u00a0 PAPPATERRA DE MENDE, MARIA LEONOR<\/p>\n<p>1\u00a0 PAPIN<\/p>\n<p>2 PARADELLO MALCOM<\/p>\n<p>1\u00a0 PARDO, P.<\/p>\n<p>1\u00a0 PARDO, PABLO<\/p>\n<p>1\u00a0 PARISSI<\/p>\n<p>1\u00a0 PARKERS, PAUL<\/p>\n<p>1\u00a0 PARRA<\/p>\n<p>2\u00a0 PARRAL, CORINA<\/p>\n<p>1\u00a0 PARRELLO, ANA MARIA<\/p>\n<p>1\u00a0 PASAJEW<\/p>\n<p>1\u00a0 PASCUAL<\/p>\n<p>1\u00a0 PASCUAL, TERESITA<\/p>\n<p>2\u00a0 PASCUALINI, C.<\/p>\n<p>1\u00a0 PASCUSSI, RA\u00daL<\/p>\n<p>1\u00a0 PASSARO, A.<\/p>\n<p>1\u00a0 PASTOR, CARLOS WASHINGTON<\/p>\n<p>2\u00a0 PASTORE, DAGNINO<\/p>\n<p>1\u00a0 PASTORINO, MALVINA<\/p>\n<p>1\u00a0 PASTORINO, TOMAS<\/p>\n<p>1\u00a0 PASTRANA<\/p>\n<p>1\u00a0 PATIRE, MIGUEL \u00c1NGEL<\/p>\n<p>1\u00a0 PATON<\/p>\n<p>1\u00a0 PATRIGNANI, CARLOS<\/p>\n<p>1\u00a0 PATTERSON, CLAY<\/p>\n<p>1\u00a0 PAULI, ESTEBAN<\/p>\n<p>1\u00a0 PAVESI<\/p>\n<p>1\u00a0 PAVIDO, OSVALDO<\/p>\n<p>1\u00a0 PAWLOVSKY, ALFREDO<\/p>\n<p>5\u00a0 PAZ<\/p>\n<p>1\u00a0 PAZ STENSSORO<\/p>\n<p>1\u00a0 PAZ, BERNARDO<\/p>\n<p>1\u00a0 PAZ, JUAN CARLOS<\/p>\n<p>1\u00a0 PAZOS<\/p>\n<p>5\u00a0 PECCEI, AURELIO<\/p>\n<p>1\u00a0 PECK, GREGORY<\/p>\n<p>1\u00a0 PEDERENERA, ADOLFO<\/p>\n<p>1\u00a0 PEDON, ROLANDO<\/p>\n<p>1\u00a0 PEDONE, ANTONIO<\/p>\n<p>1\u00a0 PEDRINI, FERDINANDO<\/p>\n<p>1\u00a0 PEGORARO<\/p>\n<p>1\u00a0 PEIRETTI<\/p>\n<p>1\u00a0 PEIRO, JAIME<\/p>\n<p>1\u00a0 PELAY, MODESTO<\/p>\n<p>3\u00a0 PELE<\/p>\n<p>1\u00a0 PELLANDA<\/p>\n<p>27\u00a0 PELLANDA, RUB\u00c9N JUAN<\/p>\n<p>2\u00a0 PELLEGRINI GIAMPIETRO<\/p>\n<p>1\u00a0 PELLEGRINI, JUAN C<\/p>\n<p>2\u00a0 PE\u00d1A, DAVID<\/p>\n<p>1\u00a0 PE\u00d1A, IGNACIO<\/p>\n<p>1\u00a0 PE\u00d1A, MARIO ALBERTO<\/p>\n<p>6\u00a0 PE\u00d1A, ROBERTO<\/p>\n<p>4\u00a0 PE\u00d1ALOZA DE COUZO, JULIA ARGENTINA<\/p>\n<p>2\u00a0 PEPE, LORENZO<\/p>\n<p>3\u00a0 PERALTA<\/p>\n<p>1\u00a0 PERALTA, JAIME<\/p>\n<p>1\u00a0 PERALTA, \u00abGOYO\u00bb<\/p>\n<p>1\u00a0 PERALTA, CARLOS<\/p>\n<p>1\u00a0 PERALTA, GUSTAVO<\/p>\n<p>1\u00a0 PEREIRA SORAKIN<\/p>\n<p>3\u00a0 PERETTE, CARLOS HUMBERTO<\/p>\n<p>1\u00a0 PERETTI<\/p>\n<p>1\u00a0 PERETTI, SILVIA<\/p>\n<p>2\u00a0 PEREYRA<\/p>\n<p>7\u00a0 PEREYRA, LUIS ALBERTO<\/p>\n<p>6\u00a0 P\u00c9REZ<\/p>\n<p>1\u00a0 P\u00c9REZ ALLATI<\/p>\n<p>1\u00a0 P\u00c9REZ CELIS<\/p>\n<p>1\u00a0 P\u00c9REZ COMPANC<\/p>\n<p>1\u00a0 P\u00c9REZ DE CUELLAR, JAVIER<\/p>\n<p>4\u00a0 P\u00c9REZ GAUDIO<\/p>\n<p>1\u00a0 P\u00c9REZ GAUDIO, M.<\/p>\n<p>1\u00a0 P\u00c9REZ GAUDIO, SANTIAGO<\/p>\n<p>8\u00a0 P\u00c9REZ GUILHOU, DARDO<\/p>\n<p>1\u00a0 P\u00c9REZ LEIROS<\/p>\n<p>1\u00a0 P\u00c9REZ, F\u00c9LIX<\/p>\n<p>1\u00a0 P\u00c9REZ, GENARO<\/p>\n<p>1\u00a0 P\u00c9REZ, GUSTAVO<\/p>\n<p>1\u00a0 P\u00c9REZ, LORENZO<\/p>\n<p>1\u00a0 P\u00c9REZ, MANUEL<\/p>\n<p>1\u00a0 P\u00c9REZ, SIXTO<\/p>\n<p>1\u00a0 PERFILE, JULIO C.<\/p>\n<p>3\u00a0 PERFUMO, ROBERTO<\/p>\n<p>1\u00a0 PERINGER AYALA, JULIO<\/p>\n<p>8\u00a0 PER\u00d3N<\/p>\n<p>3\u00a0 PER\u00d3N, EVA<\/p>\n<p>4\u00a0 PER\u00d3N, EVA \u2013ANIVERSARIO<\/p>\n<p>8\u00a0 PER\u00d3N, EVA \u2013HOMENAJE A<\/p>\n<p>4\u00a0 PER\u00d3N, EVA \u2013REPATRIACI\u00d3N RESTOS<\/p>\n<p>3\u00a0 PER\u00d3N, EVA\u00a0 \u2013MISA POR<\/p>\n<p>65\u00a0 PER\u00d3N, MAR\u00cdA ESTELA MART\u00cdNEZ DE o MART\u00cdNEZ DE PER\u00d3N, MARIA ESTELA<\/p>\n<p>1\u00a0 PER\u00d3N, JUAN D. \u2013BUSTO DE<\/p>\n<p>1\u00a0 PER\u00d3N, JUAN D. \u2013HOMENAJE A<\/p>\n<p>1\u00a0 PER\u00d3N, JUAN D. \u2013MENSAJE DE<\/p>\n<p>1\u00a0 PER\u00d3N, JUAN D. -MISA POR<\/p>\n<p>3\u00a0 PER\u00d3N, JUAN D. \u2013MUERTE DE<\/p>\n<p>104\u00a0 PER\u00d3N, JUAN DOMINGO<\/p>\n<p>1\u00a0 PER\u00d3N, RETORNO DE<\/p>\n<p>1\u00a0 PERONA, ANTONIO<\/p>\n<p>1\u00a0 PERRIN, LILA<\/p>\n<p>1\u00a0 PESCIO, ALDO<\/p>\n<p>1\u00a0 PESSAT<\/p>\n<p>2\u00a0 PETERSON, RON<\/p>\n<p>1\u00a0 PETITO, VENANCIO<\/p>\n<p>1\u00a0 PETRACCI, CARLOS ENRIQUE<\/p>\n<p>1\u00a0 PETRELLI<\/p>\n<p>2\u00a0 PETRONI<\/p>\n<p>1\u00a0 PETTORUTTI, EMILIO<\/p>\n<p>1\u00a0 PHILLIPE VENET<\/p>\n<p>1\u00a0 PIANA<\/p>\n<p>1\u00a0 PIAZZA<\/p>\n<p>1\u00a0 PIAZZA, ORLANDO<\/p>\n<p>1\u00a0 PIAZZOLA, ASTOR<\/p>\n<p>5\u00a0 PICASSO, PABLO<\/p>\n<p>1\u00a0 PICCA, GERM\u00c1N<\/p>\n<p>1\u00a0 PICHON RIVI\u00c8RE, ENRIQUE<\/p>\n<p>1\u00a0 PIERO<\/p>\n<p>1\u00a0 PIFFARETTI, ANA MARIA<\/p>\n<p>1\u00a0 PILATTI, LUIS<\/p>\n<p>1\u00a0 PINEIRO, M.L.<\/p>\n<p>2\u00a0 PINKY<\/p>\n<p>3\u00a0 PINOCHET, AUGUSTO<\/p>\n<p>1\u00a0 PINTA<\/p>\n<p>1\u00a0 PINTARELLI, MIGUEL<\/p>\n<p>1\u00a0 PIO DEL CORRO, GASPAR<\/p>\n<p>1\u00a0 PIRLES, ROBERTO R.<\/p>\n<p>1\u00a0 PIRONIO, EDUARDO<\/p>\n<p>2\u00a0 PIRRO, JORGE OMAR<\/p>\n<p>2\u00a0 PISTA, DANIEL<\/p>\n<p>6\u00a0 PISTARINI, PASCUAL<\/p>\n<p>1\u00a0 PITSI<\/p>\n<p>1\u00a0 PITTON, CIRILO<\/p>\n<p>1\u00a0 PIUMA, GUILLERMO<\/p>\n<p>1\u00a0 PIVA<\/p>\n<p>2\u00a0 PIZARRO<\/p>\n<p>1\u00a0 PIZARRO LAZCANO<\/p>\n<p>1\u00a0 PIZARRO, PEDRO<\/p>\n<p>1\u00a0 PIZZI, MIGUEL \u00c1NGEL<\/p>\n<p>1\u00a0 PIZZUTTI<\/p>\n<p>1\u00a0 PLANE, JACK<\/p>\n<p>3\u00a0 PLAZA, GALO<\/p>\n<p>1\u00a0 PLITZ, JOS\u00c9 MARIA<\/p>\n<p>1\u00a0 PLZUBLOTSKI<\/p>\n<p>3\u00a0 PODESTA<\/p>\n<p>1\u00a0 POHER<\/p>\n<p>2\u00a0 POLANSKI, ROMAN<\/p>\n<p>1\u00a0 POLESELLO, ROGELIO<\/p>\n<p>1\u00a0 POLIZZI<\/p>\n<p>1\u00a0 POLTI, JOS\u00c9<\/p>\n<p>2\u00a0 POMPAS, JAIME<\/p>\n<p>32\u00a0 POMPIDOU, GEORGES<\/p>\n<p>2\u00a0 PONCE<\/p>\n<p>4\u00a0 PONCE, MIGUEL<\/p>\n<p>1\u00a0 PONCE, TEODORO<\/p>\n<p>1\u00a0 PONS, MARIA ELENA<\/p>\n<p>5\u00a0 PONTI, CARLO<\/p>\n<p>2\u00a0 PORCEL DE PERALTA, RA\u00daL<\/p>\n<p>1\u00a0 PORCILLE, J.C.<\/p>\n<p>1\u00a0 PORPORATTO<\/p>\n<p>1\u00a0 PORTA CASTRO, GUSTAVO<\/p>\n<p>2\u00a0 PORTER<\/p>\n<p>1\u00a0 PORTILLO<\/p>\n<p>1\u00a0 POSSAMAI, OSCAR ANTONIO<\/p>\n<p>1\u00a0 POTENTE<\/p>\n<p>4\u00a0 POVI\u00d1A, ALFREDO<\/p>\n<p>1\u00a0 PRADO<\/p>\n<p>1\u00a0 PRADO, LUCIO<\/p>\n<p>1\u00a0 PRATS<\/p>\n<p>2\u00a0 PREMOLI<\/p>\n<p>1\u00a0 PREMOLI, ANTONIO<\/p>\n<p>4\u00a0 PREMOLI, LUIS M\u00c1XIMO<\/p>\n<p>2\u00a0 PRESACO, JUAN B.<\/p>\n<p>1\u00a0 PRESLEY, ELVIS<\/p>\n<p>1\u00a0 PRIETO<\/p>\n<p>1\u00a0 PRIETO, ALEM<\/p>\n<p>149\u00a0 PRIMATESTA, RA\u00daL FRANCISCO<\/p>\n<p>1\u00a0 PRINCESA ALEJANDRA RAQUEL<\/p>\n<p>1\u00a0 PRINCESA IRENE<\/p>\n<p>1\u00a0 PRINCESS<\/p>\n<p>3\u00a0 PRINCIPE CARLOS<\/p>\n<p>1\u00a0 PRINCIPE DE GALES, CARLOS<\/p>\n<p>12\u00a0 PRINCIPE GRIMALDI RAINIERO<\/p>\n<p>1\u00a0 PRO, DIEGO<\/p>\n<p>1\u00a0 PROL, LUIS<\/p>\n<p>1\u00a0 PRUNA, ANDY<\/p>\n<p>1\u00a0 PUCCI<\/p>\n<p>2\u00a0 PUCCIO, RAUL G.<\/p>\n<p>1\u00a0 PUCHETA MORCILLO<\/p>\n<p>1\u00a0 PUENTES, \u00c1LVARO<\/p>\n<p>1\u00a0 PUGLIESE<\/p>\n<p>1\u00a0 PUIG, ARTURO<\/p>\n<p>1\u00a0 PUIGGROS, OSCAR<\/p>\n<p>5\u00a0 PUIGGROS, RODOLFO<\/p>\n<p>1\u00a0 PUIZ RAMONEDA, GERARDO<\/p>\n<p>3\u00a0 PUJADAS, JOSE MARIA (P)<\/p>\n<p>2\u00a0 PUJADAS, MARIANO<\/p>\n<p>1\u00a0 PUYE, ARTURO<\/p>\n<p><span style=\"color: #ffffff\">o<\/span><\/p>\n<h1 style=\"text-align: left\" align=\"right\"><a title=\"A\" href=\"http:\/\/www.ffyh.unc.edu.ar\/cda\/?page_id=531\">A<\/a>\u00a0<a title=\"B\" href=\"http:\/\/www.ffyh.unc.edu.ar\/cda\/?page_id=553\">B<\/a>\u00a0<a title=\"C\" href=\"http:\/\/www.ffyh.unc.edu.ar\/cda\/?page_id=563\">C<\/a>\u00a0<a title=\"D\" href=\"http:\/\/www.ffyh.unc.edu.ar\/cda\/?page_id=568\">D<\/a>\u00a0<a title=\"E\" href=\"http:\/\/www.ffyh.unc.edu.ar\/cda\/?page_id=573\">E<\/a>\u00a0<a title=\"F\" href=\"http:\/\/www.ffyh.unc.edu.ar\/cda\/?page_id=576\">F<\/a>\u00a0<a title=\"G\" href=\"http:\/\/www.ffyh.unc.edu.ar\/cda\/?page_id=579\">G<\/a>\u00a0<a title=\"H\" href=\"http:\/\/www.ffyh.unc.edu.ar\/cda\/?page_id=585\">H<\/a>\u00a0<a title=\"I\" href=\"http:\/\/www.ffyh.unc.edu.ar\/cda\/?page_id=588\">I<\/a>\u00a0<a title=\"J\" href=\"http:\/\/www.ffyh.unc.edu.ar\/cda\/?page_id=591\">J<\/a>\u00a0<a title=\"K\" href=\"http:\/\/www.ffyh.unc.edu.ar\/cda\/?page_id=596\">K<\/a>\u00a0<a title=\"L\" href=\"http:\/\/www.ffyh.unc.edu.ar\/cda\/?page_id=599\">L<\/a>\u00a0<a title=\"M\" href=\"http:\/\/www.ffyh.unc.edu.ar\/cda\/?page_id=607\">M<\/a>\u00a0<a title=\"N\" href=\"http:\/\/www.ffyh.unc.edu.ar\/cda\/?page_id=610\">N<\/a>\u00a0<a title=\"O\" href=\"http:\/\/www.ffyh.unc.edu.ar\/cda\/?page_id=614\">O<\/a>\u00a0<a title=\"P\" href=\"http:\/\/www.ffyh.unc.edu.ar\/cda\/?page_id=617\">P<\/a>\u00a0<a title=\"Q\" href=\"http:\/\/www.ffyh.unc.edu.ar\/cda\/?page_id=620\">Q<\/a>\u00a0<a title=\"R\" href=\"http:\/\/www.ffyh.unc.edu.ar\/cda\/?page_id=623\">R<\/a>\u00a0<a title=\"S\" href=\"http:\/\/www.ffyh.unc.edu.ar\/cda\/?page_id=626\">S<\/a>\u00a0<a title=\"T\" href=\"http:\/\/www.ffyh.unc.edu.ar\/cda\/?page_id=629\">T<\/a>\u00a0<a title=\"U\" href=\"http:\/\/www.ffyh.unc.edu.ar\/cda\/?page_id=632\">U<\/a>\u00a0<a title=\"V\" href=\"http:\/\/www.ffyh.unc.edu.ar\/cda\/?page_id=637\">V<\/a>\u00a0<a title=\"W\" href=\"http:\/\/www.ffyh.unc.edu.ar\/cda\/?page_id=640\">W<\/a>\u00a0<a title=\"Y\" href=\"http:\/\/www.ffyh.unc.edu.ar\/cda\/?page_id=645\">Y<\/a>\u00a0<a title=\"Z\" href=\"http:\/\/www.ffyh.unc.edu.ar\/cda\/?page_id=650\">Z<\/a><\/h1>\n","protected":false},"excerpt":{"rendered":"<p>57\u00a0 PABLO VI\u00a0\u00a0 (PAPA) 1\u00a0 PACENZA 5\u00a0 PACHECO ARECO, JORGE 1\u00a0 PACHECO, GREGORIO 2\u00a0 PACHECO, MARIA DOLORES 1\u00a0 PACUAL, JUAN 1\u00a0 PADRE ALEJANDRO 1\u00a0 PADRE\u00a0 PICK 2\u00a0 P\u00c1EZ 44\u00a0 P\u00c1EZ &hellip; <\/p>\n","protected":false},"author":10,"featured_media":0,"parent":64,"menu_order":0,"comment_status":"closed","ping_status":"closed","template":"page_full.php","meta":{"_acf_changed":false,"footnotes":""},"class_list":["post-617","page","type-page","status-publish","hentry"],"acf":[],"_links":{"self":[{"href":"https:\/\/ffyh.unc.edu.ar\/cda\/wp-json\/wp\/v2\/pages\/617","targetHints":{"allow":["GET"]}}],"collection":[{"href":"https:\/\/ffyh.unc.edu.ar\/cda\/wp-json\/wp\/v2\/pages"}],"about":[{"href":"https:\/\/ffyh.unc.edu.ar\/cda\/wp-json\/wp\/v2\/types\/page"}],"author":[{"embeddable":true,"href":"https:\/\/ffyh.unc.edu.ar\/cda\/wp-json\/wp\/v2\/users\/10"}],"replies":[{"embeddable":true,"href":"https:\/\/ffyh.unc.edu.ar\/cda\/wp-json\/wp\/v2\/comments?post=617"}],"version-history":[{"count":0,"href":"https:\/\/ffyh.unc.edu.ar\/cda\/wp-json\/wp\/v2\/pages\/617\/revisions"}],"up":[{"embeddable":true,"href":"https:\/\/ffyh.unc.edu.ar\/cda\/wp-json\/wp\/v2\/pages\/64"}],"wp:attachment":[{"href":"https:\/\/ffyh.unc.edu.ar\/cda\/wp-json\/wp\/v2\/media?parent=617"}],"curies":[{"name":"wp","href":"https:\/\/api.w.org\/{rel}","templated":true}]}}