{"id":64,"date":"2011-06-30T16:24:01","date_gmt":"2011-06-30T16:24:01","guid":{"rendered":"http:\/\/www.ffyh.unc.edu.ar\/cda\/?page_id=64"},"modified":"2011-06-30T16:24:01","modified_gmt":"2011-06-30T16:24:01","slug":"indice","status":"publish","type":"page","link":"https:\/\/ffyh.unc.edu.ar\/cda\/servicios\/indice\/","title":{"rendered":"\u00cdndice"},"content":{"rendered":"<h1 style=\"text-align: justify\">\u00cdndice Onom\u00e1stico<\/h1>\n<h6 style=\"text-align: justify\">de Personas Participantes en Noticias del Archivo F\u00edlmico Canal 10 (1962-1980)<\/h6>\n<p style=\"text-align: justify\"><span style=\"color: #ffffff\">\u00a0o<img loading=\"lazy\" decoding=\"async\" class=\"aligncenter size-full wp-image-1478\" title=\"indice\" src=\"http:\/\/ffyh.unc.edu.ar\/cda\/wp-content\/uploads\/sites\/6\/2011\/09\/indice.jpg\" alt=\"\" width=\"959\" height=\"76\" srcset=\"https:\/\/ffyh.unc.edu.ar\/cda\/wp-content\/uploads\/sites\/6\/2011\/09\/indice.jpg 959w, https:\/\/ffyh.unc.edu.ar\/cda\/wp-content\/uploads\/sites\/6\/2011\/09\/indice-300x24.jpg 300w, https:\/\/ffyh.unc.edu.ar\/cda\/wp-content\/uploads\/sites\/6\/2011\/09\/indice-768x61.jpg 768w, https:\/\/ffyh.unc.edu.ar\/cda\/wp-content\/uploads\/sites\/6\/2011\/09\/indice-430x34.jpg 430w, https:\/\/ffyh.unc.edu.ar\/cda\/wp-content\/uploads\/sites\/6\/2011\/09\/indice-950x76.jpg 950w\" sizes=\"(max-width: 959px) 100vw, 959px\" \/><\/span><\/p>\n<p style=\"text-align: justify\">El Indice que aqu\u00ed se presenta constituye una de las producciones del Programa de Recuperaci\u00f3n y An\u00e1lisis de Informaci\u00f3n del Archivo F\u00edlmico Canal 10 &#8211; Centro de Conservaci\u00f3n y Documentaci\u00f3n Audiovisual, realizada con el prop\u00f3sito de brindar informaci\u00f3n sistematizada accesible a investigadores, profesores, alumnos dela Universidady otros posibles interesados en consultar fuentes audiovisuales de car\u00e1cter documental del per\u00edodo 1962-1980. (*)<\/p>\n<p style=\"text-align: justify\">\u00a0Forma parte de un plan de divulgaci\u00f3n y transferencia de resultados obtenidos en el Programa, que se suma a otras publicaciones y actividades orientadas a fomentar la valoraci\u00f3n y el empleo de documentos en im\u00e1genes, sonidos, palabras, como materia prima para la creaci\u00f3n de conocimiento y\/o nuevos mensajes audiovisuales. En ese sentido, el \u00cdndice Onom\u00e1stico viene a complementar esta p\u00e1gina que cuenta con un formulario para realizar consultas\u00a0 sobre el material procesado en video y base de datos que dispone el CDA.<\/p>\n<p style=\"text-align: justify\">\u00a0El Indice incluye una amplia gama de actores del campo pol\u00edtico e institucional, social, cultural, gremial, universitario, deportivo y period\u00edstico, de nuestro medio y del \u00e1mbito nacional e internacional, seleccionada y editada a partir del listado de t\u00e9rminos indizados (diccionario) en la base de datos.<\/p>\n<p style=\"text-align: justify\">Se aclara que dicho listado comprende tanto a protagonistas de las noticias como testigos, personas mencionadas, homenajeadas, etc. Por ejemplo los casos de homenajes a Eva Per\u00f3n o el funeral de Mart\u00edn Luther King. Asimismo comprende grupos musicales y nombres de fantas\u00eda de cantantes, artistas, etc.<\/p>\n<p style=\"text-align: justify\">El Indice Onom\u00e1stico de personas participantes en noticias del Archivo Canal 10 que presentamos debe ser considerado como un producto en construcci\u00f3n por dos motivos: primero, porque la informaci\u00f3n de base est\u00e1 en permanente crecimiento debido a la continuidad de las tareas de sistematizaci\u00f3n y an\u00e1lisis de la documentaci\u00f3n existente; en segundo lugar, porque la informaci\u00f3n analizada e ingresada en la base de datos es peri\u00f3dicamente verificada, actualizada o documentada a los fines de su perfeccionamiento; lo que demanda tiempos y trabajos adicionales, como la consulta de otras fuentes. En las actualizaciones que se realicen a esta edici\u00f3n se ir\u00e1n salvando defectos y agregando informaci\u00f3n.<\/p>\n<p style=\"text-align: justify\">\u00a0(*)\u00a0<em>\u00cdndices alfab\u00e9ticos y por facetas del Tesauro de descriptores de noticias del Archivo F\u00edlmico Canal 10 (1962-1980).<\/em>\u00a0<span style=\"text-decoration: underline\">Documento de Trabajo N\u00b0 1<\/span>, Centro de Documentaci\u00f3n Audiovisual, Departamento de Cine y TV, UNC. C\u00f3rdoba, Diciembre de 2004. Actualizaci\u00f3n noviembre de 2009 realizada por Silvia Romano<\/p>\n<p style=\"text-align: right\" align=\"right\"><em>\u00a0Silvia Romano<\/em><em>\u00a0<\/em><br \/>\n<em>Directora<\/em><\/p>\n<p style=\"text-align: right\" align=\"right\"><em><\/em><em>C\u00f3rdoba, noviembre de 2009<\/em><\/p>\n<h6 style=\"text-align: left\" align=\"right\">Buscar por apellido<\/h6>\n<p style=\"text-align: justify\" align=\"right\"><span style=\"color: #ffffff\">o<\/span><\/p>\n<h1 style=\"text-align: justify\" align=\"right\"><a title=\"A\" href=\"http:\/\/www.ffyh.unc.edu.ar\/cda\/?page_id=531\">A<\/a> <a title=\"B\" href=\"http:\/\/www.ffyh.unc.edu.ar\/cda\/?page_id=553\">B<\/a> <a title=\"C\" href=\"http:\/\/www.ffyh.unc.edu.ar\/cda\/?page_id=563\">C<\/a> <a title=\"D\" href=\"http:\/\/www.ffyh.unc.edu.ar\/cda\/?page_id=568\">D<\/a> <a title=\"E\" href=\"http:\/\/www.ffyh.unc.edu.ar\/cda\/?page_id=573\">E<\/a> <a title=\"F\" href=\"http:\/\/www.ffyh.unc.edu.ar\/cda\/?page_id=576\">F<\/a> <a title=\"G\" href=\"http:\/\/www.ffyh.unc.edu.ar\/cda\/?page_id=579\">G<\/a> <a title=\"H\" href=\"http:\/\/www.ffyh.unc.edu.ar\/cda\/?page_id=585\">H<\/a> <a title=\"I\" href=\"http:\/\/www.ffyh.unc.edu.ar\/cda\/?page_id=588\">I<\/a> <a title=\"J\" href=\"http:\/\/www.ffyh.unc.edu.ar\/cda\/?page_id=591\">J<\/a> <a title=\"K\" href=\"http:\/\/www.ffyh.unc.edu.ar\/cda\/?page_id=596\">K<\/a> <a title=\"L\" href=\"http:\/\/www.ffyh.unc.edu.ar\/cda\/?page_id=599\">L<\/a> <a title=\"M\" href=\"http:\/\/www.ffyh.unc.edu.ar\/cda\/?page_id=607\">M<\/a> <a title=\"N\" href=\"http:\/\/www.ffyh.unc.edu.ar\/cda\/?page_id=610\">N<\/a> <a title=\"O\" href=\"http:\/\/www.ffyh.unc.edu.ar\/cda\/?page_id=614\">O<\/a> <a title=\"P\" href=\"http:\/\/www.ffyh.unc.edu.ar\/cda\/?page_id=617\">P<\/a> <a title=\"Q\" href=\"http:\/\/www.ffyh.unc.edu.ar\/cda\/?page_id=620\">Q<\/a> <a title=\"R\" href=\"http:\/\/www.ffyh.unc.edu.ar\/cda\/?page_id=623\">R<\/a> <a title=\"S\" href=\"http:\/\/www.ffyh.unc.edu.ar\/cda\/?page_id=626\">S<\/a> <a title=\"T\" href=\"http:\/\/www.ffyh.unc.edu.ar\/cda\/?page_id=629\">T<\/a> <a title=\"U\" href=\"http:\/\/www.ffyh.unc.edu.ar\/cda\/?page_id=632\">U<\/a> <a title=\"V\" href=\"http:\/\/www.ffyh.unc.edu.ar\/cda\/?page_id=637\">V<\/a> <a title=\"W\" href=\"http:\/\/www.ffyh.unc.edu.ar\/cda\/?page_id=640\">W<\/a> <a title=\"Y\" href=\"http:\/\/www.ffyh.unc.edu.ar\/cda\/?page_id=645\">Y<\/a> <a title=\"Z\" href=\"http:\/\/www.ffyh.unc.edu.ar\/cda\/?page_id=650\">Z<\/a><\/h1>\n<p><span style=\"color: #ffffff\">o<\/span><\/p>\n","protected":false},"excerpt":{"rendered":"<p>\u00cdndice Onom\u00e1stico de Personas Participantes en Noticias del Archivo F\u00edlmico Canal 10 (1962-1980) \u00a0o El Indice que aqu\u00ed se presenta constituye una de las producciones del Programa de Recuperaci\u00f3n y &hellip; <\/p>\n","protected":false},"author":10,"featured_media":0,"parent":12,"menu_order":0,"comment_status":"closed","ping_status":"closed","template":"page_full.php","meta":{"_acf_changed":false,"saved_in_kubio":false,"footnotes":""},"class_list":["post-64","page","type-page","status-publish","hentry"],"acf":[],"kubio_ai_page_context":{"short_desc":"","purpose":"general"},"_links":{"self":[{"href":"https:\/\/ffyh.unc.edu.ar\/cda\/wp-json\/wp\/v2\/pages\/64","targetHints":{"allow":["GET"]}}],"collection":[{"href":"https:\/\/ffyh.unc.edu.ar\/cda\/wp-json\/wp\/v2\/pages"}],"about":[{"href":"https:\/\/ffyh.unc.edu.ar\/cda\/wp-json\/wp\/v2\/types\/page"}],"author":[{"embeddable":true,"href":"https:\/\/ffyh.unc.edu.ar\/cda\/wp-json\/wp\/v2\/users\/10"}],"replies":[{"embeddable":true,"href":"https:\/\/ffyh.unc.edu.ar\/cda\/wp-json\/wp\/v2\/comments?post=64"}],"version-history":[{"count":0,"href":"https:\/\/ffyh.unc.edu.ar\/cda\/wp-json\/wp\/v2\/pages\/64\/revisions"}],"up":[{"embeddable":true,"href":"https:\/\/ffyh.unc.edu.ar\/cda\/wp-json\/wp\/v2\/pages\/12"}],"wp:attachment":[{"href":"https:\/\/ffyh.unc.edu.ar\/cda\/wp-json\/wp\/v2\/media?parent=64"}],"curies":[{"name":"wp","href":"https:\/\/api.w.org\/{rel}","templated":true}]}}