{"id":89,"date":"2011-06-30T17:08:56","date_gmt":"2011-06-30T17:08:56","guid":{"rendered":"http:\/\/www.ffyh.unc.edu.ar\/cda\/?page_id=89"},"modified":"2011-06-30T17:08:56","modified_gmt":"2011-06-30T17:08:56","slug":"coleccion-novello","status":"publish","type":"page","link":"https:\/\/ffyh.unc.edu.ar\/cda\/archivos\/coleccion-novello\/","title":{"rendered":"Colecci\u00f3n Novello"},"content":{"rendered":"<h1>Colecci\u00f3n Fotogr\u00e1fica Antonio Novello<\/h1>\n<p>&nbsp;<\/p>\n<p><span class=\"Apple-style-span\" style=\"font-size: 13px;font-weight: normal\"><img loading=\"lazy\" decoding=\"async\" class=\"aligncenter size-full wp-image-693\" title=\"novello 1\" src=\"http:\/\/ffyh.unc.edu.ar\/cda\/wp-content\/uploads\/sites\/6\/2011\/06\/novello-15.jpg\" alt=\"\" width=\"960\" height=\"48\" srcset=\"https:\/\/ffyh.unc.edu.ar\/cda\/wp-content\/uploads\/sites\/6\/2011\/06\/novello-15.jpg 960w, https:\/\/ffyh.unc.edu.ar\/cda\/wp-content\/uploads\/sites\/6\/2011\/06\/novello-15-300x15.jpg 300w, https:\/\/ffyh.unc.edu.ar\/cda\/wp-content\/uploads\/sites\/6\/2011\/06\/novello-15-768x38.jpg 768w, https:\/\/ffyh.unc.edu.ar\/cda\/wp-content\/uploads\/sites\/6\/2011\/06\/novello-15-430x22.jpg 430w, https:\/\/ffyh.unc.edu.ar\/cda\/wp-content\/uploads\/sites\/6\/2011\/06\/novello-15-950x48.jpg 950w\" sizes=\"auto, (max-width: 960px) 100vw, 960px\" \/><\/span><\/p>\n<p style=\"text-align: justify\">La Colecci\u00f3n Antonio Novello est\u00e1 integrada por material fotogr\u00e1fico de C\u00f3rdoba del periodo 1920-1955. La misma posee im\u00e1genes de diversos eventos pol\u00edticos,\u00a0culturales, sociales, deportivos, urbanas y sucesos de la \u00e9poca, que fueron registrados para el diario \u00abLa Voz del Interior\u00bb.<\/p>\n<p>Este acervo documental cuenta con 8600 placas negativas de vidrio de 9&#215;12 cm, que se generaron a partir de la c\u00e1mara SPIDO utilizada por Novello y su equipo. Entre ellos se encuentran los reporteros gr\u00e1ficos Oscar Natale, Rafael y Jos\u00e9 Ram\u00edrez, Miguel Osuma y Jos\u00e9 Caruso.<\/p>\n<p style=\"text-align: justify\">Antonio Novello (1886-1964) naci\u00f3 en Italia, en la ciudad de San Quirino de Pordenone, y a principios del siglo XX lleg\u00f3 a la Argentina. A fines de los a\u00f1os 20, se\u00a0incorpor\u00f3 al diario \u00abLa Voz del Interior\u00bb como jefe de fot\u00f3grafos y ocup\u00f3 ese cargo hasta 1958, cuando se jubila. Durante este tiempo, las notas gr\u00e1ficas fueron cubiertas por \u00e9l y su equipo a cargo.<\/p>\n<p style=\"text-align: justify\">En el CDA se lleva a cabo la preservaci\u00f3n, conservaci\u00f3n, documentaci\u00f3n, catalogaci\u00f3n y digitalizaci\u00f3n de las im\u00e1genes de la Colecci\u00f3n Novello con el objetivo de recuperar su contenido y dar acceso a la sociedad a estas fotograf\u00edas con valor hist\u00f3rico, documental y visual. Actualmente, a fin de facilitar la consulta de los materiales se realiza el redise\u00f1o e incorporaci\u00f3n de nueva informaci\u00f3n en la base de datos, y pr\u00f3ximamente se efectuaran nuevas digitalizaciones de placas de vidrio.<\/p>\n<p>Las fotograf\u00edas de la Colecci\u00f3n Novello est\u00e1n a disposici\u00f3n del p\u00fablico general para su consulta en formatos papel y digital en las instalaciones del CDA. Como as\u00ed tambi\u00e9n, la posibilidad de obtener copias de las im\u00e1genes en distintos formatos.<\/p>\n<p><span style=\"color: #ffffff\">n<\/span><\/p>\n<p style=\"text-align: center\"><img loading=\"lazy\" decoding=\"async\" class=\"aligncenter size-full wp-image-697\" title=\"novello 2\" src=\"http:\/\/ffyh.unc.edu.ar\/cda\/wp-content\/uploads\/sites\/6\/2011\/06\/novello-21.jpg\" alt=\"\" width=\"960\" height=\"235\" srcset=\"https:\/\/ffyh.unc.edu.ar\/cda\/wp-content\/uploads\/sites\/6\/2011\/06\/novello-21.jpg 960w, https:\/\/ffyh.unc.edu.ar\/cda\/wp-content\/uploads\/sites\/6\/2011\/06\/novello-21-300x73.jpg 300w, https:\/\/ffyh.unc.edu.ar\/cda\/wp-content\/uploads\/sites\/6\/2011\/06\/novello-21-768x188.jpg 768w, https:\/\/ffyh.unc.edu.ar\/cda\/wp-content\/uploads\/sites\/6\/2011\/06\/novello-21-430x105.jpg 430w\" sizes=\"auto, (max-width: 960px) 100vw, 960px\" \/><\/p>\n<h1><a href=\"http:\/\/www.ffyh.unc.edu.ar\/cda\/?page_id=217\">\u00a0Ver m\u00e1s fotos&#8230;<\/a><\/h1>\n","protected":false},"excerpt":{"rendered":"<p>Colecci\u00f3n Fotogr\u00e1fica Antonio Novello &nbsp; La Colecci\u00f3n Antonio Novello est\u00e1 integrada por material fotogr\u00e1fico de C\u00f3rdoba del periodo 1920-1955. La misma posee im\u00e1genes de diversos eventos pol\u00edticos,\u00a0culturales, sociales, deportivos, urbanas &hellip; <\/p>\n","protected":false},"author":10,"featured_media":0,"parent":18,"menu_order":0,"comment_status":"closed","ping_status":"closed","template":"page_full.php","meta":{"_acf_changed":false,"footnotes":""},"class_list":["post-89","page","type-page","status-publish","hentry"],"acf":[],"_links":{"self":[{"href":"https:\/\/ffyh.unc.edu.ar\/cda\/wp-json\/wp\/v2\/pages\/89","targetHints":{"allow":["GET"]}}],"collection":[{"href":"https:\/\/ffyh.unc.edu.ar\/cda\/wp-json\/wp\/v2\/pages"}],"about":[{"href":"https:\/\/ffyh.unc.edu.ar\/cda\/wp-json\/wp\/v2\/types\/page"}],"author":[{"embeddable":true,"href":"https:\/\/ffyh.unc.edu.ar\/cda\/wp-json\/wp\/v2\/users\/10"}],"replies":[{"embeddable":true,"href":"https:\/\/ffyh.unc.edu.ar\/cda\/wp-json\/wp\/v2\/comments?post=89"}],"version-history":[{"count":0,"href":"https:\/\/ffyh.unc.edu.ar\/cda\/wp-json\/wp\/v2\/pages\/89\/revisions"}],"up":[{"embeddable":true,"href":"https:\/\/ffyh.unc.edu.ar\/cda\/wp-json\/wp\/v2\/pages\/18"}],"wp:attachment":[{"href":"https:\/\/ffyh.unc.edu.ar\/cda\/wp-json\/wp\/v2\/media?parent=89"}],"curies":[{"name":"wp","href":"https:\/\/api.w.org\/{rel}","templated":true}]}}