{"id":1039,"date":"2011-11-25T16:24:56","date_gmt":"2011-11-25T19:24:56","guid":{"rendered":"http:\/\/www.ffyh.unc.edu.ar\/ciffyh\/?page_id=1039"},"modified":"2024-11-21T14:02:57","modified_gmt":"2024-11-21T14:02:57","slug":"memoria-anual-2010","status":"publish","type":"page","link":"https:\/\/ffyh.unc.edu.ar\/ciffyh\/institucional\/memorias\/memoria-anual-2010\/","title":{"rendered":"Memoria anual 2010"},"content":{"rendered":"<p style=\"text-align: left\">La memoria anual de 2010 est\u00e1 concebida como la <strong>manifestaci\u00f3n de un proceso de continuidad y profundizaci\u00f3n de las pol\u00edticas<\/strong> que hemos establecido como prioritarias para la gesti\u00f3n iniciada en 2008.<\/p>\n<p style=\"text-align: left\">En primer lugar, durante este per\u00edodo hemos <strong>ahondado y complejizado la pol\u00edtica de comunicaci\u00f3n<\/strong> que hab\u00eda sido dise\u00f1ada con el objetivo de reforzar los canales internos de di\u00e1logo y al mismo tiempo constituir un puente hacia otros actores. Para ello, pusimos en marcha el proyecto de <strong>mejoramiento de la p\u00e1gina web<\/strong>, cuyo prop\u00f3sito central consisti\u00f3 en agilizar y hacer m\u00e1s atractivo el acceso a los contenidos, y la publicaci\u00f3n quincenal del Bolet\u00edn virtual, conteniendo notas, entrevistas y noticias relacionadas con las diferentes actividades que promueve el CIFFyH. A estas acciones se fueron integrando otras iniciativas que ya est\u00e1n en marcha y que pretenden contribuir a la <strong>constituci\u00f3n de un Programa <\/strong><strong>de Divulgaci\u00f3n en Ciencias Sociales y Humanas<\/strong>.<\/p>\n<p style=\"text-align: left\">Con respecto a la pol\u00edtica de publicaciones, <strong>hemos dado continuidad a las revistas institucionales<\/strong>. En 2010, se public\u00f3 en n\u00famero VI de la revista <strong>Pensares<\/strong>, estructurado a partir de una selecci\u00f3n de las ponencias presentadas en el VI Encuentro Interdisciplinario de las Ciencias Sociales y Humanas e integradas al eje \u00ab<strong>Teor\u00edas\/Modelos en Ciencias Sociales y Humanas<\/strong>\u00ab.<\/p>\n<p style=\"text-align: left\">Asimismo, la revista <strong>Avances<\/strong> del \u00c1rea Artes, ha publicado sus n\u00fameros 15 y 16 correspondientes al a\u00f1o 2010. Tambi\u00e9n se ha editado la revista <strong>Nombres. Revista de Filosof\u00eda<\/strong> , que ya lleva el n\u00famero 24 y la revista <strong>Cuadernos de Educaci\u00f3n<\/strong>, su n\u00famero 8.<\/p>\n<p style=\"text-align: left\">Tambi\u00e9n, <strong>el 2010 dio a luz una nueva publicaci\u00f3n de \u00e1rea<\/strong>, la revista <strong>RECIAL (Revista del CIFFyH \u00c1rea Letras)<\/strong>, cuyo primer n\u00famero se articul\u00f3 sobre reflexiones en torno al eje \u201c<strong>Lengua y Literatura en los procesos de emancipaci\u00f3n<\/strong>\u201d. La modalidad de la publicaci\u00f3n realizada en formato virtual, se inscribe en la l\u00ednea de las dem\u00e1s revistas institucionales en cuanto a la rigurosidad en la selecci\u00f3n de los trabajos y la calidad de la producci\u00f3n te\u00f3rico-cr\u00edtica.<\/p>\n<p style=\"text-align: left\">En lo que respecta a la <strong>pol\u00edtica de concursos<\/strong>, durante el 2010 <strong>se han sustanciado los concursos pendientes en las \u00e1reas de Letras, Educaci\u00f3n y Ciencias Sociales<\/strong>. De este modo, la casi totalidad de los cargos de investigaci\u00f3n han sido cubiertos por concurso.<\/p>\n<p style=\"text-align: left\">Otro aspecto a destacar se refiere al <strong>desarrollo de reuniones cient\u00edficas<\/strong>, que a largo de estos a\u00f1os se han ido afianzando y multiplicando. En lo referido a reuniones internacionales, se llevaron a cabo las <strong>XXI Jornadas de Epistemolog\u00eda e Historia de la Ciencia<\/strong>, organizadas por el area de Filosof\u00eda y el <strong>Congreso Internacional \u00abEl Caribe en sus literautras y culturas\u00bb<\/strong>, del \u00e1rea Letras. Asimismo, se dio continuidad a los eventos nacionales, entre los que cabe destacar las <strong>IX Jornadas Nacionales y VI Jornadas Latinoamericanas \u201cEl pensar y hacer Nuestra America a doscientos a\u00f1os de la independencia\u201d<\/strong> y las <strong>VIII Jornadas de Historia de la UNC en el Bicentenario<\/strong>.<\/p>\n<p style=\"text-align: left\">Tambi\u00e9n merece una menci\u00f3n especial el <strong>desarrollo de los Seminarios Permanentes de las \u00c1reas<\/strong>, implementado a partir de este a\u00f1o. En este marco, se realizan diversas actividades tales como presentaci\u00f3n de avances de los investigadores y becarios, charlas con profesores invitados, discusiones metodol\u00f3gicas, etc.<\/p>\n<p style=\"text-align: left\">Finalmente, destacamos la <strong>continuidad de los proyectos de equipos de investigaci\u00f3n y su paulatino crecimiento en t\u00e9rminos de diversidad de propuestas y cantidad de investigadores que los integran<\/strong>. En los gr\u00e1ficos podr\u00e1 observarse el incremento de proyectos de equipo, proyectos individuales radicados en el centro y programas de investigaci\u00f3n. As\u00ed, <strong>de 122 proyectos de equipo en el 2010 se ascendi\u00f3 a 142<\/strong>, <strong>de 11 programas de investigaci\u00f3n a 13<\/strong> y de <strong>86 becarios a 125<\/strong>.<\/p>\n<p style=\"text-align: left\">Estas cifras expresan por s\u00ed mismas el <strong>crecimiento de la masa cr\u00edtica de investigadores que produce desde el CIFFyH<\/strong> y la <strong>consolidaci\u00f3n de un espacio institucional que articula un considerable segmento de las pr\u00e1cticas investigativas<\/strong> que se llevan a cabo en la Facultad.<\/p>\n<ul>\n<li><a href=\"https:\/\/ffyh.unc.edu.ar\/ciffyh\/wp-content\/uploads\/sites\/10\/2011\/11\/memoria-2010-principal.pdf\" target=\"_blank\" rel=\"noopener\">Descargar Memoria 2010<\/a> (en pdf)<\/li>\n<\/ul>\n","protected":false},"excerpt":{"rendered":"<p>La memoria anual de 2010 est\u00e1 concebida como la manifestaci\u00f3n de un proceso de continuidad y profundizaci\u00f3n de las pol\u00edticas<\/p>\n","protected":false},"author":1,"featured_media":0,"parent":19,"menu_order":4,"comment_status":"closed","ping_status":"closed","template":"","meta":{"_acf_changed":false,"colormag_page_container_layout":"default_layout","colormag_page_sidebar_layout":"default_layout","footnotes":""},"class_list":["post-1039","page","type-page","status-publish","hentry"],"acf":[],"yoast_head":"<!-- This site is optimized with the Yoast SEO plugin v27.1.1 - https:\/\/yoast.com\/product\/yoast-seo-wordpress\/ -->\n<title>Memoria anual 2010 - Centro de Investigaciones &quot;Maria Saleme de Burnichon&quot;<\/title>\n<meta name=\"robots\" content=\"index, follow, max-snippet:-1, max-image-preview:large, max-video-preview:-1\" \/>\n<link rel=\"canonical\" href=\"https:\/\/ffyh.unc.edu.ar\/ciffyh\/institucional\/memorias\/memoria-anual-2010\/\" \/>\n<meta property=\"og:locale\" content=\"es_ES\" \/>\n<meta property=\"og:type\" content=\"article\" \/>\n<meta property=\"og:title\" content=\"Memoria anual 2010 - Centro de Investigaciones &quot;Maria Saleme de Burnichon&quot;\" \/>\n<meta property=\"og:description\" content=\"La memoria anual de 2010 est\u00e1 concebida como la manifestaci\u00f3n de un proceso de continuidad y profundizaci\u00f3n de las pol\u00edticas\" \/>\n<meta property=\"og:url\" content=\"https:\/\/ffyh.unc.edu.ar\/ciffyh\/institucional\/memorias\/memoria-anual-2010\/\" \/>\n<meta property=\"og:site_name\" content=\"Centro de Investigaciones &quot;Maria Saleme de Burnichon&quot;\" \/>\n<meta property=\"article:modified_time\" content=\"2024-11-21T14:02:57+00:00\" \/>\n<meta name=\"twitter:card\" content=\"summary_large_image\" \/>\n<meta name=\"twitter:label1\" content=\"Tiempo de lectura\" \/>\n\t<meta name=\"twitter:data1\" content=\"3 minutos\" \/>\n<script type=\"application\/ld+json\" class=\"yoast-schema-graph\">{\"@context\":\"https:\/\/schema.org\",\"@graph\":[{\"@type\":\"WebPage\",\"@id\":\"https:\/\/ffyh.unc.edu.ar\/ciffyh\/institucional\/memorias\/memoria-anual-2010\/\",\"url\":\"https:\/\/ffyh.unc.edu.ar\/ciffyh\/institucional\/memorias\/memoria-anual-2010\/\",\"name\":\"Memoria anual 2010 - Centro de Investigaciones &quot;Maria Saleme de Burnichon&quot;\",\"isPartOf\":{\"@id\":\"https:\/\/ffyh.unc.edu.ar\/ciffyh\/#website\"},\"datePublished\":\"2011-11-25T19:24:56+00:00\",\"dateModified\":\"2024-11-21T14:02:57+00:00\",\"breadcrumb\":{\"@id\":\"https:\/\/ffyh.unc.edu.ar\/ciffyh\/institucional\/memorias\/memoria-anual-2010\/#breadcrumb\"},\"inLanguage\":\"es\",\"potentialAction\":[{\"@type\":\"ReadAction\",\"target\":[\"https:\/\/ffyh.unc.edu.ar\/ciffyh\/institucional\/memorias\/memoria-anual-2010\/\"]}]},{\"@type\":\"BreadcrumbList\",\"@id\":\"https:\/\/ffyh.unc.edu.ar\/ciffyh\/institucional\/memorias\/memoria-anual-2010\/#breadcrumb\",\"itemListElement\":[{\"@type\":\"ListItem\",\"position\":1,\"name\":\"Portada\",\"item\":\"https:\/\/ffyh.unc.edu.ar\/ciffyh\/\"},{\"@type\":\"ListItem\",\"position\":2,\"name\":\"Institucional\",\"item\":\"https:\/\/ffyh.unc.edu.ar\/ciffyh\/institucional\/\"},{\"@type\":\"ListItem\",\"position\":3,\"name\":\"Memorias anuales\",\"item\":\"https:\/\/ffyh.unc.edu.ar\/ciffyh\/institucional\/memorias\/\"},{\"@type\":\"ListItem\",\"position\":4,\"name\":\"Memoria anual 2010\"}]},{\"@type\":\"WebSite\",\"@id\":\"https:\/\/ffyh.unc.edu.ar\/ciffyh\/#website\",\"url\":\"https:\/\/ffyh.unc.edu.ar\/ciffyh\/\",\"name\":\"Centro de Investigaciones \\\"Maria Saleme de Burnichon\\\"\",\"description\":\"Facultad de Filosof\u00eda y Humanidades | UNC\",\"publisher\":{\"@id\":\"https:\/\/ffyh.unc.edu.ar\/ciffyh\/#organization\"},\"potentialAction\":[{\"@type\":\"SearchAction\",\"target\":{\"@type\":\"EntryPoint\",\"urlTemplate\":\"https:\/\/ffyh.unc.edu.ar\/ciffyh\/?s={search_term_string}\"},\"query-input\":{\"@type\":\"PropertyValueSpecification\",\"valueRequired\":true,\"valueName\":\"search_term_string\"}}],\"inLanguage\":\"es\"},{\"@type\":\"Organization\",\"@id\":\"https:\/\/ffyh.unc.edu.ar\/ciffyh\/#organization\",\"name\":\"Centro de Investigaciones \\\"Maria Saleme de Burnichon\\\"\",\"url\":\"https:\/\/ffyh.unc.edu.ar\/ciffyh\/\",\"logo\":{\"@type\":\"ImageObject\",\"inLanguage\":\"es\",\"@id\":\"https:\/\/ffyh.unc.edu.ar\/ciffyh\/#\/schema\/logo\/image\/\",\"url\":\"https:\/\/ffyh.unc.edu.ar\/ciffyh\/wp-content\/uploads\/sites\/10\/2018\/02\/cropped-logo-ciffyh-ico.png\",\"contentUrl\":\"https:\/\/ffyh.unc.edu.ar\/ciffyh\/wp-content\/uploads\/sites\/10\/2018\/02\/cropped-logo-ciffyh-ico.png\",\"width\":512,\"height\":512,\"caption\":\"Centro de Investigaciones \\\"Maria Saleme de Burnichon\\\"\"},\"image\":{\"@id\":\"https:\/\/ffyh.unc.edu.ar\/ciffyh\/#\/schema\/logo\/image\/\"},\"sameAs\":[\"https:\/\/www.instagram.com\/ciffyh\/\"]}]}<\/script>\n<!-- \/ Yoast SEO plugin. -->","yoast_head_json":{"title":"Memoria anual 2010 - Centro de Investigaciones &quot;Maria Saleme de Burnichon&quot;","robots":{"index":"index","follow":"follow","max-snippet":"max-snippet:-1","max-image-preview":"max-image-preview:large","max-video-preview":"max-video-preview:-1"},"canonical":"https:\/\/ffyh.unc.edu.ar\/ciffyh\/institucional\/memorias\/memoria-anual-2010\/","og_locale":"es_ES","og_type":"article","og_title":"Memoria anual 2010 - Centro de Investigaciones &quot;Maria Saleme de Burnichon&quot;","og_description":"La memoria anual de 2010 est\u00e1 concebida como la manifestaci\u00f3n de un proceso de continuidad y profundizaci\u00f3n de las pol\u00edticas","og_url":"https:\/\/ffyh.unc.edu.ar\/ciffyh\/institucional\/memorias\/memoria-anual-2010\/","og_site_name":"Centro de Investigaciones &quot;Maria Saleme de Burnichon&quot;","article_modified_time":"2024-11-21T14:02:57+00:00","twitter_card":"summary_large_image","twitter_misc":{"Tiempo de lectura":"3 minutos"},"schema":{"@context":"https:\/\/schema.org","@graph":[{"@type":"WebPage","@id":"https:\/\/ffyh.unc.edu.ar\/ciffyh\/institucional\/memorias\/memoria-anual-2010\/","url":"https:\/\/ffyh.unc.edu.ar\/ciffyh\/institucional\/memorias\/memoria-anual-2010\/","name":"Memoria anual 2010 - Centro de Investigaciones &quot;Maria Saleme de Burnichon&quot;","isPartOf":{"@id":"https:\/\/ffyh.unc.edu.ar\/ciffyh\/#website"},"datePublished":"2011-11-25T19:24:56+00:00","dateModified":"2024-11-21T14:02:57+00:00","breadcrumb":{"@id":"https:\/\/ffyh.unc.edu.ar\/ciffyh\/institucional\/memorias\/memoria-anual-2010\/#breadcrumb"},"inLanguage":"es","potentialAction":[{"@type":"ReadAction","target":["https:\/\/ffyh.unc.edu.ar\/ciffyh\/institucional\/memorias\/memoria-anual-2010\/"]}]},{"@type":"BreadcrumbList","@id":"https:\/\/ffyh.unc.edu.ar\/ciffyh\/institucional\/memorias\/memoria-anual-2010\/#breadcrumb","itemListElement":[{"@type":"ListItem","position":1,"name":"Portada","item":"https:\/\/ffyh.unc.edu.ar\/ciffyh\/"},{"@type":"ListItem","position":2,"name":"Institucional","item":"https:\/\/ffyh.unc.edu.ar\/ciffyh\/institucional\/"},{"@type":"ListItem","position":3,"name":"Memorias anuales","item":"https:\/\/ffyh.unc.edu.ar\/ciffyh\/institucional\/memorias\/"},{"@type":"ListItem","position":4,"name":"Memoria anual 2010"}]},{"@type":"WebSite","@id":"https:\/\/ffyh.unc.edu.ar\/ciffyh\/#website","url":"https:\/\/ffyh.unc.edu.ar\/ciffyh\/","name":"Centro de Investigaciones \"Maria Saleme de Burnichon\"","description":"Facultad de Filosof\u00eda y Humanidades | UNC","publisher":{"@id":"https:\/\/ffyh.unc.edu.ar\/ciffyh\/#organization"},"potentialAction":[{"@type":"SearchAction","target":{"@type":"EntryPoint","urlTemplate":"https:\/\/ffyh.unc.edu.ar\/ciffyh\/?s={search_term_string}"},"query-input":{"@type":"PropertyValueSpecification","valueRequired":true,"valueName":"search_term_string"}}],"inLanguage":"es"},{"@type":"Organization","@id":"https:\/\/ffyh.unc.edu.ar\/ciffyh\/#organization","name":"Centro de Investigaciones \"Maria Saleme de Burnichon\"","url":"https:\/\/ffyh.unc.edu.ar\/ciffyh\/","logo":{"@type":"ImageObject","inLanguage":"es","@id":"https:\/\/ffyh.unc.edu.ar\/ciffyh\/#\/schema\/logo\/image\/","url":"https:\/\/ffyh.unc.edu.ar\/ciffyh\/wp-content\/uploads\/sites\/10\/2018\/02\/cropped-logo-ciffyh-ico.png","contentUrl":"https:\/\/ffyh.unc.edu.ar\/ciffyh\/wp-content\/uploads\/sites\/10\/2018\/02\/cropped-logo-ciffyh-ico.png","width":512,"height":512,"caption":"Centro de Investigaciones \"Maria Saleme de Burnichon\""},"image":{"@id":"https:\/\/ffyh.unc.edu.ar\/ciffyh\/#\/schema\/logo\/image\/"},"sameAs":["https:\/\/www.instagram.com\/ciffyh\/"]}]}},"_links":{"self":[{"href":"https:\/\/ffyh.unc.edu.ar\/ciffyh\/wp-json\/wp\/v2\/pages\/1039","targetHints":{"allow":["GET"]}}],"collection":[{"href":"https:\/\/ffyh.unc.edu.ar\/ciffyh\/wp-json\/wp\/v2\/pages"}],"about":[{"href":"https:\/\/ffyh.unc.edu.ar\/ciffyh\/wp-json\/wp\/v2\/types\/page"}],"author":[{"embeddable":true,"href":"https:\/\/ffyh.unc.edu.ar\/ciffyh\/wp-json\/wp\/v2\/users\/1"}],"replies":[{"embeddable":true,"href":"https:\/\/ffyh.unc.edu.ar\/ciffyh\/wp-json\/wp\/v2\/comments?post=1039"}],"version-history":[{"count":1,"href":"https:\/\/ffyh.unc.edu.ar\/ciffyh\/wp-json\/wp\/v2\/pages\/1039\/revisions"}],"predecessor-version":[{"id":7791,"href":"https:\/\/ffyh.unc.edu.ar\/ciffyh\/wp-json\/wp\/v2\/pages\/1039\/revisions\/7791"}],"up":[{"embeddable":true,"href":"https:\/\/ffyh.unc.edu.ar\/ciffyh\/wp-json\/wp\/v2\/pages\/19"}],"wp:attachment":[{"href":"https:\/\/ffyh.unc.edu.ar\/ciffyh\/wp-json\/wp\/v2\/media?parent=1039"}],"curies":[{"name":"wp","href":"https:\/\/api.w.org\/{rel}","templated":true}]}}