{"id":11,"date":"2009-11-18T16:41:53","date_gmt":"2009-11-18T19:41:53","guid":{"rendered":"http:\/\/www.ffyh.unc.edu.ar\/ciffyh\/?page_id=11"},"modified":"2023-05-24T20:59:52","modified_gmt":"2023-05-24T20:59:52","slug":"maria","status":"publish","type":"page","link":"https:\/\/ffyh.unc.edu.ar\/ciffyh\/institucional\/maria\/","title":{"rendered":"Mar\u00eda Saleme de Burnichon"},"content":{"rendered":"<p>Mar\u00eda Esther Saleme (San Miguel de Tucum\u00e1n, 15 de septiembre de 1919 &#8211; C\u00f3rdoba, 21 de noviembre de 2003) fue una docente y militante argentina, apodada afectuosamente como \u201cLa Negrita\u201d, que comenz\u00f3 su carrera alfabetizando a obreras mientras estudiaba en la Universidad Nacional de Tucum\u00e1n Filosof\u00eda y Pedagog\u00eda. Sus ejes de an\u00e1lisis fueron la \u00e9tica, la educaci\u00f3n popular, la ense\u00f1anza a los excluidos, la formaci\u00f3n de maestros, la infancia sin derechos y los abor\u00edgenes desplazados de su tierra.<\/p>\n<p>Mar\u00eda Saleme fue docente de distintos establecimientos del pa\u00eds y del continente. Desde junio de 1988 a junio de 1990 fue decana de la Facultad de Filosof\u00eda de la Universidad Nacional de C\u00f3rdoba\u200b y Directora de nuestro Centro de Investigaci\u00f3n que hoy lleva su nombre.<\/p>\n<h3 style=\"text-align: left\"><em>De ustedes es la palabra, ahora la esperamos<\/em><\/h3>\n<p align=\"justify\"><img fetchpriority=\"high\" decoding=\"async\" class=\"alignleft wp-image-5910 \" src=\"http:\/\/ffyh.unc.edu.ar\/ciffyh\/wp-content\/uploads\/sites\/10\/2023\/05\/fotomaria-194x300.jpg\" alt=\"\" width=\"277\" height=\"401\" \/><\/p>\n<p style=\"text-align: left\" align=\"justify\"><em>\u201cLa Universidad tiene cuatro funciones espec\u00edfi\u00adcas, a cumplir, relacionadas entre s\u00ed: la investigaci\u00f3n cient\u00ed\u00adfica, sensibilidad social, preservaci\u00f3n del patrimonio cultural y formaci\u00f3n de profesionales. Este orden no es casual, ni tampoco signifi\u00adca prioridades: uno supone al otro\u2026 <\/em><\/p>\n<p style=\"text-align: left\" align=\"justify\"><em>Ajustar estas cuatro funciones, decir -no callar- lo que es necesario que desde la Universidad sea cumplido, es simplemente reformular nuestra historia como pa\u00eds; es romper los silencios c\u00f3mplices aunque porten vestiduras acad\u00e9micas; es rescatar la memoria y tal vez nadie como nosotros, que nos consideramos portadores de un saber de excelencia, est\u00e9 tan obligado a tenerla. <\/em><\/p>\n<p style=\"text-align: left\" align=\"justify\"><em>Ni la Universidad puede saber a ciencia cierta cu\u00e1l es su rol hoy y ma\u00f1ana, ni nosotros tener certeza sobre la validez de nuestro desempe\u00f1o, si juntos, no decimos con claridad d\u00f3nde estamos parados, si juntos no emprendemos la b\u00fasqueda de un conocimiento verdadero que no est\u00e1, por cierto, re\u00f1ido con el ejercicio de la imaginaci\u00f3n, s\u00ed con la fabulaci\u00f3n, s\u00ed con la falsi\u00adficaci\u00f3n\u2026 De ustedes es la palabra, ahora la esperamos. Tambi\u00e9n estaremos esperando el regreso.\u201d<\/em><\/p>\n<p align=\"right\"><strong>Mar\u00eda Saleme de Burnichon<\/strong><br \/>\nColaci\u00f3n de Grados de la Facultad de Filosof\u00eda y Humanidades,<br \/>\nUniversidad nacional de C\u00f3rdoba, 1989<\/p>\n<p align=\"right\">La fotograf\u00eda fue realizada por <a href=\"https:\/\/www.instagram.com\/bibianafulchieri\/\">Bibiana Fulchieri<\/a><\/p>\n<p style=\"text-align: center\" align=\"right\">***<\/p>\n<p style=\"text-align: left\" align=\"right\">Para conocer m\u00e1s sobre Mar\u00eda te invitamos a ver el siguiente video realizado en el marco de las VIII Jornadas de Investigaci\u00f3n en Educaci\u00f3n \u201cEducaci\u00f3n, derechos, pol\u00edtica y subjetividad\u201d que se llevaron a cabo en octubre de 2013.<\/p>\n<p><iframe title=\"MARIA SALEME DE BURNICHON\" width=\"800\" height=\"450\" src=\"https:\/\/www.youtube.com\/embed\/Tze-qqYJ9Fg?start=3&#038;feature=oembed\" frameborder=\"0\" allow=\"accelerometer; autoplay; clipboard-write; encrypted-media; gyroscope; picture-in-picture; web-share\" allowfullscreen><\/iframe><\/p>\n<p style=\"text-align: center\" align=\"right\">***<\/p>\n<p style=\"text-align: left\" align=\"right\">Tambi\u00e9n te acercamos<strong> <a href=\"https:\/\/ffyh.unc.edu.ar\/alfilo\/anteriores\/alfilo-6\/adjuntos.htm\">esta entrevista<\/a> <\/strong>titulada \u201cEnse\u00f1ar es aprender a escuchar\u201d realizada en junio de 1996 y publicada en el suplemento digital de la revista \u201cLa Educaci\u00f3n en nuestras manos\u201d (N\u00b0 23; septiembre de 2005), del Sindicato Unificado de Trabajadores de la Educaci\u00f3n de la Provincia de Buenos Aires.<\/p>\n<p style=\"text-align: center\" align=\"right\">***<\/p>\n<p style=\"text-align: left\" align=\"right\">El siguiente video presenta una semblanza de Mar\u00eda y fue realizado en el marco del ciclo \u00abVidas para ser le\u00edas\u00bb de Tinkuy, un espacio de producci\u00f3n cultural y educativa, focalizado en la promoci\u00f3n de la lectura.<\/p>\n<p><iframe title=\"Mar\u00eda Saleme de Burnichon\" width=\"800\" height=\"450\" src=\"https:\/\/www.youtube.com\/embed\/5y_Hlb8m_ss?feature=oembed\" frameborder=\"0\" allow=\"accelerometer; autoplay; clipboard-write; encrypted-media; gyroscope; picture-in-picture; web-share\" allowfullscreen><\/iframe><\/p>\n<p style=\"text-align: center\" align=\"right\">***<\/p>\n<p>Desde <strong><a href=\"https:\/\/online.fliphtml5.com\/zzanc\/eezr\/#p=1\">este enlace<\/a> <\/strong>pod\u00e9s acceder a la \u00faltima Edici\u00f3n del libro Decires de Mar\u00eda Saleme de Burnichon de Narvaja Editor.<\/p>\n<p style=\"text-align: center\">***<\/p>\n<p>Finalmente compartimos una <a href=\"https:\/\/ffyh.unc.edu.ar\/alfilo\/maria-un-espejo-donde-mirarnos-siempre\/\"><strong>esta nota<\/strong><\/a> de la Revista Alfilo titulada \u00abMar\u00eda, un espejo donde mirarnos siempre\u00bb donde se rese\u00f1a la actividad que celebr\u00f3 los 100 a\u00f1os del nacimiento de Mar\u00eda Saleme.<\/p>\n","protected":false},"excerpt":{"rendered":"<p>Mar\u00eda Esther Saleme (San Miguel de Tucum\u00e1n, 15 de septiembre de 1919 &#8211; C\u00f3rdoba, 21 de noviembre de 2003) fue<\/p>\n","protected":false},"author":1,"featured_media":0,"parent":1842,"menu_order":0,"comment_status":"closed","ping_status":"closed","template":"","meta":{"_acf_changed":false,"saved_in_kubio":false,"colormag_page_container_layout":"default_layout","colormag_page_sidebar_layout":"default_layout","footnotes":""},"class_list":["post-11","page","type-page","status-publish","hentry"],"acf":[],"kubio_ai_page_context":{"short_desc":"","purpose":"general"},"yoast_head":"<!-- This site is optimized with the Yoast SEO plugin v27.1.1 - https:\/\/yoast.com\/product\/yoast-seo-wordpress\/ -->\n<title>Mar\u00eda Saleme de Burnichon - Centro de Investigaciones &quot;Maria Saleme de Burnichon&quot;<\/title>\n<meta name=\"robots\" content=\"index, follow, max-snippet:-1, max-image-preview:large, max-video-preview:-1\" \/>\n<link rel=\"canonical\" href=\"https:\/\/ffyh.unc.edu.ar\/ciffyh\/institucional\/maria\/\" \/>\n<meta property=\"og:locale\" content=\"es_ES\" \/>\n<meta property=\"og:type\" content=\"article\" \/>\n<meta property=\"og:title\" content=\"Mar\u00eda Saleme de Burnichon - Centro de Investigaciones &quot;Maria Saleme de Burnichon&quot;\" \/>\n<meta property=\"og:description\" content=\"Mar\u00eda Esther Saleme (San Miguel de Tucum\u00e1n, 15 de septiembre de 1919 &#8211; C\u00f3rdoba, 21 de noviembre de 2003) fue\" \/>\n<meta property=\"og:url\" content=\"https:\/\/ffyh.unc.edu.ar\/ciffyh\/institucional\/maria\/\" \/>\n<meta property=\"og:site_name\" content=\"Centro de Investigaciones &quot;Maria Saleme de Burnichon&quot;\" \/>\n<meta property=\"article:modified_time\" content=\"2023-05-24T20:59:52+00:00\" \/>\n<meta property=\"og:image\" content=\"http:\/\/ffyh.unc.edu.ar\/ciffyh\/wp-content\/uploads\/sites\/10\/2023\/05\/fotomaria-194x300.jpg\" \/>\n<meta name=\"twitter:card\" content=\"summary_large_image\" \/>\n<meta name=\"twitter:label1\" content=\"Tiempo de lectura\" \/>\n\t<meta name=\"twitter:data1\" content=\"3 minutos\" \/>\n<script type=\"application\/ld+json\" class=\"yoast-schema-graph\">{\"@context\":\"https:\/\/schema.org\",\"@graph\":[{\"@type\":\"WebPage\",\"@id\":\"https:\/\/ffyh.unc.edu.ar\/ciffyh\/institucional\/maria\/\",\"url\":\"https:\/\/ffyh.unc.edu.ar\/ciffyh\/institucional\/maria\/\",\"name\":\"Mar\u00eda Saleme de Burnichon - Centro de Investigaciones &quot;Maria Saleme de Burnichon&quot;\",\"isPartOf\":{\"@id\":\"https:\/\/ffyh.unc.edu.ar\/ciffyh\/#website\"},\"primaryImageOfPage\":{\"@id\":\"https:\/\/ffyh.unc.edu.ar\/ciffyh\/institucional\/maria\/#primaryimage\"},\"image\":{\"@id\":\"https:\/\/ffyh.unc.edu.ar\/ciffyh\/institucional\/maria\/#primaryimage\"},\"thumbnailUrl\":\"http:\/\/ffyh.unc.edu.ar\/ciffyh\/wp-content\/uploads\/sites\/10\/2023\/05\/fotomaria-194x300.jpg\",\"datePublished\":\"2009-11-18T19:41:53+00:00\",\"dateModified\":\"2023-05-24T20:59:52+00:00\",\"breadcrumb\":{\"@id\":\"https:\/\/ffyh.unc.edu.ar\/ciffyh\/institucional\/maria\/#breadcrumb\"},\"inLanguage\":\"es\",\"potentialAction\":[{\"@type\":\"ReadAction\",\"target\":[\"https:\/\/ffyh.unc.edu.ar\/ciffyh\/institucional\/maria\/\"]}]},{\"@type\":\"ImageObject\",\"inLanguage\":\"es\",\"@id\":\"https:\/\/ffyh.unc.edu.ar\/ciffyh\/institucional\/maria\/#primaryimage\",\"url\":\"http:\/\/ffyh.unc.edu.ar\/ciffyh\/wp-content\/uploads\/sites\/10\/2023\/05\/fotomaria-194x300.jpg\",\"contentUrl\":\"http:\/\/ffyh.unc.edu.ar\/ciffyh\/wp-content\/uploads\/sites\/10\/2023\/05\/fotomaria-194x300.jpg\"},{\"@type\":\"BreadcrumbList\",\"@id\":\"https:\/\/ffyh.unc.edu.ar\/ciffyh\/institucional\/maria\/#breadcrumb\",\"itemListElement\":[{\"@type\":\"ListItem\",\"position\":1,\"name\":\"Portada\",\"item\":\"https:\/\/ffyh.unc.edu.ar\/ciffyh\/\"},{\"@type\":\"ListItem\",\"position\":2,\"name\":\"Institucional\",\"item\":\"https:\/\/ffyh.unc.edu.ar\/ciffyh\/institucional\/\"},{\"@type\":\"ListItem\",\"position\":3,\"name\":\"Mar\u00eda Saleme de Burnichon\"}]},{\"@type\":\"WebSite\",\"@id\":\"https:\/\/ffyh.unc.edu.ar\/ciffyh\/#website\",\"url\":\"https:\/\/ffyh.unc.edu.ar\/ciffyh\/\",\"name\":\"Centro de Investigaciones \\\"Maria Saleme de Burnichon\\\"\",\"description\":\"Facultad de Filosof\u00eda y Humanidades | UNC\",\"publisher\":{\"@id\":\"https:\/\/ffyh.unc.edu.ar\/ciffyh\/#organization\"},\"potentialAction\":[{\"@type\":\"SearchAction\",\"target\":{\"@type\":\"EntryPoint\",\"urlTemplate\":\"https:\/\/ffyh.unc.edu.ar\/ciffyh\/?s={search_term_string}\"},\"query-input\":{\"@type\":\"PropertyValueSpecification\",\"valueRequired\":true,\"valueName\":\"search_term_string\"}}],\"inLanguage\":\"es\"},{\"@type\":\"Organization\",\"@id\":\"https:\/\/ffyh.unc.edu.ar\/ciffyh\/#organization\",\"name\":\"Centro de Investigaciones \\\"Maria Saleme de Burnichon\\\"\",\"url\":\"https:\/\/ffyh.unc.edu.ar\/ciffyh\/\",\"logo\":{\"@type\":\"ImageObject\",\"inLanguage\":\"es\",\"@id\":\"https:\/\/ffyh.unc.edu.ar\/ciffyh\/#\/schema\/logo\/image\/\",\"url\":\"https:\/\/ffyh.unc.edu.ar\/ciffyh\/wp-content\/uploads\/sites\/10\/2018\/02\/cropped-logo-ciffyh-ico.png\",\"contentUrl\":\"https:\/\/ffyh.unc.edu.ar\/ciffyh\/wp-content\/uploads\/sites\/10\/2018\/02\/cropped-logo-ciffyh-ico.png\",\"width\":512,\"height\":512,\"caption\":\"Centro de Investigaciones \\\"Maria Saleme de Burnichon\\\"\"},\"image\":{\"@id\":\"https:\/\/ffyh.unc.edu.ar\/ciffyh\/#\/schema\/logo\/image\/\"},\"sameAs\":[\"https:\/\/www.instagram.com\/ciffyh\/\"]}]}<\/script>\n<!-- \/ Yoast SEO plugin. -->","yoast_head_json":{"title":"Mar\u00eda Saleme de Burnichon - Centro de Investigaciones &quot;Maria Saleme de Burnichon&quot;","robots":{"index":"index","follow":"follow","max-snippet":"max-snippet:-1","max-image-preview":"max-image-preview:large","max-video-preview":"max-video-preview:-1"},"canonical":"https:\/\/ffyh.unc.edu.ar\/ciffyh\/institucional\/maria\/","og_locale":"es_ES","og_type":"article","og_title":"Mar\u00eda Saleme de Burnichon - Centro de Investigaciones &quot;Maria Saleme de Burnichon&quot;","og_description":"Mar\u00eda Esther Saleme (San Miguel de Tucum\u00e1n, 15 de septiembre de 1919 &#8211; C\u00f3rdoba, 21 de noviembre de 2003) fue","og_url":"https:\/\/ffyh.unc.edu.ar\/ciffyh\/institucional\/maria\/","og_site_name":"Centro de Investigaciones &quot;Maria Saleme de Burnichon&quot;","article_modified_time":"2023-05-24T20:59:52+00:00","og_image":[{"url":"http:\/\/ffyh.unc.edu.ar\/ciffyh\/wp-content\/uploads\/sites\/10\/2023\/05\/fotomaria-194x300.jpg","type":"","width":"","height":""}],"twitter_card":"summary_large_image","twitter_misc":{"Tiempo de lectura":"3 minutos"},"schema":{"@context":"https:\/\/schema.org","@graph":[{"@type":"WebPage","@id":"https:\/\/ffyh.unc.edu.ar\/ciffyh\/institucional\/maria\/","url":"https:\/\/ffyh.unc.edu.ar\/ciffyh\/institucional\/maria\/","name":"Mar\u00eda Saleme de Burnichon - Centro de Investigaciones &quot;Maria Saleme de Burnichon&quot;","isPartOf":{"@id":"https:\/\/ffyh.unc.edu.ar\/ciffyh\/#website"},"primaryImageOfPage":{"@id":"https:\/\/ffyh.unc.edu.ar\/ciffyh\/institucional\/maria\/#primaryimage"},"image":{"@id":"https:\/\/ffyh.unc.edu.ar\/ciffyh\/institucional\/maria\/#primaryimage"},"thumbnailUrl":"http:\/\/ffyh.unc.edu.ar\/ciffyh\/wp-content\/uploads\/sites\/10\/2023\/05\/fotomaria-194x300.jpg","datePublished":"2009-11-18T19:41:53+00:00","dateModified":"2023-05-24T20:59:52+00:00","breadcrumb":{"@id":"https:\/\/ffyh.unc.edu.ar\/ciffyh\/institucional\/maria\/#breadcrumb"},"inLanguage":"es","potentialAction":[{"@type":"ReadAction","target":["https:\/\/ffyh.unc.edu.ar\/ciffyh\/institucional\/maria\/"]}]},{"@type":"ImageObject","inLanguage":"es","@id":"https:\/\/ffyh.unc.edu.ar\/ciffyh\/institucional\/maria\/#primaryimage","url":"http:\/\/ffyh.unc.edu.ar\/ciffyh\/wp-content\/uploads\/sites\/10\/2023\/05\/fotomaria-194x300.jpg","contentUrl":"http:\/\/ffyh.unc.edu.ar\/ciffyh\/wp-content\/uploads\/sites\/10\/2023\/05\/fotomaria-194x300.jpg"},{"@type":"BreadcrumbList","@id":"https:\/\/ffyh.unc.edu.ar\/ciffyh\/institucional\/maria\/#breadcrumb","itemListElement":[{"@type":"ListItem","position":1,"name":"Portada","item":"https:\/\/ffyh.unc.edu.ar\/ciffyh\/"},{"@type":"ListItem","position":2,"name":"Institucional","item":"https:\/\/ffyh.unc.edu.ar\/ciffyh\/institucional\/"},{"@type":"ListItem","position":3,"name":"Mar\u00eda Saleme de Burnichon"}]},{"@type":"WebSite","@id":"https:\/\/ffyh.unc.edu.ar\/ciffyh\/#website","url":"https:\/\/ffyh.unc.edu.ar\/ciffyh\/","name":"Centro de Investigaciones \"Maria Saleme de Burnichon\"","description":"Facultad de Filosof\u00eda y Humanidades | UNC","publisher":{"@id":"https:\/\/ffyh.unc.edu.ar\/ciffyh\/#organization"},"potentialAction":[{"@type":"SearchAction","target":{"@type":"EntryPoint","urlTemplate":"https:\/\/ffyh.unc.edu.ar\/ciffyh\/?s={search_term_string}"},"query-input":{"@type":"PropertyValueSpecification","valueRequired":true,"valueName":"search_term_string"}}],"inLanguage":"es"},{"@type":"Organization","@id":"https:\/\/ffyh.unc.edu.ar\/ciffyh\/#organization","name":"Centro de Investigaciones \"Maria Saleme de Burnichon\"","url":"https:\/\/ffyh.unc.edu.ar\/ciffyh\/","logo":{"@type":"ImageObject","inLanguage":"es","@id":"https:\/\/ffyh.unc.edu.ar\/ciffyh\/#\/schema\/logo\/image\/","url":"https:\/\/ffyh.unc.edu.ar\/ciffyh\/wp-content\/uploads\/sites\/10\/2018\/02\/cropped-logo-ciffyh-ico.png","contentUrl":"https:\/\/ffyh.unc.edu.ar\/ciffyh\/wp-content\/uploads\/sites\/10\/2018\/02\/cropped-logo-ciffyh-ico.png","width":512,"height":512,"caption":"Centro de Investigaciones \"Maria Saleme de Burnichon\""},"image":{"@id":"https:\/\/ffyh.unc.edu.ar\/ciffyh\/#\/schema\/logo\/image\/"},"sameAs":["https:\/\/www.instagram.com\/ciffyh\/"]}]}},"_links":{"self":[{"href":"https:\/\/ffyh.unc.edu.ar\/ciffyh\/wp-json\/wp\/v2\/pages\/11","targetHints":{"allow":["GET"]}}],"collection":[{"href":"https:\/\/ffyh.unc.edu.ar\/ciffyh\/wp-json\/wp\/v2\/pages"}],"about":[{"href":"https:\/\/ffyh.unc.edu.ar\/ciffyh\/wp-json\/wp\/v2\/types\/page"}],"author":[{"embeddable":true,"href":"https:\/\/ffyh.unc.edu.ar\/ciffyh\/wp-json\/wp\/v2\/users\/1"}],"replies":[{"embeddable":true,"href":"https:\/\/ffyh.unc.edu.ar\/ciffyh\/wp-json\/wp\/v2\/comments?post=11"}],"version-history":[{"count":25,"href":"https:\/\/ffyh.unc.edu.ar\/ciffyh\/wp-json\/wp\/v2\/pages\/11\/revisions"}],"predecessor-version":[{"id":6035,"href":"https:\/\/ffyh.unc.edu.ar\/ciffyh\/wp-json\/wp\/v2\/pages\/11\/revisions\/6035"}],"up":[{"embeddable":true,"href":"https:\/\/ffyh.unc.edu.ar\/ciffyh\/wp-json\/wp\/v2\/pages\/1842"}],"wp:attachment":[{"href":"https:\/\/ffyh.unc.edu.ar\/ciffyh\/wp-json\/wp\/v2\/media?parent=11"}],"curies":[{"name":"wp","href":"https:\/\/api.w.org\/{rel}","templated":true}]}}