{"id":1155,"date":"2012-03-14T17:01:44","date_gmt":"2012-03-14T20:01:44","guid":{"rendered":"http:\/\/www.ffyh.unc.edu.ar\/ciffyh\/?page_id=1155"},"modified":"2023-11-07T16:20:57","modified_gmt":"2023-11-07T16:20:57","slug":"polemicas-feministas","status":"publish","type":"page","link":"https:\/\/ffyh.unc.edu.ar\/ciffyh\/publicaciones\/revistas\/polemicas-feministas\/","title":{"rendered":"Pol\u00e9micas Feministas"},"content":{"rendered":"<p><strong>Revista del\u00a0\u00c1rea \u00abFeminismos, G\u00e9nero y Sexualidades\u00bb del Centro de Investigaciones de la FFyH (ex\u00a0Programa Interdisciplinario de Estudios de Mujer y G\u00e9nero -PIEMG-).<\/strong><\/p>\n<p><!--more--><\/p>\n<p><img fetchpriority=\"high\" decoding=\"async\" class=\"alignnone size-full wp-image-4500\" src=\"http:\/\/ffyh.unc.edu.ar\/ciffyh\/wp-content\/uploads\/sites\/10\/2021\/05\/04-PolemicasFeministas-scaled.jpg\" alt=\"\" width=\"2560\" height=\"1006\" srcset=\"https:\/\/ffyh.unc.edu.ar\/ciffyh\/wp-content\/uploads\/sites\/10\/2021\/05\/04-PolemicasFeministas-scaled.jpg 2560w, https:\/\/ffyh.unc.edu.ar\/ciffyh\/wp-content\/uploads\/sites\/10\/2021\/05\/04-PolemicasFeministas-300x118.jpg 300w, https:\/\/ffyh.unc.edu.ar\/ciffyh\/wp-content\/uploads\/sites\/10\/2021\/05\/04-PolemicasFeministas-1024x402.jpg 1024w, https:\/\/ffyh.unc.edu.ar\/ciffyh\/wp-content\/uploads\/sites\/10\/2021\/05\/04-PolemicasFeministas-768x302.jpg 768w, https:\/\/ffyh.unc.edu.ar\/ciffyh\/wp-content\/uploads\/sites\/10\/2021\/05\/04-PolemicasFeministas-1536x603.jpg 1536w, https:\/\/ffyh.unc.edu.ar\/ciffyh\/wp-content\/uploads\/sites\/10\/2021\/05\/04-PolemicasFeministas-2048x804.jpg 2048w\" sizes=\"(max-width: 2560px) 100vw, 2560px\" \/><\/p>\n<p>El FemGeS ha estado hist\u00f3ricamente comprometido, desde sus or\u00edgenes como Programa Interdisciplinario de Estudios de Mujer y G\u00e9nero (PIEMG), con la tarea universitaria de construir espacios fecundos de discusi\u00f3n sobre el estado actual de las investigaciones al respecto en el \u00e1rea de las Ciencias Sociales y Humanas.<\/p>\n<p>En este marco,\u00a0<em>Pol\u00e9micas Feministas<\/em>\u00a0ha sido pensada como un espacio propicio para la construcci\u00f3n de conocimientos en los campos de los Estudios de G\u00e9nero, los Estudios Queer y los feminismos, como as\u00ed tambi\u00e9n una herramienta comunicacional para vincular los diferentes espacios acad\u00e9micos, pol\u00edticos y sociales donde estos saberes y pr\u00e1cticas se construyen.<\/p>\n<p>La revista ha devenido una publicaci\u00f3n digital a partir de su tercer n\u00famero y tiene una periodicidad anual. Recibe art\u00edculos acad\u00e9micos originales e interdisciplinarios, entrevistas y rese\u00f1as de libros escritos en idioma espa\u00f1ol o portugu\u00e9s.<\/p>\n<p>ISSN O<em>nline<\/em>\u00a02591-3611<\/p>\n<p>La revista est\u00e1 disponible en: <a href=\"https:\/\/revistas.unc.edu.ar\/index.php\/polemicasfeminista\/\" target=\"_blank\" rel=\"noopener\">https:\/\/revistas.unc.edu.ar\/index.php\/polemicasfeminista\/<\/a><\/p>\n","protected":false},"excerpt":{"rendered":"<p>Revista del\u00a0\u00c1rea \u00abFeminismos, G\u00e9nero y Sexualidades\u00bb del Centro de Investigaciones de la FFyH (ex\u00a0Programa Interdisciplinario de Estudios de Mujer y<\/p>\n","protected":false},"author":1,"featured_media":0,"parent":17,"menu_order":0,"comment_status":"closed","ping_status":"closed","template":"","meta":{"_acf_changed":false,"colormag_page_container_layout":"default_layout","colormag_page_sidebar_layout":"default_layout","footnotes":""},"class_list":["post-1155","page","type-page","status-publish","hentry"],"acf":[],"yoast_head":"<!-- This site is optimized with the Yoast SEO plugin v27.1.1 - https:\/\/yoast.com\/product\/yoast-seo-wordpress\/ -->\n<title>Pol\u00e9micas Feministas - Centro de Investigaciones &quot;Maria Saleme de Burnichon&quot;<\/title>\n<meta name=\"robots\" content=\"index, follow, max-snippet:-1, max-image-preview:large, max-video-preview:-1\" \/>\n<link rel=\"canonical\" href=\"https:\/\/ffyh.unc.edu.ar\/ciffyh\/publicaciones\/revistas\/polemicas-feministas\/\" \/>\n<meta property=\"og:locale\" content=\"es_ES\" \/>\n<meta property=\"og:type\" content=\"article\" \/>\n<meta property=\"og:title\" content=\"Pol\u00e9micas Feministas - Centro de Investigaciones &quot;Maria Saleme de Burnichon&quot;\" \/>\n<meta property=\"og:description\" content=\"Revista del\u00a0\u00c1rea \u00abFeminismos, G\u00e9nero y Sexualidades\u00bb del Centro de Investigaciones de la FFyH (ex\u00a0Programa Interdisciplinario de Estudios de Mujer y\" \/>\n<meta property=\"og:url\" content=\"https:\/\/ffyh.unc.edu.ar\/ciffyh\/publicaciones\/revistas\/polemicas-feministas\/\" \/>\n<meta property=\"og:site_name\" content=\"Centro de Investigaciones &quot;Maria Saleme de Burnichon&quot;\" \/>\n<meta property=\"article:modified_time\" content=\"2023-11-07T16:20:57+00:00\" \/>\n<meta property=\"og:image\" content=\"http:\/\/ffyh.unc.edu.ar\/ciffyh\/wp-content\/uploads\/sites\/10\/2021\/05\/04-PolemicasFeministas-scaled.jpg\" \/>\n<meta name=\"twitter:card\" content=\"summary_large_image\" \/>\n<meta name=\"twitter:label1\" content=\"Tiempo de lectura\" \/>\n\t<meta name=\"twitter:data1\" content=\"1 minuto\" \/>\n<script type=\"application\/ld+json\" class=\"yoast-schema-graph\">{\"@context\":\"https:\/\/schema.org\",\"@graph\":[{\"@type\":\"WebPage\",\"@id\":\"https:\/\/ffyh.unc.edu.ar\/ciffyh\/publicaciones\/revistas\/polemicas-feministas\/\",\"url\":\"https:\/\/ffyh.unc.edu.ar\/ciffyh\/publicaciones\/revistas\/polemicas-feministas\/\",\"name\":\"Pol\u00e9micas Feministas - Centro de Investigaciones &quot;Maria Saleme de Burnichon&quot;\",\"isPartOf\":{\"@id\":\"https:\/\/ffyh.unc.edu.ar\/ciffyh\/#website\"},\"primaryImageOfPage\":{\"@id\":\"https:\/\/ffyh.unc.edu.ar\/ciffyh\/publicaciones\/revistas\/polemicas-feministas\/#primaryimage\"},\"image\":{\"@id\":\"https:\/\/ffyh.unc.edu.ar\/ciffyh\/publicaciones\/revistas\/polemicas-feministas\/#primaryimage\"},\"thumbnailUrl\":\"http:\/\/ffyh.unc.edu.ar\/ciffyh\/wp-content\/uploads\/sites\/10\/2021\/05\/04-PolemicasFeministas-scaled.jpg\",\"datePublished\":\"2012-03-14T20:01:44+00:00\",\"dateModified\":\"2023-11-07T16:20:57+00:00\",\"breadcrumb\":{\"@id\":\"https:\/\/ffyh.unc.edu.ar\/ciffyh\/publicaciones\/revistas\/polemicas-feministas\/#breadcrumb\"},\"inLanguage\":\"es\",\"potentialAction\":[{\"@type\":\"ReadAction\",\"target\":[\"https:\/\/ffyh.unc.edu.ar\/ciffyh\/publicaciones\/revistas\/polemicas-feministas\/\"]}]},{\"@type\":\"ImageObject\",\"inLanguage\":\"es\",\"@id\":\"https:\/\/ffyh.unc.edu.ar\/ciffyh\/publicaciones\/revistas\/polemicas-feministas\/#primaryimage\",\"url\":\"http:\/\/ffyh.unc.edu.ar\/ciffyh\/wp-content\/uploads\/sites\/10\/2021\/05\/04-PolemicasFeministas-scaled.jpg\",\"contentUrl\":\"http:\/\/ffyh.unc.edu.ar\/ciffyh\/wp-content\/uploads\/sites\/10\/2021\/05\/04-PolemicasFeministas-scaled.jpg\"},{\"@type\":\"BreadcrumbList\",\"@id\":\"https:\/\/ffyh.unc.edu.ar\/ciffyh\/publicaciones\/revistas\/polemicas-feministas\/#breadcrumb\",\"itemListElement\":[{\"@type\":\"ListItem\",\"position\":1,\"name\":\"Portada\",\"item\":\"https:\/\/ffyh.unc.edu.ar\/ciffyh\/\"},{\"@type\":\"ListItem\",\"position\":2,\"name\":\"Publicaciones\",\"item\":\"https:\/\/ffyh.unc.edu.ar\/ciffyh\/publicaciones\/\"},{\"@type\":\"ListItem\",\"position\":3,\"name\":\"Revistas\",\"item\":\"https:\/\/ffyh.unc.edu.ar\/ciffyh\/publicaciones\/revistas\/\"},{\"@type\":\"ListItem\",\"position\":4,\"name\":\"Pol\u00e9micas Feministas\"}]},{\"@type\":\"WebSite\",\"@id\":\"https:\/\/ffyh.unc.edu.ar\/ciffyh\/#website\",\"url\":\"https:\/\/ffyh.unc.edu.ar\/ciffyh\/\",\"name\":\"Centro de Investigaciones \\\"Maria Saleme de Burnichon\\\"\",\"description\":\"Facultad de Filosof\u00eda y Humanidades | UNC\",\"publisher\":{\"@id\":\"https:\/\/ffyh.unc.edu.ar\/ciffyh\/#organization\"},\"potentialAction\":[{\"@type\":\"SearchAction\",\"target\":{\"@type\":\"EntryPoint\",\"urlTemplate\":\"https:\/\/ffyh.unc.edu.ar\/ciffyh\/?s={search_term_string}\"},\"query-input\":{\"@type\":\"PropertyValueSpecification\",\"valueRequired\":true,\"valueName\":\"search_term_string\"}}],\"inLanguage\":\"es\"},{\"@type\":\"Organization\",\"@id\":\"https:\/\/ffyh.unc.edu.ar\/ciffyh\/#organization\",\"name\":\"Centro de Investigaciones \\\"Maria Saleme de Burnichon\\\"\",\"url\":\"https:\/\/ffyh.unc.edu.ar\/ciffyh\/\",\"logo\":{\"@type\":\"ImageObject\",\"inLanguage\":\"es\",\"@id\":\"https:\/\/ffyh.unc.edu.ar\/ciffyh\/#\/schema\/logo\/image\/\",\"url\":\"https:\/\/ffyh.unc.edu.ar\/ciffyh\/wp-content\/uploads\/sites\/10\/2018\/02\/cropped-logo-ciffyh-ico.png\",\"contentUrl\":\"https:\/\/ffyh.unc.edu.ar\/ciffyh\/wp-content\/uploads\/sites\/10\/2018\/02\/cropped-logo-ciffyh-ico.png\",\"width\":512,\"height\":512,\"caption\":\"Centro de Investigaciones \\\"Maria Saleme de Burnichon\\\"\"},\"image\":{\"@id\":\"https:\/\/ffyh.unc.edu.ar\/ciffyh\/#\/schema\/logo\/image\/\"},\"sameAs\":[\"https:\/\/www.instagram.com\/ciffyh\/\"]}]}<\/script>\n<!-- \/ Yoast SEO plugin. -->","yoast_head_json":{"title":"Pol\u00e9micas Feministas - Centro de Investigaciones &quot;Maria Saleme de Burnichon&quot;","robots":{"index":"index","follow":"follow","max-snippet":"max-snippet:-1","max-image-preview":"max-image-preview:large","max-video-preview":"max-video-preview:-1"},"canonical":"https:\/\/ffyh.unc.edu.ar\/ciffyh\/publicaciones\/revistas\/polemicas-feministas\/","og_locale":"es_ES","og_type":"article","og_title":"Pol\u00e9micas Feministas - Centro de Investigaciones &quot;Maria Saleme de Burnichon&quot;","og_description":"Revista del\u00a0\u00c1rea \u00abFeminismos, G\u00e9nero y Sexualidades\u00bb del Centro de Investigaciones de la FFyH (ex\u00a0Programa Interdisciplinario de Estudios de Mujer y","og_url":"https:\/\/ffyh.unc.edu.ar\/ciffyh\/publicaciones\/revistas\/polemicas-feministas\/","og_site_name":"Centro de Investigaciones &quot;Maria Saleme de Burnichon&quot;","article_modified_time":"2023-11-07T16:20:57+00:00","og_image":[{"url":"http:\/\/ffyh.unc.edu.ar\/ciffyh\/wp-content\/uploads\/sites\/10\/2021\/05\/04-PolemicasFeministas-scaled.jpg","type":"","width":"","height":""}],"twitter_card":"summary_large_image","twitter_misc":{"Tiempo de lectura":"1 minuto"},"schema":{"@context":"https:\/\/schema.org","@graph":[{"@type":"WebPage","@id":"https:\/\/ffyh.unc.edu.ar\/ciffyh\/publicaciones\/revistas\/polemicas-feministas\/","url":"https:\/\/ffyh.unc.edu.ar\/ciffyh\/publicaciones\/revistas\/polemicas-feministas\/","name":"Pol\u00e9micas Feministas - Centro de Investigaciones &quot;Maria Saleme de Burnichon&quot;","isPartOf":{"@id":"https:\/\/ffyh.unc.edu.ar\/ciffyh\/#website"},"primaryImageOfPage":{"@id":"https:\/\/ffyh.unc.edu.ar\/ciffyh\/publicaciones\/revistas\/polemicas-feministas\/#primaryimage"},"image":{"@id":"https:\/\/ffyh.unc.edu.ar\/ciffyh\/publicaciones\/revistas\/polemicas-feministas\/#primaryimage"},"thumbnailUrl":"http:\/\/ffyh.unc.edu.ar\/ciffyh\/wp-content\/uploads\/sites\/10\/2021\/05\/04-PolemicasFeministas-scaled.jpg","datePublished":"2012-03-14T20:01:44+00:00","dateModified":"2023-11-07T16:20:57+00:00","breadcrumb":{"@id":"https:\/\/ffyh.unc.edu.ar\/ciffyh\/publicaciones\/revistas\/polemicas-feministas\/#breadcrumb"},"inLanguage":"es","potentialAction":[{"@type":"ReadAction","target":["https:\/\/ffyh.unc.edu.ar\/ciffyh\/publicaciones\/revistas\/polemicas-feministas\/"]}]},{"@type":"ImageObject","inLanguage":"es","@id":"https:\/\/ffyh.unc.edu.ar\/ciffyh\/publicaciones\/revistas\/polemicas-feministas\/#primaryimage","url":"http:\/\/ffyh.unc.edu.ar\/ciffyh\/wp-content\/uploads\/sites\/10\/2021\/05\/04-PolemicasFeministas-scaled.jpg","contentUrl":"http:\/\/ffyh.unc.edu.ar\/ciffyh\/wp-content\/uploads\/sites\/10\/2021\/05\/04-PolemicasFeministas-scaled.jpg"},{"@type":"BreadcrumbList","@id":"https:\/\/ffyh.unc.edu.ar\/ciffyh\/publicaciones\/revistas\/polemicas-feministas\/#breadcrumb","itemListElement":[{"@type":"ListItem","position":1,"name":"Portada","item":"https:\/\/ffyh.unc.edu.ar\/ciffyh\/"},{"@type":"ListItem","position":2,"name":"Publicaciones","item":"https:\/\/ffyh.unc.edu.ar\/ciffyh\/publicaciones\/"},{"@type":"ListItem","position":3,"name":"Revistas","item":"https:\/\/ffyh.unc.edu.ar\/ciffyh\/publicaciones\/revistas\/"},{"@type":"ListItem","position":4,"name":"Pol\u00e9micas Feministas"}]},{"@type":"WebSite","@id":"https:\/\/ffyh.unc.edu.ar\/ciffyh\/#website","url":"https:\/\/ffyh.unc.edu.ar\/ciffyh\/","name":"Centro de Investigaciones \"Maria Saleme de Burnichon\"","description":"Facultad de Filosof\u00eda y Humanidades | UNC","publisher":{"@id":"https:\/\/ffyh.unc.edu.ar\/ciffyh\/#organization"},"potentialAction":[{"@type":"SearchAction","target":{"@type":"EntryPoint","urlTemplate":"https:\/\/ffyh.unc.edu.ar\/ciffyh\/?s={search_term_string}"},"query-input":{"@type":"PropertyValueSpecification","valueRequired":true,"valueName":"search_term_string"}}],"inLanguage":"es"},{"@type":"Organization","@id":"https:\/\/ffyh.unc.edu.ar\/ciffyh\/#organization","name":"Centro de Investigaciones \"Maria Saleme de Burnichon\"","url":"https:\/\/ffyh.unc.edu.ar\/ciffyh\/","logo":{"@type":"ImageObject","inLanguage":"es","@id":"https:\/\/ffyh.unc.edu.ar\/ciffyh\/#\/schema\/logo\/image\/","url":"https:\/\/ffyh.unc.edu.ar\/ciffyh\/wp-content\/uploads\/sites\/10\/2018\/02\/cropped-logo-ciffyh-ico.png","contentUrl":"https:\/\/ffyh.unc.edu.ar\/ciffyh\/wp-content\/uploads\/sites\/10\/2018\/02\/cropped-logo-ciffyh-ico.png","width":512,"height":512,"caption":"Centro de Investigaciones \"Maria Saleme de Burnichon\""},"image":{"@id":"https:\/\/ffyh.unc.edu.ar\/ciffyh\/#\/schema\/logo\/image\/"},"sameAs":["https:\/\/www.instagram.com\/ciffyh\/"]}]}},"_links":{"self":[{"href":"https:\/\/ffyh.unc.edu.ar\/ciffyh\/wp-json\/wp\/v2\/pages\/1155","targetHints":{"allow":["GET"]}}],"collection":[{"href":"https:\/\/ffyh.unc.edu.ar\/ciffyh\/wp-json\/wp\/v2\/pages"}],"about":[{"href":"https:\/\/ffyh.unc.edu.ar\/ciffyh\/wp-json\/wp\/v2\/types\/page"}],"author":[{"embeddable":true,"href":"https:\/\/ffyh.unc.edu.ar\/ciffyh\/wp-json\/wp\/v2\/users\/1"}],"replies":[{"embeddable":true,"href":"https:\/\/ffyh.unc.edu.ar\/ciffyh\/wp-json\/wp\/v2\/comments?post=1155"}],"version-history":[{"count":2,"href":"https:\/\/ffyh.unc.edu.ar\/ciffyh\/wp-json\/wp\/v2\/pages\/1155\/revisions"}],"predecessor-version":[{"id":6801,"href":"https:\/\/ffyh.unc.edu.ar\/ciffyh\/wp-json\/wp\/v2\/pages\/1155\/revisions\/6801"}],"up":[{"embeddable":true,"href":"https:\/\/ffyh.unc.edu.ar\/ciffyh\/wp-json\/wp\/v2\/pages\/17"}],"wp:attachment":[{"href":"https:\/\/ffyh.unc.edu.ar\/ciffyh\/wp-json\/wp\/v2\/media?parent=1155"}],"curies":[{"name":"wp","href":"https:\/\/api.w.org\/{rel}","templated":true}]}}