{"id":157,"date":"2009-12-15T16:14:20","date_gmt":"2009-12-15T19:14:20","guid":{"rendered":"http:\/\/www.ffyh.unc.edu.ar\/ciffyh\/?page_id=157"},"modified":"2024-11-21T14:04:13","modified_gmt":"2024-11-21T14:04:13","slug":"memoria-anual-2008","status":"publish","type":"page","link":"https:\/\/ffyh.unc.edu.ar\/ciffyh\/institucional\/memorias\/memoria-anual-2008\/","title":{"rendered":"Memoria anual 2008"},"content":{"rendered":"<p><strong>MEMORIA ANUAL<\/strong><\/p>\n<p><strong>PERIODO 2008<\/strong><\/p>\n<p>&nbsp;<\/p>\n<p>La Memoria Anual correspondiente al a\u00f1o 2008 posee la caracter\u00edstica particular de expresar tambi\u00e9n la culminaci\u00f3n\u00a0 de un per\u00edodo de tres a\u00f1os de gesti\u00f3n. Como es de p\u00fablico conocimiento, en el mes de octubre se llevaron a cabo las elecciones del Centro de Investigaciones, a trav\u00e9s de las cuales resultaron electas las nuevas autoridades y el grupo de coordinadores que\u00a0 encabezan el presente documento. De modo que\u00a0 esta suerte de balance, informa de manera sint\u00e9tica, no s\u00f3lo la labor de un\u00a0 a\u00f1o de trabajo, sino del\u00a0 per\u00edodo mayor\u00a0 de una gesti\u00f3n,\u00a0 a partir de la cual hoy nos proponemos redefinir y profundizar nuevos proyectos.<\/p>\n<p>Respecto del contenido de este documento, y en relaci\u00f3n al car\u00e1cter de s\u00edntesis de una gesti\u00f3n, hemos incorporado informaci\u00f3n que intenta mostrar el proceso de desarrollo de algunas de las pol\u00edticas que nos hab\u00edamos trazado. Los textos aclaratorios, adem\u00e1s, refieren y contextualizan algunas de esas variables. Mediante los cuadros y gr\u00e1ficos intentamos mostrar c\u00f3mo han evolucionado aspectos tales como la cantidad de Programas y Proyectos de investigaci\u00f3n, sus avales y financiamiento; la formaci\u00f3n de investigadores mediante becas, ayudant\u00edas y adscripciones, como as\u00ed tambi\u00e9n la periodicidad de publicaciones y reuniones cient\u00edficas.<\/p>\n<p><a title=\"Memoria 2008\" href=\"https:\/\/www.ffyh.unc.edu.ar\/dependencias\/ciffyh\/Nueva\/Memoria%202008\/memoria%202008.htm\" target=\"_blank\" rel=\"noopener\">Ver Memoria 2008<\/a><\/p>\n<p>&nbsp;<\/p>\n<p align=\"center\">\n","protected":false},"excerpt":{"rendered":"<p>MEMORIA ANUAL PERIODO 2008 &nbsp; La Memoria Anual correspondiente al a\u00f1o 2008 posee la caracter\u00edstica particular de expresar tambi\u00e9n la<\/p>\n","protected":false},"author":1,"featured_media":0,"parent":19,"menu_order":6,"comment_status":"closed","ping_status":"closed","template":"","meta":{"_acf_changed":false,"colormag_page_container_layout":"default_layout","colormag_page_sidebar_layout":"default_layout","footnotes":""},"class_list":["post-157","page","type-page","status-publish","hentry"],"acf":[],"yoast_head":"<!-- This site is optimized with the Yoast SEO plugin v27.1.1 - https:\/\/yoast.com\/product\/yoast-seo-wordpress\/ -->\n<title>Memoria anual 2008 - Centro de Investigaciones &quot;Maria Saleme de Burnichon&quot;<\/title>\n<meta name=\"robots\" content=\"index, follow, max-snippet:-1, max-image-preview:large, max-video-preview:-1\" \/>\n<link rel=\"canonical\" href=\"https:\/\/ffyh.unc.edu.ar\/ciffyh\/institucional\/memorias\/memoria-anual-2008\/\" \/>\n<meta property=\"og:locale\" content=\"es_ES\" \/>\n<meta property=\"og:type\" content=\"article\" \/>\n<meta property=\"og:title\" content=\"Memoria anual 2008 - Centro de Investigaciones &quot;Maria Saleme de Burnichon&quot;\" \/>\n<meta property=\"og:description\" content=\"MEMORIA ANUAL PERIODO 2008 &nbsp; La Memoria Anual correspondiente al a\u00f1o 2008 posee la caracter\u00edstica particular de expresar tambi\u00e9n la\" \/>\n<meta property=\"og:url\" content=\"https:\/\/ffyh.unc.edu.ar\/ciffyh\/institucional\/memorias\/memoria-anual-2008\/\" \/>\n<meta property=\"og:site_name\" content=\"Centro de Investigaciones &quot;Maria Saleme de Burnichon&quot;\" \/>\n<meta property=\"article:modified_time\" content=\"2024-11-21T14:04:13+00:00\" \/>\n<meta name=\"twitter:card\" content=\"summary_large_image\" \/>\n<meta name=\"twitter:label1\" content=\"Tiempo de lectura\" \/>\n\t<meta name=\"twitter:data1\" content=\"1 minuto\" \/>\n<script type=\"application\/ld+json\" class=\"yoast-schema-graph\">{\"@context\":\"https:\/\/schema.org\",\"@graph\":[{\"@type\":\"WebPage\",\"@id\":\"https:\/\/ffyh.unc.edu.ar\/ciffyh\/institucional\/memorias\/memoria-anual-2008\/\",\"url\":\"https:\/\/ffyh.unc.edu.ar\/ciffyh\/institucional\/memorias\/memoria-anual-2008\/\",\"name\":\"Memoria anual 2008 - Centro de Investigaciones &quot;Maria Saleme de Burnichon&quot;\",\"isPartOf\":{\"@id\":\"https:\/\/ffyh.unc.edu.ar\/ciffyh\/#website\"},\"datePublished\":\"2009-12-15T19:14:20+00:00\",\"dateModified\":\"2024-11-21T14:04:13+00:00\",\"breadcrumb\":{\"@id\":\"https:\/\/ffyh.unc.edu.ar\/ciffyh\/institucional\/memorias\/memoria-anual-2008\/#breadcrumb\"},\"inLanguage\":\"es\",\"potentialAction\":[{\"@type\":\"ReadAction\",\"target\":[\"https:\/\/ffyh.unc.edu.ar\/ciffyh\/institucional\/memorias\/memoria-anual-2008\/\"]}]},{\"@type\":\"BreadcrumbList\",\"@id\":\"https:\/\/ffyh.unc.edu.ar\/ciffyh\/institucional\/memorias\/memoria-anual-2008\/#breadcrumb\",\"itemListElement\":[{\"@type\":\"ListItem\",\"position\":1,\"name\":\"Portada\",\"item\":\"https:\/\/ffyh.unc.edu.ar\/ciffyh\/\"},{\"@type\":\"ListItem\",\"position\":2,\"name\":\"Institucional\",\"item\":\"https:\/\/ffyh.unc.edu.ar\/ciffyh\/institucional\/\"},{\"@type\":\"ListItem\",\"position\":3,\"name\":\"Memorias anuales\",\"item\":\"https:\/\/ffyh.unc.edu.ar\/ciffyh\/institucional\/memorias\/\"},{\"@type\":\"ListItem\",\"position\":4,\"name\":\"Memoria anual 2008\"}]},{\"@type\":\"WebSite\",\"@id\":\"https:\/\/ffyh.unc.edu.ar\/ciffyh\/#website\",\"url\":\"https:\/\/ffyh.unc.edu.ar\/ciffyh\/\",\"name\":\"Centro de Investigaciones \\\"Maria Saleme de Burnichon\\\"\",\"description\":\"Facultad de Filosof\u00eda y Humanidades | UNC\",\"publisher\":{\"@id\":\"https:\/\/ffyh.unc.edu.ar\/ciffyh\/#organization\"},\"potentialAction\":[{\"@type\":\"SearchAction\",\"target\":{\"@type\":\"EntryPoint\",\"urlTemplate\":\"https:\/\/ffyh.unc.edu.ar\/ciffyh\/?s={search_term_string}\"},\"query-input\":{\"@type\":\"PropertyValueSpecification\",\"valueRequired\":true,\"valueName\":\"search_term_string\"}}],\"inLanguage\":\"es\"},{\"@type\":\"Organization\",\"@id\":\"https:\/\/ffyh.unc.edu.ar\/ciffyh\/#organization\",\"name\":\"Centro de Investigaciones \\\"Maria Saleme de Burnichon\\\"\",\"url\":\"https:\/\/ffyh.unc.edu.ar\/ciffyh\/\",\"logo\":{\"@type\":\"ImageObject\",\"inLanguage\":\"es\",\"@id\":\"https:\/\/ffyh.unc.edu.ar\/ciffyh\/#\/schema\/logo\/image\/\",\"url\":\"https:\/\/ffyh.unc.edu.ar\/ciffyh\/wp-content\/uploads\/sites\/10\/2018\/02\/cropped-logo-ciffyh-ico.png\",\"contentUrl\":\"https:\/\/ffyh.unc.edu.ar\/ciffyh\/wp-content\/uploads\/sites\/10\/2018\/02\/cropped-logo-ciffyh-ico.png\",\"width\":512,\"height\":512,\"caption\":\"Centro de Investigaciones \\\"Maria Saleme de Burnichon\\\"\"},\"image\":{\"@id\":\"https:\/\/ffyh.unc.edu.ar\/ciffyh\/#\/schema\/logo\/image\/\"},\"sameAs\":[\"https:\/\/www.instagram.com\/ciffyh\/\"]}]}<\/script>\n<!-- \/ Yoast SEO plugin. -->","yoast_head_json":{"title":"Memoria anual 2008 - Centro de Investigaciones &quot;Maria Saleme de Burnichon&quot;","robots":{"index":"index","follow":"follow","max-snippet":"max-snippet:-1","max-image-preview":"max-image-preview:large","max-video-preview":"max-video-preview:-1"},"canonical":"https:\/\/ffyh.unc.edu.ar\/ciffyh\/institucional\/memorias\/memoria-anual-2008\/","og_locale":"es_ES","og_type":"article","og_title":"Memoria anual 2008 - Centro de Investigaciones &quot;Maria Saleme de Burnichon&quot;","og_description":"MEMORIA ANUAL PERIODO 2008 &nbsp; La Memoria Anual correspondiente al a\u00f1o 2008 posee la caracter\u00edstica particular de expresar tambi\u00e9n la","og_url":"https:\/\/ffyh.unc.edu.ar\/ciffyh\/institucional\/memorias\/memoria-anual-2008\/","og_site_name":"Centro de Investigaciones &quot;Maria Saleme de Burnichon&quot;","article_modified_time":"2024-11-21T14:04:13+00:00","twitter_card":"summary_large_image","twitter_misc":{"Tiempo de lectura":"1 minuto"},"schema":{"@context":"https:\/\/schema.org","@graph":[{"@type":"WebPage","@id":"https:\/\/ffyh.unc.edu.ar\/ciffyh\/institucional\/memorias\/memoria-anual-2008\/","url":"https:\/\/ffyh.unc.edu.ar\/ciffyh\/institucional\/memorias\/memoria-anual-2008\/","name":"Memoria anual 2008 - Centro de Investigaciones &quot;Maria Saleme de Burnichon&quot;","isPartOf":{"@id":"https:\/\/ffyh.unc.edu.ar\/ciffyh\/#website"},"datePublished":"2009-12-15T19:14:20+00:00","dateModified":"2024-11-21T14:04:13+00:00","breadcrumb":{"@id":"https:\/\/ffyh.unc.edu.ar\/ciffyh\/institucional\/memorias\/memoria-anual-2008\/#breadcrumb"},"inLanguage":"es","potentialAction":[{"@type":"ReadAction","target":["https:\/\/ffyh.unc.edu.ar\/ciffyh\/institucional\/memorias\/memoria-anual-2008\/"]}]},{"@type":"BreadcrumbList","@id":"https:\/\/ffyh.unc.edu.ar\/ciffyh\/institucional\/memorias\/memoria-anual-2008\/#breadcrumb","itemListElement":[{"@type":"ListItem","position":1,"name":"Portada","item":"https:\/\/ffyh.unc.edu.ar\/ciffyh\/"},{"@type":"ListItem","position":2,"name":"Institucional","item":"https:\/\/ffyh.unc.edu.ar\/ciffyh\/institucional\/"},{"@type":"ListItem","position":3,"name":"Memorias anuales","item":"https:\/\/ffyh.unc.edu.ar\/ciffyh\/institucional\/memorias\/"},{"@type":"ListItem","position":4,"name":"Memoria anual 2008"}]},{"@type":"WebSite","@id":"https:\/\/ffyh.unc.edu.ar\/ciffyh\/#website","url":"https:\/\/ffyh.unc.edu.ar\/ciffyh\/","name":"Centro de Investigaciones \"Maria Saleme de Burnichon\"","description":"Facultad de Filosof\u00eda y Humanidades | UNC","publisher":{"@id":"https:\/\/ffyh.unc.edu.ar\/ciffyh\/#organization"},"potentialAction":[{"@type":"SearchAction","target":{"@type":"EntryPoint","urlTemplate":"https:\/\/ffyh.unc.edu.ar\/ciffyh\/?s={search_term_string}"},"query-input":{"@type":"PropertyValueSpecification","valueRequired":true,"valueName":"search_term_string"}}],"inLanguage":"es"},{"@type":"Organization","@id":"https:\/\/ffyh.unc.edu.ar\/ciffyh\/#organization","name":"Centro de Investigaciones \"Maria Saleme de Burnichon\"","url":"https:\/\/ffyh.unc.edu.ar\/ciffyh\/","logo":{"@type":"ImageObject","inLanguage":"es","@id":"https:\/\/ffyh.unc.edu.ar\/ciffyh\/#\/schema\/logo\/image\/","url":"https:\/\/ffyh.unc.edu.ar\/ciffyh\/wp-content\/uploads\/sites\/10\/2018\/02\/cropped-logo-ciffyh-ico.png","contentUrl":"https:\/\/ffyh.unc.edu.ar\/ciffyh\/wp-content\/uploads\/sites\/10\/2018\/02\/cropped-logo-ciffyh-ico.png","width":512,"height":512,"caption":"Centro de Investigaciones \"Maria Saleme de Burnichon\""},"image":{"@id":"https:\/\/ffyh.unc.edu.ar\/ciffyh\/#\/schema\/logo\/image\/"},"sameAs":["https:\/\/www.instagram.com\/ciffyh\/"]}]}},"_links":{"self":[{"href":"https:\/\/ffyh.unc.edu.ar\/ciffyh\/wp-json\/wp\/v2\/pages\/157","targetHints":{"allow":["GET"]}}],"collection":[{"href":"https:\/\/ffyh.unc.edu.ar\/ciffyh\/wp-json\/wp\/v2\/pages"}],"about":[{"href":"https:\/\/ffyh.unc.edu.ar\/ciffyh\/wp-json\/wp\/v2\/types\/page"}],"author":[{"embeddable":true,"href":"https:\/\/ffyh.unc.edu.ar\/ciffyh\/wp-json\/wp\/v2\/users\/1"}],"replies":[{"embeddable":true,"href":"https:\/\/ffyh.unc.edu.ar\/ciffyh\/wp-json\/wp\/v2\/comments?post=157"}],"version-history":[{"count":1,"href":"https:\/\/ffyh.unc.edu.ar\/ciffyh\/wp-json\/wp\/v2\/pages\/157\/revisions"}],"predecessor-version":[{"id":7793,"href":"https:\/\/ffyh.unc.edu.ar\/ciffyh\/wp-json\/wp\/v2\/pages\/157\/revisions\/7793"}],"up":[{"embeddable":true,"href":"https:\/\/ffyh.unc.edu.ar\/ciffyh\/wp-json\/wp\/v2\/pages\/19"}],"wp:attachment":[{"href":"https:\/\/ffyh.unc.edu.ar\/ciffyh\/wp-json\/wp\/v2\/media?parent=157"}],"curies":[{"name":"wp","href":"https:\/\/api.w.org\/{rel}","templated":true}]}}