{"id":236,"date":"2009-12-18T12:05:54","date_gmt":"2009-12-18T15:05:54","guid":{"rendered":"http:\/\/www.ffyh.unc.edu.ar\/ciffyh\/?page_id=236"},"modified":"2023-11-07T16:21:41","modified_gmt":"2023-11-07T16:21:41","slug":"recial-revista-del-centro-de-investigaciones-area-letras","status":"publish","type":"page","link":"https:\/\/ffyh.unc.edu.ar\/ciffyh\/publicaciones\/revistas\/recial-revista-del-centro-de-investigaciones-area-letras\/","title":{"rendered":"RECIAL | Revista del Centro de Investigaciones \u00c1rea Letras"},"content":{"rendered":"<p><strong>Publicaci\u00f3n digital del\u00a0\u00c1rea Letras del Centro de Investigaciones \u00abMar\u00eda Saleme de Burnichon\u00bb de la Facultad de Filosof\u00eda y Humanidades de la UNC.\u00a0<\/strong><\/p>\n<p><!--more--><\/p>\n<p><img fetchpriority=\"high\" decoding=\"async\" class=\"alignnone size-full wp-image-4502\" src=\"http:\/\/ffyh.unc.edu.ar\/ciffyh\/wp-content\/uploads\/sites\/10\/2021\/05\/05-Recial-scaled.jpg\" alt=\"\" width=\"2560\" height=\"1006\" srcset=\"https:\/\/ffyh.unc.edu.ar\/ciffyh\/wp-content\/uploads\/sites\/10\/2021\/05\/05-Recial-scaled.jpg 2560w, https:\/\/ffyh.unc.edu.ar\/ciffyh\/wp-content\/uploads\/sites\/10\/2021\/05\/05-Recial-300x118.jpg 300w, https:\/\/ffyh.unc.edu.ar\/ciffyh\/wp-content\/uploads\/sites\/10\/2021\/05\/05-Recial-1024x402.jpg 1024w, https:\/\/ffyh.unc.edu.ar\/ciffyh\/wp-content\/uploads\/sites\/10\/2021\/05\/05-Recial-768x302.jpg 768w, https:\/\/ffyh.unc.edu.ar\/ciffyh\/wp-content\/uploads\/sites\/10\/2021\/05\/05-Recial-1536x603.jpg 1536w, https:\/\/ffyh.unc.edu.ar\/ciffyh\/wp-content\/uploads\/sites\/10\/2021\/05\/05-Recial-2048x804.jpg 2048w\" sizes=\"(max-width: 2560px) 100vw, 2560px\" \/><\/p>\n<p>A partir del 2010, la direcci\u00f3n del CIFFyH y la coordinaci\u00f3n del \u00c1rea Letras crean\u00a0<strong>Recial<\/strong>. Revista del Centro de Investigaciones \u00c1rea Letras.<\/p>\n<p>La publicaci\u00f3n se encuentra on line en\u00a0<a href=\"https:\/\/revistas.unc.edu.ar\/index.php\/recial\" target=\"_blank\" rel=\"noopener\">https:\/\/revistas.unc.edu.ar\/index.php\/recial<\/a><\/p>\n<p><strong>RECIAL <\/strong>se propone como un espacio para la difusi\u00f3n de estudios sobre la lengua y la literatura, sus m\u00faltiples problemas te\u00f3ricos y articulaciones con distintas \u00e1reas de la cultura. Aspira a ser una plataforma para divulgar tanto la producci\u00f3n cient\u00edfica de los investigadores del \u00c1rea de Letras del CIFFyH como la de otros estudiosos en el \u00e1mbito nacional e internacional, y constituirse, as\u00ed, en un espacio que favorezca el intercambio de conocimientos entre intelectuales dedicados a tem\u00e1ticas afines.<\/p>\n<p>Con el prop\u00f3sito de que sea un medio operativo de difusi\u00f3n y circulaci\u00f3n, la aparici\u00f3n de\u00a0<strong>RECIAL<\/strong>\u00a0est\u00e1 prevista semestralmente en soporte digital.<\/p>\n<p>La publicaci\u00f3n cuenta con el respaldo acad\u00e9mico de un prestigioso grupo de especialistas en los temas de inter\u00e9s.<\/p>\n","protected":false},"excerpt":{"rendered":"<p>Publicaci\u00f3n digital del\u00a0\u00c1rea Letras del Centro de Investigaciones \u00abMar\u00eda Saleme de Burnichon\u00bb de la Facultad de Filosof\u00eda y Humanidades de<\/p>\n","protected":false},"author":1,"featured_media":0,"parent":17,"menu_order":2,"comment_status":"closed","ping_status":"open","template":"","meta":{"_acf_changed":false,"colormag_page_container_layout":"default_layout","colormag_page_sidebar_layout":"default_layout","footnotes":""},"class_list":["post-236","page","type-page","status-publish","hentry"],"acf":[],"yoast_head":"<!-- This site is optimized with the Yoast SEO plugin v27.1.1 - https:\/\/yoast.com\/product\/yoast-seo-wordpress\/ -->\n<title>RECIAL | Revista del Centro de Investigaciones \u00c1rea Letras - Centro de Investigaciones &quot;Maria Saleme de Burnichon&quot;<\/title>\n<meta name=\"robots\" content=\"index, follow, max-snippet:-1, max-image-preview:large, max-video-preview:-1\" \/>\n<link rel=\"canonical\" href=\"https:\/\/ffyh.unc.edu.ar\/ciffyh\/publicaciones\/revistas\/recial-revista-del-centro-de-investigaciones-area-letras\/\" \/>\n<meta property=\"og:locale\" content=\"es_ES\" \/>\n<meta property=\"og:type\" content=\"article\" \/>\n<meta property=\"og:title\" content=\"RECIAL | Revista del Centro de Investigaciones \u00c1rea Letras - Centro de Investigaciones &quot;Maria Saleme de Burnichon&quot;\" \/>\n<meta property=\"og:description\" content=\"Publicaci\u00f3n digital del\u00a0\u00c1rea Letras del Centro de Investigaciones \u00abMar\u00eda Saleme de Burnichon\u00bb de la Facultad de Filosof\u00eda y Humanidades de\" \/>\n<meta property=\"og:url\" content=\"https:\/\/ffyh.unc.edu.ar\/ciffyh\/publicaciones\/revistas\/recial-revista-del-centro-de-investigaciones-area-letras\/\" \/>\n<meta property=\"og:site_name\" content=\"Centro de Investigaciones &quot;Maria Saleme de Burnichon&quot;\" \/>\n<meta property=\"article:modified_time\" content=\"2023-11-07T16:21:41+00:00\" \/>\n<meta property=\"og:image\" content=\"http:\/\/ffyh.unc.edu.ar\/ciffyh\/wp-content\/uploads\/sites\/10\/2021\/05\/05-Recial-scaled.jpg\" \/>\n<meta name=\"twitter:card\" content=\"summary_large_image\" \/>\n<meta name=\"twitter:label1\" content=\"Tiempo de lectura\" \/>\n\t<meta name=\"twitter:data1\" content=\"1 minuto\" \/>\n<script type=\"application\/ld+json\" class=\"yoast-schema-graph\">{\"@context\":\"https:\/\/schema.org\",\"@graph\":[{\"@type\":\"WebPage\",\"@id\":\"https:\/\/ffyh.unc.edu.ar\/ciffyh\/publicaciones\/revistas\/recial-revista-del-centro-de-investigaciones-area-letras\/\",\"url\":\"https:\/\/ffyh.unc.edu.ar\/ciffyh\/publicaciones\/revistas\/recial-revista-del-centro-de-investigaciones-area-letras\/\",\"name\":\"RECIAL | Revista del Centro de Investigaciones \u00c1rea Letras - Centro de Investigaciones &quot;Maria Saleme de Burnichon&quot;\",\"isPartOf\":{\"@id\":\"https:\/\/ffyh.unc.edu.ar\/ciffyh\/#website\"},\"primaryImageOfPage\":{\"@id\":\"https:\/\/ffyh.unc.edu.ar\/ciffyh\/publicaciones\/revistas\/recial-revista-del-centro-de-investigaciones-area-letras\/#primaryimage\"},\"image\":{\"@id\":\"https:\/\/ffyh.unc.edu.ar\/ciffyh\/publicaciones\/revistas\/recial-revista-del-centro-de-investigaciones-area-letras\/#primaryimage\"},\"thumbnailUrl\":\"http:\/\/ffyh.unc.edu.ar\/ciffyh\/wp-content\/uploads\/sites\/10\/2021\/05\/05-Recial-scaled.jpg\",\"datePublished\":\"2009-12-18T15:05:54+00:00\",\"dateModified\":\"2023-11-07T16:21:41+00:00\",\"breadcrumb\":{\"@id\":\"https:\/\/ffyh.unc.edu.ar\/ciffyh\/publicaciones\/revistas\/recial-revista-del-centro-de-investigaciones-area-letras\/#breadcrumb\"},\"inLanguage\":\"es\",\"potentialAction\":[{\"@type\":\"ReadAction\",\"target\":[\"https:\/\/ffyh.unc.edu.ar\/ciffyh\/publicaciones\/revistas\/recial-revista-del-centro-de-investigaciones-area-letras\/\"]}]},{\"@type\":\"ImageObject\",\"inLanguage\":\"es\",\"@id\":\"https:\/\/ffyh.unc.edu.ar\/ciffyh\/publicaciones\/revistas\/recial-revista-del-centro-de-investigaciones-area-letras\/#primaryimage\",\"url\":\"http:\/\/ffyh.unc.edu.ar\/ciffyh\/wp-content\/uploads\/sites\/10\/2021\/05\/05-Recial-scaled.jpg\",\"contentUrl\":\"http:\/\/ffyh.unc.edu.ar\/ciffyh\/wp-content\/uploads\/sites\/10\/2021\/05\/05-Recial-scaled.jpg\"},{\"@type\":\"BreadcrumbList\",\"@id\":\"https:\/\/ffyh.unc.edu.ar\/ciffyh\/publicaciones\/revistas\/recial-revista-del-centro-de-investigaciones-area-letras\/#breadcrumb\",\"itemListElement\":[{\"@type\":\"ListItem\",\"position\":1,\"name\":\"Portada\",\"item\":\"https:\/\/ffyh.unc.edu.ar\/ciffyh\/\"},{\"@type\":\"ListItem\",\"position\":2,\"name\":\"Publicaciones\",\"item\":\"https:\/\/ffyh.unc.edu.ar\/ciffyh\/publicaciones\/\"},{\"@type\":\"ListItem\",\"position\":3,\"name\":\"Revistas\",\"item\":\"https:\/\/ffyh.unc.edu.ar\/ciffyh\/publicaciones\/revistas\/\"},{\"@type\":\"ListItem\",\"position\":4,\"name\":\"RECIAL | Revista del Centro de Investigaciones \u00c1rea Letras\"}]},{\"@type\":\"WebSite\",\"@id\":\"https:\/\/ffyh.unc.edu.ar\/ciffyh\/#website\",\"url\":\"https:\/\/ffyh.unc.edu.ar\/ciffyh\/\",\"name\":\"Centro de Investigaciones \\\"Maria Saleme de Burnichon\\\"\",\"description\":\"Facultad de Filosof\u00eda y Humanidades | UNC\",\"publisher\":{\"@id\":\"https:\/\/ffyh.unc.edu.ar\/ciffyh\/#organization\"},\"potentialAction\":[{\"@type\":\"SearchAction\",\"target\":{\"@type\":\"EntryPoint\",\"urlTemplate\":\"https:\/\/ffyh.unc.edu.ar\/ciffyh\/?s={search_term_string}\"},\"query-input\":{\"@type\":\"PropertyValueSpecification\",\"valueRequired\":true,\"valueName\":\"search_term_string\"}}],\"inLanguage\":\"es\"},{\"@type\":\"Organization\",\"@id\":\"https:\/\/ffyh.unc.edu.ar\/ciffyh\/#organization\",\"name\":\"Centro de Investigaciones \\\"Maria Saleme de Burnichon\\\"\",\"url\":\"https:\/\/ffyh.unc.edu.ar\/ciffyh\/\",\"logo\":{\"@type\":\"ImageObject\",\"inLanguage\":\"es\",\"@id\":\"https:\/\/ffyh.unc.edu.ar\/ciffyh\/#\/schema\/logo\/image\/\",\"url\":\"https:\/\/ffyh.unc.edu.ar\/ciffyh\/wp-content\/uploads\/sites\/10\/2018\/02\/cropped-logo-ciffyh-ico.png\",\"contentUrl\":\"https:\/\/ffyh.unc.edu.ar\/ciffyh\/wp-content\/uploads\/sites\/10\/2018\/02\/cropped-logo-ciffyh-ico.png\",\"width\":512,\"height\":512,\"caption\":\"Centro de Investigaciones \\\"Maria Saleme de Burnichon\\\"\"},\"image\":{\"@id\":\"https:\/\/ffyh.unc.edu.ar\/ciffyh\/#\/schema\/logo\/image\/\"},\"sameAs\":[\"https:\/\/www.instagram.com\/ciffyh\/\"]}]}<\/script>\n<!-- \/ Yoast SEO plugin. -->","yoast_head_json":{"title":"RECIAL | Revista del Centro de Investigaciones \u00c1rea Letras - Centro de Investigaciones &quot;Maria Saleme de Burnichon&quot;","robots":{"index":"index","follow":"follow","max-snippet":"max-snippet:-1","max-image-preview":"max-image-preview:large","max-video-preview":"max-video-preview:-1"},"canonical":"https:\/\/ffyh.unc.edu.ar\/ciffyh\/publicaciones\/revistas\/recial-revista-del-centro-de-investigaciones-area-letras\/","og_locale":"es_ES","og_type":"article","og_title":"RECIAL | Revista del Centro de Investigaciones \u00c1rea Letras - Centro de Investigaciones &quot;Maria Saleme de Burnichon&quot;","og_description":"Publicaci\u00f3n digital del\u00a0\u00c1rea Letras del Centro de Investigaciones \u00abMar\u00eda Saleme de Burnichon\u00bb de la Facultad de Filosof\u00eda y Humanidades de","og_url":"https:\/\/ffyh.unc.edu.ar\/ciffyh\/publicaciones\/revistas\/recial-revista-del-centro-de-investigaciones-area-letras\/","og_site_name":"Centro de Investigaciones &quot;Maria Saleme de Burnichon&quot;","article_modified_time":"2023-11-07T16:21:41+00:00","og_image":[{"url":"http:\/\/ffyh.unc.edu.ar\/ciffyh\/wp-content\/uploads\/sites\/10\/2021\/05\/05-Recial-scaled.jpg","type":"","width":"","height":""}],"twitter_card":"summary_large_image","twitter_misc":{"Tiempo de lectura":"1 minuto"},"schema":{"@context":"https:\/\/schema.org","@graph":[{"@type":"WebPage","@id":"https:\/\/ffyh.unc.edu.ar\/ciffyh\/publicaciones\/revistas\/recial-revista-del-centro-de-investigaciones-area-letras\/","url":"https:\/\/ffyh.unc.edu.ar\/ciffyh\/publicaciones\/revistas\/recial-revista-del-centro-de-investigaciones-area-letras\/","name":"RECIAL | Revista del Centro de Investigaciones \u00c1rea Letras - Centro de Investigaciones &quot;Maria Saleme de Burnichon&quot;","isPartOf":{"@id":"https:\/\/ffyh.unc.edu.ar\/ciffyh\/#website"},"primaryImageOfPage":{"@id":"https:\/\/ffyh.unc.edu.ar\/ciffyh\/publicaciones\/revistas\/recial-revista-del-centro-de-investigaciones-area-letras\/#primaryimage"},"image":{"@id":"https:\/\/ffyh.unc.edu.ar\/ciffyh\/publicaciones\/revistas\/recial-revista-del-centro-de-investigaciones-area-letras\/#primaryimage"},"thumbnailUrl":"http:\/\/ffyh.unc.edu.ar\/ciffyh\/wp-content\/uploads\/sites\/10\/2021\/05\/05-Recial-scaled.jpg","datePublished":"2009-12-18T15:05:54+00:00","dateModified":"2023-11-07T16:21:41+00:00","breadcrumb":{"@id":"https:\/\/ffyh.unc.edu.ar\/ciffyh\/publicaciones\/revistas\/recial-revista-del-centro-de-investigaciones-area-letras\/#breadcrumb"},"inLanguage":"es","potentialAction":[{"@type":"ReadAction","target":["https:\/\/ffyh.unc.edu.ar\/ciffyh\/publicaciones\/revistas\/recial-revista-del-centro-de-investigaciones-area-letras\/"]}]},{"@type":"ImageObject","inLanguage":"es","@id":"https:\/\/ffyh.unc.edu.ar\/ciffyh\/publicaciones\/revistas\/recial-revista-del-centro-de-investigaciones-area-letras\/#primaryimage","url":"http:\/\/ffyh.unc.edu.ar\/ciffyh\/wp-content\/uploads\/sites\/10\/2021\/05\/05-Recial-scaled.jpg","contentUrl":"http:\/\/ffyh.unc.edu.ar\/ciffyh\/wp-content\/uploads\/sites\/10\/2021\/05\/05-Recial-scaled.jpg"},{"@type":"BreadcrumbList","@id":"https:\/\/ffyh.unc.edu.ar\/ciffyh\/publicaciones\/revistas\/recial-revista-del-centro-de-investigaciones-area-letras\/#breadcrumb","itemListElement":[{"@type":"ListItem","position":1,"name":"Portada","item":"https:\/\/ffyh.unc.edu.ar\/ciffyh\/"},{"@type":"ListItem","position":2,"name":"Publicaciones","item":"https:\/\/ffyh.unc.edu.ar\/ciffyh\/publicaciones\/"},{"@type":"ListItem","position":3,"name":"Revistas","item":"https:\/\/ffyh.unc.edu.ar\/ciffyh\/publicaciones\/revistas\/"},{"@type":"ListItem","position":4,"name":"RECIAL | Revista del Centro de Investigaciones \u00c1rea Letras"}]},{"@type":"WebSite","@id":"https:\/\/ffyh.unc.edu.ar\/ciffyh\/#website","url":"https:\/\/ffyh.unc.edu.ar\/ciffyh\/","name":"Centro de Investigaciones \"Maria Saleme de Burnichon\"","description":"Facultad de Filosof\u00eda y Humanidades | UNC","publisher":{"@id":"https:\/\/ffyh.unc.edu.ar\/ciffyh\/#organization"},"potentialAction":[{"@type":"SearchAction","target":{"@type":"EntryPoint","urlTemplate":"https:\/\/ffyh.unc.edu.ar\/ciffyh\/?s={search_term_string}"},"query-input":{"@type":"PropertyValueSpecification","valueRequired":true,"valueName":"search_term_string"}}],"inLanguage":"es"},{"@type":"Organization","@id":"https:\/\/ffyh.unc.edu.ar\/ciffyh\/#organization","name":"Centro de Investigaciones \"Maria Saleme de Burnichon\"","url":"https:\/\/ffyh.unc.edu.ar\/ciffyh\/","logo":{"@type":"ImageObject","inLanguage":"es","@id":"https:\/\/ffyh.unc.edu.ar\/ciffyh\/#\/schema\/logo\/image\/","url":"https:\/\/ffyh.unc.edu.ar\/ciffyh\/wp-content\/uploads\/sites\/10\/2018\/02\/cropped-logo-ciffyh-ico.png","contentUrl":"https:\/\/ffyh.unc.edu.ar\/ciffyh\/wp-content\/uploads\/sites\/10\/2018\/02\/cropped-logo-ciffyh-ico.png","width":512,"height":512,"caption":"Centro de Investigaciones \"Maria Saleme de Burnichon\""},"image":{"@id":"https:\/\/ffyh.unc.edu.ar\/ciffyh\/#\/schema\/logo\/image\/"},"sameAs":["https:\/\/www.instagram.com\/ciffyh\/"]}]}},"_links":{"self":[{"href":"https:\/\/ffyh.unc.edu.ar\/ciffyh\/wp-json\/wp\/v2\/pages\/236","targetHints":{"allow":["GET"]}}],"collection":[{"href":"https:\/\/ffyh.unc.edu.ar\/ciffyh\/wp-json\/wp\/v2\/pages"}],"about":[{"href":"https:\/\/ffyh.unc.edu.ar\/ciffyh\/wp-json\/wp\/v2\/types\/page"}],"author":[{"embeddable":true,"href":"https:\/\/ffyh.unc.edu.ar\/ciffyh\/wp-json\/wp\/v2\/users\/1"}],"replies":[{"embeddable":true,"href":"https:\/\/ffyh.unc.edu.ar\/ciffyh\/wp-json\/wp\/v2\/comments?post=236"}],"version-history":[{"count":2,"href":"https:\/\/ffyh.unc.edu.ar\/ciffyh\/wp-json\/wp\/v2\/pages\/236\/revisions"}],"predecessor-version":[{"id":6802,"href":"https:\/\/ffyh.unc.edu.ar\/ciffyh\/wp-json\/wp\/v2\/pages\/236\/revisions\/6802"}],"up":[{"embeddable":true,"href":"https:\/\/ffyh.unc.edu.ar\/ciffyh\/wp-json\/wp\/v2\/pages\/17"}],"wp:attachment":[{"href":"https:\/\/ffyh.unc.edu.ar\/ciffyh\/wp-json\/wp\/v2\/media?parent=236"}],"curies":[{"name":"wp","href":"https:\/\/api.w.org\/{rel}","templated":true}]}}