{"id":4508,"date":"2021-05-04T18:44:12","date_gmt":"2021-05-04T18:44:12","guid":{"rendered":"https:\/\/ffyh.unc.edu.ar\/ciffyh\/?page_id=4508"},"modified":"2023-11-07T16:23:05","modified_gmt":"2023-11-07T16:23:05","slug":"epistemologia-e-historia-de-la-ciencia","status":"publish","type":"page","link":"https:\/\/ffyh.unc.edu.ar\/ciffyh\/publicaciones\/revistas\/epistemologia-e-historia-de-la-ciencia\/","title":{"rendered":"Epistemolog\u00eda e Historia de la Ciencia"},"content":{"rendered":"<p><img fetchpriority=\"high\" decoding=\"async\" class=\"alignnone size-full wp-image-4509\" src=\"http:\/\/ffyh.unc.edu.ar\/ciffyh\/wp-content\/uploads\/sites\/10\/2021\/05\/07-EpistemologiaEHistoriaDeLaCiencia-scaled.jpg\" alt=\"\" width=\"2560\" height=\"1006\" srcset=\"https:\/\/ffyh.unc.edu.ar\/ciffyh\/wp-content\/uploads\/sites\/10\/2021\/05\/07-EpistemologiaEHistoriaDeLaCiencia-scaled.jpg 2560w, https:\/\/ffyh.unc.edu.ar\/ciffyh\/wp-content\/uploads\/sites\/10\/2021\/05\/07-EpistemologiaEHistoriaDeLaCiencia-300x118.jpg 300w, https:\/\/ffyh.unc.edu.ar\/ciffyh\/wp-content\/uploads\/sites\/10\/2021\/05\/07-EpistemologiaEHistoriaDeLaCiencia-1024x402.jpg 1024w, https:\/\/ffyh.unc.edu.ar\/ciffyh\/wp-content\/uploads\/sites\/10\/2021\/05\/07-EpistemologiaEHistoriaDeLaCiencia-768x302.jpg 768w, https:\/\/ffyh.unc.edu.ar\/ciffyh\/wp-content\/uploads\/sites\/10\/2021\/05\/07-EpistemologiaEHistoriaDeLaCiencia-1536x603.jpg 1536w, https:\/\/ffyh.unc.edu.ar\/ciffyh\/wp-content\/uploads\/sites\/10\/2021\/05\/07-EpistemologiaEHistoriaDeLaCiencia-2048x804.jpg 2048w\" sizes=\"(max-width: 2560px) 100vw, 2560px\" \/><\/p>\n<p><em>Epistemolog\u00eda e Historia de la Ciencia<\/em>\u00a0es una revista digital con periodicidad semestral (mayo y octubre) que publica, desde octubre de 2016, art\u00edculos originales de filosof\u00eda general de la ciencia y filosof\u00edas de las ciencias particulares, as\u00ed como art\u00edculos de historia de la ciencia con orientaci\u00f3n filos\u00f3fica. Las \u00e1reas de inter\u00e9s son entendidas en un sentido amplio y te\u00f3ricamente plural.<\/p>\n<p><em>Epistemolog\u00eda e Historia de la Ciencia<\/em>\u00a0es una publicaci\u00f3n de la Universidad Nacional de C\u00f3rdoba y nace a partir del trabajo llevado adelante en las Jornadas de Epistemolog\u00eda e Historia de la Ciencia. Como ellas, se propone consolidar el debate de problem\u00e1ticas epistemol\u00f3gicas en las comunidades filos\u00f3ficas latinoamericanas.<\/p>\n<p><strong>ISSN:<\/strong>\u00a02525-1198 (versi\u00f3n en l\u00ednea)<\/p>\n<p>La revista puede consultarse en: <a href=\"https:\/\/revistas.unc.edu.ar\/index.php\/afjor\/about\" target=\"_blank\" rel=\"noopener\">https:\/\/revistas.unc.edu.ar\/index.php\/afjor\/about<\/a><\/p>\n","protected":false},"excerpt":{"rendered":"<p>Epistemolog\u00eda e Historia de la Ciencia\u00a0es una revista digital con periodicidad semestral (mayo y octubre) que publica, desde octubre de<\/p>\n","protected":false},"author":2,"featured_media":0,"parent":17,"menu_order":0,"comment_status":"closed","ping_status":"closed","template":"","meta":{"_acf_changed":false,"saved_in_kubio":false,"colormag_page_container_layout":"default_layout","colormag_page_sidebar_layout":"default_layout","footnotes":""},"class_list":["post-4508","page","type-page","status-publish","hentry"],"acf":[],"kubio_ai_page_context":{"short_desc":"","purpose":"general"},"yoast_head":"<!-- This site is optimized with the Yoast SEO plugin v27.1.1 - https:\/\/yoast.com\/product\/yoast-seo-wordpress\/ -->\n<title>Epistemolog\u00eda e Historia de la Ciencia - Centro de Investigaciones &quot;Maria Saleme de Burnichon&quot;<\/title>\n<meta name=\"robots\" content=\"index, follow, max-snippet:-1, max-image-preview:large, max-video-preview:-1\" \/>\n<link rel=\"canonical\" href=\"https:\/\/ffyh.unc.edu.ar\/ciffyh\/publicaciones\/revistas\/epistemologia-e-historia-de-la-ciencia\/\" \/>\n<meta property=\"og:locale\" content=\"es_ES\" \/>\n<meta property=\"og:type\" content=\"article\" \/>\n<meta property=\"og:title\" content=\"Epistemolog\u00eda e Historia de la Ciencia - Centro de Investigaciones &quot;Maria Saleme de Burnichon&quot;\" \/>\n<meta property=\"og:description\" content=\"Epistemolog\u00eda e Historia de la Ciencia\u00a0es una revista digital con periodicidad semestral (mayo y octubre) que publica, desde octubre de\" \/>\n<meta property=\"og:url\" content=\"https:\/\/ffyh.unc.edu.ar\/ciffyh\/publicaciones\/revistas\/epistemologia-e-historia-de-la-ciencia\/\" \/>\n<meta property=\"og:site_name\" content=\"Centro de Investigaciones &quot;Maria Saleme de Burnichon&quot;\" \/>\n<meta property=\"article:modified_time\" content=\"2023-11-07T16:23:05+00:00\" \/>\n<meta property=\"og:image\" content=\"http:\/\/ffyh.unc.edu.ar\/ciffyh\/wp-content\/uploads\/sites\/10\/2021\/05\/07-EpistemologiaEHistoriaDeLaCiencia-scaled.jpg\" \/>\n<meta name=\"twitter:card\" content=\"summary_large_image\" \/>\n<meta name=\"twitter:label1\" content=\"Tiempo de lectura\" \/>\n\t<meta name=\"twitter:data1\" content=\"1 minuto\" \/>\n<script type=\"application\/ld+json\" class=\"yoast-schema-graph\">{\"@context\":\"https:\/\/schema.org\",\"@graph\":[{\"@type\":\"WebPage\",\"@id\":\"https:\/\/ffyh.unc.edu.ar\/ciffyh\/publicaciones\/revistas\/epistemologia-e-historia-de-la-ciencia\/\",\"url\":\"https:\/\/ffyh.unc.edu.ar\/ciffyh\/publicaciones\/revistas\/epistemologia-e-historia-de-la-ciencia\/\",\"name\":\"Epistemolog\u00eda e Historia de la Ciencia - Centro de Investigaciones &quot;Maria Saleme de Burnichon&quot;\",\"isPartOf\":{\"@id\":\"https:\/\/ffyh.unc.edu.ar\/ciffyh\/#website\"},\"primaryImageOfPage\":{\"@id\":\"https:\/\/ffyh.unc.edu.ar\/ciffyh\/publicaciones\/revistas\/epistemologia-e-historia-de-la-ciencia\/#primaryimage\"},\"image\":{\"@id\":\"https:\/\/ffyh.unc.edu.ar\/ciffyh\/publicaciones\/revistas\/epistemologia-e-historia-de-la-ciencia\/#primaryimage\"},\"thumbnailUrl\":\"http:\/\/ffyh.unc.edu.ar\/ciffyh\/wp-content\/uploads\/sites\/10\/2021\/05\/07-EpistemologiaEHistoriaDeLaCiencia-scaled.jpg\",\"datePublished\":\"2021-05-04T18:44:12+00:00\",\"dateModified\":\"2023-11-07T16:23:05+00:00\",\"breadcrumb\":{\"@id\":\"https:\/\/ffyh.unc.edu.ar\/ciffyh\/publicaciones\/revistas\/epistemologia-e-historia-de-la-ciencia\/#breadcrumb\"},\"inLanguage\":\"es\",\"potentialAction\":[{\"@type\":\"ReadAction\",\"target\":[\"https:\/\/ffyh.unc.edu.ar\/ciffyh\/publicaciones\/revistas\/epistemologia-e-historia-de-la-ciencia\/\"]}]},{\"@type\":\"ImageObject\",\"inLanguage\":\"es\",\"@id\":\"https:\/\/ffyh.unc.edu.ar\/ciffyh\/publicaciones\/revistas\/epistemologia-e-historia-de-la-ciencia\/#primaryimage\",\"url\":\"http:\/\/ffyh.unc.edu.ar\/ciffyh\/wp-content\/uploads\/sites\/10\/2021\/05\/07-EpistemologiaEHistoriaDeLaCiencia-scaled.jpg\",\"contentUrl\":\"http:\/\/ffyh.unc.edu.ar\/ciffyh\/wp-content\/uploads\/sites\/10\/2021\/05\/07-EpistemologiaEHistoriaDeLaCiencia-scaled.jpg\"},{\"@type\":\"BreadcrumbList\",\"@id\":\"https:\/\/ffyh.unc.edu.ar\/ciffyh\/publicaciones\/revistas\/epistemologia-e-historia-de-la-ciencia\/#breadcrumb\",\"itemListElement\":[{\"@type\":\"ListItem\",\"position\":1,\"name\":\"Portada\",\"item\":\"https:\/\/ffyh.unc.edu.ar\/ciffyh\/\"},{\"@type\":\"ListItem\",\"position\":2,\"name\":\"Publicaciones\",\"item\":\"https:\/\/ffyh.unc.edu.ar\/ciffyh\/publicaciones\/\"},{\"@type\":\"ListItem\",\"position\":3,\"name\":\"Revistas\",\"item\":\"https:\/\/ffyh.unc.edu.ar\/ciffyh\/publicaciones\/revistas\/\"},{\"@type\":\"ListItem\",\"position\":4,\"name\":\"Epistemolog\u00eda e Historia de la Ciencia\"}]},{\"@type\":\"WebSite\",\"@id\":\"https:\/\/ffyh.unc.edu.ar\/ciffyh\/#website\",\"url\":\"https:\/\/ffyh.unc.edu.ar\/ciffyh\/\",\"name\":\"Centro de Investigaciones \\\"Maria Saleme de Burnichon\\\"\",\"description\":\"Facultad de Filosof\u00eda y Humanidades | UNC\",\"publisher\":{\"@id\":\"https:\/\/ffyh.unc.edu.ar\/ciffyh\/#organization\"},\"potentialAction\":[{\"@type\":\"SearchAction\",\"target\":{\"@type\":\"EntryPoint\",\"urlTemplate\":\"https:\/\/ffyh.unc.edu.ar\/ciffyh\/?s={search_term_string}\"},\"query-input\":{\"@type\":\"PropertyValueSpecification\",\"valueRequired\":true,\"valueName\":\"search_term_string\"}}],\"inLanguage\":\"es\"},{\"@type\":\"Organization\",\"@id\":\"https:\/\/ffyh.unc.edu.ar\/ciffyh\/#organization\",\"name\":\"Centro de Investigaciones \\\"Maria Saleme de Burnichon\\\"\",\"url\":\"https:\/\/ffyh.unc.edu.ar\/ciffyh\/\",\"logo\":{\"@type\":\"ImageObject\",\"inLanguage\":\"es\",\"@id\":\"https:\/\/ffyh.unc.edu.ar\/ciffyh\/#\/schema\/logo\/image\/\",\"url\":\"https:\/\/ffyh.unc.edu.ar\/ciffyh\/wp-content\/uploads\/sites\/10\/2018\/02\/cropped-logo-ciffyh-ico.png\",\"contentUrl\":\"https:\/\/ffyh.unc.edu.ar\/ciffyh\/wp-content\/uploads\/sites\/10\/2018\/02\/cropped-logo-ciffyh-ico.png\",\"width\":512,\"height\":512,\"caption\":\"Centro de Investigaciones \\\"Maria Saleme de Burnichon\\\"\"},\"image\":{\"@id\":\"https:\/\/ffyh.unc.edu.ar\/ciffyh\/#\/schema\/logo\/image\/\"},\"sameAs\":[\"https:\/\/www.instagram.com\/ciffyh\/\"]}]}<\/script>\n<!-- \/ Yoast SEO plugin. -->","yoast_head_json":{"title":"Epistemolog\u00eda e Historia de la Ciencia - Centro de Investigaciones &quot;Maria Saleme de Burnichon&quot;","robots":{"index":"index","follow":"follow","max-snippet":"max-snippet:-1","max-image-preview":"max-image-preview:large","max-video-preview":"max-video-preview:-1"},"canonical":"https:\/\/ffyh.unc.edu.ar\/ciffyh\/publicaciones\/revistas\/epistemologia-e-historia-de-la-ciencia\/","og_locale":"es_ES","og_type":"article","og_title":"Epistemolog\u00eda e Historia de la Ciencia - Centro de Investigaciones &quot;Maria Saleme de Burnichon&quot;","og_description":"Epistemolog\u00eda e Historia de la Ciencia\u00a0es una revista digital con periodicidad semestral (mayo y octubre) que publica, desde octubre de","og_url":"https:\/\/ffyh.unc.edu.ar\/ciffyh\/publicaciones\/revistas\/epistemologia-e-historia-de-la-ciencia\/","og_site_name":"Centro de Investigaciones &quot;Maria Saleme de Burnichon&quot;","article_modified_time":"2023-11-07T16:23:05+00:00","og_image":[{"url":"http:\/\/ffyh.unc.edu.ar\/ciffyh\/wp-content\/uploads\/sites\/10\/2021\/05\/07-EpistemologiaEHistoriaDeLaCiencia-scaled.jpg","type":"","width":"","height":""}],"twitter_card":"summary_large_image","twitter_misc":{"Tiempo de lectura":"1 minuto"},"schema":{"@context":"https:\/\/schema.org","@graph":[{"@type":"WebPage","@id":"https:\/\/ffyh.unc.edu.ar\/ciffyh\/publicaciones\/revistas\/epistemologia-e-historia-de-la-ciencia\/","url":"https:\/\/ffyh.unc.edu.ar\/ciffyh\/publicaciones\/revistas\/epistemologia-e-historia-de-la-ciencia\/","name":"Epistemolog\u00eda e Historia de la Ciencia - Centro de Investigaciones &quot;Maria Saleme de Burnichon&quot;","isPartOf":{"@id":"https:\/\/ffyh.unc.edu.ar\/ciffyh\/#website"},"primaryImageOfPage":{"@id":"https:\/\/ffyh.unc.edu.ar\/ciffyh\/publicaciones\/revistas\/epistemologia-e-historia-de-la-ciencia\/#primaryimage"},"image":{"@id":"https:\/\/ffyh.unc.edu.ar\/ciffyh\/publicaciones\/revistas\/epistemologia-e-historia-de-la-ciencia\/#primaryimage"},"thumbnailUrl":"http:\/\/ffyh.unc.edu.ar\/ciffyh\/wp-content\/uploads\/sites\/10\/2021\/05\/07-EpistemologiaEHistoriaDeLaCiencia-scaled.jpg","datePublished":"2021-05-04T18:44:12+00:00","dateModified":"2023-11-07T16:23:05+00:00","breadcrumb":{"@id":"https:\/\/ffyh.unc.edu.ar\/ciffyh\/publicaciones\/revistas\/epistemologia-e-historia-de-la-ciencia\/#breadcrumb"},"inLanguage":"es","potentialAction":[{"@type":"ReadAction","target":["https:\/\/ffyh.unc.edu.ar\/ciffyh\/publicaciones\/revistas\/epistemologia-e-historia-de-la-ciencia\/"]}]},{"@type":"ImageObject","inLanguage":"es","@id":"https:\/\/ffyh.unc.edu.ar\/ciffyh\/publicaciones\/revistas\/epistemologia-e-historia-de-la-ciencia\/#primaryimage","url":"http:\/\/ffyh.unc.edu.ar\/ciffyh\/wp-content\/uploads\/sites\/10\/2021\/05\/07-EpistemologiaEHistoriaDeLaCiencia-scaled.jpg","contentUrl":"http:\/\/ffyh.unc.edu.ar\/ciffyh\/wp-content\/uploads\/sites\/10\/2021\/05\/07-EpistemologiaEHistoriaDeLaCiencia-scaled.jpg"},{"@type":"BreadcrumbList","@id":"https:\/\/ffyh.unc.edu.ar\/ciffyh\/publicaciones\/revistas\/epistemologia-e-historia-de-la-ciencia\/#breadcrumb","itemListElement":[{"@type":"ListItem","position":1,"name":"Portada","item":"https:\/\/ffyh.unc.edu.ar\/ciffyh\/"},{"@type":"ListItem","position":2,"name":"Publicaciones","item":"https:\/\/ffyh.unc.edu.ar\/ciffyh\/publicaciones\/"},{"@type":"ListItem","position":3,"name":"Revistas","item":"https:\/\/ffyh.unc.edu.ar\/ciffyh\/publicaciones\/revistas\/"},{"@type":"ListItem","position":4,"name":"Epistemolog\u00eda e Historia de la Ciencia"}]},{"@type":"WebSite","@id":"https:\/\/ffyh.unc.edu.ar\/ciffyh\/#website","url":"https:\/\/ffyh.unc.edu.ar\/ciffyh\/","name":"Centro de Investigaciones \"Maria Saleme de Burnichon\"","description":"Facultad de Filosof\u00eda y Humanidades | UNC","publisher":{"@id":"https:\/\/ffyh.unc.edu.ar\/ciffyh\/#organization"},"potentialAction":[{"@type":"SearchAction","target":{"@type":"EntryPoint","urlTemplate":"https:\/\/ffyh.unc.edu.ar\/ciffyh\/?s={search_term_string}"},"query-input":{"@type":"PropertyValueSpecification","valueRequired":true,"valueName":"search_term_string"}}],"inLanguage":"es"},{"@type":"Organization","@id":"https:\/\/ffyh.unc.edu.ar\/ciffyh\/#organization","name":"Centro de Investigaciones \"Maria Saleme de Burnichon\"","url":"https:\/\/ffyh.unc.edu.ar\/ciffyh\/","logo":{"@type":"ImageObject","inLanguage":"es","@id":"https:\/\/ffyh.unc.edu.ar\/ciffyh\/#\/schema\/logo\/image\/","url":"https:\/\/ffyh.unc.edu.ar\/ciffyh\/wp-content\/uploads\/sites\/10\/2018\/02\/cropped-logo-ciffyh-ico.png","contentUrl":"https:\/\/ffyh.unc.edu.ar\/ciffyh\/wp-content\/uploads\/sites\/10\/2018\/02\/cropped-logo-ciffyh-ico.png","width":512,"height":512,"caption":"Centro de Investigaciones \"Maria Saleme de Burnichon\""},"image":{"@id":"https:\/\/ffyh.unc.edu.ar\/ciffyh\/#\/schema\/logo\/image\/"},"sameAs":["https:\/\/www.instagram.com\/ciffyh\/"]}]}},"_links":{"self":[{"href":"https:\/\/ffyh.unc.edu.ar\/ciffyh\/wp-json\/wp\/v2\/pages\/4508","targetHints":{"allow":["GET"]}}],"collection":[{"href":"https:\/\/ffyh.unc.edu.ar\/ciffyh\/wp-json\/wp\/v2\/pages"}],"about":[{"href":"https:\/\/ffyh.unc.edu.ar\/ciffyh\/wp-json\/wp\/v2\/types\/page"}],"author":[{"embeddable":true,"href":"https:\/\/ffyh.unc.edu.ar\/ciffyh\/wp-json\/wp\/v2\/users\/2"}],"replies":[{"embeddable":true,"href":"https:\/\/ffyh.unc.edu.ar\/ciffyh\/wp-json\/wp\/v2\/comments?post=4508"}],"version-history":[{"count":2,"href":"https:\/\/ffyh.unc.edu.ar\/ciffyh\/wp-json\/wp\/v2\/pages\/4508\/revisions"}],"predecessor-version":[{"id":6804,"href":"https:\/\/ffyh.unc.edu.ar\/ciffyh\/wp-json\/wp\/v2\/pages\/4508\/revisions\/6804"}],"up":[{"embeddable":true,"href":"https:\/\/ffyh.unc.edu.ar\/ciffyh\/wp-json\/wp\/v2\/pages\/17"}],"wp:attachment":[{"href":"https:\/\/ffyh.unc.edu.ar\/ciffyh\/wp-json\/wp\/v2\/media?parent=4508"}],"curies":[{"name":"wp","href":"https:\/\/api.w.org\/{rel}","templated":true}]}}