{"id":4889,"date":"2022-05-16T13:08:18","date_gmt":"2022-05-16T13:08:18","guid":{"rendered":"https:\/\/ffyh.unc.edu.ar\/ciffyh\/?page_id=4889"},"modified":"2023-11-07T16:25:47","modified_gmt":"2023-11-07T16:25:47","slug":"pescadora-de-perlas-revista-de-estudios-arendtianos","status":"publish","type":"page","link":"https:\/\/ffyh.unc.edu.ar\/ciffyh\/publicaciones\/revistas\/pescadora-de-perlas-revista-de-estudios-arendtianos\/","title":{"rendered":"Pescadora de perlas. Revista de estudios arendtianos"},"content":{"rendered":"<p><strong>Pescadora de perlas es una publicaci\u00f3n anual del Centro de Investigaciones de la Facultad de Filosof\u00eda y Humanidades de la Universidad Nacional de C\u00f3rdoba que tiene como objetivo principal publicar ensayos, art\u00edculos acad\u00e9micos, traducciones y rese\u00f1as inspiradas en la obra de Hannah Arendt.<\/strong><\/p>\n<p><img fetchpriority=\"high\" decoding=\"async\" class=\"alignnone size-full wp-image-4890\" src=\"http:\/\/ffyh.unc.edu.ar\/ciffyh\/wp-content\/uploads\/sites\/10\/2022\/05\/pescadora1536x603.jpg\" alt=\"\" width=\"1536\" height=\"603\" srcset=\"https:\/\/ffyh.unc.edu.ar\/ciffyh\/wp-content\/uploads\/sites\/10\/2022\/05\/pescadora1536x603.jpg 1536w, https:\/\/ffyh.unc.edu.ar\/ciffyh\/wp-content\/uploads\/sites\/10\/2022\/05\/pescadora1536x603-300x118.jpg 300w, https:\/\/ffyh.unc.edu.ar\/ciffyh\/wp-content\/uploads\/sites\/10\/2022\/05\/pescadora1536x603-1024x402.jpg 1024w, https:\/\/ffyh.unc.edu.ar\/ciffyh\/wp-content\/uploads\/sites\/10\/2022\/05\/pescadora1536x603-768x302.jpg 768w\" sizes=\"(max-width: 1536px) 100vw, 1536px\" \/><\/p>\n<p>&nbsp;<\/p>\n<p><span style=\"font-weight: 400\">Busca ser un \u00e1mbito de debate y de intercambios sobre la vasta obra de esta autora, su legado y su repercusi\u00f3n; expandir su pensamiento y contribuir a las discusiones que sus ideas abren en el presente, sin limitar su filosof\u00eda a una \u00fanica perspectiva interpretativa para no contradecir una nota sobresaliente de su posici\u00f3n te\u00f3rica: la libertad de pensar sin asideros en el di\u00e1logo ininterrumpido que mantuvo con la tradici\u00f3n filos\u00f3fica, pol\u00edtica, literaria, hist\u00f3rica.<\/span><\/p>\n<p><span style=\"font-weight: 400\">No parece que pueda precisarse un m\u00e9todo de an\u00e1lisis definido y \u00fanico que determinara el proceder de Arendt, pero s\u00ed se puede se\u00f1alar su significativo apego al benjaminiano pasar a la historia \u201cel cepillo a contrapelo\u201d y a buscar lo nuevo en el pasado, como el pescador de perlas que desciende al fondo del mar. La imagen de quien pesca perlas le sirve a Arendt para indicar que en lo olvidado o escondido se encuentra algo precioso que hace falta traer a la superficie, no para resucitar tiempos ya muertos sino para recuperar los tesoros que la tradici\u00f3n ensombreci\u00f3. Ella misma, creemos, fue una pescadora de perlas empe\u00f1ada en salvar del olvido las discontinuidades en la tradici\u00f3n de la teor\u00eda pol\u00edtica, los momentos de ruptura valiosos para el presente, un rescate siempre unido al locus de lo \u2018nuevo\u2019, manifestado desde la primera a la \u00faltima de sus obras en el acontecimiento de la natalidad.<\/span><\/p>\n<p><span style=\"font-weight: 400\">Contacto: <a href=\"mailto:pescadoradeperlas@ffyh.unc.edu.ar\">pescadoradeperlas@ffyh.unc.edu.ar<\/a><\/span><\/p>\n<p><span style=\"font-weight: 400\">Puede acceder a la revista, convocatorias y normas editoriales desde el siguiente enlace: <a href=\"https:\/\/revistas.unc.edu.ar\/index.php\/pescadoradeperlas\/\" target=\"_blank\" rel=\"noopener\">https:\/\/revistas.unc.edu.ar\/index.php\/pescadoradeperlas\/<\/a><\/span><\/p>\n","protected":false},"excerpt":{"rendered":"<p>Pescadora de perlas es una publicaci\u00f3n anual del Centro de Investigaciones de la Facultad de Filosof\u00eda y Humanidades de la<\/p>\n","protected":false},"author":2,"featured_media":0,"parent":17,"menu_order":0,"comment_status":"closed","ping_status":"closed","template":"","meta":{"_acf_changed":false,"colormag_page_container_layout":"default_layout","colormag_page_sidebar_layout":"default_layout","footnotes":""},"class_list":["post-4889","page","type-page","status-publish","hentry"],"acf":[],"yoast_head":"<!-- This site is optimized with the Yoast SEO plugin v27.1.1 - https:\/\/yoast.com\/product\/yoast-seo-wordpress\/ -->\n<title>Pescadora de perlas. Revista de estudios arendtianos - Centro de Investigaciones &quot;Maria Saleme de Burnichon&quot;<\/title>\n<meta name=\"robots\" content=\"index, follow, max-snippet:-1, max-image-preview:large, max-video-preview:-1\" \/>\n<link rel=\"canonical\" href=\"https:\/\/ffyh.unc.edu.ar\/ciffyh\/publicaciones\/revistas\/pescadora-de-perlas-revista-de-estudios-arendtianos\/\" \/>\n<meta property=\"og:locale\" content=\"es_ES\" \/>\n<meta property=\"og:type\" content=\"article\" \/>\n<meta property=\"og:title\" content=\"Pescadora de perlas. Revista de estudios arendtianos - Centro de Investigaciones &quot;Maria Saleme de Burnichon&quot;\" \/>\n<meta property=\"og:description\" content=\"Pescadora de perlas es una publicaci\u00f3n anual del Centro de Investigaciones de la Facultad de Filosof\u00eda y Humanidades de la\" \/>\n<meta property=\"og:url\" content=\"https:\/\/ffyh.unc.edu.ar\/ciffyh\/publicaciones\/revistas\/pescadora-de-perlas-revista-de-estudios-arendtianos\/\" \/>\n<meta property=\"og:site_name\" content=\"Centro de Investigaciones &quot;Maria Saleme de Burnichon&quot;\" \/>\n<meta property=\"article:modified_time\" content=\"2023-11-07T16:25:47+00:00\" \/>\n<meta property=\"og:image\" content=\"http:\/\/ffyh.unc.edu.ar\/ciffyh\/wp-content\/uploads\/sites\/10\/2022\/05\/pescadora1536x603.jpg\" \/>\n<meta name=\"twitter:card\" content=\"summary_large_image\" \/>\n<meta name=\"twitter:label1\" content=\"Tiempo de lectura\" \/>\n\t<meta name=\"twitter:data1\" content=\"2 minutos\" \/>\n<script type=\"application\/ld+json\" class=\"yoast-schema-graph\">{\"@context\":\"https:\/\/schema.org\",\"@graph\":[{\"@type\":\"WebPage\",\"@id\":\"https:\/\/ffyh.unc.edu.ar\/ciffyh\/publicaciones\/revistas\/pescadora-de-perlas-revista-de-estudios-arendtianos\/\",\"url\":\"https:\/\/ffyh.unc.edu.ar\/ciffyh\/publicaciones\/revistas\/pescadora-de-perlas-revista-de-estudios-arendtianos\/\",\"name\":\"Pescadora de perlas. Revista de estudios arendtianos - Centro de Investigaciones &quot;Maria Saleme de Burnichon&quot;\",\"isPartOf\":{\"@id\":\"https:\/\/ffyh.unc.edu.ar\/ciffyh\/#website\"},\"primaryImageOfPage\":{\"@id\":\"https:\/\/ffyh.unc.edu.ar\/ciffyh\/publicaciones\/revistas\/pescadora-de-perlas-revista-de-estudios-arendtianos\/#primaryimage\"},\"image\":{\"@id\":\"https:\/\/ffyh.unc.edu.ar\/ciffyh\/publicaciones\/revistas\/pescadora-de-perlas-revista-de-estudios-arendtianos\/#primaryimage\"},\"thumbnailUrl\":\"http:\/\/ffyh.unc.edu.ar\/ciffyh\/wp-content\/uploads\/sites\/10\/2022\/05\/pescadora1536x603.jpg\",\"datePublished\":\"2022-05-16T13:08:18+00:00\",\"dateModified\":\"2023-11-07T16:25:47+00:00\",\"breadcrumb\":{\"@id\":\"https:\/\/ffyh.unc.edu.ar\/ciffyh\/publicaciones\/revistas\/pescadora-de-perlas-revista-de-estudios-arendtianos\/#breadcrumb\"},\"inLanguage\":\"es\",\"potentialAction\":[{\"@type\":\"ReadAction\",\"target\":[\"https:\/\/ffyh.unc.edu.ar\/ciffyh\/publicaciones\/revistas\/pescadora-de-perlas-revista-de-estudios-arendtianos\/\"]}]},{\"@type\":\"ImageObject\",\"inLanguage\":\"es\",\"@id\":\"https:\/\/ffyh.unc.edu.ar\/ciffyh\/publicaciones\/revistas\/pescadora-de-perlas-revista-de-estudios-arendtianos\/#primaryimage\",\"url\":\"http:\/\/ffyh.unc.edu.ar\/ciffyh\/wp-content\/uploads\/sites\/10\/2022\/05\/pescadora1536x603.jpg\",\"contentUrl\":\"http:\/\/ffyh.unc.edu.ar\/ciffyh\/wp-content\/uploads\/sites\/10\/2022\/05\/pescadora1536x603.jpg\"},{\"@type\":\"BreadcrumbList\",\"@id\":\"https:\/\/ffyh.unc.edu.ar\/ciffyh\/publicaciones\/revistas\/pescadora-de-perlas-revista-de-estudios-arendtianos\/#breadcrumb\",\"itemListElement\":[{\"@type\":\"ListItem\",\"position\":1,\"name\":\"Portada\",\"item\":\"https:\/\/ffyh.unc.edu.ar\/ciffyh\/\"},{\"@type\":\"ListItem\",\"position\":2,\"name\":\"Publicaciones\",\"item\":\"https:\/\/ffyh.unc.edu.ar\/ciffyh\/publicaciones\/\"},{\"@type\":\"ListItem\",\"position\":3,\"name\":\"Revistas\",\"item\":\"https:\/\/ffyh.unc.edu.ar\/ciffyh\/publicaciones\/revistas\/\"},{\"@type\":\"ListItem\",\"position\":4,\"name\":\"Pescadora de perlas. Revista de estudios arendtianos\"}]},{\"@type\":\"WebSite\",\"@id\":\"https:\/\/ffyh.unc.edu.ar\/ciffyh\/#website\",\"url\":\"https:\/\/ffyh.unc.edu.ar\/ciffyh\/\",\"name\":\"Centro de Investigaciones \\\"Maria Saleme de Burnichon\\\"\",\"description\":\"Facultad de Filosof\u00eda y Humanidades | UNC\",\"publisher\":{\"@id\":\"https:\/\/ffyh.unc.edu.ar\/ciffyh\/#organization\"},\"potentialAction\":[{\"@type\":\"SearchAction\",\"target\":{\"@type\":\"EntryPoint\",\"urlTemplate\":\"https:\/\/ffyh.unc.edu.ar\/ciffyh\/?s={search_term_string}\"},\"query-input\":{\"@type\":\"PropertyValueSpecification\",\"valueRequired\":true,\"valueName\":\"search_term_string\"}}],\"inLanguage\":\"es\"},{\"@type\":\"Organization\",\"@id\":\"https:\/\/ffyh.unc.edu.ar\/ciffyh\/#organization\",\"name\":\"Centro de Investigaciones \\\"Maria Saleme de Burnichon\\\"\",\"url\":\"https:\/\/ffyh.unc.edu.ar\/ciffyh\/\",\"logo\":{\"@type\":\"ImageObject\",\"inLanguage\":\"es\",\"@id\":\"https:\/\/ffyh.unc.edu.ar\/ciffyh\/#\/schema\/logo\/image\/\",\"url\":\"https:\/\/ffyh.unc.edu.ar\/ciffyh\/wp-content\/uploads\/sites\/10\/2018\/02\/cropped-logo-ciffyh-ico.png\",\"contentUrl\":\"https:\/\/ffyh.unc.edu.ar\/ciffyh\/wp-content\/uploads\/sites\/10\/2018\/02\/cropped-logo-ciffyh-ico.png\",\"width\":512,\"height\":512,\"caption\":\"Centro de Investigaciones \\\"Maria Saleme de Burnichon\\\"\"},\"image\":{\"@id\":\"https:\/\/ffyh.unc.edu.ar\/ciffyh\/#\/schema\/logo\/image\/\"},\"sameAs\":[\"https:\/\/www.instagram.com\/ciffyh\/\"]}]}<\/script>\n<!-- \/ Yoast SEO plugin. -->","yoast_head_json":{"title":"Pescadora de perlas. Revista de estudios arendtianos - Centro de Investigaciones &quot;Maria Saleme de Burnichon&quot;","robots":{"index":"index","follow":"follow","max-snippet":"max-snippet:-1","max-image-preview":"max-image-preview:large","max-video-preview":"max-video-preview:-1"},"canonical":"https:\/\/ffyh.unc.edu.ar\/ciffyh\/publicaciones\/revistas\/pescadora-de-perlas-revista-de-estudios-arendtianos\/","og_locale":"es_ES","og_type":"article","og_title":"Pescadora de perlas. Revista de estudios arendtianos - Centro de Investigaciones &quot;Maria Saleme de Burnichon&quot;","og_description":"Pescadora de perlas es una publicaci\u00f3n anual del Centro de Investigaciones de la Facultad de Filosof\u00eda y Humanidades de la","og_url":"https:\/\/ffyh.unc.edu.ar\/ciffyh\/publicaciones\/revistas\/pescadora-de-perlas-revista-de-estudios-arendtianos\/","og_site_name":"Centro de Investigaciones &quot;Maria Saleme de Burnichon&quot;","article_modified_time":"2023-11-07T16:25:47+00:00","og_image":[{"url":"http:\/\/ffyh.unc.edu.ar\/ciffyh\/wp-content\/uploads\/sites\/10\/2022\/05\/pescadora1536x603.jpg","type":"","width":"","height":""}],"twitter_card":"summary_large_image","twitter_misc":{"Tiempo de lectura":"2 minutos"},"schema":{"@context":"https:\/\/schema.org","@graph":[{"@type":"WebPage","@id":"https:\/\/ffyh.unc.edu.ar\/ciffyh\/publicaciones\/revistas\/pescadora-de-perlas-revista-de-estudios-arendtianos\/","url":"https:\/\/ffyh.unc.edu.ar\/ciffyh\/publicaciones\/revistas\/pescadora-de-perlas-revista-de-estudios-arendtianos\/","name":"Pescadora de perlas. Revista de estudios arendtianos - Centro de Investigaciones &quot;Maria Saleme de Burnichon&quot;","isPartOf":{"@id":"https:\/\/ffyh.unc.edu.ar\/ciffyh\/#website"},"primaryImageOfPage":{"@id":"https:\/\/ffyh.unc.edu.ar\/ciffyh\/publicaciones\/revistas\/pescadora-de-perlas-revista-de-estudios-arendtianos\/#primaryimage"},"image":{"@id":"https:\/\/ffyh.unc.edu.ar\/ciffyh\/publicaciones\/revistas\/pescadora-de-perlas-revista-de-estudios-arendtianos\/#primaryimage"},"thumbnailUrl":"http:\/\/ffyh.unc.edu.ar\/ciffyh\/wp-content\/uploads\/sites\/10\/2022\/05\/pescadora1536x603.jpg","datePublished":"2022-05-16T13:08:18+00:00","dateModified":"2023-11-07T16:25:47+00:00","breadcrumb":{"@id":"https:\/\/ffyh.unc.edu.ar\/ciffyh\/publicaciones\/revistas\/pescadora-de-perlas-revista-de-estudios-arendtianos\/#breadcrumb"},"inLanguage":"es","potentialAction":[{"@type":"ReadAction","target":["https:\/\/ffyh.unc.edu.ar\/ciffyh\/publicaciones\/revistas\/pescadora-de-perlas-revista-de-estudios-arendtianos\/"]}]},{"@type":"ImageObject","inLanguage":"es","@id":"https:\/\/ffyh.unc.edu.ar\/ciffyh\/publicaciones\/revistas\/pescadora-de-perlas-revista-de-estudios-arendtianos\/#primaryimage","url":"http:\/\/ffyh.unc.edu.ar\/ciffyh\/wp-content\/uploads\/sites\/10\/2022\/05\/pescadora1536x603.jpg","contentUrl":"http:\/\/ffyh.unc.edu.ar\/ciffyh\/wp-content\/uploads\/sites\/10\/2022\/05\/pescadora1536x603.jpg"},{"@type":"BreadcrumbList","@id":"https:\/\/ffyh.unc.edu.ar\/ciffyh\/publicaciones\/revistas\/pescadora-de-perlas-revista-de-estudios-arendtianos\/#breadcrumb","itemListElement":[{"@type":"ListItem","position":1,"name":"Portada","item":"https:\/\/ffyh.unc.edu.ar\/ciffyh\/"},{"@type":"ListItem","position":2,"name":"Publicaciones","item":"https:\/\/ffyh.unc.edu.ar\/ciffyh\/publicaciones\/"},{"@type":"ListItem","position":3,"name":"Revistas","item":"https:\/\/ffyh.unc.edu.ar\/ciffyh\/publicaciones\/revistas\/"},{"@type":"ListItem","position":4,"name":"Pescadora de perlas. Revista de estudios arendtianos"}]},{"@type":"WebSite","@id":"https:\/\/ffyh.unc.edu.ar\/ciffyh\/#website","url":"https:\/\/ffyh.unc.edu.ar\/ciffyh\/","name":"Centro de Investigaciones \"Maria Saleme de Burnichon\"","description":"Facultad de Filosof\u00eda y Humanidades | UNC","publisher":{"@id":"https:\/\/ffyh.unc.edu.ar\/ciffyh\/#organization"},"potentialAction":[{"@type":"SearchAction","target":{"@type":"EntryPoint","urlTemplate":"https:\/\/ffyh.unc.edu.ar\/ciffyh\/?s={search_term_string}"},"query-input":{"@type":"PropertyValueSpecification","valueRequired":true,"valueName":"search_term_string"}}],"inLanguage":"es"},{"@type":"Organization","@id":"https:\/\/ffyh.unc.edu.ar\/ciffyh\/#organization","name":"Centro de Investigaciones \"Maria Saleme de Burnichon\"","url":"https:\/\/ffyh.unc.edu.ar\/ciffyh\/","logo":{"@type":"ImageObject","inLanguage":"es","@id":"https:\/\/ffyh.unc.edu.ar\/ciffyh\/#\/schema\/logo\/image\/","url":"https:\/\/ffyh.unc.edu.ar\/ciffyh\/wp-content\/uploads\/sites\/10\/2018\/02\/cropped-logo-ciffyh-ico.png","contentUrl":"https:\/\/ffyh.unc.edu.ar\/ciffyh\/wp-content\/uploads\/sites\/10\/2018\/02\/cropped-logo-ciffyh-ico.png","width":512,"height":512,"caption":"Centro de Investigaciones \"Maria Saleme de Burnichon\""},"image":{"@id":"https:\/\/ffyh.unc.edu.ar\/ciffyh\/#\/schema\/logo\/image\/"},"sameAs":["https:\/\/www.instagram.com\/ciffyh\/"]}]}},"_links":{"self":[{"href":"https:\/\/ffyh.unc.edu.ar\/ciffyh\/wp-json\/wp\/v2\/pages\/4889","targetHints":{"allow":["GET"]}}],"collection":[{"href":"https:\/\/ffyh.unc.edu.ar\/ciffyh\/wp-json\/wp\/v2\/pages"}],"about":[{"href":"https:\/\/ffyh.unc.edu.ar\/ciffyh\/wp-json\/wp\/v2\/types\/page"}],"author":[{"embeddable":true,"href":"https:\/\/ffyh.unc.edu.ar\/ciffyh\/wp-json\/wp\/v2\/users\/2"}],"replies":[{"embeddable":true,"href":"https:\/\/ffyh.unc.edu.ar\/ciffyh\/wp-json\/wp\/v2\/comments?post=4889"}],"version-history":[{"count":1,"href":"https:\/\/ffyh.unc.edu.ar\/ciffyh\/wp-json\/wp\/v2\/pages\/4889\/revisions"}],"predecessor-version":[{"id":4892,"href":"https:\/\/ffyh.unc.edu.ar\/ciffyh\/wp-json\/wp\/v2\/pages\/4889\/revisions\/4892"}],"up":[{"embeddable":true,"href":"https:\/\/ffyh.unc.edu.ar\/ciffyh\/wp-json\/wp\/v2\/pages\/17"}],"wp:attachment":[{"href":"https:\/\/ffyh.unc.edu.ar\/ciffyh\/wp-json\/wp\/v2\/media?parent=4889"}],"curies":[{"name":"wp","href":"https:\/\/api.w.org\/{rel}","templated":true}]}}