{"id":584,"date":"2010-11-28T23:07:08","date_gmt":"2010-11-29T02:07:08","guid":{"rendered":"http:\/\/www.ffyh.unc.edu.ar\/ciffyh\/?page_id=584"},"modified":"2024-11-21T14:03:34","modified_gmt":"2024-11-21T14:03:34","slug":"memoria-anual-2009","status":"publish","type":"page","link":"https:\/\/ffyh.unc.edu.ar\/ciffyh\/institucional\/memorias\/memoria-anual-2009\/","title":{"rendered":"Memoria anual 2009"},"content":{"rendered":"<p style=\"text-align: left\">La memoria anual de 2009\u00a0 est\u00e1 concebida como la <strong>manifestaci\u00f3n de un proceso de continuidad y\u00a0 profundizaci\u00f3n\u00a0 de las\u00a0 pol\u00edticas que hemos establecido como prioritarias<\/strong> para la gesti\u00f3n iniciada en 2008.<\/p>\n<p style=\"text-align: left\">Una de las principales l\u00edneas de trabajo que nos hab\u00edamos trazado consist\u00eda en el <strong>establecimiento de una pol\u00edtica de comunicaci\u00f3n que reforzara los canales internos de di\u00e1logo y al mismo tiempo se constituyera en un puente hacia otros actores sociales<\/strong> con quienes, con frecuencia, los institutos de investigaci\u00f3n cient\u00edfica poseen escaso v\u00ednculo. En esta l\u00ednea, <strong>hemos redise\u00f1ado la p\u00e1gina web de la instituci\u00f3n como una estrategia comunicativa <\/strong>que agilizara el acceso a la informaci\u00f3n, permitiera una mayor inclusi\u00f3n de contenidos y resultara m\u00e1s atractiva para un\u00a0 p\u00fablico lector ampliado. El nuevo dise\u00f1o y la incorporaci\u00f3n de contenidos diversos hicieron posible que se incrementara notablemente el n\u00famero de visitas y lectores. Asimismo, la <strong>publicaci\u00f3n quincenal del <em>Bolet\u00edn <\/em>virtual conteniendo notas, entrevistas y noticias <\/strong>relacionadas con las diferentes actividades que promueve el CIFFyH ha contado con una doble v\u00eda de difusi\u00f3n: la inclusi\u00f3n en la p\u00e1gina web y el env\u00edo electr\u00f3nico a organismos no gubernamentales\u00a0 e instituciones p\u00fablicas, entre muchos otros destinatarios.<\/p>\n<p style=\"text-align: left\">Con respecto a la <strong>pol\u00edtica de publicaciones<\/strong>, hemos dado continuidad a las revistas institucionales. En noviembre de 2008 vio la luz el n\u00famero V de la publicaci\u00f3n del CIFFyH, que\u00a0 a partir de ese momento estren\u00f3 nombre, <em>Pensares, <\/em>y fue incluida en la base EBSCO. El n\u00famero, que fue presentado en el VI Encuentro Interdisciplinario de las Ciencias Sociales y Humanas, se articul\u00f3 en torno al eje \u00abCiudadan\u00edas\u00bb reuniendo un considerable n\u00famero de trabajos. Cabe destacar\u00a0 que el n\u00famero VI de <em>Pensares<\/em> incluir\u00e1 una selecci\u00f3n de ponencias del mencionado encuentro, organizadas alrededor del eje \u00abTeor\u00edas\/Modelos en Ciencias Sociales y Humanas\u00bb.<\/p>\n<p style=\"text-align: left\">Asimismo, la revista <em>Avances<\/em> del \u00c1rea Artes, ha publicado sus n\u00fameros 13 y 14 correspondientes al a\u00f1o 2009. Tambi\u00e9n se ha editado la revista <em>Nombres. Revista de Filosof\u00eda, <\/em>que ya\u00a0 lleva el n\u00famero 23 y la revista <em>Cuadernos de Educaci\u00f3n, <\/em>su n\u00famero 7.<\/p>\n<p style=\"text-align: left\"><strong>Durante el a\u00f1o 2009 se ha dado continuidad a la pol\u00edtica de concursos dise\u00f1ada para el CIFFYH<\/strong>.\u00a0 El\u00a0 Consejo de Direcci\u00f3n aprob\u00f3 los tribunales propuestos para las \u00e1reas de Letras, Ciencias Sociales y Educaci\u00f3n lo que constituy\u00f3 un avance significativo en materia de regularizaci\u00f3n de la planta de investigadores de la instituci\u00f3n, que en la actualidad se encuentra concursada casi en su totalidad.<\/p>\n<p style=\"text-align: left\">Con el objetivo de potenciar\u00a0 los recursos humanos disponibles y\u00a0 estimular la participaci\u00f3n de los investigadores en la vida institucional, <strong>se ampliaron los horarios de atenci\u00f3n al p\u00fablico de la Secretar\u00eda T\u00e9cnica<\/strong>. De este modo, el Ciffyh garantiz\u00f3 diez horas diarias de atenci\u00f3n, distribuidas entre los turnos ma\u00f1ana y tarde.<\/p>\n<p style=\"text-align: left\">Con respecto al <strong>desarrollo de reuniones cient\u00edficas<\/strong>, cabe destacar que durante el a\u00f1o se llev\u00f3 a cabo el <em>VI Encuentro Interdisciplinario de Ciencias Sociales y Humanas<\/em>, realizado en nuestra Facultad entre el 23 y 25 de septiembre de 2009, con la organizaci\u00f3n del CIFFyH y la Secretar\u00eda de Ciencia y T\u00e9cnica de la Facultad de Filosof\u00eda y Humanidades.\u00a0 Estas Jornadas se han ido afianzando y consolidando en el tiempo como espacio de debate interdisciplinario, organizado a partir de diversos ejes, en el que se reun\u00edan investigadores de las universidades p\u00fablicas de la provincia de C\u00f3rdoba. En esta oportunidad, por primera vez tuvieron un car\u00e1cter abierto y nacional, con lo que se ampli\u00f3 el abanico de investigadores participantes y de problem\u00e1ticas abordadas.\u00a0 Las VI Jornadas contaron con la participaci\u00f3n de 270 expositores y m\u00e1s de\u00a0 300 asistentes, lo que pone de manifiesto\u00a0 el crecimiento sostenido que ha venido registrando en los \u00faltimos a\u00f1os.<\/p>\n<p style=\"text-align: left\">Otro logro para destacar es el e<strong>quipamiento de la Sala de Consejo para transformarla en sala de videoconferencias<\/strong>. En virtud del subsidio otorgado por AECID y gestionado por el \u00e1rea de Tecnolog\u00eda Educativa con apoyo de la Facultad, contamos hoy con dicha tecnolog\u00eda que ha permitido al CIFFYH\u00a0 ser sede de conferencias, cursos y\u00a0 defensas doctorales con miembros extranjeros participando a la distancia.<\/p>\n<p style=\"text-align: left\">Finalmente, destacamos la <strong>continuidad de\u00a0 los proyectos de equipos de investigaci\u00f3n\u00a0 y su paulatino crecimiento en t\u00e9rminos de diversidad de propuestas y cantidad de investigadores que los integran<\/strong>. En los gr\u00e1ficos podr\u00e1 observarse el incremento de proyectos de equipo, proyectos individuales radicados en el centro y programas de investigaci\u00f3n De modo paralelo,\u00a0 <strong>se ha\u00a0 registrado un\u00a0 aumento en el n\u00famero de becarios de 75 a 86<\/strong>, lo que pone de manifiesto el crecimiento de la masa cr\u00edtica\u00a0 de investigadores\u00a0 que produce conocimiento desde este espacio.<\/p>\n<p style=\"text-align: left\"><strong>A continuaci\u00f3n se presenta la informaci\u00f3n relativa a las distintas actividades realizadas en el CIFFyH<\/strong>. Se incluyen los anexos con listados completos de los proyectos 2009 con sus integrantes.<\/p>\n<p style=\"text-align: right\">Dr. Claudio D\u00edaz<\/p>\n<p style=\"text-align: right\">Dra. Nancy Calomarde<\/p>\n<p style=\"text-align: left\"><a title=\"Memoria 2009\" href=\"https:\/\/ffyh.unc.edu.ar\/ciffyh\/wp-content\/uploads\/sites\/10\/2010\/11\/memoria_definitiva.pdf\" target=\"_blank\" rel=\"noopener\">Descargar Memoria 2009<\/a> (en pdf)<\/p>\n","protected":false},"excerpt":{"rendered":"<p>La memoria anual de 2009\u00a0 est\u00e1 concebida como la manifestaci\u00f3n de un proceso de continuidad y\u00a0 profundizaci\u00f3n\u00a0 de las\u00a0 pol\u00edticas<\/p>\n","protected":false},"author":1,"featured_media":0,"parent":19,"menu_order":5,"comment_status":"closed","ping_status":"closed","template":"","meta":{"_acf_changed":false,"saved_in_kubio":false,"colormag_page_container_layout":"default_layout","colormag_page_sidebar_layout":"default_layout","footnotes":""},"class_list":["post-584","page","type-page","status-publish","hentry"],"acf":[],"kubio_ai_page_context":{"short_desc":"","purpose":"general"},"yoast_head":"<!-- This site is optimized with the Yoast SEO plugin v27.1.1 - https:\/\/yoast.com\/product\/yoast-seo-wordpress\/ -->\n<title>Memoria anual 2009 - Centro de Investigaciones &quot;Maria Saleme de Burnichon&quot;<\/title>\n<meta name=\"robots\" content=\"index, follow, max-snippet:-1, max-image-preview:large, max-video-preview:-1\" \/>\n<link rel=\"canonical\" href=\"https:\/\/ffyh.unc.edu.ar\/ciffyh\/institucional\/memorias\/memoria-anual-2009\/\" \/>\n<meta property=\"og:locale\" content=\"es_ES\" \/>\n<meta property=\"og:type\" content=\"article\" \/>\n<meta property=\"og:title\" content=\"Memoria anual 2009 - Centro de Investigaciones &quot;Maria Saleme de Burnichon&quot;\" \/>\n<meta property=\"og:description\" content=\"La memoria anual de 2009\u00a0 est\u00e1 concebida como la manifestaci\u00f3n de un proceso de continuidad y\u00a0 profundizaci\u00f3n\u00a0 de las\u00a0 pol\u00edticas\" \/>\n<meta property=\"og:url\" content=\"https:\/\/ffyh.unc.edu.ar\/ciffyh\/institucional\/memorias\/memoria-anual-2009\/\" \/>\n<meta property=\"og:site_name\" content=\"Centro de Investigaciones &quot;Maria Saleme de Burnichon&quot;\" \/>\n<meta property=\"article:modified_time\" content=\"2024-11-21T14:03:34+00:00\" \/>\n<meta name=\"twitter:card\" content=\"summary_large_image\" \/>\n<meta name=\"twitter:label1\" content=\"Tiempo de lectura\" \/>\n\t<meta name=\"twitter:data1\" content=\"4 minutos\" \/>\n<script type=\"application\/ld+json\" class=\"yoast-schema-graph\">{\"@context\":\"https:\/\/schema.org\",\"@graph\":[{\"@type\":\"WebPage\",\"@id\":\"https:\/\/ffyh.unc.edu.ar\/ciffyh\/institucional\/memorias\/memoria-anual-2009\/\",\"url\":\"https:\/\/ffyh.unc.edu.ar\/ciffyh\/institucional\/memorias\/memoria-anual-2009\/\",\"name\":\"Memoria anual 2009 - Centro de Investigaciones &quot;Maria Saleme de Burnichon&quot;\",\"isPartOf\":{\"@id\":\"https:\/\/ffyh.unc.edu.ar\/ciffyh\/#website\"},\"datePublished\":\"2010-11-29T02:07:08+00:00\",\"dateModified\":\"2024-11-21T14:03:34+00:00\",\"breadcrumb\":{\"@id\":\"https:\/\/ffyh.unc.edu.ar\/ciffyh\/institucional\/memorias\/memoria-anual-2009\/#breadcrumb\"},\"inLanguage\":\"es\",\"potentialAction\":[{\"@type\":\"ReadAction\",\"target\":[\"https:\/\/ffyh.unc.edu.ar\/ciffyh\/institucional\/memorias\/memoria-anual-2009\/\"]}]},{\"@type\":\"BreadcrumbList\",\"@id\":\"https:\/\/ffyh.unc.edu.ar\/ciffyh\/institucional\/memorias\/memoria-anual-2009\/#breadcrumb\",\"itemListElement\":[{\"@type\":\"ListItem\",\"position\":1,\"name\":\"Portada\",\"item\":\"https:\/\/ffyh.unc.edu.ar\/ciffyh\/\"},{\"@type\":\"ListItem\",\"position\":2,\"name\":\"Institucional\",\"item\":\"https:\/\/ffyh.unc.edu.ar\/ciffyh\/institucional\/\"},{\"@type\":\"ListItem\",\"position\":3,\"name\":\"Memorias anuales\",\"item\":\"https:\/\/ffyh.unc.edu.ar\/ciffyh\/institucional\/memorias\/\"},{\"@type\":\"ListItem\",\"position\":4,\"name\":\"Memoria anual 2009\"}]},{\"@type\":\"WebSite\",\"@id\":\"https:\/\/ffyh.unc.edu.ar\/ciffyh\/#website\",\"url\":\"https:\/\/ffyh.unc.edu.ar\/ciffyh\/\",\"name\":\"Centro de Investigaciones \\\"Maria Saleme de Burnichon\\\"\",\"description\":\"Facultad de Filosof\u00eda y Humanidades | UNC\",\"publisher\":{\"@id\":\"https:\/\/ffyh.unc.edu.ar\/ciffyh\/#organization\"},\"potentialAction\":[{\"@type\":\"SearchAction\",\"target\":{\"@type\":\"EntryPoint\",\"urlTemplate\":\"https:\/\/ffyh.unc.edu.ar\/ciffyh\/?s={search_term_string}\"},\"query-input\":{\"@type\":\"PropertyValueSpecification\",\"valueRequired\":true,\"valueName\":\"search_term_string\"}}],\"inLanguage\":\"es\"},{\"@type\":\"Organization\",\"@id\":\"https:\/\/ffyh.unc.edu.ar\/ciffyh\/#organization\",\"name\":\"Centro de Investigaciones \\\"Maria Saleme de Burnichon\\\"\",\"url\":\"https:\/\/ffyh.unc.edu.ar\/ciffyh\/\",\"logo\":{\"@type\":\"ImageObject\",\"inLanguage\":\"es\",\"@id\":\"https:\/\/ffyh.unc.edu.ar\/ciffyh\/#\/schema\/logo\/image\/\",\"url\":\"https:\/\/ffyh.unc.edu.ar\/ciffyh\/wp-content\/uploads\/sites\/10\/2018\/02\/cropped-logo-ciffyh-ico.png\",\"contentUrl\":\"https:\/\/ffyh.unc.edu.ar\/ciffyh\/wp-content\/uploads\/sites\/10\/2018\/02\/cropped-logo-ciffyh-ico.png\",\"width\":512,\"height\":512,\"caption\":\"Centro de Investigaciones \\\"Maria Saleme de Burnichon\\\"\"},\"image\":{\"@id\":\"https:\/\/ffyh.unc.edu.ar\/ciffyh\/#\/schema\/logo\/image\/\"},\"sameAs\":[\"https:\/\/www.instagram.com\/ciffyh\/\"]}]}<\/script>\n<!-- \/ Yoast SEO plugin. -->","yoast_head_json":{"title":"Memoria anual 2009 - Centro de Investigaciones &quot;Maria Saleme de Burnichon&quot;","robots":{"index":"index","follow":"follow","max-snippet":"max-snippet:-1","max-image-preview":"max-image-preview:large","max-video-preview":"max-video-preview:-1"},"canonical":"https:\/\/ffyh.unc.edu.ar\/ciffyh\/institucional\/memorias\/memoria-anual-2009\/","og_locale":"es_ES","og_type":"article","og_title":"Memoria anual 2009 - Centro de Investigaciones &quot;Maria Saleme de Burnichon&quot;","og_description":"La memoria anual de 2009\u00a0 est\u00e1 concebida como la manifestaci\u00f3n de un proceso de continuidad y\u00a0 profundizaci\u00f3n\u00a0 de las\u00a0 pol\u00edticas","og_url":"https:\/\/ffyh.unc.edu.ar\/ciffyh\/institucional\/memorias\/memoria-anual-2009\/","og_site_name":"Centro de Investigaciones &quot;Maria Saleme de Burnichon&quot;","article_modified_time":"2024-11-21T14:03:34+00:00","twitter_card":"summary_large_image","twitter_misc":{"Tiempo de lectura":"4 minutos"},"schema":{"@context":"https:\/\/schema.org","@graph":[{"@type":"WebPage","@id":"https:\/\/ffyh.unc.edu.ar\/ciffyh\/institucional\/memorias\/memoria-anual-2009\/","url":"https:\/\/ffyh.unc.edu.ar\/ciffyh\/institucional\/memorias\/memoria-anual-2009\/","name":"Memoria anual 2009 - Centro de Investigaciones &quot;Maria Saleme de Burnichon&quot;","isPartOf":{"@id":"https:\/\/ffyh.unc.edu.ar\/ciffyh\/#website"},"datePublished":"2010-11-29T02:07:08+00:00","dateModified":"2024-11-21T14:03:34+00:00","breadcrumb":{"@id":"https:\/\/ffyh.unc.edu.ar\/ciffyh\/institucional\/memorias\/memoria-anual-2009\/#breadcrumb"},"inLanguage":"es","potentialAction":[{"@type":"ReadAction","target":["https:\/\/ffyh.unc.edu.ar\/ciffyh\/institucional\/memorias\/memoria-anual-2009\/"]}]},{"@type":"BreadcrumbList","@id":"https:\/\/ffyh.unc.edu.ar\/ciffyh\/institucional\/memorias\/memoria-anual-2009\/#breadcrumb","itemListElement":[{"@type":"ListItem","position":1,"name":"Portada","item":"https:\/\/ffyh.unc.edu.ar\/ciffyh\/"},{"@type":"ListItem","position":2,"name":"Institucional","item":"https:\/\/ffyh.unc.edu.ar\/ciffyh\/institucional\/"},{"@type":"ListItem","position":3,"name":"Memorias anuales","item":"https:\/\/ffyh.unc.edu.ar\/ciffyh\/institucional\/memorias\/"},{"@type":"ListItem","position":4,"name":"Memoria anual 2009"}]},{"@type":"WebSite","@id":"https:\/\/ffyh.unc.edu.ar\/ciffyh\/#website","url":"https:\/\/ffyh.unc.edu.ar\/ciffyh\/","name":"Centro de Investigaciones \"Maria Saleme de Burnichon\"","description":"Facultad de Filosof\u00eda y Humanidades | UNC","publisher":{"@id":"https:\/\/ffyh.unc.edu.ar\/ciffyh\/#organization"},"potentialAction":[{"@type":"SearchAction","target":{"@type":"EntryPoint","urlTemplate":"https:\/\/ffyh.unc.edu.ar\/ciffyh\/?s={search_term_string}"},"query-input":{"@type":"PropertyValueSpecification","valueRequired":true,"valueName":"search_term_string"}}],"inLanguage":"es"},{"@type":"Organization","@id":"https:\/\/ffyh.unc.edu.ar\/ciffyh\/#organization","name":"Centro de Investigaciones \"Maria Saleme de Burnichon\"","url":"https:\/\/ffyh.unc.edu.ar\/ciffyh\/","logo":{"@type":"ImageObject","inLanguage":"es","@id":"https:\/\/ffyh.unc.edu.ar\/ciffyh\/#\/schema\/logo\/image\/","url":"https:\/\/ffyh.unc.edu.ar\/ciffyh\/wp-content\/uploads\/sites\/10\/2018\/02\/cropped-logo-ciffyh-ico.png","contentUrl":"https:\/\/ffyh.unc.edu.ar\/ciffyh\/wp-content\/uploads\/sites\/10\/2018\/02\/cropped-logo-ciffyh-ico.png","width":512,"height":512,"caption":"Centro de Investigaciones \"Maria Saleme de Burnichon\""},"image":{"@id":"https:\/\/ffyh.unc.edu.ar\/ciffyh\/#\/schema\/logo\/image\/"},"sameAs":["https:\/\/www.instagram.com\/ciffyh\/"]}]}},"_links":{"self":[{"href":"https:\/\/ffyh.unc.edu.ar\/ciffyh\/wp-json\/wp\/v2\/pages\/584","targetHints":{"allow":["GET"]}}],"collection":[{"href":"https:\/\/ffyh.unc.edu.ar\/ciffyh\/wp-json\/wp\/v2\/pages"}],"about":[{"href":"https:\/\/ffyh.unc.edu.ar\/ciffyh\/wp-json\/wp\/v2\/types\/page"}],"author":[{"embeddable":true,"href":"https:\/\/ffyh.unc.edu.ar\/ciffyh\/wp-json\/wp\/v2\/users\/1"}],"replies":[{"embeddable":true,"href":"https:\/\/ffyh.unc.edu.ar\/ciffyh\/wp-json\/wp\/v2\/comments?post=584"}],"version-history":[{"count":1,"href":"https:\/\/ffyh.unc.edu.ar\/ciffyh\/wp-json\/wp\/v2\/pages\/584\/revisions"}],"predecessor-version":[{"id":7792,"href":"https:\/\/ffyh.unc.edu.ar\/ciffyh\/wp-json\/wp\/v2\/pages\/584\/revisions\/7792"}],"up":[{"embeddable":true,"href":"https:\/\/ffyh.unc.edu.ar\/ciffyh\/wp-json\/wp\/v2\/pages\/19"}],"wp:attachment":[{"href":"https:\/\/ffyh.unc.edu.ar\/ciffyh\/wp-json\/wp\/v2\/media?parent=584"}],"curies":[{"name":"wp","href":"https:\/\/api.w.org\/{rel}","templated":true}]}}