{"id":6363,"date":"2023-08-28T13:58:29","date_gmt":"2023-08-28T13:58:29","guid":{"rendered":"https:\/\/ffyh.unc.edu.ar\/ciffyh\/?page_id=6363"},"modified":"2025-09-11T15:38:14","modified_gmt":"2025-09-11T15:38:14","slug":"colecciones-del-ciffyh","status":"publish","type":"page","link":"https:\/\/ffyh.unc.edu.ar\/ciffyh\/publicaciones\/colecciones-del-ciffyh\/","title":{"rendered":"Colecciones del CIFFyH"},"content":{"rendered":"<p><img fetchpriority=\"high\" decoding=\"async\" class=\"alignnone wp-image-6393 size-full\" src=\"http:\/\/ffyh.unc.edu.ar\/ciffyh\/wp-content\/uploads\/sites\/10\/2023\/09\/imagenwebNotaColecciones.jpg\" alt=\"\" width=\"800\" height=\"445\" srcset=\"https:\/\/ffyh.unc.edu.ar\/ciffyh\/wp-content\/uploads\/sites\/10\/2023\/09\/imagenwebNotaColecciones.jpg 800w, https:\/\/ffyh.unc.edu.ar\/ciffyh\/wp-content\/uploads\/sites\/10\/2023\/09\/imagenwebNotaColecciones-300x167.jpg 300w, https:\/\/ffyh.unc.edu.ar\/ciffyh\/wp-content\/uploads\/sites\/10\/2023\/09\/imagenwebNotaColecciones-768x427.jpg 768w\" sizes=\"(max-width: 800px) 100vw, 800px\" \/><\/p>\n<p>Con el prop\u00f3sito de fortalecer la producci\u00f3n y difusi\u00f3n del trabajo de los grupos de investigaci\u00f3n del Centro de Investigaciones de la Facultad de Filosof\u00eda y Humanidades, de fomentar la participaci\u00f3n en la producci\u00f3n y circulaci\u00f3n del conocimiento de estudiantes, egresados\/as y docentes, y de generar espacios institucionales que habiliten dicha circulaci\u00f3n, el CIFFyH, en vinculaci\u00f3n con el \u00c1rea de Publicaciones de la FFyH, ha creado una Colecci\u00f3n de libros en soporte digital, que son publicados bajo licencia de acceso abierto, con el nombre \u201cColecciones del CIFFyH\u201d. El Consejo del CIFFyH se constituye en Comit\u00e9 Editorial responsable a cargo de la publicaci\u00f3n de dichas Colecciones.<\/p>\n<p>El objetivo de las Colecciones es publicar y hacer circular resultados de las investigaciones realizadas -o en curso- llevadas adelante por equipos de las diferentes \u00e1reas del CIFFyH. La convocatoria a esta colecci\u00f3n est\u00e1 dirigida a grupos de investigaci\u00f3n de las diferentes \u00e1reas del Centro que deseen plasmar su trabajo en com\u00fan en torno a un tema o problema, bajo el formato libro digital.<\/p>\n<p><b>Las Colecciones del CIFFyH tienen una convocatoria anual que se realiza en el mes de agosto<\/b><\/p>\n<p><b><i>Pautas para las publicaciones de las COLECCIONES DEL CIFFYH<\/i><\/b><\/p>\n<p>\u2013Es condici\u00f3n de admisibilidad excluyente la presentaci\u00f3n del manuscrito completo en su versi\u00f3n definitiva; dicho texto ya debe estar sometido a correcci\u00f3n de estilo por sus editorxs y cumplir con los requisitos de edici\u00f3n solicitados por el CIFFyH (<strong><a href=\"https:\/\/ffyh.unc.edu.ar\/ciffyh\/wp-content\/uploads\/sites\/10\/2025\/09\/Guia-de-presentacion-de-archivos-para-publicaciones-del-CIFFyH.pdf\" target=\"_blank\" rel=\"noopener\">VER Gu\u00eda de presentaci\u00f3n de archivos para publicaciones del CIFFyH<\/a><\/strong>). En el caso de no cumplir con dichos requisitos, el manuscrito no ser\u00e1 admitido. Se sugiere que los manuscritos no superen las doscientas cincuenta (250) p\u00e1ginas de extensi\u00f3n.<\/p>\n<p>-Debe tratarse de producciones colectivas (cuatro o m\u00e1s autorxs) y originales derivadas de investigaciones, eventos acad\u00e9micos, seminarios interdisciplinarios, y\/u otras actividades de investigaci\u00f3n llevadas adelante por los\u00a0 equipos con lugar de trabajo en el CIFFyH.<\/p>\n<p>&#8211;\u00a0El n\u00famero de coordinadorxs\/editorxs\/compiladorxs de la publicaci\u00f3n debe ser de hasta tres personas como m\u00e1ximo.<\/p>\n<p>-Una parte sustantiva de lxs autorxs y editorxs del volumen deben ser investigadorxs o investigadorxs en formaci\u00f3n del CIFFyH.<\/p>\n<p>-No\u00a0se publicar\u00e1n actas de eventos cient\u00edficos (sin evaluar), sino vol\u00famenes con trabajos sobre un tema o problema en com\u00fan que hayan sido seleccionados por sus editorxs.<\/p>\n<p>-El manuscrito recibido por el Consejo del CIFFyH, tras la evaluaci\u00f3n de su admisibilidad, ser\u00e1 enviado al menos a un 1 (unx) evaluadorx reconocidx en la materia objeto del libro, para su arbitraje. El dictamen ser\u00e1 un insumo crucial del Consejo, que ser\u00e1 el \u00e1rbitro final de la decisi\u00f3n de publicaci\u00f3n.<\/p>\n<p><b><i>Proceso de revisi\u00f3n<\/i><\/b><\/p>\n<p>El CIFFyH podr\u00e1 aceptar la obra propuesta, solicitar modificaciones o rechazarla si no cumple con los requisitos establecidos.<\/p>\n<p><b><i>Asignaci\u00f3n de ISBN<\/i><\/b><\/p>\n<p>El CIFFyH, a trav\u00e9s de las \u00e1reas de la FFYH que correspondan, realizar\u00e1 la gestiones necesarias para el tr\u00e1mite de asignaci\u00f3n de ISBN, la catalogaci\u00f3n ante la C\u00e1mara Argentina del Libro y el correspondiente pago. Qui\u00e9nes presenten los manuscritos deber\u00e1n completar un formulario ad hoc, que se enviar\u00e1 una vez que la obra est\u00e9 diagramada.<\/p>\n<p><b><i>Pol\u00edtica de acceso abierto<\/i><\/b><\/p>\n<p><span style=\"font-weight: 400\">Las Colecciones del CIFFyH se alinean con las pol\u00edticas de Acceso Abierto a la informaci\u00f3n cient\u00edfica que promueven la circulaci\u00f3n libre, gratuita y sin restricciones de las publicaciones e investigaciones financiadas con fondos p\u00fablicos. Las obras ser\u00e1n publicadas con licencia de Acceso Abierto (Licencia Creative Commons Reconocimiento \u2013 Compartir Igual) en la web institucional del CIFFYH y del \u00c1rea de Publicaciones para su consulta y descarga gratuitas (<strong><a href=\"https:\/\/ffyh.unc.edu.ar\/ciffyh\/publicaciones\/colecciones-del-ciffyh\/politica-de-acceso-abierto\/\" target=\"_blank\" rel=\"noopener\">VER m\u00e1s sobre nuestra pol\u00edtica de acceso abierto<\/a><\/strong>)<\/span><\/p>\n<p><b><i>Difusi\u00f3n<\/i><\/b><\/p>\n<p>Las obras ser\u00e1n difundidas en los sitios y repositorios institucionales, canales de comunicaci\u00f3n y redes sociales de la FFYH y del CIFFyH.<\/p>\n<p>M\u00e1s informaci\u00f3n en el siguiente mail: coleccionesdelciffy@ffyh.unc.edu.ar<\/p>\n<p>Hac\u00e9 clic <strong><a href=\"https:\/\/ffyh.unc.edu.ar\/publicaciones\/categoria-producto\/publicaciones-de-investigacion\/ciffyh\/colecciones-del-ciffyh\/\" target=\"_blank\" rel=\"noopener\">AQU\u00cd<\/a><\/strong> para ver los libros publicados<\/p>\n<p>&nbsp;<\/p>\n","protected":false},"excerpt":{"rendered":"<p>Con el prop\u00f3sito de fortalecer la producci\u00f3n y difusi\u00f3n del trabajo de los grupos de investigaci\u00f3n del Centro de Investigaciones<\/p>\n","protected":false},"author":2,"featured_media":0,"parent":6360,"menu_order":0,"comment_status":"closed","ping_status":"closed","template":"","meta":{"_acf_changed":false,"saved_in_kubio":false,"colormag_page_container_layout":"default_layout","colormag_page_sidebar_layout":"default_layout","footnotes":""},"class_list":["post-6363","page","type-page","status-publish","hentry"],"acf":[],"kubio_ai_page_context":{"short_desc":"","purpose":"general"},"yoast_head":"<!-- This site is optimized with the Yoast SEO plugin v27.1.1 - https:\/\/yoast.com\/product\/yoast-seo-wordpress\/ -->\n<title>Colecciones del CIFFyH - Centro de Investigaciones &quot;Maria Saleme de Burnichon&quot;<\/title>\n<meta name=\"robots\" content=\"index, follow, max-snippet:-1, max-image-preview:large, max-video-preview:-1\" \/>\n<link rel=\"canonical\" href=\"https:\/\/ffyh.unc.edu.ar\/ciffyh\/publicaciones\/colecciones-del-ciffyh\/\" \/>\n<meta property=\"og:locale\" content=\"es_ES\" \/>\n<meta property=\"og:type\" content=\"article\" \/>\n<meta property=\"og:title\" content=\"Colecciones del CIFFyH - Centro de Investigaciones &quot;Maria Saleme de Burnichon&quot;\" \/>\n<meta property=\"og:description\" content=\"Con el prop\u00f3sito de fortalecer la producci\u00f3n y difusi\u00f3n del trabajo de los grupos de investigaci\u00f3n del Centro de Investigaciones\" \/>\n<meta property=\"og:url\" content=\"https:\/\/ffyh.unc.edu.ar\/ciffyh\/publicaciones\/colecciones-del-ciffyh\/\" \/>\n<meta property=\"og:site_name\" content=\"Centro de Investigaciones &quot;Maria Saleme de Burnichon&quot;\" \/>\n<meta property=\"article:modified_time\" content=\"2025-09-11T15:38:14+00:00\" \/>\n<meta property=\"og:image\" content=\"https:\/\/ffyh.unc.edu.ar\/ciffyh\/wp-content\/uploads\/sites\/10\/2023\/09\/imagenwebNotaColecciones.jpg\" \/>\n\t<meta property=\"og:image:width\" content=\"800\" \/>\n\t<meta property=\"og:image:height\" content=\"445\" \/>\n\t<meta property=\"og:image:type\" content=\"image\/jpeg\" \/>\n<meta name=\"twitter:card\" content=\"summary_large_image\" \/>\n<meta name=\"twitter:label1\" content=\"Tiempo de lectura\" \/>\n\t<meta name=\"twitter:data1\" content=\"4 minutos\" \/>\n<script type=\"application\/ld+json\" class=\"yoast-schema-graph\">{\"@context\":\"https:\/\/schema.org\",\"@graph\":[{\"@type\":\"WebPage\",\"@id\":\"https:\/\/ffyh.unc.edu.ar\/ciffyh\/publicaciones\/colecciones-del-ciffyh\/\",\"url\":\"https:\/\/ffyh.unc.edu.ar\/ciffyh\/publicaciones\/colecciones-del-ciffyh\/\",\"name\":\"Colecciones del CIFFyH - Centro de Investigaciones &quot;Maria Saleme de Burnichon&quot;\",\"isPartOf\":{\"@id\":\"https:\/\/ffyh.unc.edu.ar\/ciffyh\/#website\"},\"primaryImageOfPage\":{\"@id\":\"https:\/\/ffyh.unc.edu.ar\/ciffyh\/publicaciones\/colecciones-del-ciffyh\/#primaryimage\"},\"image\":{\"@id\":\"https:\/\/ffyh.unc.edu.ar\/ciffyh\/publicaciones\/colecciones-del-ciffyh\/#primaryimage\"},\"thumbnailUrl\":\"http:\/\/ffyh.unc.edu.ar\/ciffyh\/wp-content\/uploads\/sites\/10\/2023\/09\/imagenwebNotaColecciones.jpg\",\"datePublished\":\"2023-08-28T13:58:29+00:00\",\"dateModified\":\"2025-09-11T15:38:14+00:00\",\"breadcrumb\":{\"@id\":\"https:\/\/ffyh.unc.edu.ar\/ciffyh\/publicaciones\/colecciones-del-ciffyh\/#breadcrumb\"},\"inLanguage\":\"es\",\"potentialAction\":[{\"@type\":\"ReadAction\",\"target\":[\"https:\/\/ffyh.unc.edu.ar\/ciffyh\/publicaciones\/colecciones-del-ciffyh\/\"]}]},{\"@type\":\"ImageObject\",\"inLanguage\":\"es\",\"@id\":\"https:\/\/ffyh.unc.edu.ar\/ciffyh\/publicaciones\/colecciones-del-ciffyh\/#primaryimage\",\"url\":\"http:\/\/ffyh.unc.edu.ar\/ciffyh\/wp-content\/uploads\/sites\/10\/2023\/09\/imagenwebNotaColecciones.jpg\",\"contentUrl\":\"http:\/\/ffyh.unc.edu.ar\/ciffyh\/wp-content\/uploads\/sites\/10\/2023\/09\/imagenwebNotaColecciones.jpg\"},{\"@type\":\"BreadcrumbList\",\"@id\":\"https:\/\/ffyh.unc.edu.ar\/ciffyh\/publicaciones\/colecciones-del-ciffyh\/#breadcrumb\",\"itemListElement\":[{\"@type\":\"ListItem\",\"position\":1,\"name\":\"Portada\",\"item\":\"https:\/\/ffyh.unc.edu.ar\/ciffyh\/\"},{\"@type\":\"ListItem\",\"position\":2,\"name\":\"Publicaciones\",\"item\":\"https:\/\/ffyh.unc.edu.ar\/ciffyh\/publicaciones\/\"},{\"@type\":\"ListItem\",\"position\":3,\"name\":\"Colecciones del CIFFyH\"}]},{\"@type\":\"WebSite\",\"@id\":\"https:\/\/ffyh.unc.edu.ar\/ciffyh\/#website\",\"url\":\"https:\/\/ffyh.unc.edu.ar\/ciffyh\/\",\"name\":\"Centro de Investigaciones \\\"Maria Saleme de Burnichon\\\"\",\"description\":\"Facultad de Filosof\u00eda y Humanidades | UNC\",\"publisher\":{\"@id\":\"https:\/\/ffyh.unc.edu.ar\/ciffyh\/#organization\"},\"potentialAction\":[{\"@type\":\"SearchAction\",\"target\":{\"@type\":\"EntryPoint\",\"urlTemplate\":\"https:\/\/ffyh.unc.edu.ar\/ciffyh\/?s={search_term_string}\"},\"query-input\":{\"@type\":\"PropertyValueSpecification\",\"valueRequired\":true,\"valueName\":\"search_term_string\"}}],\"inLanguage\":\"es\"},{\"@type\":\"Organization\",\"@id\":\"https:\/\/ffyh.unc.edu.ar\/ciffyh\/#organization\",\"name\":\"Centro de Investigaciones \\\"Maria Saleme de Burnichon\\\"\",\"url\":\"https:\/\/ffyh.unc.edu.ar\/ciffyh\/\",\"logo\":{\"@type\":\"ImageObject\",\"inLanguage\":\"es\",\"@id\":\"https:\/\/ffyh.unc.edu.ar\/ciffyh\/#\/schema\/logo\/image\/\",\"url\":\"https:\/\/ffyh.unc.edu.ar\/ciffyh\/wp-content\/uploads\/sites\/10\/2018\/02\/cropped-logo-ciffyh-ico.png\",\"contentUrl\":\"https:\/\/ffyh.unc.edu.ar\/ciffyh\/wp-content\/uploads\/sites\/10\/2018\/02\/cropped-logo-ciffyh-ico.png\",\"width\":512,\"height\":512,\"caption\":\"Centro de Investigaciones \\\"Maria Saleme de Burnichon\\\"\"},\"image\":{\"@id\":\"https:\/\/ffyh.unc.edu.ar\/ciffyh\/#\/schema\/logo\/image\/\"},\"sameAs\":[\"https:\/\/www.instagram.com\/ciffyh\/\"]}]}<\/script>\n<!-- \/ Yoast SEO plugin. -->","yoast_head_json":{"title":"Colecciones del CIFFyH - Centro de Investigaciones &quot;Maria Saleme de Burnichon&quot;","robots":{"index":"index","follow":"follow","max-snippet":"max-snippet:-1","max-image-preview":"max-image-preview:large","max-video-preview":"max-video-preview:-1"},"canonical":"https:\/\/ffyh.unc.edu.ar\/ciffyh\/publicaciones\/colecciones-del-ciffyh\/","og_locale":"es_ES","og_type":"article","og_title":"Colecciones del CIFFyH - Centro de Investigaciones &quot;Maria Saleme de Burnichon&quot;","og_description":"Con el prop\u00f3sito de fortalecer la producci\u00f3n y difusi\u00f3n del trabajo de los grupos de investigaci\u00f3n del Centro de Investigaciones","og_url":"https:\/\/ffyh.unc.edu.ar\/ciffyh\/publicaciones\/colecciones-del-ciffyh\/","og_site_name":"Centro de Investigaciones &quot;Maria Saleme de Burnichon&quot;","article_modified_time":"2025-09-11T15:38:14+00:00","og_image":[{"width":800,"height":445,"url":"https:\/\/ffyh.unc.edu.ar\/ciffyh\/wp-content\/uploads\/sites\/10\/2023\/09\/imagenwebNotaColecciones.jpg","type":"image\/jpeg"}],"twitter_card":"summary_large_image","twitter_misc":{"Tiempo de lectura":"4 minutos"},"schema":{"@context":"https:\/\/schema.org","@graph":[{"@type":"WebPage","@id":"https:\/\/ffyh.unc.edu.ar\/ciffyh\/publicaciones\/colecciones-del-ciffyh\/","url":"https:\/\/ffyh.unc.edu.ar\/ciffyh\/publicaciones\/colecciones-del-ciffyh\/","name":"Colecciones del CIFFyH - Centro de Investigaciones &quot;Maria Saleme de Burnichon&quot;","isPartOf":{"@id":"https:\/\/ffyh.unc.edu.ar\/ciffyh\/#website"},"primaryImageOfPage":{"@id":"https:\/\/ffyh.unc.edu.ar\/ciffyh\/publicaciones\/colecciones-del-ciffyh\/#primaryimage"},"image":{"@id":"https:\/\/ffyh.unc.edu.ar\/ciffyh\/publicaciones\/colecciones-del-ciffyh\/#primaryimage"},"thumbnailUrl":"http:\/\/ffyh.unc.edu.ar\/ciffyh\/wp-content\/uploads\/sites\/10\/2023\/09\/imagenwebNotaColecciones.jpg","datePublished":"2023-08-28T13:58:29+00:00","dateModified":"2025-09-11T15:38:14+00:00","breadcrumb":{"@id":"https:\/\/ffyh.unc.edu.ar\/ciffyh\/publicaciones\/colecciones-del-ciffyh\/#breadcrumb"},"inLanguage":"es","potentialAction":[{"@type":"ReadAction","target":["https:\/\/ffyh.unc.edu.ar\/ciffyh\/publicaciones\/colecciones-del-ciffyh\/"]}]},{"@type":"ImageObject","inLanguage":"es","@id":"https:\/\/ffyh.unc.edu.ar\/ciffyh\/publicaciones\/colecciones-del-ciffyh\/#primaryimage","url":"http:\/\/ffyh.unc.edu.ar\/ciffyh\/wp-content\/uploads\/sites\/10\/2023\/09\/imagenwebNotaColecciones.jpg","contentUrl":"http:\/\/ffyh.unc.edu.ar\/ciffyh\/wp-content\/uploads\/sites\/10\/2023\/09\/imagenwebNotaColecciones.jpg"},{"@type":"BreadcrumbList","@id":"https:\/\/ffyh.unc.edu.ar\/ciffyh\/publicaciones\/colecciones-del-ciffyh\/#breadcrumb","itemListElement":[{"@type":"ListItem","position":1,"name":"Portada","item":"https:\/\/ffyh.unc.edu.ar\/ciffyh\/"},{"@type":"ListItem","position":2,"name":"Publicaciones","item":"https:\/\/ffyh.unc.edu.ar\/ciffyh\/publicaciones\/"},{"@type":"ListItem","position":3,"name":"Colecciones del CIFFyH"}]},{"@type":"WebSite","@id":"https:\/\/ffyh.unc.edu.ar\/ciffyh\/#website","url":"https:\/\/ffyh.unc.edu.ar\/ciffyh\/","name":"Centro de Investigaciones \"Maria Saleme de Burnichon\"","description":"Facultad de Filosof\u00eda y Humanidades | UNC","publisher":{"@id":"https:\/\/ffyh.unc.edu.ar\/ciffyh\/#organization"},"potentialAction":[{"@type":"SearchAction","target":{"@type":"EntryPoint","urlTemplate":"https:\/\/ffyh.unc.edu.ar\/ciffyh\/?s={search_term_string}"},"query-input":{"@type":"PropertyValueSpecification","valueRequired":true,"valueName":"search_term_string"}}],"inLanguage":"es"},{"@type":"Organization","@id":"https:\/\/ffyh.unc.edu.ar\/ciffyh\/#organization","name":"Centro de Investigaciones \"Maria Saleme de Burnichon\"","url":"https:\/\/ffyh.unc.edu.ar\/ciffyh\/","logo":{"@type":"ImageObject","inLanguage":"es","@id":"https:\/\/ffyh.unc.edu.ar\/ciffyh\/#\/schema\/logo\/image\/","url":"https:\/\/ffyh.unc.edu.ar\/ciffyh\/wp-content\/uploads\/sites\/10\/2018\/02\/cropped-logo-ciffyh-ico.png","contentUrl":"https:\/\/ffyh.unc.edu.ar\/ciffyh\/wp-content\/uploads\/sites\/10\/2018\/02\/cropped-logo-ciffyh-ico.png","width":512,"height":512,"caption":"Centro de Investigaciones \"Maria Saleme de Burnichon\""},"image":{"@id":"https:\/\/ffyh.unc.edu.ar\/ciffyh\/#\/schema\/logo\/image\/"},"sameAs":["https:\/\/www.instagram.com\/ciffyh\/"]}]}},"_links":{"self":[{"href":"https:\/\/ffyh.unc.edu.ar\/ciffyh\/wp-json\/wp\/v2\/pages\/6363","targetHints":{"allow":["GET"]}}],"collection":[{"href":"https:\/\/ffyh.unc.edu.ar\/ciffyh\/wp-json\/wp\/v2\/pages"}],"about":[{"href":"https:\/\/ffyh.unc.edu.ar\/ciffyh\/wp-json\/wp\/v2\/types\/page"}],"author":[{"embeddable":true,"href":"https:\/\/ffyh.unc.edu.ar\/ciffyh\/wp-json\/wp\/v2\/users\/2"}],"replies":[{"embeddable":true,"href":"https:\/\/ffyh.unc.edu.ar\/ciffyh\/wp-json\/wp\/v2\/comments?post=6363"}],"version-history":[{"count":17,"href":"https:\/\/ffyh.unc.edu.ar\/ciffyh\/wp-json\/wp\/v2\/pages\/6363\/revisions"}],"predecessor-version":[{"id":8647,"href":"https:\/\/ffyh.unc.edu.ar\/ciffyh\/wp-json\/wp\/v2\/pages\/6363\/revisions\/8647"}],"up":[{"embeddable":true,"href":"https:\/\/ffyh.unc.edu.ar\/ciffyh\/wp-json\/wp\/v2\/pages\/6360"}],"wp:attachment":[{"href":"https:\/\/ffyh.unc.edu.ar\/ciffyh\/wp-json\/wp\/v2\/media?parent=6363"}],"curies":[{"name":"wp","href":"https:\/\/api.w.org\/{rel}","templated":true}]}}