{"id":6424,"date":"2023-09-05T19:20:42","date_gmt":"2023-09-05T19:20:42","guid":{"rendered":"https:\/\/ffyh.unc.edu.ar\/ciffyh\/?page_id=6424"},"modified":"2023-09-05T19:23:02","modified_gmt":"2023-09-05T19:23:02","slug":"julieta-almada","status":"publish","type":"page","link":"https:\/\/ffyh.unc.edu.ar\/ciffyh\/julieta-almada\/","title":{"rendered":"Julieta Almada"},"content":{"rendered":"<h4><img fetchpriority=\"high\" decoding=\"async\" class=\"size-medium wp-image-6423 alignright\" src=\"http:\/\/ffyh.unc.edu.ar\/ciffyh\/wp-content\/uploads\/sites\/10\/2023\/09\/foto-Almada-300x291.jpg\" alt=\"\" width=\"300\" height=\"291\" srcset=\"https:\/\/ffyh.unc.edu.ar\/ciffyh\/wp-content\/uploads\/sites\/10\/2023\/09\/foto-Almada-300x291.jpg 300w, https:\/\/ffyh.unc.edu.ar\/ciffyh\/wp-content\/uploads\/sites\/10\/2023\/09\/foto-Almada.jpg 490w\" sizes=\"(max-width: 300px) 100vw, 300px\" \/><\/h4>\n<p>Julieta es Profesora Asistente dedicaci\u00f3n simple en Historia de Am\u00e9rica II, Escuela de Historia (FFyH) y en Historia Econ\u00f3mica y Social (FCE). Es Licenciada en Historia por la Universidad Nacional de C\u00f3rdoba y estudiante del Doctorado en Historia de la misma casa. Es editora cient\u00edfica de la \u00abRevista Cuadernos. Serie Econom\u00eda y Sociedad\u00bb (CIFFyH) y editora responsable en la \u00abRevista de la Red Interc\u00e1tedras de Historia de Am\u00e9rica Latina Contempor\u00e1nea\u00bb (Segunda \u00e9poca) (Escuela de Historia, FFyH).<\/p>\n<p>Actualmente es miembro del Programa \u00abEstudios locales y regionales en la conformaci\u00f3n hist\u00f3rica de sujetos sociales y actores pol\u00edticos en Am\u00e9rica Latina\u00bb (Dir. Dr. Javier Moyano), del proyecto de \u00abElites, pol\u00edtica y cultura. Para una historia de los universitarios en Am\u00e9rica Latina, 1870-2018\u00bb (SeCyT-UNC), dirigido por Javier Moyano y participa en el proyecto de investigaci\u00f3n \u201c(Re)mapear las respuestas contra el hambre. Procesos y condiciones de trabajo en comedores y merenderos desde una perspectiva de g\u00e9nero en la ciudad de C\u00f3rdoba\u201d (Dir. Karina Tomatis).<\/p>\n<p>Julieta tambi\u00e9n participa en redes como la Asociaci\u00f3n Argentina de Historia Econ\u00f3mica (AAHE), la Asociaci\u00f3n Argentina de Especialistas en Estudios del Trabajo (ASET) y la Red Interc\u00e1tedras de Historia de Am\u00e9rica Latina Contempor\u00e1nea (RIHALC). Ha participado de proyectos de extensi\u00f3n universitaria y dictado cursos de formaci\u00f3n docente sobre temas de econom\u00eda pol\u00edtica e historia latinoamericana.<\/p>\n<p>Contacto: julieta.almada@unc.edu.ar<\/p>\n<p>Academia.edu: <a href=\"https:\/\/cordoba.academia.edu\/JulietaAlmada\">https:\/\/cordoba.academia.edu\/JulietaAlmada<\/a><\/p>\n<p><strong>Publicaciones recientes<\/strong><\/p>\n<p>2022 \/ (en co-autor\u00eda con Laura Bonaf\u00e9 y Karina Lorena Tomatis). \u201cDisponibles 24\/7. Aproximaciones al trabajo sociocomunitario en la ciudad de C\u00f3rdoba\u00bb. <em>Cuadernos De Coyuntura, 7(N\u00fam. Continuo), 1\u201315. <\/em><a href=\"https:\/\/revistas.unc.edu.ar\/index.php\/CuadernosConyuntura\/article\/view\/39143\">https:\/\/revistas.unc.edu.ar\/index.php\/CuadernosConyuntura\/article\/view\/39143<\/a><\/p>\n<p>2021 \/ \u00abEl poder de la Isla. La conformaci\u00f3n y composici\u00f3n de los elencos de gobiernos angelocistas\u00bb en <em>Un ojo compuesto para mirar Am\u00e9rica Latina<\/em> compilaci\u00f3n de Pablo Iparraguirre; Javier Moyano; Pablo Requena. &#8211; 1a ed. &#8211; C\u00f3rdoba : Centro de Estudios Avanzados, Cuadernos de investigaci\u00f3n; 10. <a href=\"https:\/\/ri.conicet.gov.ar\/handle\/11336\/196631\">https:\/\/ri.conicet.gov.ar\/handle\/11336\/196631<\/a><\/p>\n<p>2021\/ (en co-autor\u00eda con Emilia Ormaechea y Joel Sidler). \u00abLa teor\u00eda de la regulaci\u00f3n: aportes para comprender las din\u00e1micas de desarrollo econ\u00f3mico y crisis en el capitalismo industrial del siglo xx\u00bb. <em>Iberoamerican<\/em><br \/>\n<em>Journal of Development Studies 10(1):34-57. <\/em><a href=\"https:\/\/ri.conicet.gov.ar\/handle\/11336\/163988\">https:\/\/ri.conicet.gov.ar\/handle\/11336\/163988<\/a><\/p>\n<p>2019 \/ \u00abEstado, econom\u00eda y pol\u00edtica: las intervenciones sociales del estado orientadas al mercado de trabajo en la provincia de C\u00f3rdoba entre 1983 y 1995\u00bb. <em>Anuario de la Escuela de Historia Virtual \u2013 A\u00f1o 10 \u2013 N\u00b0 15 \u2013 2019: pp. 68-90. <\/em><a href=\"https:\/\/doi.org\/10.31049\/1853.7049.v0.n15.24805\">https:\/\/doi.org\/10.31049\/1853.7049.v0.n15.24805<\/a><\/p>\n<p>&nbsp;<\/p>\n","protected":false},"excerpt":{"rendered":"<p>Julieta es Profesora Asistente dedicaci\u00f3n simple en Historia de Am\u00e9rica II, Escuela de Historia (FFyH) y en Historia Econ\u00f3mica y<\/p>\n","protected":false},"author":39,"featured_media":0,"parent":0,"menu_order":0,"comment_status":"closed","ping_status":"closed","template":"","meta":{"_acf_changed":false,"colormag_page_container_layout":"default_layout","colormag_page_sidebar_layout":"default_layout","footnotes":""},"class_list":["post-6424","page","type-page","status-publish","hentry"],"acf":[],"yoast_head":"<!-- This site is optimized with the Yoast SEO plugin v27.1.1 - https:\/\/yoast.com\/product\/yoast-seo-wordpress\/ -->\n<title>Julieta Almada - Centro de Investigaciones &quot;Maria Saleme de Burnichon&quot;<\/title>\n<meta name=\"robots\" content=\"index, follow, max-snippet:-1, max-image-preview:large, max-video-preview:-1\" \/>\n<link rel=\"canonical\" href=\"https:\/\/ffyh.unc.edu.ar\/ciffyh\/julieta-almada\/\" \/>\n<meta property=\"og:locale\" content=\"es_ES\" \/>\n<meta property=\"og:type\" content=\"article\" \/>\n<meta property=\"og:title\" content=\"Julieta Almada - Centro de Investigaciones &quot;Maria Saleme de Burnichon&quot;\" \/>\n<meta property=\"og:description\" content=\"Julieta es Profesora Asistente dedicaci\u00f3n simple en Historia de Am\u00e9rica II, Escuela de Historia (FFyH) y en Historia Econ\u00f3mica y\" \/>\n<meta property=\"og:url\" content=\"https:\/\/ffyh.unc.edu.ar\/ciffyh\/julieta-almada\/\" \/>\n<meta property=\"og:site_name\" content=\"Centro de Investigaciones &quot;Maria Saleme de Burnichon&quot;\" \/>\n<meta property=\"article:modified_time\" content=\"2023-09-05T19:23:02+00:00\" \/>\n<meta property=\"og:image\" content=\"http:\/\/ffyh.unc.edu.ar\/ciffyh\/wp-content\/uploads\/sites\/10\/2023\/09\/foto-Almada-300x291.jpg\" \/>\n<meta name=\"twitter:card\" content=\"summary_large_image\" \/>\n<meta name=\"twitter:label1\" content=\"Tiempo de lectura\" \/>\n\t<meta name=\"twitter:data1\" content=\"2 minutos\" \/>\n<script type=\"application\/ld+json\" class=\"yoast-schema-graph\">{\"@context\":\"https:\/\/schema.org\",\"@graph\":[{\"@type\":\"WebPage\",\"@id\":\"https:\/\/ffyh.unc.edu.ar\/ciffyh\/julieta-almada\/\",\"url\":\"https:\/\/ffyh.unc.edu.ar\/ciffyh\/julieta-almada\/\",\"name\":\"Julieta Almada - Centro de Investigaciones &quot;Maria Saleme de Burnichon&quot;\",\"isPartOf\":{\"@id\":\"https:\/\/ffyh.unc.edu.ar\/ciffyh\/#website\"},\"primaryImageOfPage\":{\"@id\":\"https:\/\/ffyh.unc.edu.ar\/ciffyh\/julieta-almada\/#primaryimage\"},\"image\":{\"@id\":\"https:\/\/ffyh.unc.edu.ar\/ciffyh\/julieta-almada\/#primaryimage\"},\"thumbnailUrl\":\"http:\/\/ffyh.unc.edu.ar\/ciffyh\/wp-content\/uploads\/sites\/10\/2023\/09\/foto-Almada-300x291.jpg\",\"datePublished\":\"2023-09-05T19:20:42+00:00\",\"dateModified\":\"2023-09-05T19:23:02+00:00\",\"breadcrumb\":{\"@id\":\"https:\/\/ffyh.unc.edu.ar\/ciffyh\/julieta-almada\/#breadcrumb\"},\"inLanguage\":\"es\",\"potentialAction\":[{\"@type\":\"ReadAction\",\"target\":[\"https:\/\/ffyh.unc.edu.ar\/ciffyh\/julieta-almada\/\"]}]},{\"@type\":\"ImageObject\",\"inLanguage\":\"es\",\"@id\":\"https:\/\/ffyh.unc.edu.ar\/ciffyh\/julieta-almada\/#primaryimage\",\"url\":\"http:\/\/ffyh.unc.edu.ar\/ciffyh\/wp-content\/uploads\/sites\/10\/2023\/09\/foto-Almada-300x291.jpg\",\"contentUrl\":\"http:\/\/ffyh.unc.edu.ar\/ciffyh\/wp-content\/uploads\/sites\/10\/2023\/09\/foto-Almada-300x291.jpg\"},{\"@type\":\"BreadcrumbList\",\"@id\":\"https:\/\/ffyh.unc.edu.ar\/ciffyh\/julieta-almada\/#breadcrumb\",\"itemListElement\":[{\"@type\":\"ListItem\",\"position\":1,\"name\":\"Portada\",\"item\":\"https:\/\/ffyh.unc.edu.ar\/ciffyh\/\"},{\"@type\":\"ListItem\",\"position\":2,\"name\":\"Julieta Almada\"}]},{\"@type\":\"WebSite\",\"@id\":\"https:\/\/ffyh.unc.edu.ar\/ciffyh\/#website\",\"url\":\"https:\/\/ffyh.unc.edu.ar\/ciffyh\/\",\"name\":\"Centro de Investigaciones \\\"Maria Saleme de Burnichon\\\"\",\"description\":\"Facultad de Filosof\u00eda y Humanidades | UNC\",\"publisher\":{\"@id\":\"https:\/\/ffyh.unc.edu.ar\/ciffyh\/#organization\"},\"potentialAction\":[{\"@type\":\"SearchAction\",\"target\":{\"@type\":\"EntryPoint\",\"urlTemplate\":\"https:\/\/ffyh.unc.edu.ar\/ciffyh\/?s={search_term_string}\"},\"query-input\":{\"@type\":\"PropertyValueSpecification\",\"valueRequired\":true,\"valueName\":\"search_term_string\"}}],\"inLanguage\":\"es\"},{\"@type\":\"Organization\",\"@id\":\"https:\/\/ffyh.unc.edu.ar\/ciffyh\/#organization\",\"name\":\"Centro de Investigaciones \\\"Maria Saleme de Burnichon\\\"\",\"url\":\"https:\/\/ffyh.unc.edu.ar\/ciffyh\/\",\"logo\":{\"@type\":\"ImageObject\",\"inLanguage\":\"es\",\"@id\":\"https:\/\/ffyh.unc.edu.ar\/ciffyh\/#\/schema\/logo\/image\/\",\"url\":\"https:\/\/ffyh.unc.edu.ar\/ciffyh\/wp-content\/uploads\/sites\/10\/2018\/02\/cropped-logo-ciffyh-ico.png\",\"contentUrl\":\"https:\/\/ffyh.unc.edu.ar\/ciffyh\/wp-content\/uploads\/sites\/10\/2018\/02\/cropped-logo-ciffyh-ico.png\",\"width\":512,\"height\":512,\"caption\":\"Centro de Investigaciones \\\"Maria Saleme de Burnichon\\\"\"},\"image\":{\"@id\":\"https:\/\/ffyh.unc.edu.ar\/ciffyh\/#\/schema\/logo\/image\/\"},\"sameAs\":[\"https:\/\/www.instagram.com\/ciffyh\/\"]}]}<\/script>\n<!-- \/ Yoast SEO plugin. -->","yoast_head_json":{"title":"Julieta Almada - Centro de Investigaciones &quot;Maria Saleme de Burnichon&quot;","robots":{"index":"index","follow":"follow","max-snippet":"max-snippet:-1","max-image-preview":"max-image-preview:large","max-video-preview":"max-video-preview:-1"},"canonical":"https:\/\/ffyh.unc.edu.ar\/ciffyh\/julieta-almada\/","og_locale":"es_ES","og_type":"article","og_title":"Julieta Almada - Centro de Investigaciones &quot;Maria Saleme de Burnichon&quot;","og_description":"Julieta es Profesora Asistente dedicaci\u00f3n simple en Historia de Am\u00e9rica II, Escuela de Historia (FFyH) y en Historia Econ\u00f3mica y","og_url":"https:\/\/ffyh.unc.edu.ar\/ciffyh\/julieta-almada\/","og_site_name":"Centro de Investigaciones &quot;Maria Saleme de Burnichon&quot;","article_modified_time":"2023-09-05T19:23:02+00:00","og_image":[{"url":"http:\/\/ffyh.unc.edu.ar\/ciffyh\/wp-content\/uploads\/sites\/10\/2023\/09\/foto-Almada-300x291.jpg","type":"","width":"","height":""}],"twitter_card":"summary_large_image","twitter_misc":{"Tiempo de lectura":"2 minutos"},"schema":{"@context":"https:\/\/schema.org","@graph":[{"@type":"WebPage","@id":"https:\/\/ffyh.unc.edu.ar\/ciffyh\/julieta-almada\/","url":"https:\/\/ffyh.unc.edu.ar\/ciffyh\/julieta-almada\/","name":"Julieta Almada - Centro de Investigaciones &quot;Maria Saleme de Burnichon&quot;","isPartOf":{"@id":"https:\/\/ffyh.unc.edu.ar\/ciffyh\/#website"},"primaryImageOfPage":{"@id":"https:\/\/ffyh.unc.edu.ar\/ciffyh\/julieta-almada\/#primaryimage"},"image":{"@id":"https:\/\/ffyh.unc.edu.ar\/ciffyh\/julieta-almada\/#primaryimage"},"thumbnailUrl":"http:\/\/ffyh.unc.edu.ar\/ciffyh\/wp-content\/uploads\/sites\/10\/2023\/09\/foto-Almada-300x291.jpg","datePublished":"2023-09-05T19:20:42+00:00","dateModified":"2023-09-05T19:23:02+00:00","breadcrumb":{"@id":"https:\/\/ffyh.unc.edu.ar\/ciffyh\/julieta-almada\/#breadcrumb"},"inLanguage":"es","potentialAction":[{"@type":"ReadAction","target":["https:\/\/ffyh.unc.edu.ar\/ciffyh\/julieta-almada\/"]}]},{"@type":"ImageObject","inLanguage":"es","@id":"https:\/\/ffyh.unc.edu.ar\/ciffyh\/julieta-almada\/#primaryimage","url":"http:\/\/ffyh.unc.edu.ar\/ciffyh\/wp-content\/uploads\/sites\/10\/2023\/09\/foto-Almada-300x291.jpg","contentUrl":"http:\/\/ffyh.unc.edu.ar\/ciffyh\/wp-content\/uploads\/sites\/10\/2023\/09\/foto-Almada-300x291.jpg"},{"@type":"BreadcrumbList","@id":"https:\/\/ffyh.unc.edu.ar\/ciffyh\/julieta-almada\/#breadcrumb","itemListElement":[{"@type":"ListItem","position":1,"name":"Portada","item":"https:\/\/ffyh.unc.edu.ar\/ciffyh\/"},{"@type":"ListItem","position":2,"name":"Julieta Almada"}]},{"@type":"WebSite","@id":"https:\/\/ffyh.unc.edu.ar\/ciffyh\/#website","url":"https:\/\/ffyh.unc.edu.ar\/ciffyh\/","name":"Centro de Investigaciones \"Maria Saleme de Burnichon\"","description":"Facultad de Filosof\u00eda y Humanidades | UNC","publisher":{"@id":"https:\/\/ffyh.unc.edu.ar\/ciffyh\/#organization"},"potentialAction":[{"@type":"SearchAction","target":{"@type":"EntryPoint","urlTemplate":"https:\/\/ffyh.unc.edu.ar\/ciffyh\/?s={search_term_string}"},"query-input":{"@type":"PropertyValueSpecification","valueRequired":true,"valueName":"search_term_string"}}],"inLanguage":"es"},{"@type":"Organization","@id":"https:\/\/ffyh.unc.edu.ar\/ciffyh\/#organization","name":"Centro de Investigaciones \"Maria Saleme de Burnichon\"","url":"https:\/\/ffyh.unc.edu.ar\/ciffyh\/","logo":{"@type":"ImageObject","inLanguage":"es","@id":"https:\/\/ffyh.unc.edu.ar\/ciffyh\/#\/schema\/logo\/image\/","url":"https:\/\/ffyh.unc.edu.ar\/ciffyh\/wp-content\/uploads\/sites\/10\/2018\/02\/cropped-logo-ciffyh-ico.png","contentUrl":"https:\/\/ffyh.unc.edu.ar\/ciffyh\/wp-content\/uploads\/sites\/10\/2018\/02\/cropped-logo-ciffyh-ico.png","width":512,"height":512,"caption":"Centro de Investigaciones \"Maria Saleme de Burnichon\""},"image":{"@id":"https:\/\/ffyh.unc.edu.ar\/ciffyh\/#\/schema\/logo\/image\/"},"sameAs":["https:\/\/www.instagram.com\/ciffyh\/"]}]}},"_links":{"self":[{"href":"https:\/\/ffyh.unc.edu.ar\/ciffyh\/wp-json\/wp\/v2\/pages\/6424","targetHints":{"allow":["GET"]}}],"collection":[{"href":"https:\/\/ffyh.unc.edu.ar\/ciffyh\/wp-json\/wp\/v2\/pages"}],"about":[{"href":"https:\/\/ffyh.unc.edu.ar\/ciffyh\/wp-json\/wp\/v2\/types\/page"}],"author":[{"embeddable":true,"href":"https:\/\/ffyh.unc.edu.ar\/ciffyh\/wp-json\/wp\/v2\/users\/39"}],"replies":[{"embeddable":true,"href":"https:\/\/ffyh.unc.edu.ar\/ciffyh\/wp-json\/wp\/v2\/comments?post=6424"}],"version-history":[{"count":2,"href":"https:\/\/ffyh.unc.edu.ar\/ciffyh\/wp-json\/wp\/v2\/pages\/6424\/revisions"}],"predecessor-version":[{"id":6429,"href":"https:\/\/ffyh.unc.edu.ar\/ciffyh\/wp-json\/wp\/v2\/pages\/6424\/revisions\/6429"}],"wp:attachment":[{"href":"https:\/\/ffyh.unc.edu.ar\/ciffyh\/wp-json\/wp\/v2\/media?parent=6424"}],"curies":[{"name":"wp","href":"https:\/\/api.w.org\/{rel}","templated":true}]}}