{"id":6436,"date":"2023-09-05T19:52:46","date_gmt":"2023-09-05T19:52:46","guid":{"rendered":"https:\/\/ffyh.unc.edu.ar\/ciffyh\/?page_id=6436"},"modified":"2023-09-05T19:53:36","modified_gmt":"2023-09-05T19:53:36","slug":"silvia-anderlini","status":"publish","type":"page","link":"https:\/\/ffyh.unc.edu.ar\/ciffyh\/silvia-anderlini\/","title":{"rendered":"Silvia Anderlini"},"content":{"rendered":"<p><img fetchpriority=\"high\" decoding=\"async\" class=\"size-medium wp-image-6437 alignright\" src=\"http:\/\/ffyh.unc.edu.ar\/ciffyh\/wp-content\/uploads\/sites\/10\/2023\/09\/foto-anderlini-300x291.jpg\" alt=\"\" width=\"300\" height=\"291\" srcset=\"https:\/\/ffyh.unc.edu.ar\/ciffyh\/wp-content\/uploads\/sites\/10\/2023\/09\/foto-anderlini-300x291.jpg 300w, https:\/\/ffyh.unc.edu.ar\/ciffyh\/wp-content\/uploads\/sites\/10\/2023\/09\/foto-anderlini.jpg 490w\" sizes=\"(max-width: 300px) 100vw, 300px\" \/><\/p>\n<p>Silvia Susana Anderlini es Doctora en Letras Modernas (UNC). Se desempe\u00f1a como investigadora de planta del \u00c1rea Letras del Centro de Investigaciones Mar\u00eda Saleme de Burnichon (CIFFyH-UNC), complementando sus funciones en la c\u00e1tedra de Est\u00e9tica y Cr\u00edtica literaria moderna de la Escuela de Letras.<\/p>\n<p>Es adem\u00e1s Profesora Titular de Hermen\u00e9utica y Cr\u00edtica Literarias en UCC, donde ha dirigido \u00abPel\u00edcano\u00bb, la revista de la FFyH. Es tambi\u00e9n docente titular concursada de Lengua, literatura y su did\u00e1ctica en la Universidad Provincial de C\u00f3rdoba.<\/p>\n<p>Ha dictado cursos de posgrado en UNC y en UCC. Desde 2006 dirige proyectos de investigaci\u00f3n subsidiados por Secyt-UNC. Ha recibido distinciones literarias y ha publicado ensayos y art\u00edculos sobre est\u00e9tica, hermen\u00e9utica y cr\u00edtica literaria contempor\u00e1neas.<\/p>\n<p>En los \u00faltimos a\u00f1os se ha focalizado en la investigaci\u00f3n sobre el discurso autobiogr\u00e1fico. El \u00faltimo libro publicado, junto a dos integrantes del equipo de investigaci\u00f3n que dirige, se titula \u00abTexturas Autobiogr\u00e1ficas\u00bb (Alci\u00f3n, C\u00f3rdoba, 2022).<\/p>\n<p>Se destaca tambi\u00e9n su libro \u00abLa vida como alegor\u00eda. Consideraciones antisubjetivas de la escritura autobiogr\u00e1fica\u00bb (Alci\u00f3n, C\u00f3rdoba, 2017) y, en coautor\u00eda con ex integrantes del equipo de investigaci\u00f3n de entonces, el libro \u00abSobre espectros, autoexilio y narrativa. La m\u00e1quina autobiogr\u00e1fica del siglo XX\u00bb (Alci\u00f3n, C\u00f3rdoba, 2012).<\/p>\n<p><strong>Publicaciones recientes<\/strong><\/p>\n<p>2022 \/ (en co-autor\u00eda con Marcela Edith Bricca y Mateo Paganini). <em>Texturas Autobiogr\u00e1ficas<\/em>. Alci\u00f3n Editora, C\u00f3rdoba\u00a0<a href=\"https:\/\/drive.google.com\/file\/d\/1sBrKl-G040j990yT_hUS6XyaVv1kQWul\/view?usp=sharing\">https:\/\/drive.google.com\/file\/d\/1sBrKl-G040j990yT_hUS6XyaVv1kQWul\/view?usp=sharing<\/a><\/p>\n<p>2021 \/ \u00abMe acuerdo&#8230;Escrituras autobiogr\u00e1ficas anarchivistas\u00bb. <em>Revista Heterotop\u00edas del \u00c1rea de Estudios Cr\u00edticos del Discurso de FFyH. <\/em><em>Volumen 4. <\/em><a href=\"https:\/\/drive.google.com\/file\/d\/1JGk3XknKRrQxwMFk1EEvSkXLl8TADr-x\/view?usp=sharing\">https:\/\/drive.google.com\/file\/d\/1JGk3XknKRrQxwMFk1EEvSkXLl8TADr-x\/view?usp=sharing<\/a><\/p>\n<p>&nbsp;<\/p>\n","protected":false},"excerpt":{"rendered":"<p>Silvia Susana Anderlini es Doctora en Letras Modernas (UNC). Se desempe\u00f1a como investigadora de planta del \u00c1rea Letras del Centro<\/p>\n","protected":false},"author":39,"featured_media":0,"parent":0,"menu_order":0,"comment_status":"closed","ping_status":"closed","template":"","meta":{"_acf_changed":false,"colormag_page_container_layout":"default_layout","colormag_page_sidebar_layout":"default_layout","footnotes":""},"class_list":["post-6436","page","type-page","status-publish","hentry"],"acf":[],"yoast_head":"<!-- This site is optimized with the Yoast SEO plugin v27.1.1 - https:\/\/yoast.com\/product\/yoast-seo-wordpress\/ -->\n<title>Silvia Anderlini - Centro de Investigaciones &quot;Maria Saleme de Burnichon&quot;<\/title>\n<meta name=\"robots\" content=\"index, follow, max-snippet:-1, max-image-preview:large, max-video-preview:-1\" \/>\n<link rel=\"canonical\" href=\"https:\/\/ffyh.unc.edu.ar\/ciffyh\/silvia-anderlini\/\" \/>\n<meta property=\"og:locale\" content=\"es_ES\" \/>\n<meta property=\"og:type\" content=\"article\" \/>\n<meta property=\"og:title\" content=\"Silvia Anderlini - Centro de Investigaciones &quot;Maria Saleme de Burnichon&quot;\" \/>\n<meta property=\"og:description\" content=\"Silvia Susana Anderlini es Doctora en Letras Modernas (UNC). Se desempe\u00f1a como investigadora de planta del \u00c1rea Letras del Centro\" \/>\n<meta property=\"og:url\" content=\"https:\/\/ffyh.unc.edu.ar\/ciffyh\/silvia-anderlini\/\" \/>\n<meta property=\"og:site_name\" content=\"Centro de Investigaciones &quot;Maria Saleme de Burnichon&quot;\" \/>\n<meta property=\"article:modified_time\" content=\"2023-09-05T19:53:36+00:00\" \/>\n<meta property=\"og:image\" content=\"http:\/\/ffyh.unc.edu.ar\/ciffyh\/wp-content\/uploads\/sites\/10\/2023\/09\/foto-anderlini-300x291.jpg\" \/>\n<meta name=\"twitter:card\" content=\"summary_large_image\" \/>\n<meta name=\"twitter:label1\" content=\"Tiempo de lectura\" \/>\n\t<meta name=\"twitter:data1\" content=\"2 minutos\" \/>\n<script type=\"application\/ld+json\" class=\"yoast-schema-graph\">{\"@context\":\"https:\/\/schema.org\",\"@graph\":[{\"@type\":\"WebPage\",\"@id\":\"https:\/\/ffyh.unc.edu.ar\/ciffyh\/silvia-anderlini\/\",\"url\":\"https:\/\/ffyh.unc.edu.ar\/ciffyh\/silvia-anderlini\/\",\"name\":\"Silvia Anderlini - Centro de Investigaciones &quot;Maria Saleme de Burnichon&quot;\",\"isPartOf\":{\"@id\":\"https:\/\/ffyh.unc.edu.ar\/ciffyh\/#website\"},\"primaryImageOfPage\":{\"@id\":\"https:\/\/ffyh.unc.edu.ar\/ciffyh\/silvia-anderlini\/#primaryimage\"},\"image\":{\"@id\":\"https:\/\/ffyh.unc.edu.ar\/ciffyh\/silvia-anderlini\/#primaryimage\"},\"thumbnailUrl\":\"http:\/\/ffyh.unc.edu.ar\/ciffyh\/wp-content\/uploads\/sites\/10\/2023\/09\/foto-anderlini-300x291.jpg\",\"datePublished\":\"2023-09-05T19:52:46+00:00\",\"dateModified\":\"2023-09-05T19:53:36+00:00\",\"breadcrumb\":{\"@id\":\"https:\/\/ffyh.unc.edu.ar\/ciffyh\/silvia-anderlini\/#breadcrumb\"},\"inLanguage\":\"es\",\"potentialAction\":[{\"@type\":\"ReadAction\",\"target\":[\"https:\/\/ffyh.unc.edu.ar\/ciffyh\/silvia-anderlini\/\"]}]},{\"@type\":\"ImageObject\",\"inLanguage\":\"es\",\"@id\":\"https:\/\/ffyh.unc.edu.ar\/ciffyh\/silvia-anderlini\/#primaryimage\",\"url\":\"http:\/\/ffyh.unc.edu.ar\/ciffyh\/wp-content\/uploads\/sites\/10\/2023\/09\/foto-anderlini-300x291.jpg\",\"contentUrl\":\"http:\/\/ffyh.unc.edu.ar\/ciffyh\/wp-content\/uploads\/sites\/10\/2023\/09\/foto-anderlini-300x291.jpg\"},{\"@type\":\"BreadcrumbList\",\"@id\":\"https:\/\/ffyh.unc.edu.ar\/ciffyh\/silvia-anderlini\/#breadcrumb\",\"itemListElement\":[{\"@type\":\"ListItem\",\"position\":1,\"name\":\"Portada\",\"item\":\"https:\/\/ffyh.unc.edu.ar\/ciffyh\/\"},{\"@type\":\"ListItem\",\"position\":2,\"name\":\"Silvia Anderlini\"}]},{\"@type\":\"WebSite\",\"@id\":\"https:\/\/ffyh.unc.edu.ar\/ciffyh\/#website\",\"url\":\"https:\/\/ffyh.unc.edu.ar\/ciffyh\/\",\"name\":\"Centro de Investigaciones \\\"Maria Saleme de Burnichon\\\"\",\"description\":\"Facultad de Filosof\u00eda y Humanidades | UNC\",\"publisher\":{\"@id\":\"https:\/\/ffyh.unc.edu.ar\/ciffyh\/#organization\"},\"potentialAction\":[{\"@type\":\"SearchAction\",\"target\":{\"@type\":\"EntryPoint\",\"urlTemplate\":\"https:\/\/ffyh.unc.edu.ar\/ciffyh\/?s={search_term_string}\"},\"query-input\":{\"@type\":\"PropertyValueSpecification\",\"valueRequired\":true,\"valueName\":\"search_term_string\"}}],\"inLanguage\":\"es\"},{\"@type\":\"Organization\",\"@id\":\"https:\/\/ffyh.unc.edu.ar\/ciffyh\/#organization\",\"name\":\"Centro de Investigaciones \\\"Maria Saleme de Burnichon\\\"\",\"url\":\"https:\/\/ffyh.unc.edu.ar\/ciffyh\/\",\"logo\":{\"@type\":\"ImageObject\",\"inLanguage\":\"es\",\"@id\":\"https:\/\/ffyh.unc.edu.ar\/ciffyh\/#\/schema\/logo\/image\/\",\"url\":\"https:\/\/ffyh.unc.edu.ar\/ciffyh\/wp-content\/uploads\/sites\/10\/2018\/02\/cropped-logo-ciffyh-ico.png\",\"contentUrl\":\"https:\/\/ffyh.unc.edu.ar\/ciffyh\/wp-content\/uploads\/sites\/10\/2018\/02\/cropped-logo-ciffyh-ico.png\",\"width\":512,\"height\":512,\"caption\":\"Centro de Investigaciones \\\"Maria Saleme de Burnichon\\\"\"},\"image\":{\"@id\":\"https:\/\/ffyh.unc.edu.ar\/ciffyh\/#\/schema\/logo\/image\/\"},\"sameAs\":[\"https:\/\/www.instagram.com\/ciffyh\/\"]}]}<\/script>\n<!-- \/ Yoast SEO plugin. -->","yoast_head_json":{"title":"Silvia Anderlini - Centro de Investigaciones &quot;Maria Saleme de Burnichon&quot;","robots":{"index":"index","follow":"follow","max-snippet":"max-snippet:-1","max-image-preview":"max-image-preview:large","max-video-preview":"max-video-preview:-1"},"canonical":"https:\/\/ffyh.unc.edu.ar\/ciffyh\/silvia-anderlini\/","og_locale":"es_ES","og_type":"article","og_title":"Silvia Anderlini - Centro de Investigaciones &quot;Maria Saleme de Burnichon&quot;","og_description":"Silvia Susana Anderlini es Doctora en Letras Modernas (UNC). Se desempe\u00f1a como investigadora de planta del \u00c1rea Letras del Centro","og_url":"https:\/\/ffyh.unc.edu.ar\/ciffyh\/silvia-anderlini\/","og_site_name":"Centro de Investigaciones &quot;Maria Saleme de Burnichon&quot;","article_modified_time":"2023-09-05T19:53:36+00:00","og_image":[{"url":"http:\/\/ffyh.unc.edu.ar\/ciffyh\/wp-content\/uploads\/sites\/10\/2023\/09\/foto-anderlini-300x291.jpg","type":"","width":"","height":""}],"twitter_card":"summary_large_image","twitter_misc":{"Tiempo de lectura":"2 minutos"},"schema":{"@context":"https:\/\/schema.org","@graph":[{"@type":"WebPage","@id":"https:\/\/ffyh.unc.edu.ar\/ciffyh\/silvia-anderlini\/","url":"https:\/\/ffyh.unc.edu.ar\/ciffyh\/silvia-anderlini\/","name":"Silvia Anderlini - Centro de Investigaciones &quot;Maria Saleme de Burnichon&quot;","isPartOf":{"@id":"https:\/\/ffyh.unc.edu.ar\/ciffyh\/#website"},"primaryImageOfPage":{"@id":"https:\/\/ffyh.unc.edu.ar\/ciffyh\/silvia-anderlini\/#primaryimage"},"image":{"@id":"https:\/\/ffyh.unc.edu.ar\/ciffyh\/silvia-anderlini\/#primaryimage"},"thumbnailUrl":"http:\/\/ffyh.unc.edu.ar\/ciffyh\/wp-content\/uploads\/sites\/10\/2023\/09\/foto-anderlini-300x291.jpg","datePublished":"2023-09-05T19:52:46+00:00","dateModified":"2023-09-05T19:53:36+00:00","breadcrumb":{"@id":"https:\/\/ffyh.unc.edu.ar\/ciffyh\/silvia-anderlini\/#breadcrumb"},"inLanguage":"es","potentialAction":[{"@type":"ReadAction","target":["https:\/\/ffyh.unc.edu.ar\/ciffyh\/silvia-anderlini\/"]}]},{"@type":"ImageObject","inLanguage":"es","@id":"https:\/\/ffyh.unc.edu.ar\/ciffyh\/silvia-anderlini\/#primaryimage","url":"http:\/\/ffyh.unc.edu.ar\/ciffyh\/wp-content\/uploads\/sites\/10\/2023\/09\/foto-anderlini-300x291.jpg","contentUrl":"http:\/\/ffyh.unc.edu.ar\/ciffyh\/wp-content\/uploads\/sites\/10\/2023\/09\/foto-anderlini-300x291.jpg"},{"@type":"BreadcrumbList","@id":"https:\/\/ffyh.unc.edu.ar\/ciffyh\/silvia-anderlini\/#breadcrumb","itemListElement":[{"@type":"ListItem","position":1,"name":"Portada","item":"https:\/\/ffyh.unc.edu.ar\/ciffyh\/"},{"@type":"ListItem","position":2,"name":"Silvia Anderlini"}]},{"@type":"WebSite","@id":"https:\/\/ffyh.unc.edu.ar\/ciffyh\/#website","url":"https:\/\/ffyh.unc.edu.ar\/ciffyh\/","name":"Centro de Investigaciones \"Maria Saleme de Burnichon\"","description":"Facultad de Filosof\u00eda y Humanidades | UNC","publisher":{"@id":"https:\/\/ffyh.unc.edu.ar\/ciffyh\/#organization"},"potentialAction":[{"@type":"SearchAction","target":{"@type":"EntryPoint","urlTemplate":"https:\/\/ffyh.unc.edu.ar\/ciffyh\/?s={search_term_string}"},"query-input":{"@type":"PropertyValueSpecification","valueRequired":true,"valueName":"search_term_string"}}],"inLanguage":"es"},{"@type":"Organization","@id":"https:\/\/ffyh.unc.edu.ar\/ciffyh\/#organization","name":"Centro de Investigaciones \"Maria Saleme de Burnichon\"","url":"https:\/\/ffyh.unc.edu.ar\/ciffyh\/","logo":{"@type":"ImageObject","inLanguage":"es","@id":"https:\/\/ffyh.unc.edu.ar\/ciffyh\/#\/schema\/logo\/image\/","url":"https:\/\/ffyh.unc.edu.ar\/ciffyh\/wp-content\/uploads\/sites\/10\/2018\/02\/cropped-logo-ciffyh-ico.png","contentUrl":"https:\/\/ffyh.unc.edu.ar\/ciffyh\/wp-content\/uploads\/sites\/10\/2018\/02\/cropped-logo-ciffyh-ico.png","width":512,"height":512,"caption":"Centro de Investigaciones \"Maria Saleme de Burnichon\""},"image":{"@id":"https:\/\/ffyh.unc.edu.ar\/ciffyh\/#\/schema\/logo\/image\/"},"sameAs":["https:\/\/www.instagram.com\/ciffyh\/"]}]}},"_links":{"self":[{"href":"https:\/\/ffyh.unc.edu.ar\/ciffyh\/wp-json\/wp\/v2\/pages\/6436","targetHints":{"allow":["GET"]}}],"collection":[{"href":"https:\/\/ffyh.unc.edu.ar\/ciffyh\/wp-json\/wp\/v2\/pages"}],"about":[{"href":"https:\/\/ffyh.unc.edu.ar\/ciffyh\/wp-json\/wp\/v2\/types\/page"}],"author":[{"embeddable":true,"href":"https:\/\/ffyh.unc.edu.ar\/ciffyh\/wp-json\/wp\/v2\/users\/39"}],"replies":[{"embeddable":true,"href":"https:\/\/ffyh.unc.edu.ar\/ciffyh\/wp-json\/wp\/v2\/comments?post=6436"}],"version-history":[{"count":2,"href":"https:\/\/ffyh.unc.edu.ar\/ciffyh\/wp-json\/wp\/v2\/pages\/6436\/revisions"}],"predecessor-version":[{"id":6440,"href":"https:\/\/ffyh.unc.edu.ar\/ciffyh\/wp-json\/wp\/v2\/pages\/6436\/revisions\/6440"}],"wp:attachment":[{"href":"https:\/\/ffyh.unc.edu.ar\/ciffyh\/wp-json\/wp\/v2\/media?parent=6436"}],"curies":[{"name":"wp","href":"https:\/\/api.w.org\/{rel}","templated":true}]}}