{"id":6441,"date":"2023-09-05T19:59:26","date_gmt":"2023-09-05T19:59:26","guid":{"rendered":"https:\/\/ffyh.unc.edu.ar\/ciffyh\/?page_id=6441"},"modified":"2023-09-05T19:59:26","modified_gmt":"2023-09-05T19:59:26","slug":"gabriela-lugones","status":"publish","type":"page","link":"https:\/\/ffyh.unc.edu.ar\/ciffyh\/gabriela-lugones\/","title":{"rendered":"Gabriela Lugones"},"content":{"rendered":"<p><img fetchpriority=\"high\" decoding=\"async\" class=\"size-medium wp-image-6442 alignright\" src=\"http:\/\/ffyh.unc.edu.ar\/ciffyh\/wp-content\/uploads\/sites\/10\/2023\/09\/foto-lugones-222x300.jpg\" alt=\"\" width=\"222\" height=\"300\" srcset=\"https:\/\/ffyh.unc.edu.ar\/ciffyh\/wp-content\/uploads\/sites\/10\/2023\/09\/foto-lugones-222x300.jpg 222w, https:\/\/ffyh.unc.edu.ar\/ciffyh\/wp-content\/uploads\/sites\/10\/2023\/09\/foto-lugones.jpg 352w\" sizes=\"(max-width: 222px) 100vw, 222px\" \/>Mar\u00eda Gabriela Lugones es investigadora del \u00e1rea de Ciencias Sociales del Centro de Investigaciones de las Facultad de Filosof\u00eda y Humanidades, y profesora titular de Antropolog\u00eda Cultural en la Universidad Nacional de C\u00f3rdoba, Argentina. Su maestr\u00eda y doctorado fueron realizados en el Programa de Posgrado en Antropolog\u00eda Social del\u00a0<em>Museu Nacional<\/em>, Universidad Federal de Rio de Janeiro, Brasil; y contin\u00faa en el marco del\u00a0<em>Laboratorio de Pesquisas em Etnicidade, Cultura y Desenvolvimento<\/em>\u00a0(LACED), que re\u00fane investigaciones interdisciplinares, con variados grupos sociales y dispositivos estatales, en contextos urbanos y rurales de nuestra regi\u00f3n.<\/p>\n<p>A partir de pesquisas etnogr\u00e1ficas, bajo la \u00f3rbita de una antropolog\u00eda del gestionar, estudia modalidades cotidianas de acci\u00f3n estatales, abordando gestiones que enfatizan la conjunci\u00f3n ente administraci\u00f3n y pedagog\u00eda, en ejercicios gubernamentales que producen conocimientos y especialistas en diferentes escalas institucionales. Esta l\u00ednea de investigaciones, desarrollada en diferentes proyectos desde 2000, procura describir la producci\u00f3n de subjetividades en correlaci\u00f3n con formas de sujeci\u00f3n estatalizadas, a trav\u00e9s del estudio de actuaciones administrativo-judiciales, acciones de gobierno y performances estatales en (y de) instancias municipales, provinciales y nacionales. Estas indagaciones implican observar modalidades del gestionar, explorando actuaciones cotidianas de agentes y agencias estatales y sus continuas (re) producciones simb\u00f3licas; as\u00ed como ejercicios de gesti\u00f3n sobre determinados segmentos poblacionales, consagrados pol\u00edtica, social y legalmente como merecedores de Protecci\u00f3n.<\/p>\n<p><strong>Publicaciones recientes<\/strong><\/p>\n<p>2021 \/ (con M. C. D\u00edaz, A. Liarte Tiloca, S. M. Romero, Comps.). Sobrevivencias escritas II. C\u00f3rdoba: Editorial de la Facultad de Lenguas UNC. <a href=\"http:\/\/hdl.handle.net\/11086\/18927\">http:\/\/hdl.handle.net\/11086\/18927<\/a><\/p>\n<p>2019 \/ (con M.C. D\u00edaz, Comps.). Sobrevivencias escritas I. C\u00f3rdoba: Editorial de la Facultad de Lenguas UNC. <a href=\"http:\/\/hdl.handle.net\/11086\/11433\">http:\/\/hdl.handle.net\/11086\/11433<\/a><\/p>\n<p>2019 \/ (con C. Gonz\u00e1lez Gragnolino). \u201cEl patrocinio en las familias judiciales. Sobre las carreras judiciales en los tribunales cordobeses del siglo XX\u201d. (En)Clave Comahue Revista Patag\u00f3nica de Estudios Sociales, N\u00b0 25. Disponible en <a href=\"http:\/\/revele.uncoma.edu.ar\/htdoc\/revele\/index.php\/revistadelafacultad\/article\/view\/242\">http:\/\/revele.uncoma.edu.ar\/htdoc\/revele\/index.php\/revistadelafacultad\/article\/view\/242<\/a><\/p>\n<p>2018. \u201c\u00bfMatronato? Gestiones maternales de protecci\u00f3n estatal\u201d. Cadernos Pagu [online]. (51). <a href=\"http:\/\/dx.doi.org\/10.1590\/18094449201700510002\">http:\/\/dx.doi.org\/10.1590\/18094449201700510002<\/a>.<\/p>\n","protected":false},"excerpt":{"rendered":"<p>Mar\u00eda Gabriela Lugones es investigadora del \u00e1rea de Ciencias Sociales del Centro de Investigaciones de las Facultad de Filosof\u00eda y<\/p>\n","protected":false},"author":39,"featured_media":0,"parent":0,"menu_order":0,"comment_status":"closed","ping_status":"closed","template":"","meta":{"_acf_changed":false,"colormag_page_container_layout":"default_layout","colormag_page_sidebar_layout":"default_layout","footnotes":""},"class_list":["post-6441","page","type-page","status-publish","hentry"],"acf":[],"yoast_head":"<!-- This site is optimized with the Yoast SEO plugin v27.1.1 - https:\/\/yoast.com\/product\/yoast-seo-wordpress\/ -->\n<title>Gabriela Lugones - Centro de Investigaciones &quot;Maria Saleme de Burnichon&quot;<\/title>\n<meta name=\"robots\" content=\"index, follow, max-snippet:-1, max-image-preview:large, max-video-preview:-1\" \/>\n<link rel=\"canonical\" href=\"https:\/\/ffyh.unc.edu.ar\/ciffyh\/gabriela-lugones\/\" \/>\n<meta property=\"og:locale\" content=\"es_ES\" \/>\n<meta property=\"og:type\" content=\"article\" \/>\n<meta property=\"og:title\" content=\"Gabriela Lugones - Centro de Investigaciones &quot;Maria Saleme de Burnichon&quot;\" \/>\n<meta property=\"og:description\" content=\"Mar\u00eda Gabriela Lugones es investigadora del \u00e1rea de Ciencias Sociales del Centro de Investigaciones de las Facultad de Filosof\u00eda y\" \/>\n<meta property=\"og:url\" content=\"https:\/\/ffyh.unc.edu.ar\/ciffyh\/gabriela-lugones\/\" \/>\n<meta property=\"og:site_name\" content=\"Centro de Investigaciones &quot;Maria Saleme de Burnichon&quot;\" \/>\n<meta property=\"og:image\" content=\"http:\/\/ffyh.unc.edu.ar\/ciffyh\/wp-content\/uploads\/sites\/10\/2023\/09\/foto-lugones-222x300.jpg\" \/>\n<meta name=\"twitter:card\" content=\"summary_large_image\" \/>\n<meta name=\"twitter:label1\" content=\"Tiempo de lectura\" \/>\n\t<meta name=\"twitter:data1\" content=\"2 minutos\" \/>\n<script type=\"application\/ld+json\" class=\"yoast-schema-graph\">{\"@context\":\"https:\/\/schema.org\",\"@graph\":[{\"@type\":\"WebPage\",\"@id\":\"https:\/\/ffyh.unc.edu.ar\/ciffyh\/gabriela-lugones\/\",\"url\":\"https:\/\/ffyh.unc.edu.ar\/ciffyh\/gabriela-lugones\/\",\"name\":\"Gabriela Lugones - Centro de Investigaciones &quot;Maria Saleme de Burnichon&quot;\",\"isPartOf\":{\"@id\":\"https:\/\/ffyh.unc.edu.ar\/ciffyh\/#website\"},\"primaryImageOfPage\":{\"@id\":\"https:\/\/ffyh.unc.edu.ar\/ciffyh\/gabriela-lugones\/#primaryimage\"},\"image\":{\"@id\":\"https:\/\/ffyh.unc.edu.ar\/ciffyh\/gabriela-lugones\/#primaryimage\"},\"thumbnailUrl\":\"http:\/\/ffyh.unc.edu.ar\/ciffyh\/wp-content\/uploads\/sites\/10\/2023\/09\/foto-lugones-222x300.jpg\",\"datePublished\":\"2023-09-05T19:59:26+00:00\",\"breadcrumb\":{\"@id\":\"https:\/\/ffyh.unc.edu.ar\/ciffyh\/gabriela-lugones\/#breadcrumb\"},\"inLanguage\":\"es\",\"potentialAction\":[{\"@type\":\"ReadAction\",\"target\":[\"https:\/\/ffyh.unc.edu.ar\/ciffyh\/gabriela-lugones\/\"]}]},{\"@type\":\"ImageObject\",\"inLanguage\":\"es\",\"@id\":\"https:\/\/ffyh.unc.edu.ar\/ciffyh\/gabriela-lugones\/#primaryimage\",\"url\":\"http:\/\/ffyh.unc.edu.ar\/ciffyh\/wp-content\/uploads\/sites\/10\/2023\/09\/foto-lugones-222x300.jpg\",\"contentUrl\":\"http:\/\/ffyh.unc.edu.ar\/ciffyh\/wp-content\/uploads\/sites\/10\/2023\/09\/foto-lugones-222x300.jpg\"},{\"@type\":\"BreadcrumbList\",\"@id\":\"https:\/\/ffyh.unc.edu.ar\/ciffyh\/gabriela-lugones\/#breadcrumb\",\"itemListElement\":[{\"@type\":\"ListItem\",\"position\":1,\"name\":\"Portada\",\"item\":\"https:\/\/ffyh.unc.edu.ar\/ciffyh\/\"},{\"@type\":\"ListItem\",\"position\":2,\"name\":\"Gabriela Lugones\"}]},{\"@type\":\"WebSite\",\"@id\":\"https:\/\/ffyh.unc.edu.ar\/ciffyh\/#website\",\"url\":\"https:\/\/ffyh.unc.edu.ar\/ciffyh\/\",\"name\":\"Centro de Investigaciones \\\"Maria Saleme de Burnichon\\\"\",\"description\":\"Facultad de Filosof\u00eda y Humanidades | UNC\",\"publisher\":{\"@id\":\"https:\/\/ffyh.unc.edu.ar\/ciffyh\/#organization\"},\"potentialAction\":[{\"@type\":\"SearchAction\",\"target\":{\"@type\":\"EntryPoint\",\"urlTemplate\":\"https:\/\/ffyh.unc.edu.ar\/ciffyh\/?s={search_term_string}\"},\"query-input\":{\"@type\":\"PropertyValueSpecification\",\"valueRequired\":true,\"valueName\":\"search_term_string\"}}],\"inLanguage\":\"es\"},{\"@type\":\"Organization\",\"@id\":\"https:\/\/ffyh.unc.edu.ar\/ciffyh\/#organization\",\"name\":\"Centro de Investigaciones \\\"Maria Saleme de Burnichon\\\"\",\"url\":\"https:\/\/ffyh.unc.edu.ar\/ciffyh\/\",\"logo\":{\"@type\":\"ImageObject\",\"inLanguage\":\"es\",\"@id\":\"https:\/\/ffyh.unc.edu.ar\/ciffyh\/#\/schema\/logo\/image\/\",\"url\":\"https:\/\/ffyh.unc.edu.ar\/ciffyh\/wp-content\/uploads\/sites\/10\/2018\/02\/cropped-logo-ciffyh-ico.png\",\"contentUrl\":\"https:\/\/ffyh.unc.edu.ar\/ciffyh\/wp-content\/uploads\/sites\/10\/2018\/02\/cropped-logo-ciffyh-ico.png\",\"width\":512,\"height\":512,\"caption\":\"Centro de Investigaciones \\\"Maria Saleme de Burnichon\\\"\"},\"image\":{\"@id\":\"https:\/\/ffyh.unc.edu.ar\/ciffyh\/#\/schema\/logo\/image\/\"},\"sameAs\":[\"https:\/\/www.instagram.com\/ciffyh\/\"]}]}<\/script>\n<!-- \/ Yoast SEO plugin. -->","yoast_head_json":{"title":"Gabriela Lugones - Centro de Investigaciones &quot;Maria Saleme de Burnichon&quot;","robots":{"index":"index","follow":"follow","max-snippet":"max-snippet:-1","max-image-preview":"max-image-preview:large","max-video-preview":"max-video-preview:-1"},"canonical":"https:\/\/ffyh.unc.edu.ar\/ciffyh\/gabriela-lugones\/","og_locale":"es_ES","og_type":"article","og_title":"Gabriela Lugones - Centro de Investigaciones &quot;Maria Saleme de Burnichon&quot;","og_description":"Mar\u00eda Gabriela Lugones es investigadora del \u00e1rea de Ciencias Sociales del Centro de Investigaciones de las Facultad de Filosof\u00eda y","og_url":"https:\/\/ffyh.unc.edu.ar\/ciffyh\/gabriela-lugones\/","og_site_name":"Centro de Investigaciones &quot;Maria Saleme de Burnichon&quot;","og_image":[{"url":"http:\/\/ffyh.unc.edu.ar\/ciffyh\/wp-content\/uploads\/sites\/10\/2023\/09\/foto-lugones-222x300.jpg","type":"","width":"","height":""}],"twitter_card":"summary_large_image","twitter_misc":{"Tiempo de lectura":"2 minutos"},"schema":{"@context":"https:\/\/schema.org","@graph":[{"@type":"WebPage","@id":"https:\/\/ffyh.unc.edu.ar\/ciffyh\/gabriela-lugones\/","url":"https:\/\/ffyh.unc.edu.ar\/ciffyh\/gabriela-lugones\/","name":"Gabriela Lugones - Centro de Investigaciones &quot;Maria Saleme de Burnichon&quot;","isPartOf":{"@id":"https:\/\/ffyh.unc.edu.ar\/ciffyh\/#website"},"primaryImageOfPage":{"@id":"https:\/\/ffyh.unc.edu.ar\/ciffyh\/gabriela-lugones\/#primaryimage"},"image":{"@id":"https:\/\/ffyh.unc.edu.ar\/ciffyh\/gabriela-lugones\/#primaryimage"},"thumbnailUrl":"http:\/\/ffyh.unc.edu.ar\/ciffyh\/wp-content\/uploads\/sites\/10\/2023\/09\/foto-lugones-222x300.jpg","datePublished":"2023-09-05T19:59:26+00:00","breadcrumb":{"@id":"https:\/\/ffyh.unc.edu.ar\/ciffyh\/gabriela-lugones\/#breadcrumb"},"inLanguage":"es","potentialAction":[{"@type":"ReadAction","target":["https:\/\/ffyh.unc.edu.ar\/ciffyh\/gabriela-lugones\/"]}]},{"@type":"ImageObject","inLanguage":"es","@id":"https:\/\/ffyh.unc.edu.ar\/ciffyh\/gabriela-lugones\/#primaryimage","url":"http:\/\/ffyh.unc.edu.ar\/ciffyh\/wp-content\/uploads\/sites\/10\/2023\/09\/foto-lugones-222x300.jpg","contentUrl":"http:\/\/ffyh.unc.edu.ar\/ciffyh\/wp-content\/uploads\/sites\/10\/2023\/09\/foto-lugones-222x300.jpg"},{"@type":"BreadcrumbList","@id":"https:\/\/ffyh.unc.edu.ar\/ciffyh\/gabriela-lugones\/#breadcrumb","itemListElement":[{"@type":"ListItem","position":1,"name":"Portada","item":"https:\/\/ffyh.unc.edu.ar\/ciffyh\/"},{"@type":"ListItem","position":2,"name":"Gabriela Lugones"}]},{"@type":"WebSite","@id":"https:\/\/ffyh.unc.edu.ar\/ciffyh\/#website","url":"https:\/\/ffyh.unc.edu.ar\/ciffyh\/","name":"Centro de Investigaciones \"Maria Saleme de Burnichon\"","description":"Facultad de Filosof\u00eda y Humanidades | UNC","publisher":{"@id":"https:\/\/ffyh.unc.edu.ar\/ciffyh\/#organization"},"potentialAction":[{"@type":"SearchAction","target":{"@type":"EntryPoint","urlTemplate":"https:\/\/ffyh.unc.edu.ar\/ciffyh\/?s={search_term_string}"},"query-input":{"@type":"PropertyValueSpecification","valueRequired":true,"valueName":"search_term_string"}}],"inLanguage":"es"},{"@type":"Organization","@id":"https:\/\/ffyh.unc.edu.ar\/ciffyh\/#organization","name":"Centro de Investigaciones \"Maria Saleme de Burnichon\"","url":"https:\/\/ffyh.unc.edu.ar\/ciffyh\/","logo":{"@type":"ImageObject","inLanguage":"es","@id":"https:\/\/ffyh.unc.edu.ar\/ciffyh\/#\/schema\/logo\/image\/","url":"https:\/\/ffyh.unc.edu.ar\/ciffyh\/wp-content\/uploads\/sites\/10\/2018\/02\/cropped-logo-ciffyh-ico.png","contentUrl":"https:\/\/ffyh.unc.edu.ar\/ciffyh\/wp-content\/uploads\/sites\/10\/2018\/02\/cropped-logo-ciffyh-ico.png","width":512,"height":512,"caption":"Centro de Investigaciones \"Maria Saleme de Burnichon\""},"image":{"@id":"https:\/\/ffyh.unc.edu.ar\/ciffyh\/#\/schema\/logo\/image\/"},"sameAs":["https:\/\/www.instagram.com\/ciffyh\/"]}]}},"_links":{"self":[{"href":"https:\/\/ffyh.unc.edu.ar\/ciffyh\/wp-json\/wp\/v2\/pages\/6441","targetHints":{"allow":["GET"]}}],"collection":[{"href":"https:\/\/ffyh.unc.edu.ar\/ciffyh\/wp-json\/wp\/v2\/pages"}],"about":[{"href":"https:\/\/ffyh.unc.edu.ar\/ciffyh\/wp-json\/wp\/v2\/types\/page"}],"author":[{"embeddable":true,"href":"https:\/\/ffyh.unc.edu.ar\/ciffyh\/wp-json\/wp\/v2\/users\/39"}],"replies":[{"embeddable":true,"href":"https:\/\/ffyh.unc.edu.ar\/ciffyh\/wp-json\/wp\/v2\/comments?post=6441"}],"version-history":[{"count":1,"href":"https:\/\/ffyh.unc.edu.ar\/ciffyh\/wp-json\/wp\/v2\/pages\/6441\/revisions"}],"predecessor-version":[{"id":6443,"href":"https:\/\/ffyh.unc.edu.ar\/ciffyh\/wp-json\/wp\/v2\/pages\/6441\/revisions\/6443"}],"wp:attachment":[{"href":"https:\/\/ffyh.unc.edu.ar\/ciffyh\/wp-json\/wp\/v2\/media?parent=6441"}],"curies":[{"name":"wp","href":"https:\/\/api.w.org\/{rel}","templated":true}]}}