{"id":6444,"date":"2023-09-05T20:10:59","date_gmt":"2023-09-05T20:10:59","guid":{"rendered":"https:\/\/ffyh.unc.edu.ar\/ciffyh\/?page_id=6444"},"modified":"2023-09-05T20:10:59","modified_gmt":"2023-09-05T20:10:59","slug":"cecilia-luque","status":"publish","type":"page","link":"https:\/\/ffyh.unc.edu.ar\/ciffyh\/cecilia-luque\/","title":{"rendered":"Cecilia Luque"},"content":{"rendered":"<p><img fetchpriority=\"high\" decoding=\"async\" class=\"size-medium wp-image-6445 alignright\" src=\"http:\/\/ffyh.unc.edu.ar\/ciffyh\/wp-content\/uploads\/sites\/10\/2023\/09\/foto-luque-300x291.jpg\" alt=\"\" width=\"300\" height=\"291\" srcset=\"https:\/\/ffyh.unc.edu.ar\/ciffyh\/wp-content\/uploads\/sites\/10\/2023\/09\/foto-luque-300x291.jpg 300w, https:\/\/ffyh.unc.edu.ar\/ciffyh\/wp-content\/uploads\/sites\/10\/2023\/09\/foto-luque.jpg 490w\" sizes=\"(max-width: 300px) 100vw, 300px\" \/>Cecilia In\u00e9s Luque es Licenciada en Letras Modernas por la Facultad de Filosof\u00eda y Humanidades de la Universidad Nacional de C\u00f3rdoba en 1988 y Doctora en Literaturas y Ling\u00fc\u00edsticas Hisp\u00e1nicas y Luso-brasile\u00f1as en 1994 por la University of Minnesota, EE.UU.<\/p>\n<p>Es miembro del comit\u00e9 acad\u00e9mico del Doctorado en G\u00e9nero del Centro de Estudios Avanzados, FCS, de la Universidad Nacional de C\u00f3rdoba. Ha sido directora de los dos primeros n\u00fameros de la revista Pol\u00e9micas Feministas, y desde el tercer n\u00famero es miembro de su comit\u00e9 editorial.<\/p>\n<p>Ha dirigido proyectos de investigaci\u00f3n sobre g\u00e9nero y literatura desde 2008. Ha dirigido 7 tesistas de posgrado y 5 tesistas de grado, algunos de ellos con becas CONICET.<\/p>\n<p>Desde hace 26 a\u00f1os ejerce la docencia de grado y posgrado sobre literaturas latinoamericanas en la Facultad de Lenguas y en la Facultad de Filosof\u00eda y Humanidades de la UNC, con una perspectiva te\u00f3rica que a\u00fana los Estudios de G\u00e9nero, los Estudios Culturales y los Estudios Poscoloniales.<\/p>\n<p>Despu\u00e9s de 20 a\u00f1os dedicados exclusivamente al estudio de personajes femeninos, actualmente est\u00e1 poni\u00e9ndole cierre a una prolongada investigaci\u00f3n sobre c\u00f3mo las representaciones televisivas contempor\u00e1neas del h\u00e9roe \u00e9pico implican una cr\u00edtica de la masculinidad hegem\u00f3nica y posibilitan la representaci\u00f3n de masculinidades disidentes.<\/p>\n<p>Ha publicado 21 cap\u00edtulos de libros, 21 art\u00edculos, m\u00e1s de 70 presentaciones en congresos.<\/p>\n<p><strong>Publicaciones recientes<\/strong><\/p>\n<p>2022 \/ Afectos y de sujeci\u00f3n en la formaci\u00f3n de un rey. Arthur Pendragon en la serie Merlin. <em>\u00c9tica &amp; Cine, Vol. 12,\u00a0 No. 1, pp. 57-69<\/em> <a href=\"https:\/\/drive.google.com\/file\/d\/1xwSVGX7iTQWDShKkut1HKHAbe5lXpZLV\/view?usp=sharing\">https:\/\/drive.google.com\/file\/d\/1xwSVGX7iTQWDShKkut1HKHAbe5lXpZLV\/view?usp=sharing<\/a><\/p>\n<p>2022 \/ \u00bfC\u00f3mo leer una novela hist\u00f3rica? El caso de Rio de las Congojas. <em>Reflex\u00f5es sobre Literatura, Hist\u00f3ria e Sociedade. <\/em>F\u00e1bio Augusto Steyer (Org.). Ponta Grossa: Texto e Contexto <a href=\"https:\/\/drive.google.com\/file\/d\/1nRyfMFSPTzYCDX4uVwT3bFwOIMnxtFzB\/view?usp=sharing\">https:\/\/drive.google.com\/file\/d\/1nRyfMFSPTzYCDX4uVwT3bFwOIMnxtFzB\/view?usp=sharing<\/a><\/p>\n<p>2018 \/ A esposa que suga a vida sem pudor e o corno que morre para o mundo. \u00a0<em>Cadernos De Literatura Comparada, (39), 153\u2013165.<\/em> <a href=\"https:\/\/doi.org\/10.21747\/21832242\/litcomp39a10\">https:\/\/doi.org\/10.21747\/21832242\/litcomp39a10<\/a><\/p>\n<p>&nbsp;<\/p>\n","protected":false},"excerpt":{"rendered":"<p>Cecilia In\u00e9s Luque es Licenciada en Letras Modernas por la Facultad de Filosof\u00eda y Humanidades de la Universidad Nacional de<\/p>\n","protected":false},"author":39,"featured_media":0,"parent":0,"menu_order":0,"comment_status":"closed","ping_status":"closed","template":"","meta":{"_acf_changed":false,"colormag_page_container_layout":"default_layout","colormag_page_sidebar_layout":"default_layout","footnotes":""},"class_list":["post-6444","page","type-page","status-publish","hentry"],"acf":[],"yoast_head":"<!-- This site is optimized with the Yoast SEO plugin v27.1.1 - https:\/\/yoast.com\/product\/yoast-seo-wordpress\/ -->\n<title>Cecilia Luque - Centro de Investigaciones &quot;Maria Saleme de Burnichon&quot;<\/title>\n<meta name=\"robots\" content=\"index, follow, max-snippet:-1, max-image-preview:large, max-video-preview:-1\" \/>\n<link rel=\"canonical\" href=\"https:\/\/ffyh.unc.edu.ar\/ciffyh\/cecilia-luque\/\" \/>\n<meta property=\"og:locale\" content=\"es_ES\" \/>\n<meta property=\"og:type\" content=\"article\" \/>\n<meta property=\"og:title\" content=\"Cecilia Luque - Centro de Investigaciones &quot;Maria Saleme de Burnichon&quot;\" \/>\n<meta property=\"og:description\" content=\"Cecilia In\u00e9s Luque es Licenciada en Letras Modernas por la Facultad de Filosof\u00eda y Humanidades de la Universidad Nacional de\" \/>\n<meta property=\"og:url\" content=\"https:\/\/ffyh.unc.edu.ar\/ciffyh\/cecilia-luque\/\" \/>\n<meta property=\"og:site_name\" content=\"Centro de Investigaciones &quot;Maria Saleme de Burnichon&quot;\" \/>\n<meta property=\"og:image\" content=\"http:\/\/ffyh.unc.edu.ar\/ciffyh\/wp-content\/uploads\/sites\/10\/2023\/09\/foto-luque-300x291.jpg\" \/>\n<meta name=\"twitter:card\" content=\"summary_large_image\" \/>\n<meta name=\"twitter:label1\" content=\"Tiempo de lectura\" \/>\n\t<meta name=\"twitter:data1\" content=\"2 minutos\" \/>\n<script type=\"application\/ld+json\" class=\"yoast-schema-graph\">{\"@context\":\"https:\/\/schema.org\",\"@graph\":[{\"@type\":\"WebPage\",\"@id\":\"https:\/\/ffyh.unc.edu.ar\/ciffyh\/cecilia-luque\/\",\"url\":\"https:\/\/ffyh.unc.edu.ar\/ciffyh\/cecilia-luque\/\",\"name\":\"Cecilia Luque - Centro de Investigaciones &quot;Maria Saleme de Burnichon&quot;\",\"isPartOf\":{\"@id\":\"https:\/\/ffyh.unc.edu.ar\/ciffyh\/#website\"},\"primaryImageOfPage\":{\"@id\":\"https:\/\/ffyh.unc.edu.ar\/ciffyh\/cecilia-luque\/#primaryimage\"},\"image\":{\"@id\":\"https:\/\/ffyh.unc.edu.ar\/ciffyh\/cecilia-luque\/#primaryimage\"},\"thumbnailUrl\":\"http:\/\/ffyh.unc.edu.ar\/ciffyh\/wp-content\/uploads\/sites\/10\/2023\/09\/foto-luque-300x291.jpg\",\"datePublished\":\"2023-09-05T20:10:59+00:00\",\"breadcrumb\":{\"@id\":\"https:\/\/ffyh.unc.edu.ar\/ciffyh\/cecilia-luque\/#breadcrumb\"},\"inLanguage\":\"es\",\"potentialAction\":[{\"@type\":\"ReadAction\",\"target\":[\"https:\/\/ffyh.unc.edu.ar\/ciffyh\/cecilia-luque\/\"]}]},{\"@type\":\"ImageObject\",\"inLanguage\":\"es\",\"@id\":\"https:\/\/ffyh.unc.edu.ar\/ciffyh\/cecilia-luque\/#primaryimage\",\"url\":\"http:\/\/ffyh.unc.edu.ar\/ciffyh\/wp-content\/uploads\/sites\/10\/2023\/09\/foto-luque-300x291.jpg\",\"contentUrl\":\"http:\/\/ffyh.unc.edu.ar\/ciffyh\/wp-content\/uploads\/sites\/10\/2023\/09\/foto-luque-300x291.jpg\"},{\"@type\":\"BreadcrumbList\",\"@id\":\"https:\/\/ffyh.unc.edu.ar\/ciffyh\/cecilia-luque\/#breadcrumb\",\"itemListElement\":[{\"@type\":\"ListItem\",\"position\":1,\"name\":\"Portada\",\"item\":\"https:\/\/ffyh.unc.edu.ar\/ciffyh\/\"},{\"@type\":\"ListItem\",\"position\":2,\"name\":\"Cecilia Luque\"}]},{\"@type\":\"WebSite\",\"@id\":\"https:\/\/ffyh.unc.edu.ar\/ciffyh\/#website\",\"url\":\"https:\/\/ffyh.unc.edu.ar\/ciffyh\/\",\"name\":\"Centro de Investigaciones \\\"Maria Saleme de Burnichon\\\"\",\"description\":\"Facultad de Filosof\u00eda y Humanidades | UNC\",\"publisher\":{\"@id\":\"https:\/\/ffyh.unc.edu.ar\/ciffyh\/#organization\"},\"potentialAction\":[{\"@type\":\"SearchAction\",\"target\":{\"@type\":\"EntryPoint\",\"urlTemplate\":\"https:\/\/ffyh.unc.edu.ar\/ciffyh\/?s={search_term_string}\"},\"query-input\":{\"@type\":\"PropertyValueSpecification\",\"valueRequired\":true,\"valueName\":\"search_term_string\"}}],\"inLanguage\":\"es\"},{\"@type\":\"Organization\",\"@id\":\"https:\/\/ffyh.unc.edu.ar\/ciffyh\/#organization\",\"name\":\"Centro de Investigaciones \\\"Maria Saleme de Burnichon\\\"\",\"url\":\"https:\/\/ffyh.unc.edu.ar\/ciffyh\/\",\"logo\":{\"@type\":\"ImageObject\",\"inLanguage\":\"es\",\"@id\":\"https:\/\/ffyh.unc.edu.ar\/ciffyh\/#\/schema\/logo\/image\/\",\"url\":\"https:\/\/ffyh.unc.edu.ar\/ciffyh\/wp-content\/uploads\/sites\/10\/2018\/02\/cropped-logo-ciffyh-ico.png\",\"contentUrl\":\"https:\/\/ffyh.unc.edu.ar\/ciffyh\/wp-content\/uploads\/sites\/10\/2018\/02\/cropped-logo-ciffyh-ico.png\",\"width\":512,\"height\":512,\"caption\":\"Centro de Investigaciones \\\"Maria Saleme de Burnichon\\\"\"},\"image\":{\"@id\":\"https:\/\/ffyh.unc.edu.ar\/ciffyh\/#\/schema\/logo\/image\/\"},\"sameAs\":[\"https:\/\/www.instagram.com\/ciffyh\/\"]}]}<\/script>\n<!-- \/ Yoast SEO plugin. -->","yoast_head_json":{"title":"Cecilia Luque - Centro de Investigaciones &quot;Maria Saleme de Burnichon&quot;","robots":{"index":"index","follow":"follow","max-snippet":"max-snippet:-1","max-image-preview":"max-image-preview:large","max-video-preview":"max-video-preview:-1"},"canonical":"https:\/\/ffyh.unc.edu.ar\/ciffyh\/cecilia-luque\/","og_locale":"es_ES","og_type":"article","og_title":"Cecilia Luque - Centro de Investigaciones &quot;Maria Saleme de Burnichon&quot;","og_description":"Cecilia In\u00e9s Luque es Licenciada en Letras Modernas por la Facultad de Filosof\u00eda y Humanidades de la Universidad Nacional de","og_url":"https:\/\/ffyh.unc.edu.ar\/ciffyh\/cecilia-luque\/","og_site_name":"Centro de Investigaciones &quot;Maria Saleme de Burnichon&quot;","og_image":[{"url":"http:\/\/ffyh.unc.edu.ar\/ciffyh\/wp-content\/uploads\/sites\/10\/2023\/09\/foto-luque-300x291.jpg","type":"","width":"","height":""}],"twitter_card":"summary_large_image","twitter_misc":{"Tiempo de lectura":"2 minutos"},"schema":{"@context":"https:\/\/schema.org","@graph":[{"@type":"WebPage","@id":"https:\/\/ffyh.unc.edu.ar\/ciffyh\/cecilia-luque\/","url":"https:\/\/ffyh.unc.edu.ar\/ciffyh\/cecilia-luque\/","name":"Cecilia Luque - Centro de Investigaciones &quot;Maria Saleme de Burnichon&quot;","isPartOf":{"@id":"https:\/\/ffyh.unc.edu.ar\/ciffyh\/#website"},"primaryImageOfPage":{"@id":"https:\/\/ffyh.unc.edu.ar\/ciffyh\/cecilia-luque\/#primaryimage"},"image":{"@id":"https:\/\/ffyh.unc.edu.ar\/ciffyh\/cecilia-luque\/#primaryimage"},"thumbnailUrl":"http:\/\/ffyh.unc.edu.ar\/ciffyh\/wp-content\/uploads\/sites\/10\/2023\/09\/foto-luque-300x291.jpg","datePublished":"2023-09-05T20:10:59+00:00","breadcrumb":{"@id":"https:\/\/ffyh.unc.edu.ar\/ciffyh\/cecilia-luque\/#breadcrumb"},"inLanguage":"es","potentialAction":[{"@type":"ReadAction","target":["https:\/\/ffyh.unc.edu.ar\/ciffyh\/cecilia-luque\/"]}]},{"@type":"ImageObject","inLanguage":"es","@id":"https:\/\/ffyh.unc.edu.ar\/ciffyh\/cecilia-luque\/#primaryimage","url":"http:\/\/ffyh.unc.edu.ar\/ciffyh\/wp-content\/uploads\/sites\/10\/2023\/09\/foto-luque-300x291.jpg","contentUrl":"http:\/\/ffyh.unc.edu.ar\/ciffyh\/wp-content\/uploads\/sites\/10\/2023\/09\/foto-luque-300x291.jpg"},{"@type":"BreadcrumbList","@id":"https:\/\/ffyh.unc.edu.ar\/ciffyh\/cecilia-luque\/#breadcrumb","itemListElement":[{"@type":"ListItem","position":1,"name":"Portada","item":"https:\/\/ffyh.unc.edu.ar\/ciffyh\/"},{"@type":"ListItem","position":2,"name":"Cecilia Luque"}]},{"@type":"WebSite","@id":"https:\/\/ffyh.unc.edu.ar\/ciffyh\/#website","url":"https:\/\/ffyh.unc.edu.ar\/ciffyh\/","name":"Centro de Investigaciones \"Maria Saleme de Burnichon\"","description":"Facultad de Filosof\u00eda y Humanidades | UNC","publisher":{"@id":"https:\/\/ffyh.unc.edu.ar\/ciffyh\/#organization"},"potentialAction":[{"@type":"SearchAction","target":{"@type":"EntryPoint","urlTemplate":"https:\/\/ffyh.unc.edu.ar\/ciffyh\/?s={search_term_string}"},"query-input":{"@type":"PropertyValueSpecification","valueRequired":true,"valueName":"search_term_string"}}],"inLanguage":"es"},{"@type":"Organization","@id":"https:\/\/ffyh.unc.edu.ar\/ciffyh\/#organization","name":"Centro de Investigaciones \"Maria Saleme de Burnichon\"","url":"https:\/\/ffyh.unc.edu.ar\/ciffyh\/","logo":{"@type":"ImageObject","inLanguage":"es","@id":"https:\/\/ffyh.unc.edu.ar\/ciffyh\/#\/schema\/logo\/image\/","url":"https:\/\/ffyh.unc.edu.ar\/ciffyh\/wp-content\/uploads\/sites\/10\/2018\/02\/cropped-logo-ciffyh-ico.png","contentUrl":"https:\/\/ffyh.unc.edu.ar\/ciffyh\/wp-content\/uploads\/sites\/10\/2018\/02\/cropped-logo-ciffyh-ico.png","width":512,"height":512,"caption":"Centro de Investigaciones \"Maria Saleme de Burnichon\""},"image":{"@id":"https:\/\/ffyh.unc.edu.ar\/ciffyh\/#\/schema\/logo\/image\/"},"sameAs":["https:\/\/www.instagram.com\/ciffyh\/"]}]}},"_links":{"self":[{"href":"https:\/\/ffyh.unc.edu.ar\/ciffyh\/wp-json\/wp\/v2\/pages\/6444","targetHints":{"allow":["GET"]}}],"collection":[{"href":"https:\/\/ffyh.unc.edu.ar\/ciffyh\/wp-json\/wp\/v2\/pages"}],"about":[{"href":"https:\/\/ffyh.unc.edu.ar\/ciffyh\/wp-json\/wp\/v2\/types\/page"}],"author":[{"embeddable":true,"href":"https:\/\/ffyh.unc.edu.ar\/ciffyh\/wp-json\/wp\/v2\/users\/39"}],"replies":[{"embeddable":true,"href":"https:\/\/ffyh.unc.edu.ar\/ciffyh\/wp-json\/wp\/v2\/comments?post=6444"}],"version-history":[{"count":1,"href":"https:\/\/ffyh.unc.edu.ar\/ciffyh\/wp-json\/wp\/v2\/pages\/6444\/revisions"}],"predecessor-version":[{"id":6446,"href":"https:\/\/ffyh.unc.edu.ar\/ciffyh\/wp-json\/wp\/v2\/pages\/6444\/revisions\/6446"}],"wp:attachment":[{"href":"https:\/\/ffyh.unc.edu.ar\/ciffyh\/wp-json\/wp\/v2\/media?parent=6444"}],"curies":[{"name":"wp","href":"https:\/\/api.w.org\/{rel}","templated":true}]}}