{"id":6454,"date":"2023-09-05T20:36:06","date_gmt":"2023-09-05T20:36:06","guid":{"rendered":"https:\/\/ffyh.unc.edu.ar\/ciffyh\/?page_id=6454"},"modified":"2023-09-05T20:36:06","modified_gmt":"2023-09-05T20:36:06","slug":"daniel-saur","status":"publish","type":"page","link":"https:\/\/ffyh.unc.edu.ar\/ciffyh\/daniel-saur\/","title":{"rendered":"Daniel Saur"},"content":{"rendered":"<p><img fetchpriority=\"high\" decoding=\"async\" class=\"size-medium wp-image-6455 alignright\" src=\"http:\/\/ffyh.unc.edu.ar\/ciffyh\/wp-content\/uploads\/sites\/10\/2023\/09\/foto-saur-300x291.jpg\" alt=\"\" width=\"300\" height=\"291\" srcset=\"https:\/\/ffyh.unc.edu.ar\/ciffyh\/wp-content\/uploads\/sites\/10\/2023\/09\/foto-saur-300x291.jpg 300w, https:\/\/ffyh.unc.edu.ar\/ciffyh\/wp-content\/uploads\/sites\/10\/2023\/09\/foto-saur.jpg 490w\" sizes=\"(max-width: 300px) 100vw, 300px\" \/>Daniel Saur es Licenciado en Comunicaci\u00f3n Social y Mag\u00edster en Sociosemi\u00f3tica (CEA-UNC), Doctor en Ciencias en la Especialidad de Investigaciones Educativas (DIE-CINVESTAV, M\u00e9xico), Profesor regular de la Facultad de Comunicaci\u00f3n e Investigador del Centro de Investigaciones \u201cMar\u00eda Saleme de Burnich\u00f3n\u201d (UNC).<\/p>\n<p>Dirige el Proyecto de Investigaci\u00f3n titulado <em>Espacio p\u00fablico y vida en com\u00fan: reflexiones te\u00f3ricas<\/em>, <em>problem\u00e1ticas situadas y es <\/em>Coordinador de la C\u00e1tedra Libre Deodoro Roca (FFyH-UNC). Sus l\u00edneas de investigaci\u00f3n giran en torno a los debates te\u00f3ricos contempor\u00e1neos, a partir del Giro Ling\u00fc\u00edstico (Semiolog\u00eda y An\u00e1lisis Pol\u00edtico de Discurso) y Universidad y espacio p\u00fablico.<\/p>\n<p>Particip\u00f3 en un centenar de eventos acad\u00e9micos, nacionales e internacionales, como panelista y conferencista invitado y ha dictado m\u00e1s de cincuenta cursos, seminarios y conferencias de posgrado en Argentina, M\u00e9xico, Ecuador, Uruguay, Colombia y Espa\u00f1a.<\/p>\n<p>Public\u00f3 una docena de libros de autor\u00eda propia, compartida y coordinados, entre ellos: a) <em>Pol\u00edtica y afecto. Investigaciones educativas<\/em> (Plaza y Valdez, M\u00e9xico-2019); b) <em>La cocina de la investigaci\u00f3n. Reflexiones te\u00f3rico metodol\u00f3gicas<\/em> (Eduvim\u20132017); c) <em>Universidad Nacional de C\u00f3rdoba. Cuatrocientos a\u00f1os de historia<\/em>. Tomos I y II (Ed. UNC-2013).<\/p>\n<p>Obtuvo las siguientes becas: Movilidad a Medell\u00edn (AUIP-2018); Movilidad a Madrid (SPU-2017); Posdoctoral SECyT-UNC (2007-2008); Departamento de Investigaciones Educativas (CINVESTAV, M\u00e9xico); Doctoral SRE de M\u00e9xico (2004\u20132005); Intercambio de Grupos de Estudio (<em>Fundation Rotary International<\/em>-1997); Directorio de Asuntos Educativos y Culturales de EE.UU. (1982-1983).<\/p>\n<p><strong>Publicaciones recientes<\/strong><\/p>\n<p>2021 \/ Mediatizaci\u00f3n y subjetividad neoliberal. Reflexiones sobre complejizaci\u00f3n social y poder. <em>En La educaci\u00f3n y el conocimiento bajo el espectro del neoliberalismo en Am\u00e9rica Latina: <\/em><em>an\u00e1lisis para entender sus consecuencias sobre las pol\u00edticas, las instituciones y los <\/em><em>sujetos<\/em> (Ernesto Trevi\u00f1o Ronz\u00f3n, coord.). <a href=\"https:\/\/ri.conicet.gov.ar\/bitstream\/handle\/11336\/196637\/CONICET_Digital_Nro.956638b6-db90-40da-85b1-6da39e153ea9_L.pdf?sequence=5&amp;isAllowed=y\">https:\/\/ri.conicet.gov.ar\/bitstream\/handle\/11336\/196637\/CONICET_Digital_Nro.956638b6-db90-40da-85b1-6da39e153ea9_L.pdf?sequence=5&amp;isAllowed=y<\/a><\/p>\n<p>2021 \/ Capitalismo y pandemia. Notas sobre el tiempo por venir. <em>EscriVid 2020. Reflexiones y escrituras en torno a pandemia(s) y <\/em><em>asilamiento(s)<\/em> (Guadalupe Reinoso; Alicia Vaggione. comps.) &#8211; 1a ed.- C\u00f3rdoba: Universidad Nacional de C\u00f3rdoba. Facultad de Filosof\u00eda y Humanidades. <a href=\"https:\/\/ffyh.unc.edu.ar\/publicaciones\/tienda\/publicaciones-de-la-editorial-de-la-ffyh\/escrivid-2020-reflexiones-y-escrituras-en-torno-a-pandemias-y-asilamientos\/\">https:\/\/ffyh.unc.edu.ar\/publicaciones\/tienda\/publicaciones-de-la-editorial-de-la-ffyh\/escrivid-2020-reflexiones-y-escrituras-en-torno-a-pandemias-y-asilamientos\/<\/a><\/p>\n<p>2020\/ Educar en casa: notas sobre la excepcionalidad en educaci\u00f3n. La pandemia como precipitado. <em>En Comunidades epist\u00e9micas y generaci\u00f3n del conocimiento (Alma Rosa P\u00e9rez Trujillo, coord.). <\/em><a href=\"https:\/\/filosofia.buap.mx\/sites\/default\/files\/Libros%20electr%C3%B3nicos\/Educaci%C3%B3n\/Comunidades_epistemicas_.pdf\">https:\/\/filosofia.buap.mx\/sites\/default\/files\/Libros%20electr%C3%B3nicos\/Educaci%C3%B3n\/Comunidades_epistemicas_.pdf<\/a><\/p>\n<p>&nbsp;<\/p>\n<p>&nbsp;<\/p>\n","protected":false},"excerpt":{"rendered":"<p>Daniel Saur es Licenciado en Comunicaci\u00f3n Social y Mag\u00edster en Sociosemi\u00f3tica (CEA-UNC), Doctor en Ciencias en la Especialidad de Investigaciones<\/p>\n","protected":false},"author":39,"featured_media":0,"parent":0,"menu_order":0,"comment_status":"closed","ping_status":"closed","template":"","meta":{"_acf_changed":false,"saved_in_kubio":false,"colormag_page_container_layout":"default_layout","colormag_page_sidebar_layout":"default_layout","footnotes":""},"class_list":["post-6454","page","type-page","status-publish","hentry"],"acf":[],"kubio_ai_page_context":{"short_desc":"","purpose":"general"},"yoast_head":"<!-- This site is optimized with the Yoast SEO plugin v27.1.1 - https:\/\/yoast.com\/product\/yoast-seo-wordpress\/ -->\n<title>Daniel Saur - Centro de Investigaciones &quot;Maria Saleme de Burnichon&quot;<\/title>\n<meta name=\"robots\" content=\"index, follow, max-snippet:-1, max-image-preview:large, max-video-preview:-1\" \/>\n<link rel=\"canonical\" href=\"https:\/\/ffyh.unc.edu.ar\/ciffyh\/daniel-saur\/\" \/>\n<meta property=\"og:locale\" content=\"es_ES\" \/>\n<meta property=\"og:type\" content=\"article\" \/>\n<meta property=\"og:title\" content=\"Daniel Saur - Centro de Investigaciones &quot;Maria Saleme de Burnichon&quot;\" \/>\n<meta property=\"og:description\" content=\"Daniel Saur es Licenciado en Comunicaci\u00f3n Social y Mag\u00edster en Sociosemi\u00f3tica (CEA-UNC), Doctor en Ciencias en la Especialidad de Investigaciones\" \/>\n<meta property=\"og:url\" content=\"https:\/\/ffyh.unc.edu.ar\/ciffyh\/daniel-saur\/\" \/>\n<meta property=\"og:site_name\" content=\"Centro de Investigaciones &quot;Maria Saleme de Burnichon&quot;\" \/>\n<meta property=\"og:image\" content=\"http:\/\/ffyh.unc.edu.ar\/ciffyh\/wp-content\/uploads\/sites\/10\/2023\/09\/foto-saur-300x291.jpg\" \/>\n<meta name=\"twitter:card\" content=\"summary_large_image\" \/>\n<meta name=\"twitter:label1\" content=\"Tiempo de lectura\" \/>\n\t<meta name=\"twitter:data1\" content=\"2 minutos\" \/>\n<script type=\"application\/ld+json\" class=\"yoast-schema-graph\">{\"@context\":\"https:\/\/schema.org\",\"@graph\":[{\"@type\":\"WebPage\",\"@id\":\"https:\/\/ffyh.unc.edu.ar\/ciffyh\/daniel-saur\/\",\"url\":\"https:\/\/ffyh.unc.edu.ar\/ciffyh\/daniel-saur\/\",\"name\":\"Daniel Saur - Centro de Investigaciones &quot;Maria Saleme de Burnichon&quot;\",\"isPartOf\":{\"@id\":\"https:\/\/ffyh.unc.edu.ar\/ciffyh\/#website\"},\"primaryImageOfPage\":{\"@id\":\"https:\/\/ffyh.unc.edu.ar\/ciffyh\/daniel-saur\/#primaryimage\"},\"image\":{\"@id\":\"https:\/\/ffyh.unc.edu.ar\/ciffyh\/daniel-saur\/#primaryimage\"},\"thumbnailUrl\":\"http:\/\/ffyh.unc.edu.ar\/ciffyh\/wp-content\/uploads\/sites\/10\/2023\/09\/foto-saur-300x291.jpg\",\"datePublished\":\"2023-09-05T20:36:06+00:00\",\"breadcrumb\":{\"@id\":\"https:\/\/ffyh.unc.edu.ar\/ciffyh\/daniel-saur\/#breadcrumb\"},\"inLanguage\":\"es\",\"potentialAction\":[{\"@type\":\"ReadAction\",\"target\":[\"https:\/\/ffyh.unc.edu.ar\/ciffyh\/daniel-saur\/\"]}]},{\"@type\":\"ImageObject\",\"inLanguage\":\"es\",\"@id\":\"https:\/\/ffyh.unc.edu.ar\/ciffyh\/daniel-saur\/#primaryimage\",\"url\":\"http:\/\/ffyh.unc.edu.ar\/ciffyh\/wp-content\/uploads\/sites\/10\/2023\/09\/foto-saur-300x291.jpg\",\"contentUrl\":\"http:\/\/ffyh.unc.edu.ar\/ciffyh\/wp-content\/uploads\/sites\/10\/2023\/09\/foto-saur-300x291.jpg\"},{\"@type\":\"BreadcrumbList\",\"@id\":\"https:\/\/ffyh.unc.edu.ar\/ciffyh\/daniel-saur\/#breadcrumb\",\"itemListElement\":[{\"@type\":\"ListItem\",\"position\":1,\"name\":\"Portada\",\"item\":\"https:\/\/ffyh.unc.edu.ar\/ciffyh\/\"},{\"@type\":\"ListItem\",\"position\":2,\"name\":\"Daniel Saur\"}]},{\"@type\":\"WebSite\",\"@id\":\"https:\/\/ffyh.unc.edu.ar\/ciffyh\/#website\",\"url\":\"https:\/\/ffyh.unc.edu.ar\/ciffyh\/\",\"name\":\"Centro de Investigaciones \\\"Maria Saleme de Burnichon\\\"\",\"description\":\"Facultad de Filosof\u00eda y Humanidades | UNC\",\"publisher\":{\"@id\":\"https:\/\/ffyh.unc.edu.ar\/ciffyh\/#organization\"},\"potentialAction\":[{\"@type\":\"SearchAction\",\"target\":{\"@type\":\"EntryPoint\",\"urlTemplate\":\"https:\/\/ffyh.unc.edu.ar\/ciffyh\/?s={search_term_string}\"},\"query-input\":{\"@type\":\"PropertyValueSpecification\",\"valueRequired\":true,\"valueName\":\"search_term_string\"}}],\"inLanguage\":\"es\"},{\"@type\":\"Organization\",\"@id\":\"https:\/\/ffyh.unc.edu.ar\/ciffyh\/#organization\",\"name\":\"Centro de Investigaciones \\\"Maria Saleme de Burnichon\\\"\",\"url\":\"https:\/\/ffyh.unc.edu.ar\/ciffyh\/\",\"logo\":{\"@type\":\"ImageObject\",\"inLanguage\":\"es\",\"@id\":\"https:\/\/ffyh.unc.edu.ar\/ciffyh\/#\/schema\/logo\/image\/\",\"url\":\"https:\/\/ffyh.unc.edu.ar\/ciffyh\/wp-content\/uploads\/sites\/10\/2018\/02\/cropped-logo-ciffyh-ico.png\",\"contentUrl\":\"https:\/\/ffyh.unc.edu.ar\/ciffyh\/wp-content\/uploads\/sites\/10\/2018\/02\/cropped-logo-ciffyh-ico.png\",\"width\":512,\"height\":512,\"caption\":\"Centro de Investigaciones \\\"Maria Saleme de Burnichon\\\"\"},\"image\":{\"@id\":\"https:\/\/ffyh.unc.edu.ar\/ciffyh\/#\/schema\/logo\/image\/\"},\"sameAs\":[\"https:\/\/www.instagram.com\/ciffyh\/\"]}]}<\/script>\n<!-- \/ Yoast SEO plugin. -->","yoast_head_json":{"title":"Daniel Saur - Centro de Investigaciones &quot;Maria Saleme de Burnichon&quot;","robots":{"index":"index","follow":"follow","max-snippet":"max-snippet:-1","max-image-preview":"max-image-preview:large","max-video-preview":"max-video-preview:-1"},"canonical":"https:\/\/ffyh.unc.edu.ar\/ciffyh\/daniel-saur\/","og_locale":"es_ES","og_type":"article","og_title":"Daniel Saur - Centro de Investigaciones &quot;Maria Saleme de Burnichon&quot;","og_description":"Daniel Saur es Licenciado en Comunicaci\u00f3n Social y Mag\u00edster en Sociosemi\u00f3tica (CEA-UNC), Doctor en Ciencias en la Especialidad de Investigaciones","og_url":"https:\/\/ffyh.unc.edu.ar\/ciffyh\/daniel-saur\/","og_site_name":"Centro de Investigaciones &quot;Maria Saleme de Burnichon&quot;","og_image":[{"url":"http:\/\/ffyh.unc.edu.ar\/ciffyh\/wp-content\/uploads\/sites\/10\/2023\/09\/foto-saur-300x291.jpg","type":"","width":"","height":""}],"twitter_card":"summary_large_image","twitter_misc":{"Tiempo de lectura":"2 minutos"},"schema":{"@context":"https:\/\/schema.org","@graph":[{"@type":"WebPage","@id":"https:\/\/ffyh.unc.edu.ar\/ciffyh\/daniel-saur\/","url":"https:\/\/ffyh.unc.edu.ar\/ciffyh\/daniel-saur\/","name":"Daniel Saur - Centro de Investigaciones &quot;Maria Saleme de Burnichon&quot;","isPartOf":{"@id":"https:\/\/ffyh.unc.edu.ar\/ciffyh\/#website"},"primaryImageOfPage":{"@id":"https:\/\/ffyh.unc.edu.ar\/ciffyh\/daniel-saur\/#primaryimage"},"image":{"@id":"https:\/\/ffyh.unc.edu.ar\/ciffyh\/daniel-saur\/#primaryimage"},"thumbnailUrl":"http:\/\/ffyh.unc.edu.ar\/ciffyh\/wp-content\/uploads\/sites\/10\/2023\/09\/foto-saur-300x291.jpg","datePublished":"2023-09-05T20:36:06+00:00","breadcrumb":{"@id":"https:\/\/ffyh.unc.edu.ar\/ciffyh\/daniel-saur\/#breadcrumb"},"inLanguage":"es","potentialAction":[{"@type":"ReadAction","target":["https:\/\/ffyh.unc.edu.ar\/ciffyh\/daniel-saur\/"]}]},{"@type":"ImageObject","inLanguage":"es","@id":"https:\/\/ffyh.unc.edu.ar\/ciffyh\/daniel-saur\/#primaryimage","url":"http:\/\/ffyh.unc.edu.ar\/ciffyh\/wp-content\/uploads\/sites\/10\/2023\/09\/foto-saur-300x291.jpg","contentUrl":"http:\/\/ffyh.unc.edu.ar\/ciffyh\/wp-content\/uploads\/sites\/10\/2023\/09\/foto-saur-300x291.jpg"},{"@type":"BreadcrumbList","@id":"https:\/\/ffyh.unc.edu.ar\/ciffyh\/daniel-saur\/#breadcrumb","itemListElement":[{"@type":"ListItem","position":1,"name":"Portada","item":"https:\/\/ffyh.unc.edu.ar\/ciffyh\/"},{"@type":"ListItem","position":2,"name":"Daniel Saur"}]},{"@type":"WebSite","@id":"https:\/\/ffyh.unc.edu.ar\/ciffyh\/#website","url":"https:\/\/ffyh.unc.edu.ar\/ciffyh\/","name":"Centro de Investigaciones \"Maria Saleme de Burnichon\"","description":"Facultad de Filosof\u00eda y Humanidades | UNC","publisher":{"@id":"https:\/\/ffyh.unc.edu.ar\/ciffyh\/#organization"},"potentialAction":[{"@type":"SearchAction","target":{"@type":"EntryPoint","urlTemplate":"https:\/\/ffyh.unc.edu.ar\/ciffyh\/?s={search_term_string}"},"query-input":{"@type":"PropertyValueSpecification","valueRequired":true,"valueName":"search_term_string"}}],"inLanguage":"es"},{"@type":"Organization","@id":"https:\/\/ffyh.unc.edu.ar\/ciffyh\/#organization","name":"Centro de Investigaciones \"Maria Saleme de Burnichon\"","url":"https:\/\/ffyh.unc.edu.ar\/ciffyh\/","logo":{"@type":"ImageObject","inLanguage":"es","@id":"https:\/\/ffyh.unc.edu.ar\/ciffyh\/#\/schema\/logo\/image\/","url":"https:\/\/ffyh.unc.edu.ar\/ciffyh\/wp-content\/uploads\/sites\/10\/2018\/02\/cropped-logo-ciffyh-ico.png","contentUrl":"https:\/\/ffyh.unc.edu.ar\/ciffyh\/wp-content\/uploads\/sites\/10\/2018\/02\/cropped-logo-ciffyh-ico.png","width":512,"height":512,"caption":"Centro de Investigaciones \"Maria Saleme de Burnichon\""},"image":{"@id":"https:\/\/ffyh.unc.edu.ar\/ciffyh\/#\/schema\/logo\/image\/"},"sameAs":["https:\/\/www.instagram.com\/ciffyh\/"]}]}},"_links":{"self":[{"href":"https:\/\/ffyh.unc.edu.ar\/ciffyh\/wp-json\/wp\/v2\/pages\/6454","targetHints":{"allow":["GET"]}}],"collection":[{"href":"https:\/\/ffyh.unc.edu.ar\/ciffyh\/wp-json\/wp\/v2\/pages"}],"about":[{"href":"https:\/\/ffyh.unc.edu.ar\/ciffyh\/wp-json\/wp\/v2\/types\/page"}],"author":[{"embeddable":true,"href":"https:\/\/ffyh.unc.edu.ar\/ciffyh\/wp-json\/wp\/v2\/users\/39"}],"replies":[{"embeddable":true,"href":"https:\/\/ffyh.unc.edu.ar\/ciffyh\/wp-json\/wp\/v2\/comments?post=6454"}],"version-history":[{"count":1,"href":"https:\/\/ffyh.unc.edu.ar\/ciffyh\/wp-json\/wp\/v2\/pages\/6454\/revisions"}],"predecessor-version":[{"id":6456,"href":"https:\/\/ffyh.unc.edu.ar\/ciffyh\/wp-json\/wp\/v2\/pages\/6454\/revisions\/6456"}],"wp:attachment":[{"href":"https:\/\/ffyh.unc.edu.ar\/ciffyh\/wp-json\/wp\/v2\/media?parent=6454"}],"curies":[{"name":"wp","href":"https:\/\/api.w.org\/{rel}","templated":true}]}}