{"id":6457,"date":"2023-09-05T20:46:29","date_gmt":"2023-09-05T20:46:29","guid":{"rendered":"https:\/\/ffyh.unc.edu.ar\/ciffyh\/?page_id=6457"},"modified":"2023-09-05T20:46:29","modified_gmt":"2023-09-05T20:46:29","slug":"andrea-seri","status":"publish","type":"page","link":"https:\/\/ffyh.unc.edu.ar\/ciffyh\/andrea-seri\/","title":{"rendered":"Andrea Seri"},"content":{"rendered":"<p>Andrea del Rosario Seri es Profesora Adjunta por concurso de Historia Antigua General e Investigadora interina del CIFFyH en la UNC; Doctora en Estudios del Cercano Oriente Antiguo (especializaci\u00f3n en Asiriolog\u00eda) por la Universidad de Michigan en Ann Arbor; Master en Estudios de Asia y \u00c1frica (especializaci\u00f3n en Medio Oriente y Norte de \u00c1frica) por el Colegio de M\u00e9xico y Licenciada y Profesora de Historia por la Universidad Nacional de Rosario.<\/p>\n<p>Ha dictado cursos de grado y posgrado sobre Historia de la Mesopotamia antigua, lengua acadia y escritura cuneiforme en la Universidad de Harvard (2006-2008) y en la Universidad de Chicago (2008-2013) y se desempe\u00f1\u00f3 como investigadora del Oriental Institute de la Universidad de Chicago (2008-2013).<\/p>\n<p>Es autora de los libros \u00abLocal Power in Old Babylonian Mesopotamia\u00bb (Londres 2005, segunda edici\u00f3n 2006), \u00abThe House of Prisoners: Slavery and State in Uruk during the Revolts against Samsu-iluna\u00bb (Boston-Berlin 2013), y ha co-editado con C. Faraone Imagined Beginnings: \u00abAncient Cosmogonies, Theogonies and Anthropogonies in the Eastern Mediterranean\u00bb (Leiden 2012).<\/p>\n<p>Publica art\u00edculos especializados en revistas nacionales e internacionales. Es evaluadora y revisora de libros y publicaciones peri\u00f3dicas internacionales. Directora de Proyectos de Investigaci\u00f3n (Consolidad) de la Secretar\u00eda de Ciencia y T\u00e9cnica de la Universidad Nacional de C\u00f3rdoba.<\/p>\n<p><strong>Publicaciones recientes<\/strong><\/p>\n<p>2023 \/ Desigualdad y justicia. Colecciones de leyes y litigios del per\u00edodo paleobabil\u00f3nico. <em>En Desigualdades antiguas <\/em><em>Econom\u00eda, cultura y sociedad <\/em><em>en el Oriente Medio y el Mediterr\u00e1neo. <\/em><a href=\"https:\/\/drive.google.com\/file\/d\/1uKZe1-rWIwqIZwkZC6Y87AUgG4eClMdn\/view?usp=sharing\">https:\/\/drive.google.com\/file\/d\/1uKZe1-rWIwqIZwkZC6Y87AUgG4eClMdn\/view?usp=sharing<\/a><\/p>\n<p>2022 \/Cuneiform Texts in the Collection of the Jean and Alexander Heard Divinity Library, Vanderbilt University. <em>Cuneiform Digital Library Journal. <\/em><a href=\"https:\/\/cdli.mpiwg-berlin.mpg.de\/articles\/cdlj\/2022-2\">https:\/\/cdli.mpiwg-berlin.mpg.de\/articles\/cdlj\/2022-2<\/a><\/p>\n<p>2020 \/ Visiones abarcadoras del pasado en la Mesopotamia antigua: el problem\u00e1tico equilibrio entre lo m\u00edtico y lo hist\u00f3rico. <em>Revista Del Instituto De Historia Antigua Oriental, (21), 5-25.<\/em> <a href=\"https:\/\/doi.org\/10.34096\/rihao.n21.8649\">https:\/\/doi.org\/10.34096\/rihao.n21.8649<\/a><\/p>\n<p>&nbsp;<\/p>\n","protected":false},"excerpt":{"rendered":"<p>Andrea del Rosario Seri es Profesora Adjunta por concurso de Historia Antigua General e Investigadora interina del CIFFyH en la<\/p>\n","protected":false},"author":39,"featured_media":0,"parent":0,"menu_order":0,"comment_status":"closed","ping_status":"closed","template":"","meta":{"_acf_changed":false,"colormag_page_container_layout":"default_layout","colormag_page_sidebar_layout":"default_layout","footnotes":""},"class_list":["post-6457","page","type-page","status-publish","hentry"],"acf":[],"yoast_head":"<!-- This site is optimized with the Yoast SEO plugin v27.1.1 - https:\/\/yoast.com\/product\/yoast-seo-wordpress\/ -->\n<title>Andrea Seri - Centro de Investigaciones &quot;Maria Saleme de Burnichon&quot;<\/title>\n<meta name=\"robots\" content=\"index, follow, max-snippet:-1, max-image-preview:large, max-video-preview:-1\" \/>\n<link rel=\"canonical\" href=\"https:\/\/ffyh.unc.edu.ar\/ciffyh\/andrea-seri\/\" \/>\n<meta property=\"og:locale\" content=\"es_ES\" \/>\n<meta property=\"og:type\" content=\"article\" \/>\n<meta property=\"og:title\" content=\"Andrea Seri - Centro de Investigaciones &quot;Maria Saleme de Burnichon&quot;\" \/>\n<meta property=\"og:description\" content=\"Andrea del Rosario Seri es Profesora Adjunta por concurso de Historia Antigua General e Investigadora interina del CIFFyH en la\" \/>\n<meta property=\"og:url\" content=\"https:\/\/ffyh.unc.edu.ar\/ciffyh\/andrea-seri\/\" \/>\n<meta property=\"og:site_name\" content=\"Centro de Investigaciones &quot;Maria Saleme de Burnichon&quot;\" \/>\n<meta name=\"twitter:card\" content=\"summary_large_image\" \/>\n<meta name=\"twitter:label1\" content=\"Tiempo de lectura\" \/>\n\t<meta name=\"twitter:data1\" content=\"2 minutos\" \/>\n<script type=\"application\/ld+json\" class=\"yoast-schema-graph\">{\"@context\":\"https:\/\/schema.org\",\"@graph\":[{\"@type\":\"WebPage\",\"@id\":\"https:\/\/ffyh.unc.edu.ar\/ciffyh\/andrea-seri\/\",\"url\":\"https:\/\/ffyh.unc.edu.ar\/ciffyh\/andrea-seri\/\",\"name\":\"Andrea Seri - Centro de Investigaciones &quot;Maria Saleme de Burnichon&quot;\",\"isPartOf\":{\"@id\":\"https:\/\/ffyh.unc.edu.ar\/ciffyh\/#website\"},\"datePublished\":\"2023-09-05T20:46:29+00:00\",\"breadcrumb\":{\"@id\":\"https:\/\/ffyh.unc.edu.ar\/ciffyh\/andrea-seri\/#breadcrumb\"},\"inLanguage\":\"es\",\"potentialAction\":[{\"@type\":\"ReadAction\",\"target\":[\"https:\/\/ffyh.unc.edu.ar\/ciffyh\/andrea-seri\/\"]}]},{\"@type\":\"BreadcrumbList\",\"@id\":\"https:\/\/ffyh.unc.edu.ar\/ciffyh\/andrea-seri\/#breadcrumb\",\"itemListElement\":[{\"@type\":\"ListItem\",\"position\":1,\"name\":\"Portada\",\"item\":\"https:\/\/ffyh.unc.edu.ar\/ciffyh\/\"},{\"@type\":\"ListItem\",\"position\":2,\"name\":\"Andrea Seri\"}]},{\"@type\":\"WebSite\",\"@id\":\"https:\/\/ffyh.unc.edu.ar\/ciffyh\/#website\",\"url\":\"https:\/\/ffyh.unc.edu.ar\/ciffyh\/\",\"name\":\"Centro de Investigaciones \\\"Maria Saleme de Burnichon\\\"\",\"description\":\"Facultad de Filosof\u00eda y Humanidades | UNC\",\"publisher\":{\"@id\":\"https:\/\/ffyh.unc.edu.ar\/ciffyh\/#organization\"},\"potentialAction\":[{\"@type\":\"SearchAction\",\"target\":{\"@type\":\"EntryPoint\",\"urlTemplate\":\"https:\/\/ffyh.unc.edu.ar\/ciffyh\/?s={search_term_string}\"},\"query-input\":{\"@type\":\"PropertyValueSpecification\",\"valueRequired\":true,\"valueName\":\"search_term_string\"}}],\"inLanguage\":\"es\"},{\"@type\":\"Organization\",\"@id\":\"https:\/\/ffyh.unc.edu.ar\/ciffyh\/#organization\",\"name\":\"Centro de Investigaciones \\\"Maria Saleme de Burnichon\\\"\",\"url\":\"https:\/\/ffyh.unc.edu.ar\/ciffyh\/\",\"logo\":{\"@type\":\"ImageObject\",\"inLanguage\":\"es\",\"@id\":\"https:\/\/ffyh.unc.edu.ar\/ciffyh\/#\/schema\/logo\/image\/\",\"url\":\"https:\/\/ffyh.unc.edu.ar\/ciffyh\/wp-content\/uploads\/sites\/10\/2018\/02\/cropped-logo-ciffyh-ico.png\",\"contentUrl\":\"https:\/\/ffyh.unc.edu.ar\/ciffyh\/wp-content\/uploads\/sites\/10\/2018\/02\/cropped-logo-ciffyh-ico.png\",\"width\":512,\"height\":512,\"caption\":\"Centro de Investigaciones \\\"Maria Saleme de Burnichon\\\"\"},\"image\":{\"@id\":\"https:\/\/ffyh.unc.edu.ar\/ciffyh\/#\/schema\/logo\/image\/\"},\"sameAs\":[\"https:\/\/www.instagram.com\/ciffyh\/\"]}]}<\/script>\n<!-- \/ Yoast SEO plugin. -->","yoast_head_json":{"title":"Andrea Seri - Centro de Investigaciones &quot;Maria Saleme de Burnichon&quot;","robots":{"index":"index","follow":"follow","max-snippet":"max-snippet:-1","max-image-preview":"max-image-preview:large","max-video-preview":"max-video-preview:-1"},"canonical":"https:\/\/ffyh.unc.edu.ar\/ciffyh\/andrea-seri\/","og_locale":"es_ES","og_type":"article","og_title":"Andrea Seri - Centro de Investigaciones &quot;Maria Saleme de Burnichon&quot;","og_description":"Andrea del Rosario Seri es Profesora Adjunta por concurso de Historia Antigua General e Investigadora interina del CIFFyH en la","og_url":"https:\/\/ffyh.unc.edu.ar\/ciffyh\/andrea-seri\/","og_site_name":"Centro de Investigaciones &quot;Maria Saleme de Burnichon&quot;","twitter_card":"summary_large_image","twitter_misc":{"Tiempo de lectura":"2 minutos"},"schema":{"@context":"https:\/\/schema.org","@graph":[{"@type":"WebPage","@id":"https:\/\/ffyh.unc.edu.ar\/ciffyh\/andrea-seri\/","url":"https:\/\/ffyh.unc.edu.ar\/ciffyh\/andrea-seri\/","name":"Andrea Seri - Centro de Investigaciones &quot;Maria Saleme de Burnichon&quot;","isPartOf":{"@id":"https:\/\/ffyh.unc.edu.ar\/ciffyh\/#website"},"datePublished":"2023-09-05T20:46:29+00:00","breadcrumb":{"@id":"https:\/\/ffyh.unc.edu.ar\/ciffyh\/andrea-seri\/#breadcrumb"},"inLanguage":"es","potentialAction":[{"@type":"ReadAction","target":["https:\/\/ffyh.unc.edu.ar\/ciffyh\/andrea-seri\/"]}]},{"@type":"BreadcrumbList","@id":"https:\/\/ffyh.unc.edu.ar\/ciffyh\/andrea-seri\/#breadcrumb","itemListElement":[{"@type":"ListItem","position":1,"name":"Portada","item":"https:\/\/ffyh.unc.edu.ar\/ciffyh\/"},{"@type":"ListItem","position":2,"name":"Andrea Seri"}]},{"@type":"WebSite","@id":"https:\/\/ffyh.unc.edu.ar\/ciffyh\/#website","url":"https:\/\/ffyh.unc.edu.ar\/ciffyh\/","name":"Centro de Investigaciones \"Maria Saleme de Burnichon\"","description":"Facultad de Filosof\u00eda y Humanidades | UNC","publisher":{"@id":"https:\/\/ffyh.unc.edu.ar\/ciffyh\/#organization"},"potentialAction":[{"@type":"SearchAction","target":{"@type":"EntryPoint","urlTemplate":"https:\/\/ffyh.unc.edu.ar\/ciffyh\/?s={search_term_string}"},"query-input":{"@type":"PropertyValueSpecification","valueRequired":true,"valueName":"search_term_string"}}],"inLanguage":"es"},{"@type":"Organization","@id":"https:\/\/ffyh.unc.edu.ar\/ciffyh\/#organization","name":"Centro de Investigaciones \"Maria Saleme de Burnichon\"","url":"https:\/\/ffyh.unc.edu.ar\/ciffyh\/","logo":{"@type":"ImageObject","inLanguage":"es","@id":"https:\/\/ffyh.unc.edu.ar\/ciffyh\/#\/schema\/logo\/image\/","url":"https:\/\/ffyh.unc.edu.ar\/ciffyh\/wp-content\/uploads\/sites\/10\/2018\/02\/cropped-logo-ciffyh-ico.png","contentUrl":"https:\/\/ffyh.unc.edu.ar\/ciffyh\/wp-content\/uploads\/sites\/10\/2018\/02\/cropped-logo-ciffyh-ico.png","width":512,"height":512,"caption":"Centro de Investigaciones \"Maria Saleme de Burnichon\""},"image":{"@id":"https:\/\/ffyh.unc.edu.ar\/ciffyh\/#\/schema\/logo\/image\/"},"sameAs":["https:\/\/www.instagram.com\/ciffyh\/"]}]}},"_links":{"self":[{"href":"https:\/\/ffyh.unc.edu.ar\/ciffyh\/wp-json\/wp\/v2\/pages\/6457","targetHints":{"allow":["GET"]}}],"collection":[{"href":"https:\/\/ffyh.unc.edu.ar\/ciffyh\/wp-json\/wp\/v2\/pages"}],"about":[{"href":"https:\/\/ffyh.unc.edu.ar\/ciffyh\/wp-json\/wp\/v2\/types\/page"}],"author":[{"embeddable":true,"href":"https:\/\/ffyh.unc.edu.ar\/ciffyh\/wp-json\/wp\/v2\/users\/39"}],"replies":[{"embeddable":true,"href":"https:\/\/ffyh.unc.edu.ar\/ciffyh\/wp-json\/wp\/v2\/comments?post=6457"}],"version-history":[{"count":1,"href":"https:\/\/ffyh.unc.edu.ar\/ciffyh\/wp-json\/wp\/v2\/pages\/6457\/revisions"}],"predecessor-version":[{"id":6458,"href":"https:\/\/ffyh.unc.edu.ar\/ciffyh\/wp-json\/wp\/v2\/pages\/6457\/revisions\/6458"}],"wp:attachment":[{"href":"https:\/\/ffyh.unc.edu.ar\/ciffyh\/wp-json\/wp\/v2\/media?parent=6457"}],"curies":[{"name":"wp","href":"https:\/\/api.w.org\/{rel}","templated":true}]}}