{"id":6476,"date":"2023-09-06T19:50:35","date_gmt":"2023-09-06T19:50:35","guid":{"rendered":"https:\/\/ffyh.unc.edu.ar\/ciffyh\/?page_id=6476"},"modified":"2023-09-06T19:50:35","modified_gmt":"2023-09-06T19:50:35","slug":"mariana-tosolini","status":"publish","type":"page","link":"https:\/\/ffyh.unc.edu.ar\/ciffyh\/mariana-tosolini\/","title":{"rendered":"Mariana Tosolini"},"content":{"rendered":"<p><img fetchpriority=\"high\" decoding=\"async\" class=\"size-medium wp-image-6477 alignright\" src=\"http:\/\/ffyh.unc.edu.ar\/ciffyh\/wp-content\/uploads\/sites\/10\/2023\/09\/foto-tosolini-300x298.jpg\" alt=\"\" width=\"300\" height=\"298\" srcset=\"https:\/\/ffyh.unc.edu.ar\/ciffyh\/wp-content\/uploads\/sites\/10\/2023\/09\/foto-tosolini-300x298.jpg 300w, https:\/\/ffyh.unc.edu.ar\/ciffyh\/wp-content\/uploads\/sites\/10\/2023\/09\/foto-tosolini-150x150.jpg 150w, https:\/\/ffyh.unc.edu.ar\/ciffyh\/wp-content\/uploads\/sites\/10\/2023\/09\/foto-tosolini.jpg 502w\" sizes=\"(max-width: 300px) 100vw, 300px\" \/>Mariana Alejandra Tosolini es Doctora en Estudios Sociales de Am\u00e9rica Latina, Profesora y Licenciada en Ciencias de la Educaci\u00f3n, Docente en la Maestr\u00eda en Ense\u00f1anza en Escenarios Digitales y en el Doctorado en Educaci\u00f3n de J\u00f3venes y Adultos de la Universidad Nacional de Chilecito. Tambi\u00e9n se desempe\u00f1a como Profesora Adjunta del Dpto. de Educaci\u00f3n y Salud. UNDeC, como Profesora asistente en la C\u00e1tedra Historia Social de la Educaci\u00f3n (FFyH. UNC).<\/p>\n<p>Actualmente dirige el proyecto internacional \u00abLa memoria de las cosas y de las pr\u00e1cticas: la cultura material escolar y la vida cotidiana en la escuela iberoamericana\u201d, co-dirigido por la Dra. Camila P\u00e9rez Navarro. En este proyecto participan docentes de universidades de Chile, Colombia, Paraguay, Brasil y Espa\u00f1a.<\/p>\n<p>Paralelamente, la Dra. Tosolini es Co-directora del Proyecto \u201cPr\u00e1cticas educativas con j\u00f3venes y adultos: pol\u00edticas, sujetos y conocimientos\u201d (SECyT \u2013 UNC) cuya directora es la Dra. Mar\u00eda del Carmen Lorenzatti; es miembro responsable del Proyecto \u00abEducaci\u00f3n de j\u00f3venes y adultos. Nudos cr\u00edticos para su abordaje en contextos de pandemia (FFyH\/UNC, PICT 3648\/2022) y Co-directora del proyecto de investigaci\u00f3n: \u201cLa configuraci\u00f3n del sistema educativo cordob\u00e9s entre 1920-1974\u201d dirigido por el Mgter. Gonzalo Guti\u00e9rrez.\u00a0 Adem\u00e1s es integrante del Comit\u00e9 de \u00c9tica en Investigaci\u00f3n de la Facultad de Filosof\u00eda y Humanidades UNC.<\/p>\n<p><strong>Publicaciones recientes<\/strong><\/p>\n<p>2021 \/ (en co-autor\u00eda con Maria del Carmen Lorenzatti). La pedagog\u00eda de Freire y los nuevos estudios de literacidad: leer y escribir como pr\u00e1ctica social. <em>Revista Internacional de Educa\u00e7\u00e3o de Jovens e Adultos, v. 04, n. 07, p. 50-62, jan.\/jun. 2021.\u00a0<\/em><a href=\"https:\/\/drive.google.com\/file\/d\/19llSdK3_8hphjk4Tnar7d0H9B1C4Yk03\/view?usp=sharing\">https:\/\/drive.google.com\/file\/d\/19llSdK3_8hphjk4Tnar7d0H9B1C4Yk03\/view?usp=sharing<\/a><\/p>\n<p>2021 \/ (en co-autor\u00eda con Alexander Aldana Bautista). Fragmentos de la memoria escolar: el pasado-presente de la escuela argentina y colombiana en algunas fotograf\u00edas. <em>Anuario de Historia de la Educaci\u00f3n, N\u2014 Vol. 22 &#8211; N.\u00b0 2 &#8211; pp.<\/em> 1-2. <a href=\"https:\/\/drive.google.com\/file\/d\/1YkRhomH-icCxRojW_2UfAM7F3uAZs8BS\/view?usp=sharing\">https:\/\/drive.google.com\/file\/d\/1YkRhomH-icCxRojW_2UfAM7F3uAZs8BS\/view?usp=sharing<\/a><\/p>\n<p>2019 \/ (en co-autor\u00eda con Camila P\u00e9rez Navarro). Apropiaciones y adaptaciones de la pedagog\u00eda de<br \/>\nPaulo Freire en las iniciativas de educaci\u00f3n de adultos en Chile y Argentina (1965-1975). \u2014<em>Anuario de Historia de la Educaci\u00f3n<\/em>\u2014 Vol. 20 &#8211; N.\u00b0 2 &#8211; pp. 111-128. <a href=\"https:\/\/drive.google.com\/file\/d\/1v6V04nw_eoc-z5viVvvJdB70fxsH3SLW\/view?usp=sharing\">https:\/\/drive.google.com\/file\/d\/1v6V04nw_eoc-z5viVvvJdB70fxsH3SLW\/view?usp=sharing<\/a><\/p>\n<p>2018 \/ <em>No era solo una campa\u00f1a de alfabetizaci\u00f3n. Las huellas de la CREAR en C\u00f3rdoba.<\/em>1a ed adaptada.-C\u00f3rdoba: Centro de Estudios Avanzados. <a href=\"https:\/\/drive.google.com\/file\/d\/1yiye7LgAGBQRqFpxNWERUdO8B4cSdz8t\/view?usp=sharing\">https:\/\/drive.google.com\/file\/d\/1yiye7LgAGBQRqFpxNWERUdO8B4cSdz8t\/view?usp=sharing<\/a><\/p>\n","protected":false},"excerpt":{"rendered":"<p>Mariana Alejandra Tosolini es Doctora en Estudios Sociales de Am\u00e9rica Latina, Profesora y Licenciada en Ciencias de la Educaci\u00f3n, Docente<\/p>\n","protected":false},"author":39,"featured_media":0,"parent":0,"menu_order":0,"comment_status":"closed","ping_status":"closed","template":"","meta":{"_acf_changed":false,"colormag_page_container_layout":"default_layout","colormag_page_sidebar_layout":"default_layout","footnotes":""},"class_list":["post-6476","page","type-page","status-publish","hentry"],"acf":[],"yoast_head":"<!-- This site is optimized with the Yoast SEO plugin v27.1.1 - https:\/\/yoast.com\/product\/yoast-seo-wordpress\/ -->\n<title>Mariana Tosolini - Centro de Investigaciones &quot;Maria Saleme de Burnichon&quot;<\/title>\n<meta name=\"robots\" content=\"index, follow, max-snippet:-1, max-image-preview:large, max-video-preview:-1\" \/>\n<link rel=\"canonical\" href=\"https:\/\/ffyh.unc.edu.ar\/ciffyh\/mariana-tosolini\/\" \/>\n<meta property=\"og:locale\" content=\"es_ES\" \/>\n<meta property=\"og:type\" content=\"article\" \/>\n<meta property=\"og:title\" content=\"Mariana Tosolini - Centro de Investigaciones &quot;Maria Saleme de Burnichon&quot;\" \/>\n<meta property=\"og:description\" content=\"Mariana Alejandra Tosolini es Doctora en Estudios Sociales de Am\u00e9rica Latina, Profesora y Licenciada en Ciencias de la Educaci\u00f3n, Docente\" \/>\n<meta property=\"og:url\" content=\"https:\/\/ffyh.unc.edu.ar\/ciffyh\/mariana-tosolini\/\" \/>\n<meta property=\"og:site_name\" content=\"Centro de Investigaciones &quot;Maria Saleme de Burnichon&quot;\" \/>\n<meta property=\"og:image\" content=\"http:\/\/ffyh.unc.edu.ar\/ciffyh\/wp-content\/uploads\/sites\/10\/2023\/09\/foto-tosolini-300x298.jpg\" \/>\n<meta name=\"twitter:card\" content=\"summary_large_image\" \/>\n<meta name=\"twitter:label1\" content=\"Tiempo de lectura\" \/>\n\t<meta name=\"twitter:data1\" content=\"2 minutos\" \/>\n<script type=\"application\/ld+json\" class=\"yoast-schema-graph\">{\"@context\":\"https:\/\/schema.org\",\"@graph\":[{\"@type\":\"WebPage\",\"@id\":\"https:\/\/ffyh.unc.edu.ar\/ciffyh\/mariana-tosolini\/\",\"url\":\"https:\/\/ffyh.unc.edu.ar\/ciffyh\/mariana-tosolini\/\",\"name\":\"Mariana Tosolini - Centro de Investigaciones &quot;Maria Saleme de Burnichon&quot;\",\"isPartOf\":{\"@id\":\"https:\/\/ffyh.unc.edu.ar\/ciffyh\/#website\"},\"primaryImageOfPage\":{\"@id\":\"https:\/\/ffyh.unc.edu.ar\/ciffyh\/mariana-tosolini\/#primaryimage\"},\"image\":{\"@id\":\"https:\/\/ffyh.unc.edu.ar\/ciffyh\/mariana-tosolini\/#primaryimage\"},\"thumbnailUrl\":\"http:\/\/ffyh.unc.edu.ar\/ciffyh\/wp-content\/uploads\/sites\/10\/2023\/09\/foto-tosolini-300x298.jpg\",\"datePublished\":\"2023-09-06T19:50:35+00:00\",\"breadcrumb\":{\"@id\":\"https:\/\/ffyh.unc.edu.ar\/ciffyh\/mariana-tosolini\/#breadcrumb\"},\"inLanguage\":\"es\",\"potentialAction\":[{\"@type\":\"ReadAction\",\"target\":[\"https:\/\/ffyh.unc.edu.ar\/ciffyh\/mariana-tosolini\/\"]}]},{\"@type\":\"ImageObject\",\"inLanguage\":\"es\",\"@id\":\"https:\/\/ffyh.unc.edu.ar\/ciffyh\/mariana-tosolini\/#primaryimage\",\"url\":\"http:\/\/ffyh.unc.edu.ar\/ciffyh\/wp-content\/uploads\/sites\/10\/2023\/09\/foto-tosolini-300x298.jpg\",\"contentUrl\":\"http:\/\/ffyh.unc.edu.ar\/ciffyh\/wp-content\/uploads\/sites\/10\/2023\/09\/foto-tosolini-300x298.jpg\"},{\"@type\":\"BreadcrumbList\",\"@id\":\"https:\/\/ffyh.unc.edu.ar\/ciffyh\/mariana-tosolini\/#breadcrumb\",\"itemListElement\":[{\"@type\":\"ListItem\",\"position\":1,\"name\":\"Portada\",\"item\":\"https:\/\/ffyh.unc.edu.ar\/ciffyh\/\"},{\"@type\":\"ListItem\",\"position\":2,\"name\":\"Mariana Tosolini\"}]},{\"@type\":\"WebSite\",\"@id\":\"https:\/\/ffyh.unc.edu.ar\/ciffyh\/#website\",\"url\":\"https:\/\/ffyh.unc.edu.ar\/ciffyh\/\",\"name\":\"Centro de Investigaciones \\\"Maria Saleme de Burnichon\\\"\",\"description\":\"Facultad de Filosof\u00eda y Humanidades | UNC\",\"publisher\":{\"@id\":\"https:\/\/ffyh.unc.edu.ar\/ciffyh\/#organization\"},\"potentialAction\":[{\"@type\":\"SearchAction\",\"target\":{\"@type\":\"EntryPoint\",\"urlTemplate\":\"https:\/\/ffyh.unc.edu.ar\/ciffyh\/?s={search_term_string}\"},\"query-input\":{\"@type\":\"PropertyValueSpecification\",\"valueRequired\":true,\"valueName\":\"search_term_string\"}}],\"inLanguage\":\"es\"},{\"@type\":\"Organization\",\"@id\":\"https:\/\/ffyh.unc.edu.ar\/ciffyh\/#organization\",\"name\":\"Centro de Investigaciones \\\"Maria Saleme de Burnichon\\\"\",\"url\":\"https:\/\/ffyh.unc.edu.ar\/ciffyh\/\",\"logo\":{\"@type\":\"ImageObject\",\"inLanguage\":\"es\",\"@id\":\"https:\/\/ffyh.unc.edu.ar\/ciffyh\/#\/schema\/logo\/image\/\",\"url\":\"https:\/\/ffyh.unc.edu.ar\/ciffyh\/wp-content\/uploads\/sites\/10\/2018\/02\/cropped-logo-ciffyh-ico.png\",\"contentUrl\":\"https:\/\/ffyh.unc.edu.ar\/ciffyh\/wp-content\/uploads\/sites\/10\/2018\/02\/cropped-logo-ciffyh-ico.png\",\"width\":512,\"height\":512,\"caption\":\"Centro de Investigaciones \\\"Maria Saleme de Burnichon\\\"\"},\"image\":{\"@id\":\"https:\/\/ffyh.unc.edu.ar\/ciffyh\/#\/schema\/logo\/image\/\"},\"sameAs\":[\"https:\/\/www.instagram.com\/ciffyh\/\"]}]}<\/script>\n<!-- \/ Yoast SEO plugin. -->","yoast_head_json":{"title":"Mariana Tosolini - Centro de Investigaciones &quot;Maria Saleme de Burnichon&quot;","robots":{"index":"index","follow":"follow","max-snippet":"max-snippet:-1","max-image-preview":"max-image-preview:large","max-video-preview":"max-video-preview:-1"},"canonical":"https:\/\/ffyh.unc.edu.ar\/ciffyh\/mariana-tosolini\/","og_locale":"es_ES","og_type":"article","og_title":"Mariana Tosolini - Centro de Investigaciones &quot;Maria Saleme de Burnichon&quot;","og_description":"Mariana Alejandra Tosolini es Doctora en Estudios Sociales de Am\u00e9rica Latina, Profesora y Licenciada en Ciencias de la Educaci\u00f3n, Docente","og_url":"https:\/\/ffyh.unc.edu.ar\/ciffyh\/mariana-tosolini\/","og_site_name":"Centro de Investigaciones &quot;Maria Saleme de Burnichon&quot;","og_image":[{"url":"http:\/\/ffyh.unc.edu.ar\/ciffyh\/wp-content\/uploads\/sites\/10\/2023\/09\/foto-tosolini-300x298.jpg","type":"","width":"","height":""}],"twitter_card":"summary_large_image","twitter_misc":{"Tiempo de lectura":"2 minutos"},"schema":{"@context":"https:\/\/schema.org","@graph":[{"@type":"WebPage","@id":"https:\/\/ffyh.unc.edu.ar\/ciffyh\/mariana-tosolini\/","url":"https:\/\/ffyh.unc.edu.ar\/ciffyh\/mariana-tosolini\/","name":"Mariana Tosolini - Centro de Investigaciones &quot;Maria Saleme de Burnichon&quot;","isPartOf":{"@id":"https:\/\/ffyh.unc.edu.ar\/ciffyh\/#website"},"primaryImageOfPage":{"@id":"https:\/\/ffyh.unc.edu.ar\/ciffyh\/mariana-tosolini\/#primaryimage"},"image":{"@id":"https:\/\/ffyh.unc.edu.ar\/ciffyh\/mariana-tosolini\/#primaryimage"},"thumbnailUrl":"http:\/\/ffyh.unc.edu.ar\/ciffyh\/wp-content\/uploads\/sites\/10\/2023\/09\/foto-tosolini-300x298.jpg","datePublished":"2023-09-06T19:50:35+00:00","breadcrumb":{"@id":"https:\/\/ffyh.unc.edu.ar\/ciffyh\/mariana-tosolini\/#breadcrumb"},"inLanguage":"es","potentialAction":[{"@type":"ReadAction","target":["https:\/\/ffyh.unc.edu.ar\/ciffyh\/mariana-tosolini\/"]}]},{"@type":"ImageObject","inLanguage":"es","@id":"https:\/\/ffyh.unc.edu.ar\/ciffyh\/mariana-tosolini\/#primaryimage","url":"http:\/\/ffyh.unc.edu.ar\/ciffyh\/wp-content\/uploads\/sites\/10\/2023\/09\/foto-tosolini-300x298.jpg","contentUrl":"http:\/\/ffyh.unc.edu.ar\/ciffyh\/wp-content\/uploads\/sites\/10\/2023\/09\/foto-tosolini-300x298.jpg"},{"@type":"BreadcrumbList","@id":"https:\/\/ffyh.unc.edu.ar\/ciffyh\/mariana-tosolini\/#breadcrumb","itemListElement":[{"@type":"ListItem","position":1,"name":"Portada","item":"https:\/\/ffyh.unc.edu.ar\/ciffyh\/"},{"@type":"ListItem","position":2,"name":"Mariana Tosolini"}]},{"@type":"WebSite","@id":"https:\/\/ffyh.unc.edu.ar\/ciffyh\/#website","url":"https:\/\/ffyh.unc.edu.ar\/ciffyh\/","name":"Centro de Investigaciones \"Maria Saleme de Burnichon\"","description":"Facultad de Filosof\u00eda y Humanidades | UNC","publisher":{"@id":"https:\/\/ffyh.unc.edu.ar\/ciffyh\/#organization"},"potentialAction":[{"@type":"SearchAction","target":{"@type":"EntryPoint","urlTemplate":"https:\/\/ffyh.unc.edu.ar\/ciffyh\/?s={search_term_string}"},"query-input":{"@type":"PropertyValueSpecification","valueRequired":true,"valueName":"search_term_string"}}],"inLanguage":"es"},{"@type":"Organization","@id":"https:\/\/ffyh.unc.edu.ar\/ciffyh\/#organization","name":"Centro de Investigaciones \"Maria Saleme de Burnichon\"","url":"https:\/\/ffyh.unc.edu.ar\/ciffyh\/","logo":{"@type":"ImageObject","inLanguage":"es","@id":"https:\/\/ffyh.unc.edu.ar\/ciffyh\/#\/schema\/logo\/image\/","url":"https:\/\/ffyh.unc.edu.ar\/ciffyh\/wp-content\/uploads\/sites\/10\/2018\/02\/cropped-logo-ciffyh-ico.png","contentUrl":"https:\/\/ffyh.unc.edu.ar\/ciffyh\/wp-content\/uploads\/sites\/10\/2018\/02\/cropped-logo-ciffyh-ico.png","width":512,"height":512,"caption":"Centro de Investigaciones \"Maria Saleme de Burnichon\""},"image":{"@id":"https:\/\/ffyh.unc.edu.ar\/ciffyh\/#\/schema\/logo\/image\/"},"sameAs":["https:\/\/www.instagram.com\/ciffyh\/"]}]}},"_links":{"self":[{"href":"https:\/\/ffyh.unc.edu.ar\/ciffyh\/wp-json\/wp\/v2\/pages\/6476","targetHints":{"allow":["GET"]}}],"collection":[{"href":"https:\/\/ffyh.unc.edu.ar\/ciffyh\/wp-json\/wp\/v2\/pages"}],"about":[{"href":"https:\/\/ffyh.unc.edu.ar\/ciffyh\/wp-json\/wp\/v2\/types\/page"}],"author":[{"embeddable":true,"href":"https:\/\/ffyh.unc.edu.ar\/ciffyh\/wp-json\/wp\/v2\/users\/39"}],"replies":[{"embeddable":true,"href":"https:\/\/ffyh.unc.edu.ar\/ciffyh\/wp-json\/wp\/v2\/comments?post=6476"}],"version-history":[{"count":1,"href":"https:\/\/ffyh.unc.edu.ar\/ciffyh\/wp-json\/wp\/v2\/pages\/6476\/revisions"}],"predecessor-version":[{"id":6478,"href":"https:\/\/ffyh.unc.edu.ar\/ciffyh\/wp-json\/wp\/v2\/pages\/6476\/revisions\/6478"}],"wp:attachment":[{"href":"https:\/\/ffyh.unc.edu.ar\/ciffyh\/wp-json\/wp\/v2\/media?parent=6476"}],"curies":[{"name":"wp","href":"https:\/\/api.w.org\/{rel}","templated":true}]}}