{"id":6480,"date":"2023-09-06T20:10:21","date_gmt":"2023-09-06T20:10:21","guid":{"rendered":"https:\/\/ffyh.unc.edu.ar\/ciffyh\/?page_id=6480"},"modified":"2023-09-06T20:10:21","modified_gmt":"2023-09-06T20:10:21","slug":"magdalena-uzin","status":"publish","type":"page","link":"https:\/\/ffyh.unc.edu.ar\/ciffyh\/magdalena-uzin\/","title":{"rendered":"Magdalena Uz\u00edn"},"content":{"rendered":"<p><img fetchpriority=\"high\" decoding=\"async\" class=\"wp-image-6481 size-medium alignright\" src=\"http:\/\/ffyh.unc.edu.ar\/ciffyh\/wp-content\/uploads\/sites\/10\/2023\/09\/foto-uzin-273x300.jpg\" alt=\"\" width=\"273\" height=\"300\" srcset=\"https:\/\/ffyh.unc.edu.ar\/ciffyh\/wp-content\/uploads\/sites\/10\/2023\/09\/foto-uzin-273x300.jpg 273w, https:\/\/ffyh.unc.edu.ar\/ciffyh\/wp-content\/uploads\/sites\/10\/2023\/09\/foto-uzin.jpg 454w\" sizes=\"(max-width: 273px) 100vw, 273px\" \/>Mar\u00eda Magdalena Uz\u00edn es Doctora en Letras (UNC) y Magister en Sociosemi\u00f3tica (UNC), Profesora Titular de Teor\u00eda Literaria (Escuela de Letras, Facultad de Filosof\u00eda y Humanidades),\u00a0 Investigadora de planta (Adjunta) del Centro de Investigaciones de la Facultad de Filosof\u00eda y Humanidades, Universidad Nacional de C\u00f3rdoba.<\/p>\n<p>Tambi\u00e9n dirige el proyecto de investigaci\u00f3n \u00abPol\u00edticas discursivas de la diversidad sexual. Tecnolog\u00edas de los afectos\u00bb (proyecto Consolidar 2018-2023, Secretar\u00eda de Ciencia y T\u00e9cnica, Universidad Nacional de C\u00f3rdoba).<\/p>\n<p>La Dra. Uz\u00edn investiga en temas de sociosemi\u00f3tica y teor\u00eda feminista\/estudios de g\u00e9nero. Actualmente su inter\u00e9s se centra en los ejes de cuerpos, afectos y medios masivos en ficciones audiovisuales y literarias contempor\u00e1neas, abordando la dimensi\u00f3n de la afectividad desde la noci\u00f3n de Tecnolog\u00edas de los afectos, en torno a la manera en que las pol\u00edticas discursivas de las emociones, pasiones y sentimientos sustentan los procesos de subjetivaci\u00f3n de cuerpos hegem\u00f3nicos y disidentes.<\/p>\n<p>En 2023 se desempe\u00f1\u00f3 como editora del libro \u00abPol\u00edticas discursivas: diversidad, afectos, g\u00e9neros\u00bb (Colecciones del CIFFyH, C\u00f3rdoba, \u00c1rea de Publicaciones de la Facultad de Filosof\u00eda y Humanidades) y\u00a0 en 2019 como compiladora junto a Eva Da Porta en \u00abMiradas sobre el presente. El discurso como pr\u00e1ctica, las pr\u00e1cticas como discursos\u00bb (C\u00f3rdoba, Editorial Centro de Estudios Avanzados, FCS, UNC y Ferreyra Editor).<\/p>\n<p><strong>Publicaciones recientes<\/strong><\/p>\n<p>2023 \/<em>Pol\u00edticas discursivas. Diversidad, afectos, g\u00e9neros. <\/em>Editado por Mar\u00eda<br \/>\nMagdalena Uz\u00edn. &#8211; 1a ed. &#8211; C\u00f3rdoba: Universidad Nacional de C\u00f3rdoba. Facultad de Filosof\u00eda y<br \/>\nHumanidades, 2023. <a href=\"https:\/\/ffyh.unc.edu.ar\/publicaciones\/tienda\/publicaciones-de-investigacion\/ciffyh\/colecciones-del-ciffyh\/politicas-discursivas-diversidad-afectos-generos\/\">https:\/\/ffyh.unc.edu.ar\/publicaciones\/tienda\/publicaciones-de-investigacion\/ciffyh\/colecciones-del-ciffyh\/politicas-discursivas-diversidad-afectos-generos\/<\/a><\/p>\n<p>2023 \/ Ficciones especulativas: distop\u00edas entre lo local y lo global. <em>Revista Heterotop\u00edas, v 6, n 11 \u00c1rea de Estudios Cr\u00edticos del Discurso, FFyH, UNC C\u00f3rdoba, junio de 2023. ISSN: 2618 2726. <\/em><a href=\"https:\/\/revistas.unc.edu.ar\/index.php\/heterotopias\/article\/view\/41655\">https:\/\/revistas.unc.edu.ar\/index.php\/heterotopias\/article\/view\/41655<\/a><\/p>\n<p>2013 \/<em> VACILACIONES DEL G\u00c9NERO. Construcci\u00f3n de identidades en revistas femeninas. <\/em>1a ed. &#8211; C\u00f3rdoba: Centro de Estudios Avanzados. <a href=\"https:\/\/drive.google.com\/file\/d\/1M6i00sUE7itZ9aVaNLq2R2_7PWpA7zdN\/view?usp=sharing\">https:\/\/drive.google.com\/file\/d\/1M6i00sUE7itZ9aVaNLq2R2_7PWpA7zdN\/view?usp=sharing<\/a><\/p>\n<p>&nbsp;<\/p>\n<p>&nbsp;<\/p>\n<p>&nbsp;<\/p>\n","protected":false},"excerpt":{"rendered":"<p>Mar\u00eda Magdalena Uz\u00edn es Doctora en Letras (UNC) y Magister en Sociosemi\u00f3tica (UNC), Profesora Titular de Teor\u00eda Literaria (Escuela de<\/p>\n","protected":false},"author":39,"featured_media":0,"parent":0,"menu_order":0,"comment_status":"closed","ping_status":"closed","template":"","meta":{"_acf_changed":false,"saved_in_kubio":false,"colormag_page_container_layout":"default_layout","colormag_page_sidebar_layout":"default_layout","footnotes":""},"class_list":["post-6480","page","type-page","status-publish","hentry"],"acf":[],"kubio_ai_page_context":{"short_desc":"","purpose":"general"},"yoast_head":"<!-- This site is optimized with the Yoast SEO plugin v27.1.1 - https:\/\/yoast.com\/product\/yoast-seo-wordpress\/ -->\n<title>Magdalena Uz\u00edn - Centro de Investigaciones &quot;Maria Saleme de Burnichon&quot;<\/title>\n<meta name=\"robots\" content=\"index, follow, max-snippet:-1, max-image-preview:large, max-video-preview:-1\" \/>\n<link rel=\"canonical\" href=\"https:\/\/ffyh.unc.edu.ar\/ciffyh\/magdalena-uzin\/\" \/>\n<meta property=\"og:locale\" content=\"es_ES\" \/>\n<meta property=\"og:type\" content=\"article\" \/>\n<meta property=\"og:title\" content=\"Magdalena Uz\u00edn - Centro de Investigaciones &quot;Maria Saleme de Burnichon&quot;\" \/>\n<meta property=\"og:description\" content=\"Mar\u00eda Magdalena Uz\u00edn es Doctora en Letras (UNC) y Magister en Sociosemi\u00f3tica (UNC), Profesora Titular de Teor\u00eda Literaria (Escuela de\" \/>\n<meta property=\"og:url\" content=\"https:\/\/ffyh.unc.edu.ar\/ciffyh\/magdalena-uzin\/\" \/>\n<meta property=\"og:site_name\" content=\"Centro de Investigaciones &quot;Maria Saleme de Burnichon&quot;\" \/>\n<meta property=\"og:image\" content=\"http:\/\/ffyh.unc.edu.ar\/ciffyh\/wp-content\/uploads\/sites\/10\/2023\/09\/foto-uzin-273x300.jpg\" \/>\n<meta name=\"twitter:card\" content=\"summary_large_image\" \/>\n<meta name=\"twitter:label1\" content=\"Tiempo de lectura\" \/>\n\t<meta name=\"twitter:data1\" content=\"2 minutos\" \/>\n<script type=\"application\/ld+json\" class=\"yoast-schema-graph\">{\"@context\":\"https:\/\/schema.org\",\"@graph\":[{\"@type\":\"WebPage\",\"@id\":\"https:\/\/ffyh.unc.edu.ar\/ciffyh\/magdalena-uzin\/\",\"url\":\"https:\/\/ffyh.unc.edu.ar\/ciffyh\/magdalena-uzin\/\",\"name\":\"Magdalena Uz\u00edn - Centro de Investigaciones &quot;Maria Saleme de Burnichon&quot;\",\"isPartOf\":{\"@id\":\"https:\/\/ffyh.unc.edu.ar\/ciffyh\/#website\"},\"primaryImageOfPage\":{\"@id\":\"https:\/\/ffyh.unc.edu.ar\/ciffyh\/magdalena-uzin\/#primaryimage\"},\"image\":{\"@id\":\"https:\/\/ffyh.unc.edu.ar\/ciffyh\/magdalena-uzin\/#primaryimage\"},\"thumbnailUrl\":\"http:\/\/ffyh.unc.edu.ar\/ciffyh\/wp-content\/uploads\/sites\/10\/2023\/09\/foto-uzin-273x300.jpg\",\"datePublished\":\"2023-09-06T20:10:21+00:00\",\"breadcrumb\":{\"@id\":\"https:\/\/ffyh.unc.edu.ar\/ciffyh\/magdalena-uzin\/#breadcrumb\"},\"inLanguage\":\"es\",\"potentialAction\":[{\"@type\":\"ReadAction\",\"target\":[\"https:\/\/ffyh.unc.edu.ar\/ciffyh\/magdalena-uzin\/\"]}]},{\"@type\":\"ImageObject\",\"inLanguage\":\"es\",\"@id\":\"https:\/\/ffyh.unc.edu.ar\/ciffyh\/magdalena-uzin\/#primaryimage\",\"url\":\"http:\/\/ffyh.unc.edu.ar\/ciffyh\/wp-content\/uploads\/sites\/10\/2023\/09\/foto-uzin-273x300.jpg\",\"contentUrl\":\"http:\/\/ffyh.unc.edu.ar\/ciffyh\/wp-content\/uploads\/sites\/10\/2023\/09\/foto-uzin-273x300.jpg\"},{\"@type\":\"BreadcrumbList\",\"@id\":\"https:\/\/ffyh.unc.edu.ar\/ciffyh\/magdalena-uzin\/#breadcrumb\",\"itemListElement\":[{\"@type\":\"ListItem\",\"position\":1,\"name\":\"Portada\",\"item\":\"https:\/\/ffyh.unc.edu.ar\/ciffyh\/\"},{\"@type\":\"ListItem\",\"position\":2,\"name\":\"Magdalena Uz\u00edn\"}]},{\"@type\":\"WebSite\",\"@id\":\"https:\/\/ffyh.unc.edu.ar\/ciffyh\/#website\",\"url\":\"https:\/\/ffyh.unc.edu.ar\/ciffyh\/\",\"name\":\"Centro de Investigaciones \\\"Maria Saleme de Burnichon\\\"\",\"description\":\"Facultad de Filosof\u00eda y Humanidades | UNC\",\"publisher\":{\"@id\":\"https:\/\/ffyh.unc.edu.ar\/ciffyh\/#organization\"},\"potentialAction\":[{\"@type\":\"SearchAction\",\"target\":{\"@type\":\"EntryPoint\",\"urlTemplate\":\"https:\/\/ffyh.unc.edu.ar\/ciffyh\/?s={search_term_string}\"},\"query-input\":{\"@type\":\"PropertyValueSpecification\",\"valueRequired\":true,\"valueName\":\"search_term_string\"}}],\"inLanguage\":\"es\"},{\"@type\":\"Organization\",\"@id\":\"https:\/\/ffyh.unc.edu.ar\/ciffyh\/#organization\",\"name\":\"Centro de Investigaciones \\\"Maria Saleme de Burnichon\\\"\",\"url\":\"https:\/\/ffyh.unc.edu.ar\/ciffyh\/\",\"logo\":{\"@type\":\"ImageObject\",\"inLanguage\":\"es\",\"@id\":\"https:\/\/ffyh.unc.edu.ar\/ciffyh\/#\/schema\/logo\/image\/\",\"url\":\"https:\/\/ffyh.unc.edu.ar\/ciffyh\/wp-content\/uploads\/sites\/10\/2018\/02\/cropped-logo-ciffyh-ico.png\",\"contentUrl\":\"https:\/\/ffyh.unc.edu.ar\/ciffyh\/wp-content\/uploads\/sites\/10\/2018\/02\/cropped-logo-ciffyh-ico.png\",\"width\":512,\"height\":512,\"caption\":\"Centro de Investigaciones \\\"Maria Saleme de Burnichon\\\"\"},\"image\":{\"@id\":\"https:\/\/ffyh.unc.edu.ar\/ciffyh\/#\/schema\/logo\/image\/\"},\"sameAs\":[\"https:\/\/www.instagram.com\/ciffyh\/\"]}]}<\/script>\n<!-- \/ Yoast SEO plugin. -->","yoast_head_json":{"title":"Magdalena Uz\u00edn - Centro de Investigaciones &quot;Maria Saleme de Burnichon&quot;","robots":{"index":"index","follow":"follow","max-snippet":"max-snippet:-1","max-image-preview":"max-image-preview:large","max-video-preview":"max-video-preview:-1"},"canonical":"https:\/\/ffyh.unc.edu.ar\/ciffyh\/magdalena-uzin\/","og_locale":"es_ES","og_type":"article","og_title":"Magdalena Uz\u00edn - Centro de Investigaciones &quot;Maria Saleme de Burnichon&quot;","og_description":"Mar\u00eda Magdalena Uz\u00edn es Doctora en Letras (UNC) y Magister en Sociosemi\u00f3tica (UNC), Profesora Titular de Teor\u00eda Literaria (Escuela de","og_url":"https:\/\/ffyh.unc.edu.ar\/ciffyh\/magdalena-uzin\/","og_site_name":"Centro de Investigaciones &quot;Maria Saleme de Burnichon&quot;","og_image":[{"url":"http:\/\/ffyh.unc.edu.ar\/ciffyh\/wp-content\/uploads\/sites\/10\/2023\/09\/foto-uzin-273x300.jpg","type":"","width":"","height":""}],"twitter_card":"summary_large_image","twitter_misc":{"Tiempo de lectura":"2 minutos"},"schema":{"@context":"https:\/\/schema.org","@graph":[{"@type":"WebPage","@id":"https:\/\/ffyh.unc.edu.ar\/ciffyh\/magdalena-uzin\/","url":"https:\/\/ffyh.unc.edu.ar\/ciffyh\/magdalena-uzin\/","name":"Magdalena Uz\u00edn - Centro de Investigaciones &quot;Maria Saleme de Burnichon&quot;","isPartOf":{"@id":"https:\/\/ffyh.unc.edu.ar\/ciffyh\/#website"},"primaryImageOfPage":{"@id":"https:\/\/ffyh.unc.edu.ar\/ciffyh\/magdalena-uzin\/#primaryimage"},"image":{"@id":"https:\/\/ffyh.unc.edu.ar\/ciffyh\/magdalena-uzin\/#primaryimage"},"thumbnailUrl":"http:\/\/ffyh.unc.edu.ar\/ciffyh\/wp-content\/uploads\/sites\/10\/2023\/09\/foto-uzin-273x300.jpg","datePublished":"2023-09-06T20:10:21+00:00","breadcrumb":{"@id":"https:\/\/ffyh.unc.edu.ar\/ciffyh\/magdalena-uzin\/#breadcrumb"},"inLanguage":"es","potentialAction":[{"@type":"ReadAction","target":["https:\/\/ffyh.unc.edu.ar\/ciffyh\/magdalena-uzin\/"]}]},{"@type":"ImageObject","inLanguage":"es","@id":"https:\/\/ffyh.unc.edu.ar\/ciffyh\/magdalena-uzin\/#primaryimage","url":"http:\/\/ffyh.unc.edu.ar\/ciffyh\/wp-content\/uploads\/sites\/10\/2023\/09\/foto-uzin-273x300.jpg","contentUrl":"http:\/\/ffyh.unc.edu.ar\/ciffyh\/wp-content\/uploads\/sites\/10\/2023\/09\/foto-uzin-273x300.jpg"},{"@type":"BreadcrumbList","@id":"https:\/\/ffyh.unc.edu.ar\/ciffyh\/magdalena-uzin\/#breadcrumb","itemListElement":[{"@type":"ListItem","position":1,"name":"Portada","item":"https:\/\/ffyh.unc.edu.ar\/ciffyh\/"},{"@type":"ListItem","position":2,"name":"Magdalena Uz\u00edn"}]},{"@type":"WebSite","@id":"https:\/\/ffyh.unc.edu.ar\/ciffyh\/#website","url":"https:\/\/ffyh.unc.edu.ar\/ciffyh\/","name":"Centro de Investigaciones \"Maria Saleme de Burnichon\"","description":"Facultad de Filosof\u00eda y Humanidades | UNC","publisher":{"@id":"https:\/\/ffyh.unc.edu.ar\/ciffyh\/#organization"},"potentialAction":[{"@type":"SearchAction","target":{"@type":"EntryPoint","urlTemplate":"https:\/\/ffyh.unc.edu.ar\/ciffyh\/?s={search_term_string}"},"query-input":{"@type":"PropertyValueSpecification","valueRequired":true,"valueName":"search_term_string"}}],"inLanguage":"es"},{"@type":"Organization","@id":"https:\/\/ffyh.unc.edu.ar\/ciffyh\/#organization","name":"Centro de Investigaciones \"Maria Saleme de Burnichon\"","url":"https:\/\/ffyh.unc.edu.ar\/ciffyh\/","logo":{"@type":"ImageObject","inLanguage":"es","@id":"https:\/\/ffyh.unc.edu.ar\/ciffyh\/#\/schema\/logo\/image\/","url":"https:\/\/ffyh.unc.edu.ar\/ciffyh\/wp-content\/uploads\/sites\/10\/2018\/02\/cropped-logo-ciffyh-ico.png","contentUrl":"https:\/\/ffyh.unc.edu.ar\/ciffyh\/wp-content\/uploads\/sites\/10\/2018\/02\/cropped-logo-ciffyh-ico.png","width":512,"height":512,"caption":"Centro de Investigaciones \"Maria Saleme de Burnichon\""},"image":{"@id":"https:\/\/ffyh.unc.edu.ar\/ciffyh\/#\/schema\/logo\/image\/"},"sameAs":["https:\/\/www.instagram.com\/ciffyh\/"]}]}},"_links":{"self":[{"href":"https:\/\/ffyh.unc.edu.ar\/ciffyh\/wp-json\/wp\/v2\/pages\/6480","targetHints":{"allow":["GET"]}}],"collection":[{"href":"https:\/\/ffyh.unc.edu.ar\/ciffyh\/wp-json\/wp\/v2\/pages"}],"about":[{"href":"https:\/\/ffyh.unc.edu.ar\/ciffyh\/wp-json\/wp\/v2\/types\/page"}],"author":[{"embeddable":true,"href":"https:\/\/ffyh.unc.edu.ar\/ciffyh\/wp-json\/wp\/v2\/users\/39"}],"replies":[{"embeddable":true,"href":"https:\/\/ffyh.unc.edu.ar\/ciffyh\/wp-json\/wp\/v2\/comments?post=6480"}],"version-history":[{"count":1,"href":"https:\/\/ffyh.unc.edu.ar\/ciffyh\/wp-json\/wp\/v2\/pages\/6480\/revisions"}],"predecessor-version":[{"id":6482,"href":"https:\/\/ffyh.unc.edu.ar\/ciffyh\/wp-json\/wp\/v2\/pages\/6480\/revisions\/6482"}],"wp:attachment":[{"href":"https:\/\/ffyh.unc.edu.ar\/ciffyh\/wp-json\/wp\/v2\/media?parent=6480"}],"curies":[{"name":"wp","href":"https:\/\/api.w.org\/{rel}","templated":true}]}}