{"id":6553,"date":"2023-09-15T19:00:11","date_gmt":"2023-09-15T19:00:11","guid":{"rendered":"https:\/\/ffyh.unc.edu.ar\/ciffyh\/?page_id=6553"},"modified":"2023-09-15T19:00:11","modified_gmt":"2023-09-15T19:00:11","slug":"becarixs-secyt","status":"publish","type":"page","link":"https:\/\/ffyh.unc.edu.ar\/ciffyh\/becarixs-secyt\/","title":{"rendered":"Becarixs SECyT"},"content":{"rendered":"<p>La siguiente es una lista de lxs becarixs SECyT con lugar de trabajo en el CIFFyH.<\/p>\n<p>(Datos actualizados en agosto de 2023)<\/p>\n<table>\n<tbody>\n<tr>\n<td width=\"69\">\n<h5><strong>TIPO\u00a0 DE BECA<\/strong><\/h5>\n<\/td>\n<td width=\"84\">\n<h5><strong>BECARIX<\/strong><\/h5>\n<\/td>\n<td width=\"85\">\n<h5><strong>DIRECTORX<\/strong><\/h5>\n<\/td>\n<td width=\"104\">\n<h5><strong>CO-DIRECTORX<\/strong><\/h5>\n<\/td>\n<td width=\"504\">\n<h5><strong>TITULO<\/strong><\/h5>\n<\/td>\n<td width=\"94\">\n<h5><strong>COMISION<\/strong><\/h5>\n<\/td>\n<\/tr>\n<tr>\n<td width=\"69\">Doctorado<\/td>\n<td width=\"84\">BERENGAN<\/p>\n<p>MAURO<\/td>\n<td width=\"85\">BALSA<\/p>\n<p>JUAN JAVIER<\/td>\n<td width=\"104\">MOYANO<\/p>\n<p>JAVIER EDUARDO<\/td>\n<td width=\"504\">IDEOLOG\u00cdA E IDENTIDAD EN LA RELACI\u00d3N ENTRE DIRECCI\u00d3N POL\u00cdTICA CHAVISTA,\u00a0 INTELECTUALES ORG\u00c1NICOS Y BASES MILITANTES EN LA DISPUTA HEGEM\u00d3NICA EN VENEZUELA,\u00a0 1989-2013<\/td>\n<td width=\"94\">Ciencias Sociales y Politicas<\/td>\n<\/tr>\n<tr>\n<td width=\"69\">Finalizaci\u00f3n de Doctorado<\/td>\n<td width=\"84\">CASTRO MERLO<\/p>\n<p>ANA PAULA<\/td>\n<td width=\"85\">AGUERO<\/p>\n<p>GUSTAVO ALFREDO<\/td>\n<td width=\"104\">FERN\u00c1NDEZ<\/p>\n<p>VIVIANA MAR\u00cdA<\/td>\n<td width=\"504\">LA RELACI\u00d3N ENTRE T\u00c9CNICA Y EXPRESI\u00d3N EN LAS PR\u00c1CTICAS CONTEMPOR\u00c1NEAS DE DANZA<\/td>\n<td width=\"94\">Investigacion y Produccion en Arte<\/td>\n<\/tr>\n<tr>\n<td width=\"69\">Doctorado<\/td>\n<td width=\"84\">FERNANDEZ<\/p>\n<p>LEONARDO DANIEL<\/td>\n<td width=\"85\">CAPDEVIELLE<\/p>\n<p>JULIETA\u00a0 MAR\u00cdA<\/td>\n<td width=\"104\">COSACOV<\/p>\n<p>NATALIA<\/td>\n<td width=\"504\">POL\u00cdTICAS URBANAS EN LA CIUDAD DE C\u00d3RDOBA (1999-2020). UN AN\u00c1LISIS DESDE LA GOBERNANZA.<\/td>\n<td width=\"94\">Ciencias Sociales<\/td>\n<\/tr>\n<tr>\n<td width=\"69\">Doctorado<\/td>\n<td width=\"84\">FERREYRA<\/p>\n<p>MARIA DE LOS MILAGROS<\/td>\n<td width=\"85\">D\u00cdAZ<\/p>\n<p>CLAUDIO FERNANDO<\/td>\n<td width=\"104\">ORTIZ<\/p>\n<p>MAR\u00cdA FLORENCIA<\/td>\n<td width=\"504\">PUENTES SIMB\u00d3LICOS. LOS CONSUMOS CULTURALES DE LOS J\u00d3VENES DE C\u00d3RDOBA Y SU POTENCIALIDAD PEDAG\u00d3GICA<\/td>\n<td width=\"94\">Ciencias Humanas<\/td>\n<\/tr>\n<tr>\n<td width=\"69\">Maestr\u00eda<\/td>\n<td width=\"84\">OVIEDO<\/p>\n<p>ANAH\u00cd<\/td>\n<td width=\"85\">GUTIERREZ<\/p>\n<p>GONZALO MARTIN<\/td>\n<td width=\"104\">ENRICO<\/p>\n<p>JULIANA<\/td>\n<td width=\"504\">LA INTEGRACI\u00d3N CURRICULAR EN LA ESCUELA SECUNDARIA DE C\u00d3RDOBA: EL CASO DE LA EDUCACI\u00d3N SEXUAL INTEGRAL (ESI) COMO CONTENIDO TRANSVERSAL.<\/td>\n<td width=\"94\">Investigacion en Procesos Educativos<\/td>\n<\/tr>\n<tr>\n<td width=\"69\">Doctorado<\/td>\n<td width=\"84\">PAZ<\/p>\n<p>SANTIAGO RODRIGO<\/td>\n<td width=\"85\">BALDERSTON<\/p>\n<p>DANIEL<\/td>\n<td width=\"104\">RACAMONTE<\/p>\n<p>JORGE ALEJANDRO DEL VALLE<\/td>\n<td width=\"504\">HACIA UNA DESARTICULACI\u00d3N DEL MAL Y LA HISTORIA EN \u00abHISTORIA UNIVERSAL DE LA INFAMIA\u00bb DE JORGE LUIS BORGES.<\/td>\n<td width=\"94\">Humanidades y Cs. del Lenguaje<\/td>\n<\/tr>\n<tr>\n<td width=\"69\">Doctorado<\/td>\n<td width=\"84\">PUTTINI<\/p>\n<p>MARIA PAULA<\/td>\n<td width=\"85\">SOLIS<\/p>\n<p>ANA CAROL<\/td>\n<td width=\"104\"><\/td>\n<td width=\"504\">ENTRE LAS MILITANCIAS Y LA EXPERTICIA. H.I.J.O.S. C\u00d3RDOBA Y LAS POL\u00cdTICAS DE MEMORIA (1998-2017)<\/td>\n<td width=\"94\">Ciencias Sociales y Politicas<\/td>\n<\/tr>\n<tr>\n<td width=\"69\">Doctorado<\/td>\n<td width=\"84\">REQUENA<\/p>\n<p>LUCRECIA<\/td>\n<td width=\"85\">MOLINA AHUMADA<\/p>\n<p>ERNESTO PABLO<\/td>\n<td width=\"104\"><\/td>\n<td width=\"504\">EL RELATO AUTOBIOGR\u00c1FICO EN PERFORMANCES ART\u00cdSTICAS: SU DIMENSI\u00d3N IMPERSONAL Y SU POTENCIAL COMUNITARIO.<\/td>\n<td width=\"94\">Investigacion y Produccion en Arte<\/td>\n<\/tr>\n<tr>\n<td width=\"69\">Doctorado<\/td>\n<td width=\"84\">SACHIS<\/p>\n<p>PABLO EZEQUIEL<\/td>\n<td width=\"85\">BALZI<\/p>\n<p>CARLOS<\/td>\n<td width=\"104\"><\/td>\n<td width=\"504\">UN DI\u00c1LOGO ENTRE WEBER Y FOUCAULT EN TORNO AL PROBLEMA DE LA RACIONALIZACI\u00d3N<\/td>\n<td width=\"94\">Educacion, Filosofia y Psicologia<\/td>\n<\/tr>\n<tr>\n<td width=\"69\">Doctorado<\/td>\n<td width=\"84\">SALEM DE OLIVEIRA<\/p>\n<p>TALMA<\/td>\n<td width=\"85\">BATT\u00c1N HORENSTEIN<\/p>\n<p>ARIELA<\/td>\n<td width=\"104\"><\/td>\n<td width=\"504\">CUERPO-INSTALACI\u00d3N: DESARTICULACI\u00d3N,\u00a0 PROFUNDIZACI\u00d3N Y RE-ARTICULACI\u00d3N DEL CONCEPTO. APORTES TE\u00d3RICOS PARA PR\u00c1CTICAS CONTEMPOR\u00c1NEAS DE DANZA.<\/td>\n<td width=\"94\">Investigacion en Arte y en Prod. Art.<\/td>\n<\/tr>\n<tr>\n<td width=\"69\">Doctorado<\/td>\n<td width=\"84\">S\u00c1NCHEZ<\/p>\n<p>ANA<\/td>\n<td width=\"85\">TELLO<\/p>\n<p>MARIANA EVA<\/td>\n<td width=\"104\"><\/td>\n<td width=\"504\">LA ADMINISTRACI\u00d3N DE LA MUERTE EN TIEMPOS DE PANDEMIA: SENTIDOS,\u00a0 PR\u00c1CTICAS Y REPRESENTACIONES EN TORNO A LOS RESTOS HUMANOS CONTAMINADOS POR COVID-19,\u00a0 EN EL CEMENTERIO SAN VICENTE,\u00a0 C\u00d3RDOBA,\u00a0 ARGENT<\/td>\n<td width=\"94\">Ciencias Humanas<\/td>\n<\/tr>\n<tr>\n<td width=\"69\">Doctorado<\/td>\n<td width=\"84\">ZAPATA C\u00c1RDENAS<\/p>\n<p>MAURO ANDR\u00c9S<\/td>\n<td width=\"85\">DAN\u00d3N<\/p>\n<p>LAURA<\/td>\n<td width=\"104\"><\/td>\n<td width=\"504\">COGNICI\u00d3N ORIENTADA AL FUTURO EN ANIMALES NO-HUMANOS<\/td>\n<td width=\"94\">Ciencias Humanas<\/td>\n<\/tr>\n<\/tbody>\n<\/table>\n","protected":false},"excerpt":{"rendered":"<p>La siguiente es una lista de lxs becarixs SECyT con lugar de trabajo en el CIFFyH. (Datos actualizados en agosto<\/p>\n","protected":false},"author":39,"featured_media":0,"parent":0,"menu_order":0,"comment_status":"closed","ping_status":"closed","template":"","meta":{"_acf_changed":false,"colormag_page_container_layout":"default_layout","colormag_page_sidebar_layout":"default_layout","footnotes":""},"class_list":["post-6553","page","type-page","status-publish","hentry"],"acf":[],"yoast_head":"<!-- This site is optimized with the Yoast SEO plugin v27.1.1 - https:\/\/yoast.com\/product\/yoast-seo-wordpress\/ -->\n<title>Becarixs SECyT - Centro de Investigaciones &quot;Maria Saleme de Burnichon&quot;<\/title>\n<meta name=\"robots\" content=\"index, follow, max-snippet:-1, max-image-preview:large, max-video-preview:-1\" \/>\n<link rel=\"canonical\" href=\"https:\/\/ffyh.unc.edu.ar\/ciffyh\/becarixs-secyt\/\" \/>\n<meta property=\"og:locale\" content=\"es_ES\" \/>\n<meta property=\"og:type\" content=\"article\" \/>\n<meta property=\"og:title\" content=\"Becarixs SECyT - Centro de Investigaciones &quot;Maria Saleme de Burnichon&quot;\" \/>\n<meta property=\"og:description\" content=\"La siguiente es una lista de lxs becarixs SECyT con lugar de trabajo en el CIFFyH. (Datos actualizados en agosto\" \/>\n<meta property=\"og:url\" content=\"https:\/\/ffyh.unc.edu.ar\/ciffyh\/becarixs-secyt\/\" \/>\n<meta property=\"og:site_name\" content=\"Centro de Investigaciones &quot;Maria Saleme de Burnichon&quot;\" \/>\n<meta name=\"twitter:card\" content=\"summary_large_image\" \/>\n<meta name=\"twitter:label1\" content=\"Tiempo de lectura\" \/>\n\t<meta name=\"twitter:data1\" content=\"2 minutos\" \/>\n<script type=\"application\/ld+json\" class=\"yoast-schema-graph\">{\"@context\":\"https:\/\/schema.org\",\"@graph\":[{\"@type\":\"WebPage\",\"@id\":\"https:\/\/ffyh.unc.edu.ar\/ciffyh\/becarixs-secyt\/\",\"url\":\"https:\/\/ffyh.unc.edu.ar\/ciffyh\/becarixs-secyt\/\",\"name\":\"Becarixs SECyT - Centro de Investigaciones &quot;Maria Saleme de Burnichon&quot;\",\"isPartOf\":{\"@id\":\"https:\/\/ffyh.unc.edu.ar\/ciffyh\/#website\"},\"datePublished\":\"2023-09-15T19:00:11+00:00\",\"breadcrumb\":{\"@id\":\"https:\/\/ffyh.unc.edu.ar\/ciffyh\/becarixs-secyt\/#breadcrumb\"},\"inLanguage\":\"es\",\"potentialAction\":[{\"@type\":\"ReadAction\",\"target\":[\"https:\/\/ffyh.unc.edu.ar\/ciffyh\/becarixs-secyt\/\"]}]},{\"@type\":\"BreadcrumbList\",\"@id\":\"https:\/\/ffyh.unc.edu.ar\/ciffyh\/becarixs-secyt\/#breadcrumb\",\"itemListElement\":[{\"@type\":\"ListItem\",\"position\":1,\"name\":\"Portada\",\"item\":\"https:\/\/ffyh.unc.edu.ar\/ciffyh\/\"},{\"@type\":\"ListItem\",\"position\":2,\"name\":\"Becarixs SECyT\"}]},{\"@type\":\"WebSite\",\"@id\":\"https:\/\/ffyh.unc.edu.ar\/ciffyh\/#website\",\"url\":\"https:\/\/ffyh.unc.edu.ar\/ciffyh\/\",\"name\":\"Centro de Investigaciones \\\"Maria Saleme de Burnichon\\\"\",\"description\":\"Facultad de Filosof\u00eda y Humanidades | UNC\",\"publisher\":{\"@id\":\"https:\/\/ffyh.unc.edu.ar\/ciffyh\/#organization\"},\"potentialAction\":[{\"@type\":\"SearchAction\",\"target\":{\"@type\":\"EntryPoint\",\"urlTemplate\":\"https:\/\/ffyh.unc.edu.ar\/ciffyh\/?s={search_term_string}\"},\"query-input\":{\"@type\":\"PropertyValueSpecification\",\"valueRequired\":true,\"valueName\":\"search_term_string\"}}],\"inLanguage\":\"es\"},{\"@type\":\"Organization\",\"@id\":\"https:\/\/ffyh.unc.edu.ar\/ciffyh\/#organization\",\"name\":\"Centro de Investigaciones \\\"Maria Saleme de Burnichon\\\"\",\"url\":\"https:\/\/ffyh.unc.edu.ar\/ciffyh\/\",\"logo\":{\"@type\":\"ImageObject\",\"inLanguage\":\"es\",\"@id\":\"https:\/\/ffyh.unc.edu.ar\/ciffyh\/#\/schema\/logo\/image\/\",\"url\":\"https:\/\/ffyh.unc.edu.ar\/ciffyh\/wp-content\/uploads\/sites\/10\/2018\/02\/cropped-logo-ciffyh-ico.png\",\"contentUrl\":\"https:\/\/ffyh.unc.edu.ar\/ciffyh\/wp-content\/uploads\/sites\/10\/2018\/02\/cropped-logo-ciffyh-ico.png\",\"width\":512,\"height\":512,\"caption\":\"Centro de Investigaciones \\\"Maria Saleme de Burnichon\\\"\"},\"image\":{\"@id\":\"https:\/\/ffyh.unc.edu.ar\/ciffyh\/#\/schema\/logo\/image\/\"},\"sameAs\":[\"https:\/\/www.instagram.com\/ciffyh\/\"]}]}<\/script>\n<!-- \/ Yoast SEO plugin. -->","yoast_head_json":{"title":"Becarixs SECyT - Centro de Investigaciones &quot;Maria Saleme de Burnichon&quot;","robots":{"index":"index","follow":"follow","max-snippet":"max-snippet:-1","max-image-preview":"max-image-preview:large","max-video-preview":"max-video-preview:-1"},"canonical":"https:\/\/ffyh.unc.edu.ar\/ciffyh\/becarixs-secyt\/","og_locale":"es_ES","og_type":"article","og_title":"Becarixs SECyT - Centro de Investigaciones &quot;Maria Saleme de Burnichon&quot;","og_description":"La siguiente es una lista de lxs becarixs SECyT con lugar de trabajo en el CIFFyH. (Datos actualizados en agosto","og_url":"https:\/\/ffyh.unc.edu.ar\/ciffyh\/becarixs-secyt\/","og_site_name":"Centro de Investigaciones &quot;Maria Saleme de Burnichon&quot;","twitter_card":"summary_large_image","twitter_misc":{"Tiempo de lectura":"2 minutos"},"schema":{"@context":"https:\/\/schema.org","@graph":[{"@type":"WebPage","@id":"https:\/\/ffyh.unc.edu.ar\/ciffyh\/becarixs-secyt\/","url":"https:\/\/ffyh.unc.edu.ar\/ciffyh\/becarixs-secyt\/","name":"Becarixs SECyT - Centro de Investigaciones &quot;Maria Saleme de Burnichon&quot;","isPartOf":{"@id":"https:\/\/ffyh.unc.edu.ar\/ciffyh\/#website"},"datePublished":"2023-09-15T19:00:11+00:00","breadcrumb":{"@id":"https:\/\/ffyh.unc.edu.ar\/ciffyh\/becarixs-secyt\/#breadcrumb"},"inLanguage":"es","potentialAction":[{"@type":"ReadAction","target":["https:\/\/ffyh.unc.edu.ar\/ciffyh\/becarixs-secyt\/"]}]},{"@type":"BreadcrumbList","@id":"https:\/\/ffyh.unc.edu.ar\/ciffyh\/becarixs-secyt\/#breadcrumb","itemListElement":[{"@type":"ListItem","position":1,"name":"Portada","item":"https:\/\/ffyh.unc.edu.ar\/ciffyh\/"},{"@type":"ListItem","position":2,"name":"Becarixs SECyT"}]},{"@type":"WebSite","@id":"https:\/\/ffyh.unc.edu.ar\/ciffyh\/#website","url":"https:\/\/ffyh.unc.edu.ar\/ciffyh\/","name":"Centro de Investigaciones \"Maria Saleme de Burnichon\"","description":"Facultad de Filosof\u00eda y Humanidades | UNC","publisher":{"@id":"https:\/\/ffyh.unc.edu.ar\/ciffyh\/#organization"},"potentialAction":[{"@type":"SearchAction","target":{"@type":"EntryPoint","urlTemplate":"https:\/\/ffyh.unc.edu.ar\/ciffyh\/?s={search_term_string}"},"query-input":{"@type":"PropertyValueSpecification","valueRequired":true,"valueName":"search_term_string"}}],"inLanguage":"es"},{"@type":"Organization","@id":"https:\/\/ffyh.unc.edu.ar\/ciffyh\/#organization","name":"Centro de Investigaciones \"Maria Saleme de Burnichon\"","url":"https:\/\/ffyh.unc.edu.ar\/ciffyh\/","logo":{"@type":"ImageObject","inLanguage":"es","@id":"https:\/\/ffyh.unc.edu.ar\/ciffyh\/#\/schema\/logo\/image\/","url":"https:\/\/ffyh.unc.edu.ar\/ciffyh\/wp-content\/uploads\/sites\/10\/2018\/02\/cropped-logo-ciffyh-ico.png","contentUrl":"https:\/\/ffyh.unc.edu.ar\/ciffyh\/wp-content\/uploads\/sites\/10\/2018\/02\/cropped-logo-ciffyh-ico.png","width":512,"height":512,"caption":"Centro de Investigaciones \"Maria Saleme de Burnichon\""},"image":{"@id":"https:\/\/ffyh.unc.edu.ar\/ciffyh\/#\/schema\/logo\/image\/"},"sameAs":["https:\/\/www.instagram.com\/ciffyh\/"]}]}},"_links":{"self":[{"href":"https:\/\/ffyh.unc.edu.ar\/ciffyh\/wp-json\/wp\/v2\/pages\/6553","targetHints":{"allow":["GET"]}}],"collection":[{"href":"https:\/\/ffyh.unc.edu.ar\/ciffyh\/wp-json\/wp\/v2\/pages"}],"about":[{"href":"https:\/\/ffyh.unc.edu.ar\/ciffyh\/wp-json\/wp\/v2\/types\/page"}],"author":[{"embeddable":true,"href":"https:\/\/ffyh.unc.edu.ar\/ciffyh\/wp-json\/wp\/v2\/users\/39"}],"replies":[{"embeddable":true,"href":"https:\/\/ffyh.unc.edu.ar\/ciffyh\/wp-json\/wp\/v2\/comments?post=6553"}],"version-history":[{"count":1,"href":"https:\/\/ffyh.unc.edu.ar\/ciffyh\/wp-json\/wp\/v2\/pages\/6553\/revisions"}],"predecessor-version":[{"id":6554,"href":"https:\/\/ffyh.unc.edu.ar\/ciffyh\/wp-json\/wp\/v2\/pages\/6553\/revisions\/6554"}],"wp:attachment":[{"href":"https:\/\/ffyh.unc.edu.ar\/ciffyh\/wp-json\/wp\/v2\/media?parent=6553"}],"curies":[{"name":"wp","href":"https:\/\/api.w.org\/{rel}","templated":true}]}}