{"id":7412,"date":"2024-08-23T16:00:58","date_gmt":"2024-08-23T16:00:58","guid":{"rendered":"https:\/\/ffyh.unc.edu.ar\/ciffyh\/?page_id=7412"},"modified":"2025-09-11T14:01:29","modified_gmt":"2025-09-11T14:01:29","slug":"politica-de-acceso-abierto","status":"publish","type":"page","link":"https:\/\/ffyh.unc.edu.ar\/ciffyh\/publicaciones\/colecciones-del-ciffyh\/politica-de-acceso-abierto\/","title":{"rendered":"Pol\u00edtica de Acceso Abierto"},"content":{"rendered":"<h4><b>Colecciones del CIFFyH<\/b><\/h4>\n<p><span style=\"font-weight: 400\">Las Colecciones del CIFFyH se alinean con las pol\u00edticas de Acceso Abierto a la informaci\u00f3n cient\u00edfica que promueven la circulaci\u00f3n libre, gratuita y sin restricciones de las publicaciones e investigaciones financiadas con fondos p\u00fablicos.\u00a0<\/span><\/p>\n<h5><i><span style=\"font-weight: 400\">\u00bfQu\u00e9 implica adherir a un modelo de Acceso Abierto?\u00a0<\/span><\/i><\/h5>\n<p><span style=\"font-weight: 400\">Como lo establecen las pol\u00edticas de Acceso Abierto adoptadas por Argentina (<strong><a href=\"https:\/\/servicios.infoleg.gob.ar\/infolegInternet\/anexos\/220000-224999\/223459\/norma.htm\" target=\"_blank\" rel=\"noopener\">Ley Nacional 26.899<\/a><\/strong> y su <strong><a href=\"https:\/\/www.boletinoficial.gob.ar\/detalleAviso\/primera\/154125\/20161116\" target=\"_blank\" rel=\"noopener\">reglamentaci\u00f3n<\/a><\/strong>) este modelo implica \u201cque los usuarios de la producci\u00f3n cient\u00edfico-tecnol\u00f3gica pueden, en forma gratuita; leer, descargar, copiar, distribuir, imprimir, buscar o enlazar los textos completos de los art\u00edculos cient\u00edficos, y usarlos con prop\u00f3sitos leg\u00edtimos ligados a la investigaci\u00f3n cient\u00edfica, al desarrollo tecnol\u00f3gico, a la innovaci\u00f3n, a la educaci\u00f3n o a la gesti\u00f3n de pol\u00edticas p\u00fablicas, sin otras barreras econ\u00f3micas, legales o t\u00e9cnicas que las que suponga Internet en s\u00ed misma\u201d.<\/span><\/p>\n<p><span style=\"font-weight: 400\">Por ello, las Colecciones del CIFFyH promueven, apoyan y proveen acceso libre, inmediato y a texto completo de todos sus e-books, bajo el principio de ofrecer a la sociedad su producci\u00f3n acad\u00e9mica cient\u00edfica sin restricciones, contribuyendo a un mayor intercambio del conocimiento global.\u00a0<\/span><\/p>\n<h5><i><span style=\"font-weight: 400\">\u00bfNuestra pol\u00edtica de Acceso Abierto va en contra del derecho de autorx?<\/span><\/i><\/h5>\n<p><span style=\"font-weight: 400\">El conocimiento es abierto si cualquiera es libre de acceder a \u00e9l, usarlo, modificarlo y compartirlo. No obstante, el concepto de Acceso Abierto no se opone a medidas que preserven su autor\u00eda. De hecho, la \u00fanica condici\u00f3n que plantea este modelo para la reproducci\u00f3n y distribuci\u00f3n de las obras, es la obligaci\u00f3n de otorgar a lxs autorxs el control sobre la integridad de su trabajo y el derecho a ser adecuadamente reconocidxs y citadxs.<\/span><\/p>\n<p><span style=\"font-weight: 400\">Es decir, el material que se publique se puede copiar, transformar, modificar y redistribuir en cualquier medio o formato para cualquier prop\u00f3sito, incluso comercialmente. No obstante, quien lo emplee debe dar cr\u00e9dito de manera adecuada, brindar un enlace a la licencia e indicar si se han realizado cambios. Al mismo tiempo, otros derechos, como por ejemplo el de privacidad o derechos morales, pueden limitar la forma en que utilice el material.<\/span><\/p>\n<h5><i><span style=\"font-weight: 400\">Sobre el uso de licencias de acceso abierto<\/span><\/i><\/h5>\n<p><span style=\"font-weight: 400\">Las licencias Creative Commons son licencias de derecho de autor y dependen de la existencia del derecho de autor para funcionar. Estas licencias son herramientas legales que las personas creadores y otras titulares de derechos pueden utilizar para ofrecer ciertos derechos de uso al p\u00fablico, mientras se reservan otros derechos.<\/span><\/p>\n<p><span style=\"font-weight: 400\">Los manuscritos que se presenten a la convocatoria de las Colecciones del CIFFyH, una vez que hayan pasado por el debido proceso de evaluaci\u00f3n, ser\u00e1n publicados bajo <\/span><b>Licencia Creative Commons Reconocimiento \u2013 Compartir Igual <\/b><span style=\"font-weight: 400\">(by-sa).\u00a0<\/span><\/p>\n<p><span style=\"font-weight: 400\">\u00bfQu\u00e9 permite el uso de la <\/span><b>Licencia Creative Commons Reconocimiento \u2013 Compartir Igual <\/b><span style=\"font-weight: 400\">(by-sa) y bajo qu\u00e9 t\u00e9rminos? Con esta licencia:\u00a0<\/span><\/p>\n<p><a href=\"https:\/\/creativecommons.org\/licenses\/by-sa\/4.0\/deed.es\"><img fetchpriority=\"high\" decoding=\"async\" class=\"alignnone size-full wp-image-7413\" src=\"http:\/\/ffyh.unc.edu.ar\/ciffyh\/wp-content\/uploads\/sites\/10\/2024\/08\/cc.jpg\" alt=\"\" width=\"844\" height=\"1053\" srcset=\"https:\/\/ffyh.unc.edu.ar\/ciffyh\/wp-content\/uploads\/sites\/10\/2024\/08\/cc.jpg 844w, https:\/\/ffyh.unc.edu.ar\/ciffyh\/wp-content\/uploads\/sites\/10\/2024\/08\/cc-240x300.jpg 240w, https:\/\/ffyh.unc.edu.ar\/ciffyh\/wp-content\/uploads\/sites\/10\/2024\/08\/cc-821x1024.jpg 821w, https:\/\/ffyh.unc.edu.ar\/ciffyh\/wp-content\/uploads\/sites\/10\/2024\/08\/cc-768x958.jpg 768w\" sizes=\"(max-width: 844px) 100vw, 844px\" \/><\/a><\/p>\n<p><span style=\"font-weight: 400\">Un aspecto importante a se\u00f1alar es que todo el material que el manuscrito aspirante a formar parte de estas Colecciones posea en su interior (ilustraciones, fotograf\u00edas, infograf\u00edas, material did\u00e1ctico, etc.) estar\u00e1 sujeto a la licencia Creative Commons ya mencionada y es por eso que solicitamos completar, para todos aquellos recursos incorporados al libro digital, una nota de permiso de uso donde se aclara el tipo de licencia a utilizar.<\/span><\/p>\n<p><span style=\"font-weight: 400\">Se\u00f1alamos tambi\u00e9n que lx autorx otorga a todos lxs usuarixs potenciales, de manera irrevocable y por un periodo de tiempo ilimitado, el derecho de utilizar, copiar o distribuir el contenido, con la \u00fanica condici\u00f3n de que se d\u00e9 el cr\u00e9dito correspondiente de su autor\u00eda. <\/span><\/p>\n<p><span style=\"font-weight: 400\">Adem\u00e1s, autoriza que su trabajo sea incluido en repositorios institucionales con miras a incrementar la visibilidad de la publicaci\u00f3n y de sus autorxs.<\/span><\/p>\n<p><span style=\"font-weight: 400\">Para profundizar en las caracter\u00edsticas de la Licencia Creative Commons Reconocimiento \u2013 Compartir Igual (by-sa) lxs invitamos acceder al siguiente sitio web: <\/span><strong><a href=\"https:\/\/creativecommons.org\/licenses\/by-sa\/4.0\/deed.es\" target=\"_blank\" rel=\"noopener\">https:\/\/creativecommons.org\/licenses\/by-sa\/4.0\/deed.es<\/a><\/strong><\/p>\n<p><span style=\"font-weight: 400\">All\u00ed tambi\u00e9n encontrar\u00e1 informaci\u00f3n ampliada sobre algunos aspectos que pueden ser de inter\u00e9s, como por ejemplo excepciones o limitaciones de estas licencias, informaci\u00f3n sobre privacidad y derechos morales, gu\u00edas sobre c\u00f3mo dar cr\u00e9dito de manera adecuada o indicar si se han realizado cambios, etc.\u00a0<\/span><\/p>\n<hr \/>\n<p style=\"text-align: right\"><em>La pol\u00edtica de Acceso Abierto de las Colecciones del CIFFyH fue elaborada conjuntamente por el CIFFyH, el \u00c1rea de Publicaciones y el \u00c1rea de Tecnolog\u00eda Educativa de la Facultad de Filosof\u00eda y Humanidades de la UNC.<\/em><\/p>\n<hr \/>\n<p><strong>Sitios consultados<\/strong><\/p>\n<p>InfoLEG Informaci\u00f3n legislativa.\u00a0Ley 26.899. Repositorios digitales institucionales de acceso abierto. <a href=\"http:\/\/servicios.infoleg.gob.ar\/infolegInternet\/anexos\/220000-224999\/223459\/norma.htm\"><span style=\"font-weight: 400\">http:\/\/servicios.infoleg.gob.ar\/infolegInternet\/anexos\/220000-224999\/223459\/norma.htm<\/span><\/a><\/p>\n<p>Bolet\u00edn Oficial de la Rep\u00fablica Argentina. Resoluci\u00f3n 753 &#8211; E\/2016 <a href=\"https:\/\/www.boletinoficial.gob.ar\/#!DetalleNorma\/154125\/20161116\"><span style=\"font-weight: 400\">https:\/\/www.boletinoficial.gob.ar\/#!DetalleNorma\/154125\/20161116<\/span><\/a><\/p>\n<p>UNESCO. Acceso Abierto <a href=\"https:\/\/www.unesco.org\/es\/open-access#:~:text=El%20acceso%20abierto%20ofrece%20una,difusi%C3%B3n%20de%20la%20informaci%C3%B3n%20cient%C3%ADfica\"><span style=\"font-weight: 400\">https:\/\/www.unesco.org\/es\/open-access#:~:text=El%20acceso%20abierto%20ofrece%20una,difusi%C3%B3n%20de%20la%20informaci%C3%B3n%20cient%C3%ADfica<\/span><\/a><span style=\"font-weight: 400\">.\u00a0<\/span><\/p>\n<p>Creative Commons Argentina<\/p>\n<p><a href=\"https:\/\/creativecommons.org.ar\/faq-2\/\"><span style=\"font-weight: 400\">https:\/\/creativecommons.org.ar\/faq-2\/<\/span><\/a><span style=\"font-weight: 400\">\u00a0<\/span><\/p>\n<p><a href=\"https:\/\/creativecommons.org.ar\/licencias\/\"><span style=\"font-weight: 400\">https:\/\/creativecommons.org.ar\/licencias\/<\/span><\/a><span style=\"font-weight: 400\">\u00a0<\/span><\/p>\n<p>Open Knowledge<\/p>\n<p><a href=\"https:\/\/opendefinition.org\/od\/2.1\/es\/\"><span style=\"font-weight: 400\">https:\/\/opendefinition.org\/od\/2.1\/es\/<\/span><\/a><\/p>\n<p>&nbsp;<\/p>\n","protected":false},"excerpt":{"rendered":"<p>Colecciones del CIFFyH Las Colecciones del CIFFyH se alinean con las pol\u00edticas de Acceso Abierto a la informaci\u00f3n cient\u00edfica que<\/p>\n","protected":false},"author":39,"featured_media":0,"parent":6363,"menu_order":0,"comment_status":"closed","ping_status":"closed","template":"","meta":{"_acf_changed":false,"colormag_page_container_layout":"default_layout","colormag_page_sidebar_layout":"default_layout","footnotes":""},"class_list":["post-7412","page","type-page","status-publish","hentry"],"acf":[],"yoast_head":"<!-- This site is optimized with the Yoast SEO plugin v27.1.1 - https:\/\/yoast.com\/product\/yoast-seo-wordpress\/ -->\n<title>Pol\u00edtica de Acceso Abierto - Centro de Investigaciones &quot;Maria Saleme de Burnichon&quot;<\/title>\n<meta name=\"robots\" content=\"index, follow, max-snippet:-1, max-image-preview:large, max-video-preview:-1\" \/>\n<link rel=\"canonical\" href=\"https:\/\/ffyh.unc.edu.ar\/ciffyh\/publicaciones\/colecciones-del-ciffyh\/politica-de-acceso-abierto\/\" \/>\n<meta property=\"og:locale\" content=\"es_ES\" \/>\n<meta property=\"og:type\" content=\"article\" \/>\n<meta property=\"og:title\" content=\"Pol\u00edtica de Acceso Abierto - Centro de Investigaciones &quot;Maria Saleme de Burnichon&quot;\" \/>\n<meta property=\"og:description\" content=\"Colecciones del CIFFyH Las Colecciones del CIFFyH se alinean con las pol\u00edticas de Acceso Abierto a la informaci\u00f3n cient\u00edfica que\" \/>\n<meta property=\"og:url\" content=\"https:\/\/ffyh.unc.edu.ar\/ciffyh\/publicaciones\/colecciones-del-ciffyh\/politica-de-acceso-abierto\/\" \/>\n<meta property=\"og:site_name\" content=\"Centro de Investigaciones &quot;Maria Saleme de Burnichon&quot;\" \/>\n<meta property=\"article:modified_time\" content=\"2025-09-11T14:01:29+00:00\" \/>\n<meta property=\"og:image\" content=\"https:\/\/ffyh.unc.edu.ar\/ciffyh\/wp-content\/uploads\/sites\/10\/2024\/08\/cc.jpg\" \/>\n\t<meta property=\"og:image:width\" content=\"844\" \/>\n\t<meta property=\"og:image:height\" content=\"1053\" \/>\n\t<meta property=\"og:image:type\" content=\"image\/jpeg\" \/>\n<meta name=\"twitter:card\" content=\"summary_large_image\" \/>\n<meta name=\"twitter:label1\" content=\"Tiempo de lectura\" \/>\n\t<meta name=\"twitter:data1\" content=\"4 minutos\" \/>\n<script type=\"application\/ld+json\" class=\"yoast-schema-graph\">{\"@context\":\"https:\/\/schema.org\",\"@graph\":[{\"@type\":\"WebPage\",\"@id\":\"https:\/\/ffyh.unc.edu.ar\/ciffyh\/publicaciones\/colecciones-del-ciffyh\/politica-de-acceso-abierto\/\",\"url\":\"https:\/\/ffyh.unc.edu.ar\/ciffyh\/publicaciones\/colecciones-del-ciffyh\/politica-de-acceso-abierto\/\",\"name\":\"Pol\u00edtica de Acceso Abierto - Centro de Investigaciones &quot;Maria Saleme de Burnichon&quot;\",\"isPartOf\":{\"@id\":\"https:\/\/ffyh.unc.edu.ar\/ciffyh\/#website\"},\"primaryImageOfPage\":{\"@id\":\"https:\/\/ffyh.unc.edu.ar\/ciffyh\/publicaciones\/colecciones-del-ciffyh\/politica-de-acceso-abierto\/#primaryimage\"},\"image\":{\"@id\":\"https:\/\/ffyh.unc.edu.ar\/ciffyh\/publicaciones\/colecciones-del-ciffyh\/politica-de-acceso-abierto\/#primaryimage\"},\"thumbnailUrl\":\"http:\/\/ffyh.unc.edu.ar\/ciffyh\/wp-content\/uploads\/sites\/10\/2024\/08\/cc.jpg\",\"datePublished\":\"2024-08-23T16:00:58+00:00\",\"dateModified\":\"2025-09-11T14:01:29+00:00\",\"breadcrumb\":{\"@id\":\"https:\/\/ffyh.unc.edu.ar\/ciffyh\/publicaciones\/colecciones-del-ciffyh\/politica-de-acceso-abierto\/#breadcrumb\"},\"inLanguage\":\"es\",\"potentialAction\":[{\"@type\":\"ReadAction\",\"target\":[\"https:\/\/ffyh.unc.edu.ar\/ciffyh\/publicaciones\/colecciones-del-ciffyh\/politica-de-acceso-abierto\/\"]}]},{\"@type\":\"ImageObject\",\"inLanguage\":\"es\",\"@id\":\"https:\/\/ffyh.unc.edu.ar\/ciffyh\/publicaciones\/colecciones-del-ciffyh\/politica-de-acceso-abierto\/#primaryimage\",\"url\":\"https:\/\/ffyh.unc.edu.ar\/ciffyh\/wp-content\/uploads\/sites\/10\/2024\/08\/cc.jpg\",\"contentUrl\":\"https:\/\/ffyh.unc.edu.ar\/ciffyh\/wp-content\/uploads\/sites\/10\/2024\/08\/cc.jpg\",\"width\":844,\"height\":1053},{\"@type\":\"BreadcrumbList\",\"@id\":\"https:\/\/ffyh.unc.edu.ar\/ciffyh\/publicaciones\/colecciones-del-ciffyh\/politica-de-acceso-abierto\/#breadcrumb\",\"itemListElement\":[{\"@type\":\"ListItem\",\"position\":1,\"name\":\"Portada\",\"item\":\"https:\/\/ffyh.unc.edu.ar\/ciffyh\/\"},{\"@type\":\"ListItem\",\"position\":2,\"name\":\"Publicaciones\",\"item\":\"https:\/\/ffyh.unc.edu.ar\/ciffyh\/publicaciones\/\"},{\"@type\":\"ListItem\",\"position\":3,\"name\":\"Colecciones del CIFFyH\",\"item\":\"https:\/\/ffyh.unc.edu.ar\/ciffyh\/publicaciones\/colecciones-del-ciffyh\/\"},{\"@type\":\"ListItem\",\"position\":4,\"name\":\"Pol\u00edtica de Acceso Abierto\"}]},{\"@type\":\"WebSite\",\"@id\":\"https:\/\/ffyh.unc.edu.ar\/ciffyh\/#website\",\"url\":\"https:\/\/ffyh.unc.edu.ar\/ciffyh\/\",\"name\":\"Centro de Investigaciones \\\"Maria Saleme de Burnichon\\\"\",\"description\":\"Facultad de Filosof\u00eda y Humanidades | UNC\",\"publisher\":{\"@id\":\"https:\/\/ffyh.unc.edu.ar\/ciffyh\/#organization\"},\"potentialAction\":[{\"@type\":\"SearchAction\",\"target\":{\"@type\":\"EntryPoint\",\"urlTemplate\":\"https:\/\/ffyh.unc.edu.ar\/ciffyh\/?s={search_term_string}\"},\"query-input\":{\"@type\":\"PropertyValueSpecification\",\"valueRequired\":true,\"valueName\":\"search_term_string\"}}],\"inLanguage\":\"es\"},{\"@type\":\"Organization\",\"@id\":\"https:\/\/ffyh.unc.edu.ar\/ciffyh\/#organization\",\"name\":\"Centro de Investigaciones \\\"Maria Saleme de Burnichon\\\"\",\"url\":\"https:\/\/ffyh.unc.edu.ar\/ciffyh\/\",\"logo\":{\"@type\":\"ImageObject\",\"inLanguage\":\"es\",\"@id\":\"https:\/\/ffyh.unc.edu.ar\/ciffyh\/#\/schema\/logo\/image\/\",\"url\":\"https:\/\/ffyh.unc.edu.ar\/ciffyh\/wp-content\/uploads\/sites\/10\/2018\/02\/cropped-logo-ciffyh-ico.png\",\"contentUrl\":\"https:\/\/ffyh.unc.edu.ar\/ciffyh\/wp-content\/uploads\/sites\/10\/2018\/02\/cropped-logo-ciffyh-ico.png\",\"width\":512,\"height\":512,\"caption\":\"Centro de Investigaciones \\\"Maria Saleme de Burnichon\\\"\"},\"image\":{\"@id\":\"https:\/\/ffyh.unc.edu.ar\/ciffyh\/#\/schema\/logo\/image\/\"},\"sameAs\":[\"https:\/\/www.instagram.com\/ciffyh\/\"]}]}<\/script>\n<!-- \/ Yoast SEO plugin. -->","yoast_head_json":{"title":"Pol\u00edtica de Acceso Abierto - Centro de Investigaciones &quot;Maria Saleme de Burnichon&quot;","robots":{"index":"index","follow":"follow","max-snippet":"max-snippet:-1","max-image-preview":"max-image-preview:large","max-video-preview":"max-video-preview:-1"},"canonical":"https:\/\/ffyh.unc.edu.ar\/ciffyh\/publicaciones\/colecciones-del-ciffyh\/politica-de-acceso-abierto\/","og_locale":"es_ES","og_type":"article","og_title":"Pol\u00edtica de Acceso Abierto - Centro de Investigaciones &quot;Maria Saleme de Burnichon&quot;","og_description":"Colecciones del CIFFyH Las Colecciones del CIFFyH se alinean con las pol\u00edticas de Acceso Abierto a la informaci\u00f3n cient\u00edfica que","og_url":"https:\/\/ffyh.unc.edu.ar\/ciffyh\/publicaciones\/colecciones-del-ciffyh\/politica-de-acceso-abierto\/","og_site_name":"Centro de Investigaciones &quot;Maria Saleme de Burnichon&quot;","article_modified_time":"2025-09-11T14:01:29+00:00","og_image":[{"width":844,"height":1053,"url":"https:\/\/ffyh.unc.edu.ar\/ciffyh\/wp-content\/uploads\/sites\/10\/2024\/08\/cc.jpg","type":"image\/jpeg"}],"twitter_card":"summary_large_image","twitter_misc":{"Tiempo de lectura":"4 minutos"},"schema":{"@context":"https:\/\/schema.org","@graph":[{"@type":"WebPage","@id":"https:\/\/ffyh.unc.edu.ar\/ciffyh\/publicaciones\/colecciones-del-ciffyh\/politica-de-acceso-abierto\/","url":"https:\/\/ffyh.unc.edu.ar\/ciffyh\/publicaciones\/colecciones-del-ciffyh\/politica-de-acceso-abierto\/","name":"Pol\u00edtica de Acceso Abierto - Centro de Investigaciones &quot;Maria Saleme de Burnichon&quot;","isPartOf":{"@id":"https:\/\/ffyh.unc.edu.ar\/ciffyh\/#website"},"primaryImageOfPage":{"@id":"https:\/\/ffyh.unc.edu.ar\/ciffyh\/publicaciones\/colecciones-del-ciffyh\/politica-de-acceso-abierto\/#primaryimage"},"image":{"@id":"https:\/\/ffyh.unc.edu.ar\/ciffyh\/publicaciones\/colecciones-del-ciffyh\/politica-de-acceso-abierto\/#primaryimage"},"thumbnailUrl":"http:\/\/ffyh.unc.edu.ar\/ciffyh\/wp-content\/uploads\/sites\/10\/2024\/08\/cc.jpg","datePublished":"2024-08-23T16:00:58+00:00","dateModified":"2025-09-11T14:01:29+00:00","breadcrumb":{"@id":"https:\/\/ffyh.unc.edu.ar\/ciffyh\/publicaciones\/colecciones-del-ciffyh\/politica-de-acceso-abierto\/#breadcrumb"},"inLanguage":"es","potentialAction":[{"@type":"ReadAction","target":["https:\/\/ffyh.unc.edu.ar\/ciffyh\/publicaciones\/colecciones-del-ciffyh\/politica-de-acceso-abierto\/"]}]},{"@type":"ImageObject","inLanguage":"es","@id":"https:\/\/ffyh.unc.edu.ar\/ciffyh\/publicaciones\/colecciones-del-ciffyh\/politica-de-acceso-abierto\/#primaryimage","url":"https:\/\/ffyh.unc.edu.ar\/ciffyh\/wp-content\/uploads\/sites\/10\/2024\/08\/cc.jpg","contentUrl":"https:\/\/ffyh.unc.edu.ar\/ciffyh\/wp-content\/uploads\/sites\/10\/2024\/08\/cc.jpg","width":844,"height":1053},{"@type":"BreadcrumbList","@id":"https:\/\/ffyh.unc.edu.ar\/ciffyh\/publicaciones\/colecciones-del-ciffyh\/politica-de-acceso-abierto\/#breadcrumb","itemListElement":[{"@type":"ListItem","position":1,"name":"Portada","item":"https:\/\/ffyh.unc.edu.ar\/ciffyh\/"},{"@type":"ListItem","position":2,"name":"Publicaciones","item":"https:\/\/ffyh.unc.edu.ar\/ciffyh\/publicaciones\/"},{"@type":"ListItem","position":3,"name":"Colecciones del CIFFyH","item":"https:\/\/ffyh.unc.edu.ar\/ciffyh\/publicaciones\/colecciones-del-ciffyh\/"},{"@type":"ListItem","position":4,"name":"Pol\u00edtica de Acceso Abierto"}]},{"@type":"WebSite","@id":"https:\/\/ffyh.unc.edu.ar\/ciffyh\/#website","url":"https:\/\/ffyh.unc.edu.ar\/ciffyh\/","name":"Centro de Investigaciones \"Maria Saleme de Burnichon\"","description":"Facultad de Filosof\u00eda y Humanidades | UNC","publisher":{"@id":"https:\/\/ffyh.unc.edu.ar\/ciffyh\/#organization"},"potentialAction":[{"@type":"SearchAction","target":{"@type":"EntryPoint","urlTemplate":"https:\/\/ffyh.unc.edu.ar\/ciffyh\/?s={search_term_string}"},"query-input":{"@type":"PropertyValueSpecification","valueRequired":true,"valueName":"search_term_string"}}],"inLanguage":"es"},{"@type":"Organization","@id":"https:\/\/ffyh.unc.edu.ar\/ciffyh\/#organization","name":"Centro de Investigaciones \"Maria Saleme de Burnichon\"","url":"https:\/\/ffyh.unc.edu.ar\/ciffyh\/","logo":{"@type":"ImageObject","inLanguage":"es","@id":"https:\/\/ffyh.unc.edu.ar\/ciffyh\/#\/schema\/logo\/image\/","url":"https:\/\/ffyh.unc.edu.ar\/ciffyh\/wp-content\/uploads\/sites\/10\/2018\/02\/cropped-logo-ciffyh-ico.png","contentUrl":"https:\/\/ffyh.unc.edu.ar\/ciffyh\/wp-content\/uploads\/sites\/10\/2018\/02\/cropped-logo-ciffyh-ico.png","width":512,"height":512,"caption":"Centro de Investigaciones \"Maria Saleme de Burnichon\""},"image":{"@id":"https:\/\/ffyh.unc.edu.ar\/ciffyh\/#\/schema\/logo\/image\/"},"sameAs":["https:\/\/www.instagram.com\/ciffyh\/"]}]}},"_links":{"self":[{"href":"https:\/\/ffyh.unc.edu.ar\/ciffyh\/wp-json\/wp\/v2\/pages\/7412","targetHints":{"allow":["GET"]}}],"collection":[{"href":"https:\/\/ffyh.unc.edu.ar\/ciffyh\/wp-json\/wp\/v2\/pages"}],"about":[{"href":"https:\/\/ffyh.unc.edu.ar\/ciffyh\/wp-json\/wp\/v2\/types\/page"}],"author":[{"embeddable":true,"href":"https:\/\/ffyh.unc.edu.ar\/ciffyh\/wp-json\/wp\/v2\/users\/39"}],"replies":[{"embeddable":true,"href":"https:\/\/ffyh.unc.edu.ar\/ciffyh\/wp-json\/wp\/v2\/comments?post=7412"}],"version-history":[{"count":8,"href":"https:\/\/ffyh.unc.edu.ar\/ciffyh\/wp-json\/wp\/v2\/pages\/7412\/revisions"}],"predecessor-version":[{"id":8641,"href":"https:\/\/ffyh.unc.edu.ar\/ciffyh\/wp-json\/wp\/v2\/pages\/7412\/revisions\/8641"}],"up":[{"embeddable":true,"href":"https:\/\/ffyh.unc.edu.ar\/ciffyh\/wp-json\/wp\/v2\/pages\/6363"}],"wp:attachment":[{"href":"https:\/\/ffyh.unc.edu.ar\/ciffyh\/wp-json\/wp\/v2\/media?parent=7412"}],"curies":[{"name":"wp","href":"https:\/\/api.w.org\/{rel}","templated":true}]}}