{"id":7568,"date":"2024-10-08T14:45:50","date_gmt":"2024-10-08T14:45:50","guid":{"rendered":"https:\/\/ffyh.unc.edu.ar\/ciffyh\/?page_id=7568"},"modified":"2024-10-09T15:30:09","modified_gmt":"2024-10-09T15:30:09","slug":"proyectos-del-area-de-filosofia","status":"publish","type":"page","link":"https:\/\/ffyh.unc.edu.ar\/ciffyh\/proyectos-del-area-de-filosofia\/","title":{"rendered":"Proyectos del \u00c1rea de Filosof\u00eda"},"content":{"rendered":"<p><a href=\"https:\/\/ffyh.unc.edu.ar\/ciffyh\/wp-content\/uploads\/sites\/10\/2024\/10\/Algunos-aspectos-fundamentales-del-pensamiento-2.pdf\" target=\"_blank\" rel=\"noopener\">Algunos aspectos fundamentales del pensamiento<\/a><\/p>\n<p><a href=\"https:\/\/ffyh.unc.edu.ar\/ciffyh\/wp-content\/uploads\/sites\/10\/2024\/10\/Arendt-en-las-disputas-del-presente-politico-argentino-republicanismos-populares-feminismos-y-memorias-2.pdf\" target=\"_blank\" rel=\"noopener\">Arendt en las disputas del presente pol\u00edtico argentino republicanismos populares, feminismos y memorias<\/a><\/p>\n<p><a href=\"https:\/\/ffyh.unc.edu.ar\/ciffyh\/wp-content\/uploads\/sites\/10\/2024\/10\/Arqueologias-del-porvenir.pdf\" target=\"_blank\" rel=\"noopener\">Arqueolog\u00edas del porvenir<\/a><\/p>\n<p><a href=\"https:\/\/ffyh.unc.edu.ar\/ciffyh\/wp-content\/uploads\/sites\/10\/2024\/10\/Constituirse-como-sujeto-practico.pdf\" target=\"_blank\" rel=\"noopener\">Constituirse como sujeto pr\u00e1ctico. Indagaci\u00f3n hist\u00f3rico-filos\u00f3fica sobre las relaciones entre ethos y praxis<\/a><\/p>\n<p><a href=\"https:\/\/ffyh.unc.edu.ar\/ciffyh\/wp-content\/uploads\/sites\/10\/2024\/10\/El-problema-del-origen-del-lenguaje.pdf\" target=\"_blank\" rel=\"noopener\">El problema del origen del lenguaje en el pensamiento de Nicol\u00e1s de Cusa y sus derivas en la historia de la filosof\u00eda moderna<\/a><\/p>\n<p><a href=\"https:\/\/ffyh.unc.edu.ar\/ciffyh\/wp-content\/uploads\/sites\/10\/2024\/10\/La-cuestion-de-la-critica.-Hacia-una-nueva-metacritica-del-pensamiento-critico.pdf\" target=\"_blank\" rel=\"noopener\">La cuesti\u00f3n (de la) cr\u00edtica. Hacia una nueva metacr\u00edtica del pensamiento cr\u00edtico<\/a><\/p>\n<p><a href=\"https:\/\/ffyh.unc.edu.ar\/ciffyh\/wp-content\/uploads\/sites\/10\/2024\/10\/Lazo-social-y-capitalismo.pdf\" target=\"_blank\" rel=\"noopener\">Lazo social y capitalismo<\/a><\/p>\n<p><a href=\"https:\/\/ffyh.unc.edu.ar\/ciffyh\/wp-content\/uploads\/sites\/10\/2024\/10\/Mentes-intencionales.pdf\" target=\"_blank\" rel=\"noopener\">Mentes intencionales. Variedades de contenido, expresi\u00f3n y atribuci\u00f3n<\/a><\/p>\n<p><a href=\"https:\/\/ffyh.unc.edu.ar\/ciffyh\/wp-content\/uploads\/sites\/10\/2024\/10\/Modalidades-y-actitudes-proposicionales.pdf\" target=\"_blank\" rel=\"noopener\">Modalidades y actitudes proposicionales: precedentes hist\u00f3rico-filos\u00f3ficos y nuevas perspectivas l\u00f3gico-sem\u00e1nticas<\/a><\/p>\n<p><a href=\"https:\/\/ffyh.unc.edu.ar\/ciffyh\/wp-content\/uploads\/sites\/10\/2024\/10\/Razonamiento-argumentacion-y-normatividad-logica-1.pdf\" target=\"_blank\" rel=\"noopener\">Razonamiento, argumentaci\u00f3n y normatividad l\u00f3gica<\/a><\/p>\n<p><a href=\"https:\/\/ffyh.unc.edu.ar\/ciffyh\/wp-content\/uploads\/sites\/10\/2024\/10\/\u00bfQue-son-las-inferencias-2.pdf\" target=\"_blank\" rel=\"noopener\">\u00bfQu\u00e9 son las inferencias? Razonamiento con im\u00e1genes y mapas<\/a><\/p>\n","protected":false},"excerpt":{"rendered":"<p>Algunos aspectos fundamentales del pensamiento Arendt en las disputas del presente pol\u00edtico argentino republicanismos populares, feminismos y memorias Arqueolog\u00edas del<\/p>\n","protected":false},"author":39,"featured_media":0,"parent":0,"menu_order":0,"comment_status":"closed","ping_status":"closed","template":"","meta":{"_acf_changed":false,"colormag_page_container_layout":"default_layout","colormag_page_sidebar_layout":"default_layout","footnotes":""},"class_list":["post-7568","page","type-page","status-publish","hentry"],"acf":[],"yoast_head":"<!-- This site is optimized with the Yoast SEO plugin v27.1.1 - https:\/\/yoast.com\/product\/yoast-seo-wordpress\/ -->\n<title>Proyectos del \u00c1rea de Filosof\u00eda - Centro de Investigaciones &quot;Maria Saleme de Burnichon&quot;<\/title>\n<meta name=\"robots\" content=\"index, follow, max-snippet:-1, max-image-preview:large, max-video-preview:-1\" \/>\n<link rel=\"canonical\" href=\"https:\/\/ffyh.unc.edu.ar\/ciffyh\/proyectos-del-area-de-filosofia\/\" \/>\n<meta property=\"og:locale\" content=\"es_ES\" \/>\n<meta property=\"og:type\" content=\"article\" \/>\n<meta property=\"og:title\" content=\"Proyectos del \u00c1rea de Filosof\u00eda - Centro de Investigaciones &quot;Maria Saleme de Burnichon&quot;\" \/>\n<meta property=\"og:description\" content=\"Algunos aspectos fundamentales del pensamiento Arendt en las disputas del presente pol\u00edtico argentino republicanismos populares, feminismos y memorias Arqueolog\u00edas del\" \/>\n<meta property=\"og:url\" content=\"https:\/\/ffyh.unc.edu.ar\/ciffyh\/proyectos-del-area-de-filosofia\/\" \/>\n<meta property=\"og:site_name\" content=\"Centro de Investigaciones &quot;Maria Saleme de Burnichon&quot;\" \/>\n<meta property=\"article:modified_time\" content=\"2024-10-09T15:30:09+00:00\" \/>\n<meta name=\"twitter:card\" content=\"summary_large_image\" \/>\n<meta name=\"twitter:label1\" content=\"Tiempo de lectura\" \/>\n\t<meta name=\"twitter:data1\" content=\"1 minuto\" \/>\n<script type=\"application\/ld+json\" class=\"yoast-schema-graph\">{\"@context\":\"https:\/\/schema.org\",\"@graph\":[{\"@type\":\"WebPage\",\"@id\":\"https:\/\/ffyh.unc.edu.ar\/ciffyh\/proyectos-del-area-de-filosofia\/\",\"url\":\"https:\/\/ffyh.unc.edu.ar\/ciffyh\/proyectos-del-area-de-filosofia\/\",\"name\":\"Proyectos del \u00c1rea de Filosof\u00eda - Centro de Investigaciones &quot;Maria Saleme de Burnichon&quot;\",\"isPartOf\":{\"@id\":\"https:\/\/ffyh.unc.edu.ar\/ciffyh\/#website\"},\"datePublished\":\"2024-10-08T14:45:50+00:00\",\"dateModified\":\"2024-10-09T15:30:09+00:00\",\"breadcrumb\":{\"@id\":\"https:\/\/ffyh.unc.edu.ar\/ciffyh\/proyectos-del-area-de-filosofia\/#breadcrumb\"},\"inLanguage\":\"es\",\"potentialAction\":[{\"@type\":\"ReadAction\",\"target\":[\"https:\/\/ffyh.unc.edu.ar\/ciffyh\/proyectos-del-area-de-filosofia\/\"]}]},{\"@type\":\"BreadcrumbList\",\"@id\":\"https:\/\/ffyh.unc.edu.ar\/ciffyh\/proyectos-del-area-de-filosofia\/#breadcrumb\",\"itemListElement\":[{\"@type\":\"ListItem\",\"position\":1,\"name\":\"Portada\",\"item\":\"https:\/\/ffyh.unc.edu.ar\/ciffyh\/\"},{\"@type\":\"ListItem\",\"position\":2,\"name\":\"Proyectos del \u00c1rea de Filosof\u00eda\"}]},{\"@type\":\"WebSite\",\"@id\":\"https:\/\/ffyh.unc.edu.ar\/ciffyh\/#website\",\"url\":\"https:\/\/ffyh.unc.edu.ar\/ciffyh\/\",\"name\":\"Centro de Investigaciones \\\"Maria Saleme de Burnichon\\\"\",\"description\":\"Facultad de Filosof\u00eda y Humanidades | UNC\",\"publisher\":{\"@id\":\"https:\/\/ffyh.unc.edu.ar\/ciffyh\/#organization\"},\"potentialAction\":[{\"@type\":\"SearchAction\",\"target\":{\"@type\":\"EntryPoint\",\"urlTemplate\":\"https:\/\/ffyh.unc.edu.ar\/ciffyh\/?s={search_term_string}\"},\"query-input\":{\"@type\":\"PropertyValueSpecification\",\"valueRequired\":true,\"valueName\":\"search_term_string\"}}],\"inLanguage\":\"es\"},{\"@type\":\"Organization\",\"@id\":\"https:\/\/ffyh.unc.edu.ar\/ciffyh\/#organization\",\"name\":\"Centro de Investigaciones \\\"Maria Saleme de Burnichon\\\"\",\"url\":\"https:\/\/ffyh.unc.edu.ar\/ciffyh\/\",\"logo\":{\"@type\":\"ImageObject\",\"inLanguage\":\"es\",\"@id\":\"https:\/\/ffyh.unc.edu.ar\/ciffyh\/#\/schema\/logo\/image\/\",\"url\":\"https:\/\/ffyh.unc.edu.ar\/ciffyh\/wp-content\/uploads\/sites\/10\/2018\/02\/cropped-logo-ciffyh-ico.png\",\"contentUrl\":\"https:\/\/ffyh.unc.edu.ar\/ciffyh\/wp-content\/uploads\/sites\/10\/2018\/02\/cropped-logo-ciffyh-ico.png\",\"width\":512,\"height\":512,\"caption\":\"Centro de Investigaciones \\\"Maria Saleme de Burnichon\\\"\"},\"image\":{\"@id\":\"https:\/\/ffyh.unc.edu.ar\/ciffyh\/#\/schema\/logo\/image\/\"},\"sameAs\":[\"https:\/\/www.instagram.com\/ciffyh\/\"]}]}<\/script>\n<!-- \/ Yoast SEO plugin. -->","yoast_head_json":{"title":"Proyectos del \u00c1rea de Filosof\u00eda - Centro de Investigaciones &quot;Maria Saleme de Burnichon&quot;","robots":{"index":"index","follow":"follow","max-snippet":"max-snippet:-1","max-image-preview":"max-image-preview:large","max-video-preview":"max-video-preview:-1"},"canonical":"https:\/\/ffyh.unc.edu.ar\/ciffyh\/proyectos-del-area-de-filosofia\/","og_locale":"es_ES","og_type":"article","og_title":"Proyectos del \u00c1rea de Filosof\u00eda - Centro de Investigaciones &quot;Maria Saleme de Burnichon&quot;","og_description":"Algunos aspectos fundamentales del pensamiento Arendt en las disputas del presente pol\u00edtico argentino republicanismos populares, feminismos y memorias Arqueolog\u00edas del","og_url":"https:\/\/ffyh.unc.edu.ar\/ciffyh\/proyectos-del-area-de-filosofia\/","og_site_name":"Centro de Investigaciones &quot;Maria Saleme de Burnichon&quot;","article_modified_time":"2024-10-09T15:30:09+00:00","twitter_card":"summary_large_image","twitter_misc":{"Tiempo de lectura":"1 minuto"},"schema":{"@context":"https:\/\/schema.org","@graph":[{"@type":"WebPage","@id":"https:\/\/ffyh.unc.edu.ar\/ciffyh\/proyectos-del-area-de-filosofia\/","url":"https:\/\/ffyh.unc.edu.ar\/ciffyh\/proyectos-del-area-de-filosofia\/","name":"Proyectos del \u00c1rea de Filosof\u00eda - Centro de Investigaciones &quot;Maria Saleme de Burnichon&quot;","isPartOf":{"@id":"https:\/\/ffyh.unc.edu.ar\/ciffyh\/#website"},"datePublished":"2024-10-08T14:45:50+00:00","dateModified":"2024-10-09T15:30:09+00:00","breadcrumb":{"@id":"https:\/\/ffyh.unc.edu.ar\/ciffyh\/proyectos-del-area-de-filosofia\/#breadcrumb"},"inLanguage":"es","potentialAction":[{"@type":"ReadAction","target":["https:\/\/ffyh.unc.edu.ar\/ciffyh\/proyectos-del-area-de-filosofia\/"]}]},{"@type":"BreadcrumbList","@id":"https:\/\/ffyh.unc.edu.ar\/ciffyh\/proyectos-del-area-de-filosofia\/#breadcrumb","itemListElement":[{"@type":"ListItem","position":1,"name":"Portada","item":"https:\/\/ffyh.unc.edu.ar\/ciffyh\/"},{"@type":"ListItem","position":2,"name":"Proyectos del \u00c1rea de Filosof\u00eda"}]},{"@type":"WebSite","@id":"https:\/\/ffyh.unc.edu.ar\/ciffyh\/#website","url":"https:\/\/ffyh.unc.edu.ar\/ciffyh\/","name":"Centro de Investigaciones \"Maria Saleme de Burnichon\"","description":"Facultad de Filosof\u00eda y Humanidades | UNC","publisher":{"@id":"https:\/\/ffyh.unc.edu.ar\/ciffyh\/#organization"},"potentialAction":[{"@type":"SearchAction","target":{"@type":"EntryPoint","urlTemplate":"https:\/\/ffyh.unc.edu.ar\/ciffyh\/?s={search_term_string}"},"query-input":{"@type":"PropertyValueSpecification","valueRequired":true,"valueName":"search_term_string"}}],"inLanguage":"es"},{"@type":"Organization","@id":"https:\/\/ffyh.unc.edu.ar\/ciffyh\/#organization","name":"Centro de Investigaciones \"Maria Saleme de Burnichon\"","url":"https:\/\/ffyh.unc.edu.ar\/ciffyh\/","logo":{"@type":"ImageObject","inLanguage":"es","@id":"https:\/\/ffyh.unc.edu.ar\/ciffyh\/#\/schema\/logo\/image\/","url":"https:\/\/ffyh.unc.edu.ar\/ciffyh\/wp-content\/uploads\/sites\/10\/2018\/02\/cropped-logo-ciffyh-ico.png","contentUrl":"https:\/\/ffyh.unc.edu.ar\/ciffyh\/wp-content\/uploads\/sites\/10\/2018\/02\/cropped-logo-ciffyh-ico.png","width":512,"height":512,"caption":"Centro de Investigaciones \"Maria Saleme de Burnichon\""},"image":{"@id":"https:\/\/ffyh.unc.edu.ar\/ciffyh\/#\/schema\/logo\/image\/"},"sameAs":["https:\/\/www.instagram.com\/ciffyh\/"]}]}},"_links":{"self":[{"href":"https:\/\/ffyh.unc.edu.ar\/ciffyh\/wp-json\/wp\/v2\/pages\/7568","targetHints":{"allow":["GET"]}}],"collection":[{"href":"https:\/\/ffyh.unc.edu.ar\/ciffyh\/wp-json\/wp\/v2\/pages"}],"about":[{"href":"https:\/\/ffyh.unc.edu.ar\/ciffyh\/wp-json\/wp\/v2\/types\/page"}],"author":[{"embeddable":true,"href":"https:\/\/ffyh.unc.edu.ar\/ciffyh\/wp-json\/wp\/v2\/users\/39"}],"replies":[{"embeddable":true,"href":"https:\/\/ffyh.unc.edu.ar\/ciffyh\/wp-json\/wp\/v2\/comments?post=7568"}],"version-history":[{"count":11,"href":"https:\/\/ffyh.unc.edu.ar\/ciffyh\/wp-json\/wp\/v2\/pages\/7568\/revisions"}],"predecessor-version":[{"id":7603,"href":"https:\/\/ffyh.unc.edu.ar\/ciffyh\/wp-json\/wp\/v2\/pages\/7568\/revisions\/7603"}],"wp:attachment":[{"href":"https:\/\/ffyh.unc.edu.ar\/ciffyh\/wp-json\/wp\/v2\/media?parent=7568"}],"curies":[{"name":"wp","href":"https:\/\/api.w.org\/{rel}","templated":true}]}}