{"id":7661,"date":"2024-10-23T19:14:47","date_gmt":"2024-10-23T19:14:47","guid":{"rendered":"https:\/\/ffyh.unc.edu.ar\/ciffyh\/?page_id=7661"},"modified":"2024-12-17T14:51:49","modified_gmt":"2024-12-17T14:51:49","slug":"gustavo-blazquez","status":"publish","type":"page","link":"https:\/\/ffyh.unc.edu.ar\/ciffyh\/gustavo-blazquez\/","title":{"rendered":"Gustavo Bl\u00e1zquez"},"content":{"rendered":"<p><img fetchpriority=\"high\" decoding=\"async\" class=\"alignright wp-image-7860 size-medium\" src=\"http:\/\/ffyh.unc.edu.ar\/ciffyh\/wp-content\/uploads\/sites\/10\/2024\/12\/blazquez-web-300x291.jpeg\" alt=\"\" width=\"300\" height=\"291\" srcset=\"https:\/\/ffyh.unc.edu.ar\/ciffyh\/wp-content\/uploads\/sites\/10\/2024\/12\/blazquez-web-300x291.jpeg 300w, https:\/\/ffyh.unc.edu.ar\/ciffyh\/wp-content\/uploads\/sites\/10\/2024\/12\/blazquez-web-1024x994.jpeg 1024w, https:\/\/ffyh.unc.edu.ar\/ciffyh\/wp-content\/uploads\/sites\/10\/2024\/12\/blazquez-web-768x746.jpeg 768w, https:\/\/ffyh.unc.edu.ar\/ciffyh\/wp-content\/uploads\/sites\/10\/2024\/12\/blazquez-web.jpeg 1199w\" sizes=\"(max-width: 300px) 100vw, 300px\" \/>Gustavo es doctor en Antropolog\u00eda Social (2004) por la Universidad Federal de Rio de Janeiro. Actualmente es investigador del Consejo Nacional de Investigaciones Cient\u00edficas y T\u00e9cnicas (CONICET) donde reviste la categor\u00eda de Principal. Tambi\u00e9n es Investigador del CIFFyH (\u00c1rea Ciencias Sociales) donde dirige desde 2014 el Programa \u201cSubjetividades y sujeciones contempor\u00e1neas\u201d. Entre 2007 y 2015 fue Director Acad\u00e9mico del Curso de Posgrado en Administraci\u00f3n y Gesti\u00f3n Cultural (UNC). Organiz\u00f3 diversas muestras y festivales art\u00edsticos en C\u00f3rdoba. Creo y dirigi\u00f3 hasta 2021, la Especializaci\u00f3n en Estudios de Performance que se dicta actualmente en la Facultad de Artes de la UNC. Particip\u00f3 en los comit\u00e9s acad\u00e9micos de la Maestr\u00eda y el Doctorado en Antropolog\u00eda, el Doctorado en Artes y en el Doctorado en Estudios de G\u00e9nero.<\/p>\n<p>Sus investigaciones versan sobre la construcci\u00f3n performativa de subjetividades a partir del an\u00e1lisis de pr\u00e1cticas de producci\u00f3n art\u00edstica y consumo culturales juveniles con \u00e9nfasis en las culturas populares, la producci\u00f3n de sexualidades.<\/p>\n<p>Sus primeros trabajos se orientaron al an\u00e1lisis de la producci\u00f3n de sentimientos patri\u00f3ticos en ni\u00f1os (<em>Los actos escolares. La invenci\u00f3n de la patria en la escuela<\/em>. Editorial Mi\u00f1o y D\u00e1vila. Buenos Aires. 2012). Sus pesquisas recientes se preocupan por una Antropolog\u00eda de la vida nocturna, con especial \u00e9nfasis en las formas de sociabilidad y la producci\u00f3n social del erotismo.<\/p>\n<p>En 2018 recibi\u00f3 el Primer Premio Nacional, categor\u00eda Ensayo Antropol\u00f3gico por su libro<em> Bailal\u00f3! G\u00e9nero, Raza y Erotismo en el Cuarteto Cordob\u00e9s<\/em>. Entre 2020 y 2023 se desempe\u00f1\u00f3 como Director del Complejo Hist\u00f3rico Cultural Manzana de las Luces, en la ciudad de Buenos Aires, donde produjo y cur\u00f3 diversas muestras y festivales art\u00edsticos.<\/p>\n<p>Ha publicado 7 libros acad\u00e9micos como autor \u00fanico y m\u00e1s de 30 cap\u00edtulos de libros, 63 publicaciones en revistas acad\u00e9micas, un libro de cuentos \u201cMis Maridos\u201d (Editorial El Brote) y es autor de dos obras de teatro (\u201cMi novio busca marido\u201d 1y \u201cTan s\u00f3lo por hoy\u201d) estrenadas en la ciudad de C\u00f3rdoba.<\/p>\n<p>Contacto: gustavoblazquez3@hotmail.com<\/p>\n<p><strong>Producci\u00f3n reciente<\/strong><\/p>\n<ul>\n<li>COOLTURA CORDOBESA: M\u00daSICA ELECTR\u00d3NICA Y SUBJETIVIDADES JUVENILES EN C\u00d3RDOBA. Editorial UNC. C\u00f3rdoba. 2024.<\/li>\n<li>ESCUELA DE VIDA. LOS CAMPAMENTOS UNIVERSITARIOS. HACIA UNA CURADUR\u00cdA ETNOGR\u00c1FICA. Secretar\u00eda de Patrimonio Cultural. Ministerio de Cultura Naci\u00f3n 2023. (<a href=\"https:\/\/drive.google.com\/file\/d\/1oybbAm6gNRFhTHMIUXJBPzMbuLdQ89zh\/view\">Cata\u0301logo Camp ISBN.pdf &#8211; Google Drive<\/a>)<\/li>\n<li>MANZANA SIRIPO: PERFORMANCE EN EL MUSEO. Secretar\u00eda de Patrimonio Cultural. Ministerio de Cultura Naci\u00f3n 2023. <a href=\"https:\/\/drive.google.com\/file\/d\/1qalFiW-wNKVs4k7ijF4_VTv7YO2gwY8t\/view\">Manzana Siripo.pdf &#8211; Google Drive<\/a><\/li>\n<li>MANZANA ROCK PROVINCIAL \u201980. LA EFERVESCENCIA INTERIOR. Secretar\u00eda de Patrimonio Cultural. Ministerio de Cultura Naci\u00f3n 2023. <a href=\"https:\/\/drive.google.com\/file\/d\/1SJXYEtFQsTf9LHPLOILaa4Colcx4FEIs\/view\">Cata\u0301logo Rock FINAL_compressed.pdf &#8211; Google Drive<\/a><\/li>\n<li>\u201cLeonor, Las Chich\u00eds y muchas artistas m\u00e1s. M\u00fasic, parentesco y negocios en el Cuarteto Caracter\u00edstico Cordob\u00e9s. 1943 \u2013 1946\u201d en NUEVA HISTORIA DE LAS MUJERES EN LA ARGENTINA. D\u00e9bora D\u2019Antonio y Valeria Pita (eds). Editorial Prometeo. Buenos Aires. 2022<\/li>\n<li>\u201cSomos lo que celebramos\u201d en UNA ANTROPOLOG\u00cdA DE LA FIESTA Y LA PERFORMANCE. Gustavo Bl\u00e1zquez y Mar\u00eda Gabriela Lugones compiladores. Editorial de la Universidad Nacional de C\u00f3rdoba. C\u00f3rdoba. 2020.<\/li>\n<\/ul>\n","protected":false},"excerpt":{"rendered":"<p>Gustavo es doctor en Antropolog\u00eda Social (2004) por la Universidad Federal de Rio de Janeiro. Actualmente es investigador del Consejo<\/p>\n","protected":false},"author":39,"featured_media":0,"parent":0,"menu_order":0,"comment_status":"closed","ping_status":"closed","template":"","meta":{"_acf_changed":false,"colormag_page_container_layout":"default_layout","colormag_page_sidebar_layout":"default_layout","footnotes":""},"class_list":["post-7661","page","type-page","status-publish","hentry"],"acf":[],"yoast_head":"<!-- This site is optimized with the Yoast SEO plugin v27.1.1 - https:\/\/yoast.com\/product\/yoast-seo-wordpress\/ -->\n<title>Gustavo Bl\u00e1zquez - Centro de Investigaciones &quot;Maria Saleme de Burnichon&quot;<\/title>\n<meta name=\"robots\" content=\"index, follow, max-snippet:-1, max-image-preview:large, max-video-preview:-1\" \/>\n<link rel=\"canonical\" href=\"https:\/\/ffyh.unc.edu.ar\/ciffyh\/gustavo-blazquez\/\" \/>\n<meta property=\"og:locale\" content=\"es_ES\" \/>\n<meta property=\"og:type\" content=\"article\" \/>\n<meta property=\"og:title\" content=\"Gustavo Bl\u00e1zquez - Centro de Investigaciones &quot;Maria Saleme de Burnichon&quot;\" \/>\n<meta property=\"og:description\" content=\"Gustavo es doctor en Antropolog\u00eda Social (2004) por la Universidad Federal de Rio de Janeiro. Actualmente es investigador del Consejo\" \/>\n<meta property=\"og:url\" content=\"https:\/\/ffyh.unc.edu.ar\/ciffyh\/gustavo-blazquez\/\" \/>\n<meta property=\"og:site_name\" content=\"Centro de Investigaciones &quot;Maria Saleme de Burnichon&quot;\" \/>\n<meta property=\"article:modified_time\" content=\"2024-12-17T14:51:49+00:00\" \/>\n<meta property=\"og:image\" content=\"https:\/\/ffyh.unc.edu.ar\/ciffyh\/wp-content\/uploads\/sites\/10\/2024\/12\/blazquez-web.jpeg\" \/>\n\t<meta property=\"og:image:width\" content=\"1199\" \/>\n\t<meta property=\"og:image:height\" content=\"1164\" \/>\n\t<meta property=\"og:image:type\" content=\"image\/jpeg\" \/>\n<meta name=\"twitter:card\" content=\"summary_large_image\" \/>\n<meta name=\"twitter:label1\" content=\"Tiempo de lectura\" \/>\n\t<meta name=\"twitter:data1\" content=\"3 minutos\" \/>\n<script type=\"application\/ld+json\" class=\"yoast-schema-graph\">{\"@context\":\"https:\/\/schema.org\",\"@graph\":[{\"@type\":\"WebPage\",\"@id\":\"https:\/\/ffyh.unc.edu.ar\/ciffyh\/gustavo-blazquez\/\",\"url\":\"https:\/\/ffyh.unc.edu.ar\/ciffyh\/gustavo-blazquez\/\",\"name\":\"Gustavo Bl\u00e1zquez - Centro de Investigaciones &quot;Maria Saleme de Burnichon&quot;\",\"isPartOf\":{\"@id\":\"https:\/\/ffyh.unc.edu.ar\/ciffyh\/#website\"},\"primaryImageOfPage\":{\"@id\":\"https:\/\/ffyh.unc.edu.ar\/ciffyh\/gustavo-blazquez\/#primaryimage\"},\"image\":{\"@id\":\"https:\/\/ffyh.unc.edu.ar\/ciffyh\/gustavo-blazquez\/#primaryimage\"},\"thumbnailUrl\":\"http:\/\/ffyh.unc.edu.ar\/ciffyh\/wp-content\/uploads\/sites\/10\/2024\/12\/blazquez-web-300x291.jpeg\",\"datePublished\":\"2024-10-23T19:14:47+00:00\",\"dateModified\":\"2024-12-17T14:51:49+00:00\",\"breadcrumb\":{\"@id\":\"https:\/\/ffyh.unc.edu.ar\/ciffyh\/gustavo-blazquez\/#breadcrumb\"},\"inLanguage\":\"es\",\"potentialAction\":[{\"@type\":\"ReadAction\",\"target\":[\"https:\/\/ffyh.unc.edu.ar\/ciffyh\/gustavo-blazquez\/\"]}]},{\"@type\":\"ImageObject\",\"inLanguage\":\"es\",\"@id\":\"https:\/\/ffyh.unc.edu.ar\/ciffyh\/gustavo-blazquez\/#primaryimage\",\"url\":\"https:\/\/ffyh.unc.edu.ar\/ciffyh\/wp-content\/uploads\/sites\/10\/2024\/12\/blazquez-web.jpeg\",\"contentUrl\":\"https:\/\/ffyh.unc.edu.ar\/ciffyh\/wp-content\/uploads\/sites\/10\/2024\/12\/blazquez-web.jpeg\",\"width\":1199,\"height\":1164},{\"@type\":\"BreadcrumbList\",\"@id\":\"https:\/\/ffyh.unc.edu.ar\/ciffyh\/gustavo-blazquez\/#breadcrumb\",\"itemListElement\":[{\"@type\":\"ListItem\",\"position\":1,\"name\":\"Portada\",\"item\":\"https:\/\/ffyh.unc.edu.ar\/ciffyh\/\"},{\"@type\":\"ListItem\",\"position\":2,\"name\":\"Gustavo Bl\u00e1zquez\"}]},{\"@type\":\"WebSite\",\"@id\":\"https:\/\/ffyh.unc.edu.ar\/ciffyh\/#website\",\"url\":\"https:\/\/ffyh.unc.edu.ar\/ciffyh\/\",\"name\":\"Centro de Investigaciones \\\"Maria Saleme de Burnichon\\\"\",\"description\":\"Facultad de Filosof\u00eda y Humanidades | UNC\",\"publisher\":{\"@id\":\"https:\/\/ffyh.unc.edu.ar\/ciffyh\/#organization\"},\"potentialAction\":[{\"@type\":\"SearchAction\",\"target\":{\"@type\":\"EntryPoint\",\"urlTemplate\":\"https:\/\/ffyh.unc.edu.ar\/ciffyh\/?s={search_term_string}\"},\"query-input\":{\"@type\":\"PropertyValueSpecification\",\"valueRequired\":true,\"valueName\":\"search_term_string\"}}],\"inLanguage\":\"es\"},{\"@type\":\"Organization\",\"@id\":\"https:\/\/ffyh.unc.edu.ar\/ciffyh\/#organization\",\"name\":\"Centro de Investigaciones \\\"Maria Saleme de Burnichon\\\"\",\"url\":\"https:\/\/ffyh.unc.edu.ar\/ciffyh\/\",\"logo\":{\"@type\":\"ImageObject\",\"inLanguage\":\"es\",\"@id\":\"https:\/\/ffyh.unc.edu.ar\/ciffyh\/#\/schema\/logo\/image\/\",\"url\":\"https:\/\/ffyh.unc.edu.ar\/ciffyh\/wp-content\/uploads\/sites\/10\/2018\/02\/cropped-logo-ciffyh-ico.png\",\"contentUrl\":\"https:\/\/ffyh.unc.edu.ar\/ciffyh\/wp-content\/uploads\/sites\/10\/2018\/02\/cropped-logo-ciffyh-ico.png\",\"width\":512,\"height\":512,\"caption\":\"Centro de Investigaciones \\\"Maria Saleme de Burnichon\\\"\"},\"image\":{\"@id\":\"https:\/\/ffyh.unc.edu.ar\/ciffyh\/#\/schema\/logo\/image\/\"},\"sameAs\":[\"https:\/\/www.instagram.com\/ciffyh\/\"]}]}<\/script>\n<!-- \/ Yoast SEO plugin. -->","yoast_head_json":{"title":"Gustavo Bl\u00e1zquez - Centro de Investigaciones &quot;Maria Saleme de Burnichon&quot;","robots":{"index":"index","follow":"follow","max-snippet":"max-snippet:-1","max-image-preview":"max-image-preview:large","max-video-preview":"max-video-preview:-1"},"canonical":"https:\/\/ffyh.unc.edu.ar\/ciffyh\/gustavo-blazquez\/","og_locale":"es_ES","og_type":"article","og_title":"Gustavo Bl\u00e1zquez - Centro de Investigaciones &quot;Maria Saleme de Burnichon&quot;","og_description":"Gustavo es doctor en Antropolog\u00eda Social (2004) por la Universidad Federal de Rio de Janeiro. Actualmente es investigador del Consejo","og_url":"https:\/\/ffyh.unc.edu.ar\/ciffyh\/gustavo-blazquez\/","og_site_name":"Centro de Investigaciones &quot;Maria Saleme de Burnichon&quot;","article_modified_time":"2024-12-17T14:51:49+00:00","og_image":[{"width":1199,"height":1164,"url":"https:\/\/ffyh.unc.edu.ar\/ciffyh\/wp-content\/uploads\/sites\/10\/2024\/12\/blazquez-web.jpeg","type":"image\/jpeg"}],"twitter_card":"summary_large_image","twitter_misc":{"Tiempo de lectura":"3 minutos"},"schema":{"@context":"https:\/\/schema.org","@graph":[{"@type":"WebPage","@id":"https:\/\/ffyh.unc.edu.ar\/ciffyh\/gustavo-blazquez\/","url":"https:\/\/ffyh.unc.edu.ar\/ciffyh\/gustavo-blazquez\/","name":"Gustavo Bl\u00e1zquez - Centro de Investigaciones &quot;Maria Saleme de Burnichon&quot;","isPartOf":{"@id":"https:\/\/ffyh.unc.edu.ar\/ciffyh\/#website"},"primaryImageOfPage":{"@id":"https:\/\/ffyh.unc.edu.ar\/ciffyh\/gustavo-blazquez\/#primaryimage"},"image":{"@id":"https:\/\/ffyh.unc.edu.ar\/ciffyh\/gustavo-blazquez\/#primaryimage"},"thumbnailUrl":"http:\/\/ffyh.unc.edu.ar\/ciffyh\/wp-content\/uploads\/sites\/10\/2024\/12\/blazquez-web-300x291.jpeg","datePublished":"2024-10-23T19:14:47+00:00","dateModified":"2024-12-17T14:51:49+00:00","breadcrumb":{"@id":"https:\/\/ffyh.unc.edu.ar\/ciffyh\/gustavo-blazquez\/#breadcrumb"},"inLanguage":"es","potentialAction":[{"@type":"ReadAction","target":["https:\/\/ffyh.unc.edu.ar\/ciffyh\/gustavo-blazquez\/"]}]},{"@type":"ImageObject","inLanguage":"es","@id":"https:\/\/ffyh.unc.edu.ar\/ciffyh\/gustavo-blazquez\/#primaryimage","url":"https:\/\/ffyh.unc.edu.ar\/ciffyh\/wp-content\/uploads\/sites\/10\/2024\/12\/blazquez-web.jpeg","contentUrl":"https:\/\/ffyh.unc.edu.ar\/ciffyh\/wp-content\/uploads\/sites\/10\/2024\/12\/blazquez-web.jpeg","width":1199,"height":1164},{"@type":"BreadcrumbList","@id":"https:\/\/ffyh.unc.edu.ar\/ciffyh\/gustavo-blazquez\/#breadcrumb","itemListElement":[{"@type":"ListItem","position":1,"name":"Portada","item":"https:\/\/ffyh.unc.edu.ar\/ciffyh\/"},{"@type":"ListItem","position":2,"name":"Gustavo Bl\u00e1zquez"}]},{"@type":"WebSite","@id":"https:\/\/ffyh.unc.edu.ar\/ciffyh\/#website","url":"https:\/\/ffyh.unc.edu.ar\/ciffyh\/","name":"Centro de Investigaciones \"Maria Saleme de Burnichon\"","description":"Facultad de Filosof\u00eda y Humanidades | UNC","publisher":{"@id":"https:\/\/ffyh.unc.edu.ar\/ciffyh\/#organization"},"potentialAction":[{"@type":"SearchAction","target":{"@type":"EntryPoint","urlTemplate":"https:\/\/ffyh.unc.edu.ar\/ciffyh\/?s={search_term_string}"},"query-input":{"@type":"PropertyValueSpecification","valueRequired":true,"valueName":"search_term_string"}}],"inLanguage":"es"},{"@type":"Organization","@id":"https:\/\/ffyh.unc.edu.ar\/ciffyh\/#organization","name":"Centro de Investigaciones \"Maria Saleme de Burnichon\"","url":"https:\/\/ffyh.unc.edu.ar\/ciffyh\/","logo":{"@type":"ImageObject","inLanguage":"es","@id":"https:\/\/ffyh.unc.edu.ar\/ciffyh\/#\/schema\/logo\/image\/","url":"https:\/\/ffyh.unc.edu.ar\/ciffyh\/wp-content\/uploads\/sites\/10\/2018\/02\/cropped-logo-ciffyh-ico.png","contentUrl":"https:\/\/ffyh.unc.edu.ar\/ciffyh\/wp-content\/uploads\/sites\/10\/2018\/02\/cropped-logo-ciffyh-ico.png","width":512,"height":512,"caption":"Centro de Investigaciones \"Maria Saleme de Burnichon\""},"image":{"@id":"https:\/\/ffyh.unc.edu.ar\/ciffyh\/#\/schema\/logo\/image\/"},"sameAs":["https:\/\/www.instagram.com\/ciffyh\/"]}]}},"_links":{"self":[{"href":"https:\/\/ffyh.unc.edu.ar\/ciffyh\/wp-json\/wp\/v2\/pages\/7661","targetHints":{"allow":["GET"]}}],"collection":[{"href":"https:\/\/ffyh.unc.edu.ar\/ciffyh\/wp-json\/wp\/v2\/pages"}],"about":[{"href":"https:\/\/ffyh.unc.edu.ar\/ciffyh\/wp-json\/wp\/v2\/types\/page"}],"author":[{"embeddable":true,"href":"https:\/\/ffyh.unc.edu.ar\/ciffyh\/wp-json\/wp\/v2\/users\/39"}],"replies":[{"embeddable":true,"href":"https:\/\/ffyh.unc.edu.ar\/ciffyh\/wp-json\/wp\/v2\/comments?post=7661"}],"version-history":[{"count":7,"href":"https:\/\/ffyh.unc.edu.ar\/ciffyh\/wp-json\/wp\/v2\/pages\/7661\/revisions"}],"predecessor-version":[{"id":7864,"href":"https:\/\/ffyh.unc.edu.ar\/ciffyh\/wp-json\/wp\/v2\/pages\/7661\/revisions\/7864"}],"wp:attachment":[{"href":"https:\/\/ffyh.unc.edu.ar\/ciffyh\/wp-json\/wp\/v2\/media?parent=7661"}],"curies":[{"name":"wp","href":"https:\/\/api.w.org\/{rel}","templated":true}]}}