{"id":7721,"date":"2024-11-14T12:37:26","date_gmt":"2024-11-14T12:37:26","guid":{"rendered":"https:\/\/ffyh.unc.edu.ar\/ciffyh\/?page_id=7721"},"modified":"2025-12-19T15:37:17","modified_gmt":"2025-12-19T15:37:17","slug":"convocatoria-proa-2024","status":"publish","type":"page","link":"https:\/\/ffyh.unc.edu.ar\/ciffyh\/convocatoria-proa-2024\/","title":{"rendered":"Convocatoria para la presentaci\u00f3n de Proyectos de Investigaci\u00f3n Orientados y Acotados 2025"},"content":{"rendered":"<p>Estar\u00e1\u00a0<strong>abierta desde el martes 16 de diciembre de 2025 al viernes 13 de febrero de 2026<\/strong> y tiene como objetivo estimular la investigaci\u00f3n en tem\u00e1ticas espec\u00edficas consideradas de inter\u00e9s por la comunidad del Centro de Investigaciones de la FFyH. Se financiar\u00e1n cinco proyectos interdisciplinarios que deben ser desarrollados en un a\u00f1o por dos investigadorxs egresadxs por proyecto.<\/p>\n<p>El Centro de Investigaciones de la FFyH lanza la convocatoria de Proyectos Orientados y Acotados (PROA), con el objetivo de estimular la investigaci\u00f3n en tem\u00e1ticas espec\u00edficas consideradas de inter\u00e9s por la comunidad del CIFFyH. Tienen que ser proyectos de investigaci\u00f3n interdisciplinarios con tem\u00e1ticas definidas, cuyos ejes prioritarios pueden consultarse debajo, y a ser desarrollados en el periodo de un a\u00f1o por dos investigadorxs egresadxs (graduadxs de la FFyH y\/o miembros egresadxs de equipos de investigaci\u00f3n del CIFFyH, estxs \u00faltimxs con antig\u00fcedad de al menos un a\u00f1o).<\/p>\n<p>Se financiar\u00e1n durante el per\u00edodo 2026-2027 <strong>cinco proyectos de dos integrantes cada uno de distintos equipos de diferentes \u00e1reas del Centro<\/strong> con remuneraci\u00f3n equivalente al cargo de <strong>profesor asistente de dedicaci\u00f3n simple<\/strong>\u00a0sin antig\u00fcedad.<\/p>\n<p>La duraci\u00f3n de los PROA ser\u00e1 de un a\u00f1o y no podr\u00e1n ser renovados ni prorrogados. Tendr\u00e1n una dedicaci\u00f3n horaria de 10 horas semanales a cumplir en el CIFFyH como lugar de trabajo.<\/p>\n<h4><strong>Requisitos<\/strong><\/h4>\n<p>El reglamento establece:<\/p>\n<p><strong>Art. 8\u00b0<\/strong>. La presentaci\u00f3n deber\u00e1 cumplir las caracter\u00edsticas formales de un proyecto de investigaci\u00f3n, en el cual se especificar\u00e1 el plan de trabajo: tema y delimitaci\u00f3n del problema, marco te\u00f3rico y\/o antecedentes, objetivos, metodolog\u00eda, cronograma, bibliograf\u00eda, justificaci\u00f3n de su relevancia social. Se adjuntar\u00e1n adem\u00e1s los antecedentes de los\/las postulantes, quienes deber\u00e1n cumplir con los requisitos establecidos por el art\u00edculo 10.<\/p>\n<p><strong>Art. 9\u00b0<\/strong>. La presentaci\u00f3n de los proyectos PROA debe contemplar, adem\u00e1s, los siguientes requisitos:<\/p>\n<ol>\n<li>a) Ser presentados por un equipo de dos miembros de distintas \u00e1reas del CIFFyH o carreras de la FFyH (en el caso de no ser integrantes del CIFFyH).<\/li>\n<li>b) Proponer un\/a orientador\/a que sea docente activo\/a e investigador del CIFFyH para que asesore y acompa\u00f1e a los\/as postulantes durante todo el proceso de investigaci\u00f3n.<\/li>\n<li>c) Presentar en tiempo y forma la solicitud y la documentaci\u00f3n requerida debidamente completadas.<\/li>\n<\/ol>\n<p><strong>Art. 10\u00b0<\/strong>. Cada uno\/a de los\/as postulantes de los proyectos que concursan deben ser egresados\/as universitarios\/as: graduados\/as de la FFyH y\/o miembros egresados\/as de equipos de investigaci\u00f3n del CIFFyH, estos\/as \u00faltimos con antig\u00fcedad de al menos un a\u00f1o.<\/p>\n<p><strong>Art. 11<\/strong>. No podr\u00e1n presentarse a la postulaci\u00f3n aquellas personas que:<\/p>\n<ol>\n<li>a) Cuenten o hayan contado con becas de posgrado de apoyo a la investigaci\u00f3n de cualquier organismo de CyT.<\/li>\n<li>b) Hayan obtenido t\u00edtulo de maestr\u00eda y\/o de doctorado.<\/li>\n<li>c) Se desempe\u00f1en como docentes universitarios\/as -rentados- o sean investigadoras\/es de alg\u00fan organismo de CyT.<\/li>\n<\/ol>\n<p>La selecci\u00f3n de proyectos la realizar\u00e1 una comisi\u00f3n evaluadora designada por el Consejo del CIFFyH, la cual estar\u00e1 conformada por los Coordinadores de \u00c1rea.<\/p>\n<ul>\n<li><a href=\"https:\/\/ffyh.unc.edu.ar\/ciffyh\/wp-content\/uploads\/sites\/10\/2019\/10\/RHCD-541-2019.pdf\" target=\"_blank\" rel=\"noopener\">Descargar Reglamento<\/a><\/li>\n<li><a href=\"https:\/\/ffyh.unc.edu.ar\/ciffyh\/wp-content\/uploads\/sites\/10\/2025\/12\/Solicitud_inscripcion_PROA_2025-1.docx\" target=\"_blank\" rel=\"noopener\">Descargar solicitud de inscripci\u00f3n<\/a><\/li>\n<li><a href=\"https:\/\/ffyh.unc.edu.ar\/ciffyh\/wp-content\/uploads\/sites\/10\/2025\/12\/Formulario_Proyecto_PROA-1.docx\" target=\"_blank\" rel=\"noopener\">Descargar Formulario de Presentaci\u00f3n del Proyecto<\/a><\/li>\n<li><a href=\"https:\/\/ffyh.unc.edu.ar\/ciffyh\/wp-content\/uploads\/sites\/10\/2025\/12\/Aval_orientadorx_PROA_25-1.docx\" target=\"_blank\" rel=\"noopener\">Descargar nota de aval de lx orientadorx<\/a><\/li>\n<\/ul>\n<p><b>PRESENTACI\u00d3N VIRTUAL<\/b>\u00a0(\u00fanicamente)<\/p>\n<p>La solicitud de inscripci\u00f3n de cada postulante (incluye curriculum vitae y certificados probatorios escaneados), el formulario de presentaci\u00f3n (incluye proyecto) y el aval de lx orientadorx del equipo deber\u00e1n ser enviados a la Secretar\u00eda T\u00e9cnica del CIFFyH por e-mail a:\u00a0<a href=\"mailto:tecnicaciffyh@ffyh.unc.edu.ar\">tecnicaciffyh@ffyh.unc.edu.ar<\/a>\u00a0<strong>hasta el 13 de febrero de 2026<\/strong>\u00a0<strong>(hora de cierre 23.59)<\/strong>.<\/p>\n<p><b>Ejes prioritarios (no excluyentes):\u00a0\u00a0\u00a0<\/b><\/p>\n<ul>\n<li>Procesos en torno al ambiente y territorio<\/li>\n<li>Est\u00e9ticas, discursos y lenguajes<\/li>\n<li>Procesos y experiencias educativas<\/li>\n<li>Cuerpos, cuidados y disputas: feminismos y disidencias<\/li>\n<li>Actores, demandas y conflictos: cambios y continuidades<\/li>\n<li>Humanidades y tecnolog\u00edas<\/li>\n<li>Desigualdades sociales<\/li>\n<li>Neoconservadurismo y derechas: desaf\u00edos \u00e9ticos, pol\u00edticos y epist\u00e9micos<\/li>\n<li>Local, regional, global: problemas y procesos sociohist\u00f3ricos<\/li>\n<\/ul>\n<p>&nbsp;<\/p>\n<p><strong>Si quer\u00e9s conocer las experiencias de investigadorxs PROA de a\u00f1os anteriores y de proyectos vigentes, mir\u00e1 los siguientes videos:<\/strong><\/p>\n<p><iframe title=\"Convocatoria para la presentaci\u00f3n de Proyectos de Investigaci\u00f3n Orientados y Acotados 2024 (PROA)\" width=\"800\" height=\"450\" src=\"https:\/\/www.youtube.com\/embed\/V0Kj-ThFGcI?feature=oembed\" frameborder=\"0\" allow=\"accelerometer; autoplay; clipboard-write; encrypted-media; gyroscope; picture-in-picture; web-share\" referrerpolicy=\"strict-origin-when-cross-origin\" allowfullscreen><\/iframe><\/p>\n<p><iframe title=\"Qu\u00e9 son los PROA y cu\u00e1les son sus objetivos\" width=\"800\" height=\"450\" src=\"https:\/\/www.youtube.com\/embed\/UFblPw8_p3k?feature=oembed\" frameborder=\"0\" allow=\"accelerometer; autoplay; clipboard-write; encrypted-media; gyroscope; picture-in-picture; web-share\" referrerpolicy=\"strict-origin-when-cross-origin\" allowfullscreen><\/iframe><\/p>\n<p><iframe title=\"Cu\u00e1l es la relevancia de los PROA para lxs egresadxs de la FFyH\" width=\"800\" height=\"450\" src=\"https:\/\/www.youtube.com\/embed\/pg_zDN_ubys?feature=oembed\" frameborder=\"0\" allow=\"accelerometer; autoplay; clipboard-write; encrypted-media; gyroscope; picture-in-picture; web-share\" referrerpolicy=\"strict-origin-when-cross-origin\" allowfullscreen><\/iframe><\/p>\n<p><iframe title=\"Sobre qu\u00e9 se investiga a trav\u00e9s de un PROA\" width=\"800\" height=\"450\" src=\"https:\/\/www.youtube.com\/embed\/AegVvupV6mU?feature=oembed\" frameborder=\"0\" allow=\"accelerometer; autoplay; clipboard-write; encrypted-media; gyroscope; picture-in-picture; web-share\" referrerpolicy=\"strict-origin-when-cross-origin\" allowfullscreen><\/iframe><\/p>\n","protected":false},"excerpt":{"rendered":"<p>Estar\u00e1\u00a0abierta desde el martes 16 de diciembre de 2025 al viernes 13 de febrero de 2026 y tiene como objetivo<\/p>\n","protected":false},"author":39,"featured_media":8929,"parent":0,"menu_order":0,"comment_status":"closed","ping_status":"closed","template":"","meta":{"_acf_changed":false,"colormag_page_container_layout":"default_layout","colormag_page_sidebar_layout":"default_layout","footnotes":""},"class_list":["post-7721","page","type-page","status-publish","has-post-thumbnail","hentry"],"acf":[],"yoast_head":"<!-- This site is optimized with the Yoast SEO plugin v27.1.1 - https:\/\/yoast.com\/product\/yoast-seo-wordpress\/ -->\n<title>Convocatoria para la presentaci\u00f3n de Proyectos de Investigaci\u00f3n Orientados y Acotados 2025 - Centro de Investigaciones &quot;Maria Saleme de Burnichon&quot;<\/title>\n<meta name=\"robots\" content=\"index, follow, max-snippet:-1, max-image-preview:large, max-video-preview:-1\" \/>\n<link rel=\"canonical\" href=\"https:\/\/ffyh.unc.edu.ar\/ciffyh\/convocatoria-proa-2024\/\" \/>\n<meta property=\"og:locale\" content=\"es_ES\" \/>\n<meta property=\"og:type\" content=\"article\" \/>\n<meta property=\"og:title\" content=\"Convocatoria para la presentaci\u00f3n de Proyectos de Investigaci\u00f3n Orientados y Acotados 2025 - Centro de Investigaciones &quot;Maria Saleme de Burnichon&quot;\" \/>\n<meta property=\"og:description\" content=\"Estar\u00e1\u00a0abierta desde el martes 16 de diciembre de 2025 al viernes 13 de febrero de 2026 y tiene como objetivo\" \/>\n<meta property=\"og:url\" content=\"https:\/\/ffyh.unc.edu.ar\/ciffyh\/convocatoria-proa-2024\/\" \/>\n<meta property=\"og:site_name\" content=\"Centro de Investigaciones &quot;Maria Saleme de Burnichon&quot;\" \/>\n<meta property=\"article:modified_time\" content=\"2025-12-19T15:37:17+00:00\" \/>\n<meta property=\"og:image\" content=\"http:\/\/ffyh.unc.edu.ar\/ciffyh\/wp-content\/uploads\/sites\/10\/2025\/12\/WhatsApp-Image-2025-12-12-at-13.48.05-1.jpeg\" \/>\n\t<meta property=\"og:image:width\" content=\"1466\" \/>\n\t<meta property=\"og:image:height\" content=\"853\" \/>\n\t<meta property=\"og:image:type\" content=\"image\/jpeg\" \/>\n<meta name=\"twitter:card\" content=\"summary_large_image\" \/>\n<meta name=\"twitter:label1\" content=\"Tiempo de lectura\" \/>\n\t<meta name=\"twitter:data1\" content=\"4 minutos\" \/>\n<script type=\"application\/ld+json\" class=\"yoast-schema-graph\">{\"@context\":\"https:\/\/schema.org\",\"@graph\":[{\"@type\":\"WebPage\",\"@id\":\"https:\/\/ffyh.unc.edu.ar\/ciffyh\/convocatoria-proa-2024\/\",\"url\":\"https:\/\/ffyh.unc.edu.ar\/ciffyh\/convocatoria-proa-2024\/\",\"name\":\"Convocatoria para la presentaci\u00f3n de Proyectos de Investigaci\u00f3n Orientados y Acotados 2025 - Centro de Investigaciones &quot;Maria Saleme de Burnichon&quot;\",\"isPartOf\":{\"@id\":\"https:\/\/ffyh.unc.edu.ar\/ciffyh\/#website\"},\"primaryImageOfPage\":{\"@id\":\"https:\/\/ffyh.unc.edu.ar\/ciffyh\/convocatoria-proa-2024\/#primaryimage\"},\"image\":{\"@id\":\"https:\/\/ffyh.unc.edu.ar\/ciffyh\/convocatoria-proa-2024\/#primaryimage\"},\"thumbnailUrl\":\"https:\/\/ffyh.unc.edu.ar\/ciffyh\/wp-content\/uploads\/sites\/10\/2025\/12\/WhatsApp-Image-2025-12-12-at-13.48.05-1.jpeg\",\"datePublished\":\"2024-11-14T12:37:26+00:00\",\"dateModified\":\"2025-12-19T15:37:17+00:00\",\"breadcrumb\":{\"@id\":\"https:\/\/ffyh.unc.edu.ar\/ciffyh\/convocatoria-proa-2024\/#breadcrumb\"},\"inLanguage\":\"es\",\"potentialAction\":[{\"@type\":\"ReadAction\",\"target\":[\"https:\/\/ffyh.unc.edu.ar\/ciffyh\/convocatoria-proa-2024\/\"]}]},{\"@type\":\"ImageObject\",\"inLanguage\":\"es\",\"@id\":\"https:\/\/ffyh.unc.edu.ar\/ciffyh\/convocatoria-proa-2024\/#primaryimage\",\"url\":\"https:\/\/ffyh.unc.edu.ar\/ciffyh\/wp-content\/uploads\/sites\/10\/2025\/12\/WhatsApp-Image-2025-12-12-at-13.48.05-1.jpeg\",\"contentUrl\":\"https:\/\/ffyh.unc.edu.ar\/ciffyh\/wp-content\/uploads\/sites\/10\/2025\/12\/WhatsApp-Image-2025-12-12-at-13.48.05-1.jpeg\",\"width\":1466,\"height\":853},{\"@type\":\"BreadcrumbList\",\"@id\":\"https:\/\/ffyh.unc.edu.ar\/ciffyh\/convocatoria-proa-2024\/#breadcrumb\",\"itemListElement\":[{\"@type\":\"ListItem\",\"position\":1,\"name\":\"Portada\",\"item\":\"https:\/\/ffyh.unc.edu.ar\/ciffyh\/\"},{\"@type\":\"ListItem\",\"position\":2,\"name\":\"Convocatoria para la presentaci\u00f3n de Proyectos de Investigaci\u00f3n Orientados y Acotados 2025\"}]},{\"@type\":\"WebSite\",\"@id\":\"https:\/\/ffyh.unc.edu.ar\/ciffyh\/#website\",\"url\":\"https:\/\/ffyh.unc.edu.ar\/ciffyh\/\",\"name\":\"Centro de Investigaciones \\\"Maria Saleme de Burnichon\\\"\",\"description\":\"Facultad de Filosof\u00eda y Humanidades | UNC\",\"publisher\":{\"@id\":\"https:\/\/ffyh.unc.edu.ar\/ciffyh\/#organization\"},\"potentialAction\":[{\"@type\":\"SearchAction\",\"target\":{\"@type\":\"EntryPoint\",\"urlTemplate\":\"https:\/\/ffyh.unc.edu.ar\/ciffyh\/?s={search_term_string}\"},\"query-input\":{\"@type\":\"PropertyValueSpecification\",\"valueRequired\":true,\"valueName\":\"search_term_string\"}}],\"inLanguage\":\"es\"},{\"@type\":\"Organization\",\"@id\":\"https:\/\/ffyh.unc.edu.ar\/ciffyh\/#organization\",\"name\":\"Centro de Investigaciones \\\"Maria Saleme de Burnichon\\\"\",\"url\":\"https:\/\/ffyh.unc.edu.ar\/ciffyh\/\",\"logo\":{\"@type\":\"ImageObject\",\"inLanguage\":\"es\",\"@id\":\"https:\/\/ffyh.unc.edu.ar\/ciffyh\/#\/schema\/logo\/image\/\",\"url\":\"https:\/\/ffyh.unc.edu.ar\/ciffyh\/wp-content\/uploads\/sites\/10\/2018\/02\/cropped-logo-ciffyh-ico.png\",\"contentUrl\":\"https:\/\/ffyh.unc.edu.ar\/ciffyh\/wp-content\/uploads\/sites\/10\/2018\/02\/cropped-logo-ciffyh-ico.png\",\"width\":512,\"height\":512,\"caption\":\"Centro de Investigaciones \\\"Maria Saleme de Burnichon\\\"\"},\"image\":{\"@id\":\"https:\/\/ffyh.unc.edu.ar\/ciffyh\/#\/schema\/logo\/image\/\"},\"sameAs\":[\"https:\/\/www.instagram.com\/ciffyh\/\"]}]}<\/script>\n<!-- \/ Yoast SEO plugin. -->","yoast_head_json":{"title":"Convocatoria para la presentaci\u00f3n de Proyectos de Investigaci\u00f3n Orientados y Acotados 2025 - Centro de Investigaciones &quot;Maria Saleme de Burnichon&quot;","robots":{"index":"index","follow":"follow","max-snippet":"max-snippet:-1","max-image-preview":"max-image-preview:large","max-video-preview":"max-video-preview:-1"},"canonical":"https:\/\/ffyh.unc.edu.ar\/ciffyh\/convocatoria-proa-2024\/","og_locale":"es_ES","og_type":"article","og_title":"Convocatoria para la presentaci\u00f3n de Proyectos de Investigaci\u00f3n Orientados y Acotados 2025 - Centro de Investigaciones &quot;Maria Saleme de Burnichon&quot;","og_description":"Estar\u00e1\u00a0abierta desde el martes 16 de diciembre de 2025 al viernes 13 de febrero de 2026 y tiene como objetivo","og_url":"https:\/\/ffyh.unc.edu.ar\/ciffyh\/convocatoria-proa-2024\/","og_site_name":"Centro de Investigaciones &quot;Maria Saleme de Burnichon&quot;","article_modified_time":"2025-12-19T15:37:17+00:00","og_image":[{"width":1466,"height":853,"url":"http:\/\/ffyh.unc.edu.ar\/ciffyh\/wp-content\/uploads\/sites\/10\/2025\/12\/WhatsApp-Image-2025-12-12-at-13.48.05-1.jpeg","type":"image\/jpeg"}],"twitter_card":"summary_large_image","twitter_misc":{"Tiempo de lectura":"4 minutos"},"schema":{"@context":"https:\/\/schema.org","@graph":[{"@type":"WebPage","@id":"https:\/\/ffyh.unc.edu.ar\/ciffyh\/convocatoria-proa-2024\/","url":"https:\/\/ffyh.unc.edu.ar\/ciffyh\/convocatoria-proa-2024\/","name":"Convocatoria para la presentaci\u00f3n de Proyectos de Investigaci\u00f3n Orientados y Acotados 2025 - Centro de Investigaciones &quot;Maria Saleme de Burnichon&quot;","isPartOf":{"@id":"https:\/\/ffyh.unc.edu.ar\/ciffyh\/#website"},"primaryImageOfPage":{"@id":"https:\/\/ffyh.unc.edu.ar\/ciffyh\/convocatoria-proa-2024\/#primaryimage"},"image":{"@id":"https:\/\/ffyh.unc.edu.ar\/ciffyh\/convocatoria-proa-2024\/#primaryimage"},"thumbnailUrl":"https:\/\/ffyh.unc.edu.ar\/ciffyh\/wp-content\/uploads\/sites\/10\/2025\/12\/WhatsApp-Image-2025-12-12-at-13.48.05-1.jpeg","datePublished":"2024-11-14T12:37:26+00:00","dateModified":"2025-12-19T15:37:17+00:00","breadcrumb":{"@id":"https:\/\/ffyh.unc.edu.ar\/ciffyh\/convocatoria-proa-2024\/#breadcrumb"},"inLanguage":"es","potentialAction":[{"@type":"ReadAction","target":["https:\/\/ffyh.unc.edu.ar\/ciffyh\/convocatoria-proa-2024\/"]}]},{"@type":"ImageObject","inLanguage":"es","@id":"https:\/\/ffyh.unc.edu.ar\/ciffyh\/convocatoria-proa-2024\/#primaryimage","url":"https:\/\/ffyh.unc.edu.ar\/ciffyh\/wp-content\/uploads\/sites\/10\/2025\/12\/WhatsApp-Image-2025-12-12-at-13.48.05-1.jpeg","contentUrl":"https:\/\/ffyh.unc.edu.ar\/ciffyh\/wp-content\/uploads\/sites\/10\/2025\/12\/WhatsApp-Image-2025-12-12-at-13.48.05-1.jpeg","width":1466,"height":853},{"@type":"BreadcrumbList","@id":"https:\/\/ffyh.unc.edu.ar\/ciffyh\/convocatoria-proa-2024\/#breadcrumb","itemListElement":[{"@type":"ListItem","position":1,"name":"Portada","item":"https:\/\/ffyh.unc.edu.ar\/ciffyh\/"},{"@type":"ListItem","position":2,"name":"Convocatoria para la presentaci\u00f3n de Proyectos de Investigaci\u00f3n Orientados y Acotados 2025"}]},{"@type":"WebSite","@id":"https:\/\/ffyh.unc.edu.ar\/ciffyh\/#website","url":"https:\/\/ffyh.unc.edu.ar\/ciffyh\/","name":"Centro de Investigaciones \"Maria Saleme de Burnichon\"","description":"Facultad de Filosof\u00eda y Humanidades | UNC","publisher":{"@id":"https:\/\/ffyh.unc.edu.ar\/ciffyh\/#organization"},"potentialAction":[{"@type":"SearchAction","target":{"@type":"EntryPoint","urlTemplate":"https:\/\/ffyh.unc.edu.ar\/ciffyh\/?s={search_term_string}"},"query-input":{"@type":"PropertyValueSpecification","valueRequired":true,"valueName":"search_term_string"}}],"inLanguage":"es"},{"@type":"Organization","@id":"https:\/\/ffyh.unc.edu.ar\/ciffyh\/#organization","name":"Centro de Investigaciones \"Maria Saleme de Burnichon\"","url":"https:\/\/ffyh.unc.edu.ar\/ciffyh\/","logo":{"@type":"ImageObject","inLanguage":"es","@id":"https:\/\/ffyh.unc.edu.ar\/ciffyh\/#\/schema\/logo\/image\/","url":"https:\/\/ffyh.unc.edu.ar\/ciffyh\/wp-content\/uploads\/sites\/10\/2018\/02\/cropped-logo-ciffyh-ico.png","contentUrl":"https:\/\/ffyh.unc.edu.ar\/ciffyh\/wp-content\/uploads\/sites\/10\/2018\/02\/cropped-logo-ciffyh-ico.png","width":512,"height":512,"caption":"Centro de Investigaciones \"Maria Saleme de Burnichon\""},"image":{"@id":"https:\/\/ffyh.unc.edu.ar\/ciffyh\/#\/schema\/logo\/image\/"},"sameAs":["https:\/\/www.instagram.com\/ciffyh\/"]}]}},"_links":{"self":[{"href":"https:\/\/ffyh.unc.edu.ar\/ciffyh\/wp-json\/wp\/v2\/pages\/7721","targetHints":{"allow":["GET"]}}],"collection":[{"href":"https:\/\/ffyh.unc.edu.ar\/ciffyh\/wp-json\/wp\/v2\/pages"}],"about":[{"href":"https:\/\/ffyh.unc.edu.ar\/ciffyh\/wp-json\/wp\/v2\/types\/page"}],"author":[{"embeddable":true,"href":"https:\/\/ffyh.unc.edu.ar\/ciffyh\/wp-json\/wp\/v2\/users\/39"}],"replies":[{"embeddable":true,"href":"https:\/\/ffyh.unc.edu.ar\/ciffyh\/wp-json\/wp\/v2\/comments?post=7721"}],"version-history":[{"count":13,"href":"https:\/\/ffyh.unc.edu.ar\/ciffyh\/wp-json\/wp\/v2\/pages\/7721\/revisions"}],"predecessor-version":[{"id":8941,"href":"https:\/\/ffyh.unc.edu.ar\/ciffyh\/wp-json\/wp\/v2\/pages\/7721\/revisions\/8941"}],"wp:featuredmedia":[{"embeddable":true,"href":"https:\/\/ffyh.unc.edu.ar\/ciffyh\/wp-json\/wp\/v2\/media\/8929"}],"wp:attachment":[{"href":"https:\/\/ffyh.unc.edu.ar\/ciffyh\/wp-json\/wp\/v2\/media?parent=7721"}],"curies":[{"name":"wp","href":"https:\/\/api.w.org\/{rel}","templated":true}]}}