{"id":8108,"date":"2025-04-03T17:08:21","date_gmt":"2025-04-03T17:08:21","guid":{"rendered":"https:\/\/ffyh.unc.edu.ar\/ciffyh\/?page_id=8108"},"modified":"2025-12-19T23:36:24","modified_gmt":"2025-12-19T23:36:24","slug":"convocatoria","status":"publish","type":"page","link":"https:\/\/ffyh.unc.edu.ar\/ciffyh\/convocatoria\/","title":{"rendered":"Convocatoria"},"content":{"rendered":"<header class=\"cm-entry-header\">\n<h1><\/h1>\n<h1 class=\"cm-entry-title\"><span style=\"font-size: 16px\">Convocatoria para la presentaci\u00f3n de Proyectos de Investigaci\u00f3n Orientados y Acotados 2025<\/span><\/h1>\n<\/header>\n<div class=\"cm-entry-summary\">\n<div class=\"cm-below-entry-meta cm-separator-default \">Estar\u00e1 <strong>abierta desde el martes 16 de diciembre de 2025 al viernes 13 de febrero de 2026<\/strong>\u00a0y tiene como objetivo estimular la investigaci\u00f3n en tem\u00e1ticas espec\u00edficas consideradas de inter\u00e9s por la comunidad del Centro de Investigaciones de la FFyH. Se financiar\u00e1n cinco proyectos interdisciplinarios que deben ser desarrollados en un a\u00f1o por dos investigadorxs egresadxs por proyecto.<\/div>\n<div class=\"cm-entry-summary\">\n<p>El Centro de Investigaciones de la FFyH lanza la convocatoria de Proyectos Orientados y Acotados (PROA), con el objetivo de estimular la investigaci\u00f3n en tem\u00e1ticas espec\u00edficas consideradas de inter\u00e9s por la comunidad del CIFFyH. Tienen que ser proyectos de investigaci\u00f3n interdisciplinarios con tem\u00e1ticas definidas, cuyos ejes prioritarios pueden consultarse debajo, y a ser desarrollados en el periodo de un a\u00f1o por dos investigadorxs egresadxs (graduadxs de la FFyH y\/o miembros egresadxs de equipos de investigaci\u00f3n del CIFFyH, estxs \u00faltimxs con antig\u00fcedad de al menos un a\u00f1o).<\/p>\n<p>Se financiar\u00e1n durante el per\u00edodo 2026-2027\u00a0<strong>cinco proyectos de dos integrantes cada uno de distintos equipos de diferentes \u00e1reas del Centro<\/strong>\u00a0con remuneraci\u00f3n equivalente al cargo de\u00a0<strong>profesor asistente de dedicaci\u00f3n simple<\/strong>\u00a0sin antig\u00fcedad.<\/p>\n<p>La duraci\u00f3n de los PROA ser\u00e1 de un a\u00f1o y no podr\u00e1n ser renovados ni prorrogados. Tendr\u00e1n una dedicaci\u00f3n horaria de 10 horas semanales a cumplir en el CIFFyH como lugar de trabajo.<\/p>\n<h4><strong>Requisitos<\/strong><\/h4>\n<p>El reglamento establece:<\/p>\n<p><strong>Art. 8\u00b0<\/strong>. La presentaci\u00f3n deber\u00e1 cumplir las caracter\u00edsticas formales de un proyecto de investigaci\u00f3n, en el cual se especificar\u00e1 el plan de trabajo: tema y delimitaci\u00f3n del problema, marco te\u00f3rico y\/o antecedentes, objetivos, metodolog\u00eda, cronograma, bibliograf\u00eda, justificaci\u00f3n de su relevancia social. Se adjuntar\u00e1n adem\u00e1s los antecedentes de los\/las postulantes, quienes deber\u00e1n cumplir con los requisitos establecidos por el art\u00edculo 10.<\/p>\n<p><strong>Art. 9\u00b0<\/strong>. La presentaci\u00f3n de los proyectos PROA debe contemplar, adem\u00e1s, los siguientes requisitos:<\/p>\n<ol>\n<li>a) Ser presentados por un equipo de dos miembros de distintas \u00e1reas del CIFFyH o carreras de la FFyH (en el caso de no ser integrantes del CIFFyH).<\/li>\n<li>b) Proponer un\/a orientador\/a que sea docente activo\/a e investigador del CIFFyH para que asesore y acompa\u00f1e a los\/as postulantes durante todo el proceso de investigaci\u00f3n.<\/li>\n<li>c) Presentar en tiempo y forma la solicitud y la documentaci\u00f3n requerida debidamente completadas.<\/li>\n<\/ol>\n<p><strong>Art. 10\u00b0<\/strong>. Cada uno\/a de los\/as postulantes de los proyectos que concursan deben ser egresados\/as universitarios\/as: graduados\/as de la FFyH y\/o miembros egresados\/as de equipos de investigaci\u00f3n del CIFFyH, estos\/as \u00faltimos con antig\u00fcedad de al menos un a\u00f1o.<\/p>\n<p><strong>Art. 11<\/strong>. No podr\u00e1n presentarse a la postulaci\u00f3n aquellas personas que:<\/p>\n<ol>\n<li>a) Cuenten o hayan contado con becas de posgrado de apoyo a la investigaci\u00f3n de cualquier organismo de CyT.<\/li>\n<li>b) Hayan obtenido t\u00edtulo de maestr\u00eda y\/o de doctorado.<\/li>\n<li>c) Se desempe\u00f1en como docentes universitarios\/as -rentados- o sean investigadoras\/es de alg\u00fan organismo de CyT.<\/li>\n<\/ol>\n<p>La selecci\u00f3n de proyectos la realizar\u00e1 una comisi\u00f3n evaluadora designada por el Consejo del CIFFyH, la cual estar\u00e1 conformada por los Coordinadores de \u00c1rea.<\/p>\n<ul>\n<li><a href=\"https:\/\/ffyh.unc.edu.ar\/ciffyh\/wp-content\/uploads\/sites\/10\/2019\/10\/RHCD-541-2019.pdf\" target=\"_blank\" rel=\"noopener\">Descargar Reglamento<\/a><\/li>\n<li><a href=\"https:\/\/ffyh.unc.edu.ar\/ciffyh\/wp-content\/uploads\/sites\/10\/2025\/12\/Solicitud_inscripcion_PROA_2025-1.docx\" target=\"_blank\" rel=\"noopener\">Descargar solicitud de inscripci\u00f3n<\/a><\/li>\n<li><a href=\"https:\/\/ffyh.unc.edu.ar\/ciffyh\/wp-content\/uploads\/sites\/10\/2025\/12\/Formulario_Proyecto_PROA-1.docx\" target=\"_blank\" rel=\"noopener\">Descargar Formulario de Presentaci\u00f3n del Proyecto<\/a><\/li>\n<li><a href=\"https:\/\/ffyh.unc.edu.ar\/ciffyh\/wp-content\/uploads\/sites\/10\/2025\/12\/Aval_orientadorx_PROA_25-1.docx\" target=\"_blank\" rel=\"noopener\">Descargar nota de aval de lx orientadorx<\/a><\/li>\n<\/ul>\n<p><b>PRESENTACI\u00d3N VIRTUAL<\/b>\u00a0(\u00fanicamente)<\/p>\n<p>La solicitud de inscripci\u00f3n de cada postulante (incluye curriculum vitae y certificados probatorios escaneados), el formulario de presentaci\u00f3n (incluye proyecto) y el aval de lx orientadorx del equipo deber\u00e1n ser enviados a la Secretar\u00eda T\u00e9cnica del CIFFyH por e-mail a:\u00a0<a href=\"mailto:tecnicaciffyh@ffyh.unc.edu.ar\">tecnicaciffyh@ffyh.unc.edu.ar<\/a>\u00a0<strong>hasta el 13 de febrero de 2026<\/strong>\u00a0<strong>(hora de cierre 23.59)<\/strong>.<\/p>\n<p><b>Ejes prioritarios (no excluyentes):\u00a0\u00a0\u00a0<\/b><\/p>\n<ul>\n<li>Procesos en torno al ambiente y territorio<\/li>\n<li>Est\u00e9ticas, discursos y lenguajes<\/li>\n<li>Procesos y experiencias educativas<\/li>\n<li>Cuerpos, cuidados y disputas: feminismos y disidencias<\/li>\n<li>Actores, demandas y conflictos: cambios y continuidades<\/li>\n<li>Humanidades y tecnolog\u00edas<\/li>\n<li>Desigualdades sociales<\/li>\n<li>Neoconservadurismo y derechas: desaf\u00edos \u00e9ticos, pol\u00edticos y epist\u00e9micos<\/li>\n<li>Local, regional, global: problemas y procesos sociohist\u00f3ricos<\/li>\n<\/ul>\n<p><img fetchpriority=\"high\" decoding=\"async\" class=\"aligncenter wp-image-8930 size-large\" src=\"http:\/\/ffyh.unc.edu.ar\/ciffyh\/wp-content\/uploads\/sites\/10\/2025\/12\/WhatsApp-Image-2025-12-12-at-13.47.24-813x1024.jpeg\" alt=\"\" width=\"800\" height=\"1008\" srcset=\"https:\/\/ffyh.unc.edu.ar\/ciffyh\/wp-content\/uploads\/sites\/10\/2025\/12\/WhatsApp-Image-2025-12-12-at-13.47.24-813x1024.jpeg 813w, https:\/\/ffyh.unc.edu.ar\/ciffyh\/wp-content\/uploads\/sites\/10\/2025\/12\/WhatsApp-Image-2025-12-12-at-13.47.24-238x300.jpeg 238w, https:\/\/ffyh.unc.edu.ar\/ciffyh\/wp-content\/uploads\/sites\/10\/2025\/12\/WhatsApp-Image-2025-12-12-at-13.47.24-768x967.jpeg 768w, https:\/\/ffyh.unc.edu.ar\/ciffyh\/wp-content\/uploads\/sites\/10\/2025\/12\/WhatsApp-Image-2025-12-12-at-13.47.24.jpeg 1080w\" sizes=\"(max-width: 800px) 100vw, 800px\" \/><\/p>\n<\/div>\n<\/div>\n","protected":false},"excerpt":{"rendered":"<p>Convocatoria para la presentaci\u00f3n de Proyectos de Investigaci\u00f3n Orientados y Acotados 2025 Estar\u00e1 abierta desde el martes 16 de diciembre<\/p>\n","protected":false},"author":39,"featured_media":0,"parent":0,"menu_order":0,"comment_status":"closed","ping_status":"closed","template":"","meta":{"_acf_changed":false,"saved_in_kubio":false,"colormag_page_container_layout":"default_layout","colormag_page_sidebar_layout":"default_layout","footnotes":""},"class_list":["post-8108","page","type-page","status-publish","hentry"],"acf":[],"kubio_ai_page_context":{"short_desc":"","purpose":"general"},"yoast_head":"<!-- This site is optimized with the Yoast SEO plugin v27.1.1 - https:\/\/yoast.com\/product\/yoast-seo-wordpress\/ -->\n<title>Convocatoria - Centro de Investigaciones &quot;Maria Saleme de Burnichon&quot;<\/title>\n<meta name=\"robots\" content=\"index, follow, max-snippet:-1, max-image-preview:large, max-video-preview:-1\" \/>\n<link rel=\"canonical\" href=\"https:\/\/ffyh.unc.edu.ar\/ciffyh\/convocatoria\/\" \/>\n<meta property=\"og:locale\" content=\"es_ES\" \/>\n<meta property=\"og:type\" content=\"article\" \/>\n<meta property=\"og:title\" content=\"Convocatoria - Centro de Investigaciones &quot;Maria Saleme de Burnichon&quot;\" \/>\n<meta property=\"og:description\" content=\"Convocatoria para la presentaci\u00f3n de Proyectos de Investigaci\u00f3n Orientados y Acotados 2025 Estar\u00e1 abierta desde el martes 16 de diciembre\" \/>\n<meta property=\"og:url\" content=\"https:\/\/ffyh.unc.edu.ar\/ciffyh\/convocatoria\/\" \/>\n<meta property=\"og:site_name\" content=\"Centro de Investigaciones &quot;Maria Saleme de Burnichon&quot;\" \/>\n<meta property=\"article:modified_time\" content=\"2025-12-19T23:36:24+00:00\" \/>\n<meta property=\"og:image\" content=\"https:\/\/ffyh.unc.edu.ar\/ciffyh\/wp-content\/uploads\/sites\/10\/2025\/12\/WhatsApp-Image-2025-12-12-at-13.47.24.jpeg\" \/>\n\t<meta property=\"og:image:width\" content=\"1080\" \/>\n\t<meta property=\"og:image:height\" content=\"1360\" \/>\n\t<meta property=\"og:image:type\" content=\"image\/jpeg\" \/>\n<meta name=\"twitter:card\" content=\"summary_large_image\" \/>\n<meta name=\"twitter:label1\" content=\"Tiempo de lectura\" \/>\n\t<meta name=\"twitter:data1\" content=\"4 minutos\" \/>\n<script type=\"application\/ld+json\" class=\"yoast-schema-graph\">{\"@context\":\"https:\/\/schema.org\",\"@graph\":[{\"@type\":\"WebPage\",\"@id\":\"https:\/\/ffyh.unc.edu.ar\/ciffyh\/convocatoria\/\",\"url\":\"https:\/\/ffyh.unc.edu.ar\/ciffyh\/convocatoria\/\",\"name\":\"Convocatoria - Centro de Investigaciones &quot;Maria Saleme de Burnichon&quot;\",\"isPartOf\":{\"@id\":\"https:\/\/ffyh.unc.edu.ar\/ciffyh\/#website\"},\"primaryImageOfPage\":{\"@id\":\"https:\/\/ffyh.unc.edu.ar\/ciffyh\/convocatoria\/#primaryimage\"},\"image\":{\"@id\":\"https:\/\/ffyh.unc.edu.ar\/ciffyh\/convocatoria\/#primaryimage\"},\"thumbnailUrl\":\"http:\/\/ffyh.unc.edu.ar\/ciffyh\/wp-content\/uploads\/sites\/10\/2025\/12\/WhatsApp-Image-2025-12-12-at-13.47.24-813x1024.jpeg\",\"datePublished\":\"2025-04-03T17:08:21+00:00\",\"dateModified\":\"2025-12-19T23:36:24+00:00\",\"breadcrumb\":{\"@id\":\"https:\/\/ffyh.unc.edu.ar\/ciffyh\/convocatoria\/#breadcrumb\"},\"inLanguage\":\"es\",\"potentialAction\":[{\"@type\":\"ReadAction\",\"target\":[\"https:\/\/ffyh.unc.edu.ar\/ciffyh\/convocatoria\/\"]}]},{\"@type\":\"ImageObject\",\"inLanguage\":\"es\",\"@id\":\"https:\/\/ffyh.unc.edu.ar\/ciffyh\/convocatoria\/#primaryimage\",\"url\":\"https:\/\/ffyh.unc.edu.ar\/ciffyh\/wp-content\/uploads\/sites\/10\/2025\/12\/WhatsApp-Image-2025-12-12-at-13.47.24.jpeg\",\"contentUrl\":\"https:\/\/ffyh.unc.edu.ar\/ciffyh\/wp-content\/uploads\/sites\/10\/2025\/12\/WhatsApp-Image-2025-12-12-at-13.47.24.jpeg\",\"width\":1080,\"height\":1360},{\"@type\":\"BreadcrumbList\",\"@id\":\"https:\/\/ffyh.unc.edu.ar\/ciffyh\/convocatoria\/#breadcrumb\",\"itemListElement\":[{\"@type\":\"ListItem\",\"position\":1,\"name\":\"Portada\",\"item\":\"https:\/\/ffyh.unc.edu.ar\/ciffyh\/\"},{\"@type\":\"ListItem\",\"position\":2,\"name\":\"Convocatoria\"}]},{\"@type\":\"WebSite\",\"@id\":\"https:\/\/ffyh.unc.edu.ar\/ciffyh\/#website\",\"url\":\"https:\/\/ffyh.unc.edu.ar\/ciffyh\/\",\"name\":\"Centro de Investigaciones \\\"Maria Saleme de Burnichon\\\"\",\"description\":\"Facultad de Filosof\u00eda y Humanidades | UNC\",\"publisher\":{\"@id\":\"https:\/\/ffyh.unc.edu.ar\/ciffyh\/#organization\"},\"potentialAction\":[{\"@type\":\"SearchAction\",\"target\":{\"@type\":\"EntryPoint\",\"urlTemplate\":\"https:\/\/ffyh.unc.edu.ar\/ciffyh\/?s={search_term_string}\"},\"query-input\":{\"@type\":\"PropertyValueSpecification\",\"valueRequired\":true,\"valueName\":\"search_term_string\"}}],\"inLanguage\":\"es\"},{\"@type\":\"Organization\",\"@id\":\"https:\/\/ffyh.unc.edu.ar\/ciffyh\/#organization\",\"name\":\"Centro de Investigaciones \\\"Maria Saleme de Burnichon\\\"\",\"url\":\"https:\/\/ffyh.unc.edu.ar\/ciffyh\/\",\"logo\":{\"@type\":\"ImageObject\",\"inLanguage\":\"es\",\"@id\":\"https:\/\/ffyh.unc.edu.ar\/ciffyh\/#\/schema\/logo\/image\/\",\"url\":\"https:\/\/ffyh.unc.edu.ar\/ciffyh\/wp-content\/uploads\/sites\/10\/2018\/02\/cropped-logo-ciffyh-ico.png\",\"contentUrl\":\"https:\/\/ffyh.unc.edu.ar\/ciffyh\/wp-content\/uploads\/sites\/10\/2018\/02\/cropped-logo-ciffyh-ico.png\",\"width\":512,\"height\":512,\"caption\":\"Centro de Investigaciones \\\"Maria Saleme de Burnichon\\\"\"},\"image\":{\"@id\":\"https:\/\/ffyh.unc.edu.ar\/ciffyh\/#\/schema\/logo\/image\/\"},\"sameAs\":[\"https:\/\/www.instagram.com\/ciffyh\/\"]}]}<\/script>\n<!-- \/ Yoast SEO plugin. -->","yoast_head_json":{"title":"Convocatoria - Centro de Investigaciones &quot;Maria Saleme de Burnichon&quot;","robots":{"index":"index","follow":"follow","max-snippet":"max-snippet:-1","max-image-preview":"max-image-preview:large","max-video-preview":"max-video-preview:-1"},"canonical":"https:\/\/ffyh.unc.edu.ar\/ciffyh\/convocatoria\/","og_locale":"es_ES","og_type":"article","og_title":"Convocatoria - Centro de Investigaciones &quot;Maria Saleme de Burnichon&quot;","og_description":"Convocatoria para la presentaci\u00f3n de Proyectos de Investigaci\u00f3n Orientados y Acotados 2025 Estar\u00e1 abierta desde el martes 16 de diciembre","og_url":"https:\/\/ffyh.unc.edu.ar\/ciffyh\/convocatoria\/","og_site_name":"Centro de Investigaciones &quot;Maria Saleme de Burnichon&quot;","article_modified_time":"2025-12-19T23:36:24+00:00","og_image":[{"width":1080,"height":1360,"url":"https:\/\/ffyh.unc.edu.ar\/ciffyh\/wp-content\/uploads\/sites\/10\/2025\/12\/WhatsApp-Image-2025-12-12-at-13.47.24.jpeg","type":"image\/jpeg"}],"twitter_card":"summary_large_image","twitter_misc":{"Tiempo de lectura":"4 minutos"},"schema":{"@context":"https:\/\/schema.org","@graph":[{"@type":"WebPage","@id":"https:\/\/ffyh.unc.edu.ar\/ciffyh\/convocatoria\/","url":"https:\/\/ffyh.unc.edu.ar\/ciffyh\/convocatoria\/","name":"Convocatoria - Centro de Investigaciones &quot;Maria Saleme de Burnichon&quot;","isPartOf":{"@id":"https:\/\/ffyh.unc.edu.ar\/ciffyh\/#website"},"primaryImageOfPage":{"@id":"https:\/\/ffyh.unc.edu.ar\/ciffyh\/convocatoria\/#primaryimage"},"image":{"@id":"https:\/\/ffyh.unc.edu.ar\/ciffyh\/convocatoria\/#primaryimage"},"thumbnailUrl":"http:\/\/ffyh.unc.edu.ar\/ciffyh\/wp-content\/uploads\/sites\/10\/2025\/12\/WhatsApp-Image-2025-12-12-at-13.47.24-813x1024.jpeg","datePublished":"2025-04-03T17:08:21+00:00","dateModified":"2025-12-19T23:36:24+00:00","breadcrumb":{"@id":"https:\/\/ffyh.unc.edu.ar\/ciffyh\/convocatoria\/#breadcrumb"},"inLanguage":"es","potentialAction":[{"@type":"ReadAction","target":["https:\/\/ffyh.unc.edu.ar\/ciffyh\/convocatoria\/"]}]},{"@type":"ImageObject","inLanguage":"es","@id":"https:\/\/ffyh.unc.edu.ar\/ciffyh\/convocatoria\/#primaryimage","url":"https:\/\/ffyh.unc.edu.ar\/ciffyh\/wp-content\/uploads\/sites\/10\/2025\/12\/WhatsApp-Image-2025-12-12-at-13.47.24.jpeg","contentUrl":"https:\/\/ffyh.unc.edu.ar\/ciffyh\/wp-content\/uploads\/sites\/10\/2025\/12\/WhatsApp-Image-2025-12-12-at-13.47.24.jpeg","width":1080,"height":1360},{"@type":"BreadcrumbList","@id":"https:\/\/ffyh.unc.edu.ar\/ciffyh\/convocatoria\/#breadcrumb","itemListElement":[{"@type":"ListItem","position":1,"name":"Portada","item":"https:\/\/ffyh.unc.edu.ar\/ciffyh\/"},{"@type":"ListItem","position":2,"name":"Convocatoria"}]},{"@type":"WebSite","@id":"https:\/\/ffyh.unc.edu.ar\/ciffyh\/#website","url":"https:\/\/ffyh.unc.edu.ar\/ciffyh\/","name":"Centro de Investigaciones \"Maria Saleme de Burnichon\"","description":"Facultad de Filosof\u00eda y Humanidades | UNC","publisher":{"@id":"https:\/\/ffyh.unc.edu.ar\/ciffyh\/#organization"},"potentialAction":[{"@type":"SearchAction","target":{"@type":"EntryPoint","urlTemplate":"https:\/\/ffyh.unc.edu.ar\/ciffyh\/?s={search_term_string}"},"query-input":{"@type":"PropertyValueSpecification","valueRequired":true,"valueName":"search_term_string"}}],"inLanguage":"es"},{"@type":"Organization","@id":"https:\/\/ffyh.unc.edu.ar\/ciffyh\/#organization","name":"Centro de Investigaciones \"Maria Saleme de Burnichon\"","url":"https:\/\/ffyh.unc.edu.ar\/ciffyh\/","logo":{"@type":"ImageObject","inLanguage":"es","@id":"https:\/\/ffyh.unc.edu.ar\/ciffyh\/#\/schema\/logo\/image\/","url":"https:\/\/ffyh.unc.edu.ar\/ciffyh\/wp-content\/uploads\/sites\/10\/2018\/02\/cropped-logo-ciffyh-ico.png","contentUrl":"https:\/\/ffyh.unc.edu.ar\/ciffyh\/wp-content\/uploads\/sites\/10\/2018\/02\/cropped-logo-ciffyh-ico.png","width":512,"height":512,"caption":"Centro de Investigaciones \"Maria Saleme de Burnichon\""},"image":{"@id":"https:\/\/ffyh.unc.edu.ar\/ciffyh\/#\/schema\/logo\/image\/"},"sameAs":["https:\/\/www.instagram.com\/ciffyh\/"]}]}},"_links":{"self":[{"href":"https:\/\/ffyh.unc.edu.ar\/ciffyh\/wp-json\/wp\/v2\/pages\/8108","targetHints":{"allow":["GET"]}}],"collection":[{"href":"https:\/\/ffyh.unc.edu.ar\/ciffyh\/wp-json\/wp\/v2\/pages"}],"about":[{"href":"https:\/\/ffyh.unc.edu.ar\/ciffyh\/wp-json\/wp\/v2\/types\/page"}],"author":[{"embeddable":true,"href":"https:\/\/ffyh.unc.edu.ar\/ciffyh\/wp-json\/wp\/v2\/users\/39"}],"replies":[{"embeddable":true,"href":"https:\/\/ffyh.unc.edu.ar\/ciffyh\/wp-json\/wp\/v2\/comments?post=8108"}],"version-history":[{"count":5,"href":"https:\/\/ffyh.unc.edu.ar\/ciffyh\/wp-json\/wp\/v2\/pages\/8108\/revisions"}],"predecessor-version":[{"id":8942,"href":"https:\/\/ffyh.unc.edu.ar\/ciffyh\/wp-json\/wp\/v2\/pages\/8108\/revisions\/8942"}],"wp:attachment":[{"href":"https:\/\/ffyh.unc.edu.ar\/ciffyh\/wp-json\/wp\/v2\/media?parent=8108"}],"curies":[{"name":"wp","href":"https:\/\/api.w.org\/{rel}","templated":true}]}}