{"id":8238,"date":"2025-05-13T14:26:07","date_gmt":"2025-05-13T14:26:07","guid":{"rendered":"https:\/\/ffyh.unc.edu.ar\/ciffyh\/?page_id=8238"},"modified":"2025-06-23T14:00:12","modified_gmt":"2025-06-23T14:00:12","slug":"seminarios-interdisciplinarios","status":"publish","type":"page","link":"https:\/\/ffyh.unc.edu.ar\/ciffyh\/seminarios-interdisciplinarios\/","title":{"rendered":"Seminarios interdisciplinarios"},"content":{"rendered":"<header class=\"cm-entry-header\">\n<p class=\"cm-entry-title\">El CIFFyH cuenta desde 2015 con un \u201cPrograma de seminarios optativos o electivos\u201d pensado para promover una relaci\u00f3n m\u00e1s estrecha entre el Centro y las escuelas y departamentos de la Facultad y, espec\u00edficamente, para acercar a estudiantes de las distintas carreras a las \u00e1reas, actividades y objetos de investigaci\u00f3n que se desarrollan aqu\u00ed\u00a0<a href=\"http:\/\/ffyh.unc.edu.ar\/ciffyh\/wp-content\/uploads\/sites\/10\/2025\/05\/Res.-218-2015-HCD-1.pdf\" target=\"_blank\" rel=\"noopener\">(RES-HCD-218\/2015)<\/a>. En este programa se inscriben los Seminarios Interdisciplinarios, a cargo de docentes investigadorxs y equipos del CIFFyH, que se proponen fortalecer y profundizar el intercambio entre disciplinas de las distintas \u00e1reas, estimular proyectos de indagaci\u00f3n e intervenci\u00f3n sobre problem\u00e1ticas emergentes de nuestra realidad social y promover la reflexi\u00f3n y la pr\u00e1ctica de investigaci\u00f3n entre estudiantes de grado de la FFyH. Anualmente, en las fechas estipuladas por el Calendario de la FFyH, se realizan dos convocatorias para la presentaci\u00f3n de Seminarios Interdisciplinarios dirigidos a estudiantes de las distintas carreras de la FFyH.<\/p>\n<\/header>\n<div class=\"cm-entry-summary\">\n<h4><strong>Convocatoria para la presentaci\u00f3n de Seminarios a dictarse en el segundo cuatrimestre de 2025<\/strong><\/h4>\n<h4><strong>Fechas importantes<\/strong><\/h4>\n<p>Entre el\u00a0<strong>12 y el 30 de mayo<\/strong>: enviar t\u00edtulo del Seminario, carreras a las que est\u00e1 destinado y composici\u00f3n del equipo docente.<\/p>\n<p>Entre el\u00a0<strong>12 de mayo y el 13 de junio<\/strong>: enviar programas completos y autorizaci\u00f3n de la escuela o departamento <a href=\"https:\/\/ffyh.unc.edu.ar\/ciffyh\/wp-content\/uploads\/sites\/10\/2025\/05\/Nota-de-Directorx-Escuela-o-Depto-con-membrete.docx\" target=\"_blank\" rel=\"noopener\">(descargar modelo)<\/a>\u00a0donde se encuentre radicado el cargo docente para realizar carga anexa o complementaci\u00f3n de funciones.<\/p>\n<p>Junto con el programa <a href=\"https:\/\/ffyh.unc.edu.ar\/ciffyh\/wp-content\/uploads\/sites\/10\/2025\/05\/Modelo-Programa-Seminario-Interdisciplinario-1.docx\" target=\"_blank\" rel=\"noopener\">(descargar modelo)<\/a> debe adjuntarse una nota dirigida a la Direcci\u00f3n del Centro <a href=\"https:\/\/ffyh.unc.edu.ar\/ciffyh\/wp-content\/uploads\/sites\/10\/2025\/05\/Nota-a-la-directora-del-CIFFYH-1-1.docx\" target=\"_blank\" rel=\"noopener\">(descargar modelo)<\/a>.<\/p>\n<h4><strong>Toda la documentaci\u00f3n debe enviarse a: <a href=\"mailto:tecnicaciffyh@ffyh.unc.edu.ar\">tecnicaciffyh@ffyh.unc.edu.ar<\/a><\/strong><\/h4>\n<\/div>\n","protected":false},"excerpt":{"rendered":"<p>El CIFFyH cuenta desde 2015 con un \u201cPrograma de seminarios optativos o electivos\u201d pensado para promover una relaci\u00f3n m\u00e1s estrecha<\/p>\n","protected":false},"author":39,"featured_media":0,"parent":0,"menu_order":0,"comment_status":"closed","ping_status":"closed","template":"","meta":{"_acf_changed":false,"colormag_page_container_layout":"default_layout","colormag_page_sidebar_layout":"default_layout","footnotes":""},"class_list":["post-8238","page","type-page","status-publish","hentry"],"acf":[],"yoast_head":"<!-- This site is optimized with the Yoast SEO plugin v27.1.1 - https:\/\/yoast.com\/product\/yoast-seo-wordpress\/ -->\n<title>Seminarios interdisciplinarios - Centro de Investigaciones &quot;Maria Saleme de Burnichon&quot;<\/title>\n<meta name=\"robots\" content=\"index, follow, max-snippet:-1, max-image-preview:large, max-video-preview:-1\" \/>\n<link rel=\"canonical\" href=\"https:\/\/ffyh.unc.edu.ar\/ciffyh\/seminarios-interdisciplinarios\/\" \/>\n<meta property=\"og:locale\" content=\"es_ES\" \/>\n<meta property=\"og:type\" content=\"article\" \/>\n<meta property=\"og:title\" content=\"Seminarios interdisciplinarios - Centro de Investigaciones &quot;Maria Saleme de Burnichon&quot;\" \/>\n<meta property=\"og:description\" content=\"El CIFFyH cuenta desde 2015 con un \u201cPrograma de seminarios optativos o electivos\u201d pensado para promover una relaci\u00f3n m\u00e1s estrecha\" \/>\n<meta property=\"og:url\" content=\"https:\/\/ffyh.unc.edu.ar\/ciffyh\/seminarios-interdisciplinarios\/\" \/>\n<meta property=\"og:site_name\" content=\"Centro de Investigaciones &quot;Maria Saleme de Burnichon&quot;\" \/>\n<meta property=\"article:modified_time\" content=\"2025-06-23T14:00:12+00:00\" \/>\n<meta name=\"twitter:card\" content=\"summary_large_image\" \/>\n<meta name=\"twitter:label1\" content=\"Tiempo de lectura\" \/>\n\t<meta name=\"twitter:data1\" content=\"2 minutos\" \/>\n<script type=\"application\/ld+json\" class=\"yoast-schema-graph\">{\"@context\":\"https:\/\/schema.org\",\"@graph\":[{\"@type\":\"WebPage\",\"@id\":\"https:\/\/ffyh.unc.edu.ar\/ciffyh\/seminarios-interdisciplinarios\/\",\"url\":\"https:\/\/ffyh.unc.edu.ar\/ciffyh\/seminarios-interdisciplinarios\/\",\"name\":\"Seminarios interdisciplinarios - Centro de Investigaciones &quot;Maria Saleme de Burnichon&quot;\",\"isPartOf\":{\"@id\":\"https:\/\/ffyh.unc.edu.ar\/ciffyh\/#website\"},\"datePublished\":\"2025-05-13T14:26:07+00:00\",\"dateModified\":\"2025-06-23T14:00:12+00:00\",\"breadcrumb\":{\"@id\":\"https:\/\/ffyh.unc.edu.ar\/ciffyh\/seminarios-interdisciplinarios\/#breadcrumb\"},\"inLanguage\":\"es\",\"potentialAction\":[{\"@type\":\"ReadAction\",\"target\":[\"https:\/\/ffyh.unc.edu.ar\/ciffyh\/seminarios-interdisciplinarios\/\"]}]},{\"@type\":\"BreadcrumbList\",\"@id\":\"https:\/\/ffyh.unc.edu.ar\/ciffyh\/seminarios-interdisciplinarios\/#breadcrumb\",\"itemListElement\":[{\"@type\":\"ListItem\",\"position\":1,\"name\":\"Portada\",\"item\":\"https:\/\/ffyh.unc.edu.ar\/ciffyh\/\"},{\"@type\":\"ListItem\",\"position\":2,\"name\":\"Seminarios interdisciplinarios\"}]},{\"@type\":\"WebSite\",\"@id\":\"https:\/\/ffyh.unc.edu.ar\/ciffyh\/#website\",\"url\":\"https:\/\/ffyh.unc.edu.ar\/ciffyh\/\",\"name\":\"Centro de Investigaciones \\\"Maria Saleme de Burnichon\\\"\",\"description\":\"Facultad de Filosof\u00eda y Humanidades | UNC\",\"publisher\":{\"@id\":\"https:\/\/ffyh.unc.edu.ar\/ciffyh\/#organization\"},\"potentialAction\":[{\"@type\":\"SearchAction\",\"target\":{\"@type\":\"EntryPoint\",\"urlTemplate\":\"https:\/\/ffyh.unc.edu.ar\/ciffyh\/?s={search_term_string}\"},\"query-input\":{\"@type\":\"PropertyValueSpecification\",\"valueRequired\":true,\"valueName\":\"search_term_string\"}}],\"inLanguage\":\"es\"},{\"@type\":\"Organization\",\"@id\":\"https:\/\/ffyh.unc.edu.ar\/ciffyh\/#organization\",\"name\":\"Centro de Investigaciones \\\"Maria Saleme de Burnichon\\\"\",\"url\":\"https:\/\/ffyh.unc.edu.ar\/ciffyh\/\",\"logo\":{\"@type\":\"ImageObject\",\"inLanguage\":\"es\",\"@id\":\"https:\/\/ffyh.unc.edu.ar\/ciffyh\/#\/schema\/logo\/image\/\",\"url\":\"https:\/\/ffyh.unc.edu.ar\/ciffyh\/wp-content\/uploads\/sites\/10\/2018\/02\/cropped-logo-ciffyh-ico.png\",\"contentUrl\":\"https:\/\/ffyh.unc.edu.ar\/ciffyh\/wp-content\/uploads\/sites\/10\/2018\/02\/cropped-logo-ciffyh-ico.png\",\"width\":512,\"height\":512,\"caption\":\"Centro de Investigaciones \\\"Maria Saleme de Burnichon\\\"\"},\"image\":{\"@id\":\"https:\/\/ffyh.unc.edu.ar\/ciffyh\/#\/schema\/logo\/image\/\"},\"sameAs\":[\"https:\/\/www.instagram.com\/ciffyh\/\"]}]}<\/script>\n<!-- \/ Yoast SEO plugin. -->","yoast_head_json":{"title":"Seminarios interdisciplinarios - Centro de Investigaciones &quot;Maria Saleme de Burnichon&quot;","robots":{"index":"index","follow":"follow","max-snippet":"max-snippet:-1","max-image-preview":"max-image-preview:large","max-video-preview":"max-video-preview:-1"},"canonical":"https:\/\/ffyh.unc.edu.ar\/ciffyh\/seminarios-interdisciplinarios\/","og_locale":"es_ES","og_type":"article","og_title":"Seminarios interdisciplinarios - Centro de Investigaciones &quot;Maria Saleme de Burnichon&quot;","og_description":"El CIFFyH cuenta desde 2015 con un \u201cPrograma de seminarios optativos o electivos\u201d pensado para promover una relaci\u00f3n m\u00e1s estrecha","og_url":"https:\/\/ffyh.unc.edu.ar\/ciffyh\/seminarios-interdisciplinarios\/","og_site_name":"Centro de Investigaciones &quot;Maria Saleme de Burnichon&quot;","article_modified_time":"2025-06-23T14:00:12+00:00","twitter_card":"summary_large_image","twitter_misc":{"Tiempo de lectura":"2 minutos"},"schema":{"@context":"https:\/\/schema.org","@graph":[{"@type":"WebPage","@id":"https:\/\/ffyh.unc.edu.ar\/ciffyh\/seminarios-interdisciplinarios\/","url":"https:\/\/ffyh.unc.edu.ar\/ciffyh\/seminarios-interdisciplinarios\/","name":"Seminarios interdisciplinarios - Centro de Investigaciones &quot;Maria Saleme de Burnichon&quot;","isPartOf":{"@id":"https:\/\/ffyh.unc.edu.ar\/ciffyh\/#website"},"datePublished":"2025-05-13T14:26:07+00:00","dateModified":"2025-06-23T14:00:12+00:00","breadcrumb":{"@id":"https:\/\/ffyh.unc.edu.ar\/ciffyh\/seminarios-interdisciplinarios\/#breadcrumb"},"inLanguage":"es","potentialAction":[{"@type":"ReadAction","target":["https:\/\/ffyh.unc.edu.ar\/ciffyh\/seminarios-interdisciplinarios\/"]}]},{"@type":"BreadcrumbList","@id":"https:\/\/ffyh.unc.edu.ar\/ciffyh\/seminarios-interdisciplinarios\/#breadcrumb","itemListElement":[{"@type":"ListItem","position":1,"name":"Portada","item":"https:\/\/ffyh.unc.edu.ar\/ciffyh\/"},{"@type":"ListItem","position":2,"name":"Seminarios interdisciplinarios"}]},{"@type":"WebSite","@id":"https:\/\/ffyh.unc.edu.ar\/ciffyh\/#website","url":"https:\/\/ffyh.unc.edu.ar\/ciffyh\/","name":"Centro de Investigaciones \"Maria Saleme de Burnichon\"","description":"Facultad de Filosof\u00eda y Humanidades | UNC","publisher":{"@id":"https:\/\/ffyh.unc.edu.ar\/ciffyh\/#organization"},"potentialAction":[{"@type":"SearchAction","target":{"@type":"EntryPoint","urlTemplate":"https:\/\/ffyh.unc.edu.ar\/ciffyh\/?s={search_term_string}"},"query-input":{"@type":"PropertyValueSpecification","valueRequired":true,"valueName":"search_term_string"}}],"inLanguage":"es"},{"@type":"Organization","@id":"https:\/\/ffyh.unc.edu.ar\/ciffyh\/#organization","name":"Centro de Investigaciones \"Maria Saleme de Burnichon\"","url":"https:\/\/ffyh.unc.edu.ar\/ciffyh\/","logo":{"@type":"ImageObject","inLanguage":"es","@id":"https:\/\/ffyh.unc.edu.ar\/ciffyh\/#\/schema\/logo\/image\/","url":"https:\/\/ffyh.unc.edu.ar\/ciffyh\/wp-content\/uploads\/sites\/10\/2018\/02\/cropped-logo-ciffyh-ico.png","contentUrl":"https:\/\/ffyh.unc.edu.ar\/ciffyh\/wp-content\/uploads\/sites\/10\/2018\/02\/cropped-logo-ciffyh-ico.png","width":512,"height":512,"caption":"Centro de Investigaciones \"Maria Saleme de Burnichon\""},"image":{"@id":"https:\/\/ffyh.unc.edu.ar\/ciffyh\/#\/schema\/logo\/image\/"},"sameAs":["https:\/\/www.instagram.com\/ciffyh\/"]}]}},"_links":{"self":[{"href":"https:\/\/ffyh.unc.edu.ar\/ciffyh\/wp-json\/wp\/v2\/pages\/8238","targetHints":{"allow":["GET"]}}],"collection":[{"href":"https:\/\/ffyh.unc.edu.ar\/ciffyh\/wp-json\/wp\/v2\/pages"}],"about":[{"href":"https:\/\/ffyh.unc.edu.ar\/ciffyh\/wp-json\/wp\/v2\/types\/page"}],"author":[{"embeddable":true,"href":"https:\/\/ffyh.unc.edu.ar\/ciffyh\/wp-json\/wp\/v2\/users\/39"}],"replies":[{"embeddable":true,"href":"https:\/\/ffyh.unc.edu.ar\/ciffyh\/wp-json\/wp\/v2\/comments?post=8238"}],"version-history":[{"count":8,"href":"https:\/\/ffyh.unc.edu.ar\/ciffyh\/wp-json\/wp\/v2\/pages\/8238\/revisions"}],"predecessor-version":[{"id":8382,"href":"https:\/\/ffyh.unc.edu.ar\/ciffyh\/wp-json\/wp\/v2\/pages\/8238\/revisions\/8382"}],"wp:attachment":[{"href":"https:\/\/ffyh.unc.edu.ar\/ciffyh\/wp-json\/wp\/v2\/media?parent=8238"}],"curies":[{"name":"wp","href":"https:\/\/api.w.org\/{rel}","templated":true}]}}