{"id":9,"date":"2009-11-18T16:41:33","date_gmt":"2009-11-18T19:41:33","guid":{"rendered":"http:\/\/www.ffyh.unc.edu.ar\/ciffyh\/?page_id=9"},"modified":"2023-05-24T19:51:25","modified_gmt":"2023-05-24T19:51:25","slug":"objetivos","status":"publish","type":"page","link":"https:\/\/ffyh.unc.edu.ar\/ciffyh\/institucional\/objetivos\/","title":{"rendered":"Objetivos y funciones"},"content":{"rendered":"<p>Tal como lo establece el reglamento del CIFFyH en sus art\u00edculos 1\u00b0 y 2\u00b0, los objetivos y funciones de nuestro Centro son los siguientes:<\/p>\n<h5 style=\"text-align: left\"><strong><span style=\"color: #008000\">Objetivos<\/span><\/strong><\/h5>\n<p>El Centro de Investigaciones de la Facultad de Filosof\u00eda y Humanidades \u00abMar\u00eda Saleme de Burnichon\u00bb (CIFFyH) tiene como objetivos:<\/p>\n<p style=\"padding-left: 40px\">a) Apoyar la formaci\u00f3n de investigadores\/as en Ciencias Humanas y Sociales.<\/p>\n<p style=\"padding-left: 40px\">b) Promover y difundir la actividad cient\u00edfica en estos campos de conocimiento<\/p>\n<p style=\"padding-left: 40px\">e) Impulsar la interdisciplinariedad como marco de trabajo acad\u00e9mico.<\/p>\n<p style=\"padding-left: 40px\">d) Articular las actividades de investigaci\u00f3n con las de docencia y extensi\u00f3n desarrolladas en la Facultad y en Centros de investigaci\u00f3n de la UNC.<\/p>\n<p style=\"padding-left: 40px\">e) Contribuir al abordaje y resoluci\u00f3n de problem\u00e1ticas sociales locales y regionales.<\/p>\n<h5 style=\"text-align: left\"><strong><span style=\"color: #008000\">Funciones<\/span><\/strong><\/h5>\n<p style=\"padding-left: 40px\">a) Proponer pol\u00edticas para la formaci\u00f3n de investigadores\/as y la producci\u00f3n de conocimiento.<\/p>\n<p style=\"padding-left: 40px\">b) Apoyar y asesorar las actividades de investigaci\u00f3n que realicen los integrantes de proyectos radicados en el CIFFyH.<\/p>\n<p style=\"padding-left: 40px\">e) Establecer e implementar procedimientos de admisi\u00f3n, evaluaci\u00f3n y seguimiento de investigadores\/as, proyectos y programas de investigaci\u00f3n.<\/p>\n<p style=\"padding-left: 40px\">d) Promover la publicaci\u00f3n y difusi\u00f3n de las investigaciones realizadas por integrantes del CIFFyH.<\/p>\n<p style=\"padding-left: 40px\">e) Coordinar con la Biblioteca \u00abElma Kohlmeyer de Estrabou\u00bb el canje local, nacional e internacional de material bibliogr\u00e1fico, publicaciones peri\u00f3dicas y otro material que sea considerado de inter\u00e9s para las actividades del CIFFyH:<\/p>\n<p style=\"padding-left: 40px\">f) Coordinar pol\u00edticas generales con las Secretar\u00edas, Centros de investigaci\u00f3n y Programas de la Facultad y el Instituto de Humanidades (IDH-UNC-CONICET).<\/p>\n<p style=\"padding-left: 40px\">g) Promover y organizar &#8211;en coordinaci\u00f3n con las Secretar\u00edas de la Facultad pertinentes, las Escuelas y Departamentos- cursos, seminarios, talleres y otros tipos de actividades que tiendan a la formaci\u00f3n de investigadores\/as y otros integrantes de la comunidad universitaria.<\/p>\n<p style=\"padding-left: 40px\">h) Promover la vinculaci\u00f3n del CIFFyH con otras entidades cient\u00edficas nacionales e internacionales, auspiciando la firma de convenios y la participaci\u00f3n en programas de<br \/>\nintercambio cient\u00edfico.<\/p>\n<p style=\"padding-left: 40px\">i) Gestionar y administrar recursos econ\u00f3micos para subsidiar proyectos y tareas de investigaci\u00f3n, formaci\u00f3n de recursos humanos y administrar los recursos provenientes del presupuesto universitario y los que puedan obtenerse de otras fuentes.<\/p>\n<p style=\"padding-left: 40px\">j) Difundir entre la comunidad acad\u00e9mica la informaci\u00f3n referente al fomento y financiamiento de las actividades de investigaci\u00f3n y formaci\u00f3n que ofrecen las instituciones locales, nacionales e internacionales.<\/p>\n","protected":false},"excerpt":{"rendered":"<p>Tal como lo establece el reglamento del CIFFyH en sus art\u00edculos 1\u00b0 y 2\u00b0, los objetivos y funciones de nuestro<\/p>\n","protected":false},"author":1,"featured_media":0,"parent":1842,"menu_order":0,"comment_status":"closed","ping_status":"closed","template":"","meta":{"_acf_changed":false,"colormag_page_container_layout":"default_layout","colormag_page_sidebar_layout":"default_layout","footnotes":""},"class_list":["post-9","page","type-page","status-publish","hentry"],"acf":[],"yoast_head":"<!-- This site is optimized with the Yoast SEO plugin v27.1.1 - https:\/\/yoast.com\/product\/yoast-seo-wordpress\/ -->\n<title>Objetivos y funciones - Centro de Investigaciones &quot;Maria Saleme de Burnichon&quot;<\/title>\n<meta name=\"robots\" content=\"index, follow, max-snippet:-1, max-image-preview:large, max-video-preview:-1\" \/>\n<link rel=\"canonical\" href=\"https:\/\/ffyh.unc.edu.ar\/ciffyh\/institucional\/objetivos\/\" \/>\n<meta property=\"og:locale\" content=\"es_ES\" \/>\n<meta property=\"og:type\" content=\"article\" \/>\n<meta property=\"og:title\" content=\"Objetivos y funciones - Centro de Investigaciones &quot;Maria Saleme de Burnichon&quot;\" \/>\n<meta property=\"og:description\" content=\"Tal como lo establece el reglamento del CIFFyH en sus art\u00edculos 1\u00b0 y 2\u00b0, los objetivos y funciones de nuestro\" \/>\n<meta property=\"og:url\" content=\"https:\/\/ffyh.unc.edu.ar\/ciffyh\/institucional\/objetivos\/\" \/>\n<meta property=\"og:site_name\" content=\"Centro de Investigaciones &quot;Maria Saleme de Burnichon&quot;\" \/>\n<meta property=\"article:modified_time\" content=\"2023-05-24T19:51:25+00:00\" \/>\n<meta name=\"twitter:card\" content=\"summary_large_image\" \/>\n<meta name=\"twitter:label1\" content=\"Tiempo de lectura\" \/>\n\t<meta name=\"twitter:data1\" content=\"2 minutos\" \/>\n<script type=\"application\/ld+json\" class=\"yoast-schema-graph\">{\"@context\":\"https:\/\/schema.org\",\"@graph\":[{\"@type\":\"WebPage\",\"@id\":\"https:\/\/ffyh.unc.edu.ar\/ciffyh\/institucional\/objetivos\/\",\"url\":\"https:\/\/ffyh.unc.edu.ar\/ciffyh\/institucional\/objetivos\/\",\"name\":\"Objetivos y funciones - Centro de Investigaciones &quot;Maria Saleme de Burnichon&quot;\",\"isPartOf\":{\"@id\":\"https:\/\/ffyh.unc.edu.ar\/ciffyh\/#website\"},\"datePublished\":\"2009-11-18T19:41:33+00:00\",\"dateModified\":\"2023-05-24T19:51:25+00:00\",\"breadcrumb\":{\"@id\":\"https:\/\/ffyh.unc.edu.ar\/ciffyh\/institucional\/objetivos\/#breadcrumb\"},\"inLanguage\":\"es\",\"potentialAction\":[{\"@type\":\"ReadAction\",\"target\":[\"https:\/\/ffyh.unc.edu.ar\/ciffyh\/institucional\/objetivos\/\"]}]},{\"@type\":\"BreadcrumbList\",\"@id\":\"https:\/\/ffyh.unc.edu.ar\/ciffyh\/institucional\/objetivos\/#breadcrumb\",\"itemListElement\":[{\"@type\":\"ListItem\",\"position\":1,\"name\":\"Portada\",\"item\":\"https:\/\/ffyh.unc.edu.ar\/ciffyh\/\"},{\"@type\":\"ListItem\",\"position\":2,\"name\":\"Institucional\",\"item\":\"https:\/\/ffyh.unc.edu.ar\/ciffyh\/institucional\/\"},{\"@type\":\"ListItem\",\"position\":3,\"name\":\"Objetivos y funciones\"}]},{\"@type\":\"WebSite\",\"@id\":\"https:\/\/ffyh.unc.edu.ar\/ciffyh\/#website\",\"url\":\"https:\/\/ffyh.unc.edu.ar\/ciffyh\/\",\"name\":\"Centro de Investigaciones \\\"Maria Saleme de Burnichon\\\"\",\"description\":\"Facultad de Filosof\u00eda y Humanidades | UNC\",\"publisher\":{\"@id\":\"https:\/\/ffyh.unc.edu.ar\/ciffyh\/#organization\"},\"potentialAction\":[{\"@type\":\"SearchAction\",\"target\":{\"@type\":\"EntryPoint\",\"urlTemplate\":\"https:\/\/ffyh.unc.edu.ar\/ciffyh\/?s={search_term_string}\"},\"query-input\":{\"@type\":\"PropertyValueSpecification\",\"valueRequired\":true,\"valueName\":\"search_term_string\"}}],\"inLanguage\":\"es\"},{\"@type\":\"Organization\",\"@id\":\"https:\/\/ffyh.unc.edu.ar\/ciffyh\/#organization\",\"name\":\"Centro de Investigaciones \\\"Maria Saleme de Burnichon\\\"\",\"url\":\"https:\/\/ffyh.unc.edu.ar\/ciffyh\/\",\"logo\":{\"@type\":\"ImageObject\",\"inLanguage\":\"es\",\"@id\":\"https:\/\/ffyh.unc.edu.ar\/ciffyh\/#\/schema\/logo\/image\/\",\"url\":\"https:\/\/ffyh.unc.edu.ar\/ciffyh\/wp-content\/uploads\/sites\/10\/2018\/02\/cropped-logo-ciffyh-ico.png\",\"contentUrl\":\"https:\/\/ffyh.unc.edu.ar\/ciffyh\/wp-content\/uploads\/sites\/10\/2018\/02\/cropped-logo-ciffyh-ico.png\",\"width\":512,\"height\":512,\"caption\":\"Centro de Investigaciones \\\"Maria Saleme de Burnichon\\\"\"},\"image\":{\"@id\":\"https:\/\/ffyh.unc.edu.ar\/ciffyh\/#\/schema\/logo\/image\/\"},\"sameAs\":[\"https:\/\/www.instagram.com\/ciffyh\/\"]}]}<\/script>\n<!-- \/ Yoast SEO plugin. -->","yoast_head_json":{"title":"Objetivos y funciones - Centro de Investigaciones &quot;Maria Saleme de Burnichon&quot;","robots":{"index":"index","follow":"follow","max-snippet":"max-snippet:-1","max-image-preview":"max-image-preview:large","max-video-preview":"max-video-preview:-1"},"canonical":"https:\/\/ffyh.unc.edu.ar\/ciffyh\/institucional\/objetivos\/","og_locale":"es_ES","og_type":"article","og_title":"Objetivos y funciones - Centro de Investigaciones &quot;Maria Saleme de Burnichon&quot;","og_description":"Tal como lo establece el reglamento del CIFFyH en sus art\u00edculos 1\u00b0 y 2\u00b0, los objetivos y funciones de nuestro","og_url":"https:\/\/ffyh.unc.edu.ar\/ciffyh\/institucional\/objetivos\/","og_site_name":"Centro de Investigaciones &quot;Maria Saleme de Burnichon&quot;","article_modified_time":"2023-05-24T19:51:25+00:00","twitter_card":"summary_large_image","twitter_misc":{"Tiempo de lectura":"2 minutos"},"schema":{"@context":"https:\/\/schema.org","@graph":[{"@type":"WebPage","@id":"https:\/\/ffyh.unc.edu.ar\/ciffyh\/institucional\/objetivos\/","url":"https:\/\/ffyh.unc.edu.ar\/ciffyh\/institucional\/objetivos\/","name":"Objetivos y funciones - Centro de Investigaciones &quot;Maria Saleme de Burnichon&quot;","isPartOf":{"@id":"https:\/\/ffyh.unc.edu.ar\/ciffyh\/#website"},"datePublished":"2009-11-18T19:41:33+00:00","dateModified":"2023-05-24T19:51:25+00:00","breadcrumb":{"@id":"https:\/\/ffyh.unc.edu.ar\/ciffyh\/institucional\/objetivos\/#breadcrumb"},"inLanguage":"es","potentialAction":[{"@type":"ReadAction","target":["https:\/\/ffyh.unc.edu.ar\/ciffyh\/institucional\/objetivos\/"]}]},{"@type":"BreadcrumbList","@id":"https:\/\/ffyh.unc.edu.ar\/ciffyh\/institucional\/objetivos\/#breadcrumb","itemListElement":[{"@type":"ListItem","position":1,"name":"Portada","item":"https:\/\/ffyh.unc.edu.ar\/ciffyh\/"},{"@type":"ListItem","position":2,"name":"Institucional","item":"https:\/\/ffyh.unc.edu.ar\/ciffyh\/institucional\/"},{"@type":"ListItem","position":3,"name":"Objetivos y funciones"}]},{"@type":"WebSite","@id":"https:\/\/ffyh.unc.edu.ar\/ciffyh\/#website","url":"https:\/\/ffyh.unc.edu.ar\/ciffyh\/","name":"Centro de Investigaciones \"Maria Saleme de Burnichon\"","description":"Facultad de Filosof\u00eda y Humanidades | UNC","publisher":{"@id":"https:\/\/ffyh.unc.edu.ar\/ciffyh\/#organization"},"potentialAction":[{"@type":"SearchAction","target":{"@type":"EntryPoint","urlTemplate":"https:\/\/ffyh.unc.edu.ar\/ciffyh\/?s={search_term_string}"},"query-input":{"@type":"PropertyValueSpecification","valueRequired":true,"valueName":"search_term_string"}}],"inLanguage":"es"},{"@type":"Organization","@id":"https:\/\/ffyh.unc.edu.ar\/ciffyh\/#organization","name":"Centro de Investigaciones \"Maria Saleme de Burnichon\"","url":"https:\/\/ffyh.unc.edu.ar\/ciffyh\/","logo":{"@type":"ImageObject","inLanguage":"es","@id":"https:\/\/ffyh.unc.edu.ar\/ciffyh\/#\/schema\/logo\/image\/","url":"https:\/\/ffyh.unc.edu.ar\/ciffyh\/wp-content\/uploads\/sites\/10\/2018\/02\/cropped-logo-ciffyh-ico.png","contentUrl":"https:\/\/ffyh.unc.edu.ar\/ciffyh\/wp-content\/uploads\/sites\/10\/2018\/02\/cropped-logo-ciffyh-ico.png","width":512,"height":512,"caption":"Centro de Investigaciones \"Maria Saleme de Burnichon\""},"image":{"@id":"https:\/\/ffyh.unc.edu.ar\/ciffyh\/#\/schema\/logo\/image\/"},"sameAs":["https:\/\/www.instagram.com\/ciffyh\/"]}]}},"_links":{"self":[{"href":"https:\/\/ffyh.unc.edu.ar\/ciffyh\/wp-json\/wp\/v2\/pages\/9","targetHints":{"allow":["GET"]}}],"collection":[{"href":"https:\/\/ffyh.unc.edu.ar\/ciffyh\/wp-json\/wp\/v2\/pages"}],"about":[{"href":"https:\/\/ffyh.unc.edu.ar\/ciffyh\/wp-json\/wp\/v2\/types\/page"}],"author":[{"embeddable":true,"href":"https:\/\/ffyh.unc.edu.ar\/ciffyh\/wp-json\/wp\/v2\/users\/1"}],"replies":[{"embeddable":true,"href":"https:\/\/ffyh.unc.edu.ar\/ciffyh\/wp-json\/wp\/v2\/comments?post=9"}],"version-history":[{"count":11,"href":"https:\/\/ffyh.unc.edu.ar\/ciffyh\/wp-json\/wp\/v2\/pages\/9\/revisions"}],"predecessor-version":[{"id":6019,"href":"https:\/\/ffyh.unc.edu.ar\/ciffyh\/wp-json\/wp\/v2\/pages\/9\/revisions\/6019"}],"up":[{"embeddable":true,"href":"https:\/\/ffyh.unc.edu.ar\/ciffyh\/wp-json\/wp\/v2\/pages\/1842"}],"wp:attachment":[{"href":"https:\/\/ffyh.unc.edu.ar\/ciffyh\/wp-json\/wp\/v2\/media?parent=9"}],"curies":[{"name":"wp","href":"https:\/\/api.w.org\/{rel}","templated":true}]}}