{"id":17,"date":"2019-11-29T15:31:57","date_gmt":"2019-11-29T14:31:57","guid":{"rendered":"https:\/\/ffyh.unc.edu.ar\/comitesolidaridad\/?page_id=17"},"modified":"2019-12-23T15:10:48","modified_gmt":"2019-12-23T14:10:48","slug":"institucional","status":"publish","type":"page","link":"https:\/\/ffyh.unc.edu.ar\/comitesolidaridad\/institucional\/","title":{"rendered":"Institucional"},"content":{"rendered":"<p><span style=\"font-weight: 400\">El Comit\u00e9 de Solidaridad con los Pueblos Latinoamericanos es un espacio de coordinaci\u00f3n conformado por organismos de Derechos Humanos, organizaciones sociales, estudiantiles, sindicatos, instituciones culturales y educativas, as\u00ed como partidos y organizaciones pol\u00edticas de C\u00f3rdoba. Nuestra apuesta colectiva es la integraci\u00f3n y unidad latinoamericana, por lo que todas nuestras acciones se constituyen en ese horizonte.\u00a0<\/span><\/p>\n<p><span style=\"font-weight: 400\">En esta web encontrar\u00e1n informaci\u00f3n fehaciente sobre el plan sistem\u00e1tico de violaci\u00f3n a los Derechos Humanos que se encuentra en curso en Latinoam\u00e9rica, con particular \u00e9nfasis en la situaci\u00f3n de Bolivia luego de efectuado el golpe de Estado al gobierno democr\u00e1tico de Evo Morales Ayma. En el marco de la restricci\u00f3n a la libertad de expresi\u00f3n y el montaje de un cerco medi\u00e1tico ya por todxs conocido, tambi\u00e9n estaremos difundiendo documentos clave en el desarrollo de las luchas populares de la Patria Grande ante la nueva ofensiva de injerencia imperialista sobre la regi\u00f3n. <\/span><span style=\"font-weight: 400\">Sumamos la publicaci\u00f3n de art\u00edculos de an\u00e1lisis que sirvan como recurso para la comprensi\u00f3n m\u00e1s profunda del escenario actual y sus posibles devenires. Asimismo compartimos la agenda actualizada de iniciativas p\u00fablicas llevadas adelante por el Comit\u00e9 de Solidaridad aqu\u00ed en C\u00f3rdoba, as\u00ed como otras actividades de relevancia impulsadas desde otros puntos de nuestro pa\u00eds.\u00a0<\/span><\/p>\n<p>&nbsp;<\/p>\n<p>&nbsp;<\/p>\n<p>&nbsp;<\/p>\n","protected":false},"excerpt":{"rendered":"<p>El Comit\u00e9 de Solidaridad con los Pueblos Latinoamericanos es un espacio de coordinaci\u00f3n conformado por organismos de Derechos Humanos, organizaciones<\/p>\n","protected":false},"author":2,"featured_media":0,"parent":0,"menu_order":0,"comment_status":"closed","ping_status":"closed","template":"","meta":{"_acf_changed":false,"saved_in_kubio":false,"colormag_page_container_layout":"default_layout","colormag_page_sidebar_layout":"default_layout","_monsterinsights_skip_tracking":false,"_monsterinsights_sitenote_active":false,"_monsterinsights_sitenote_note":"","_monsterinsights_sitenote_category":0,"footnotes":""},"class_list":["post-17","page","type-page","status-publish","hentry"],"acf":[],"kubio_ai_page_context":{"short_desc":"","purpose":"general"},"_links":{"self":[{"href":"https:\/\/ffyh.unc.edu.ar\/comitesolidaridad\/wp-json\/wp\/v2\/pages\/17","targetHints":{"allow":["GET"]}}],"collection":[{"href":"https:\/\/ffyh.unc.edu.ar\/comitesolidaridad\/wp-json\/wp\/v2\/pages"}],"about":[{"href":"https:\/\/ffyh.unc.edu.ar\/comitesolidaridad\/wp-json\/wp\/v2\/types\/page"}],"author":[{"embeddable":true,"href":"https:\/\/ffyh.unc.edu.ar\/comitesolidaridad\/wp-json\/wp\/v2\/users\/2"}],"replies":[{"embeddable":true,"href":"https:\/\/ffyh.unc.edu.ar\/comitesolidaridad\/wp-json\/wp\/v2\/comments?post=17"}],"version-history":[{"count":6,"href":"https:\/\/ffyh.unc.edu.ar\/comitesolidaridad\/wp-json\/wp\/v2\/pages\/17\/revisions"}],"predecessor-version":[{"id":213,"href":"https:\/\/ffyh.unc.edu.ar\/comitesolidaridad\/wp-json\/wp\/v2\/pages\/17\/revisions\/213"}],"wp:attachment":[{"href":"https:\/\/ffyh.unc.edu.ar\/comitesolidaridad\/wp-json\/wp\/v2\/media?parent=17"}],"curies":[{"name":"wp","href":"https:\/\/api.w.org\/{rel}","templated":true}]}}