{"id":15,"date":"2023-04-18T14:54:34","date_gmt":"2023-04-18T14:54:34","guid":{"rendered":"https:\/\/ffyh.unc.edu.ar\/derechoshumanos\/?page_id=15"},"modified":"2026-02-04T18:09:36","modified_gmt":"2026-02-04T18:09:36","slug":"institucional","status":"publish","type":"page","link":"https:\/\/ffyh.unc.edu.ar\/derechoshumanos\/institucional\/","title":{"rendered":"Institucional"},"content":{"rendered":"<h2>Directora:<\/h2>\n<p>Dra. Ludmila DA SILVA CATELA<\/p>\n<h2><strong>Consejo de Coordinaci\u00f3n del Programa de Derechos Humanos<\/strong><\/h2>\n<p><strong>Docentes:<\/strong><br \/>\nProfesora In\u00e9s Abdala- Escuela de Archivolog\u00eda<br \/>\nProfesora Mariel Castagno-Escuela de Ciencias de la Educaci\u00f3n<br \/>\nProfesora Paula Hunziker- Escuela de Filosof\u00eda<br \/>\nProfesora Mar\u00eda Soledad Boero-Escuela de Letras<br \/>\nProfesor Jos\u00e9 Bompadre- Departamento de Antropolog\u00eda<br \/>\nProfesora Mar\u00eda de los \u00c1ngeles Jaime Rondine- Escuela de Bibliotecolog\u00eda<br \/>\nProfesor Leandro Inchauspe- Escuela de Historia<br \/>\nProfesora Daniela Aran-Departamento de Geograf\u00eda<\/p>\n<p><strong>Docente Jubilada:<\/strong><br \/>\nProfesora Mirta Bonnin- Departamento de Antropolog\u00eda<\/p>\n<p><strong>Estudiantes:<\/strong><br \/>\nPaloma Peralta Gonz\u00e1lez<br \/>\nCamila Lencinas<br \/>\nMaria Carola Aybar Fajreldines<\/p>\n<p><strong>Graduada:<\/strong><br \/>\nGisel Farga<\/p>\n<p><strong>Nodocentes:<\/strong><br \/>\nCamilo Ratti<br \/>\nJulieta\u00a0 Weihmuller (suplente)<\/p>\n<hr \/>\n<p><b>Contacto: <\/b><a href=\"mailto:ddhhffyh@ffyh.unc.edu.ar\"><span style=\"font-weight: 400\">ddhhffyh@ffyh.unc.edu.ar<\/span><\/a><\/p>\n<hr \/>\n<p><b>Resoluci\u00f3n de creaci\u00f3n del Programa DDHH<\/b><\/p>\n<p><a href=\"http:\/\/ffyh.unc.edu.ar\/derechoshumanos\/wp-content\/uploads\/sites\/47\/2023\/10\/RES_467_2012.pdf\" target=\"_blank\" rel=\"noopener\"><span style=\"font-weight: 400\">Descargar<\/span><\/a><\/p>\n","protected":false},"excerpt":{"rendered":"<p>Directora: Dra. Ludmila DA SILVA CATELA Consejo de Coordinaci\u00f3n del Programa de Derechos Humanos Docentes: Profesora In\u00e9s Abdala- Escuela de Archivolog\u00eda Profesora Mariel Castagno-Escuela de Ciencias de la Educaci\u00f3n Profesora Paula Hunziker- Escuela de Filosof\u00eda Profesora Mar\u00eda Soledad Boero-Escuela de Letras Profesor Jos\u00e9 Bompadre- Departamento de Antropolog\u00eda Profesora Mar\u00eda de los \u00c1ngeles Jaime Rondine- Escuela &hellip; <\/p>\n<p><a class=\"more-link btn\" href=\"https:\/\/ffyh.unc.edu.ar\/derechoshumanos\/institucional\/\">Seguir leyendo<\/a><\/p>\n","protected":false},"author":2,"featured_media":0,"parent":0,"menu_order":0,"comment_status":"closed","ping_status":"closed","template":"","meta":{"_acf_changed":false,"saved_in_kubio":false,"footnotes":""},"class_list":["post-15","page","type-page","status-publish","hentry","nodate","item-wrap"],"acf":[],"kubio_ai_page_context":{"short_desc":"","purpose":"general"},"yoast_head":"<!-- This site is optimized with the Yoast SEO plugin v27.1.1 - https:\/\/yoast.com\/product\/yoast-seo-wordpress\/ -->\n<title>Institucional - Programa de Derechos Humanos - FFyH UNC<\/title>\n<meta name=\"robots\" content=\"index, follow, max-snippet:-1, max-image-preview:large, max-video-preview:-1\" \/>\n<link rel=\"canonical\" href=\"https:\/\/ffyh.unc.edu.ar\/derechoshumanos\/institucional\/\" \/>\n<meta property=\"og:locale\" content=\"es_ES\" \/>\n<meta property=\"og:type\" content=\"article\" \/>\n<meta property=\"og:title\" content=\"Institucional - Programa de Derechos Humanos - FFyH UNC\" \/>\n<meta property=\"og:description\" content=\"Directora: Dra. Ludmila DA SILVA CATELA Consejo de Coordinaci\u00f3n del Programa de Derechos Humanos Docentes: Profesora In\u00e9s Abdala- Escuela de Archivolog\u00eda Profesora Mariel Castagno-Escuela de Ciencias de la Educaci\u00f3n Profesora Paula Hunziker- Escuela de Filosof\u00eda Profesora Mar\u00eda Soledad Boero-Escuela de Letras Profesor Jos\u00e9 Bompadre- Departamento de Antropolog\u00eda Profesora Mar\u00eda de los \u00c1ngeles Jaime Rondine- Escuela &hellip; Seguir leyendo\" \/>\n<meta property=\"og:url\" content=\"https:\/\/ffyh.unc.edu.ar\/derechoshumanos\/institucional\/\" \/>\n<meta property=\"og:site_name\" content=\"Programa de Derechos Humanos - FFyH UNC\" \/>\n<meta property=\"article:publisher\" content=\"https:\/\/www.facebook.com\/derechoshumanosffyh\" \/>\n<meta property=\"article:modified_time\" content=\"2026-02-04T18:09:36+00:00\" \/>\n<meta name=\"twitter:card\" content=\"summary_large_image\" \/>\n<meta name=\"twitter:label1\" content=\"Tiempo de lectura\" \/>\n\t<meta name=\"twitter:data1\" content=\"1 minuto\" \/>\n<script type=\"application\/ld+json\" class=\"yoast-schema-graph\">{\"@context\":\"https:\/\/schema.org\",\"@graph\":[{\"@type\":\"WebPage\",\"@id\":\"https:\/\/ffyh.unc.edu.ar\/derechoshumanos\/institucional\/\",\"url\":\"https:\/\/ffyh.unc.edu.ar\/derechoshumanos\/institucional\/\",\"name\":\"Institucional - Programa de Derechos Humanos - FFyH UNC\",\"isPartOf\":{\"@id\":\"https:\/\/ffyh.unc.edu.ar\/derechoshumanos\/#website\"},\"datePublished\":\"2023-04-18T14:54:34+00:00\",\"dateModified\":\"2026-02-04T18:09:36+00:00\",\"breadcrumb\":{\"@id\":\"https:\/\/ffyh.unc.edu.ar\/derechoshumanos\/institucional\/#breadcrumb\"},\"inLanguage\":\"es\",\"potentialAction\":[{\"@type\":\"ReadAction\",\"target\":[\"https:\/\/ffyh.unc.edu.ar\/derechoshumanos\/institucional\/\"]}]},{\"@type\":\"BreadcrumbList\",\"@id\":\"https:\/\/ffyh.unc.edu.ar\/derechoshumanos\/institucional\/#breadcrumb\",\"itemListElement\":[{\"@type\":\"ListItem\",\"position\":1,\"name\":\"Portada\",\"item\":\"https:\/\/ffyh.unc.edu.ar\/derechoshumanos\/\"},{\"@type\":\"ListItem\",\"position\":2,\"name\":\"Institucional\"}]},{\"@type\":\"WebSite\",\"@id\":\"https:\/\/ffyh.unc.edu.ar\/derechoshumanos\/#website\",\"url\":\"https:\/\/ffyh.unc.edu.ar\/derechoshumanos\/\",\"name\":\"Programa de Derechos Humanos - FFyH UNC\",\"description\":\"\",\"publisher\":{\"@id\":\"https:\/\/ffyh.unc.edu.ar\/derechoshumanos\/#organization\"},\"potentialAction\":[{\"@type\":\"SearchAction\",\"target\":{\"@type\":\"EntryPoint\",\"urlTemplate\":\"https:\/\/ffyh.unc.edu.ar\/derechoshumanos\/?s={search_term_string}\"},\"query-input\":{\"@type\":\"PropertyValueSpecification\",\"valueRequired\":true,\"valueName\":\"search_term_string\"}}],\"inLanguage\":\"es\"},{\"@type\":\"Organization\",\"@id\":\"https:\/\/ffyh.unc.edu.ar\/derechoshumanos\/#organization\",\"name\":\"Programa de Derechos Humanos - FFyH UNC\",\"url\":\"https:\/\/ffyh.unc.edu.ar\/derechoshumanos\/\",\"logo\":{\"@type\":\"ImageObject\",\"inLanguage\":\"es\",\"@id\":\"https:\/\/ffyh.unc.edu.ar\/derechoshumanos\/#\/schema\/logo\/image\/\",\"url\":\"https:\/\/ffyh.unc.edu.ar\/derechoshumanos\/wp-content\/uploads\/sites\/47\/2023\/04\/cropped-cropped-banner-ddhh.jpeg\",\"contentUrl\":\"https:\/\/ffyh.unc.edu.ar\/derechoshumanos\/wp-content\/uploads\/sites\/47\/2023\/04\/cropped-cropped-banner-ddhh.jpeg\",\"width\":512,\"height\":512,\"caption\":\"Programa de Derechos Humanos - FFyH UNC\"},\"image\":{\"@id\":\"https:\/\/ffyh.unc.edu.ar\/derechoshumanos\/#\/schema\/logo\/image\/\"},\"sameAs\":[\"https:\/\/www.facebook.com\/derechoshumanosffyh\",\"https:\/\/www.instagram.com\/programaddhhffyh\/\"]}]}<\/script>\n<!-- \/ Yoast SEO plugin. -->","yoast_head_json":{"title":"Institucional - Programa de Derechos Humanos - FFyH UNC","robots":{"index":"index","follow":"follow","max-snippet":"max-snippet:-1","max-image-preview":"max-image-preview:large","max-video-preview":"max-video-preview:-1"},"canonical":"https:\/\/ffyh.unc.edu.ar\/derechoshumanos\/institucional\/","og_locale":"es_ES","og_type":"article","og_title":"Institucional - Programa de Derechos Humanos - FFyH UNC","og_description":"Directora: Dra. Ludmila DA SILVA CATELA Consejo de Coordinaci\u00f3n del Programa de Derechos Humanos Docentes: Profesora In\u00e9s Abdala- Escuela de Archivolog\u00eda Profesora Mariel Castagno-Escuela de Ciencias de la Educaci\u00f3n Profesora Paula Hunziker- Escuela de Filosof\u00eda Profesora Mar\u00eda Soledad Boero-Escuela de Letras Profesor Jos\u00e9 Bompadre- Departamento de Antropolog\u00eda Profesora Mar\u00eda de los \u00c1ngeles Jaime Rondine- Escuela &hellip; Seguir leyendo","og_url":"https:\/\/ffyh.unc.edu.ar\/derechoshumanos\/institucional\/","og_site_name":"Programa de Derechos Humanos - FFyH UNC","article_publisher":"https:\/\/www.facebook.com\/derechoshumanosffyh","article_modified_time":"2026-02-04T18:09:36+00:00","twitter_card":"summary_large_image","twitter_misc":{"Tiempo de lectura":"1 minuto"},"schema":{"@context":"https:\/\/schema.org","@graph":[{"@type":"WebPage","@id":"https:\/\/ffyh.unc.edu.ar\/derechoshumanos\/institucional\/","url":"https:\/\/ffyh.unc.edu.ar\/derechoshumanos\/institucional\/","name":"Institucional - Programa de Derechos Humanos - FFyH UNC","isPartOf":{"@id":"https:\/\/ffyh.unc.edu.ar\/derechoshumanos\/#website"},"datePublished":"2023-04-18T14:54:34+00:00","dateModified":"2026-02-04T18:09:36+00:00","breadcrumb":{"@id":"https:\/\/ffyh.unc.edu.ar\/derechoshumanos\/institucional\/#breadcrumb"},"inLanguage":"es","potentialAction":[{"@type":"ReadAction","target":["https:\/\/ffyh.unc.edu.ar\/derechoshumanos\/institucional\/"]}]},{"@type":"BreadcrumbList","@id":"https:\/\/ffyh.unc.edu.ar\/derechoshumanos\/institucional\/#breadcrumb","itemListElement":[{"@type":"ListItem","position":1,"name":"Portada","item":"https:\/\/ffyh.unc.edu.ar\/derechoshumanos\/"},{"@type":"ListItem","position":2,"name":"Institucional"}]},{"@type":"WebSite","@id":"https:\/\/ffyh.unc.edu.ar\/derechoshumanos\/#website","url":"https:\/\/ffyh.unc.edu.ar\/derechoshumanos\/","name":"Programa de Derechos Humanos - FFyH UNC","description":"","publisher":{"@id":"https:\/\/ffyh.unc.edu.ar\/derechoshumanos\/#organization"},"potentialAction":[{"@type":"SearchAction","target":{"@type":"EntryPoint","urlTemplate":"https:\/\/ffyh.unc.edu.ar\/derechoshumanos\/?s={search_term_string}"},"query-input":{"@type":"PropertyValueSpecification","valueRequired":true,"valueName":"search_term_string"}}],"inLanguage":"es"},{"@type":"Organization","@id":"https:\/\/ffyh.unc.edu.ar\/derechoshumanos\/#organization","name":"Programa de Derechos Humanos - FFyH UNC","url":"https:\/\/ffyh.unc.edu.ar\/derechoshumanos\/","logo":{"@type":"ImageObject","inLanguage":"es","@id":"https:\/\/ffyh.unc.edu.ar\/derechoshumanos\/#\/schema\/logo\/image\/","url":"https:\/\/ffyh.unc.edu.ar\/derechoshumanos\/wp-content\/uploads\/sites\/47\/2023\/04\/cropped-cropped-banner-ddhh.jpeg","contentUrl":"https:\/\/ffyh.unc.edu.ar\/derechoshumanos\/wp-content\/uploads\/sites\/47\/2023\/04\/cropped-cropped-banner-ddhh.jpeg","width":512,"height":512,"caption":"Programa de Derechos Humanos - FFyH UNC"},"image":{"@id":"https:\/\/ffyh.unc.edu.ar\/derechoshumanos\/#\/schema\/logo\/image\/"},"sameAs":["https:\/\/www.facebook.com\/derechoshumanosffyh","https:\/\/www.instagram.com\/programaddhhffyh\/"]}]}},"_links":{"self":[{"href":"https:\/\/ffyh.unc.edu.ar\/derechoshumanos\/wp-json\/wp\/v2\/pages\/15","targetHints":{"allow":["GET"]}}],"collection":[{"href":"https:\/\/ffyh.unc.edu.ar\/derechoshumanos\/wp-json\/wp\/v2\/pages"}],"about":[{"href":"https:\/\/ffyh.unc.edu.ar\/derechoshumanos\/wp-json\/wp\/v2\/types\/page"}],"author":[{"embeddable":true,"href":"https:\/\/ffyh.unc.edu.ar\/derechoshumanos\/wp-json\/wp\/v2\/users\/2"}],"replies":[{"embeddable":true,"href":"https:\/\/ffyh.unc.edu.ar\/derechoshumanos\/wp-json\/wp\/v2\/comments?post=15"}],"version-history":[{"count":12,"href":"https:\/\/ffyh.unc.edu.ar\/derechoshumanos\/wp-json\/wp\/v2\/pages\/15\/revisions"}],"predecessor-version":[{"id":1193,"href":"https:\/\/ffyh.unc.edu.ar\/derechoshumanos\/wp-json\/wp\/v2\/pages\/15\/revisions\/1193"}],"wp:attachment":[{"href":"https:\/\/ffyh.unc.edu.ar\/derechoshumanos\/wp-json\/wp\/v2\/media?parent=15"}],"curies":[{"name":"wp","href":"https:\/\/api.w.org\/{rel}","templated":true}]}}