{"id":684,"date":"2024-06-04T13:04:39","date_gmt":"2024-06-04T13:04:39","guid":{"rendered":"https:\/\/ffyh.unc.edu.ar\/derechoshumanos\/?page_id=684"},"modified":"2024-06-04T13:04:39","modified_gmt":"2024-06-04T13:04:39","slug":"improntas-de-la-dictadura-en-el-campo-filosofico-de-cordoba","status":"publish","type":"page","link":"https:\/\/ffyh.unc.edu.ar\/derechoshumanos\/improntas-de-la-dictadura-en-el-campo-filosofico-de-cordoba\/","title":{"rendered":"Improntas de la dictadura en el campo filos\u00f3fico de C\u00f3rdoba"},"content":{"rendered":"<p>Improntas de la dictadura en el campo filos\u00f3fico de C\u00f3rdoba: investigaci\u00f3n sobre los saberes universitarios, las desapariciones, los exilios y les estudiantes en la transici\u00f3n a la democracia, es un proyecto institucional impulsado por la Escuela de Filosof\u00eda, que cuenta con el acompa\u00f1amiento del Programa de Derechos Humanos de la FFyH.<\/p>\n<p>Est\u00e1 orientado a promover una investigaci\u00f3n sobre la historia reciente del campo filos\u00f3fico en C\u00f3rdoba, en especial en los a\u00f1os que van desde fines de los sesenta y principios de los setenta a los primeros a\u00f1os de la d\u00e9cada del 80; en particular, aunque no exclusivamente, en la Escuela de Filosof\u00eda de la FFyH. Asimismo, tiene como objetivo el involucramiento de estudiantes y egresades en la importancia de una investigaci\u00f3n y un conocimiento de nuestra historia como elemento nodal, no s\u00f3lo para la memoria institucional, sino tambi\u00e9n para la elaboraci\u00f3n de pol\u00edticas, y la puesta en marcha de debates e intervenciones relativas a la filosof\u00eda que hacemos en C\u00f3rdoba hoy. Por \u00faltimo, se propone como una investigaci\u00f3n-acci\u00f3n en la que diferentes actores involucrades puedan ser convocades para la realizaci\u00f3n del propio proceso investigativo, ya sea desde el inicio, como miembros del Equipo, o durante las diferentes instancias de investigaci\u00f3n con sus diferentes l\u00edneas de acci\u00f3n que har\u00e1n visibles nueves actores relevantes.<br \/>\nLa necesidad de tal proyecto surge de la percepci\u00f3n de que, si bien nuestra Escuela ha mostrado desde la recuperaci\u00f3n democr\u00e1tica una serie de iniciativas ligadas a esclarecer su historia, y la propia Facultad ha demostrado un trabajo constante de investigaci\u00f3n e intervenci\u00f3n en el campo de la Historia reciente, existe una vacancia y una deuda espec\u00edfica ligada al per\u00edodo mencionado en nuestro proyecto. Como se se\u00f1al\u00f3 esto no implica desconocer las diferentes acciones que se han llevado adelante, sino un trabajo de recontextualizaci\u00f3n e integraci\u00f3n en un proyecto institucional a mediano y largo plazo.<\/p>\n<p><strong>Consultar el proyecto completo: <\/strong><a href=\"http:\/\/ffyh.unc.edu.ar\/derechoshumanos\/wp-content\/uploads\/sites\/47\/2024\/06\/Improntas-de-la-dictadura-en-el-campo-filosofico-de-Cordoba.pdf\" target=\"_blank\" rel=\"noopener\">Descargar<\/a><\/p>\n<p><strong>\u00a0<\/strong><strong>Para consultar convocatorias y actividades:<\/strong>\u00a0<a href=\"https:\/\/blogs.ffyh.unc.edu.ar\/escueladefilosofia\" target=\"_blank\" rel=\"noopener\">https:\/\/blogs.ffyh.unc.edu.ar\/escueladefilosofia<\/a><\/p>\n<p><strong>Contactos: <\/strong><a href=\"mailto:esfilo@ffyh.unc.edu.ar\">esfilo@ffyh.unc.edu.ar<\/a>\u00a0 &#8211;\u00a0<a href=\"mailto:ddhhffyh@ffyh.unc.edu.ar\">ddhhffyh@ffyh.unc.edu.ar<\/a><\/p>\n","protected":false},"excerpt":{"rendered":"<p>Improntas de la dictadura en el campo filos\u00f3fico de C\u00f3rdoba: investigaci\u00f3n sobre los saberes universitarios, las desapariciones, los exilios y les estudiantes en la transici\u00f3n a la democracia, es un proyecto institucional impulsado por la Escuela de Filosof\u00eda, que cuenta con el acompa\u00f1amiento del Programa de Derechos Humanos de la FFyH. Est\u00e1 orientado a promover &hellip; <\/p>\n<p><a class=\"more-link btn\" href=\"https:\/\/ffyh.unc.edu.ar\/derechoshumanos\/improntas-de-la-dictadura-en-el-campo-filosofico-de-cordoba\/\">Seguir leyendo<\/a><\/p>\n","protected":false},"author":2,"featured_media":686,"parent":0,"menu_order":0,"comment_status":"closed","ping_status":"closed","template":"","meta":{"_acf_changed":false,"footnotes":""},"class_list":["post-684","page","type-page","status-publish","has-post-thumbnail","hentry","nodate","item-wrap"],"acf":[],"yoast_head":"<!-- This site is optimized with the Yoast SEO plugin v27.1.1 - https:\/\/yoast.com\/product\/yoast-seo-wordpress\/ -->\n<title>Improntas de la dictadura en el campo filos\u00f3fico de C\u00f3rdoba - Programa de Derechos Humanos - FFyH UNC<\/title>\n<meta name=\"robots\" content=\"index, follow, max-snippet:-1, max-image-preview:large, max-video-preview:-1\" \/>\n<link rel=\"canonical\" href=\"https:\/\/ffyh.unc.edu.ar\/derechoshumanos\/improntas-de-la-dictadura-en-el-campo-filosofico-de-cordoba\/\" \/>\n<meta property=\"og:locale\" content=\"es_ES\" \/>\n<meta property=\"og:type\" content=\"article\" \/>\n<meta property=\"og:title\" content=\"Improntas de la dictadura en el campo filos\u00f3fico de C\u00f3rdoba - Programa de Derechos Humanos - FFyH UNC\" \/>\n<meta property=\"og:description\" content=\"Improntas de la dictadura en el campo filos\u00f3fico de C\u00f3rdoba: investigaci\u00f3n sobre los saberes universitarios, las desapariciones, los exilios y les estudiantes en la transici\u00f3n a la democracia, es un proyecto institucional impulsado por la Escuela de Filosof\u00eda, que cuenta con el acompa\u00f1amiento del Programa de Derechos Humanos de la FFyH. Est\u00e1 orientado a promover &hellip; Seguir leyendo\" \/>\n<meta property=\"og:url\" content=\"https:\/\/ffyh.unc.edu.ar\/derechoshumanos\/improntas-de-la-dictadura-en-el-campo-filosofico-de-cordoba\/\" \/>\n<meta property=\"og:site_name\" content=\"Programa de Derechos Humanos - FFyH UNC\" \/>\n<meta property=\"article:publisher\" content=\"https:\/\/www.facebook.com\/derechoshumanosffyh\" \/>\n<meta property=\"og:image\" content=\"http:\/\/ffyh.unc.edu.ar\/derechoshumanos\/wp-content\/uploads\/sites\/47\/2024\/06\/improntas.jpg\" \/>\n\t<meta property=\"og:image:width\" content=\"407\" \/>\n\t<meta property=\"og:image:height\" content=\"222\" \/>\n\t<meta property=\"og:image:type\" content=\"image\/jpeg\" \/>\n<meta name=\"twitter:card\" content=\"summary_large_image\" \/>\n<meta name=\"twitter:label1\" content=\"Tiempo de lectura\" \/>\n\t<meta name=\"twitter:data1\" content=\"2 minutos\" \/>\n<script type=\"application\/ld+json\" class=\"yoast-schema-graph\">{\"@context\":\"https:\/\/schema.org\",\"@graph\":[{\"@type\":\"WebPage\",\"@id\":\"https:\/\/ffyh.unc.edu.ar\/derechoshumanos\/improntas-de-la-dictadura-en-el-campo-filosofico-de-cordoba\/\",\"url\":\"https:\/\/ffyh.unc.edu.ar\/derechoshumanos\/improntas-de-la-dictadura-en-el-campo-filosofico-de-cordoba\/\",\"name\":\"Improntas de la dictadura en el campo filos\u00f3fico de C\u00f3rdoba - Programa de Derechos Humanos - FFyH UNC\",\"isPartOf\":{\"@id\":\"https:\/\/ffyh.unc.edu.ar\/derechoshumanos\/#website\"},\"primaryImageOfPage\":{\"@id\":\"https:\/\/ffyh.unc.edu.ar\/derechoshumanos\/improntas-de-la-dictadura-en-el-campo-filosofico-de-cordoba\/#primaryimage\"},\"image\":{\"@id\":\"https:\/\/ffyh.unc.edu.ar\/derechoshumanos\/improntas-de-la-dictadura-en-el-campo-filosofico-de-cordoba\/#primaryimage\"},\"thumbnailUrl\":\"https:\/\/ffyh.unc.edu.ar\/derechoshumanos\/wp-content\/uploads\/sites\/47\/2024\/06\/improntas.jpg\",\"datePublished\":\"2024-06-04T13:04:39+00:00\",\"breadcrumb\":{\"@id\":\"https:\/\/ffyh.unc.edu.ar\/derechoshumanos\/improntas-de-la-dictadura-en-el-campo-filosofico-de-cordoba\/#breadcrumb\"},\"inLanguage\":\"es\",\"potentialAction\":[{\"@type\":\"ReadAction\",\"target\":[\"https:\/\/ffyh.unc.edu.ar\/derechoshumanos\/improntas-de-la-dictadura-en-el-campo-filosofico-de-cordoba\/\"]}]},{\"@type\":\"ImageObject\",\"inLanguage\":\"es\",\"@id\":\"https:\/\/ffyh.unc.edu.ar\/derechoshumanos\/improntas-de-la-dictadura-en-el-campo-filosofico-de-cordoba\/#primaryimage\",\"url\":\"https:\/\/ffyh.unc.edu.ar\/derechoshumanos\/wp-content\/uploads\/sites\/47\/2024\/06\/improntas.jpg\",\"contentUrl\":\"https:\/\/ffyh.unc.edu.ar\/derechoshumanos\/wp-content\/uploads\/sites\/47\/2024\/06\/improntas.jpg\",\"width\":407,\"height\":222},{\"@type\":\"BreadcrumbList\",\"@id\":\"https:\/\/ffyh.unc.edu.ar\/derechoshumanos\/improntas-de-la-dictadura-en-el-campo-filosofico-de-cordoba\/#breadcrumb\",\"itemListElement\":[{\"@type\":\"ListItem\",\"position\":1,\"name\":\"Portada\",\"item\":\"https:\/\/ffyh.unc.edu.ar\/derechoshumanos\/\"},{\"@type\":\"ListItem\",\"position\":2,\"name\":\"Improntas de la dictadura en el campo filos\u00f3fico de C\u00f3rdoba\"}]},{\"@type\":\"WebSite\",\"@id\":\"https:\/\/ffyh.unc.edu.ar\/derechoshumanos\/#website\",\"url\":\"https:\/\/ffyh.unc.edu.ar\/derechoshumanos\/\",\"name\":\"Programa de Derechos Humanos - FFyH UNC\",\"description\":\"\",\"publisher\":{\"@id\":\"https:\/\/ffyh.unc.edu.ar\/derechoshumanos\/#organization\"},\"potentialAction\":[{\"@type\":\"SearchAction\",\"target\":{\"@type\":\"EntryPoint\",\"urlTemplate\":\"https:\/\/ffyh.unc.edu.ar\/derechoshumanos\/?s={search_term_string}\"},\"query-input\":{\"@type\":\"PropertyValueSpecification\",\"valueRequired\":true,\"valueName\":\"search_term_string\"}}],\"inLanguage\":\"es\"},{\"@type\":\"Organization\",\"@id\":\"https:\/\/ffyh.unc.edu.ar\/derechoshumanos\/#organization\",\"name\":\"Programa de Derechos Humanos - FFyH UNC\",\"url\":\"https:\/\/ffyh.unc.edu.ar\/derechoshumanos\/\",\"logo\":{\"@type\":\"ImageObject\",\"inLanguage\":\"es\",\"@id\":\"https:\/\/ffyh.unc.edu.ar\/derechoshumanos\/#\/schema\/logo\/image\/\",\"url\":\"https:\/\/ffyh.unc.edu.ar\/derechoshumanos\/wp-content\/uploads\/sites\/47\/2023\/04\/cropped-cropped-banner-ddhh.jpeg\",\"contentUrl\":\"https:\/\/ffyh.unc.edu.ar\/derechoshumanos\/wp-content\/uploads\/sites\/47\/2023\/04\/cropped-cropped-banner-ddhh.jpeg\",\"width\":512,\"height\":512,\"caption\":\"Programa de Derechos Humanos - FFyH UNC\"},\"image\":{\"@id\":\"https:\/\/ffyh.unc.edu.ar\/derechoshumanos\/#\/schema\/logo\/image\/\"},\"sameAs\":[\"https:\/\/www.facebook.com\/derechoshumanosffyh\",\"https:\/\/www.instagram.com\/programaddhhffyh\/\"]}]}<\/script>\n<!-- \/ Yoast SEO plugin. -->","yoast_head_json":{"title":"Improntas de la dictadura en el campo filos\u00f3fico de C\u00f3rdoba - Programa de Derechos Humanos - FFyH UNC","robots":{"index":"index","follow":"follow","max-snippet":"max-snippet:-1","max-image-preview":"max-image-preview:large","max-video-preview":"max-video-preview:-1"},"canonical":"https:\/\/ffyh.unc.edu.ar\/derechoshumanos\/improntas-de-la-dictadura-en-el-campo-filosofico-de-cordoba\/","og_locale":"es_ES","og_type":"article","og_title":"Improntas de la dictadura en el campo filos\u00f3fico de C\u00f3rdoba - Programa de Derechos Humanos - FFyH UNC","og_description":"Improntas de la dictadura en el campo filos\u00f3fico de C\u00f3rdoba: investigaci\u00f3n sobre los saberes universitarios, las desapariciones, los exilios y les estudiantes en la transici\u00f3n a la democracia, es un proyecto institucional impulsado por la Escuela de Filosof\u00eda, que cuenta con el acompa\u00f1amiento del Programa de Derechos Humanos de la FFyH. Est\u00e1 orientado a promover &hellip; Seguir leyendo","og_url":"https:\/\/ffyh.unc.edu.ar\/derechoshumanos\/improntas-de-la-dictadura-en-el-campo-filosofico-de-cordoba\/","og_site_name":"Programa de Derechos Humanos - FFyH UNC","article_publisher":"https:\/\/www.facebook.com\/derechoshumanosffyh","og_image":[{"width":407,"height":222,"url":"http:\/\/ffyh.unc.edu.ar\/derechoshumanos\/wp-content\/uploads\/sites\/47\/2024\/06\/improntas.jpg","type":"image\/jpeg"}],"twitter_card":"summary_large_image","twitter_misc":{"Tiempo de lectura":"2 minutos"},"schema":{"@context":"https:\/\/schema.org","@graph":[{"@type":"WebPage","@id":"https:\/\/ffyh.unc.edu.ar\/derechoshumanos\/improntas-de-la-dictadura-en-el-campo-filosofico-de-cordoba\/","url":"https:\/\/ffyh.unc.edu.ar\/derechoshumanos\/improntas-de-la-dictadura-en-el-campo-filosofico-de-cordoba\/","name":"Improntas de la dictadura en el campo filos\u00f3fico de C\u00f3rdoba - Programa de Derechos Humanos - FFyH UNC","isPartOf":{"@id":"https:\/\/ffyh.unc.edu.ar\/derechoshumanos\/#website"},"primaryImageOfPage":{"@id":"https:\/\/ffyh.unc.edu.ar\/derechoshumanos\/improntas-de-la-dictadura-en-el-campo-filosofico-de-cordoba\/#primaryimage"},"image":{"@id":"https:\/\/ffyh.unc.edu.ar\/derechoshumanos\/improntas-de-la-dictadura-en-el-campo-filosofico-de-cordoba\/#primaryimage"},"thumbnailUrl":"https:\/\/ffyh.unc.edu.ar\/derechoshumanos\/wp-content\/uploads\/sites\/47\/2024\/06\/improntas.jpg","datePublished":"2024-06-04T13:04:39+00:00","breadcrumb":{"@id":"https:\/\/ffyh.unc.edu.ar\/derechoshumanos\/improntas-de-la-dictadura-en-el-campo-filosofico-de-cordoba\/#breadcrumb"},"inLanguage":"es","potentialAction":[{"@type":"ReadAction","target":["https:\/\/ffyh.unc.edu.ar\/derechoshumanos\/improntas-de-la-dictadura-en-el-campo-filosofico-de-cordoba\/"]}]},{"@type":"ImageObject","inLanguage":"es","@id":"https:\/\/ffyh.unc.edu.ar\/derechoshumanos\/improntas-de-la-dictadura-en-el-campo-filosofico-de-cordoba\/#primaryimage","url":"https:\/\/ffyh.unc.edu.ar\/derechoshumanos\/wp-content\/uploads\/sites\/47\/2024\/06\/improntas.jpg","contentUrl":"https:\/\/ffyh.unc.edu.ar\/derechoshumanos\/wp-content\/uploads\/sites\/47\/2024\/06\/improntas.jpg","width":407,"height":222},{"@type":"BreadcrumbList","@id":"https:\/\/ffyh.unc.edu.ar\/derechoshumanos\/improntas-de-la-dictadura-en-el-campo-filosofico-de-cordoba\/#breadcrumb","itemListElement":[{"@type":"ListItem","position":1,"name":"Portada","item":"https:\/\/ffyh.unc.edu.ar\/derechoshumanos\/"},{"@type":"ListItem","position":2,"name":"Improntas de la dictadura en el campo filos\u00f3fico de C\u00f3rdoba"}]},{"@type":"WebSite","@id":"https:\/\/ffyh.unc.edu.ar\/derechoshumanos\/#website","url":"https:\/\/ffyh.unc.edu.ar\/derechoshumanos\/","name":"Programa de Derechos Humanos - FFyH UNC","description":"","publisher":{"@id":"https:\/\/ffyh.unc.edu.ar\/derechoshumanos\/#organization"},"potentialAction":[{"@type":"SearchAction","target":{"@type":"EntryPoint","urlTemplate":"https:\/\/ffyh.unc.edu.ar\/derechoshumanos\/?s={search_term_string}"},"query-input":{"@type":"PropertyValueSpecification","valueRequired":true,"valueName":"search_term_string"}}],"inLanguage":"es"},{"@type":"Organization","@id":"https:\/\/ffyh.unc.edu.ar\/derechoshumanos\/#organization","name":"Programa de Derechos Humanos - FFyH UNC","url":"https:\/\/ffyh.unc.edu.ar\/derechoshumanos\/","logo":{"@type":"ImageObject","inLanguage":"es","@id":"https:\/\/ffyh.unc.edu.ar\/derechoshumanos\/#\/schema\/logo\/image\/","url":"https:\/\/ffyh.unc.edu.ar\/derechoshumanos\/wp-content\/uploads\/sites\/47\/2023\/04\/cropped-cropped-banner-ddhh.jpeg","contentUrl":"https:\/\/ffyh.unc.edu.ar\/derechoshumanos\/wp-content\/uploads\/sites\/47\/2023\/04\/cropped-cropped-banner-ddhh.jpeg","width":512,"height":512,"caption":"Programa de Derechos Humanos - FFyH UNC"},"image":{"@id":"https:\/\/ffyh.unc.edu.ar\/derechoshumanos\/#\/schema\/logo\/image\/"},"sameAs":["https:\/\/www.facebook.com\/derechoshumanosffyh","https:\/\/www.instagram.com\/programaddhhffyh\/"]}]}},"_links":{"self":[{"href":"https:\/\/ffyh.unc.edu.ar\/derechoshumanos\/wp-json\/wp\/v2\/pages\/684","targetHints":{"allow":["GET"]}}],"collection":[{"href":"https:\/\/ffyh.unc.edu.ar\/derechoshumanos\/wp-json\/wp\/v2\/pages"}],"about":[{"href":"https:\/\/ffyh.unc.edu.ar\/derechoshumanos\/wp-json\/wp\/v2\/types\/page"}],"author":[{"embeddable":true,"href":"https:\/\/ffyh.unc.edu.ar\/derechoshumanos\/wp-json\/wp\/v2\/users\/2"}],"replies":[{"embeddable":true,"href":"https:\/\/ffyh.unc.edu.ar\/derechoshumanos\/wp-json\/wp\/v2\/comments?post=684"}],"version-history":[{"count":1,"href":"https:\/\/ffyh.unc.edu.ar\/derechoshumanos\/wp-json\/wp\/v2\/pages\/684\/revisions"}],"predecessor-version":[{"id":689,"href":"https:\/\/ffyh.unc.edu.ar\/derechoshumanos\/wp-json\/wp\/v2\/pages\/684\/revisions\/689"}],"wp:featuredmedia":[{"embeddable":true,"href":"https:\/\/ffyh.unc.edu.ar\/derechoshumanos\/wp-json\/wp\/v2\/media\/686"}],"wp:attachment":[{"href":"https:\/\/ffyh.unc.edu.ar\/derechoshumanos\/wp-json\/wp\/v2\/media?parent=684"}],"curies":[{"name":"wp","href":"https:\/\/api.w.org\/{rel}","templated":true}]}}