{"id":1031,"date":"2024-07-10T13:28:11","date_gmt":"2024-07-10T13:28:11","guid":{"rendered":"https:\/\/ffyh.unc.edu.ar\/derechoslinguisticos\/?page_id=1031"},"modified":"2026-03-11T21:08:35","modified_gmt":"2026-03-11T21:08:35","slug":"publicacion-de-actas","status":"publish","type":"page","link":"https:\/\/ffyh.unc.edu.ar\/derechoslinguisticos\/ediciones-anteriores\/circulares\/publicacion-de-actas\/","title":{"rendered":"Publicaci\u00f3n de Actas"},"content":{"rendered":"<p>Tenemos el agrado de anunciarles que las <strong>Actas del III Encuentro internacional: derechos ling\u00fc\u00edsticos como derechos humanos en Latinoam\u00e9rica. CONVERSACIONES INS\/URGENTES<\/strong> ya est\u00e1n disponibles en la web de la Facultad.<\/p>\n<p>Les invitamos a leer los trabajos presentados en el marco del III Encuentro y la III Jornada de Revitalizaci\u00f3n Ling\u00fc\u00edstica, preparados en conjunto con el \u00c1rea de Publicaciones de la FFyH.<\/p>\n<h3>Para acceder a las Actas, &lt;<a href=\"https:\/\/ffyh.unc.edu.ar\/publicaciones\/wp-content\/uploads\/sites\/35\/2025\/10\/III-encuentro-internacional-derechos-linguisticos-como-derechos-humanos_compressed.pdf?\"><span style=\"color: #ff00ff\">click ac\u00e1<\/span><\/a>&gt;<\/h3>\n","protected":false},"excerpt":{"rendered":"<div class=\"mh-excerpt\"><p>Tenemos el agrado de anunciarles que las Actas del III Encuentro internacional: derechos ling\u00fc\u00edsticos como derechos humanos en Latinoam\u00e9rica. CONVERSACIONES INS\/URGENTES ya est\u00e1n disponibles en <a class=\"mh-excerpt-more\" href=\"https:\/\/ffyh.unc.edu.ar\/derechoslinguisticos\/ediciones-anteriores\/circulares\/publicacion-de-actas\/\" title=\"Publicaci\u00f3n de Actas\">[&#8230;]<\/a><\/p>\n<\/div>","protected":false},"author":28,"featured_media":0,"parent":767,"menu_order":3,"comment_status":"closed","ping_status":"closed","template":"","meta":{"_acf_changed":false,"footnotes":""},"class_list":["post-1031","page","type-page","status-publish","hentry"],"acf":[],"_links":{"self":[{"href":"https:\/\/ffyh.unc.edu.ar\/derechoslinguisticos\/wp-json\/wp\/v2\/pages\/1031","targetHints":{"allow":["GET"]}}],"collection":[{"href":"https:\/\/ffyh.unc.edu.ar\/derechoslinguisticos\/wp-json\/wp\/v2\/pages"}],"about":[{"href":"https:\/\/ffyh.unc.edu.ar\/derechoslinguisticos\/wp-json\/wp\/v2\/types\/page"}],"author":[{"embeddable":true,"href":"https:\/\/ffyh.unc.edu.ar\/derechoslinguisticos\/wp-json\/wp\/v2\/users\/28"}],"replies":[{"embeddable":true,"href":"https:\/\/ffyh.unc.edu.ar\/derechoslinguisticos\/wp-json\/wp\/v2\/comments?post=1031"}],"version-history":[{"count":6,"href":"https:\/\/ffyh.unc.edu.ar\/derechoslinguisticos\/wp-json\/wp\/v2\/pages\/1031\/revisions"}],"predecessor-version":[{"id":1050,"href":"https:\/\/ffyh.unc.edu.ar\/derechoslinguisticos\/wp-json\/wp\/v2\/pages\/1031\/revisions\/1050"}],"up":[{"embeddable":true,"href":"https:\/\/ffyh.unc.edu.ar\/derechoslinguisticos\/wp-json\/wp\/v2\/pages\/767"}],"wp:attachment":[{"href":"https:\/\/ffyh.unc.edu.ar\/derechoslinguisticos\/wp-json\/wp\/v2\/media?parent=1031"}],"curies":[{"name":"wp","href":"https:\/\/api.w.org\/{rel}","templated":true}]}}