{"id":106,"date":"2018-11-01T18:37:39","date_gmt":"2018-11-01T18:37:39","guid":{"rendered":"https:\/\/ffyh.unc.edu.ar\/derechoslinguisticos\/?page_id=106"},"modified":"2026-03-11T21:42:04","modified_gmt":"2026-03-11T21:42:04","slug":"comite-organizador","status":"publish","type":"page","link":"https:\/\/ffyh.unc.edu.ar\/derechoslinguisticos\/ediciones-anteriores\/circulares\/comite-organizador\/","title":{"rendered":"Comit\u00e9 Organizador"},"content":{"rendered":"<h3 style=\"text-align: center\">BEATRIZ BIXIO<br \/>\nJOS\u00c9 MAR\u00cdA BOMPADRE<br \/>\nVICTORIA CHABRANDO<br \/>\nSOF\u00cdA DE MAURO<br \/>\nLUISA DOM\u00cdNGUEZ<br \/>\nJUAN CARLOS DRUETTA<br \/>\nFABIOLA HEREDIA<br \/>\nC\u00c9SAR MARCHESINO<br \/>\nEDUARDO MATTIO<\/h3>\n<p>&nbsp;<\/p>\n<p>&nbsp;<\/p>\n<p style=\"text-align: left\"><strong><span style=\"color: #ff00ff\">Colaboradorxs: <\/span><\/strong>PATRICIO P\u00c9REZ, JOAQU\u00cdN FERN\u00c1NDEZ, MAT\u00cdAS MORANO, MA. EMILIA GORZA, BRENDA MU\u00d1OZ, JULIANA TROSSERO, MALENA OLMEDO, AGUSTINA GALLEGO VEGA, FLORENCIA BARRIOS, MA. CANDELA GOTTIG, DANIELA CONTURSI.<\/p>\n","protected":false},"excerpt":{"rendered":"<div class=\"mh-excerpt\"><p>BEATRIZ BIXIO JOS\u00c9 MAR\u00cdA BOMPADRE VICTORIA CHABRANDO SOF\u00cdA DE MAURO LUISA DOM\u00cdNGUEZ JUAN CARLOS DRUETTA FABIOLA HEREDIA C\u00c9SAR MARCHESINO EDUARDO MATTIO &nbsp; &nbsp; Colaboradorxs: PATRICIO <a class=\"mh-excerpt-more\" href=\"https:\/\/ffyh.unc.edu.ar\/derechoslinguisticos\/ediciones-anteriores\/circulares\/comite-organizador\/\" title=\"Comit\u00e9 Organizador\">[&#8230;]<\/a><\/p>\n<\/div>","protected":false},"author":28,"featured_media":0,"parent":767,"menu_order":2,"comment_status":"closed","ping_status":"closed","template":"","meta":{"_acf_changed":false,"footnotes":""},"class_list":["post-106","page","type-page","status-publish","hentry"],"acf":[],"_links":{"self":[{"href":"https:\/\/ffyh.unc.edu.ar\/derechoslinguisticos\/wp-json\/wp\/v2\/pages\/106","targetHints":{"allow":["GET"]}}],"collection":[{"href":"https:\/\/ffyh.unc.edu.ar\/derechoslinguisticos\/wp-json\/wp\/v2\/pages"}],"about":[{"href":"https:\/\/ffyh.unc.edu.ar\/derechoslinguisticos\/wp-json\/wp\/v2\/types\/page"}],"author":[{"embeddable":true,"href":"https:\/\/ffyh.unc.edu.ar\/derechoslinguisticos\/wp-json\/wp\/v2\/users\/28"}],"replies":[{"embeddable":true,"href":"https:\/\/ffyh.unc.edu.ar\/derechoslinguisticos\/wp-json\/wp\/v2\/comments?post=106"}],"version-history":[{"count":37,"href":"https:\/\/ffyh.unc.edu.ar\/derechoslinguisticos\/wp-json\/wp\/v2\/pages\/106\/revisions"}],"predecessor-version":[{"id":1027,"href":"https:\/\/ffyh.unc.edu.ar\/derechoslinguisticos\/wp-json\/wp\/v2\/pages\/106\/revisions\/1027"}],"up":[{"embeddable":true,"href":"https:\/\/ffyh.unc.edu.ar\/derechoslinguisticos\/wp-json\/wp\/v2\/pages\/767"}],"wp:attachment":[{"href":"https:\/\/ffyh.unc.edu.ar\/derechoslinguisticos\/wp-json\/wp\/v2\/media?parent=106"}],"curies":[{"name":"wp","href":"https:\/\/api.w.org\/{rel}","templated":true}]}}