{"id":202,"date":"2018-12-19T03:49:42","date_gmt":"2018-12-19T03:49:42","guid":{"rendered":"https:\/\/ffyh.unc.edu.ar\/derechoslinguisticos\/?page_id=202"},"modified":"2023-10-21T00:54:52","modified_gmt":"2023-10-21T00:54:52","slug":"tercera-circular","status":"publish","type":"page","link":"https:\/\/ffyh.unc.edu.ar\/derechoslinguisticos\/ediciones-anteriores\/tercera-circular\/","title":{"rendered":"II Encuentro (2021)"},"content":{"rendered":"<p><span style=\"font-weight: 400\">El <\/span><b>II Encuentro Internacional: derechos ling\u00fc\u00edsticos como derechos humanos en Latinoam\u00e9rica\/ LA FURIA DE LA LENGUA<\/b><span style=\"font-weight: 400\">, convocado por la Facultad de Filosof\u00eda y Humanidades (Universidad Nacional de C\u00f3rdoba, Argentina) y el Museo del Libro y de la Lengua (Biblioteca Nacional Mariano Moreno), surge como espacio abierto, diverso y bullicioso para reflexionar sobre nuestra realidad latinoamericana desde el <\/span><i><span style=\"font-weight: 400\">problema de las lenguas<\/span><\/i><span style=\"font-weight: 400\">.<\/span><\/p>\n<p><span style=\"font-weight: 400\">Como continuidad del evento organizado en 2019, plantea la relaci\u00f3n entre los derechos ling\u00fc\u00edsticos y los derechos humanos, entre el derecho a la palabra y el derecho a la vida digna, el derecho al discurso y el pensamiento propios, el derecho al decir y al hacer. El encuentro convoca a repensarnos en esas complejidades, para discutirlas y revisarlas en los m\u00e1rgenes de toda autoridad.<\/span><\/p>\n<p><span style=\"font-weight: 400\">La actual coyuntura pol\u00edtica y afectiva, tanto a nivel regional como global, se ve tensionada por discursos del odio \u2013racistas, mis\u00f3ginos, homolesbodiantes, cisexistas, capacitistas\u2013, que est\u00e1n desplazando las formas tradicionales del arte de la injuria en la direcci\u00f3n de una violencia verbal que, de la mano de las redes y los algoritmos, acorralan las pautas del debate democr\u00e1tico. La dram\u00e1tica crisis sanitaria global no ha hecho sino exacerbar las din\u00e1micas del odio, acrecentar la violencia discursiva y agudizar las desigualdades que nos atraviesan.\u00a0<\/span><\/p>\n<p><span style=\"font-weight: 400\">La pedagog\u00eda travesti-trans habla de la <\/span><i><span style=\"font-weight: 400\">furia <\/span><\/i><span style=\"font-weight: 400\">como sentimiento que busca justicia y se levanta en potencia insurgente; que resuena en los reclamos y luchas de otros sectores hist\u00f3ricamente subalternizados. Sin pretender autoexcluirse de las tensiones del lenguaje, postula sin embargo otras econom\u00edas de su violencia. Ante las sedimentaciones del odio, las <\/span><i><span style=\"font-weight: 400\">furias <\/span><\/i><span style=\"font-weight: 400\">enraizadas en la lengua dan lugar a nuevas imaginaciones, reapropiaciones y resistencias. Plantean, como <\/span><i><span style=\"font-weight: 400\">Erinnias <\/span><\/i><span style=\"font-weight: 400\">discursivas, la discordia ante la violencia uniformizadora. Frente al odio inmovilizador, opositivo y polar, la <\/span><i><span style=\"font-weight: 400\">furia<\/span><\/i><span style=\"font-weight: 400\"> es multiplicaci\u00f3n, impureza y mutaci\u00f3n. Esa furia, en su afinidad etimol\u00f3gica con <\/span><i><span style=\"font-weight: 400\">hervir<\/span><\/i><span style=\"font-weight: 400\"> o <\/span><i><span style=\"font-weight: 400\">fundir<\/span><\/i><span style=\"font-weight: 400\">, con <\/span><i><span style=\"font-weight: 400\">fusible<\/span><\/i><span style=\"font-weight: 400\"> o <\/span><i><span style=\"font-weight: 400\">furor<\/span><\/i><span style=\"font-weight: 400\">, llama al movimiento para desafiar los l\u00edmites de lo decible y ensayar nuevas formas de agenciamiento colectivo. Es el furor y el arrebato contra las servidumbres voluntarias del nihilismo contempor\u00e1neo.\u00a0<\/span><\/p>\n<p><span style=\"font-weight: 400\">En medio de la crisis civilizatoria global que enfrentamos, y de la pandemia como expresi\u00f3n de ella, proponemos pensar el virus de la lengua, sus peligros y virtualidades, sus latencias y potencias. Los desaf\u00edos de este tiempo reclaman a la academia y a la vida cultural la suspensi\u00f3n de sus evidencias, con sus lenguas, sus registros, sus problemas y sus explicaciones del odio social y pol\u00edtico. Proponemos desplegar otros modos de decir y hacer con la lengua que incomoden y nos incomoden: modos desbocados que habiliten la ilusi\u00f3n y el deseo de vidas m\u00e1s equitativas y pr\u00e1cticas pol\u00edticas heterog\u00e9neas y diversas.<\/span><\/p>\n<p style=\"text-align: left\"><b>LA FURIA DE LA LENGUA<\/b><span style=\"font-weight: 400\"> nos sit\u00faa ante las violencias exacerbadas de nuestro tiempo sin ingenuidad, y asumiendo la propia furia de todas esas lenguas minorizadas que pugnan por emerger a la escena de las hablas audibles de nuestra \u00e9poca. M\u00e1s all\u00e1 del ruido y de la norma, hacia una pr\u00e1ctica ling\u00fc\u00edstica mutante y expansiva. Porque as\u00ed imaginamos <\/span><i><span style=\"font-weight: 400\">los derechos humanos como derechos ling\u00fc\u00edsticos<\/span><\/i><span style=\"font-weight: 400\">: hacer rabiar la lengua hasta que valga la pena vivir.<\/span><\/p>\n<h1 style=\"text-align: center\"><a href=\"http:\/\/ffyh.unc.edu.ar\/derechoslinguisticos\/wp-content\/uploads\/sites\/31\/2021\/11\/Tercera-Circular_La-furia-de-la-lengua-2021.pdf\">DESCARGAR LA TERCERA CIRCULAR<\/a><\/h1>\n<p><iframe loading=\"lazy\" title=\"II Encuentro Internacional: derechos ling\u00fc\u00edsticos como derechos humanos en Latinoam\u00e9rica\/ LA FURIA DE LA LENGUA\" src=\"https:\/\/player.vimeo.com\/video\/646981381?dnt=1&amp;app_id=122963\" width=\"500\" height=\"281\" frameborder=\"0\" allow=\"autoplay; fullscreen; picture-in-picture; clipboard-write\"><\/iframe><\/p>\n","protected":false},"excerpt":{"rendered":"<div class=\"mh-excerpt\"><p>El II Encuentro Internacional: derechos ling\u00fc\u00edsticos como derechos humanos en Latinoam\u00e9rica\/ LA FURIA DE LA LENGUA, convocado por la Facultad de Filosof\u00eda y Humanidades (Universidad <a class=\"mh-excerpt-more\" href=\"https:\/\/ffyh.unc.edu.ar\/derechoslinguisticos\/ediciones-anteriores\/tercera-circular\/\" title=\"II Encuentro (2021)\">[&#8230;]<\/a><\/p>\n<\/div>","protected":false},"author":28,"featured_media":0,"parent":757,"menu_order":2,"comment_status":"closed","ping_status":"closed","template":"","meta":{"_acf_changed":false,"footnotes":""},"class_list":["post-202","page","type-page","status-publish","hentry"],"acf":[],"_links":{"self":[{"href":"https:\/\/ffyh.unc.edu.ar\/derechoslinguisticos\/wp-json\/wp\/v2\/pages\/202","targetHints":{"allow":["GET"]}}],"collection":[{"href":"https:\/\/ffyh.unc.edu.ar\/derechoslinguisticos\/wp-json\/wp\/v2\/pages"}],"about":[{"href":"https:\/\/ffyh.unc.edu.ar\/derechoslinguisticos\/wp-json\/wp\/v2\/types\/page"}],"author":[{"embeddable":true,"href":"https:\/\/ffyh.unc.edu.ar\/derechoslinguisticos\/wp-json\/wp\/v2\/users\/28"}],"replies":[{"embeddable":true,"href":"https:\/\/ffyh.unc.edu.ar\/derechoslinguisticos\/wp-json\/wp\/v2\/comments?post=202"}],"version-history":[{"count":21,"href":"https:\/\/ffyh.unc.edu.ar\/derechoslinguisticos\/wp-json\/wp\/v2\/pages\/202\/revisions"}],"predecessor-version":[{"id":763,"href":"https:\/\/ffyh.unc.edu.ar\/derechoslinguisticos\/wp-json\/wp\/v2\/pages\/202\/revisions\/763"}],"up":[{"embeddable":true,"href":"https:\/\/ffyh.unc.edu.ar\/derechoslinguisticos\/wp-json\/wp\/v2\/pages\/757"}],"wp:attachment":[{"href":"https:\/\/ffyh.unc.edu.ar\/derechoslinguisticos\/wp-json\/wp\/v2\/media?parent=202"}],"curies":[{"name":"wp","href":"https:\/\/api.w.org\/{rel}","templated":true}]}}