{"id":236,"date":"2019-01-15T20:12:25","date_gmt":"2019-01-15T20:12:25","guid":{"rendered":"https:\/\/ffyh.unc.edu.ar\/derechoslinguisticos\/?page_id=236"},"modified":"2021-06-25T14:56:21","modified_gmt":"2021-06-25T14:56:21","slug":"cronograma-preliminar","status":"publish","type":"page","link":"https:\/\/ffyh.unc.edu.ar\/derechoslinguisticos\/ediciones-anteriores\/declaracion\/cronograma-preliminar\/","title":{"rendered":"Programa"},"content":{"rendered":"<h2 style=\"text-align: left\"><span style=\"color: #ff0000\"><b>Cronograma de actividades<\/b><\/span><\/h2>\n<p><strong>&lt;<a href=\"http:\/\/ffyh.unc.edu.ar\/derechoslinguisticos\/wp-content\/uploads\/sites\/31\/2019\/03\/cronograma-color.pdf\">descargar programa<\/a>&gt;<\/strong><\/p>\n<p><strong>Sedes<\/strong>:<br \/>\n<span style=\"color: #993366\">Pabell\u00f3n Rep\u00fablica Bolivariana de Venezuela y Pabell\u00f3n Brujas, Ciudad Universitaria<\/span><br \/>\n<span style=\"color: #993366\">Sindicato de Luz y Fuerza (De\u00e1n Funes 672)<\/span><br \/>\n<span style=\"color: #993366\">Museo de Antropolog\u00eda\u00a0(Av. Hip\u00f3lito Yrigoyen 174)<\/span><\/p>\n<h3 style=\"text-align: center\"><span style=\"text-decoration: underline\"><strong>Martes 26 de marzo<\/strong><\/span><\/h3>\n<p><span style=\"color: #993366\">Pabell\u00f3n Venezuela &#8211; Ciudad Universitaria<\/span><br \/>\nde 9 a 10.40 &#8211; Mesas tem\u00e1ticas 1, 2, 3, 4, 5 y 6\u00a0(Aulas 1, 2, 3, 4, 6 y 7)<br \/>\n11.00 &#8211; Apertura: Juan Pablo Abratte &#8211;\u00a0Conferencia: Elvira Narvaja de Arnoux. Coordina: Gabriela Simon\u00a0(Auditorio Hugo Ch\u00e1vez)<br \/>\n12.00 &#8211; Homenaje a Osvaldo Bayer. Mar\u00eda Teresa Andruetto, Flavia Dezzutto y Diego Tati\u00e1n\u00a0(Auditorio Hugo Ch\u00e1vez)<br \/>\nde 14 a 15.40 &#8211; Mesas tem\u00e1ticas\u00a0 7, 8, 9, 10, 11 y 12\u00a0(Aulas 1, 2, 3, 4, 6 y 7)<\/p>\n<p><span style=\"color: #993366\">Museo de Antropolog\u00eda<\/span><br \/>\n15.00 &#8211; El lenguaje del horror: c\u00f3mo nombrar el horror. Lo indecible. Ana Iliovich y Equipo de Investigaci\u00f3n: Militancias, dictaduras y derechos humanos en la historia reciente de C\u00f3rdoba<br \/>\n16.30 &#8211; <span style=\"font-weight: 400\">Premio Internacional de Humanidades, Ciencias Sociales y Derechos Humanos. Programa de Derechos Humanos (FFyH-UNC)<\/span><\/p>\n<p><span style=\"color: #993366\">17.00 &#8211; Sindicato Luz y Fuerza &#8211; Feria editorial<\/span><br \/>\n17.00 &#8211; Mesa: edici\u00f3n y territorio<br \/>\n18.00 &#8211;\u00a0Presentaci\u00f3n del libro \u00abMAPURBE\u00bb de David Ani\u00f1ir. Presenta: Daniela Catrileo, Mariela Laudecina y Fernanda Libro<br \/>\n19.00 &#8211; Presentaci\u00f3n del libro \u00abSpinoza disidente\u00bb de Diego Tati\u00e1n. Presenta: Aaron Saal<br \/>\n19.45 &#8211;\u00a0Marat\u00f3n de poes\u00eda con escritorxs de C\u00f3rdoba:\u00a0Chicacajasdevidrio, Boris, Agus Viv\u00ed\u00e1n, Jofontao, Belazalazar<\/p>\n<p><span style=\"color: #ff99cc\"><strong>Malas lenguas<\/strong><\/span><br \/>\n<span style=\"color: #993366\">Colegio Manuel Belgrano<\/span><br \/>\n13.15 &#8211; Conversatorio: \u00bfQu\u00e9 lenguaje nos incluye?\u00a0Eduardo Mattio, Ivana Alochis, Magdalena\u00a0Gonz\u00e1lez Almada e integrantes del Centro de Estudiantes. Moderadora:\u00a0Natalia Di Marco<br \/>\n<span style=\"color: #993366\">Museo de Antropolog\u00eda<\/span><br \/>\n17.00 &#8211; Conferencia y muestra fotogr\u00e1fica <em>O\u00eddos imperiales: viajes, diversidad cultural e imperialismo ling\u00fc\u00edstico<\/em>, Pablo Sigismondi<br \/>\n18.00 &#8211;\u00a0<em>Registros: experiencias en el habitar del lenguaje inclusivo<\/em>. Taller\/ronda de experiencias con Andrea Ruiz, Luciana Sastre y Ver\u00f3nica Ferreyra. Coordinado por Camila Alejandra y Jules Groube<br \/>\nCIERRE &#8211;<em>Random Malinche<\/em>, Carmen Cach\u00edn<\/p>\n<p><span style=\"color: #993366\">Sindicato de Luz y Fuerza<\/span><br \/>\n18:45 &#8211;<span style=\"font-weight: 400\">Pellicci -Endrek d\u00fao<\/span><br \/>\n20:30 &#8211;\u00a0<em>Desbordar la lengua I<\/em>. Naty Menstrual, Mar\u00eda Moreno y Cuqui. Presenta: Emma Song<\/p>\n<p>&nbsp;<\/p>\n<h3 style=\"text-align: center\"><span style=\"text-decoration: underline\"><strong>Mi\u00e9rcoles 27 de marzo<\/strong><\/span><\/h3>\n<p><span style=\"color: #993366\">Pabell\u00f3n Venezuela &#8211; Ciudad Universitaria<\/span><br \/>\nde 9 a 10.40 &#8211; Mesas tem\u00e1ticas 13, 14, 15, 16, 17 y 18\u00a0(Aulas 1, 2, 3, 4, 6 y 7)<br \/>\n11.00 &#8211;\u00a0Conferencia: Educaci\u00f3n de los sordos \u00bfpol\u00edtica ling\u00fc\u00edstica contrahegem\u00f3nica o inclusi\u00f3n educativa? Leonardo Peluso Crespi. Coordina: Cecilia Defag\u00f3 (Auditorio Hugo Ch\u00e1vez)<br \/>\nde 14 a 15.40\u00a0 &#8211; Mesas tem\u00e1ticas 19, 20, 21, 22, 23 y 24\u00a0(Aulas 1, 2, 3, 4, 6 y 7)<\/p>\n<p><span style=\"color: #993366\">Museo de Antropolog\u00eda<\/span><br \/>\n15.00 &#8211; Presentaci\u00f3n del libro <em>\u201cEducaci\u00f3n Superior y Derechos Humanos. Reflexiones, apuestas y desaf\u00edos\u201d.<\/em> Compiladora: Mar\u00eda del Rosario Badano. Editorial Uader\/Red Interuniversitaria de DDHH<\/p>\n<p><span style=\"color: #993366\">17.00 &#8211; Sindicato Luz y Fuerza &#8211; Feria editorial<\/span><br \/>\n16.00 &#8211; Mesa: \u00abElectrum\u00bb y \u00abBarrial\u00bb: Di\u00e1logos en torno a publicaciones del campo popular<br \/>\n17.00 &#8211; Mesa: edici\u00f3n, g\u00e9nero, lengua y disidencias<br \/>\n18.00 &#8211;\u00a0Presentaci\u00f3n Anuario de Glotopol\u00edtica #2. Presenta: Diego Bentivegna y Jos\u00e9 Del Valle<br \/>\n19.00 &#8211;\u00a0Panel: Discusiones en torno a la norma ling\u00fc\u00edstica. Jos\u00e9 Del Valle y Horacio Gonz\u00e1lez. Coordina: Beatriz Bixio<\/p>\n<p><span style=\"color: #ff99cc\"><strong>Malas lenguas<\/strong><\/span><\/p>\n<p style=\"text-align: left\"><span style=\"color: #993366\">Museo de Antropolog\u00eda<\/span><br \/>\n16.00 &#8211;\u00a0<span style=\"font-weight: 400\">Mesa <em>El cuerpo de la palabra y la palabra en el cuerpo. Pr\u00e1cticas esc\u00e9nicas y perspectiva de g\u00e9nero<\/em>. Con Nella Ferrez, Mart\u00edn Gaet\u00e1n, Alejandra Toledo Nespral y la participaci\u00f3n de Antara Wells. Coordina: Mariela Serra<\/span><br \/>\n17.30 &#8211; Mesa\u00a0<span style=\"font-weight: 400\"><em>Teatro, espacio p\u00fablico y contingencia socio-pol\u00edtica. Pr\u00e1cticas esc\u00e9nico-pol\u00edticas<\/em>. Con Jorge Villegas, Valeria Casanova, Noel Vivas y Mariela Serra. Coordina: Soledad Gonz\u00e1lez<\/span><br \/>\n18.30<span style=\"font-weight: 400\">\u00a0&#8211;\u00a0<em>Las espigadoras.\u00a0<\/em>Serigraf\u00eda al paso.<\/span><i><\/i><\/p>\n<p><span style=\"color: #800080\">Escalinatas del Sindicato de Luz y Fuerza<\/span><br \/>\n17.00 &#8211; Peroncho + El club de la letra CH + \u00abLo dicho&#8230;dicho est\u00e1?\u00bb Performance de Eli Ferrari Maximiliano Acosta<br \/>\n17:30 &#8211; Yolanda Cabral. Poes\u00edas a la Calle.<\/p>\n<p><span style=\"color: #993366\">Rep\u00fablico<\/span><br \/>\n18.00 &#8211;\u00a0<span style=\"font-weight: 400\">Presentaci\u00f3n de la re-edici\u00f3n de los libros\u00a0<\/span><i><span style=\"font-weight: 400\">Continuad\u00edsimo <\/span><\/i><span style=\"font-weight: 400\">y <\/span><i><span style=\"font-weight: 400\">Batido de trolo <\/span><\/i><span style=\"font-weight: 400\">(Editores Ignorantes en Red Editorial)\u00a0<\/span><span style=\"font-weight: 400\">de Naty Menstrual.<\/span><\/p>\n<p style=\"text-align: left\"><span style=\"color: #993366\">Instituto de Culturas Abor\u00edgenes<\/span><br \/>\n19.00 &#8211;\u00a0<span style=\"font-weight: 400\">Conversatorio con David Ani\u00f1ir y Daniela Catrileo<\/span><\/p>\n<p><span style=\"color: #993366\">Museo ambato (La Falda)<\/span><br \/>\n18.30 &#8211; \u00abKakan: La prohibida lengua diaguita que renace\u00bb Primeros resultados del proyecto de recuperaci\u00f3n y revitalizaci\u00f3n de la lengua y la cultura kakan en la comunidad Kelm(e) (Quilmes), Provincia de Tucum\u00e1n, Argentina. A cargo de: Comunidad India Kelme, Fundaci\u00f3n Pangea, Fundaci\u00f3n Ledda, Fundaci\u00f3n Azara.<\/p>\n<p style=\"text-align: left\"><span style=\"color: #993366\">Sindicato de Luz y Fuerza<\/span><br \/>\n18.00 &#8211;\u00a0<span style=\"font-weight: 400\">Gaspar Bueno + Cayote D\u00fao<\/span><br \/>\n20.30 &#8211;\u00a0<span style=\"font-weight: 400\"><em>Desbordar la lengua II<\/em>: Claudia Rodr\u00edguez y Camila Sosa Villada. Presenta: Noe Gall<\/span><\/p>\n<p><span style=\"color: #993366\">Macedonio<\/span><br \/>\n20.00 &#8211; <em>Locura y Brujer\u00eda: cruces entre Stengers-Pignarre y Oury. Pr\u00e1cticas para hacer del mundo un territorio habitable.<\/em> Presentan: Natalia Ortiz Maldonado, Franco Castigniani y Juan Zabala<\/p>\n<p>&nbsp;<\/p>\n<h3 style=\"text-align: center\"><span style=\"text-decoration: underline\"><strong>Jueves 28 de marzo<\/strong><\/span><\/h3>\n<p><span style=\"color: #993366\">Pabell\u00f3n Venezuela &#8211; Ciudad Universitaria<\/span><br \/>\nde 9 a 10.40 &#8211; Mesas tem\u00e1ticas 25, 26, 27, 28, 29 y 30\u00a0(Aulas 1, 2, 3, 4, 6 y 7)<br \/>\n10.30 &#8211;\u00a0Panel: Lenguas en contextos escolares. Graciela Bialet, Dora Riestra y M\u00f3nica Zidarich. Coordina: Paulina Brunetti (Auditorio Hugo Ch\u00e1vez).<br \/>\n12.00 &#8211;\u00a0Panel: Derechos ling\u00fc\u00edsticos y comunidades originarias. Marisa Censabella, Ana Carolina Hetch, Mariela Tulian y Virginia Unamuno. Coordina: M\u00f3nica Zidarich.\u00a0(Auditorio Hugo Ch\u00e1vez)<br \/>\nde 14 a 15.40 &#8211; Mesas tem\u00e1ticas 31, 32, 33, 34, 35 y 36\u00a0(Aulas 1, 2, 3, 4, 6 y 7)<br \/>\n15.00 &#8211;\u00a0Presentaci\u00f3n libro: En otras lenguas. Semiopraxis popular-intercutural-poscolonial como praxis cr\u00edtica de Jos\u00e9 Luis Grosso.\u00a0Presenta: Eugenia Boito y C\u00e9sar Marchesino<\/p>\n<p><span style=\"color: #993366\">Pabell\u00f3n Brujas &#8211; Ciudad Universitaria<\/span><br \/>\n14.00 &#8211; Taller Caja de herramientas. Elaboraci\u00f3n de recursos para la revitalizaci\u00f3n ling\u00fc\u00edstica. Coordina: Santiago Durante y Simona Mayo<\/p>\n<p><span style=\"color: #993366\">Museo de Antropolog\u00eda<\/span><br \/>\n09.00<span style=\"font-weight: 400\">\u00a0&#8211; Taller de poes\u00eda mapuche de Ngulumapu, Daniela Catrileo<br \/>\n14.00 &#8211; Taller de edici\u00f3n cartonera a cargo de La Sof\u00eda Cartonera<\/span><br \/>\n<span style=\"font-weight: 400\">16.00 &#8211; Presentaci\u00f3n de la edici\u00f3n facs\u00edmil (Bs.As. 2019) de <em>\u00abEl Diccionario del Alarife\u00bb<\/em>. Dr. Hamurabi Noufouri, Dr. Fernando Mart\u00ednez Nespral y Lic. Mar\u00eda Redondo<\/span><\/p>\n<p><span style=\"color: #993366\">17.00 &#8211; Sindicato Luz y Fuerza &#8211; Feria editorial<\/span><br \/>\n16.00 &#8211;\u00a0Lengua global y pol\u00edticas de edici\u00f3n. Am\u00e9rico Crist\u00f3falo. Coordina: Silvio Mattoni<br \/>\n17.00 &#8211;\u00a0Mesa: edici\u00f3n, emergencia, autogesti\u00f3n y crisis<br \/>\n18.00 &#8211;\u00a0La lengua en la literatura latinoamericana: Diego Bentivegna, Florencia Garramu\u00f1o y Daniel Link. Coordina: Cecilia Pacella<br \/>\n19.30 &#8211;\u00a0Conferencia Plenaria: Interculturalidad, justicia y derechos: Derechos humanos y ling\u00fc\u00edsticos. Rita del Valle Cejas, Jos\u00e9 Luis Grosso, Pablo Reyna, Agust\u00edn Rodriguez y Miguel Rodr\u00edguez Villafa\u00f1e. Coordina: Jos\u00e9 Bompadre<\/p>\n<p><span style=\"color: #ff99cc\"><strong>Malas lenguas<\/strong><\/span><\/p>\n<p style=\"text-align: left\"><span style=\"color: #993366\">Museo de Antropolog\u00eda<\/span><br \/>\n<span style=\"font-weight: 400\">17.00 &#8211; Teatro de T\u00edteres Teteutzin. Leyenda de dioses peque\u00f1os.<br \/>\n<\/span><\/p>\n<p><span style=\"color: #993366\">Sindicato de Luz y Fuerza<\/span><br \/>\n18.00 &#8211; Lorenzatti + Bartolom\u00e9<br \/>\n21.00 &#8211;\u00a0<span style=\"font-weight: 400\">Liliana Herrero, Pedro Rossi y Ariel Na\u00f3n<\/span><\/p>\n<p><span style=\"color: #993366\">Documenta Esc\u00e9nicas<\/span><br \/>\n23.00 &#8211; <em>Vienen por m\u00ed<\/em>, unipersonal de Claudia Rodr\u00edguez<\/p>\n<p>&nbsp;<\/p>\n<h3 style=\"text-align: center\"><span style=\"text-decoration: underline\"><strong>Viernes 29 de marzo<\/strong><\/span><\/h3>\n<p><span style=\"color: #993366\">Pabell\u00f3n Venezuela &#8211; Ciudad Universitaria<\/span><br \/>\nde 9 a 10.40 &#8211; Mesas tem\u00e1ticas 37, 38, 39 y 40\u00a0(Aulas 1, 2, 3, 4, 6 y 7)<\/p>\n<p><span style=\"color: #993366\">Pabell\u00f3n Brujas &#8211; Ciudad Universitaria<\/span><br \/>\ndesde las 9.00 &#8211; Revitalizaci\u00f3n ling\u00fc\u00edstica: experiencias, desaf\u00edos y urgencias.\u00a0Coordina: Santiago Durante y Simona Mayo. Cierre:\u00a0Danza ancestral Eugenia Butr\u00f3n (cultura Aymara)<\/p>\n<p><span style=\"color: #993366\">Pabell\u00f3n Venezuela &#8211; Ciudad Universitaria<\/span><br \/>\n11.00 &#8211; Cuando la lengua se les hace a un lado. Mempo Giardinelli. Coordina: Juan Pablo Abratte.\u00a0(Auditorio Hugo Ch\u00e1vez)<br \/>\n12.00\u00a0 &#8211; Conferencia de Cierre: La glotopol\u00edtica como pol\u00edtica: acci\u00f3n intra y extradisciplinaria. Jos\u00e9 Del Valle.\u00a0Coordina: Elvira Narvaja de Arnoux.\u00a0(Auditorio Hugo Ch\u00e1vez)<br \/>\n14.30 &#8211;\u00a0Pol\u00edticas ling\u00fc\u00edsticas de la RAE. Fernando Alf\u00f3n, Daniela Laur\u00eda y Florencia Rizzo. Coordina: Romina Grana.\u00a0(Auditorio Hugo Ch\u00e1vez)<br \/>\n16.00 &#8211;\u00a0Lenguas, g\u00e9nero y disidencia. Marina Mariasch, Emmanuel Theumer, Alejandro Modarelli y Patricia Supisiche. Coordina: Eduardo Mattio. (Auditorio Hugo Ch\u00e1vez)<\/p>\n<p><span style=\"color: #ff99cc\"><strong>Malas lenguas<\/strong><\/span><br \/>\n<span style=\"color: #993366\">Pabell\u00f3n Brujas &#8211; Ciudad universitaria<\/span><\/p>\n<p>16.00 <em>Parlante inclusivx<\/em>, instalaci\u00f3n de Felipe Zegers y Gabriela Medrano junto a <em>Po\u00e9tica<\/em>, acci\u00f3n de sitio espec\u00edfico de Gal Sanhueza y Horacio Aromando<br \/>\n17.30 <em>Desbordar la lengua III<\/em>: David Ani\u00f1ir, Daniela Catrileo y val flores. Presenta: Gabriela Milone<br \/>\n19.00 FESTIVAL DE CIERRE<br \/>\nComunidad cordobesa de Sikuris y Mixtura Andina- Ballet Esencia de mi Pueblo- LaTwetty Vergara- Mena y mostro rap- Tranki Punki- Tamboreras Ensamble<\/p>\n<p><span style=\"color: #993366\">Bast\u00f3n del Moro<\/span><br \/>\n20.00 &#8211; Muestra de artes visuales con Tom\u00e1s Alzogaray Vanella, Soledad S\u00e1nchez Goldar, Hugo Aveta. Curaci\u00f3n: Ciro del Barco<br \/>\n20:30 &#8211; Cristino Bogado (Paraguay). Lectura de poemas en yopara, guaran\u00ed y espa\u00f1ol<br \/>\n21.30 &#8211; Presentaci\u00f3n del libro La noche del mundo de Alejandro Modarelli<br \/>\n22.30 &#8211; Tr3nes poes\u00eda electr\u00f3nica + Lectura perform\u00e1tica\u00a0 de Marina Sarmiento<\/p>\n<p><span style=\"color: #993366\">Documenta Esc\u00e9nicas<\/span><br \/>\n21.00 &#8211;\u00a0<em>As\u00ed sucesivamente<\/em>, Grupo Las O<\/p>\n<p><span style=\"color: #993366\">L\u2019ecole<\/span><br \/>\n21:00 &#8211; Ciclo de m\u00fasica. Ra\u00fal Gir\u00f3, Seba T\u00e9vez y Mateo Marengo (jazz)<\/p>\n<p><span style=\"color: #993366\">Museo Ambato (La Falda, Punilla)<\/span><br \/>\n21.00 &#8211; <em>Comunidad que canta<\/em>: Concierto de Liliana Herrero, Ariel Na\u00f3n y Pedro Rossi<\/p>\n<p>&nbsp;<\/p>\n<h3 style=\"text-align: center\"><strong>S\u00e1bado 30 de marzo<\/strong><\/h3>\n<p><span style=\"color: #ff99cc\"><strong>Malas lenguas<\/strong><\/span><\/p>\n<p><span style=\"color: #993366\">Ciudad Universitaria (Pabell\u00f3n Francia)<\/span><\/p>\n<p>10.00 a 14.00: Esto es una intervenci\u00f3n. Taller coordinado por Felipe Zegers<\/p>\n<p><span style=\"color: #993366\">Inmediaciones del Teatro San Mart\u00edn<\/span><\/p>\n<p>por la tarde &#8211;\u00a0<em>Parlante inclusivx<\/em>, instalaci\u00f3n de Felipe Zegers y Gabriela Medrano<\/p>\n<p style=\"text-align: left\"><span style=\"color: #993366\">Bast\u00f3n del Moro<\/span><br \/>\n19.00 Muestra de artes visuales con Tom\u00e1s Alzogaray Vanella, Soledad S\u00e1nchez Goldar, Hugo Aveta. Curaci\u00f3n: Ciro del Barco<br \/>\n20:00 Conversaci\u00f3n sobre <em>El hilo azul<\/em> con invitades:\u00a0Isabel Naranjo Nore\u00f1a, Agust\u00edn Berti y Florencio Spangemberg<br \/>\n20.30 Yarar\u00e1<br \/>\n21.00 Rinoceronte<br \/>\n21.30 Hijas de Israel<br \/>\n22:00 Felipe Zegers (Chile)<br \/>\nCIERRE Orquesta del silencio<\/p>\n<p>Fiesta<\/p>\n<p style=\"text-align: left\"><span style=\"color: #993366\">Teatro La Calle<\/span><br \/>\n21.30 &#8211; <em>Putito. Nunca nadie am\u00f3 tanto<\/em><\/p>\n<p><span style=\"color: #993366\">Documenta Esc\u00e9nicas<\/span><br \/>\n21.30 &#8211; <em>Se deber\u00eda llamar Elogio del amor<\/em><\/p>\n<p><!--more--><\/p>\n<h2><span style=\"color: #ff0000\"><b>Jornada sobre Revitalizaci\u00f3n ling\u00fc\u00edstica<\/b><\/span><\/h2>\n<p><b>Experiencias, desaf\u00edos y urgencias<\/b><\/p>\n<p><b>Jueves 28 de marzo (a partir de las 14):<\/b><\/p>\n<p><b>Taller: Caja de herramientas. Elaboraci\u00f3n de recursos para la revitalizaci\u00f3n ling\u00fc\u00edstica<\/b><\/p>\n<p><span style=\"font-weight: 400\">Este encuentro busca disponer un espacio en el cual se compartan estrategias, actividades, y recursos bibliogr\u00e1ficos, did\u00e1cticos, l\u00fadicos, etc. que promuevan la valoraci\u00f3n y transmisi\u00f3n de las lenguas amenazadas. Cada propuesta responde a un particular cuadro de situaci\u00f3n. En este sentido, la indagaci\u00f3n llevar\u00e1 tambi\u00e9n a vislumbrar aspectos particulares de distintos pueblos y lenguas americanos. Se espera generar un espacio de intercambio y discusi\u00f3n que permita compartir experiencias y sumar recursos para las diferentes situaciones de retracci\u00f3n ling\u00fc\u00edstica en la regi\u00f3n.<\/span><\/p>\n<p><b>Viernes 29 de marzo (a partir de las 9), Pabell\u00f3n Brujas<\/b><\/p>\n<p><b>Rondas de experiencias &#8211; proyectos<\/b><\/p>\n<p><span style=\"font-weight: 400\">Este espacio est\u00e1 pensado como un encuentro de intercambio de experiencias en relaci\u00f3n a la revitalizaci\u00f3n ling\u00fc\u00edstica.<br \/>\nCoordina: Santiago Durante y Simona Mayo.<br \/>\nApertura: \u00fctr\u00fcfnak\u00fcm\u00fcwi kew\u00fcn la lengua en picada (performance a cargo de Paula Yende Nawelfil. Audivisual: Claudia Simon Curakeo. Colectivo de arte mapunche Zomoche K\u00fcf).<br \/>\nComparten: INSTITUTO DE CULTURAS ABOR\u00cdGENES \/\/ \u00a0Wichi Lhomet, colectivo editorial: un proyecto de revitalizaci\u00f3n de la lengua-cultura wichi. \/\/ Hablantes de lengua kakana \/\/ I.E.S C.I.F.M.A CHACO: formaci\u00f3n de docentes ind\u00edgenas de las etnias tobas, wich\u00ed y mocov\u00ed \/\/ Comunidad comechingon-sanaviron Tulian. San Marcos Sierras, C\u00f3rdoba, Argentina \/\/ Comunidad Huarpe Guaytamari \/\/ Comunidad tapiet\u00e9 \/\/ Qaye\u2019eguela\u011daso\u011doc- Tiempo de emerger, pueblo qom \/\/ Fundaci\u00f3n Napalpi, Los Qom y la escritura \/\/ Hablantes y ense\u00f1antes de lengua wichi \/\/ Naci\u00f3n Charr\u00faa de Entre R\u00edos \/\/ Aplicaci\u00f3n para la creaci\u00f3n neol\u00f3gica colaborativa en lenguas moqoit, qom y wichi \/\/\u00a0\u00a0Ense\u00f1antes de Mapuzungun \/\/\u00a0Primera experiencia de inmersi\u00f3n ling\u00fc\u00edstica qom en El Colch\u00f3n, Chaco.<br \/>\nCierre: Danza ancestral Eugenia Butr\u00f3n (cultura Aymara) \u00a0\u00a0\u00a0 <\/span><\/p>\n<p><span style=\"font-weight: 400\">Ver cronograma preliminar &lt;<\/span><a href=\"https:\/\/docs.google.com\/spreadsheets\/d\/1ufo9WSRYMVcrWR5BKkOe0WBqBpOiBL4lEhJz8ezemJk\/edit?usp=sharing\" target=\"_blank\" rel=\"noopener\"><span style=\"font-weight: 400\">clickaqu\u00ed<\/span><\/a><span style=\"font-weight: 400\">&gt;<\/span><\/p>\n<p><!--more--><\/p>\n<h2><span style=\"color: #ff0000\"><b>Mesas tem\u00e1ticas<\/b><\/span><\/h2>\n<p>Las Mesas se llevar\u00e1n a cabo desde el martes 26\u00a0 al viernes 29\u00a0de marzo por la ma\u00f1ana y por la tarde.<\/p>\n<p>Para ver el cronograma, &lt;<a href=\"https:\/\/docs.google.com\/spreadsheets\/d\/1PC518IPrz5X4AF_YcPqaem8GJGPnMzPVd54jCQLyCek\/edit?usp=sharing\" target=\"_blank\" rel=\"noopener\">click aqu\u00ed<\/a>&gt;<\/p>\n<p>Para ver el Libro de Res\u00famenes, &lt;<a href=\"http:\/\/ffyh.unc.edu.ar\/derechoslinguisticos\/wp-content\/uploads\/sites\/31\/2019\/03\/Libro-de-res\u00famenes.pdf\" target=\"_blank\" rel=\"noopener\">click aqu\u00ed<\/a>&gt;<\/p>\n","protected":false},"excerpt":{"rendered":"<div class=\"mh-excerpt\"><p>Cronograma de actividades &lt;descargar programa&gt; Sedes: Pabell\u00f3n Rep\u00fablica Bolivariana de Venezuela y Pabell\u00f3n Brujas, Ciudad Universitaria Sindicato de Luz y Fuerza (De\u00e1n Funes 672) Museo <a class=\"mh-excerpt-more\" href=\"https:\/\/ffyh.unc.edu.ar\/derechoslinguisticos\/ediciones-anteriores\/declaracion\/cronograma-preliminar\/\" title=\"Programa\">[&#8230;]<\/a><\/p>\n<\/div>","protected":false},"author":28,"featured_media":0,"parent":558,"menu_order":2,"comment_status":"closed","ping_status":"closed","template":"","meta":{"_acf_changed":false,"footnotes":""},"class_list":["post-236","page","type-page","status-publish","hentry"],"acf":[],"_links":{"self":[{"href":"https:\/\/ffyh.unc.edu.ar\/derechoslinguisticos\/wp-json\/wp\/v2\/pages\/236","targetHints":{"allow":["GET"]}}],"collection":[{"href":"https:\/\/ffyh.unc.edu.ar\/derechoslinguisticos\/wp-json\/wp\/v2\/pages"}],"about":[{"href":"https:\/\/ffyh.unc.edu.ar\/derechoslinguisticos\/wp-json\/wp\/v2\/types\/page"}],"author":[{"embeddable":true,"href":"https:\/\/ffyh.unc.edu.ar\/derechoslinguisticos\/wp-json\/wp\/v2\/users\/28"}],"replies":[{"embeddable":true,"href":"https:\/\/ffyh.unc.edu.ar\/derechoslinguisticos\/wp-json\/wp\/v2\/comments?post=236"}],"version-history":[{"count":98,"href":"https:\/\/ffyh.unc.edu.ar\/derechoslinguisticos\/wp-json\/wp\/v2\/pages\/236\/revisions"}],"predecessor-version":[{"id":550,"href":"https:\/\/ffyh.unc.edu.ar\/derechoslinguisticos\/wp-json\/wp\/v2\/pages\/236\/revisions\/550"}],"up":[{"embeddable":true,"href":"https:\/\/ffyh.unc.edu.ar\/derechoslinguisticos\/wp-json\/wp\/v2\/pages\/558"}],"wp:attachment":[{"href":"https:\/\/ffyh.unc.edu.ar\/derechoslinguisticos\/wp-json\/wp\/v2\/media?parent=236"}],"curies":[{"name":"wp","href":"https:\/\/api.w.org\/{rel}","templated":true}]}}