{"id":33,"date":"2018-10-03T03:01:48","date_gmt":"2018-10-03T03:01:48","guid":{"rendered":"https:\/\/ffyh.unc.edu.ar\/derechoslinguisticos\/?page_id=33"},"modified":"2026-03-11T21:41:24","modified_gmt":"2026-03-11T21:41:24","slug":"que-es-el-encuentro","status":"publish","type":"page","link":"https:\/\/ffyh.unc.edu.ar\/derechoslinguisticos\/","title":{"rendered":"\u00bfQu\u00e9 es el Encuentro?"},"content":{"rendered":"<p><span style=\"font-weight: 400\">El <\/span><b>IV Encuentro Internacional: derechos ling\u00fc\u00edsticos como derechos humanos en Latinoam\u00e9rica \/ CONVERSACIONES IN\/SURGENTES<\/b><span style=\"font-weight: 400\"><strong> (2027)<\/strong> surge como espacio abierto, diverso y bullicioso para reflexionar sobre nuestra realidad latinoamericana desde el <\/span><i><span style=\"font-weight: 400\">problema de las lenguas<\/span><\/i><span style=\"font-weight: 400\">.<\/span><\/p>\n<p><span style=\"font-weight: 400\">Como continuidad de los eventos anteriores de 2019, 2021 y 2024 plantea la relaci\u00f3n entre los derechos ling\u00fc\u00edsticos y los derechos humanos, entre el derecho a la palabra y el derecho a la vida digna, el derecho al discurso y el pensamiento propios, el derecho al decir y al hacer. El encuentro convoca a repensarnos en esas complejidades, para discutirlas y revisarlas en los m\u00e1rgenes de toda autoridad.\u00a0<\/span><\/p>\n","protected":false},"excerpt":{"rendered":"<div class=\"mh-excerpt\"><p>El IV Encuentro Internacional: derechos ling\u00fc\u00edsticos como derechos humanos en Latinoam\u00e9rica \/ CONVERSACIONES IN\/SURGENTES (2027) surge como espacio abierto, diverso y bullicioso para reflexionar sobre <a class=\"mh-excerpt-more\" href=\"https:\/\/ffyh.unc.edu.ar\/derechoslinguisticos\/\" title=\"\u00bfQu\u00e9 es el Encuentro?\">[&#8230;]<\/a><\/p>\n<\/div>","protected":false},"author":28,"featured_media":0,"parent":0,"menu_order":0,"comment_status":"closed","ping_status":"closed","template":"","meta":{"_acf_changed":false,"footnotes":""},"class_list":["post-33","page","type-page","status-publish","hentry"],"acf":[],"_links":{"self":[{"href":"https:\/\/ffyh.unc.edu.ar\/derechoslinguisticos\/wp-json\/wp\/v2\/pages\/33","targetHints":{"allow":["GET"]}}],"collection":[{"href":"https:\/\/ffyh.unc.edu.ar\/derechoslinguisticos\/wp-json\/wp\/v2\/pages"}],"about":[{"href":"https:\/\/ffyh.unc.edu.ar\/derechoslinguisticos\/wp-json\/wp\/v2\/types\/page"}],"author":[{"embeddable":true,"href":"https:\/\/ffyh.unc.edu.ar\/derechoslinguisticos\/wp-json\/wp\/v2\/users\/28"}],"replies":[{"embeddable":true,"href":"https:\/\/ffyh.unc.edu.ar\/derechoslinguisticos\/wp-json\/wp\/v2\/comments?post=33"}],"version-history":[{"count":16,"href":"https:\/\/ffyh.unc.edu.ar\/derechoslinguisticos\/wp-json\/wp\/v2\/pages\/33\/revisions"}],"predecessor-version":[{"id":1060,"href":"https:\/\/ffyh.unc.edu.ar\/derechoslinguisticos\/wp-json\/wp\/v2\/pages\/33\/revisions\/1060"}],"wp:attachment":[{"href":"https:\/\/ffyh.unc.edu.ar\/derechoslinguisticos\/wp-json\/wp\/v2\/media?parent=33"}],"curies":[{"name":"wp","href":"https:\/\/api.w.org\/{rel}","templated":true}]}}