{"id":368,"date":"2019-03-10T20:07:14","date_gmt":"2019-03-10T20:07:14","guid":{"rendered":"https:\/\/ffyh.unc.edu.ar\/derechoslinguisticos\/?page_id=368"},"modified":"2021-06-25T14:55:31","modified_gmt":"2021-06-25T14:55:31","slug":"malas-lenguas-programacion","status":"publish","type":"page","link":"https:\/\/ffyh.unc.edu.ar\/derechoslinguisticos\/ediciones-anteriores\/declaracion\/malas-lenguas-programacion\/","title":{"rendered":"Malas Lenguas"},"content":{"rendered":"<p>Malas lenguas\u00a0es una iniciativa impulsada por un grupo heterog\u00e9neo de artistas, en respuesta a la univocidad de sentido de las lenguas que proyectan las viejas instituciones colonialistas y sus anfitriones en nuestro pa\u00eds. Estos poderes buscan hacer de la palabra viva un territorio funcional a sus intereses econ\u00f3micos y culturales, un territorio a fin de cuentas estanco y controlado.<br \/>\nMalas lenguas\u00a0propone una serie de intervenciones despegadas del acto simb\u00f3lico con el que la norma ling\u00fc\u00edstica y la eficacia del marketing comunicacional indiferencian y enjaulan el lenguaje. Si nombrar es parte de una potencia pol\u00edtica, de un acto performativo que reconoce modos de vida diversos, se trata de recuperar el poder de nombrar como gesto pol\u00edtico y vital, en su propio desborde.<br \/>\nMalas lenguas\u00a0surge de una convocatoria abierta, transversal y autogestionada. Se constituye en base a m\u00faltiples propuestas y colectivos que buscan entablar lazos para descubrir alternativas ante la opacidad pol\u00edtica impuesta.<\/p>\n<p>Malas lenguas trabaja junto al\u00a0I Encuentro Internacional de Derechos Ling\u00fc\u00edsticos como Derechos Humanos, organizado por la Facultad de Filosof\u00eda y Humanidades de la Universidad Nacional de C\u00f3rdoba, a la vez que re\u00fane actividades, transita distintos espacios, interviene lo p\u00fablico y cruza una pluralidad de expresiones del arte en torno a la pregunta por los lenguajes.<\/p>\n<p><a href=\"https:\/\/web.facebook.com\/malas.lenguas.ciclo\/\"><img loading=\"lazy\" decoding=\"async\" class=\"alignnone wp-image-344 size-large\" src=\"http:\/\/ffyh.unc.edu.ar\/derechoslinguisticos\/wp-content\/uploads\/sites\/31\/2019\/02\/MLML-PORTADA-FB-1024x379.png\" alt=\"\" width=\"1024\" height=\"379\" srcset=\"https:\/\/ffyh.unc.edu.ar\/derechoslinguisticos\/wp-content\/uploads\/sites\/31\/2019\/02\/MLML-PORTADA-FB-1024x379.png 1024w, https:\/\/ffyh.unc.edu.ar\/derechoslinguisticos\/wp-content\/uploads\/sites\/31\/2019\/02\/MLML-PORTADA-FB-300x111.png 300w, https:\/\/ffyh.unc.edu.ar\/derechoslinguisticos\/wp-content\/uploads\/sites\/31\/2019\/02\/MLML-PORTADA-FB-768x284.png 768w, https:\/\/ffyh.unc.edu.ar\/derechoslinguisticos\/wp-content\/uploads\/sites\/31\/2019\/02\/MLML-PORTADA-FB.png 1702w\" sizes=\"auto, (max-width: 1024px) 100vw, 1024px\" \/><\/a><\/p>\n<p>Malas lenguas trabaja junto al\u00a0<b>I Encuentro Internacional de Derechos Ling\u00fc\u00edsticos como Derechos Humano<\/b>s, organizado por la Facultad de Filosof\u00eda y Humanidades de la Universidad Nacional de C\u00f3rdoba, a la vez que re\u00fane actividades, transita distintos espacios, interviene lo p\u00fablico y cruza una pluralidad de expresiones del arte en torno a la pregunta por los lenguajes.<\/p>\n<h3><span style=\"color: #ff00ff\">Programaci\u00f3n<\/span><\/h3>\n<p>[Malas lenguas es una intervenci\u00f3n activa, por lo que su programaci\u00f3n est\u00e1 en constante\u00a0movimiento]<\/p>\n<p><b>Espacios<\/b><br \/>\nDocumenta Esc\u00e9nicas (Lima 364)<br \/>\nInstituto de Cultura Aborigen (La Rioja 2115)<br \/>\nBast\u00f3n del Moro (Bv. Chacabuco 483)<br \/>\nPiso Quinto (Av. Col\u00f3n 33)<br \/>\nMuseo de Antropolog\u00eda (Av. Hip\u00f3lito Yrigoyen 174)<br \/>\nSindicato de Luz y Fuerza (De\u00e1n Funes 672)<br \/>\nS\u00e9ptimo Arte (Av. Roque S\u00e1enz Pe\u00f1a 1423)<br \/>\nMacedonio (La Rioja 1012)<br \/>\nCiudad Universitaria (Pabell\u00f3n Brujas y Rep. Bol. de Venezuela)<br \/>\nCentro de la Ciudad de C\u00f3rdoba<br \/>\nL\u2019ecole Bon Appetit (Ayacucho 333)<br \/>\nTeatro La Calle (Gral. Bustos 1000 esq. Rodriguez Pe\u00f1a)<br \/>\nRep\u00fablico (Santa Rosa 391 esq. Sucre)<br \/>\nCasa Caracol &#8211; FOB (Ovidio Lagos 24)<br \/>\nLa Balza (Mariano Fragueiro 395)<br \/>\nLa C\u00fapula (Humberto Primo 14 | Piso 2 | Dpto. 7)<br \/>\nMuseo Ambato (La Falda, Calle Cuesta del Lago 1469)<\/p>\n<p><img loading=\"lazy\" decoding=\"async\" class=\"alignnone size-medium wp-image-379\" src=\"http:\/\/ffyh.unc.edu.ar\/derechoslinguisticos\/wp-content\/uploads\/sites\/31\/2019\/03\/ML-FLYER-GENERAL-300x300.png\" alt=\"\" width=\"300\" height=\"300\" srcset=\"https:\/\/ffyh.unc.edu.ar\/derechoslinguisticos\/wp-content\/uploads\/sites\/31\/2019\/03\/ML-FLYER-GENERAL-300x300.png 300w, https:\/\/ffyh.unc.edu.ar\/derechoslinguisticos\/wp-content\/uploads\/sites\/31\/2019\/03\/ML-FLYER-GENERAL-150x150.png 150w, https:\/\/ffyh.unc.edu.ar\/derechoslinguisticos\/wp-content\/uploads\/sites\/31\/2019\/03\/ML-FLYER-GENERAL-768x768.png 768w, https:\/\/ffyh.unc.edu.ar\/derechoslinguisticos\/wp-content\/uploads\/sites\/31\/2019\/03\/ML-FLYER-GENERAL-1024x1024.png 1024w, https:\/\/ffyh.unc.edu.ar\/derechoslinguisticos\/wp-content\/uploads\/sites\/31\/2019\/03\/ML-FLYER-GENERAL.png 1080w\" sizes=\"auto, (max-width: 300px) 100vw, 300px\" \/><\/p>\n<h3 style=\"text-align: left\"><b>Martes 5 de marzo<\/b><\/h3>\n<p><span style=\"color: #993366\">Documenta Esc\u00e9nicas<\/span><br \/>\n21.00 &#8211;\u00a0<em>Fiebre Guacha\u00a0<\/em><\/p>\n<h3 style=\"text-align: left\">S\u00e1bado 9 de marzo<\/h3>\n<p><span style=\"color: #993366\">Teatro La Calle<\/span><br \/>\n21.30 &#8211;\u00a0<em>Putito. Nunca nadie am\u00f3 tanto<\/em><\/p>\n<p><span style=\"color: #993366\">Documenta Esc\u00e9nicas<\/span><br \/>\n21.30 &#8211;\u00a0<em>Se deber\u00eda llamar Elogio del amor<\/em><\/p>\n<h3><strong>Jueves 14 de marzo<\/strong><\/h3>\n<p><span style=\"color: #993366\">L\u2019Ecole<\/span><br \/>\n21.00 &#8211; Ciclo de m\u00fasica. Gustavo Obligado. Sof\u00eda Salvo. Marcelo Von Schulz. Invitados: Franco Pellini + Vero Flores (impro libre)<\/p>\n<h3 style=\"text-align: left\">Viernes 15 de marzo<\/h3>\n<p><span style=\"color: #993366\">S\u00e9ptimo Arte<\/span><br \/>\n20.30 &#8211; Obri \/ Indira Montoya<\/p>\n<h3 style=\"text-align: left\">S\u00e1bado 16 de marzo<\/h3>\n<p style=\"text-align: left\"><span style=\"color: #993366\">Rep\u00fablico<br \/>\n<span style=\"color: #000000\">18.00 &#8211;\u00a0<em>La potencia de la proximidad<\/em><\/span><\/span><\/p>\n<p style=\"text-align: left\"><span style=\"color: #993366\">Teatro La Calle<\/span><br \/>\n21.30 &#8211;\u00a0<em>Putito. Nunca nadie am\u00f3 tanto<\/em><\/p>\n<p style=\"text-align: left\"><span style=\"color: #993366\">Documenta Esc\u00e9nicas<\/span><br \/>\n21.30 <em>Se deber\u00eda llamar Elogio del amor<\/em><\/p>\n<p><span style=\"color: #993366\">La C\u00fapula<\/span><br \/>\n22.00 Gustavo Obligado, Leo Culliari, Manuel Embalse<\/p>\n<p><span style=\"color: #993366\">La Balza<\/span><br \/>\n21.30 &#8211;\u00a0<em>Les payases tambi\u00e9n parlan<\/em><\/p>\n<h3><strong>Mi\u00e9rcoles 20 de marzo<\/strong><\/h3>\n<p><span style=\"color: #993366\">Museo de Antropolog\u00eda<\/span><br \/>\n15.00 &#8211; Talleres de producci\u00f3n de postales art\u00edsticas <em>Yo soy<\/em><\/p>\n<p><span style=\"color: #993366\">La C\u00fapula<\/span><br \/>\n22.00 Renzo Filinich, Ivan Gonzales, Nico Margherit<\/p>\n<h3 style=\"text-align: left\">Jueves 21 de marzo<\/h3>\n<p style=\"text-align: left\"><span style=\"color: #993366\">Piso Quinto<\/span><br \/>\n19.00 &#8211;\u00a0<i><span style=\"font-weight: 400\">Aventura dedos lenguas<\/span><\/i><span style=\"font-weight: 400\"> (<\/span><span style=\"font-weight: 400\">Manuel Ignacio Moyano y Constanza Pellicci)<\/span><span style=\"font-weight: 400\">\/<\/span>Cesar Alarc\u00f3n y Franco Pellini\/ Ensamble Leim + Plataforma abierta<\/p>\n<p style=\"text-align: left\"><span style=\"color: #993366\">Biblioteca de la Casa Caracol FOB<\/span><br \/>\n19.00 &#8211; Presentaci\u00f3n del libro \u00ab<i>Jueves. Bucear sin agua\u00bb,\u00a0<\/i>del Taller de lecto-escritura en la c\u00e1rcel de mujeres de Bouwer<\/p>\n<h3 style=\"text-align: left\">Viernes 22 de marzo<\/h3>\n<p style=\"text-align: left\"><span style=\"color: #993366\">Macedonio<\/span><br \/>\n20.00 &#8211; Presentaci\u00f3n del libro <em>\u201cArqueolog\u00eda Vertical\u201d.<\/em> Flavia Rojas y Mateo Paganini<\/p>\n<p><span style=\"color: #993366\">Bast\u00f3n del Moro<\/span><br \/>\n20.00 &#8211; Muestra de artes visuales con Tom\u00e1s Alzogaray Vanella, Soledad S\u00e1nchez Goldar, Hugo Aveta. Curaci\u00f3n: Ciro del Barco.\u00a0Invitado especial: Gustavo Cosacov <em>\u00bfPorqu\u00e9 no te callas?<\/em> Pintura en vivo<br \/>\n22.00 &#8211; Elisa Gagliano y Hern\u00e1n Boubie + Negra Marta, Amparo y Ornella Mazzuco<\/p>\n<h3 style=\"text-align: left\">S\u00e1bado 23 de marzo<\/h3>\n<p><span style=\"color: #993366\">L\u2019ecole<\/span><br \/>\n21.00 &#8211; Ciclo de m\u00fasica. Vero Guevara, Constanza Pellici, Eva Arce y Berenice Llorens (impro libre)<\/p>\n<p style=\"text-align: left\"><span style=\"color: #993366\">Teatro La Calle<\/span><br \/>\n21.30 &#8211;\u00a0<em>Putito. Nunca nadie am\u00f3 tanto<\/em><\/p>\n<p style=\"text-align: left\"><span style=\"color: #993366\">Documenta Esc\u00e9nicas<\/span><br \/>\n21.30 &#8211;\u00a0<em>Se deber\u00eda llamar Elogio del amor<\/em><\/p>\n<h3>Lunes 25 de marzo<\/h3>\n<p><span style=\"color: #993366\">Museo de Antropolog\u00eda<\/span><br \/>\n18.00 &#8211; Presentaci\u00f3n del \u201cDiccionario sin coronita\u201d de la Editorial Sof\u00eda Cartonera<br \/>\n19.30 &#8211;\u00a0<em>Amor Amarillo<\/em>, instalaci\u00f3n de Federico Racca y Mar\u00eda Bel\u00e9n Davil<\/p>\n<h3 style=\"text-align: left\">Martes 26 de marzo<\/h3>\n<p><span style=\"color: #993366\">Colegio Manuel Belgrano<\/span><br \/>\n13.15 &#8211; Conversatorio: \u00bfQu\u00e9 lenguaje nos incluye?\u00a0Eduardo Mattio, Ivana Alochis, Magdalena\u00a0Gonz\u00e1lez Almada e integrantes del Centro de Estudiantes. Moderadora:\u00a0Natalia Di Marco<\/p>\n<p><span style=\"color: #993366\">Museo de Antropolog\u00eda<\/span><span style=\"font-weight: 400\"><br \/>\n17.00 &#8211; Conferencia y muestra fotogr\u00e1fica\u00a0<em>O\u00eddos imperiales: viajes, diversidad cultural e imperialismo ling\u00fc\u00edstico<\/em>, Pablo Sigismondi<br \/>\n18.00 &#8211;\u00a0<em>Registros: experiencias en el habitar del lenguaje inclusivo<\/em>. Taller\/ronda de experiencias con Andrea Ruiz, Luciana Sastre y Ver\u00f3nica Ferreyra. Coordinado por Camila Alejandra y Jules Groube<br \/>\nCIERRE &#8211;\u00a0<em>Random Malinche<\/em>, Carmen Cach\u00edn<br \/>\n<\/span><\/p>\n<p><span style=\"color: #993366\">Sindicato de Luz y Fuerza<\/span><br \/>\n18:45 &#8211;\u00a0<span style=\"font-weight: 400\">Pellicci -Endrek d\u00fao<\/span><br \/>\n20.30 &#8211;\u00a0<em>Desbordar la lengua I<\/em>: Naty Menstrual, Mar\u00eda Moreno y Cuqui. Presenta: Emma Song<\/p>\n<p>&nbsp;<\/p>\n<h3 style=\"text-align: left\">Mi\u00e9rcoles 27 de marzo<\/h3>\n<p style=\"text-align: left\"><span style=\"color: #993366\">Museo de Antropolog\u00eda<\/span><br \/>\n16.00 &#8211;\u00a0<span style=\"font-weight: 400\">Mesa <em>El cuerpo de la palabra y la palabra en el cuerpo. Pr\u00e1cticas esc\u00e9nicas y perspectiva de g\u00e9nero<\/em>. Con Nella Ferrez, Mart\u00edn Gaet\u00e1n, Alejandra Toledo Nespral y la participaci\u00f3n de Antara Wells. Coordina: Mariela Serra<\/span><br \/>\n17.30 &#8211; Mesa\u00a0<span style=\"font-weight: 400\"><em>Teatro, espacio p\u00fablico y contingencia socio-pol\u00edtica. Pr\u00e1cticas esc\u00e9nico-pol\u00edticas<\/em>. Con Jorge Villegas, Valeria Casanova, Noel Vivas y Mariela Serra. Coordina: Soledad Gonz\u00e1lez<\/span><br \/>\n18.30 &#8211;<span style=\"font-weight: 400\">\u00a0<em>Las espigadoras.\u00a0<\/em>Serigraf\u00eda al paso.<\/span><i><\/i><\/p>\n<p><span style=\"color: #993366\">Escalinatas del Sindicato de Luz y Fuerza<\/span><br \/>\n17.00 Peroncho + El club de la letra CH + \u00abLo dicho&#8230;dicho est\u00e1?\u00bb Performance de Eli Ferrari Maximiliano Acosta<\/p>\n<p>17:30 Yolanda Cabral. Poes\u00edas a la Calle.<\/p>\n<p><span style=\"color: #993366\">Rep\u00fablico<\/span><br \/>\n18.00 &#8211;\u00a0<span style=\"font-weight: 400\">Presentaci\u00f3n de la re-edici\u00f3n de los libros\u00a0<\/span><i><span style=\"font-weight: 400\">Continuadisimo <\/span><\/i><span style=\"font-weight: 400\">y <\/span><i><span style=\"font-weight: 400\">Batido de trolo <\/span><\/i><span style=\"font-weight: 400\">(Editores Ignorantes en Red Editorial)\u00a0<\/span><span style=\"font-weight: 400\">de Naty Menstrual.<\/span><\/p>\n<p><span style=\"color: #993366\">Museo Ambato (La Falda)<\/span><br \/>\n18.30 &#8211; \u00abKakan: La prohibida lengua diaguita que renace\u00bb. Primeros resultados del proyecto de recuperaci\u00f3n y revitalizaci\u00f3n de la lengua y la cultura kakan en la comunidad Kelm(e) (Quilmes), Provincia de Tucum\u00e1n, Argentina. A cargo de: Comunidad India Kelme, Fundaci\u00f3n Pangea, Fundaci\u00f3n Ledda, Fundaci\u00f3n Azara<\/p>\n<p style=\"text-align: left\"><span style=\"color: #993366\">Instituto de Culturas Abor\u00edgenes<\/span><br \/>\n19.00 &#8211;\u00a0<span style=\"font-weight: 400\">Conversatorio con David Ani\u00f1ir\u00a0y Daniela Catrileo<\/span><\/p>\n<p style=\"text-align: left\"><span style=\"color: #993366\">Sindicato de Luz y Fuerza<\/span><br \/>\n18.00 &#8211;\u00a0<span style=\"font-weight: 400\">Gaspar Bueno + Cayote D\u00fao<\/span><br \/>\n20.30 &#8211;\u00a0<span style=\"font-weight: 400\"><em>Desbordar la lengua II<\/em>: Claudia Rodr\u00edguez y Camila Sosa Villada. Presenta: Noe Gall\u00a0<\/span><\/p>\n<p><span style=\"color: #993366\">Macedonio<\/span><br \/>\n20.00 &#8211; <em>Locura y Brujer\u00eda: cruces entre Stengers-Pignarre y Oury. Pr\u00e1cticas para hacer del mundo un territorio habitable.<\/em> Presentan: Natalia Ortiz Maldonado, Franco Castigniani y Juan Zabala<\/p>\n<p>&nbsp;<\/p>\n<h3 style=\"text-align: left\"><b>Jueves 28 de marzo<\/b><\/h3>\n<p style=\"text-align: left\"><span style=\"color: #993366\">Museo de Antropolog\u00eda<\/span><span style=\"font-weight: 400\"><br \/>\n17.00 Teatro de T\u00edteres <i>Teteutzin. Leyenda de dioses peque\u00f1os. <\/i><br \/>\n<\/span><\/p>\n<p style=\"text-align: left\"><span style=\"color: #993366\">Sindicato de Luz y Fuerza<\/span><br \/>\n18.00 &#8211; Lorenzatti + Bartolom\u00e9<br \/>\n20.30 &#8211;\u00a0<span style=\"font-weight: 400\">Liliana Herrero, Pedro Rossi y Ariel Na\u00f3n<\/span><\/p>\n<p><span style=\"color: #993366\">Documenta Esc\u00e9nicas<\/span><br \/>\n23.00 &#8211;<em>Vienen por m\u00ed<\/em>, unipersonal de Claudia Rodr\u00edguez<\/p>\n<p>&nbsp;<\/p>\n<h3 style=\"text-align: left\"><b>Viernes 29 de marzo<\/b><\/h3>\n<p><span style=\"color: #993366\">Pabell\u00f3n Brujas &#8211; Ciudad universitaria<\/span><\/p>\n<p>16.00 <em>Parlante inclusivx<\/em>, instalaci\u00f3n de Felipe Zegers y Gabriela Medrano junto a Po\u00e9tica, acci\u00f3n de sitio espec\u00edfico de Gal Sanhueza y Horacio Aromando<br \/>\n17.30 <em>Desbordar la lengua III<\/em>: David Ani\u00f1ir, Daniela Catrileo y val flores. Presenta: Gabriela Milone<br \/>\n19.00 FESTIVAL DE CIERRE<br \/>\nComunidad cordobesa de Sikuris y Mixtura Andina- Ballet Esencia de mi Pueblo- LaTwetty Vergara- Mena y mostro rap- Tranki Punki- Tamboreras Ensamble<\/p>\n<p><span style=\"color: #993366\">Bast\u00f3n del Moro<\/span><br \/>\n20.00 Muestra de artes visuales con Tom\u00e1s Alzogaray Vanella, Soledad S\u00e1nchez Goldar, Hugo Aveta. Curaci\u00f3n: Ciro del Barco<br \/>\n20:30 Cristino Bogado (Paraguay). Lectura de poemas en yopara, guaran\u00ed y espa\u00f1ol.<br \/>\n21.30 Presentaci\u00f3n del libro <em>La noche del mundo<\/em> de Alejandro Modarelli<br \/>\n22.30 Tr3nes poes\u00eda electr\u00f3nica + Mis viajes lectura perform\u00e1tica: Marina Sarmiento, Bel\u00e9n Ghioldi, Pamela Fern\u00e1ndez, Sabrina Lescano<\/p>\n<p><span style=\"color: #993366\">Documenta Esc\u00e9nicas<\/span><br \/>\n21.00 &#8211;\u00a0<em>As\u00ed sucesivamente<\/em>, Grupo Las O<\/p>\n<p><span style=\"color: #993366\">L\u2019ecole<\/span><br \/>\n21:00 &#8211; Ciclo de m\u00fasica. Ra\u00fal Gir\u00f3, Seba T\u00e9vez y Mateo Marengo (jazz)<\/p>\n<p style=\"text-align: left\"><span style=\"color: #993366\">Museo Ambato (La Falda, Punilla)<\/span><br \/>\n21.00 &#8211; <em>Comunidad que cant<\/em>a: Concierto Liliana Herrero, Ariel Na\u00f3n y Pedro Rossi<\/p>\n<h3 style=\"text-align: left\"><b>S\u00e1bado 30 de marzo<\/b><\/h3>\n<p><span style=\"color: #993366\">Ciudad Universitaria (Pabell\u00f3n Francia)<\/span><\/p>\n<p>10.00 a 14.00: Esto es una intervenci\u00f3n. Taller coordinado por Felipe Zegers<\/p>\n<p><span style=\"color: #993366\">Inmediaciones del Teatro San Mart\u00edn<\/span><\/p>\n<p>por la tarde &#8211;\u00a0<em>Parlante inclusivx<\/em>, instalaci\u00f3n de Felipe Zegers y Gabriela Medrano<\/p>\n<p style=\"text-align: left\"><span style=\"color: #993366\">Bast\u00f3n del Moro<\/span><br \/>\n19.00 &#8211; Muestra de artes visuales con Tom\u00e1s Alzogaray Vanella, Soledad S\u00e1nchez Goldar, Hugo Aveta. Curaci\u00f3n: Ciro del Barco<br \/>\n20:00 &#8211; Conversaci\u00f3n sobre<em> El hilo azul<\/em> con invitades:\u00a0Isabel Naranjo Nore\u00f1a, Agust\u00edn Berti y Florencio Spangemberg<br \/>\n20.30 &#8211; Yarar\u00e1<br \/>\n21.00 &#8211; Rinoceronte<br \/>\n21.30 &#8211; Hijas de Israel<br \/>\n22:00 &#8211; Felipe Zegers (Chile)<br \/>\nCIERRE &#8211; Orquesta del silencio<\/p>\n<p style=\"text-align: left\"><span style=\"color: #993366\">Teatro La Calle<\/span><br \/>\n<span style=\"font-weight: 400\">21.30 &#8211;\u00a0<em>Putito. Nunca nadie am\u00f3 tanto<\/em><\/span><\/p>\n<p style=\"text-align: left\"><span style=\"color: #993366\">Documenta Esc\u00e9nicas<\/span><br \/>\n<span style=\"font-weight: 400\">21.30 &#8211;\u00a0<\/span><em><span style=\"font-weight: 400\">Se deber\u00eda llamar Elogio del amor<\/span><\/em><\/p>\n<p style=\"text-align: left\">\n","protected":false},"excerpt":{"rendered":"<div class=\"mh-excerpt\"><p>Malas lenguas\u00a0es una iniciativa impulsada por un grupo heterog\u00e9neo de artistas, en respuesta a la univocidad de sentido de las lenguas que proyectan las viejas <a class=\"mh-excerpt-more\" href=\"https:\/\/ffyh.unc.edu.ar\/derechoslinguisticos\/ediciones-anteriores\/declaracion\/malas-lenguas-programacion\/\" title=\"Malas Lenguas\">[&#8230;]<\/a><\/p>\n<\/div>","protected":false},"author":28,"featured_media":0,"parent":558,"menu_order":4,"comment_status":"closed","ping_status":"closed","template":"","meta":{"_acf_changed":false,"footnotes":""},"class_list":["post-368","page","type-page","status-publish","hentry"],"acf":[],"_links":{"self":[{"href":"https:\/\/ffyh.unc.edu.ar\/derechoslinguisticos\/wp-json\/wp\/v2\/pages\/368","targetHints":{"allow":["GET"]}}],"collection":[{"href":"https:\/\/ffyh.unc.edu.ar\/derechoslinguisticos\/wp-json\/wp\/v2\/pages"}],"about":[{"href":"https:\/\/ffyh.unc.edu.ar\/derechoslinguisticos\/wp-json\/wp\/v2\/types\/page"}],"author":[{"embeddable":true,"href":"https:\/\/ffyh.unc.edu.ar\/derechoslinguisticos\/wp-json\/wp\/v2\/users\/28"}],"replies":[{"embeddable":true,"href":"https:\/\/ffyh.unc.edu.ar\/derechoslinguisticos\/wp-json\/wp\/v2\/comments?post=368"}],"version-history":[{"count":66,"href":"https:\/\/ffyh.unc.edu.ar\/derechoslinguisticos\/wp-json\/wp\/v2\/pages\/368\/revisions"}],"predecessor-version":[{"id":557,"href":"https:\/\/ffyh.unc.edu.ar\/derechoslinguisticos\/wp-json\/wp\/v2\/pages\/368\/revisions\/557"}],"up":[{"embeddable":true,"href":"https:\/\/ffyh.unc.edu.ar\/derechoslinguisticos\/wp-json\/wp\/v2\/pages\/558"}],"wp:attachment":[{"href":"https:\/\/ffyh.unc.edu.ar\/derechoslinguisticos\/wp-json\/wp\/v2\/media?parent=368"}],"curies":[{"name":"wp","href":"https:\/\/api.w.org\/{rel}","templated":true}]}}