{"id":558,"date":"2019-04-08T13:37:47","date_gmt":"2019-04-08T13:37:47","guid":{"rendered":"https:\/\/ffyh.unc.edu.ar\/derechoslinguisticos\/?page_id=558"},"modified":"2023-10-21T00:55:21","modified_gmt":"2023-10-21T00:55:21","slug":"declaracion","status":"publish","type":"page","link":"https:\/\/ffyh.unc.edu.ar\/derechoslinguisticos\/ediciones-anteriores\/declaracion\/","title":{"rendered":"I Encuentro (2019)"},"content":{"rendered":"<p><b>Declaraci\u00f3n del Encuentro Internacional: derechos ling\u00fc\u00edsticos como derechos humanos<\/b><\/p>\n<p><span style=\"font-weight: 400\">El Comit\u00e9 Organizador y asistentes al I Encuentro Internacional: derechos ling\u00fc\u00edsticos como derechos humanos, realizado en C\u00f3rdoba del 26 al 29 de marzo de 2019, expresan su repudio a la obstinaci\u00f3n con la que el CILE intent\u00f3, una vez m\u00e1s, entronizar el castellano como \u00fanica lengua de identificaci\u00f3n para nuestros pa\u00edses. Repudiamos, igualmente, los dichos de Mauricio Macri sobre los beneficios de la uniformidad ling\u00fc\u00edstica.<\/span><\/p>\n<p><span style=\"font-weight: 400\">Estos eventos reflejan no s\u00f3lo un supino desconocimiento de las cientos de lenguas que se hablan en nuestros territorios y de las m\u00e1s de quince que se hablan en nuestro pa\u00eds; sino fundamentalmente la continuidad de una actitud pol\u00edtica que niega el conflicto y la discriminaci\u00f3n a la que est\u00e1n sometidas comunidades de hablantes de otras lenguas (lenguas de inmigraci\u00f3n, lenguas de se\u00f1as, lenguas originarias). Asimismo, creemos que el CILE recupera la ideolog\u00eda ling\u00fc\u00edstica imperial que acompa\u00f1\u00f3 la formaci\u00f3n de los Estados nacionales y que constituy\u00f3 la base del exterminio y la marginaci\u00f3n de comunidades de otras lenguas y la ocupaci\u00f3n de sus territorios.<\/span><\/p>\n<p><span style=\"font-weight: 400\">Durante estos cuatros d\u00edas de reflexi\u00f3n y debate sobre los derechos ling\u00fc\u00edsticos como derechos humanos, en los que participaron 350 expositores y 2000 asistentes, levantamos m\u00faltiples voces en m\u00faltiples lenguas y variedades; todas ellas hicieron a la construcci\u00f3n de este espacio polif\u00f3nico. Hemos disfrutado de la traducci\u00f3n de lenguas de se\u00f1as, aymara, camiare, chan\u00e1, huarpe, kak\u00e1n, mapudungun, moqoit, qom, quechua, tehuelche, tapiete, wichi, etc.; situaci\u00f3n que enriquece porque nos permite acceder a otras realidades que no s\u00f3lo son ling\u00fc\u00edsticas sino tambi\u00e9n sociales, pol\u00edticas, filos\u00f3ficas, experienciales y epistemol\u00f3gicas. Especial presencia tuvieron las voces del castellano no acad\u00e9mico (<\/span><i><span style=\"font-weight: 400\">Malas lenguas<\/span><\/i><span style=\"font-weight: 400\">), voces que nos dicen que hay un decir que puede transformar nuestra sensibilidad y nuestras vivencias cuando el decir fuerza a la lengua. <\/span><span style=\"font-weight: 400\"><br \/>\n<\/span><span style=\"font-weight: 400\"><br \/>\n<\/span><span style=\"font-weight: 400\">Por ello, creemos firmemente que el monoling\u00fc\u00edsmo monol\u00f3gico y autoritario cierra todo camino al intercambio de saberes y obtura el reconocimiento de los derechos m\u00e1s elementales.<\/span><\/p>\n","protected":false},"excerpt":{"rendered":"<div class=\"mh-excerpt\"><p>Declaraci\u00f3n del Encuentro Internacional: derechos ling\u00fc\u00edsticos como derechos humanos El Comit\u00e9 Organizador y asistentes al I Encuentro Internacional: derechos ling\u00fc\u00edsticos como derechos humanos, realizado en <a class=\"mh-excerpt-more\" href=\"https:\/\/ffyh.unc.edu.ar\/derechoslinguisticos\/ediciones-anteriores\/declaracion\/\" title=\"I Encuentro (2019)\">[&#8230;]<\/a><\/p>\n<\/div>","protected":false},"author":28,"featured_media":0,"parent":757,"menu_order":1,"comment_status":"closed","ping_status":"closed","template":"","meta":{"_acf_changed":false,"footnotes":""},"class_list":["post-558","page","type-page","status-publish","hentry"],"acf":[],"_links":{"self":[{"href":"https:\/\/ffyh.unc.edu.ar\/derechoslinguisticos\/wp-json\/wp\/v2\/pages\/558","targetHints":{"allow":["GET"]}}],"collection":[{"href":"https:\/\/ffyh.unc.edu.ar\/derechoslinguisticos\/wp-json\/wp\/v2\/pages"}],"about":[{"href":"https:\/\/ffyh.unc.edu.ar\/derechoslinguisticos\/wp-json\/wp\/v2\/types\/page"}],"author":[{"embeddable":true,"href":"https:\/\/ffyh.unc.edu.ar\/derechoslinguisticos\/wp-json\/wp\/v2\/users\/28"}],"replies":[{"embeddable":true,"href":"https:\/\/ffyh.unc.edu.ar\/derechoslinguisticos\/wp-json\/wp\/v2\/comments?post=558"}],"version-history":[{"count":3,"href":"https:\/\/ffyh.unc.edu.ar\/derechoslinguisticos\/wp-json\/wp\/v2\/pages\/558\/revisions"}],"predecessor-version":[{"id":762,"href":"https:\/\/ffyh.unc.edu.ar\/derechoslinguisticos\/wp-json\/wp\/v2\/pages\/558\/revisions\/762"}],"up":[{"embeddable":true,"href":"https:\/\/ffyh.unc.edu.ar\/derechoslinguisticos\/wp-json\/wp\/v2\/pages\/757"}],"wp:attachment":[{"href":"https:\/\/ffyh.unc.edu.ar\/derechoslinguisticos\/wp-json\/wp\/v2\/media?parent=558"}],"curies":[{"name":"wp","href":"https:\/\/api.w.org\/{rel}","templated":true}]}}