{"id":561,"date":"2019-08-17T22:15:06","date_gmt":"2019-08-17T22:15:06","guid":{"rendered":"https:\/\/ffyh.unc.edu.ar\/derechoslinguisticos\/?page_id=561"},"modified":"2021-06-25T14:56:06","modified_gmt":"2021-06-25T14:56:06","slug":"publicacion-de-actas","status":"publish","type":"page","link":"https:\/\/ffyh.unc.edu.ar\/derechoslinguisticos\/ediciones-anteriores\/declaracion\/publicacion-de-actas\/","title":{"rendered":"Publicaci\u00f3n de Actas"},"content":{"rendered":"<p>A casi un a\u00f1o de la realizaci\u00f3n del Primer Encuentro, siguen resonando los ecos de lo que sucedi\u00f3 en C\u00f3rdoba. Y las m\u00faltiples voces que componen esta Publicaci\u00f3n lo demuestran a cada vuelta de p\u00e1gina.<\/p>\n<p>Les invitamos a leer la <a href=\"http:\/\/ffyh.unc.edu.ar\/derechoslinguisticos\/wp-content\/uploads\/sites\/31\/2020\/07\/Publicaci\u00f3n-de-actas_.pdf\">Publicaci\u00f3n de Actas<\/a>!<\/p>\n","protected":false},"excerpt":{"rendered":"<div class=\"mh-excerpt\"><p>A casi un a\u00f1o de la realizaci\u00f3n del Primer Encuentro, siguen resonando los ecos de lo que sucedi\u00f3 en C\u00f3rdoba. Y las m\u00faltiples voces que <a class=\"mh-excerpt-more\" href=\"https:\/\/ffyh.unc.edu.ar\/derechoslinguisticos\/ediciones-anteriores\/declaracion\/publicacion-de-actas\/\" title=\"Publicaci\u00f3n de Actas\">[&#8230;]<\/a><\/p>\n<\/div>","protected":false},"author":28,"featured_media":0,"parent":558,"menu_order":1,"comment_status":"closed","ping_status":"closed","template":"","meta":{"_acf_changed":false,"footnotes":""},"class_list":["post-561","page","type-page","status-publish","hentry"],"acf":[],"_links":{"self":[{"href":"https:\/\/ffyh.unc.edu.ar\/derechoslinguisticos\/wp-json\/wp\/v2\/pages\/561","targetHints":{"allow":["GET"]}}],"collection":[{"href":"https:\/\/ffyh.unc.edu.ar\/derechoslinguisticos\/wp-json\/wp\/v2\/pages"}],"about":[{"href":"https:\/\/ffyh.unc.edu.ar\/derechoslinguisticos\/wp-json\/wp\/v2\/types\/page"}],"author":[{"embeddable":true,"href":"https:\/\/ffyh.unc.edu.ar\/derechoslinguisticos\/wp-json\/wp\/v2\/users\/28"}],"replies":[{"embeddable":true,"href":"https:\/\/ffyh.unc.edu.ar\/derechoslinguisticos\/wp-json\/wp\/v2\/comments?post=561"}],"version-history":[{"count":8,"href":"https:\/\/ffyh.unc.edu.ar\/derechoslinguisticos\/wp-json\/wp\/v2\/pages\/561\/revisions"}],"predecessor-version":[{"id":580,"href":"https:\/\/ffyh.unc.edu.ar\/derechoslinguisticos\/wp-json\/wp\/v2\/pages\/561\/revisions\/580"}],"up":[{"embeddable":true,"href":"https:\/\/ffyh.unc.edu.ar\/derechoslinguisticos\/wp-json\/wp\/v2\/pages\/558"}],"wp:attachment":[{"href":"https:\/\/ffyh.unc.edu.ar\/derechoslinguisticos\/wp-json\/wp\/v2\/media?parent=561"}],"curies":[{"name":"wp","href":"https:\/\/api.w.org\/{rel}","templated":true}]}}