{"id":618,"date":"2021-07-05T22:13:16","date_gmt":"2021-07-05T22:13:16","guid":{"rendered":"https:\/\/ffyh.unc.edu.ar\/derechoslinguisticos\/?page_id=618"},"modified":"2023-10-21T01:07:05","modified_gmt":"2023-10-21T01:07:05","slug":"mesastematicas","status":"publish","type":"page","link":"https:\/\/ffyh.unc.edu.ar\/derechoslinguisticos\/ediciones-anteriores\/tercera-circular\/mesastematicas\/","title":{"rendered":"Mesas tem\u00e1ticas"},"content":{"rendered":"<h3>Comit\u00e9 evaluador de Mesas tem\u00e1ticas: Sof\u00eda De Mauro, Luisa Dom\u00ednguez, Ana Julia Gonzalez y Romina Grana<\/h3>\n<h2 style=\"text-align: center\">Mesas tem\u00e1ticas (ac\u00e1 encontrar\u00e1s los enlaces de las mesas que fueron grabadas):<\/h2>\n<h2 style=\"text-align: center\">&lt;<a href=\"https:\/\/docs.google.com\/spreadsheets\/d\/1tW8bAmh8zd8y9zZ5-MUGMm_jbPzxQvVA7aqPA3YWZzA\/edit?usp=sharing\">click ac\u00e1<\/a>&gt;<\/h2>\n<p><iframe loading=\"lazy\" title=\"La Furia de la Lengua Mesa 5\" src=\"https:\/\/player.vimeo.com\/video\/659724782?dnt=1&amp;app_id=122963\" width=\"500\" height=\"281\" frameborder=\"0\" allow=\"autoplay; fullscreen; picture-in-picture; clipboard-write\"><\/iframe><\/p>\n<p><iframe loading=\"lazy\" title=\"La Furia de la Lengua Mesa 19\" src=\"https:\/\/player.vimeo.com\/video\/659149053?dnt=1&amp;app_id=122963\" width=\"500\" height=\"281\" frameborder=\"0\" allow=\"autoplay; fullscreen; picture-in-picture; clipboard-write\"><\/iframe><\/p>\n<h2 style=\"text-align: center\"><strong>VER Libro de Res\u00famenes &lt;<a href=\"http:\/\/ffyh.unc.edu.ar\/derechoslinguisticos\/wp-content\/uploads\/sites\/31\/2021\/11\/Libro-de-resumenes-LA-FURIA-DE-LA-LENGUA-2021.pdf\">click ac\u00e1<\/a>&gt;<\/strong><\/h2>\n","protected":false},"excerpt":{"rendered":"<div class=\"mh-excerpt\"><p>Comit\u00e9 evaluador de Mesas tem\u00e1ticas: Sof\u00eda De Mauro, Luisa Dom\u00ednguez, Ana Julia Gonzalez y Romina Grana Mesas tem\u00e1ticas (ac\u00e1 encontrar\u00e1s los enlaces de las mesas <a class=\"mh-excerpt-more\" href=\"https:\/\/ffyh.unc.edu.ar\/derechoslinguisticos\/ediciones-anteriores\/tercera-circular\/mesastematicas\/\" title=\"Mesas tem\u00e1ticas\">[&#8230;]<\/a><\/p>\n<\/div>","protected":false},"author":28,"featured_media":0,"parent":202,"menu_order":3,"comment_status":"closed","ping_status":"closed","template":"","meta":{"_acf_changed":false,"footnotes":""},"class_list":["post-618","page","type-page","status-publish","hentry"],"acf":[],"_links":{"self":[{"href":"https:\/\/ffyh.unc.edu.ar\/derechoslinguisticos\/wp-json\/wp\/v2\/pages\/618","targetHints":{"allow":["GET"]}}],"collection":[{"href":"https:\/\/ffyh.unc.edu.ar\/derechoslinguisticos\/wp-json\/wp\/v2\/pages"}],"about":[{"href":"https:\/\/ffyh.unc.edu.ar\/derechoslinguisticos\/wp-json\/wp\/v2\/types\/page"}],"author":[{"embeddable":true,"href":"https:\/\/ffyh.unc.edu.ar\/derechoslinguisticos\/wp-json\/wp\/v2\/users\/28"}],"replies":[{"embeddable":true,"href":"https:\/\/ffyh.unc.edu.ar\/derechoslinguisticos\/wp-json\/wp\/v2\/comments?post=618"}],"version-history":[{"count":25,"href":"https:\/\/ffyh.unc.edu.ar\/derechoslinguisticos\/wp-json\/wp\/v2\/pages\/618\/revisions"}],"predecessor-version":[{"id":746,"href":"https:\/\/ffyh.unc.edu.ar\/derechoslinguisticos\/wp-json\/wp\/v2\/pages\/618\/revisions\/746"}],"up":[{"embeddable":true,"href":"https:\/\/ffyh.unc.edu.ar\/derechoslinguisticos\/wp-json\/wp\/v2\/pages\/202"}],"wp:attachment":[{"href":"https:\/\/ffyh.unc.edu.ar\/derechoslinguisticos\/wp-json\/wp\/v2\/media?parent=618"}],"curies":[{"name":"wp","href":"https:\/\/api.w.org\/{rel}","templated":true}]}}