{"id":640,"date":"2021-09-01T13:15:53","date_gmt":"2021-09-01T13:15:53","guid":{"rendered":"https:\/\/ffyh.unc.edu.ar\/derechoslinguisticos\/?page_id=640"},"modified":"2023-10-21T01:07:12","modified_gmt":"2023-10-21T01:07:12","slug":"revitalizacion-linguistica","status":"publish","type":"page","link":"https:\/\/ffyh.unc.edu.ar\/derechoslinguisticos\/ediciones-anteriores\/tercera-circular\/revitalizacion-linguistica\/","title":{"rendered":"Revitalizaci\u00f3n ling\u00fc\u00edstica"},"content":{"rendered":"<h2 style=\"text-align: center\"><\/h2>\n<h2 style=\"text-align: center\"><b>II JORNADAS de REVITALIZACI\u00d3N LING\u00dc\u00cdSTICA:\u00a0<\/b><\/h2>\n<h2 style=\"text-align: center\"><b>experiencias, desaf\u00edos y urgencias<\/b><\/h2>\n<p style=\"text-align: center\">Espacio coordinado por Simona Mayo y Santiago Durante<\/p>\n<p><span style=\"font-weight: 400\">Con la convicci\u00f3n de que el territorio latinoamericano es plurinacional, intercultural y multiling\u00fce y ante el discurso autoritario de la uniformidad idiom\u00e1tica que enmascara y naturaliza procesos de exterminio, colonizaci\u00f3n y marginaci\u00f3n, volvemos a proponer este encuentro para escuchar las diversas voces de nuestro territorio. En este sentido, en el marco del II Encuentro Internacional: derechos ling\u00fc\u00edsticos como derechos humanos, en esta segunda edici\u00f3n denominado <\/span><a href=\"https:\/\/ffyh.unc.edu.ar\/derechoslinguisticos\/\"><b>LA FURIA DE LA LENGUA<\/b><\/a><span style=\"font-weight: 400\">, pretendemos compartir las pr\u00e1cticas y discursos socio-culturales y pol\u00edticos que transmiten las lenguas ind\u00edgenas y as\u00ed, tomar conciencia e intercambiar los esfuerzos que se hacen para mantener este legado desde una perspectiva cr\u00edtica y en correlato con la contemporaneidad.<\/span><\/p>\n<p><span style=\"font-weight: 400\">Este encuentro busca disponer un espacio en el cual se compartan estrategias, actividades, y recursos bibliogr\u00e1ficos, did\u00e1cticos, l\u00fadicos, etc. que promuevan la valoraci\u00f3n y transmisi\u00f3n de las lenguas amenazadas. Cada propuesta responde a un particular cuadro de situaci\u00f3n. La indagaci\u00f3n llevar\u00e1 tambi\u00e9n a vislumbrar aspectos particulares de distintos pueblos y lenguas americanos. Se espera generar un espacio de intercambio y discusi\u00f3n que permita compartir experiencias y sumar recursos para las diferentes situaciones de retracci\u00f3n ling\u00fc\u00edstica en la regi\u00f3n.<\/span><\/p>\n<p><span style=\"font-weight: 400\">Esperamos constituir un espacio plural y diverso en voces y representaci\u00f3n. Por ello, invitamos a los hablantes de lenguas americanas y activistas ling\u00fc\u00edsticos que deseen participar de la jornada y compartir sus experiencias, pensamientos y proyecciones. El encuentro se llevar\u00e1 a cabo a trav\u00e9s de este enlace: <a href=\"http:\/\/meet.google.com\/rao-oqqj-eew\">meet.google.com\/rao-oqqj-eew<\/a> y se trasmitir\u00e1 en vivo por <a href=\"https:\/\/www.youtube.com\/channel\/UCoWO2ZxxQgH9QEUdq79-vQw\">nuestro canal de youtube<\/a>.<\/span><\/p>\n<h2>Para ver el Programa: &lt;<a href=\"http:\/\/ffyh.unc.edu.ar\/derechoslinguisticos\/wp-content\/uploads\/sites\/31\/2021\/11\/Programa-Revitalizacion-linguistica.pdf\">click ac\u00e1<\/a>&gt;<\/h2>\n","protected":false},"excerpt":{"rendered":"<div class=\"mh-excerpt\"><p>II JORNADAS de REVITALIZACI\u00d3N LING\u00dc\u00cdSTICA:\u00a0 experiencias, desaf\u00edos y urgencias Espacio coordinado por Simona Mayo y Santiago Durante Con la convicci\u00f3n de que el territorio latinoamericano <a class=\"mh-excerpt-more\" href=\"https:\/\/ffyh.unc.edu.ar\/derechoslinguisticos\/ediciones-anteriores\/tercera-circular\/revitalizacion-linguistica\/\" title=\"Revitalizaci\u00f3n ling\u00fc\u00edstica\">[&#8230;]<\/a><\/p>\n<\/div>","protected":false},"author":28,"featured_media":0,"parent":202,"menu_order":4,"comment_status":"closed","ping_status":"closed","template":"","meta":{"_acf_changed":false,"footnotes":""},"class_list":["post-640","page","type-page","status-publish","hentry"],"acf":[],"_links":{"self":[{"href":"https:\/\/ffyh.unc.edu.ar\/derechoslinguisticos\/wp-json\/wp\/v2\/pages\/640","targetHints":{"allow":["GET"]}}],"collection":[{"href":"https:\/\/ffyh.unc.edu.ar\/derechoslinguisticos\/wp-json\/wp\/v2\/pages"}],"about":[{"href":"https:\/\/ffyh.unc.edu.ar\/derechoslinguisticos\/wp-json\/wp\/v2\/types\/page"}],"author":[{"embeddable":true,"href":"https:\/\/ffyh.unc.edu.ar\/derechoslinguisticos\/wp-json\/wp\/v2\/users\/28"}],"replies":[{"embeddable":true,"href":"https:\/\/ffyh.unc.edu.ar\/derechoslinguisticos\/wp-json\/wp\/v2\/comments?post=640"}],"version-history":[{"count":11,"href":"https:\/\/ffyh.unc.edu.ar\/derechoslinguisticos\/wp-json\/wp\/v2\/pages\/640\/revisions"}],"predecessor-version":[{"id":734,"href":"https:\/\/ffyh.unc.edu.ar\/derechoslinguisticos\/wp-json\/wp\/v2\/pages\/640\/revisions\/734"}],"up":[{"embeddable":true,"href":"https:\/\/ffyh.unc.edu.ar\/derechoslinguisticos\/wp-json\/wp\/v2\/pages\/202"}],"wp:attachment":[{"href":"https:\/\/ffyh.unc.edu.ar\/derechoslinguisticos\/wp-json\/wp\/v2\/media?parent=640"}],"curies":[{"name":"wp","href":"https:\/\/api.w.org\/{rel}","templated":true}]}}