{"id":739,"date":"2021-12-16T14:24:35","date_gmt":"2021-12-16T14:24:35","guid":{"rendered":"https:\/\/ffyh.unc.edu.ar\/derechoslinguisticos\/?page_id=739"},"modified":"2023-10-21T01:00:03","modified_gmt":"2023-10-21T01:00:03","slug":"certificados","status":"publish","type":"page","link":"https:\/\/ffyh.unc.edu.ar\/derechoslinguisticos\/ediciones-anteriores\/tercera-circular\/certificados\/","title":{"rendered":"Certificados"},"content":{"rendered":"<p>Para descargar el certificado de ASISTENCIA, hac\u00e9 click en este enlace: <strong><a href=\"https:\/\/drive.google.com\/drive\/folders\/1SdcgDicXEO-MZ1wgh-7CSsBmb31zL4mr?usp=sharing\">CERTIFICADOS DE ASISTENCIA<\/a><\/strong><\/p>\n<p>Para descargar tu certificado de EXPOSITORX y\/o COORDINADORX en las Mesas Tem\u00e1ticas, hac\u00e9 click en el enlace correspondiente a tu participaci\u00f3n:<\/p>\n<p><strong><a href=\"https:\/\/drive.google.com\/drive\/folders\/1RT3pM0iQI7aR0VQM8Si04onIut-rHwo4?usp=sharing\">Mi\u00e9rcoles 24 de noviembre<\/a><\/strong><\/p>\n<p><strong><a href=\"https:\/\/drive.google.com\/drive\/folders\/1d_OMGYXnltQMC1SukNtQO1fHV1reAC7q?usp=sharing\">Jueves 25 de noviembre<\/a><\/strong><\/p>\n<p><strong><a href=\"https:\/\/drive.google.com\/drive\/folders\/1gzObdaxEVklsvBeIwJovMrSlu45fEnGZ?usp=sharing\">Viernes 26 de noviembre<\/a><\/strong><\/p>\n<p>Cualquier error, faltante o duda, comunicate con nosotrxs a encuentroderechoslinguisticos@gmail.com<\/p>\n<p>&nbsp;<\/p>\n","protected":false},"excerpt":{"rendered":"<div class=\"mh-excerpt\"><p>Para descargar el certificado de ASISTENCIA, hac\u00e9 click en este enlace: CERTIFICADOS DE ASISTENCIA Para descargar tu certificado de EXPOSITORX y\/o COORDINADORX en las Mesas <a class=\"mh-excerpt-more\" href=\"https:\/\/ffyh.unc.edu.ar\/derechoslinguisticos\/ediciones-anteriores\/tercera-circular\/certificados\/\" title=\"Certificados\">[&#8230;]<\/a><\/p>\n<\/div>","protected":false},"author":28,"featured_media":0,"parent":202,"menu_order":1,"comment_status":"closed","ping_status":"closed","template":"","meta":{"_acf_changed":false,"footnotes":""},"class_list":["post-739","page","type-page","status-publish","hentry"],"acf":[],"_links":{"self":[{"href":"https:\/\/ffyh.unc.edu.ar\/derechoslinguisticos\/wp-json\/wp\/v2\/pages\/739","targetHints":{"allow":["GET"]}}],"collection":[{"href":"https:\/\/ffyh.unc.edu.ar\/derechoslinguisticos\/wp-json\/wp\/v2\/pages"}],"about":[{"href":"https:\/\/ffyh.unc.edu.ar\/derechoslinguisticos\/wp-json\/wp\/v2\/types\/page"}],"author":[{"embeddable":true,"href":"https:\/\/ffyh.unc.edu.ar\/derechoslinguisticos\/wp-json\/wp\/v2\/users\/28"}],"replies":[{"embeddable":true,"href":"https:\/\/ffyh.unc.edu.ar\/derechoslinguisticos\/wp-json\/wp\/v2\/comments?post=739"}],"version-history":[{"count":2,"href":"https:\/\/ffyh.unc.edu.ar\/derechoslinguisticos\/wp-json\/wp\/v2\/pages\/739\/revisions"}],"predecessor-version":[{"id":742,"href":"https:\/\/ffyh.unc.edu.ar\/derechoslinguisticos\/wp-json\/wp\/v2\/pages\/739\/revisions\/742"}],"up":[{"embeddable":true,"href":"https:\/\/ffyh.unc.edu.ar\/derechoslinguisticos\/wp-json\/wp\/v2\/pages\/202"}],"wp:attachment":[{"href":"https:\/\/ffyh.unc.edu.ar\/derechoslinguisticos\/wp-json\/wp\/v2\/media?parent=739"}],"curies":[{"name":"wp","href":"https:\/\/api.w.org\/{rel}","templated":true}]}}