{"id":767,"date":"2023-10-21T01:13:56","date_gmt":"2023-10-21T01:13:56","guid":{"rendered":"https:\/\/ffyh.unc.edu.ar\/derechoslinguisticos\/?page_id=767"},"modified":"2026-03-11T21:07:02","modified_gmt":"2026-03-11T21:07:02","slug":"circulares","status":"publish","type":"page","link":"https:\/\/ffyh.unc.edu.ar\/derechoslinguisticos\/ediciones-anteriores\/circulares\/","title":{"rendered":"III Encuentro (2024)"},"content":{"rendered":"<p><span style=\"font-weight: 400\">Esta tercera edici\u00f3n del Encuentro Internacional: derechos ling\u00fc\u00edsticos como derechos humanos en Latinoam\u00e9rica lleva como subt\u00edtulo <\/span><b>CONVERSACIONES INS\/URGENTES<\/b><span style=\"font-weight: 400\">, apuesta que pone el foco en la idea de <\/span><i><span style=\"font-weight: 400\">conversaci\u00f3n<\/span><\/i><span style=\"font-weight: 400\">, esto es, vueltas \u2013<\/span><i><span style=\"font-weight: 400\">versus<\/span><\/i><span style=\"font-weight: 400\">\u2013, giros y contragiros, entre iguales, sobre una misma idea: el desaf\u00edo de vivir en un mundo habitable en donde la batalla por la lengua se reconozca como una batalla por los derechos, todos los derechos, no s\u00f3lo aquel que involucra a la lengua (o variedad de lengua) que se habla.\u00a0<\/span><\/p>\n<p><span style=\"font-weight: 400\">La idea de conversaci\u00f3n nos apel\u00f3 en su sentido de coloquio cooperativo, que estrecha lazos, libre, espacio amical m\u00e1s o menos espont\u00e1neo, m\u00e1s o menos informal que no obtura la filtraci\u00f3n del deseo y el afecto, espacio que da lugar al ingreso de la narrativa, la interrogaci\u00f3n, el silencio, lo no-dicho y la expresi\u00f3n de la pasi\u00f3n por la palabra. Son conversaciones ins\/urgentes, que establecen lazos entre la superficie del derecho y del pensamiento estatuido y aquello que busca emerger como una lengua al margen del cautiverio de la intervenci\u00f3n, normalizaci\u00f3n, la normatizaci\u00f3n y la homogeneizaci\u00f3n.<\/span><\/p>\n<p><span style=\"font-weight: 400\">En la base de esta tercera edici\u00f3n sobre derechos ling\u00fc\u00edsticos sigue presente, como en las anteriores, la batalla por el derecho a la herencia ling\u00fc\u00edstica comunal, herencia que imaginamos como un entramado de estratos de memorias, culturas, ficciones, pol\u00edticas y justicias\/injusticias. La lengua, entonces, en tanto territorio estratificado en el que se forman, conforman y pueden desplazarse los derechos, las identidades, los g\u00e9neros, las pedagog\u00edas y las pol\u00edticas p\u00fablicas, en s\u00edntesis, formas de vivir la vida de cuerpos y comunidades. La lengua como territorio de inscripci\u00f3n de un pasado que a\u00fan sigue siendo, de un presente que es, y como f\u00e1bula de un futuro que ser\u00e1.<\/span><\/p>\n<h2 style=\"text-align: center\"><span style=\"color: #ff00ff\">DESCARGAR la Tercera Circular &lt;<a style=\"color: #ff00ff\" href=\"https:\/\/docs.google.com\/document\/d\/1vb7-zuS8JxINQf263dzzEk8qyXkSxhRnQ7lhHoFtvgs\/edit?usp=sharing\">click ac\u00e1<\/a>&gt;<\/span><\/h2>\n<p>En esta tercera circular, compartimos el programa preliminar del evento, como as\u00ed tambi\u00e9n informaci\u00f3n acerca de las actividades complementarias. Estas son: 3\u00b0 Jornada de Revitalizaci\u00f3n Ling\u00fc\u00edstica y los talleres \u201cHabitar las lenguas\u201d, \u201cSoltar la mano y la lengua\u201d y \u201c\u00bfPlaceres desorientados? El oficio de una br\u00fajula prosexo\u201d. Finalmente, indicamos cu\u00e1les ser\u00e1n las sedes del evento e informaci\u00f3n tur\u00edstica y de hospedaje.<\/p>\n","protected":false},"excerpt":{"rendered":"<div class=\"mh-excerpt\"><p>Esta tercera edici\u00f3n del Encuentro Internacional: derechos ling\u00fc\u00edsticos como derechos humanos en Latinoam\u00e9rica lleva como subt\u00edtulo CONVERSACIONES INS\/URGENTES, apuesta que pone el foco en la <a class=\"mh-excerpt-more\" href=\"https:\/\/ffyh.unc.edu.ar\/derechoslinguisticos\/ediciones-anteriores\/circulares\/\" title=\"III Encuentro (2024)\">[&#8230;]<\/a><\/p>\n<\/div>","protected":false},"author":28,"featured_media":0,"parent":757,"menu_order":3,"comment_status":"closed","ping_status":"closed","template":"","meta":{"_acf_changed":false,"footnotes":""},"class_list":["post-767","page","type-page","status-publish","hentry"],"acf":[],"_links":{"self":[{"href":"https:\/\/ffyh.unc.edu.ar\/derechoslinguisticos\/wp-json\/wp\/v2\/pages\/767","targetHints":{"allow":["GET"]}}],"collection":[{"href":"https:\/\/ffyh.unc.edu.ar\/derechoslinguisticos\/wp-json\/wp\/v2\/pages"}],"about":[{"href":"https:\/\/ffyh.unc.edu.ar\/derechoslinguisticos\/wp-json\/wp\/v2\/types\/page"}],"author":[{"embeddable":true,"href":"https:\/\/ffyh.unc.edu.ar\/derechoslinguisticos\/wp-json\/wp\/v2\/users\/28"}],"replies":[{"embeddable":true,"href":"https:\/\/ffyh.unc.edu.ar\/derechoslinguisticos\/wp-json\/wp\/v2\/comments?post=767"}],"version-history":[{"count":15,"href":"https:\/\/ffyh.unc.edu.ar\/derechoslinguisticos\/wp-json\/wp\/v2\/pages\/767\/revisions"}],"predecessor-version":[{"id":1052,"href":"https:\/\/ffyh.unc.edu.ar\/derechoslinguisticos\/wp-json\/wp\/v2\/pages\/767\/revisions\/1052"}],"up":[{"embeddable":true,"href":"https:\/\/ffyh.unc.edu.ar\/derechoslinguisticos\/wp-json\/wp\/v2\/pages\/757"}],"wp:attachment":[{"href":"https:\/\/ffyh.unc.edu.ar\/derechoslinguisticos\/wp-json\/wp\/v2\/media?parent=767"}],"curies":[{"name":"wp","href":"https:\/\/api.w.org\/{rel}","templated":true}]}}