{"id":769,"date":"2023-10-21T01:14:23","date_gmt":"2023-10-21T01:14:23","guid":{"rendered":"https:\/\/ffyh.unc.edu.ar\/derechoslinguisticos\/?page_id=769"},"modified":"2026-03-11T21:08:19","modified_gmt":"2026-03-11T21:08:19","slug":"comisiones-de-conversacion","status":"publish","type":"page","link":"https:\/\/ffyh.unc.edu.ar\/derechoslinguisticos\/ediciones-anteriores\/circulares\/comisiones-de-conversacion\/","title":{"rendered":"Comisiones de conversaci\u00f3n y certificados"},"content":{"rendered":"<h3><strong><span style=\"color: #ff00ff\"><span style=\"color: #000000\">Para acceder a los certificados de participaci\u00f3n en las comisiones:<\/span> &lt;<a style=\"color: #ff00ff\" href=\"https:\/\/drive.google.com\/drive\/folders\/1kwuuigzLAuIpmD3sqPZsCI7Hras_MO6V?usp=sharing\">click ac\u00e1<\/a>&gt;<\/span><\/strong><\/h3>\n<p>El evento se propone un esquema de di\u00e1logo diferente al de los eventos acad\u00e9micos tradicionales. Convocamos as\u00ed, a presentar trabajos, experiencias, reflexiones en el marco de comisiones de conversaci\u00f3n en las que se haga posible el debate abierto acerca de las variedades de lenguas en Latinoam\u00e9rica (en materia ling\u00fc\u00edstica, literaria, comunicacional, educativa, art\u00edstica), seg\u00fan los siguientes ejes:<\/p>\n<ol>\n<li><a href=\"https:\/\/ffyh.unc.edu.ar\/derechoslinguisticos\/comisiones-de-conversacion\/fabular-las-lenguas\/\"><span style=\"color: #ff00ff\">Fabular las lenguas<\/span><\/a>. Coordinan: Gabriela Milone, Florencia Stalldecker y Franca Maccioni.<\/li>\n<li><a href=\"https:\/\/ffyh.unc.edu.ar\/derechoslinguisticos\/comisiones-de-conversacion\/interculturalidad\/\"><span style=\"color: #ff00ff\">Interculturalidad<\/span><\/a>. Coordinan: Jos\u00e9 Mar\u00eda Bompadre y Juan Druetta.<\/li>\n<li><span style=\"color: #ff00ff\"><a style=\"color: #ff00ff\" href=\"https:\/\/ffyh.unc.edu.ar\/derechoslinguisticos\/comisiones-de-conversacion\/politicas-publicas-justicia-y-derechos\/\">Pol\u00edticas p\u00fablicas, justicia y derechos<\/a><\/span>. Coordinan: In\u00e9s Le\u00f3n Barreto y C\u00e9sar Marchesino.<\/li>\n<li><a href=\"https:\/\/ffyh.unc.edu.ar\/derechoslinguisticos\/comisiones-de-conversacion\/las-lenguas-como-textura-de-memorias-insurgentes\/\"><span style=\"color: #ff00ff\">Las lenguas como textura de memorias insurgentes<\/span><\/a>. Coordinan: Mirian Pino y Beatriz Bixio.<\/li>\n<li><a href=\"https:\/\/ffyh.unc.edu.ar\/derechoslinguisticos\/comisiones-de-conversacion\/escrito-en-sexo-interpelaciones-e-imaginaciones-corporales\/\"><span style=\"color: #ff00ff\">Escrito en sexo, interpelaciones e imaginaciones corporales<\/span><\/a>. Coordinan: Facundo Saxe, emma song, Colectivos Torceduras y Bifurcaciones y el Deleite de los cuerpos.<\/li>\n<li><span style=\"color: #ff00ff\"><a style=\"color: #ff00ff\" href=\"https:\/\/ffyh.unc.edu.ar\/derechoslinguisticos\/comisiones-de-conversacion\/las-formas-de-las-lenguas-intervenciones-artisticas-y-culturas-populares\/\">Las formas de las lenguas: intervenciones art\u00edsticas y culturas populares<\/a><\/span>. Coordinan: Florencia L\u00f3pez y Cecilia Castro.<\/li>\n<li><a href=\"https:\/\/ffyh.unc.edu.ar\/derechoslinguisticos\/comisiones-de-conversacion\/educacion-pedagogias-y-estrategias-alternativas\/\"><span style=\"color: #ff00ff\">Educaci\u00f3n, pedagog\u00edas y estrategias alternativas<\/span><\/a>. Coordinan: Flavia Romero y Gustavo Gim\u00e9nez.<\/li>\n<\/ol>\n<p>Pod\u00e9s hacer clic en los nombres de cada comisi\u00f3n para <strong>acceder a los libros de res\u00famenes<\/strong> y conocer sus propuestas con m\u00e1s detalle.<\/p>\n<p>&nbsp;<\/p>\n<h4><span style=\"color: #ff00ff\">Para acceder a los certificados de participaci\u00f3n en las comisiones: &lt;<a style=\"color: #ff00ff\" href=\"https:\/\/drive.google.com\/drive\/folders\/1kwuuigzLAuIpmD3sqPZsCI7Hras_MO6V?usp=sharing\">click ac\u00e1<\/a>&gt;<\/span><\/h4>\n","protected":false},"excerpt":{"rendered":"<div class=\"mh-excerpt\"><p>Para acceder a los certificados de participaci\u00f3n en las comisiones: &lt;click ac\u00e1&gt; El evento se propone un esquema de di\u00e1logo diferente al de los eventos <a class=\"mh-excerpt-more\" href=\"https:\/\/ffyh.unc.edu.ar\/derechoslinguisticos\/ediciones-anteriores\/circulares\/comisiones-de-conversacion\/\" title=\"Comisiones de conversaci\u00f3n y certificados\">[&#8230;]<\/a><\/p>\n<\/div>","protected":false},"author":28,"featured_media":0,"parent":767,"menu_order":2,"comment_status":"closed","ping_status":"closed","template":"","meta":{"_acf_changed":false,"footnotes":""},"class_list":["post-769","page","type-page","status-publish","hentry"],"acf":[],"_links":{"self":[{"href":"https:\/\/ffyh.unc.edu.ar\/derechoslinguisticos\/wp-json\/wp\/v2\/pages\/769","targetHints":{"allow":["GET"]}}],"collection":[{"href":"https:\/\/ffyh.unc.edu.ar\/derechoslinguisticos\/wp-json\/wp\/v2\/pages"}],"about":[{"href":"https:\/\/ffyh.unc.edu.ar\/derechoslinguisticos\/wp-json\/wp\/v2\/types\/page"}],"author":[{"embeddable":true,"href":"https:\/\/ffyh.unc.edu.ar\/derechoslinguisticos\/wp-json\/wp\/v2\/users\/28"}],"replies":[{"embeddable":true,"href":"https:\/\/ffyh.unc.edu.ar\/derechoslinguisticos\/wp-json\/wp\/v2\/comments?post=769"}],"version-history":[{"count":34,"href":"https:\/\/ffyh.unc.edu.ar\/derechoslinguisticos\/wp-json\/wp\/v2\/pages\/769\/revisions"}],"predecessor-version":[{"id":1044,"href":"https:\/\/ffyh.unc.edu.ar\/derechoslinguisticos\/wp-json\/wp\/v2\/pages\/769\/revisions\/1044"}],"up":[{"embeddable":true,"href":"https:\/\/ffyh.unc.edu.ar\/derechoslinguisticos\/wp-json\/wp\/v2\/pages\/767"}],"wp:attachment":[{"href":"https:\/\/ffyh.unc.edu.ar\/derechoslinguisticos\/wp-json\/wp\/v2\/media?parent=769"}],"curies":[{"name":"wp","href":"https:\/\/api.w.org\/{rel}","templated":true}]}}