{"id":773,"date":"2023-10-21T01:17:04","date_gmt":"2023-10-21T01:17:04","guid":{"rendered":"https:\/\/ffyh.unc.edu.ar\/derechoslinguisticos\/?page_id=773"},"modified":"2024-05-20T13:35:34","modified_gmt":"2024-05-20T13:35:34","slug":"interculturalidad","status":"publish","type":"page","link":"https:\/\/ffyh.unc.edu.ar\/derechoslinguisticos\/ediciones-anteriores\/circulares\/comisiones-de-conversacion\/interculturalidad\/","title":{"rendered":"2. Interculturalidad"},"content":{"rendered":"<p style=\"text-align: right\">Jos\u00e9 Mar\u00eda Bompadre<br \/>\nJuan Druetta<\/p>\n<p>Son variados los usos y las perspectivas que se utilizan para dar cuenta de esta noci\u00f3n que en Am\u00e9rica Latina se vinculan inicialmente a las interpelaciones que diferentes movimientos y organizaciones sociales vienen haciendo sobre las pol\u00edticas de reconocimiento que llevan adelante los Estados nacionales.<\/p>\n<p>M\u00e1s all\u00e1 de las apropiaciones diferenciales que realizan din\u00e1micamente estos actores, la interculturalidad se constituye aqu\u00ed como un espacio que orienta a identificar interseccionalmente diferencias, diversidades y desigualdades que devienen de diferentes formas de relacionamiento social y pr\u00e1cticas de convivencialidad. En este sentido, la interculturalidad opera como un posible diagn\u00f3stico y perspectiva capaz de reconocer diferentes interlocuciones e interlocutores y pr\u00e1cticas que orientan a problematizar campos contenciosos diferenciales para habilitar descentramientos posibles que la aparten de cualquier definici\u00f3n totalizadora.<\/p>\n<p>De esta manera, interculturalidad se vertebra como transversal a cualquier problem\u00e1tica social habilitando discusiones sobre mecanismos de inclusi\u00f3n subordinada, econom\u00edas pol\u00edticas de producci\u00f3n de diversidad socio-cultural, agentes y agendas estatales y privadas de gesti\u00f3n\/administraci\u00f3n de la alteridad, pr\u00e1cticas y proyectos colectivos que subsumen identidad a cultura, reg\u00edmenes epistemol\u00f3gicos alternativos a los epistemes de la modernidad, entre otros.<\/p>\n<p>Algunos ejes que se proponen en esta comisi\u00f3n:<\/p>\n<ul>\n<li>Pol\u00edticas pluriculturales, feministas y descolonizadoras en el campo de la legislaci\u00f3n, en la formaci\u00f3n de agentes p\u00fablicos de los diferentes niveles del Estado y en las trayectorias formativas de los agentes de la seguridad<\/li>\n<li>Pedagog\u00edas y pr\u00e1cticas pedag\u00f3gicas alternativas, des-normalizadoras y des-racializadoras<\/li>\n<li>La migraci\u00f3n como derecho<\/li>\n<li>Derechos colectivos y diferenciales para pueblos ind\u00edgenas y afro-descendientes<\/li>\n<li>Perspectivas interculturales para las personas con discapacidad<\/li>\n<li>Pr\u00e1cticas de descolonizaci\u00f3n en educaci\u00f3n superior<\/li>\n<li>Metodolog\u00edas colaborativas de investigaci\u00f3n, extensi\u00f3n, autor\u00eda y producci\u00f3n de conocimientos<\/li>\n<li>Epistemolog\u00edas no modernas in-surgentes para la transformaci\u00f3n de los territorios: mecanismos de democracia directa; saberes alternativos frente a los extractivismos, ecocidios y epistemicidios; proyectos y pr\u00e1cticas de autonom\u00eda territorial<\/li>\n<li>Democratizaci\u00f3n sobre el acceso y uso de tecnolog\u00edas<\/li>\n<\/ul>\n<h2 style=\"text-align: center\"><span style=\"color: #ff00ff\">ACCEDER al LIBRO DE RES\u00daMENES<br \/>\n&lt;<a style=\"color: #ff00ff\" href=\"https:\/\/docs.google.com\/file\/d\/1_nSsQBXGkf0yxiM4uXqNuoamawFiJqhZ\/edit?usp=docslist_api&amp;filetype=msword\">click ac\u00e1<\/a>&gt;<\/span><\/h2>\n<h1><span style=\"color: #ff00ff\">PROGRAMA<\/span><\/h1>\n<h3><b>MARTES 21 DE MAYO<\/b><\/h3>\n<h3><b>Primera parte &#8211; 12.00 &#8211; 14.00<\/b><b>\u00a0<\/b><\/h3>\n<p><span style=\"font-weight: 400\">Aula 1 Extensi\u00f3n &#8211; Pabell\u00f3n Brujas<\/span><\/p>\n<ol>\n<li style=\"font-weight: 400\"><span style=\"font-weight: 400\">Regulaci\u00f3n digital del espa\u00f1ol: primeras intervenciones de la colaboraci\u00f3n RAE-Google en el marco del proyecto \u201cLengua Espa\u00f1ola e Inteligencia Artificial\u201d &#8211; <\/span><i><span style=\"font-weight: 400\">Agostina Bel\u00e9n Iglesias S\u00e1nchez<\/span><\/i><\/li>\n<li style=\"font-weight: 400\"><span style=\"font-weight: 400\">Documentando pr\u00e1cticas con materiales did\u00e1cticos en escuelas biling\u00fces de personas sordas de Buenos Aires &#8211; <\/span><i><span style=\"font-weight: 400\">Nadia Gisel Gibaudant, Sof\u00eda Caballero Menas &amp; Diego Morales<\/span><\/i><\/li>\n<li style=\"font-weight: 400\"><span style=\"font-weight: 400\">Relatos de vida y hacer descolonial. Reflexiones desde la intersecci\u00f3n entre raza, g\u00e9nero y discapacidad &#8211; <\/span><i><span style=\"font-weight: 400\">Marcela Beatriz Ferrari, Ver\u00f3nica Alejandra Castro &amp; Constanza Wheeler<\/span><\/i><\/li>\n<li style=\"font-weight: 400\"><span style=\"font-weight: 400\">Representaci\u00f3n de la comunidad sorda y de la lengua de se\u00f1as en la legislaci\u00f3n uruguaya: un problema de derechos &#8211;<\/span><i><span style=\"font-weight: 400\"> Santiago Val<\/span><\/i><\/li>\n<\/ol>\n<h3><b>MI\u00c9RCOLES 22 DE MAYO<\/b><\/h3>\n<h3><b>Segunda parte &#8211; 11.00 &#8211; 12.30<\/b><\/h3>\n<p><span style=\"font-weight: 400\">Aula 1 Extensi\u00f3n &#8211; Pabell\u00f3n Brujas<\/span><\/p>\n<ol>\n<li style=\"font-weight: 400\"><span style=\"font-weight: 400\">Reflexividad sobre las din\u00e1micas de construcci\u00f3n colaborativa de saberes en Las Tolder\u00edas (Chaco, Argentina) &#8211; <\/span><i><span style=\"font-weight: 400\">M\u00f3nica Marisel Medina &amp; Adriana Alicia Zurlo<\/span><\/i><\/li>\n<li style=\"font-weight: 400\"><span style=\"font-weight: 400\">Comunicaci\u00f3n humana intercultural y acceso a la salud en comunidades guaran\u00edes. Posadas, Misiones, Argentina &#8211; <\/span><i><span style=\"font-weight: 400\">Luciana Magri &amp; Juan Pablo Nieva<\/span><\/i><\/li>\n<li style=\"font-weight: 400\"><span style=\"font-weight: 400\">Estrategias y negociaciones culturales en aulas virtuales de espa\u00f1ol como lengua extranjera &#8211; <\/span><i><span style=\"font-weight: 400\">Ingrid Vi\u00f1as Quiroga &amp; Eliana Turco<\/span><\/i><\/li>\n<\/ol>\n<h3><b>JUEVES 23 DE MAYO<\/b><\/h3>\n<h3><b>Tercera parte &#8211; 9.00 &#8211; 10.30<\/b><\/h3>\n<p><span style=\"font-weight: 400\">Pabell\u00f3n Venezuela<\/span><\/p>\n<ol>\n<li style=\"font-weight: 400\"><span style=\"font-weight: 400\">Conversando con m\u00e1quinas sobre lenguas nativas &#8211; <\/span><i><span style=\"font-weight: 400\">Mauro Aguirre<\/span><\/i><\/li>\n<li style=\"font-weight: 400\"><span style=\"font-weight: 400\">La ense\u00f1anza de lenguas ind\u00edgenas en C\u00f3rdoba: representaciones socioling\u00fc\u00edsticas, pr\u00e1cticas y agentes &#8211; <\/span><i><span style=\"font-weight: 400\">Mat\u00edas Morano<\/span><\/i><\/li>\n<li style=\"font-weight: 400\"><span style=\"font-weight: 400\">G\u00e9nero, discapacidad y cuidados desde el conversar alterativo como parte del hacer descolonial &#8211; <\/span><i><span style=\"font-weight: 400\">Sol Tolosa &amp; Marcela Beatriz Ferrari\u00a0<\/span><\/i><\/li>\n<li style=\"font-weight: 400\"><i><span style=\"font-weight: 400\">\u00a0<\/span><\/i><span style=\"font-weight: 400\">El derecho a pensar las lenguas minorizadas &#8211; <\/span><i><span style=\"font-weight: 400\">Cintia Carri\u00f3<\/span><\/i><\/li>\n<\/ol>\n<h3><b>Cuarta parte &#8211; 11.00 &#8211; 12.30<\/b><\/h3>\n<p><span style=\"font-weight: 400\">Pabell\u00f3n Venezuela<\/span><\/p>\n<ol>\n<li style=\"font-weight: 400\"><span style=\"font-weight: 400\">Abordaje fonoaudiol\u00f3gico hacia personas migrantes bi\/multiling\u00fces: contradicciones y ausencias desde una perspectiva intercultural &#8211; <\/span><i><span style=\"font-weight: 400\">Christian Pe\u00f1aloza Castillo, Nelson Mu\u00f1oz Lizana &amp; Jenan Mohammad Jim\u00e9nez<\/span><\/i><\/li>\n<li style=\"font-weight: 400\"><span style=\"font-weight: 400\">Dise\u00f1o colaborativo de consignas de taller de escritura para infancias sordas desde un modelo biling\u00fce intercultural &#8211; <\/span><i><span style=\"font-weight: 400\">Roc\u00edo Mart\u00ednez &amp; Alejo Gonz\u00e1lez L\u00f3pez Ledesma<\/span><\/i><\/li>\n<li style=\"font-weight: 400\"><span style=\"font-weight: 400\">(Re)pensar la interpretaci\u00f3n\/traducci\u00f3n en espa\u00f1ol-lengua de se\u00f1as argentina: descolonizar la praxis &#8211; <\/span><i><span style=\"font-weight: 400\">Gabriel Andr\u00e9s Claria &amp; Jazm\u00edn Vieytes<\/span><\/i><\/li>\n<li style=\"font-weight: 400\"><span style=\"font-weight: 400\">Construyendo la interculturalidad en el nivel educativo primario y secundario de la ciudad de C\u00f3rdoba &#8211; <\/span><i><span style=\"font-weight: 400\">Ivana Ordo\u00f1ez &amp; Nathalie Renaudeau<\/span><\/i><\/li>\n<li style=\"font-weight: 400\"><span style=\"font-weight: 400\">Interculturalidad, derechos humanos y discapacidad &#8211; <\/span><i><span style=\"font-weight: 400\">Luciana Magri, Juan Pablo Nieva &amp; Mariela S\u00e1nchez\u00a0<\/span><\/i><\/li>\n<\/ol>\n<p>&nbsp;<\/p>\n","protected":false},"excerpt":{"rendered":"<div class=\"mh-excerpt\"><p>Jos\u00e9 Mar\u00eda Bompadre Juan Druetta Son variados los usos y las perspectivas que se utilizan para dar cuenta de esta noci\u00f3n que en Am\u00e9rica Latina <a class=\"mh-excerpt-more\" href=\"https:\/\/ffyh.unc.edu.ar\/derechoslinguisticos\/ediciones-anteriores\/circulares\/comisiones-de-conversacion\/interculturalidad\/\" title=\"2. Interculturalidad\">[&#8230;]<\/a><\/p>\n<\/div>","protected":false},"author":28,"featured_media":0,"parent":769,"menu_order":2,"comment_status":"closed","ping_status":"closed","template":"","meta":{"_acf_changed":false,"footnotes":""},"class_list":["post-773","page","type-page","status-publish","hentry"],"acf":[],"_links":{"self":[{"href":"https:\/\/ffyh.unc.edu.ar\/derechoslinguisticos\/wp-json\/wp\/v2\/pages\/773","targetHints":{"allow":["GET"]}}],"collection":[{"href":"https:\/\/ffyh.unc.edu.ar\/derechoslinguisticos\/wp-json\/wp\/v2\/pages"}],"about":[{"href":"https:\/\/ffyh.unc.edu.ar\/derechoslinguisticos\/wp-json\/wp\/v2\/types\/page"}],"author":[{"embeddable":true,"href":"https:\/\/ffyh.unc.edu.ar\/derechoslinguisticos\/wp-json\/wp\/v2\/users\/28"}],"replies":[{"embeddable":true,"href":"https:\/\/ffyh.unc.edu.ar\/derechoslinguisticos\/wp-json\/wp\/v2\/comments?post=773"}],"version-history":[{"count":10,"href":"https:\/\/ffyh.unc.edu.ar\/derechoslinguisticos\/wp-json\/wp\/v2\/pages\/773\/revisions"}],"predecessor-version":[{"id":1006,"href":"https:\/\/ffyh.unc.edu.ar\/derechoslinguisticos\/wp-json\/wp\/v2\/pages\/773\/revisions\/1006"}],"up":[{"embeddable":true,"href":"https:\/\/ffyh.unc.edu.ar\/derechoslinguisticos\/wp-json\/wp\/v2\/pages\/769"}],"wp:attachment":[{"href":"https:\/\/ffyh.unc.edu.ar\/derechoslinguisticos\/wp-json\/wp\/v2\/media?parent=773"}],"curies":[{"name":"wp","href":"https:\/\/api.w.org\/{rel}","templated":true}]}}