{"id":794,"date":"2023-10-21T01:40:59","date_gmt":"2023-10-21T01:40:59","guid":{"rendered":"https:\/\/ffyh.unc.edu.ar\/derechoslinguisticos\/?page_id=794"},"modified":"2024-05-20T13:31:32","modified_gmt":"2024-05-20T13:31:32","slug":"las-formas-de-las-lenguas-intervenciones-artisticas-y-culturas-populares","status":"publish","type":"page","link":"https:\/\/ffyh.unc.edu.ar\/derechoslinguisticos\/ediciones-anteriores\/circulares\/comisiones-de-conversacion\/las-formas-de-las-lenguas-intervenciones-artisticas-y-culturas-populares\/","title":{"rendered":"6. Las formas de las lenguas: intervenciones art\u00edsticas y culturas populares"},"content":{"rendered":"<p style=\"text-align: right\">Florencia L\u00f3pez<br \/>\nCecilia Castro<\/p>\n<p>El entrecruce entre intervenciones art\u00edsticas y culturas populares refiere y convoca a un campo multidisciplinario que involucra diversas disciplinas y \u00e1reas de estudio. El campo de los derechos humanos nos ha conducido este \u00faltimo tiempo a considerar la importancia de los derechos ling\u00fc\u00edsticos como parte de los mismos, al ser la lengua constitutiva de las subjetividades y adem\u00e1s a ser el derecho a la pluralidad de las lenguas y las formas que las lenguas puedan adquirir y ser modificadas por las necesidades humanas en pleno ejercicio de sus derechos. Es por esta raz\u00f3n que invitar a reflexionar sobre intervenciones art\u00edsticas y culturas populares atravesadas por los derechos ling\u00fc\u00edsticos nos remite a una trama intersecciones de problem\u00e1ticas de inter\u00e9s de producci\u00f3n y de investigaci\u00f3n.<\/p>\n<p>Convocamos a artistxs, activistxs, docentxs, investigadorxs y estudiantxs a que presenten sus experiencias de militancias\/trabajos de pesquisas acad\u00e9micos\/producciones-investigaciones art\u00edsticas sobre pr\u00e1cticas que trabajen este cruce entre intervenciones art\u00edsticas y culturas populares vinculadas a los derechos humanos y ling\u00fc\u00edsticos en las artes.<\/p>\n<p>Se pueden presentar trabajos art\u00edsticos como: fanzines, performances art\u00edsticas y musicales, libros de poemas, videopoemas, muestra de fotos, audiolibros, arte gr\u00e1fico en diferentes formatos, ensayos de investigaci\u00f3n, trabajos acad\u00e9micos, entre otrxs.<\/p>\n<h2 style=\"text-align: center\"><span style=\"color: #ff00ff\">ACCEDER al LIBRO DE RES\u00daMENES<br \/>\n&lt;<a style=\"color: #ff00ff\" href=\"https:\/\/docs.google.com\/document\/d\/1F2-MdyvXAynE93ylz5YJno1gC-YPZB2zaas30RE6L-M\/edit\">click ac\u00e1<\/a>&gt;<\/span><\/h2>\n<h1><span style=\"color: #ff00ff\">PROGRAMA<\/span><\/h1>\n<h3><b>JUEVES 23 DE MAYO<\/b><\/h3>\n<h3><b>11.00 &#8211; 12.30<\/b><\/h3>\n<p><span style=\"font-weight: 400\">Pabell\u00f3n Venezuela<\/span><\/p>\n<ol>\n<li style=\"font-weight: 400\"><span style=\"font-weight: 400\">Gritan las paredes: marcas culturales e identitarias en los grafitis de Ciudad Universitaria &#8211;<\/span> <i><span style=\"font-weight: 400\">Roc\u00edo Luj\u00e1n Meichtri, Samira Castro &amp; Ana Moyano<\/span><\/i><\/li>\n<li style=\"font-weight: 400\"><span style=\"font-weight: 400\">Redunda lo que falta: investigaciones esc\u00e9nicas y po\u00e9ticas de evaluaci\u00f3n &#8211; <\/span><i><span style=\"font-weight: 400\">Laura Fobbio &amp; Jimena In\u00e9s Garrido<\/span><\/i><\/li>\n<li style=\"font-weight: 400\"><span style=\"font-weight: 400\">Generaci\u00f3n del trap: identidad y pertenencia ling\u00fc\u00edstica en la m\u00fasica urbana &#8211; <\/span><i><span style=\"font-weight: 400\">Maia Diamela Doliri &amp; Laura Agustina Borrego<\/span><\/i><\/li>\n<li style=\"font-weight: 400\"><span style=\"font-weight: 400\">Mercantilizaci\u00f3n del black english en la industria musical: una revisi\u00f3n de la serie Atlanta &#8211; <\/span><i><span style=\"font-weight: 400\">Mar\u00eda Emilia Gorza Ceballos<\/span><\/i><\/li>\n<li style=\"font-weight: 400\"><span style=\"font-weight: 400\">Lengua filosa. Un an\u00e1lisis etnogr\u00e1fico sobre el stand up como espacio de y para la resistencia ling\u00fc\u00edstica &#8211; <\/span><i><span style=\"font-weight: 400\">Cecilia Castro<\/span><\/i><\/li>\n<\/ol>\n","protected":false},"excerpt":{"rendered":"<div class=\"mh-excerpt\"><p>Florencia L\u00f3pez Cecilia Castro El entrecruce entre intervenciones art\u00edsticas y culturas populares refiere y convoca a un campo multidisciplinario que involucra diversas disciplinas y \u00e1reas <a class=\"mh-excerpt-more\" href=\"https:\/\/ffyh.unc.edu.ar\/derechoslinguisticos\/ediciones-anteriores\/circulares\/comisiones-de-conversacion\/las-formas-de-las-lenguas-intervenciones-artisticas-y-culturas-populares\/\" title=\"6. Las formas de las lenguas: intervenciones art\u00edsticas y culturas populares\">[&#8230;]<\/a><\/p>\n<\/div>","protected":false},"author":28,"featured_media":0,"parent":769,"menu_order":7,"comment_status":"closed","ping_status":"closed","template":"","meta":{"_acf_changed":false,"footnotes":""},"class_list":["post-794","page","type-page","status-publish","hentry"],"acf":[],"_links":{"self":[{"href":"https:\/\/ffyh.unc.edu.ar\/derechoslinguisticos\/wp-json\/wp\/v2\/pages\/794","targetHints":{"allow":["GET"]}}],"collection":[{"href":"https:\/\/ffyh.unc.edu.ar\/derechoslinguisticos\/wp-json\/wp\/v2\/pages"}],"about":[{"href":"https:\/\/ffyh.unc.edu.ar\/derechoslinguisticos\/wp-json\/wp\/v2\/types\/page"}],"author":[{"embeddable":true,"href":"https:\/\/ffyh.unc.edu.ar\/derechoslinguisticos\/wp-json\/wp\/v2\/users\/28"}],"replies":[{"embeddable":true,"href":"https:\/\/ffyh.unc.edu.ar\/derechoslinguisticos\/wp-json\/wp\/v2\/comments?post=794"}],"version-history":[{"count":6,"href":"https:\/\/ffyh.unc.edu.ar\/derechoslinguisticos\/wp-json\/wp\/v2\/pages\/794\/revisions"}],"predecessor-version":[{"id":1002,"href":"https:\/\/ffyh.unc.edu.ar\/derechoslinguisticos\/wp-json\/wp\/v2\/pages\/794\/revisions\/1002"}],"up":[{"embeddable":true,"href":"https:\/\/ffyh.unc.edu.ar\/derechoslinguisticos\/wp-json\/wp\/v2\/pages\/769"}],"wp:attachment":[{"href":"https:\/\/ffyh.unc.edu.ar\/derechoslinguisticos\/wp-json\/wp\/v2\/media?parent=794"}],"curies":[{"name":"wp","href":"https:\/\/api.w.org\/{rel}","templated":true}]}}