{"id":796,"date":"2023-10-21T01:42:53","date_gmt":"2023-10-21T01:42:53","guid":{"rendered":"https:\/\/ffyh.unc.edu.ar\/derechoslinguisticos\/?page_id=796"},"modified":"2024-05-20T13:32:06","modified_gmt":"2024-05-20T13:32:06","slug":"educacion-pedagogias-y-estrategias-alternativas","status":"publish","type":"page","link":"https:\/\/ffyh.unc.edu.ar\/derechoslinguisticos\/ediciones-anteriores\/circulares\/comisiones-de-conversacion\/educacion-pedagogias-y-estrategias-alternativas\/","title":{"rendered":"7. Educaci\u00f3n, pedagog\u00edas y estrategias alternativas"},"content":{"rendered":"<p style=\"text-align: right\">Flavia Romero<br \/>\nGabriel Correa<br \/>\nGustavo Gim\u00e9nez<\/p>\n<p>En un contexto sociopol\u00edtico atravesado por la crisis civilizatoria del modelo occidental moderno (colonial) donde se profundizan las violencias, las desigualdades y las injusticias se torna un imperativo interrogar desde ese presente las pedagog\u00edas y las pr\u00e1cticas educativas. La pedagog\u00eda no puede, por cierto, estar inmune a las problem\u00e1ticas de la \u00e9poca (Serra, 2005).<\/p>\n<p>El lenguaje cumple, sin lugar a dudas, un papel central en las experiencias culturales de lxs sujetxs; nos constituimos como tales a partir de la cultura social en la que vivimos y por el lenguaje que hablamos; la cultura se aprende hablando una lengua, y nos hacemos sociales en y por una lengua; el lenguaje est\u00e1 profundamente imbricado en la identidad social y cultural de los sujetos. Los procesos de escolarizaci\u00f3n imprimen una matriz m\u00e1s que relevante en la experiencia social y cultural de los sujetos.<\/p>\n<p>Esta comisi\u00f3n convoca a reflexionar y debatir sobre la significativa trama que articula lo social, el lenguaje y la educaci\u00f3n. Convoca a poner en conversaci\u00f3n aquellas experiencias y reflexiones pedag\u00f3gicas sobre y desde pr\u00e1cticas educativas que expresen tensiones, desaf\u00edos y\/o potencialidades de los derechos ling\u00fc\u00edsticos articulados con experiencias pedag\u00f3gicas y escolares.<\/p>\n<p>Adem\u00e1s, se invita a presentar pr\u00e1cticas y experiencias educativas en torno a los derechos ling\u00fc\u00edsticos y educativos que desaf\u00eden ciertos est\u00e1ndares preestablecidos y hegem\u00f3nicos, y promueven otros modos posibles de habitar los espacios educativos y que quienes lo hacen se constituyan en sujetos de derechos a la lengua, a la educaci\u00f3n y a la cultura.<\/p>\n<h2 style=\"text-align: center\"><span style=\"color: #ff00ff\">ACCEDER al LIBRO DE RES\u00daMENES<br \/>\n&lt;<a style=\"color: #ff00ff\" href=\"https:\/\/docs.google.com\/document\/d\/1tJLFNo43dl7jl7tqekvSTvHUJJei9YmZVzlApwxWQLQ\/edit\">click ac\u00e1<\/a>&gt;<\/span><\/h2>\n<h1><span style=\"color: #ff00ff\">PROGRAMA<\/span><\/h1>\n<h3><b>MARTES 21 DE MAYO<\/b><\/h3>\n<h3><b>Primera parte &#8211; 12.00 &#8211; 14.00\u00a0<\/b><\/h3>\n<p><span style=\"font-weight: 400\">Aula Posgrado de Artes &#8211; Pabell\u00f3n Brujas<\/span><\/p>\n<ol>\n<li style=\"font-weight: 400\"><span style=\"font-weight: 400\">Representaciones socioling\u00fc\u00edsticas sobre variedades del espa\u00f1ol en la traducci\u00f3n de textos latinos y griegos &#8211; <\/span><i><span style=\"font-weight: 400\">Miqueas Gatti<\/span><\/i><\/li>\n<li style=\"font-weight: 400\"><span style=\"font-weight: 400\">Propuestas incluyentes de g\u00e9neros en manuales de lenguaje inclusivo en espa\u00f1ol y portugu\u00e9s: an\u00e1lisis glotopol\u00edtico &#8211; <\/span><i><span style=\"font-weight: 400\">J\u00e9ssyca Camargo da Cruz<\/span><\/i><\/li>\n<li style=\"font-weight: 400\"><span style=\"font-weight: 400\">\u201cLengua disciplinar\u201d: representaciones e ideolog\u00edas ling\u00fc\u00edsticas en la pedagog\u00eda de la lengua &#8211; <\/span><i><span style=\"font-weight: 400\">Brenda Natali Mu\u00f1oz<\/span><\/i><\/li>\n<li style=\"font-weight: 400\"><span style=\"font-weight: 400\">Hagamos las paces: explorando las dimensiones de paz en el aula de lengua<\/span><i><span style=\"font-weight: 400\"> &#8211; Sandra Liliana Rojas Molina<\/span><\/i><\/li>\n<li style=\"font-weight: 400\"><span style=\"font-weight: 400\">Paisaje ling\u00fc\u00edstico y educaci\u00f3n: una experiencia de apropiaci\u00f3n urbana &#8211; <\/span><i><span style=\"font-weight: 400\">Romina Grana<\/span><\/i><\/li>\n<\/ol>\n<h3><b>Segunda parte &#8211; 15.00 &#8211; 16.30<\/b><\/h3>\n<p><span style=\"font-weight: 400\">Aula Posgrado de Artes &#8211; Pabell\u00f3n Brujas<\/span><\/p>\n<ol>\n<li style=\"font-weight: 400\"><span style=\"font-weight: 400\">Universidad, lenguaje inclusivo y odio en redes sociales: Un estudio comparativo entre Argentina y Brasil &#8211; <\/span><i><span style=\"font-weight: 400\">Camila Quargnenti &amp; Laura Alazraki<\/span><\/i><\/li>\n<li style=\"font-weight: 400\"><span style=\"font-weight: 400\">Ideolog\u00edas ling\u00fc\u00edsticas y gesti\u00f3n de la interculturalidad en escuelas de modalidad Intercultural Biling\u00fce de R\u00edo Negro a diez a\u00f1os de la Ley Org\u00e1nica de Educaci\u00f3n &#8211; <\/span><i><span style=\"font-weight: 400\">Andrea Pichilef &amp; Roc\u00edo Andreade<\/span><\/i><\/li>\n<li style=\"font-weight: 400\"><span style=\"font-weight: 400\">Experiencia educativa en escuelas rurales con poblaciones pluriling\u00fces &#8211; <\/span><i><span style=\"font-weight: 400\">Melani Damilano Grivarello &amp; Ignacio Norberto Cassola<\/span><\/i><\/li>\n<li style=\"font-weight: 400\"><span style=\"font-weight: 400\">Variaci\u00f3n ling\u00fc\u00edstica y ense\u00f1anza de la lengua. Propuesta para trabajar en el nivel primario de la provincia de C\u00f3rdoba &#8211; <\/span><i><span style=\"font-weight: 400\">Constanza Clerico, Montserrat Herrera &amp; Florencia Drewniak<\/span><\/i><\/li>\n<li style=\"font-weight: 400\"><span style=\"font-weight: 400\">Creaci\u00f3n de un nuevo dispositivo socioeducativo para las infancias sordas de C\u00f3rdoba &#8211; <\/span><i><span style=\"font-weight: 400\">Daniela Almada &amp; Agust\u00edn Rodr\u00edguez<\/span><\/i><\/li>\n<\/ol>\n<h3><b>MI\u00c9RCOLES 22 DE MAYO<\/b><\/h3>\n<h3><b>Tercera parte &#8211; 9.00 &#8211; 10.30<\/b><\/h3>\n<p><span style=\"font-weight: 400\">Aula Posgrado de Artes &#8211; Pabell\u00f3n Brujas<\/span><\/p>\n<ol>\n<li style=\"font-weight: 400\"><span style=\"font-weight: 400\">La ense\u00f1anza de lenguas ind\u00edgenas en C\u00f3rdoba: entre imaginarios, comunidades e instituciones &#8211; <\/span><i><span style=\"font-weight: 400\">Mat\u00edas Morano<\/span><\/i><\/li>\n<li style=\"font-weight: 400\"><span style=\"font-weight: 400\">Ense\u00f1anza de la lengua a estudiantes con autismo &#8211; <\/span><i><span style=\"font-weight: 400\">Mar\u00eda Laura Grosso<\/span><\/i><\/li>\n<li style=\"font-weight: 400\"><span style=\"font-weight: 400\">Acerca de ideolog\u00edas ling\u00fc\u00edsticas en la educaci\u00f3n de ingl\u00e9s con fines acad\u00e9micos: desafiando nociones hegem\u00f3nicas del lenguaje en el marco de un proyecto de extensi\u00f3n en Brasil &#8211; <\/span><i><span style=\"font-weight: 400\">Gabriel Martins &amp; Thais Sampaio<\/span><\/i><\/li>\n<li style=\"font-weight: 400\"><span style=\"font-weight: 400\">La gram\u00e1tica dentro de la ense\u00f1anza de la Lengua: la paradoja de los tres chanchitos &#8211; <\/span><i><span style=\"font-weight: 400\">Cecilia Defag\u00f3<\/span><\/i><\/li>\n<li style=\"font-weight: 400\"><span style=\"font-weight: 400\">Por una interculturalidad cr\u00edtica en la ense\u00f1anza de franc\u00e9s lengua extranjera (FLE) &#8211; <\/span><i><span style=\"font-weight: 400\">Mabel Aguilar<\/span><\/i><\/li>\n<li style=\"font-weight: 400\"><span style=\"font-weight: 400\">Reflexiones sobre la alfabetizaci\u00f3n y el amor de una abuela como registro de experiencias pedag\u00f3gicas &#8211; <\/span><i><span style=\"font-weight: 400\">Camila Mendoza<\/span><\/i><\/li>\n<\/ol>\n<h3><b>Cuarta parte &#8211; 11.00 &#8211; 12.30<\/b><\/h3>\n<p><span style=\"font-weight: 400\">Aula Posgrado de Artes &#8211; Pabell\u00f3n Brujas<\/span><\/p>\n<ol>\n<li style=\"font-weight: 400\"><span style=\"font-weight: 400\">Dar la palabra, compartir la palabra, construir la palabra: decisiones did\u00e1cticas y experiencias de formaci\u00f3n &#8211; <\/span><i><span style=\"font-weight: 400\">Carolina Subtil, Leticia Colafigli &amp; Agostina Reinaldi<\/span><\/i><\/li>\n<li style=\"font-weight: 400\"><span style=\"font-weight: 400\">Escritura colaborativa: itinerarios digitales en el ingreso a la carrera de Comunicaci\u00f3n Social &#8211; <\/span><i><span style=\"font-weight: 400\">Mauro Orellana, Claudia Rodr\u00edguez, Agostina Reinali &amp; Juan Dahbar<\/span><\/i><\/li>\n<li style=\"font-weight: 400\"><span style=\"font-weight: 400\">Experiencias ling\u00fc\u00edsticas en la formaci\u00f3n docente de principios del siglo XX &#8211; <\/span><i><span style=\"font-weight: 400\">Luc\u00eda Chiodi<\/span><\/i><\/li>\n<li style=\"font-weight: 400\"><span style=\"font-weight: 400\">Dificultades de acceso a la cultura escrita del pa\u00eds y Latinoam\u00e9rica: \u00bfalternativas de superaci\u00f3n? &#8211; <\/span><i><span style=\"font-weight: 400\">Adriana Vulponi<\/span><\/i><span style=\"font-weight: 400\">\u00a0<\/span><\/li>\n<\/ol>\n","protected":false},"excerpt":{"rendered":"<div class=\"mh-excerpt\"><p>Flavia Romero Gabriel Correa Gustavo Gim\u00e9nez En un contexto sociopol\u00edtico atravesado por la crisis civilizatoria del modelo occidental moderno (colonial) donde se profundizan las violencias, <a class=\"mh-excerpt-more\" href=\"https:\/\/ffyh.unc.edu.ar\/derechoslinguisticos\/ediciones-anteriores\/circulares\/comisiones-de-conversacion\/educacion-pedagogias-y-estrategias-alternativas\/\" title=\"7. Educaci\u00f3n, pedagog\u00edas y estrategias alternativas\">[&#8230;]<\/a><\/p>\n<\/div>","protected":false},"author":28,"featured_media":0,"parent":769,"menu_order":8,"comment_status":"closed","ping_status":"closed","template":"","meta":{"_acf_changed":false,"footnotes":""},"class_list":["post-796","page","type-page","status-publish","hentry"],"acf":[],"_links":{"self":[{"href":"https:\/\/ffyh.unc.edu.ar\/derechoslinguisticos\/wp-json\/wp\/v2\/pages\/796","targetHints":{"allow":["GET"]}}],"collection":[{"href":"https:\/\/ffyh.unc.edu.ar\/derechoslinguisticos\/wp-json\/wp\/v2\/pages"}],"about":[{"href":"https:\/\/ffyh.unc.edu.ar\/derechoslinguisticos\/wp-json\/wp\/v2\/types\/page"}],"author":[{"embeddable":true,"href":"https:\/\/ffyh.unc.edu.ar\/derechoslinguisticos\/wp-json\/wp\/v2\/users\/28"}],"replies":[{"embeddable":true,"href":"https:\/\/ffyh.unc.edu.ar\/derechoslinguisticos\/wp-json\/wp\/v2\/comments?post=796"}],"version-history":[{"count":6,"href":"https:\/\/ffyh.unc.edu.ar\/derechoslinguisticos\/wp-json\/wp\/v2\/pages\/796\/revisions"}],"predecessor-version":[{"id":1003,"href":"https:\/\/ffyh.unc.edu.ar\/derechoslinguisticos\/wp-json\/wp\/v2\/pages\/796\/revisions\/1003"}],"up":[{"embeddable":true,"href":"https:\/\/ffyh.unc.edu.ar\/derechoslinguisticos\/wp-json\/wp\/v2\/pages\/769"}],"wp:attachment":[{"href":"https:\/\/ffyh.unc.edu.ar\/derechoslinguisticos\/wp-json\/wp\/v2\/media?parent=796"}],"curies":[{"name":"wp","href":"https:\/\/api.w.org\/{rel}","templated":true}]}}